{"id":368,"date":"2015-03-28T20:54:51","date_gmt":"2015-03-28T20:54:51","guid":{"rendered":"http:\/\/localhost\/alquera\/productos\/producto\/cloruro-de-calcio\/"},"modified":"2026-05-12T14:54:07","modified_gmt":"2026-05-12T14:54:07","slug":"cloruro-de-calcio","status":"publish","type":"product","link":"https:\/\/www.alquera.com\/de\/cloruro-de-calcio\/","title":{"rendered":"Kalziumchlorid"},"content":{"rendered":"<p>Calciumchlorid ist eine chemische, anorganische, mineralische Verbindung. Es ist ein wei\u00dfer, farbloser, stark hygroskopischer Kristall, der stark mit Wasser reagiert und eine exotherme Reaktion hervorruft.  Internationales Datenblatt herunterladen. <a href=\"https:\/\/www.alquera.com\/de\/?attachment_id=33105\" target=\"_blank\" rel=\"attachment noopener wp-att-33105 noreferrer\">ICSC 1184 - CALCIUMCHLORID (WASSERFREI)<\/a><\/p>\n<h2>IDENTIFIZIERUNG UND EIGENSCHAFTEN CALCIUMCHLORID<\/h2>\n<p><strong>Name:<\/strong> Calciumchlorid festes Granulat<br \/>\n<strong>Synonyme:<\/strong> Kalziumchlorid<br \/>\n<strong>CAS:<\/strong> 10043-52-4<br \/>\n<strong>EC:<\/strong> 233-140-8<\/p>\n<ul>\n<li>Aussehen: Fest, Flocken, wei\u00dfes Granulat; die Substanz kann kleine Eisenverunreinigungen enthalten, die dem Endprodukt je nach Oxidationsstufe des Eisens eine leichte F\u00e4rbung verleihen (cremewei\u00df, gelb, rosa).<\/li>\n<li>Geruch: Geruchlos<\/li>\n<li>pH-Wert (H2O-L\u00f6sung von 10%): 7-11<\/li>\n<li>Schmelzpunkt: 782\u00baC<\/li>\n<li>Siedepunkt: &gt;1600\u00baC<\/li>\n<li>Dampfdruck (20\u00baC): Vernachl\u00e4ssigbar<\/li>\n<li>Dichte (20\u00baC): 2,15 g\/cm3<\/li>\n<li>L\u00f6slichkeit in Wasser (20\u00b0C): 745 g\/l<\/li>\n<li>L\u00f6slichkeit in Wasser (100\u00baC): 1590 g\/l<\/li>\n<li>Explosive Eigenschaften: Nicht explosionsgef\u00e4hrlich<\/li>\n<li>Oxidierende Eigenschaften: Nicht brennbar<\/li>\n<\/ul>\n<h2>ANWENDUNGEN<\/h2>\n<ul>\n<li>Entfeuchtung<\/li>\n<li>Enteisung von Stra\u00dfen<\/li>\n<li>Entstaubung<\/li>\n<li>K\u00fchlmedium<\/li>\n<li>Lebensmittelzusatzstoff<\/li>\n<li>Hilft bei \u00d6lbohrungen und in anderen Anwendungsbereichen.<\/li>\n<\/ul>\n<p>&nbsp;<\/p>\n<p>&nbsp;<\/p>\n<p>&nbsp;<\/p>\n<p>&nbsp;<\/p>\n<p>&nbsp;<\/p>\n<p>&nbsp;<\/p>\n<p>&nbsp;<\/p>\n<p>&nbsp;<\/p>\n<p>&nbsp;<\/p>\n<p>&nbsp;<\/p>\n<p>&nbsp;<\/p>\n<p>&nbsp;<\/p>\n<p>&nbsp;<\/p>\n<p>&nbsp;<\/p>","protected":false},"excerpt":{"rendered":"<p>Kaufen Sie Calciumchlorid von 1kg-Packungen bis zu 25kg-S\u00e4cken. Der Preis f\u00fcr die verschiedenen Formate von Calciumchlorid ist ersichtlich, wenn Sie das gew\u00fcnschte Format ausw\u00e4hlen. Die Bestellung erfolgt direkt \u00fcber das Internet nach den angegebenen Schritten und wird innerhalb von 24\/48 Stunden geliefert.<\/p>","protected":false},"featured_media":35828,"comment_status":"open","ping_status":"closed","template":"","meta":{"_acf_changed":false,"site-sidebar-layout":"default","site-content-layout":"default","ast-site-content-layout":"default","site-content-style":"default","site-sidebar-style":"default","ast-global-header-display":"","ast-banner-title-visibility":"","ast-main-header-display":"","ast-hfb-above-header-display":"","ast-hfb-below-header-display":"","ast-hfb-mobile-header-display":"","site-post-title":"","ast-breadcrumbs-content":"","ast-featured-img":"","footer-sml-layout":"","ast-disable-related-posts":"","theme-transparent-header-meta":"default","adv-header-id-meta":"","stick-header-meta":"default","header-above-stick-meta":"","header-main-stick-meta":"","header-below-stick-meta":"","astra-migrate-meta-layouts":"set","ast-page-background-enabled":"default","ast-page-background-meta":{"desktop":{"background-color":"var(--ast-global-color-4)","background-image":"","background-repeat":"repeat","background-position":"center center","background-size":"auto","background-attachment":"scroll","background-type":"","background-media":"","overlay-type":"","overlay-color":"","overlay-opacity":"","overlay-gradient":""},"tablet":{"background-color":"","background-image":"","background-repeat":"repeat","background-position":"center center","background-size":"auto","background-attachment":"scroll","background-type":"","background-media":"","overlay-type":"","overlay-color":"","overlay-opacity":"","overlay-gradient":""},"mobile":{"background-color":"","background-image":"","background-repeat":"repeat","background-position":"center center","background-size":"auto","background-attachment":"scroll","background-type":"","background-media":"","overlay-type":"","overlay-color":"","overlay-opacity":"","overlay-gradient":""}},"ast-content-background-meta":{"desktop":{"background-color":"var(--ast-global-color-5)","background-image":"","background-repeat":"repeat","background-position":"center center","background-size":"auto","background-attachment":"scroll","background-type":"","background-media":"","overlay-type":"","overlay-color":"","overlay-opacity":"","overlay-gradient":""},"tablet":{"background-color":"var(--ast-global-color-5)","background-image":"","background-repeat":"repeat","background-position":"center center","background-size":"auto","background-attachment":"scroll","background-type":"","background-media":"","overlay-type":"","overlay-color":"","overlay-opacity":"","overlay-gradient":""},"mobile":{"background-color":"var(--ast-global-color-5)","background-image":"","background-repeat":"repeat","background-position":"center center","background-size":"auto","background-attachment":"scroll","background-type":"","background-media":"","overlay-type":"","overlay-color":"","overlay-opacity":"","overlay-gradient":""}}},"product_brand":[],"product_cat":[21],"product_tag":[],"class_list":{"0":"post-368","1":"product","2":"type-product","3":"status-publish","4":"has-post-thumbnail","6":"product_cat-productos","7":"pa_cantidad-500g","8":"pa_cantidad-1kg","9":"pa_cantidad-5kg","10":"pa_cantidad-25kg","11":"desktop-align-left","12":"tablet-align-left","13":"mobile-align-left","14":"ast-product-gallery-layout-horizontal-slider","15":"ast-magnify-disabled","16":"ast-product-single-variable","17":"ast-product-tabs-layout-horizontal","18":"ast-qv-on-image","20":"first","21":"instock","22":"taxable","23":"shipping-taxable","24":"purchasable","25":"product-type-variable","26":"has-default-attributes"},"acf":[],"yoast_head":"<!-- This site is optimized with the Yoast SEO Premium plugin v27.1 (Yoast SEO v27.1.1) - https:\/\/yoast.com\/product\/yoast-seo-premium-wordpress\/ -->\n<title>Cloruro de Calcio: Comprar Online - Alquera.com<\/title>\n<meta name=\"description\" content=\"ENV\u00cdOS EN 24\/48H. Comprar Cloruro de Calcio en Alquera. M\u00faltiples usos como deshumificador, sal para bajar temperatura de helado, fraguado.\" \/>\n<meta name=\"robots\" content=\"index, follow, max-snippet:-1, max-image-preview:large, max-video-preview:-1\" \/>\n<link rel=\"canonical\" href=\"https:\/\/www.alquera.com\/de\/cloruro-de-calcio\/\" \/>\n<meta property=\"og:locale\" content=\"de_DE\" \/>\n<meta property=\"og:type\" content=\"article\" \/>\n<meta property=\"og:title\" content=\"Cloruro de Calcio: Comprar Online - Alquera.com\" \/>\n<meta property=\"og:description\" content=\"ENV\u00cdOS EN 24\/48H. Comprar Cloruro de Calcio en Alquera. M\u00faltiples usos como deshumificador, sal para bajar temperatura de helado, fraguado.\" \/>\n<meta property=\"og:url\" content=\"https:\/\/www.alquera.com\/de\/cloruro-de-calcio\/\" \/>\n<meta property=\"og:site_name\" content=\"Alquera.com\" \/>\n<meta property=\"article:publisher\" content=\"https:\/\/www.facebook.com\/alqueraciencia\" \/>\n<meta property=\"article:modified_time\" content=\"2026-05-12T14:54:07+00:00\" \/>\n<meta property=\"og:image\" content=\"https:\/\/www.alquera.com\/wp-content\/uploads\/2015\/03\/CLORURO-DE-CALCIO.png\" \/>\n\t<meta property=\"og:image:width\" content=\"800\" \/>\n\t<meta property=\"og:image:height\" content=\"800\" \/>\n\t<meta property=\"og:image:type\" content=\"image\/png\" \/>\n<meta name=\"twitter:card\" content=\"summary_large_image\" \/>\n<meta name=\"twitter:label1\" content=\"Verf\u00fcgbarkeit\" \/>\n\t<meta name=\"twitter:data1\" content=\"Auf Lager\" \/>\n<script type=\"application\/ld+json\" class=\"yoast-schema-graph\">{\"@context\":\"https:\/\/schema.org\",\"@graph\":[{\"@type\":[\"WebPage\",\"ItemPage\"],\"@id\":\"https:\/\/www.alquera.com\/cloruro-de-calcio\/\",\"url\":\"https:\/\/www.alquera.com\/cloruro-de-calcio\/\",\"name\":\"Cloruro de Calcio: Comprar Online - Alquera.com\",\"isPartOf\":{\"@id\":\"https:\/\/www.alquera.com\/en\/#website\"},\"primaryImageOfPage\":{\"@id\":\"https:\/\/www.alquera.com\/cloruro-de-calcio\/#primaryimage\"},\"image\":{\"@id\":\"https:\/\/www.alquera.com\/cloruro-de-calcio\/#primaryimage\"},\"thumbnailUrl\":\"https:\/\/www.alquera.com\/wp-content\/uploads\/2015\/03\/CLORURO-DE-CALCIO.png\",\"datePublished\":\"2015-03-28T20:54:51+00:00\",\"dateModified\":\"2026-05-12T14:54:07+00:00\",\"description\":\"ENV\u00cdOS EN 24\/48H. Comprar Cloruro de Calcio en Alquera. M\u00faltiples usos como deshumificador, sal para bajar temperatura de helado, fraguado.\",\"breadcrumb\":{\"@id\":\"https:\/\/www.alquera.com\/cloruro-de-calcio\/#breadcrumb\"},\"inLanguage\":\"de\",\"potentialAction\":[{\"@type\":\"ReadAction\",\"target\":[\"https:\/\/www.alquera.com\/cloruro-de-calcio\/\"]}]},{\"@type\":\"ImageObject\",\"inLanguage\":\"de\",\"@id\":\"https:\/\/www.alquera.com\/cloruro-de-calcio\/#primaryimage\",\"url\":\"https:\/\/www.alquera.com\/wp-content\/uploads\/2015\/03\/CLORURO-DE-CALCIO.png\",\"contentUrl\":\"https:\/\/www.alquera.com\/wp-content\/uploads\/2015\/03\/CLORURO-DE-CALCIO.png\",\"width\":800,\"height\":800,\"caption\":\"CLORURO DE CALCIO\"},{\"@type\":\"BreadcrumbList\",\"@id\":\"https:\/\/www.alquera.com\/cloruro-de-calcio\/#breadcrumb\",\"itemListElement\":[{\"@type\":\"ListItem\",\"position\":1,\"name\":\"Inicio\",\"item\":\"https:\/\/www.alquera.com\/\"},{\"@type\":\"ListItem\",\"position\":2,\"name\":\"Alquera.com: Tienda Online de Productos Qu\u00edmicos y Material de Laboratorio\",\"item\":\"https:\/\/www.alquera.com\/en\/tienda\/\"},{\"@type\":\"ListItem\",\"position\":3,\"name\":\"Cloruro de Calcio\"}]},{\"@type\":\"WebSite\",\"@id\":\"https:\/\/www.alquera.com\/en\/#website\",\"url\":\"https:\/\/www.alquera.com\/en\/\",\"name\":\"Alquera.com\",\"description\":\"Tienda Online Productos Qu\u00edmicos y Material de Laboratorio\",\"publisher\":{\"@id\":\"https:\/\/www.alquera.com\/en\/#organization\"},\"potentialAction\":[{\"@type\":\"SearchAction\",\"target\":{\"@type\":\"EntryPoint\",\"urlTemplate\":\"https:\/\/www.alquera.com\/en\/?s={search_term_string}\"},\"query-input\":{\"@type\":\"PropertyValueSpecification\",\"valueRequired\":true,\"valueName\":\"search_term_string\"}}],\"inLanguage\":\"de\"},{\"@type\":\"Organization\",\"@id\":\"https:\/\/www.alquera.com\/en\/#organization\",\"name\":\"ALQUERA CIENCIA SL\",\"url\":\"https:\/\/www.alquera.com\/en\/\",\"logo\":{\"@type\":\"ImageObject\",\"inLanguage\":\"de\",\"@id\":\"https:\/\/www.alquera.com\/en\/#\/schema\/logo\/image\/\",\"url\":\"https:\/\/www.alquera.com\/wp-content\/uploads\/2020\/11\/logo_300_ancho.png\",\"contentUrl\":\"https:\/\/www.alquera.com\/wp-content\/uploads\/2020\/11\/logo_300_ancho.png\",\"width\":300,\"height\":86,\"caption\":\"ALQUERA CIENCIA SL\"},\"image\":{\"@id\":\"https:\/\/www.alquera.com\/en\/#\/schema\/logo\/image\/\"},\"sameAs\":[\"https:\/\/www.facebook.com\/alqueraciencia\",\"https:\/\/www.instagram.com\/alquera_ciencia\/\",\"https:\/\/www.youtube.com\/c\/alquera\"]}]}<\/script>\n<meta property=\"og:availability\" content=\"instock\" \/>\n<meta property=\"product:availability\" content=\"instock\" \/>\n<meta property=\"product:retailer_item_id\" content=\"AL10005500\" \/>\n<meta property=\"product:condition\" content=\"new\" \/>\n<!-- \/ Yoast SEO Premium plugin. -->","yoast_head_json":{"title":"Calciumchlorid: Online kaufen - Alquera.com","description":"24\/48H LIEFERUNG. Calciumchlorid in Alquera kaufen. Vielfache Verwendung als Entfeuchter, Salz zur Senkung der Temperatur von Speiseeis, Einstellung.","robots":{"index":"index","follow":"follow","max-snippet":"max-snippet:-1","max-image-preview":"max-image-preview:large","max-video-preview":"max-video-preview:-1"},"canonical":"https:\/\/www.alquera.com\/de\/cloruro-de-calcio\/","og_locale":"de_DE","og_type":"article","og_title":"Cloruro de Calcio: Comprar Online - Alquera.com","og_description":"ENV\u00cdOS EN 24\/48H. Comprar Cloruro de Calcio en Alquera. M\u00faltiples usos como deshumificador, sal para bajar temperatura de helado, fraguado.","og_url":"https:\/\/www.alquera.com\/de\/cloruro-de-calcio\/","og_site_name":"Alquera.com","article_publisher":"https:\/\/www.facebook.com\/alqueraciencia","article_modified_time":"2026-05-12T14:54:07+00:00","og_image":[{"width":800,"height":800,"url":"https:\/\/www.alquera.com\/wp-content\/uploads\/2015\/03\/CLORURO-DE-CALCIO.png","type":"image\/png"}],"twitter_card":"summary_large_image","twitter_misc":{"Verf\u00fcgbarkeit":"Auf Lager"},"schema":{"@context":"https:\/\/schema.org","@graph":[{"@type":["WebPage","ItemPage"],"@id":"https:\/\/www.alquera.com\/cloruro-de-calcio\/","url":"https:\/\/www.alquera.com\/cloruro-de-calcio\/","name":"Calciumchlorid: Online kaufen - Alquera.com","isPartOf":{"@id":"https:\/\/www.alquera.com\/en\/#website"},"primaryImageOfPage":{"@id":"https:\/\/www.alquera.com\/cloruro-de-calcio\/#primaryimage"},"image":{"@id":"https:\/\/www.alquera.com\/cloruro-de-calcio\/#primaryimage"},"thumbnailUrl":"https:\/\/www.alquera.com\/wp-content\/uploads\/2015\/03\/CLORURO-DE-CALCIO.png","datePublished":"2015-03-28T20:54:51+00:00","dateModified":"2026-05-12T14:54:07+00:00","description":"24\/48H LIEFERUNG. Calciumchlorid in Alquera kaufen. Vielfache Verwendung als Entfeuchter, Salz zur Senkung der Temperatur von Speiseeis, Einstellung.","breadcrumb":{"@id":"https:\/\/www.alquera.com\/cloruro-de-calcio\/#breadcrumb"},"inLanguage":"de","potentialAction":[{"@type":"ReadAction","target":["https:\/\/www.alquera.com\/cloruro-de-calcio\/"]}]},{"@type":"ImageObject","inLanguage":"de","@id":"https:\/\/www.alquera.com\/cloruro-de-calcio\/#primaryimage","url":"https:\/\/www.alquera.com\/wp-content\/uploads\/2015\/03\/CLORURO-DE-CALCIO.png","contentUrl":"https:\/\/www.alquera.com\/wp-content\/uploads\/2015\/03\/CLORURO-DE-CALCIO.png","width":800,"height":800,"caption":"CLORURO DE CALCIO"},{"@type":"BreadcrumbList","@id":"https:\/\/www.alquera.com\/cloruro-de-calcio\/#breadcrumb","itemListElement":[{"@type":"ListItem","position":1,"name":"Inicio","item":"https:\/\/www.alquera.com\/"},{"@type":"ListItem","position":2,"name":"Alquera.com: Tienda Online de Productos Qu\u00edmicos y Material de Laboratorio","item":"https:\/\/www.alquera.com\/en\/tienda\/"},{"@type":"ListItem","position":3,"name":"Cloruro de Calcio"}]},{"@type":"WebSite","@id":"https:\/\/www.alquera.com\/en\/#website","url":"https:\/\/www.alquera.com\/en\/","name":"Alquera.com","description":"Online Shop Chemische Produkte und Laborger\u00e4te","publisher":{"@id":"https:\/\/www.alquera.com\/en\/#organization"},"potentialAction":[{"@type":"SearchAction","target":{"@type":"EntryPoint","urlTemplate":"https:\/\/www.alquera.com\/en\/?s={search_term_string}"},"query-input":{"@type":"PropertyValueSpecification","valueRequired":true,"valueName":"search_term_string"}}],"inLanguage":"de"},{"@type":"Organization","@id":"https:\/\/www.alquera.com\/en\/#organization","name":"ALQUERA CIENCIA SL","url":"https:\/\/www.alquera.com\/en\/","logo":{"@type":"ImageObject","inLanguage":"de","@id":"https:\/\/www.alquera.com\/en\/#\/schema\/logo\/image\/","url":"https:\/\/www.alquera.com\/wp-content\/uploads\/2020\/11\/logo_300_ancho.png","contentUrl":"https:\/\/www.alquera.com\/wp-content\/uploads\/2020\/11\/logo_300_ancho.png","width":300,"height":86,"caption":"ALQUERA CIENCIA SL"},"image":{"@id":"https:\/\/www.alquera.com\/en\/#\/schema\/logo\/image\/"},"sameAs":["https:\/\/www.facebook.com\/alqueraciencia","https:\/\/www.instagram.com\/alquera_ciencia\/","https:\/\/www.youtube.com\/c\/alquera"]}]},"og_availability":"instock","product_availability":"instock","product_retailer_item_id":"AL10005500","product_condition":"new"},"_links":{"self":[{"href":"https:\/\/www.alquera.com\/de\/wp-json\/wp\/v2\/product\/368","targetHints":{"allow":["GET"]}}],"collection":[{"href":"https:\/\/www.alquera.com\/de\/wp-json\/wp\/v2\/product"}],"about":[{"href":"https:\/\/www.alquera.com\/de\/wp-json\/wp\/v2\/types\/product"}],"replies":[{"embeddable":true,"href":"https:\/\/www.alquera.com\/de\/wp-json\/wp\/v2\/comments?post=368"}],"wp:featuredmedia":[{"embeddable":true,"href":"https:\/\/www.alquera.com\/de\/wp-json\/wp\/v2\/media\/35828"}],"wp:attachment":[{"href":"https:\/\/www.alquera.com\/de\/wp-json\/wp\/v2\/media?parent=368"}],"wp:term":[{"taxonomy":"product_brand","embeddable":true,"href":"https:\/\/www.alquera.com\/de\/wp-json\/wp\/v2\/product_brand?post=368"},{"taxonomy":"product_cat","embeddable":true,"href":"https:\/\/www.alquera.com\/de\/wp-json\/wp\/v2\/product_cat?post=368"},{"taxonomy":"product_tag","embeddable":true,"href":"https:\/\/www.alquera.com\/de\/wp-json\/wp\/v2\/product_tag?post=368"}],"curies":[{"name":"wp","href":"https:\/\/api.w.org\/{rel}","templated":true}]}}