{"id":36815,"date":"2022-02-07T12:43:03","date_gmt":"2022-02-07T12:43:03","guid":{"rendered":"https:\/\/www.alquera.com\/?post_type=product&#038;p=36815"},"modified":"2026-03-26T12:39:20","modified_gmt":"2026-03-26T12:39:20","slug":"matraz-aforado","status":"publish","type":"product","link":"https:\/\/www.alquera.com\/de\/matraz-aforado\/","title":{"rendered":"Matraz Aforado con Tap\u00f3n de Pl\u00e1stico &#8211; 2 UDS"},"content":{"rendered":"<p>Hergestellt aus hochwertigem Borosilikatglas 3.3. Entworfen nach ISO 1042, DIN 12664 und kalibriert \"to contain\" (TC, In). Jede Flasche hat ihre Chargennummer auf dem Glas aufgedruckt.<\/p>\n<h2>WERKSTOFF BOROSILIKAT 3.3<\/h2>\n<p>Borosilikatglas 3.3 ist ein Glas mit minimalem Kiesels\u00e4uregehalt. Es ist praktisch frei von Magnesium, Kalk und Zink und<br \/>\nenth\u00e4lt nur Spuren von Schwermetallen.<br \/>\n<strong>Chemische Zusammensetzung:<\/strong><br \/>\n81%, bezogen auf das Gewicht von SiO213,<br \/>\n0% in Gewichtsprozent von B2O3<br \/>\n4% in Na2O (Gewicht)<br \/>\nThermische Eigenschaften:<br \/>\nKoeffizient der linearen Ausdehnung: 32,5 x10-7 \u00ba C<br \/>\nMaximale Arbeitstemperatur : 515 \u00ba C<br \/>\nGl\u00fchtemperatur: 565 \u00ba C<br \/>\nErweichungstemperatur: 820 \u00ba C<br \/>\nSpezifische W\u00e4rme: 0,2 W\u00e4rmeleitf\u00e4higkeit (cal\/cm3 \/ \u00ba C \/ sec): 0,0027<br \/>\nChemische Best\u00e4ndigkeit: Dieses Glas ist sehr best\u00e4ndig gegen Wasser, neutrale und saure L\u00f6sungen, konzentrierte S\u00e4uren und<br \/>\nderen Mischungen sowie auf Chlorid, Brom, Jod und organische L\u00f6sungsmittel. Auch bei l\u00e4ngerer Exposition<br \/>\nund bei Temperaturen \u00fcber 100\u00b0C \u00fcbertrifft seine chemische Best\u00e4ndigkeit die der meisten Metalle und anderer Materialien.<br \/>\nEs h\u00e4lt wiederholter Trocken- und Nasssterilisation stand, ohne dass sich die Oberfl\u00e4che verschlechtert und dadurch<br \/>\nKontamination. Widerstandsf\u00e4hig gegen verschiedene Chemikalien. Nur Fluorwasserstoffs\u00e4ure, sehr starke Phosphors\u00e4ure und<br \/>\nhei\u00dfe und alkalische L\u00f6sungen greifen mit zunehmender Konzentration und Temperatur die Oberfl\u00e4che mehr und mehr an<br \/>\nGlas<\/p>","protected":false},"excerpt":{"rendered":"<p>Borosilikatglaskolben 3.3. mit Kunststoffstopfen kaufen. In verschiedenen Gr\u00f6\u00dfen, 100ml, 250ml und 500ml. Die Bestellung erfolgt direkt \u00fcber das Internet, indem Sie den angegebenen Schritten folgen. Den Preis der Messkolben sehen Sie bei der Auswahl des Formats\/der Menge der Messkolben. Lieferung in 24\/48h.<\/p>","protected":false},"featured_media":57421,"comment_status":"open","ping_status":"closed","template":"","meta":{"_acf_changed":false,"site-sidebar-layout":"default","site-content-layout":"default","ast-site-content-layout":"default","site-content-style":"default","site-sidebar-style":"default","ast-global-header-display":"","ast-banner-title-visibility":"","ast-main-header-display":"","ast-hfb-above-header-display":"","ast-hfb-below-header-display":"","ast-hfb-mobile-header-display":"","site-post-title":"","ast-breadcrumbs-content":"","ast-featured-img":"","footer-sml-layout":"","ast-disable-related-posts":"","theme-transparent-header-meta":"default","adv-header-id-meta":"","stick-header-meta":"default","header-above-stick-meta":"","header-main-stick-meta":"","header-below-stick-meta":"","astra-migrate-meta-layouts":"set","ast-page-background-enabled":"default","ast-page-background-meta":{"desktop":{"background-color":"var(--ast-global-color-4)","background-image":"","background-repeat":"repeat","background-position":"center center","background-size":"auto","background-attachment":"scroll","background-type":"","background-media":"","overlay-type":"","overlay-color":"","overlay-opacity":"","overlay-gradient":""},"tablet":{"background-color":"","background-image":"","background-repeat":"repeat","background-position":"center center","background-size":"auto","background-attachment":"scroll","background-type":"","background-media":"","overlay-type":"","overlay-color":"","overlay-opacity":"","overlay-gradient":""},"mobile":{"background-color":"","background-image":"","background-repeat":"repeat","background-position":"center center","background-size":"auto","background-attachment":"scroll","background-type":"","background-media":"","overlay-type":"","overlay-color":"","overlay-opacity":"","overlay-gradient":""}},"ast-content-background-meta":{"desktop":{"background-color":"var(--ast-global-color-5)","background-image":"","background-repeat":"repeat","background-position":"center center","background-size":"auto","background-attachment":"scroll","background-type":"","background-media":"","overlay-type":"","overlay-color":"","overlay-opacity":"","overlay-gradient":""},"tablet":{"background-color":"var(--ast-global-color-5)","background-image":"","background-repeat":"repeat","background-position":"center center","background-size":"auto","background-attachment":"scroll","background-type":"","background-media":"","overlay-type":"","overlay-color":"","overlay-opacity":"","overlay-gradient":""},"mobile":{"background-color":"var(--ast-global-color-5)","background-image":"","background-repeat":"repeat","background-position":"center center","background-size":"auto","background-attachment":"scroll","background-type":"","background-media":"","overlay-type":"","overlay-color":"","overlay-opacity":"","overlay-gradient":""}}},"product_brand":[],"product_cat":[21,26],"product_tag":[],"class_list":{"0":"post-36815","1":"product","2":"type-product","3":"status-publish","4":"has-post-thumbnail","6":"product_cat-productos","7":"product_cat-material-de-laboratorio","8":"pa_cantidad-2uds","9":"pa_unidades-100ml","10":"pa_unidades-250ml","11":"pa_unidades-500ml","12":"desktop-align-left","13":"tablet-align-left","14":"mobile-align-left","15":"ast-product-gallery-layout-horizontal-slider","16":"ast-product-gallery-with-no-image","17":"ast-magnify-disabled","18":"ast-product-single-variable","19":"ast-product-tabs-layout-horizontal","20":"ast-qv-on-image","22":"first","23":"instock","24":"taxable","25":"shipping-taxable","26":"purchasable","27":"product-type-variable","28":"has-default-attributes"},"acf":[],"yoast_head":"<!-- This site is optimized with the Yoast SEO Premium plugin v27.1 (Yoast SEO v27.1.1) - https:\/\/yoast.com\/product\/yoast-seo-premium-wordpress\/ -->\n<title>Matraz Aforado: Comprar Online - Alquera.com<\/title>\n<meta name=\"description\" content=\"ENV\u00cdOS EN 24\/48H. Comprar Matraz Aforado en Alquera. Medir vol\u00famenes con Aforado. Pack de 2 unidades, con tap\u00f3n de pl\u00e1stico, en medidas de 100ml, 250ml y 500ml\" \/>\n<meta name=\"robots\" content=\"index, follow, max-snippet:-1, max-image-preview:large, max-video-preview:-1\" \/>\n<link rel=\"canonical\" href=\"https:\/\/www.alquera.com\/de\/matraz-aforado\/\" \/>\n<meta property=\"og:locale\" content=\"de_DE\" \/>\n<meta property=\"og:type\" content=\"article\" \/>\n<meta property=\"og:title\" content=\"Matraz Aforado con Tap\u00f3n de Pl\u00e1stico - 2 UDS: Comprar Online - Alquera.com\" \/>\n<meta property=\"og:description\" content=\"ENV\u00cdOS EN 24\/48H. Comprar Matraz Aforado en Alquera. Medir vol\u00famenes con Aforado. Pack de 2 unidades, con tap\u00f3n de pl\u00e1stico, en medidas de 100ml, 250ml y 500ml\" \/>\n<meta property=\"og:url\" content=\"https:\/\/www.alquera.com\/de\/matraz-aforado\/\" \/>\n<meta property=\"og:site_name\" content=\"Alquera.com\" \/>\n<meta property=\"article:publisher\" content=\"https:\/\/www.facebook.com\/alqueraciencia\" \/>\n<meta property=\"article:modified_time\" content=\"2026-03-26T12:39:20+00:00\" \/>\n<meta property=\"og:image\" content=\"https:\/\/www.alquera.com\/wp-content\/uploads\/2022\/02\/Matraz-Aforado.png\" \/>\n\t<meta property=\"og:image:width\" content=\"600\" \/>\n\t<meta property=\"og:image:height\" content=\"600\" \/>\n\t<meta property=\"og:image:type\" content=\"image\/png\" \/>\n<meta name=\"twitter:card\" content=\"summary_large_image\" \/>\n<meta name=\"twitter:label1\" content=\"Verf\u00fcgbarkeit\" \/>\n\t<meta name=\"twitter:data1\" content=\"Auf Lager\" \/>\n<script type=\"application\/ld+json\" class=\"yoast-schema-graph\">{\"@context\":\"https:\/\/schema.org\",\"@graph\":[{\"@type\":[\"WebPage\",\"ItemPage\"],\"@id\":\"https:\/\/www.alquera.com\/matraz-aforado\/\",\"url\":\"https:\/\/www.alquera.com\/matraz-aforado\/\",\"name\":\"Matraz Aforado: Comprar Online - Alquera.com\",\"isPartOf\":{\"@id\":\"https:\/\/www.alquera.com\/en\/#website\"},\"primaryImageOfPage\":{\"@id\":\"https:\/\/www.alquera.com\/matraz-aforado\/#primaryimage\"},\"image\":{\"@id\":\"https:\/\/www.alquera.com\/matraz-aforado\/#primaryimage\"},\"thumbnailUrl\":\"https:\/\/www.alquera.com\/wp-content\/uploads\/2022\/02\/Matraz-Aforado.png\",\"datePublished\":\"2022-02-07T12:43:03+00:00\",\"dateModified\":\"2026-03-26T12:39:20+00:00\",\"description\":\"ENV\u00cdOS EN 24\/48H. Comprar Matraz Aforado en Alquera. Medir vol\u00famenes con Aforado. Pack de 2 unidades, con tap\u00f3n de pl\u00e1stico, en medidas de 100ml, 250ml y 500ml\",\"breadcrumb\":{\"@id\":\"https:\/\/www.alquera.com\/matraz-aforado\/#breadcrumb\"},\"inLanguage\":\"de\",\"potentialAction\":[{\"@type\":\"ReadAction\",\"target\":[\"https:\/\/www.alquera.com\/matraz-aforado\/\"]}]},{\"@type\":\"ImageObject\",\"inLanguage\":\"de\",\"@id\":\"https:\/\/www.alquera.com\/matraz-aforado\/#primaryimage\",\"url\":\"https:\/\/www.alquera.com\/wp-content\/uploads\/2022\/02\/Matraz-Aforado.png\",\"contentUrl\":\"https:\/\/www.alquera.com\/wp-content\/uploads\/2022\/02\/Matraz-Aforado.png\",\"width\":600,\"height\":600,\"caption\":\"Matraz Aforado\"},{\"@type\":\"BreadcrumbList\",\"@id\":\"https:\/\/www.alquera.com\/matraz-aforado\/#breadcrumb\",\"itemListElement\":[{\"@type\":\"ListItem\",\"position\":1,\"name\":\"Inicio\",\"item\":\"https:\/\/www.alquera.com\/\"},{\"@type\":\"ListItem\",\"position\":2,\"name\":\"Alquera.com: Tienda Online de Productos Qu\u00edmicos y Material de Laboratorio\",\"item\":\"https:\/\/www.alquera.com\/en\/tienda\/\"},{\"@type\":\"ListItem\",\"position\":3,\"name\":\"Matraz Aforado con Tap\u00f3n de Pl\u00e1stico &#8211; 2 UDS\"}]},{\"@type\":\"WebSite\",\"@id\":\"https:\/\/www.alquera.com\/en\/#website\",\"url\":\"https:\/\/www.alquera.com\/en\/\",\"name\":\"Alquera.com\",\"description\":\"Tienda Online Productos Qu\u00edmicos y Material de Laboratorio\",\"publisher\":{\"@id\":\"https:\/\/www.alquera.com\/en\/#organization\"},\"potentialAction\":[{\"@type\":\"SearchAction\",\"target\":{\"@type\":\"EntryPoint\",\"urlTemplate\":\"https:\/\/www.alquera.com\/en\/?s={search_term_string}\"},\"query-input\":{\"@type\":\"PropertyValueSpecification\",\"valueRequired\":true,\"valueName\":\"search_term_string\"}}],\"inLanguage\":\"de\"},{\"@type\":\"Organization\",\"@id\":\"https:\/\/www.alquera.com\/en\/#organization\",\"name\":\"ALQUERA CIENCIA SL\",\"url\":\"https:\/\/www.alquera.com\/en\/\",\"logo\":{\"@type\":\"ImageObject\",\"inLanguage\":\"de\",\"@id\":\"https:\/\/www.alquera.com\/en\/#\/schema\/logo\/image\/\",\"url\":\"https:\/\/www.alquera.com\/wp-content\/uploads\/2020\/11\/logo_300_ancho.png\",\"contentUrl\":\"https:\/\/www.alquera.com\/wp-content\/uploads\/2020\/11\/logo_300_ancho.png\",\"width\":300,\"height\":86,\"caption\":\"ALQUERA CIENCIA SL\"},\"image\":{\"@id\":\"https:\/\/www.alquera.com\/en\/#\/schema\/logo\/image\/\"},\"sameAs\":[\"https:\/\/www.facebook.com\/alqueraciencia\",\"https:\/\/www.instagram.com\/alquera_ciencia\/\",\"https:\/\/www.youtube.com\/c\/alquera\"]}]}<\/script>\n<meta property=\"og:availability\" content=\"instock\" \/>\n<meta property=\"product:availability\" content=\"instock\" \/>\n<meta property=\"product:condition\" content=\"new\" \/>\n<!-- \/ Yoast SEO Premium plugin. -->","yoast_head_json":{"title":"Messkolben: Online kaufen - Alquera.com","description":"ENV\u00cdOS EN 24\/48H. Comprar Matraz Aforado en Alquera. Medir vol\u00famenes con Aforado. Pack de 2 unidades, con tap\u00f3n de pl\u00e1stico, en medidas de 100ml, 250ml y 500ml","robots":{"index":"index","follow":"follow","max-snippet":"max-snippet:-1","max-image-preview":"max-image-preview:large","max-video-preview":"max-video-preview:-1"},"canonical":"https:\/\/www.alquera.com\/de\/matraz-aforado\/","og_locale":"de_DE","og_type":"article","og_title":"Matraz Aforado con Tap\u00f3n de Pl\u00e1stico - 2 UDS: Comprar Online - Alquera.com","og_description":"ENV\u00cdOS EN 24\/48H. Comprar Matraz Aforado en Alquera. Medir vol\u00famenes con Aforado. Pack de 2 unidades, con tap\u00f3n de pl\u00e1stico, en medidas de 100ml, 250ml y 500ml","og_url":"https:\/\/www.alquera.com\/de\/matraz-aforado\/","og_site_name":"Alquera.com","article_publisher":"https:\/\/www.facebook.com\/alqueraciencia","article_modified_time":"2026-03-26T12:39:20+00:00","og_image":[{"width":600,"height":600,"url":"https:\/\/www.alquera.com\/wp-content\/uploads\/2022\/02\/Matraz-Aforado.png","type":"image\/png"}],"twitter_card":"summary_large_image","twitter_misc":{"Verf\u00fcgbarkeit":"Auf Lager"},"schema":{"@context":"https:\/\/schema.org","@graph":[{"@type":["WebPage","ItemPage"],"@id":"https:\/\/www.alquera.com\/matraz-aforado\/","url":"https:\/\/www.alquera.com\/matraz-aforado\/","name":"Messkolben: Online kaufen - Alquera.com","isPartOf":{"@id":"https:\/\/www.alquera.com\/en\/#website"},"primaryImageOfPage":{"@id":"https:\/\/www.alquera.com\/matraz-aforado\/#primaryimage"},"image":{"@id":"https:\/\/www.alquera.com\/matraz-aforado\/#primaryimage"},"thumbnailUrl":"https:\/\/www.alquera.com\/wp-content\/uploads\/2022\/02\/Matraz-Aforado.png","datePublished":"2022-02-07T12:43:03+00:00","dateModified":"2026-03-26T12:39:20+00:00","description":"ENV\u00cdOS EN 24\/48H. Comprar Matraz Aforado en Alquera. Medir vol\u00famenes con Aforado. Pack de 2 unidades, con tap\u00f3n de pl\u00e1stico, en medidas de 100ml, 250ml y 500ml","breadcrumb":{"@id":"https:\/\/www.alquera.com\/matraz-aforado\/#breadcrumb"},"inLanguage":"de","potentialAction":[{"@type":"ReadAction","target":["https:\/\/www.alquera.com\/matraz-aforado\/"]}]},{"@type":"ImageObject","inLanguage":"de","@id":"https:\/\/www.alquera.com\/matraz-aforado\/#primaryimage","url":"https:\/\/www.alquera.com\/wp-content\/uploads\/2022\/02\/Matraz-Aforado.png","contentUrl":"https:\/\/www.alquera.com\/wp-content\/uploads\/2022\/02\/Matraz-Aforado.png","width":600,"height":600,"caption":"Matraz Aforado"},{"@type":"BreadcrumbList","@id":"https:\/\/www.alquera.com\/matraz-aforado\/#breadcrumb","itemListElement":[{"@type":"ListItem","position":1,"name":"Inicio","item":"https:\/\/www.alquera.com\/"},{"@type":"ListItem","position":2,"name":"Alquera.com: Tienda Online de Productos Qu\u00edmicos y Material de Laboratorio","item":"https:\/\/www.alquera.com\/en\/tienda\/"},{"@type":"ListItem","position":3,"name":"Matraz Aforado con Tap\u00f3n de Pl\u00e1stico &#8211; 2 UDS"}]},{"@type":"WebSite","@id":"https:\/\/www.alquera.com\/en\/#website","url":"https:\/\/www.alquera.com\/en\/","name":"Alquera.com","description":"Online Shop Chemische Produkte und Laborger\u00e4te","publisher":{"@id":"https:\/\/www.alquera.com\/en\/#organization"},"potentialAction":[{"@type":"SearchAction","target":{"@type":"EntryPoint","urlTemplate":"https:\/\/www.alquera.com\/en\/?s={search_term_string}"},"query-input":{"@type":"PropertyValueSpecification","valueRequired":true,"valueName":"search_term_string"}}],"inLanguage":"de"},{"@type":"Organization","@id":"https:\/\/www.alquera.com\/en\/#organization","name":"ALQUERA CIENCIA SL","url":"https:\/\/www.alquera.com\/en\/","logo":{"@type":"ImageObject","inLanguage":"de","@id":"https:\/\/www.alquera.com\/en\/#\/schema\/logo\/image\/","url":"https:\/\/www.alquera.com\/wp-content\/uploads\/2020\/11\/logo_300_ancho.png","contentUrl":"https:\/\/www.alquera.com\/wp-content\/uploads\/2020\/11\/logo_300_ancho.png","width":300,"height":86,"caption":"ALQUERA CIENCIA SL"},"image":{"@id":"https:\/\/www.alquera.com\/en\/#\/schema\/logo\/image\/"},"sameAs":["https:\/\/www.facebook.com\/alqueraciencia","https:\/\/www.instagram.com\/alquera_ciencia\/","https:\/\/www.youtube.com\/c\/alquera"]}]},"og_availability":"instock","product_availability":"instock","product_condition":"new"},"_links":{"self":[{"href":"https:\/\/www.alquera.com\/de\/wp-json\/wp\/v2\/product\/36815","targetHints":{"allow":["GET"]}}],"collection":[{"href":"https:\/\/www.alquera.com\/de\/wp-json\/wp\/v2\/product"}],"about":[{"href":"https:\/\/www.alquera.com\/de\/wp-json\/wp\/v2\/types\/product"}],"replies":[{"embeddable":true,"href":"https:\/\/www.alquera.com\/de\/wp-json\/wp\/v2\/comments?post=36815"}],"wp:featuredmedia":[{"embeddable":true,"href":"https:\/\/www.alquera.com\/de\/wp-json\/wp\/v2\/media\/57421"}],"wp:attachment":[{"href":"https:\/\/www.alquera.com\/de\/wp-json\/wp\/v2\/media?parent=36815"}],"wp:term":[{"taxonomy":"product_brand","embeddable":true,"href":"https:\/\/www.alquera.com\/de\/wp-json\/wp\/v2\/product_brand?post=36815"},{"taxonomy":"product_cat","embeddable":true,"href":"https:\/\/www.alquera.com\/de\/wp-json\/wp\/v2\/product_cat?post=36815"},{"taxonomy":"product_tag","embeddable":true,"href":"https:\/\/www.alquera.com\/de\/wp-json\/wp\/v2\/product_tag?post=36815"}],"curies":[{"name":"wp","href":"https:\/\/api.w.org\/{rel}","templated":true}]}}