{"id":373,"date":"2015-04-09T12:04:21","date_gmt":"2015-04-09T12:04:21","guid":{"rendered":"http:\/\/localhost\/alquera\/productos\/producto\/kit-experimento-hacer-un-liquido-fluorescente\/"},"modified":"2026-03-26T08:36:06","modified_gmt":"2026-03-26T08:36:06","slug":"kit-experimento-hacer-un-liquido-fluorescente","status":"publish","type":"product","link":"https:\/\/www.alquera.com\/de\/kit-experimento-hacer-un-liquido-fluorescente\/","title":{"rendered":"Fluoreszenz - Fluoreszenz Fluoreszenzfl\u00fcssigkeits-Herstellungsset. #Exp1"},"content":{"rendered":"<p>Dieser Bausatz enth\u00e4lt die notwendigen Elemente zur Durchf\u00fchrung des Experiments zur Herstellung einer fluoreszierenden Fl\u00fcssigkeit (siehe Video unten).<\/p>\n<p>Die im Kit enthaltenen Materialien sind:<\/p>\n<ul>\n<li>Becher - Glas 250ml<\/li>\n<li>Spachtel aus rostfreiem Stahl<\/li>\n<li>Ultraviolettes Licht - 9 LED-Lampe<\/li>\n<li>Fluorescein-Natrium - 20 Gramm<\/li>\n<\/ul>\n<p>In diesem Video k\u00f6nnen Sie sehen, wie das Experiment durchgef\u00fchrt wurde:<\/p>\n<p><iframe loading=\"lazy\" src=\"https:\/\/www.youtube.com\/embed\/zsq1paqbVls?rel=0\" width=\"560\" height=\"315\" frameborder=\"0\"><\/iframe><\/p>\n<p>Es ist notwendig, diese Elemente mit \u00e4u\u00dferster Sorgfalt zu behandeln, es ist notwendig, die Hinweise sorgf\u00e4ltig zu lesen (unten im Downloadbereich jedes Materials). Zu keiner Zeit mit den H\u00e4nden ber\u00fchren oder einatmen.<\/p>\n<div class=\"rte2\">\n<h2>Experiment zur Herstellung einer fluoreszierenden Fl\u00fcssigkeit - Schritt f\u00fcr Schritt<\/h2>\n<h3>Schritt 1<\/h3>\n<p>Nimm das Becherglas, das im Kit enthalten ist, und f\u00fclle es mit Wasser. Vorzugsweise destilliertes Wasser mit 1 Tropfen Ammoniak (hier strahlt das Fluorescein am besten). Sie k\u00f6nnen auch Leitungswasser ohne Ammoniak verwenden.<\/p>\n<h3>Schritt 2<\/h3>\n<p>Nehmen Sie mit dem Spatel ein paar Fluorescein-Pulver und bringen Sie sie in die<\/p>\n<h3>Schritt 3<\/h3>\n<p>Beleuchten Sie die L\u00f6sung mit ultraviolettem Licht und lassen Sie sich von dem Effekt \u00fcberraschen, den Sie erzielen. Nutzen Sie die Gelegenheit, das Experiment in einem dunklen Raum durchzuf\u00fchren, um den Effekt noch deutlicher zu sehen.<\/p>\n<h3>Extras<\/h3>\n<p>Fluorescein fluoresziert am st\u00e4rksten bei einem pH-Wert von 8, daher empfehlen wir, 1 Tropfen Ammoniak in die L\u00f6sung zu geben (dadurch wird der pH-Wert leicht erh\u00f6ht). Obwohl die Verwendung von Leitungswasser v\u00f6llig in Ordnung ist, k\u00f6nnen Sie, wenn Sie den pH-Wert der L\u00f6sung messen m\u00f6chten, unsere\u00a0<a href=\"https:\/\/www.alquera.com\/de\/tiras-papel-ph\/\">pH-Teststreifen<\/a>.<\/p>\n<p>Stellen Sie nicht nur eine fluoreszierende Fl\u00fcssigkeit her, sondern nutzen Sie Ihre Fantasie, um andere fluoreszierende Objekte zu kreieren. Sie k\u00f6nnen auch Folgendes verwenden <a href=\"https:\/\/www.alquera.com\/de\/hidrogel\/\">Hydrogel<\/a>\u00a0(durch Einbringen in die Fl\u00fcssigkeit) und erzeugen fluoreszierende Kristalle.<\/p>\n<\/div>","protected":false},"excerpt":{"rendered":"<p>Dieser Bausatz enth\u00e4lt die notwendigen Elemente f\u00fcr die Durchf\u00fchrung des Experiments zur Herstellung einer fluoreszierenden Fl\u00fcssigkeit. Sie k\u00f6nnen in der Beschreibung sehen, was der Bausatz im Einzelnen enth\u00e4lt.<\/p>","protected":false},"featured_media":9062,"comment_status":"open","ping_status":"closed","template":"","meta":{"_acf_changed":false,"site-sidebar-layout":"default","site-content-layout":"default","ast-site-content-layout":"default","site-content-style":"default","site-sidebar-style":"default","ast-global-header-display":"","ast-banner-title-visibility":"","ast-main-header-display":"","ast-hfb-above-header-display":"","ast-hfb-below-header-display":"","ast-hfb-mobile-header-display":"","site-post-title":"","ast-breadcrumbs-content":"","ast-featured-img":"","footer-sml-layout":"","ast-disable-related-posts":"","theme-transparent-header-meta":"default","adv-header-id-meta":"","stick-header-meta":"default","header-above-stick-meta":"","header-main-stick-meta":"","header-below-stick-meta":"","astra-migrate-meta-layouts":"default","ast-page-background-enabled":"default","ast-page-background-meta":{"desktop":{"background-color":"var(--ast-global-color-4)","background-image":"","background-repeat":"repeat","background-position":"center center","background-size":"auto","background-attachment":"scroll","background-type":"","background-media":"","overlay-type":"","overlay-color":"","overlay-opacity":"","overlay-gradient":""},"tablet":{"background-color":"","background-image":"","background-repeat":"repeat","background-position":"center center","background-size":"auto","background-attachment":"scroll","background-type":"","background-media":"","overlay-type":"","overlay-color":"","overlay-opacity":"","overlay-gradient":""},"mobile":{"background-color":"","background-image":"","background-repeat":"repeat","background-position":"center center","background-size":"auto","background-attachment":"scroll","background-type":"","background-media":"","overlay-type":"","overlay-color":"","overlay-opacity":"","overlay-gradient":""}},"ast-content-background-meta":{"desktop":{"background-color":"var(--ast-global-color-5)","background-image":"","background-repeat":"repeat","background-position":"center center","background-size":"auto","background-attachment":"scroll","background-type":"","background-media":"","overlay-type":"","overlay-color":"","overlay-opacity":"","overlay-gradient":""},"tablet":{"background-color":"var(--ast-global-color-5)","background-image":"","background-repeat":"repeat","background-position":"center center","background-size":"auto","background-attachment":"scroll","background-type":"","background-media":"","overlay-type":"","overlay-color":"","overlay-opacity":"","overlay-gradient":""},"mobile":{"background-color":"var(--ast-global-color-5)","background-image":"","background-repeat":"repeat","background-position":"center center","background-size":"auto","background-attachment":"scroll","background-type":"","background-media":"","overlay-type":"","overlay-color":"","overlay-opacity":"","overlay-gradient":""}}},"product_brand":[],"product_cat":[329],"product_tag":[],"class_list":{"0":"post-373","1":"product","2":"type-product","3":"status-publish","4":"has-post-thumbnail","6":"product_cat-experimentos-ciencias","7":"desktop-align-left","8":"tablet-align-left","9":"mobile-align-left","10":"ast-product-gallery-layout-horizontal-slider","11":"ast-product-gallery-with-no-image","12":"ast-magnify-disabled","13":"ast-product-tabs-layout-horizontal","14":"ast-qv-on-image","16":"first","17":"instock","18":"taxable","19":"shipping-taxable","20":"purchasable","21":"product-type-simple"},"acf":[],"yoast_head":"<!-- This site is optimized with the Yoast SEO Premium plugin v27.1 (Yoast SEO v27.1.1) - https:\/\/yoast.com\/product\/yoast-seo-premium-wordpress\/ -->\n<title>Fluorescencia - Kit para Hacer un l\u00edquido fluorescente. #Exp1: Comprar Online - Alquera.com<\/title>\n<meta name=\"robots\" content=\"index, follow, max-snippet:-1, max-image-preview:large, max-video-preview:-1\" \/>\n<link rel=\"canonical\" href=\"https:\/\/www.alquera.com\/de\/kit-experimento-hacer-un-liquido-fluorescente\/\" \/>\n<meta property=\"og:locale\" content=\"de_DE\" \/>\n<meta property=\"og:type\" content=\"article\" \/>\n<meta property=\"og:title\" content=\"Fluorescencia - Kit para Hacer un l\u00edquido fluorescente. #Exp1: Comprar Online - Alquera.com\" \/>\n<meta property=\"og:description\" content=\"Este kit contiene los elementos necesarios para realizar el\u00a0experimento de\u00a0hacer un l\u00edquido fluorescente. Puedes ver en la descripci\u00f3n el detalle de lo que contiene el kit.\" \/>\n<meta property=\"og:url\" content=\"https:\/\/www.alquera.com\/de\/kit-experimento-hacer-un-liquido-fluorescente\/\" \/>\n<meta property=\"og:site_name\" content=\"Alquera.com\" \/>\n<meta property=\"article:publisher\" content=\"https:\/\/www.facebook.com\/alqueraciencia\" \/>\n<meta property=\"article:modified_time\" content=\"2026-03-26T08:36:06+00:00\" \/>\n<meta property=\"og:image\" content=\"https:\/\/www.alquera.com\/wp-content\/uploads\/2015\/04\/kit-experimento-hacer-un-liquido-fluorescente.jpg\" \/>\n\t<meta property=\"og:image:width\" content=\"800\" \/>\n\t<meta property=\"og:image:height\" content=\"800\" \/>\n\t<meta property=\"og:image:type\" content=\"image\/jpeg\" \/>\n<meta name=\"twitter:card\" content=\"summary_large_image\" \/>\n<meta name=\"twitter:label1\" content=\"Preis\" \/>\n\t<meta name=\"twitter:data1\" content=\"26,90&euro;\" \/>\n\t<meta name=\"twitter:label2\" content=\"Verf\u00fcgbarkeit\" \/>\n\t<meta name=\"twitter:data2\" content=\"Auf Lager\" \/>\n<script type=\"application\/ld+json\" class=\"yoast-schema-graph\">{\"@context\":\"https:\/\/schema.org\",\"@graph\":[{\"@type\":[\"WebPage\",\"ItemPage\"],\"@id\":\"https:\/\/www.alquera.com\/kit-experimento-hacer-un-liquido-fluorescente\/\",\"url\":\"https:\/\/www.alquera.com\/kit-experimento-hacer-un-liquido-fluorescente\/\",\"name\":\"Fluorescencia - Kit para Hacer un l\u00edquido fluorescente. #Exp1: Comprar Online - Alquera.com\",\"isPartOf\":{\"@id\":\"https:\/\/www.alquera.com\/en\/#website\"},\"primaryImageOfPage\":{\"@id\":\"https:\/\/www.alquera.com\/kit-experimento-hacer-un-liquido-fluorescente\/#primaryimage\"},\"image\":{\"@id\":\"https:\/\/www.alquera.com\/kit-experimento-hacer-un-liquido-fluorescente\/#primaryimage\"},\"thumbnailUrl\":\"https:\/\/www.alquera.com\/wp-content\/uploads\/2015\/04\/kit-experimento-hacer-un-liquido-fluorescente.jpg\",\"datePublished\":\"2015-04-09T12:04:21+00:00\",\"dateModified\":\"2026-03-26T08:36:06+00:00\",\"breadcrumb\":{\"@id\":\"https:\/\/www.alquera.com\/kit-experimento-hacer-un-liquido-fluorescente\/#breadcrumb\"},\"inLanguage\":\"de\",\"potentialAction\":[{\"@type\":\"ReadAction\",\"target\":[\"https:\/\/www.alquera.com\/kit-experimento-hacer-un-liquido-fluorescente\/\"]}]},{\"@type\":\"ImageObject\",\"inLanguage\":\"de\",\"@id\":\"https:\/\/www.alquera.com\/kit-experimento-hacer-un-liquido-fluorescente\/#primaryimage\",\"url\":\"https:\/\/www.alquera.com\/wp-content\/uploads\/2015\/04\/kit-experimento-hacer-un-liquido-fluorescente.jpg\",\"contentUrl\":\"https:\/\/www.alquera.com\/wp-content\/uploads\/2015\/04\/kit-experimento-hacer-un-liquido-fluorescente.jpg\",\"width\":800,\"height\":800,\"caption\":\"kit hacer liquido fluorescente\"},{\"@type\":\"BreadcrumbList\",\"@id\":\"https:\/\/www.alquera.com\/kit-experimento-hacer-un-liquido-fluorescente\/#breadcrumb\",\"itemListElement\":[{\"@type\":\"ListItem\",\"position\":1,\"name\":\"Inicio\",\"item\":\"https:\/\/www.alquera.com\/\"},{\"@type\":\"ListItem\",\"position\":2,\"name\":\"Alquera.com: Tienda Online de Productos Qu\u00edmicos y Material de Laboratorio\",\"item\":\"https:\/\/www.alquera.com\/en\/tienda\/\"},{\"@type\":\"ListItem\",\"position\":3,\"name\":\"Fluorescencia &#8211; Kit para Hacer un l\u00edquido fluorescente. #Exp1\"}]},{\"@type\":\"WebSite\",\"@id\":\"https:\/\/www.alquera.com\/en\/#website\",\"url\":\"https:\/\/www.alquera.com\/en\/\",\"name\":\"Alquera.com\",\"description\":\"Tienda Online Productos Qu\u00edmicos y Material de Laboratorio\",\"publisher\":{\"@id\":\"https:\/\/www.alquera.com\/en\/#organization\"},\"potentialAction\":[{\"@type\":\"SearchAction\",\"target\":{\"@type\":\"EntryPoint\",\"urlTemplate\":\"https:\/\/www.alquera.com\/en\/?s={search_term_string}\"},\"query-input\":{\"@type\":\"PropertyValueSpecification\",\"valueRequired\":true,\"valueName\":\"search_term_string\"}}],\"inLanguage\":\"de\"},{\"@type\":\"Organization\",\"@id\":\"https:\/\/www.alquera.com\/en\/#organization\",\"name\":\"ALQUERA CIENCIA SL\",\"url\":\"https:\/\/www.alquera.com\/en\/\",\"logo\":{\"@type\":\"ImageObject\",\"inLanguage\":\"de\",\"@id\":\"https:\/\/www.alquera.com\/en\/#\/schema\/logo\/image\/\",\"url\":\"https:\/\/www.alquera.com\/wp-content\/uploads\/2020\/11\/logo_300_ancho.png\",\"contentUrl\":\"https:\/\/www.alquera.com\/wp-content\/uploads\/2020\/11\/logo_300_ancho.png\",\"width\":300,\"height\":86,\"caption\":\"ALQUERA CIENCIA SL\"},\"image\":{\"@id\":\"https:\/\/www.alquera.com\/en\/#\/schema\/logo\/image\/\"},\"sameAs\":[\"https:\/\/www.facebook.com\/alqueraciencia\",\"https:\/\/www.instagram.com\/alquera_ciencia\/\",\"https:\/\/www.youtube.com\/c\/alquera\"]}]}<\/script>\n<meta property=\"product:price:amount\" content=\"26.90\" \/>\n<meta property=\"product:price:currency\" content=\"EUR\" \/>\n<meta property=\"og:availability\" content=\"instock\" \/>\n<meta property=\"product:availability\" content=\"instock\" \/>\n<meta property=\"product:retailer_item_id\" content=\"AL30001\" \/>\n<meta property=\"product:condition\" content=\"new\" \/>\n<!-- \/ Yoast SEO Premium plugin. -->","yoast_head_json":{"title":"Fluoreszenz - Kit zur Herstellung einer fluoreszierenden Fl\u00fcssigkeit. #Exp1: Online kaufen - Alquera.com","robots":{"index":"index","follow":"follow","max-snippet":"max-snippet:-1","max-image-preview":"max-image-preview:large","max-video-preview":"max-video-preview:-1"},"canonical":"https:\/\/www.alquera.com\/de\/kit-experimento-hacer-un-liquido-fluorescente\/","og_locale":"de_DE","og_type":"article","og_title":"Fluorescencia - Kit para Hacer un l\u00edquido fluorescente. #Exp1: Comprar Online - Alquera.com","og_description":"Este kit contiene los elementos necesarios para realizar el\u00a0experimento de\u00a0hacer un l\u00edquido fluorescente. Puedes ver en la descripci\u00f3n el detalle de lo que contiene el kit.","og_url":"https:\/\/www.alquera.com\/de\/kit-experimento-hacer-un-liquido-fluorescente\/","og_site_name":"Alquera.com","article_publisher":"https:\/\/www.facebook.com\/alqueraciencia","article_modified_time":"2026-03-26T08:36:06+00:00","og_image":[{"width":800,"height":800,"url":"https:\/\/www.alquera.com\/wp-content\/uploads\/2015\/04\/kit-experimento-hacer-un-liquido-fluorescente.jpg","type":"image\/jpeg"}],"twitter_card":"summary_large_image","twitter_misc":{"Preis":"26,90&euro;","Verf\u00fcgbarkeit":"Auf Lager"},"schema":{"@context":"https:\/\/schema.org","@graph":[{"@type":["WebPage","ItemPage"],"@id":"https:\/\/www.alquera.com\/kit-experimento-hacer-un-liquido-fluorescente\/","url":"https:\/\/www.alquera.com\/kit-experimento-hacer-un-liquido-fluorescente\/","name":"Fluoreszenz - Kit zur Herstellung einer fluoreszierenden Fl\u00fcssigkeit. #Exp1: Online kaufen - Alquera.com","isPartOf":{"@id":"https:\/\/www.alquera.com\/en\/#website"},"primaryImageOfPage":{"@id":"https:\/\/www.alquera.com\/kit-experimento-hacer-un-liquido-fluorescente\/#primaryimage"},"image":{"@id":"https:\/\/www.alquera.com\/kit-experimento-hacer-un-liquido-fluorescente\/#primaryimage"},"thumbnailUrl":"https:\/\/www.alquera.com\/wp-content\/uploads\/2015\/04\/kit-experimento-hacer-un-liquido-fluorescente.jpg","datePublished":"2015-04-09T12:04:21+00:00","dateModified":"2026-03-26T08:36:06+00:00","breadcrumb":{"@id":"https:\/\/www.alquera.com\/kit-experimento-hacer-un-liquido-fluorescente\/#breadcrumb"},"inLanguage":"de","potentialAction":[{"@type":"ReadAction","target":["https:\/\/www.alquera.com\/kit-experimento-hacer-un-liquido-fluorescente\/"]}]},{"@type":"ImageObject","inLanguage":"de","@id":"https:\/\/www.alquera.com\/kit-experimento-hacer-un-liquido-fluorescente\/#primaryimage","url":"https:\/\/www.alquera.com\/wp-content\/uploads\/2015\/04\/kit-experimento-hacer-un-liquido-fluorescente.jpg","contentUrl":"https:\/\/www.alquera.com\/wp-content\/uploads\/2015\/04\/kit-experimento-hacer-un-liquido-fluorescente.jpg","width":800,"height":800,"caption":"kit hacer liquido fluorescente"},{"@type":"BreadcrumbList","@id":"https:\/\/www.alquera.com\/kit-experimento-hacer-un-liquido-fluorescente\/#breadcrumb","itemListElement":[{"@type":"ListItem","position":1,"name":"Inicio","item":"https:\/\/www.alquera.com\/"},{"@type":"ListItem","position":2,"name":"Alquera.com: Tienda Online de Productos Qu\u00edmicos y Material de Laboratorio","item":"https:\/\/www.alquera.com\/en\/tienda\/"},{"@type":"ListItem","position":3,"name":"Fluorescencia &#8211; Kit para Hacer un l\u00edquido fluorescente. #Exp1"}]},{"@type":"WebSite","@id":"https:\/\/www.alquera.com\/en\/#website","url":"https:\/\/www.alquera.com\/en\/","name":"Alquera.com","description":"Online Shop Chemische Produkte und Laborger\u00e4te","publisher":{"@id":"https:\/\/www.alquera.com\/en\/#organization"},"potentialAction":[{"@type":"SearchAction","target":{"@type":"EntryPoint","urlTemplate":"https:\/\/www.alquera.com\/en\/?s={search_term_string}"},"query-input":{"@type":"PropertyValueSpecification","valueRequired":true,"valueName":"search_term_string"}}],"inLanguage":"de"},{"@type":"Organization","@id":"https:\/\/www.alquera.com\/en\/#organization","name":"ALQUERA CIENCIA SL","url":"https:\/\/www.alquera.com\/en\/","logo":{"@type":"ImageObject","inLanguage":"de","@id":"https:\/\/www.alquera.com\/en\/#\/schema\/logo\/image\/","url":"https:\/\/www.alquera.com\/wp-content\/uploads\/2020\/11\/logo_300_ancho.png","contentUrl":"https:\/\/www.alquera.com\/wp-content\/uploads\/2020\/11\/logo_300_ancho.png","width":300,"height":86,"caption":"ALQUERA CIENCIA SL"},"image":{"@id":"https:\/\/www.alquera.com\/en\/#\/schema\/logo\/image\/"},"sameAs":["https:\/\/www.facebook.com\/alqueraciencia","https:\/\/www.instagram.com\/alquera_ciencia\/","https:\/\/www.youtube.com\/c\/alquera"]}]},"product_price_amount":"26.90","product_price_currency":"EUR","og_availability":"instock","product_availability":"instock","product_retailer_item_id":"AL30001","product_condition":"new"},"_links":{"self":[{"href":"https:\/\/www.alquera.com\/de\/wp-json\/wp\/v2\/product\/373","targetHints":{"allow":["GET"]}}],"collection":[{"href":"https:\/\/www.alquera.com\/de\/wp-json\/wp\/v2\/product"}],"about":[{"href":"https:\/\/www.alquera.com\/de\/wp-json\/wp\/v2\/types\/product"}],"replies":[{"embeddable":true,"href":"https:\/\/www.alquera.com\/de\/wp-json\/wp\/v2\/comments?post=373"}],"wp:featuredmedia":[{"embeddable":true,"href":"https:\/\/www.alquera.com\/de\/wp-json\/wp\/v2\/media\/9062"}],"wp:attachment":[{"href":"https:\/\/www.alquera.com\/de\/wp-json\/wp\/v2\/media?parent=373"}],"wp:term":[{"taxonomy":"product_brand","embeddable":true,"href":"https:\/\/www.alquera.com\/de\/wp-json\/wp\/v2\/product_brand?post=373"},{"taxonomy":"product_cat","embeddable":true,"href":"https:\/\/www.alquera.com\/de\/wp-json\/wp\/v2\/product_cat?post=373"},{"taxonomy":"product_tag","embeddable":true,"href":"https:\/\/www.alquera.com\/de\/wp-json\/wp\/v2\/product_tag?post=373"}],"curies":[{"name":"wp","href":"https:\/\/api.w.org\/{rel}","templated":true}]}}