{"id":37303,"date":"2022-03-24T09:09:58","date_gmt":"2022-03-24T09:09:58","guid":{"rendered":"https:\/\/www.alquera.com\/?post_type=product&#038;p=37303"},"modified":"2023-03-17T10:05:46","modified_gmt":"2023-03-17T10:05:46","slug":"medidor-de-tds-solidos-disueltos","status":"publish","type":"product","link":"https:\/\/www.alquera.com\/de\/medidor-de-tds-solidos-disueltos\/","title":{"rendered":"Messger\u00e4t f\u00fcr gel\u00f6ste Feststoffe. TDS"},"content":{"rendered":"<h2>WAS IST TDS?<\/h2>\n<p>Der Gesamtgehalt an gel\u00f6sten Feststoffen (TDS) ist das Gesamtgewicht aller in einem bestimmten Wasservolumen gel\u00f6sten Feststoffe (Mineralien, Salze oder Metalle), ausgedr\u00fcckt in Milligramm pro Liter (mg\/L) oder Teilen pro Million (PPM).<\/p>\n<h2>EIGENSCHAFTEN<\/h2>\n<ul>\n<li>100% neu und von hoher Qualit\u00e4t.<\/li>\n<li>Dieser Artikel kann in folgenden Bereichen eingesetzt werden: Wasserreiniger und -filter, Qualit\u00e4ts\u00fcberwachung von Lebensmitteln (Gem\u00fcse, Obst) und Getr\u00e4nken, Schwimmb\u00e4der und Spas, Aquarien, Hydrokulturen.<\/li>\n<li>Hold-Funktion: Speichert Messungen zum bequemen Ablesen und Aufzeichnen.<\/li>\n<li>Automatische Abschaltfunktion: Das Ger\u00e4t schaltet sich nach 10 Minuten Nichtbenutzung automatisch ab.<\/li>\n<li>Zwei Messbereiche: Messung von 0 bis 999 ppm, mit einer Aufl\u00f6sung von 1 ppm. Von 1.000 bis 9.990 ppm betr\u00e4gt die Aufl\u00f6sung 10 ppm, angezeigt durch das Bild \"x 10\", werkseitig kalibriert.<\/li>\n<li>Bereich: 0-9990 ppm, Aufl\u00f6sung: 1 ppm, von 1000-9990 ppm, Aufl\u00f6sung: 10 ppm.<\/li>\n<li>Genauigkeit: +\/-2%.<\/li>\n<li>Batterie: <strong>2 x 1,5 V Knopfzellenbatterie (nicht enthalten).<\/strong><\/li>\n<li>Artikelgr\u00f6\u00dfe: 154 mm x 29 mm x 19 mm.<\/li>\n<li>Gewicht: 72 g (2,3 Unzen).<\/li>\n<\/ul>\n<div><img loading=\"lazy\" decoding=\"async\" class=\"aligncenter wp-image-41691\" src=\"https:\/\/www.alquera.com\/wp-content\/uploads\/2022\/03\/BATERIAS-300x258.png\" alt=\"BATERIAS\" width=\"600\" height=\"517\" srcset=\"https:\/\/www.alquera.com\/wp-content\/uploads\/2022\/03\/BATERIAS-300x258.png 300w, https:\/\/www.alquera.com\/wp-content\/uploads\/2022\/03\/BATERIAS-14x12.png 14w, https:\/\/www.alquera.com\/wp-content\/uploads\/2022\/03\/BATERIAS-600x517.png 600w, https:\/\/www.alquera.com\/wp-content\/uploads\/2022\/03\/BATERIAS.png 678w\" sizes=\"auto, (max-width: 600px) 100vw, 600px\" \/><\/div>\n<div><\/div>\n<h2>WIE MAN DIE TDS BENUTZT<\/h2>\n<ol>\n<li>Entfernen Sie die Schutzkappe und schalten Sie das Messger\u00e4t ein.<\/li>\n<li>Tauchen Sie das Messger\u00e4t in die L\u00f6sung ein (die maximale Eintauchh\u00f6he betr\u00e4gt 5 cm).<\/li>\n<li>Sch\u00fctteln Sie das Messger\u00e4t leicht, um eventuelle Luftblasen zu entfernen. Warten Sie, bis sich die Anzeige stabilisiert. Dr\u00fccken Sie die HOLD-Taste, um den Messwert zu speichern.<\/li>\n<li>Sch\u00fctteln Sie nach dem Gebrauch das \u00fcbersch\u00fcssige Wasser aus dem Messger\u00e4t und setzen Sie den Deckel wieder auf.<\/li>\n<\/ol>\n<p>HINWEIS:<\/p>\n<ol>\n<li>Tauchen Sie das TDS-Messger\u00e4t nicht vollst\u00e4ndig in Wasser ein oder tauchen Sie es nicht \u00fcber die maximale Eintauchh\u00f6he hinaus. Das Messger\u00e4t ist nicht wasserdicht.<\/li>\n<li>Lagern Sie das Ger\u00e4t nicht bei hohen Temperaturen oder in direktem Sonnenlicht.<\/li>\n<li>Dieses Ger\u00e4t darf nicht geschlagen, gedr\u00fcckt oder fallen gelassen werden.<\/li>\n<\/ol>\n<p><img loading=\"lazy\" decoding=\"async\" class=\"aligncenter wp-image-41689\" src=\"https:\/\/www.alquera.com\/wp-content\/uploads\/2022\/03\/MODO-DE-USO-TDS-300x198.png\" alt=\"MODO DE USO\" width=\"600\" height=\"395\" srcset=\"https:\/\/www.alquera.com\/wp-content\/uploads\/2022\/03\/MODO-DE-USO-TDS-300x198.png 300w, https:\/\/www.alquera.com\/wp-content\/uploads\/2022\/03\/MODO-DE-USO-TDS-768x506.png 768w, https:\/\/www.alquera.com\/wp-content\/uploads\/2022\/03\/MODO-DE-USO-TDS-18x12.png 18w, https:\/\/www.alquera.com\/wp-content\/uploads\/2022\/03\/MODO-DE-USO-TDS-600x395.png 600w, https:\/\/www.alquera.com\/wp-content\/uploads\/2022\/03\/MODO-DE-USO-TDS.png 800w\" sizes=\"auto, (max-width: 600px) 100vw, 600px\" \/><\/p>\n<p>&nbsp;<\/p>\n<p>&nbsp;<\/p>","protected":false},"excerpt":{"rendered":"<p>Messger\u00e4t f\u00fcr gel\u00f6ste Feststoffe kaufen. Auch bekannt als TDS (Total dissolved solids). Sie k\u00f6nnen den Preis sehen, wenn Sie das Produkt ausw\u00e4hlen. Die Bestellung erfolgt direkt \u00fcber das Web nach den angegebenen Schritten, wobei die Lieferung in 24\/48 Stunden.<\/p>","protected":false},"featured_media":37312,"comment_status":"open","ping_status":"closed","template":"","meta":{"_acf_changed":false,"site-sidebar-layout":"default","site-content-layout":"default","ast-site-content-layout":"default","site-content-style":"default","site-sidebar-style":"default","ast-global-header-display":"","ast-banner-title-visibility":"","ast-main-header-display":"","ast-hfb-above-header-display":"","ast-hfb-below-header-display":"","ast-hfb-mobile-header-display":"","site-post-title":"","ast-breadcrumbs-content":"","ast-featured-img":"","footer-sml-layout":"","ast-disable-related-posts":"","theme-transparent-header-meta":"default","adv-header-id-meta":"","stick-header-meta":"default","header-above-stick-meta":"","header-main-stick-meta":"","header-below-stick-meta":"","astra-migrate-meta-layouts":"default","ast-page-background-enabled":"default","ast-page-background-meta":{"desktop":{"background-color":"var(--ast-global-color-4)","background-image":"","background-repeat":"repeat","background-position":"center center","background-size":"auto","background-attachment":"scroll","background-type":"","background-media":"","overlay-type":"","overlay-color":"","overlay-opacity":"","overlay-gradient":""},"tablet":{"background-color":"","background-image":"","background-repeat":"repeat","background-position":"center center","background-size":"auto","background-attachment":"scroll","background-type":"","background-media":"","overlay-type":"","overlay-color":"","overlay-opacity":"","overlay-gradient":""},"mobile":{"background-color":"","background-image":"","background-repeat":"repeat","background-position":"center center","background-size":"auto","background-attachment":"scroll","background-type":"","background-media":"","overlay-type":"","overlay-color":"","overlay-opacity":"","overlay-gradient":""}},"ast-content-background-meta":{"desktop":{"background-color":"var(--ast-global-color-5)","background-image":"","background-repeat":"repeat","background-position":"center center","background-size":"auto","background-attachment":"scroll","background-type":"","background-media":"","overlay-type":"","overlay-color":"","overlay-opacity":"","overlay-gradient":""},"tablet":{"background-color":"var(--ast-global-color-5)","background-image":"","background-repeat":"repeat","background-position":"center center","background-size":"auto","background-attachment":"scroll","background-type":"","background-media":"","overlay-type":"","overlay-color":"","overlay-opacity":"","overlay-gradient":""},"mobile":{"background-color":"var(--ast-global-color-5)","background-image":"","background-repeat":"repeat","background-position":"center center","background-size":"auto","background-attachment":"scroll","background-type":"","background-media":"","overlay-type":"","overlay-color":"","overlay-opacity":"","overlay-gradient":""}}},"product_brand":[],"product_cat":[315,21],"product_tag":[],"class_list":{"0":"post-37303","1":"product","2":"type-product","3":"status-publish","4":"has-post-thumbnail","6":"product_cat-medidor-de-ph","7":"product_cat-productos","8":"desktop-align-left","9":"tablet-align-left","10":"mobile-align-left","11":"ast-product-gallery-layout-horizontal-slider","12":"ast-magnify-disabled","13":"ast-product-tabs-layout-horizontal","14":"ast-qv-on-image","16":"first","17":"instock","18":"taxable","19":"shipping-taxable","20":"purchasable","21":"product-type-simple"},"acf":[],"yoast_head":"<!-- This site is optimized with the Yoast SEO Premium plugin v27.1 (Yoast SEO v27.1.1) - https:\/\/yoast.com\/product\/yoast-seo-premium-wordpress\/ -->\n<title>Medidor de s\u00f3lidos disueltos. TDS: Comprar Online - Alquera.com<\/title>\n<meta name=\"description\" content=\"ENV\u00cdOS EN 24\/48H. Comprar medidor de s\u00f3lidos disueltos. TDS Total dissolved solids. Usado en filtros de agua, alimentos, piscinas, acuarios\" \/>\n<meta name=\"robots\" content=\"index, follow, max-snippet:-1, max-image-preview:large, max-video-preview:-1\" \/>\n<link rel=\"canonical\" href=\"https:\/\/www.alquera.com\/de\/medidor-de-tds-solidos-disueltos\/\" \/>\n<meta property=\"og:locale\" content=\"de_DE\" \/>\n<meta property=\"og:type\" content=\"article\" \/>\n<meta property=\"og:title\" content=\"Medidor de s\u00f3lidos disueltos. TDS: Comprar Online - Alquera.com\" \/>\n<meta property=\"og:description\" content=\"ENV\u00cdOS EN 24\/48H. Comprar medidor de s\u00f3lidos disueltos. TDS Total dissolved solids. Usado en filtros de agua, alimentos, piscinas, acuarios\" \/>\n<meta property=\"og:url\" content=\"https:\/\/www.alquera.com\/de\/medidor-de-tds-solidos-disueltos\/\" \/>\n<meta property=\"og:site_name\" content=\"Alquera.com\" \/>\n<meta property=\"article:publisher\" content=\"https:\/\/www.facebook.com\/alqueraciencia\" \/>\n<meta property=\"article:modified_time\" content=\"2023-03-17T10:05:46+00:00\" \/>\n<meta property=\"og:image\" content=\"https:\/\/www.alquera.com\/wp-content\/uploads\/2022\/03\/HTB17aWcaiLxK1Rjy0Ffq6zYdVXat.jpg\" \/>\n\t<meta property=\"og:image:width\" content=\"800\" \/>\n\t<meta property=\"og:image:height\" content=\"800\" \/>\n\t<meta property=\"og:image:type\" content=\"image\/jpeg\" \/>\n<meta name=\"twitter:card\" content=\"summary_large_image\" \/>\n<meta name=\"twitter:label1\" content=\"Preis\" \/>\n\t<meta name=\"twitter:data1\" content=\"10,90&euro;\" \/>\n\t<meta name=\"twitter:label2\" content=\"Verf\u00fcgbarkeit\" \/>\n\t<meta name=\"twitter:data2\" content=\"Auf Lager\" \/>\n<script type=\"application\/ld+json\" class=\"yoast-schema-graph\">{\"@context\":\"https:\/\/schema.org\",\"@graph\":[{\"@type\":[\"WebPage\",\"ItemPage\"],\"@id\":\"https:\/\/www.alquera.com\/medidor-de-tds-solidos-disueltos\/\",\"url\":\"https:\/\/www.alquera.com\/medidor-de-tds-solidos-disueltos\/\",\"name\":\"Medidor de s\u00f3lidos disueltos. TDS: Comprar Online - Alquera.com\",\"isPartOf\":{\"@id\":\"https:\/\/www.alquera.com\/en\/#website\"},\"primaryImageOfPage\":{\"@id\":\"https:\/\/www.alquera.com\/medidor-de-tds-solidos-disueltos\/#primaryimage\"},\"image\":{\"@id\":\"https:\/\/www.alquera.com\/medidor-de-tds-solidos-disueltos\/#primaryimage\"},\"thumbnailUrl\":\"https:\/\/www.alquera.com\/wp-content\/uploads\/2022\/03\/HTB17aWcaiLxK1Rjy0Ffq6zYdVXat.jpg\",\"datePublished\":\"2022-03-24T09:09:58+00:00\",\"dateModified\":\"2023-03-17T10:05:46+00:00\",\"description\":\"ENV\u00cdOS EN 24\/48H. Comprar medidor de s\u00f3lidos disueltos. TDS Total dissolved solids. Usado en filtros de agua, alimentos, piscinas, acuarios\",\"breadcrumb\":{\"@id\":\"https:\/\/www.alquera.com\/medidor-de-tds-solidos-disueltos\/#breadcrumb\"},\"inLanguage\":\"de\",\"potentialAction\":[{\"@type\":\"ReadAction\",\"target\":[\"https:\/\/www.alquera.com\/medidor-de-tds-solidos-disueltos\/\"]}]},{\"@type\":\"ImageObject\",\"inLanguage\":\"de\",\"@id\":\"https:\/\/www.alquera.com\/medidor-de-tds-solidos-disueltos\/#primaryimage\",\"url\":\"https:\/\/www.alquera.com\/wp-content\/uploads\/2022\/03\/HTB17aWcaiLxK1Rjy0Ffq6zYdVXat.jpg\",\"contentUrl\":\"https:\/\/www.alquera.com\/wp-content\/uploads\/2022\/03\/HTB17aWcaiLxK1Rjy0Ffq6zYdVXat.jpg\",\"width\":800,\"height\":800,\"caption\":\"ph\"},{\"@type\":\"BreadcrumbList\",\"@id\":\"https:\/\/www.alquera.com\/medidor-de-tds-solidos-disueltos\/#breadcrumb\",\"itemListElement\":[{\"@type\":\"ListItem\",\"position\":1,\"name\":\"Inicio\",\"item\":\"https:\/\/www.alquera.com\/\"},{\"@type\":\"ListItem\",\"position\":2,\"name\":\"Alquera.com: Tienda Online de Productos Qu\u00edmicos y Material de Laboratorio\",\"item\":\"https:\/\/www.alquera.com\/en\/tienda\/\"},{\"@type\":\"ListItem\",\"position\":3,\"name\":\"Medidor de s\u00f3lidos disueltos. TDS\"}]},{\"@type\":\"WebSite\",\"@id\":\"https:\/\/www.alquera.com\/en\/#website\",\"url\":\"https:\/\/www.alquera.com\/en\/\",\"name\":\"Alquera.com\",\"description\":\"Tienda Online Productos Qu\u00edmicos y Material de Laboratorio\",\"publisher\":{\"@id\":\"https:\/\/www.alquera.com\/en\/#organization\"},\"potentialAction\":[{\"@type\":\"SearchAction\",\"target\":{\"@type\":\"EntryPoint\",\"urlTemplate\":\"https:\/\/www.alquera.com\/en\/?s={search_term_string}\"},\"query-input\":{\"@type\":\"PropertyValueSpecification\",\"valueRequired\":true,\"valueName\":\"search_term_string\"}}],\"inLanguage\":\"de\"},{\"@type\":\"Organization\",\"@id\":\"https:\/\/www.alquera.com\/en\/#organization\",\"name\":\"ALQUERA CIENCIA SL\",\"url\":\"https:\/\/www.alquera.com\/en\/\",\"logo\":{\"@type\":\"ImageObject\",\"inLanguage\":\"de\",\"@id\":\"https:\/\/www.alquera.com\/en\/#\/schema\/logo\/image\/\",\"url\":\"https:\/\/www.alquera.com\/wp-content\/uploads\/2020\/11\/logo_300_ancho.png\",\"contentUrl\":\"https:\/\/www.alquera.com\/wp-content\/uploads\/2020\/11\/logo_300_ancho.png\",\"width\":300,\"height\":86,\"caption\":\"ALQUERA CIENCIA SL\"},\"image\":{\"@id\":\"https:\/\/www.alquera.com\/en\/#\/schema\/logo\/image\/\"},\"sameAs\":[\"https:\/\/www.facebook.com\/alqueraciencia\",\"https:\/\/www.instagram.com\/alquera_ciencia\/\",\"https:\/\/www.youtube.com\/c\/alquera\"]}]}<\/script>\n<meta property=\"product:price:amount\" content=\"10.90\" \/>\n<meta property=\"product:price:currency\" content=\"EUR\" \/>\n<meta property=\"og:availability\" content=\"instock\" \/>\n<meta property=\"product:availability\" content=\"instock\" \/>\n<meta property=\"product:retailer_item_id\" content=\"ALQ0100_PH\" \/>\n<meta property=\"product:condition\" content=\"new\" \/>\n<!-- \/ Yoast SEO Premium plugin. -->","yoast_head_json":{"title":"Messger\u00e4t f\u00fcr gel\u00f6ste Feststoffe. TDS: Online kaufen - Alquera.com","description":"24\/48H VERSAND. Messger\u00e4t f\u00fcr gel\u00f6ste Feststoffe kaufen. TDS Total gel\u00f6ste Feststoffe. Wird in Wasserfiltern, Lebensmitteln, Schwimmb\u00e4dern und Aquarien verwendet.","robots":{"index":"index","follow":"follow","max-snippet":"max-snippet:-1","max-image-preview":"max-image-preview:large","max-video-preview":"max-video-preview:-1"},"canonical":"https:\/\/www.alquera.com\/de\/medidor-de-tds-solidos-disueltos\/","og_locale":"de_DE","og_type":"article","og_title":"Medidor de s\u00f3lidos disueltos. TDS: Comprar Online - Alquera.com","og_description":"ENV\u00cdOS EN 24\/48H. Comprar medidor de s\u00f3lidos disueltos. TDS Total dissolved solids. Usado en filtros de agua, alimentos, piscinas, acuarios","og_url":"https:\/\/www.alquera.com\/de\/medidor-de-tds-solidos-disueltos\/","og_site_name":"Alquera.com","article_publisher":"https:\/\/www.facebook.com\/alqueraciencia","article_modified_time":"2023-03-17T10:05:46+00:00","og_image":[{"width":800,"height":800,"url":"https:\/\/www.alquera.com\/wp-content\/uploads\/2022\/03\/HTB17aWcaiLxK1Rjy0Ffq6zYdVXat.jpg","type":"image\/jpeg"}],"twitter_card":"summary_large_image","twitter_misc":{"Preis":"10,90&euro;","Verf\u00fcgbarkeit":"Auf Lager"},"schema":{"@context":"https:\/\/schema.org","@graph":[{"@type":["WebPage","ItemPage"],"@id":"https:\/\/www.alquera.com\/medidor-de-tds-solidos-disueltos\/","url":"https:\/\/www.alquera.com\/medidor-de-tds-solidos-disueltos\/","name":"Messger\u00e4t f\u00fcr gel\u00f6ste Feststoffe. TDS: Online kaufen - Alquera.com","isPartOf":{"@id":"https:\/\/www.alquera.com\/en\/#website"},"primaryImageOfPage":{"@id":"https:\/\/www.alquera.com\/medidor-de-tds-solidos-disueltos\/#primaryimage"},"image":{"@id":"https:\/\/www.alquera.com\/medidor-de-tds-solidos-disueltos\/#primaryimage"},"thumbnailUrl":"https:\/\/www.alquera.com\/wp-content\/uploads\/2022\/03\/HTB17aWcaiLxK1Rjy0Ffq6zYdVXat.jpg","datePublished":"2022-03-24T09:09:58+00:00","dateModified":"2023-03-17T10:05:46+00:00","description":"24\/48H VERSAND. Messger\u00e4t f\u00fcr gel\u00f6ste Feststoffe kaufen. TDS Total gel\u00f6ste Feststoffe. Wird in Wasserfiltern, Lebensmitteln, Schwimmb\u00e4dern und Aquarien verwendet.","breadcrumb":{"@id":"https:\/\/www.alquera.com\/medidor-de-tds-solidos-disueltos\/#breadcrumb"},"inLanguage":"de","potentialAction":[{"@type":"ReadAction","target":["https:\/\/www.alquera.com\/medidor-de-tds-solidos-disueltos\/"]}]},{"@type":"ImageObject","inLanguage":"de","@id":"https:\/\/www.alquera.com\/medidor-de-tds-solidos-disueltos\/#primaryimage","url":"https:\/\/www.alquera.com\/wp-content\/uploads\/2022\/03\/HTB17aWcaiLxK1Rjy0Ffq6zYdVXat.jpg","contentUrl":"https:\/\/www.alquera.com\/wp-content\/uploads\/2022\/03\/HTB17aWcaiLxK1Rjy0Ffq6zYdVXat.jpg","width":800,"height":800,"caption":"ph"},{"@type":"BreadcrumbList","@id":"https:\/\/www.alquera.com\/medidor-de-tds-solidos-disueltos\/#breadcrumb","itemListElement":[{"@type":"ListItem","position":1,"name":"Inicio","item":"https:\/\/www.alquera.com\/"},{"@type":"ListItem","position":2,"name":"Alquera.com: Tienda Online de Productos Qu\u00edmicos y Material de Laboratorio","item":"https:\/\/www.alquera.com\/en\/tienda\/"},{"@type":"ListItem","position":3,"name":"Medidor de s\u00f3lidos disueltos. TDS"}]},{"@type":"WebSite","@id":"https:\/\/www.alquera.com\/en\/#website","url":"https:\/\/www.alquera.com\/en\/","name":"Alquera.com","description":"Online Shop Chemische Produkte und Laborger\u00e4te","publisher":{"@id":"https:\/\/www.alquera.com\/en\/#organization"},"potentialAction":[{"@type":"SearchAction","target":{"@type":"EntryPoint","urlTemplate":"https:\/\/www.alquera.com\/en\/?s={search_term_string}"},"query-input":{"@type":"PropertyValueSpecification","valueRequired":true,"valueName":"search_term_string"}}],"inLanguage":"de"},{"@type":"Organization","@id":"https:\/\/www.alquera.com\/en\/#organization","name":"ALQUERA CIENCIA SL","url":"https:\/\/www.alquera.com\/en\/","logo":{"@type":"ImageObject","inLanguage":"de","@id":"https:\/\/www.alquera.com\/en\/#\/schema\/logo\/image\/","url":"https:\/\/www.alquera.com\/wp-content\/uploads\/2020\/11\/logo_300_ancho.png","contentUrl":"https:\/\/www.alquera.com\/wp-content\/uploads\/2020\/11\/logo_300_ancho.png","width":300,"height":86,"caption":"ALQUERA CIENCIA SL"},"image":{"@id":"https:\/\/www.alquera.com\/en\/#\/schema\/logo\/image\/"},"sameAs":["https:\/\/www.facebook.com\/alqueraciencia","https:\/\/www.instagram.com\/alquera_ciencia\/","https:\/\/www.youtube.com\/c\/alquera"]}]},"product_price_amount":"10.90","product_price_currency":"EUR","og_availability":"instock","product_availability":"instock","product_retailer_item_id":"ALQ0100_PH","product_condition":"new"},"_links":{"self":[{"href":"https:\/\/www.alquera.com\/de\/wp-json\/wp\/v2\/product\/37303","targetHints":{"allow":["GET"]}}],"collection":[{"href":"https:\/\/www.alquera.com\/de\/wp-json\/wp\/v2\/product"}],"about":[{"href":"https:\/\/www.alquera.com\/de\/wp-json\/wp\/v2\/types\/product"}],"replies":[{"embeddable":true,"href":"https:\/\/www.alquera.com\/de\/wp-json\/wp\/v2\/comments?post=37303"}],"wp:featuredmedia":[{"embeddable":true,"href":"https:\/\/www.alquera.com\/de\/wp-json\/wp\/v2\/media\/37312"}],"wp:attachment":[{"href":"https:\/\/www.alquera.com\/de\/wp-json\/wp\/v2\/media?parent=37303"}],"wp:term":[{"taxonomy":"product_brand","embeddable":true,"href":"https:\/\/www.alquera.com\/de\/wp-json\/wp\/v2\/product_brand?post=37303"},{"taxonomy":"product_cat","embeddable":true,"href":"https:\/\/www.alquera.com\/de\/wp-json\/wp\/v2\/product_cat?post=37303"},{"taxonomy":"product_tag","embeddable":true,"href":"https:\/\/www.alquera.com\/de\/wp-json\/wp\/v2\/product_tag?post=37303"}],"curies":[{"name":"wp","href":"https:\/\/api.w.org\/{rel}","templated":true}]}}