{"id":37968,"date":"2022-05-20T10:39:31","date_gmt":"2022-05-20T10:39:31","guid":{"rendered":"https:\/\/www.alquera.com\/?post_type=product&#038;p=37968"},"modified":"2026-02-23T16:12:29","modified_gmt":"2026-02-23T16:12:29","slug":"micorrizas-polvo","status":"publish","type":"product","link":"https:\/\/www.alquera.com\/de\/micorrizas-polvo\/","title":{"rendered":"Mykorrhiza-Pulver"},"content":{"rendered":"<h2>Was ist Mykorrhizapulver?<\/h2>\n<p>Es handelt sich um ein nat\u00fcrliches Produkt, das aus der Vermehrung von Endomykorrhizapilzen in Verbindung mit organisch-mineralischen Substraten besteht. Es enth\u00e4lt nat\u00fcrliche pflanzliche Verbindungen und ein Super-Wasserabsorptionsmittel.<\/p>\n<p><strong>Allgemeine Merkmale und Wirkungsweise<\/strong><\/p>\n<p>Es handelt sich um eine gut durchdachte Formel f\u00fcr die schnelle Pilzbek\u00e4mpfung an Pflanzen in der Baumschule oder im Freiland (an etablierten Pflanzen oder beim Umpflanzen). Einige der Vorteile f\u00fcr die Pflanzen sind: verbesserte Aufnahme von Wasser und Mineralien aus dem Boden, erh\u00f6hte \u00dcberlebensf\u00e4higkeit, erh\u00f6hte Resistenz und\/oder Toleranz gegen\u00fcber pathogenen Faktoren im Boden sowie Wasser- und Salzstress. Weitere Vorteile sind die Vergr\u00f6\u00dferung des Wurzelsystems der Pflanze und die Reduzierung des Wasser- und D\u00fcngemitteleinsatzes.<\/p>\n<h2>ANWENDUNG<\/h2>\n<p>Es ist f\u00fcr alle auf dem Feld oder in der Baumschule angebauten Pflanzen formuliert.<\/p>\n<p>Mischen Sie das Produkt gut mit dem Wasser, das Sie zum Gie\u00dfen und D\u00fcngen der Pflanzen verwenden. Nach dem Auftragen leicht w\u00e4ssern, damit das Produkt vollst\u00e4ndig aufgenommen wird. Ein Prozent des Produkts ist wasserunl\u00f6slich, daher sollten Filter mit einer Gr\u00f6\u00dfe von weniger als 150 Mikrometern aus dem Bew\u00e4sserungssystem entfernt werden, um Verstopfungen zu vermeiden.<\/p>\n<p><strong>Dosierung:<\/strong><\/p>\n<ul>\n<li>Gartenbaupflanzen: 0,2-0,4 g.<\/li>\n<li>Pflanze 1 Jahr: 1g .<\/li>\n<li>Pflanze 2-5 Jahre 2 g.<\/li>\n<li>Pflanze 10-20 Jahre 4 g\/Pflanze.<\/li>\n<li>Monumentale B\u00e4ume: 10g\/Pflanze<\/li>\n<\/ul>","protected":false},"excerpt":{"rendered":"<p>Kaufen Sie Mykorrhiza-Pulver in Packungen von 100g bis 500g. Sie k\u00f6nnen den Preis f\u00fcr die verschiedenen Formate von Mycorrhizae Powder sehen, wenn Sie das gew\u00fcnschte Format ausw\u00e4hlen. Die Bestellung erfolgt direkt \u00fcber das Internet nach den angegebenen Schritten und wird innerhalb von 24\/48 Stunden geliefert. Sie k\u00f6nnen auch kaufen <a href=\"https:\/\/www.alquera.com\/de\/micorrizas\/\">Mykorrhizen in Tabletten\u00a0<\/a><\/p>","protected":false},"featured_media":38354,"comment_status":"open","ping_status":"closed","template":"","meta":{"_acf_changed":false,"site-sidebar-layout":"default","site-content-layout":"default","ast-site-content-layout":"default","site-content-style":"default","site-sidebar-style":"default","ast-global-header-display":"","ast-banner-title-visibility":"","ast-main-header-display":"","ast-hfb-above-header-display":"","ast-hfb-below-header-display":"","ast-hfb-mobile-header-display":"","site-post-title":"","ast-breadcrumbs-content":"","ast-featured-img":"","footer-sml-layout":"","ast-disable-related-posts":"","theme-transparent-header-meta":"default","adv-header-id-meta":"","stick-header-meta":"default","header-above-stick-meta":"","header-main-stick-meta":"","header-below-stick-meta":"","astra-migrate-meta-layouts":"default","ast-page-background-enabled":"default","ast-page-background-meta":{"desktop":{"background-color":"var(--ast-global-color-4)","background-image":"","background-repeat":"repeat","background-position":"center center","background-size":"auto","background-attachment":"scroll","background-type":"","background-media":"","overlay-type":"","overlay-color":"","overlay-opacity":"","overlay-gradient":""},"tablet":{"background-color":"","background-image":"","background-repeat":"repeat","background-position":"center center","background-size":"auto","background-attachment":"scroll","background-type":"","background-media":"","overlay-type":"","overlay-color":"","overlay-opacity":"","overlay-gradient":""},"mobile":{"background-color":"","background-image":"","background-repeat":"repeat","background-position":"center center","background-size":"auto","background-attachment":"scroll","background-type":"","background-media":"","overlay-type":"","overlay-color":"","overlay-opacity":"","overlay-gradient":""}},"ast-content-background-meta":{"desktop":{"background-color":"var(--ast-global-color-5)","background-image":"","background-repeat":"repeat","background-position":"center center","background-size":"auto","background-attachment":"scroll","background-type":"","background-media":"","overlay-type":"","overlay-color":"","overlay-opacity":"","overlay-gradient":""},"tablet":{"background-color":"var(--ast-global-color-5)","background-image":"","background-repeat":"repeat","background-position":"center center","background-size":"auto","background-attachment":"scroll","background-type":"","background-media":"","overlay-type":"","overlay-color":"","overlay-opacity":"","overlay-gradient":""},"mobile":{"background-color":"var(--ast-global-color-5)","background-image":"","background-repeat":"repeat","background-position":"center center","background-size":"auto","background-attachment":"scroll","background-type":"","background-media":"","overlay-type":"","overlay-color":"","overlay-opacity":"","overlay-gradient":""}}},"product_brand":[],"product_cat":[213,21],"product_tag":[],"class_list":{"0":"post-37968","1":"product","2":"type-product","3":"status-publish","4":"has-post-thumbnail","6":"product_cat-agroquimicos","7":"product_cat-productos","8":"pa_cantidad-100g","9":"pa_cantidad-250g","10":"pa_cantidad-500g","11":"desktop-align-left","12":"tablet-align-left","13":"mobile-align-left","14":"ast-product-gallery-layout-horizontal-slider","15":"ast-product-gallery-with-no-image","16":"ast-magnify-disabled","17":"ast-product-single-variable","18":"ast-product-tabs-layout-horizontal","19":"ast-qv-on-image","21":"first","22":"instock","23":"taxable","24":"shipping-taxable","25":"purchasable","26":"product-type-variable","27":"has-default-attributes"},"acf":[],"yoast_head":"<!-- This site is optimized with the Yoast SEO Premium plugin v27.1 (Yoast SEO v27.1.1) - https:\/\/yoast.com\/product\/yoast-seo-premium-wordpress\/ -->\n<title>Micorrizas en Polvo: Comprar Online - Alquera.com<\/title>\n<meta name=\"description\" content=\"ENV\u00cdOS EN 24\/48H. Comprar Polvo de Micorrizas en Alquera, para favorecer el crecimiento de la planta. En 100, 250 y 500g.\" \/>\n<meta name=\"robots\" content=\"index, follow, max-snippet:-1, max-image-preview:large, max-video-preview:-1\" \/>\n<link rel=\"canonical\" href=\"https:\/\/www.alquera.com\/de\/micorrizas-polvo\/\" \/>\n<meta property=\"og:locale\" content=\"de_DE\" \/>\n<meta property=\"og:type\" content=\"article\" \/>\n<meta property=\"og:title\" content=\"Micorrizas en Polvo: Comprar Online - Alquera.com\" \/>\n<meta property=\"og:description\" content=\"ENV\u00cdOS EN 24\/48H. Comprar Polvo de Micorrizas en Alquera, para favorecer el crecimiento de la planta. En 100, 250 y 500g.\" \/>\n<meta property=\"og:url\" content=\"https:\/\/www.alquera.com\/de\/micorrizas-polvo\/\" \/>\n<meta property=\"og:site_name\" content=\"Alquera.com\" \/>\n<meta property=\"article:publisher\" content=\"https:\/\/www.facebook.com\/alqueraciencia\" \/>\n<meta property=\"article:modified_time\" content=\"2026-02-23T16:12:29+00:00\" \/>\n<meta property=\"og:image\" content=\"https:\/\/www.alquera.com\/wp-content\/uploads\/2022\/05\/Polvo-micorriza.png\" \/>\n\t<meta property=\"og:image:width\" content=\"600\" \/>\n\t<meta property=\"og:image:height\" content=\"555\" \/>\n\t<meta property=\"og:image:type\" content=\"image\/png\" \/>\n<meta name=\"twitter:card\" content=\"summary_large_image\" \/>\n<meta name=\"twitter:label1\" content=\"Verf\u00fcgbarkeit\" \/>\n\t<meta name=\"twitter:data1\" content=\"Auf Lager\" \/>\n<script type=\"application\/ld+json\" class=\"yoast-schema-graph\">{\"@context\":\"https:\/\/schema.org\",\"@graph\":[{\"@type\":[\"WebPage\",\"ItemPage\"],\"@id\":\"https:\/\/www.alquera.com\/micorrizas-polvo\/\",\"url\":\"https:\/\/www.alquera.com\/micorrizas-polvo\/\",\"name\":\"Micorrizas en Polvo: Comprar Online - Alquera.com\",\"isPartOf\":{\"@id\":\"https:\/\/www.alquera.com\/en\/#website\"},\"primaryImageOfPage\":{\"@id\":\"https:\/\/www.alquera.com\/micorrizas-polvo\/#primaryimage\"},\"image\":{\"@id\":\"https:\/\/www.alquera.com\/micorrizas-polvo\/#primaryimage\"},\"thumbnailUrl\":\"https:\/\/www.alquera.com\/wp-content\/uploads\/2022\/05\/Polvo-micorriza.png\",\"datePublished\":\"2022-05-20T10:39:31+00:00\",\"dateModified\":\"2026-02-23T16:12:29+00:00\",\"description\":\"ENV\u00cdOS EN 24\/48H. Comprar Polvo de Micorrizas en Alquera, para favorecer el crecimiento de la planta. En 100, 250 y 500g.\",\"breadcrumb\":{\"@id\":\"https:\/\/www.alquera.com\/micorrizas-polvo\/#breadcrumb\"},\"inLanguage\":\"de\",\"potentialAction\":[{\"@type\":\"ReadAction\",\"target\":[\"https:\/\/www.alquera.com\/micorrizas-polvo\/\"]}]},{\"@type\":\"ImageObject\",\"inLanguage\":\"de\",\"@id\":\"https:\/\/www.alquera.com\/micorrizas-polvo\/#primaryimage\",\"url\":\"https:\/\/www.alquera.com\/wp-content\/uploads\/2022\/05\/Polvo-micorriza.png\",\"contentUrl\":\"https:\/\/www.alquera.com\/wp-content\/uploads\/2022\/05\/Polvo-micorriza.png\",\"width\":600,\"height\":555,\"caption\":\"Polvo micorriza\"},{\"@type\":\"BreadcrumbList\",\"@id\":\"https:\/\/www.alquera.com\/micorrizas-polvo\/#breadcrumb\",\"itemListElement\":[{\"@type\":\"ListItem\",\"position\":1,\"name\":\"Inicio\",\"item\":\"https:\/\/www.alquera.com\/\"},{\"@type\":\"ListItem\",\"position\":2,\"name\":\"Alquera.com: Tienda Online de Productos Qu\u00edmicos y Material de Laboratorio\",\"item\":\"https:\/\/www.alquera.com\/en\/tienda\/\"},{\"@type\":\"ListItem\",\"position\":3,\"name\":\"Micorrizas en Polvo\"}]},{\"@type\":\"WebSite\",\"@id\":\"https:\/\/www.alquera.com\/en\/#website\",\"url\":\"https:\/\/www.alquera.com\/en\/\",\"name\":\"Alquera.com\",\"description\":\"Tienda Online Productos Qu\u00edmicos y Material de Laboratorio\",\"publisher\":{\"@id\":\"https:\/\/www.alquera.com\/en\/#organization\"},\"potentialAction\":[{\"@type\":\"SearchAction\",\"target\":{\"@type\":\"EntryPoint\",\"urlTemplate\":\"https:\/\/www.alquera.com\/en\/?s={search_term_string}\"},\"query-input\":{\"@type\":\"PropertyValueSpecification\",\"valueRequired\":true,\"valueName\":\"search_term_string\"}}],\"inLanguage\":\"de\"},{\"@type\":\"Organization\",\"@id\":\"https:\/\/www.alquera.com\/en\/#organization\",\"name\":\"ALQUERA CIENCIA SL\",\"url\":\"https:\/\/www.alquera.com\/en\/\",\"logo\":{\"@type\":\"ImageObject\",\"inLanguage\":\"de\",\"@id\":\"https:\/\/www.alquera.com\/en\/#\/schema\/logo\/image\/\",\"url\":\"https:\/\/www.alquera.com\/wp-content\/uploads\/2020\/11\/logo_300_ancho.png\",\"contentUrl\":\"https:\/\/www.alquera.com\/wp-content\/uploads\/2020\/11\/logo_300_ancho.png\",\"width\":300,\"height\":86,\"caption\":\"ALQUERA CIENCIA SL\"},\"image\":{\"@id\":\"https:\/\/www.alquera.com\/en\/#\/schema\/logo\/image\/\"},\"sameAs\":[\"https:\/\/www.facebook.com\/alqueraciencia\",\"https:\/\/www.instagram.com\/alquera_ciencia\/\",\"https:\/\/www.youtube.com\/c\/alquera\"]}]}<\/script>\n<meta property=\"og:availability\" content=\"instock\" \/>\n<meta property=\"product:availability\" content=\"instock\" \/>\n<meta property=\"product:condition\" content=\"new\" \/>\n<!-- \/ Yoast SEO Premium plugin. -->","yoast_head_json":{"title":"Mykorrhiza-Pulver: Online kaufen - Alquera.de","description":"SENDUNGEN IN 24\/48H. Kaufen Sie Mykorrhiza-Pulver in Alquera, um das Pflanzenwachstum zu f\u00f6rdern. In 100, 250 und 500 g.","robots":{"index":"index","follow":"follow","max-snippet":"max-snippet:-1","max-image-preview":"max-image-preview:large","max-video-preview":"max-video-preview:-1"},"canonical":"https:\/\/www.alquera.com\/de\/micorrizas-polvo\/","og_locale":"de_DE","og_type":"article","og_title":"Micorrizas en Polvo: Comprar Online - Alquera.com","og_description":"ENV\u00cdOS EN 24\/48H. Comprar Polvo de Micorrizas en Alquera, para favorecer el crecimiento de la planta. En 100, 250 y 500g.","og_url":"https:\/\/www.alquera.com\/de\/micorrizas-polvo\/","og_site_name":"Alquera.com","article_publisher":"https:\/\/www.facebook.com\/alqueraciencia","article_modified_time":"2026-02-23T16:12:29+00:00","og_image":[{"width":600,"height":555,"url":"https:\/\/www.alquera.com\/wp-content\/uploads\/2022\/05\/Polvo-micorriza.png","type":"image\/png"}],"twitter_card":"summary_large_image","twitter_misc":{"Verf\u00fcgbarkeit":"Auf Lager"},"schema":{"@context":"https:\/\/schema.org","@graph":[{"@type":["WebPage","ItemPage"],"@id":"https:\/\/www.alquera.com\/micorrizas-polvo\/","url":"https:\/\/www.alquera.com\/micorrizas-polvo\/","name":"Mykorrhiza-Pulver: Online kaufen - Alquera.de","isPartOf":{"@id":"https:\/\/www.alquera.com\/en\/#website"},"primaryImageOfPage":{"@id":"https:\/\/www.alquera.com\/micorrizas-polvo\/#primaryimage"},"image":{"@id":"https:\/\/www.alquera.com\/micorrizas-polvo\/#primaryimage"},"thumbnailUrl":"https:\/\/www.alquera.com\/wp-content\/uploads\/2022\/05\/Polvo-micorriza.png","datePublished":"2022-05-20T10:39:31+00:00","dateModified":"2026-02-23T16:12:29+00:00","description":"SENDUNGEN IN 24\/48H. Kaufen Sie Mykorrhiza-Pulver in Alquera, um das Pflanzenwachstum zu f\u00f6rdern. In 100, 250 und 500 g.","breadcrumb":{"@id":"https:\/\/www.alquera.com\/micorrizas-polvo\/#breadcrumb"},"inLanguage":"de","potentialAction":[{"@type":"ReadAction","target":["https:\/\/www.alquera.com\/micorrizas-polvo\/"]}]},{"@type":"ImageObject","inLanguage":"de","@id":"https:\/\/www.alquera.com\/micorrizas-polvo\/#primaryimage","url":"https:\/\/www.alquera.com\/wp-content\/uploads\/2022\/05\/Polvo-micorriza.png","contentUrl":"https:\/\/www.alquera.com\/wp-content\/uploads\/2022\/05\/Polvo-micorriza.png","width":600,"height":555,"caption":"Polvo micorriza"},{"@type":"BreadcrumbList","@id":"https:\/\/www.alquera.com\/micorrizas-polvo\/#breadcrumb","itemListElement":[{"@type":"ListItem","position":1,"name":"Inicio","item":"https:\/\/www.alquera.com\/"},{"@type":"ListItem","position":2,"name":"Alquera.com: Tienda Online de Productos Qu\u00edmicos y Material de Laboratorio","item":"https:\/\/www.alquera.com\/en\/tienda\/"},{"@type":"ListItem","position":3,"name":"Micorrizas en Polvo"}]},{"@type":"WebSite","@id":"https:\/\/www.alquera.com\/en\/#website","url":"https:\/\/www.alquera.com\/en\/","name":"Alquera.com","description":"Online Shop Chemische Produkte und Laborger\u00e4te","publisher":{"@id":"https:\/\/www.alquera.com\/en\/#organization"},"potentialAction":[{"@type":"SearchAction","target":{"@type":"EntryPoint","urlTemplate":"https:\/\/www.alquera.com\/en\/?s={search_term_string}"},"query-input":{"@type":"PropertyValueSpecification","valueRequired":true,"valueName":"search_term_string"}}],"inLanguage":"de"},{"@type":"Organization","@id":"https:\/\/www.alquera.com\/en\/#organization","name":"ALQUERA CIENCIA SL","url":"https:\/\/www.alquera.com\/en\/","logo":{"@type":"ImageObject","inLanguage":"de","@id":"https:\/\/www.alquera.com\/en\/#\/schema\/logo\/image\/","url":"https:\/\/www.alquera.com\/wp-content\/uploads\/2020\/11\/logo_300_ancho.png","contentUrl":"https:\/\/www.alquera.com\/wp-content\/uploads\/2020\/11\/logo_300_ancho.png","width":300,"height":86,"caption":"ALQUERA CIENCIA SL"},"image":{"@id":"https:\/\/www.alquera.com\/en\/#\/schema\/logo\/image\/"},"sameAs":["https:\/\/www.facebook.com\/alqueraciencia","https:\/\/www.instagram.com\/alquera_ciencia\/","https:\/\/www.youtube.com\/c\/alquera"]}]},"og_availability":"instock","product_availability":"instock","product_condition":"new"},"_links":{"self":[{"href":"https:\/\/www.alquera.com\/de\/wp-json\/wp\/v2\/product\/37968","targetHints":{"allow":["GET"]}}],"collection":[{"href":"https:\/\/www.alquera.com\/de\/wp-json\/wp\/v2\/product"}],"about":[{"href":"https:\/\/www.alquera.com\/de\/wp-json\/wp\/v2\/types\/product"}],"replies":[{"embeddable":true,"href":"https:\/\/www.alquera.com\/de\/wp-json\/wp\/v2\/comments?post=37968"}],"wp:featuredmedia":[{"embeddable":true,"href":"https:\/\/www.alquera.com\/de\/wp-json\/wp\/v2\/media\/38354"}],"wp:attachment":[{"href":"https:\/\/www.alquera.com\/de\/wp-json\/wp\/v2\/media?parent=37968"}],"wp:term":[{"taxonomy":"product_brand","embeddable":true,"href":"https:\/\/www.alquera.com\/de\/wp-json\/wp\/v2\/product_brand?post=37968"},{"taxonomy":"product_cat","embeddable":true,"href":"https:\/\/www.alquera.com\/de\/wp-json\/wp\/v2\/product_cat?post=37968"},{"taxonomy":"product_tag","embeddable":true,"href":"https:\/\/www.alquera.com\/de\/wp-json\/wp\/v2\/product_tag?post=37968"}],"curies":[{"name":"wp","href":"https:\/\/api.w.org\/{rel}","templated":true}]}}