{"id":39775,"date":"2022-11-11T10:34:55","date_gmt":"2022-11-11T10:34:55","guid":{"rendered":"https:\/\/www.alquera.com\/?post_type=product&#038;p=39775"},"modified":"2025-03-31T11:03:38","modified_gmt":"2025-03-31T11:03:38","slug":"grabar-chapas-hierro","status":"publish","type":"product","link":"https:\/\/www.alquera.com\/de\/grabar-chapas-hierro\/","title":{"rendered":"Elektrolytische \u00c4tzpl\u00e4ttchen - Kit f\u00fcr 15 Anwendungen. #Exp4"},"content":{"rendered":"<p>Das elektrolytische Gravurkit f\u00fcr Eisenbleche ist ein Kit, mit dem Sie die chemischen Komponenten f\u00fcr die Herstellung Ihrer personalisierten gravierten Eisenbleche erhalten.<\/p>\n<h2>INHALT DES ELEKTROLYTISCHEN \u00c4TZSATZES F\u00dcR EISENBLECHE<\/h2>\n<p>Der Bausatz enth\u00e4lt:<\/p>\n<ul>\n<li>15 Einheiten von <a href=\"https:\/\/www.alquera.com\/de\/chapas-de-hierro\/\">Eisenplatten<\/a><\/li>\n<li>250g <a href=\"https:\/\/www.alquera.com\/de\/sulfato-de-cobre\/\">Kupfersulfat<\/a><\/li>\n<li>250g <a href=\"https:\/\/www.alquera.com\/de\/cloruro-sodio\/\">Natriumchlorid<\/a> (Kochsalz)<\/li>\n<li>3 <a href=\"https:\/\/www.alquera.com\/de\/vaso-precipitados-polipropileno\/\">Becher aus Polypropylen<\/a> von 250 ml.<\/li>\n<\/ul>\n<p>Der Bausatz enth\u00e4lt nicht:<\/p>\n<ul>\n<li>Nagellack<\/li>\n<li>Alkohol\/Aceton zur Reinigung<\/li>\n<li>Schleifpapier verschiedener K\u00f6rnungen<\/li>\n<\/ul>\n<h2>SCHRITT-F\u00dcR-SCHRITT-ANLEITUNG ZUM GRAVIEREN VON EISENPLATTEN<\/h2>\n<p>Wir zeigen Ihnen die detaillierte Schritt-f\u00fcr-Schritt-Anleitung im Video<\/p>\n<div class=\"ast-oembed-container\" style=\"height: 100%;\"><iframe loading=\"lazy\" title=\"#Exp4 - Reacci\u00f3n Oxidaci\u00f3n entre Hierro y Sulfato de Cobre. Grabado de una Chapa de Hierro\" width=\"500\" height=\"281\" src=\"https:\/\/www.youtube.com\/embed\/n6xppA_wDu8?feature=oembed\" frameborder=\"0\" allow=\"accelerometer; autoplay; clipboard-write; encrypted-media; gyroscope; picture-in-picture; web-share\" referrerpolicy=\"strict-origin-when-cross-origin\" allowfullscreen><\/iframe><\/div>\n<ol>\n<li><span data-sheets-value=\"{&quot;1&quot;:2,&quot;2&quot;:&quot;Colocar el sulfato de cobre y cloruro de sodio (sal com\u00fan) en un vaso con agua. 3 cucharas de cada uno.&quot;}\" data-sheets-userformat=\"{&quot;2&quot;:769,&quot;3&quot;:{&quot;1&quot;:0},&quot;11&quot;:4,&quot;12&quot;:0}\">Geben Sie das Kupfersulfat und das Natriumchlorid (Kochsalz) in ein Glas mit Wasser. 3 Essl\u00f6ffel von jedem.<\/span><\/li>\n<li>Einnahme der Eisenplatte<\/li>\n<li>Reinigen Sie die gesamte Oberfl\u00e4che sehr gut mit Alkohol und schleifen Sie sie ab, falls Rostr\u00fcckst\u00e4nde vorhanden sind.<\/li>\n<li>Bedecken Sie eine Seite des Blattes fest mit Klebeband und machen Sie auf der anderen Seite einen Rand.<\/li>\n<li>Sie k\u00f6nnen mit der Emaille ein Muster auf dem St\u00fcck anbringen, Sie k\u00f6nnen den Stift oder den Stempel verwenden, um feinere Striche zu erzielen. Du k\u00f6nntest auch einen Aufkleber verwenden oder Pauspapier benutzen und eine eigene Schablone anfertigen.<\/li>\n<li>Tauchen Sie das St\u00fcck ein und lassen Sie es 1-2 Stunden lang liegen. Je l\u00e4nger das Blatt in der L\u00f6sung verbleibt, desto st\u00e4rker wird es ge\u00e4tzt.<\/li>\n<li>Alle 15 Minuten die r\u00f6tliche Schicht, die sich gebildet hat, entfernen.<\/li>\n<li>Nehmen Sie die Platte heraus und tauchen Sie sie in Wasser,<\/li>\n<li>Reinigen Sie das Blech: Entfernen Sie das Klebeband und die Emaille mit Aceton und schleifen Sie die Oberfl\u00e4che gut mit mehrk\u00f6rnigem Schleifpapier ab.<\/li>\n<\/ol>\n<h2>WAS SIE AUS DIESEM EXPERIMENT LERNEN<\/h2>\n<ul>\n<li>Anhand der Reaktion zwischen Eisen und Kupfersulfat l\u00e4sst sich die elektrochemische Korrosion von Eisen untersuchen, wobei das Kupferion als Oxidationsmittel wirkt.<\/li>\n<li>So kann man die beiden Elemente in einer Oxidations-Reduktionsreaktion sehen, bei der das Eisen in L\u00f6sung oxidiert und das Kupferion zu Kupfermetall reduziert wird und sich auf dem Eisen ablagert.<\/li>\n<li>Mit diesem Experiment k\u00f6nnen Sie sehen, wie eine aktive Chemikalie auf das Metall wirkt.<\/li>\n<\/ul>\n<h2><strong>TECHNISCHE ERKL\u00c4RUNG<\/strong><\/h2>\n<p><strong>Redox-Reaktion.<\/strong> Dieses Experiment zeigt eine praktische Anwendung einer Oxidations-Reduktionsreaktion.<\/p>\n<p>Das Konzept der Eisenoxidation ist die Eisenoxidschicht, die sich bei der Oxidation an der Luft auf der Oberfl\u00e4che ablagert. Es handelt sich um eine Schicht aus Fe2O3 (Eisenoxid). In diesem Fall wird das Eisen nicht durch Sauerstoff, sondern durch das Kupferion oxidiert. Das Eisen, Fe, oxidiert zu Eisen-Ionen, Fe2+ und Fe3+, die in die L\u00f6sung \u00fcbergehen (dies f\u00fchrt zu einer Farb\u00e4nderung der L\u00f6sung).<\/p>\n<p>Andererseits wird das Kupferion Cu2+ des Sulfats zu Kupfer Cu reduziert. Dies ist an einer d\u00fcnnen roten Schicht zu erkennen, die sich auf dem Eisen ablagert. Diese Schicht ist nicht fixiert und kann leicht von der Platte entfernt werden.<\/p>\n<p>Die Reaktionen, die dabei ablaufen, sind:<\/p>\n<p><strong>CuSO4 + Fe -&gt; FeSO4 + Cu<\/strong><\/p>\n<p>Die Rolle des Kochsalzes, Natriumchlorid, besteht darin, die Bewegung der Elektronen zu erleichtern, damit die Reaktion ablaufen kann.<\/p>","protected":false},"excerpt":{"rendered":"<p>Diese Aktivit\u00e4t, bei der ein elektrolytisches \u00c4tzen von Eisen durchgef\u00fchrt wird, ist ein gro\u00dfartiges Experiment zwischen Eisen und dem Kupferion (aus Kupfersulfat). Es handelt sich dabei um eine Oxidations-Reduktions-Reaktion, die es erm\u00f6glicht, eine Gravur auf Eisen vorzunehmen, z. B. um ein Abzeichen oder einen personalisierten Schl\u00fcsselanh\u00e4nger herzustellen. Sie k\u00f6nnen ein Set f\u00fcr 15 Anwendungen kaufen, so dass Sie es mit 15 Personen oder 15 Mal einzeln durchf\u00fchren k\u00f6nnen. Zur Bestellung folgen Sie bitte den unten angegebenen Schritten.<\/p>","protected":false},"featured_media":40840,"comment_status":"open","ping_status":"closed","template":"","meta":{"_acf_changed":false,"site-sidebar-layout":"default","site-content-layout":"default","ast-site-content-layout":"default","site-content-style":"default","site-sidebar-style":"default","ast-global-header-display":"","ast-banner-title-visibility":"","ast-main-header-display":"","ast-hfb-above-header-display":"","ast-hfb-below-header-display":"","ast-hfb-mobile-header-display":"","site-post-title":"","ast-breadcrumbs-content":"","ast-featured-img":"","footer-sml-layout":"","ast-disable-related-posts":"","theme-transparent-header-meta":"default","adv-header-id-meta":"","stick-header-meta":"default","header-above-stick-meta":"","header-main-stick-meta":"","header-below-stick-meta":"","astra-migrate-meta-layouts":"set","ast-page-background-enabled":"default","ast-page-background-meta":{"desktop":{"background-color":"var(--ast-global-color-4)","background-image":"","background-repeat":"repeat","background-position":"center center","background-size":"auto","background-attachment":"scroll","background-type":"","background-media":"","overlay-type":"","overlay-color":"","overlay-opacity":"","overlay-gradient":""},"tablet":{"background-color":"","background-image":"","background-repeat":"repeat","background-position":"center center","background-size":"auto","background-attachment":"scroll","background-type":"","background-media":"","overlay-type":"","overlay-color":"","overlay-opacity":"","overlay-gradient":""},"mobile":{"background-color":"","background-image":"","background-repeat":"repeat","background-position":"center center","background-size":"auto","background-attachment":"scroll","background-type":"","background-media":"","overlay-type":"","overlay-color":"","overlay-opacity":"","overlay-gradient":""}},"ast-content-background-meta":{"desktop":{"background-color":"var(--ast-global-color-5)","background-image":"","background-repeat":"repeat","background-position":"center center","background-size":"auto","background-attachment":"scroll","background-type":"","background-media":"","overlay-type":"","overlay-color":"","overlay-opacity":"","overlay-gradient":""},"tablet":{"background-color":"var(--ast-global-color-5)","background-image":"","background-repeat":"repeat","background-position":"center center","background-size":"auto","background-attachment":"scroll","background-type":"","background-media":"","overlay-type":"","overlay-color":"","overlay-opacity":"","overlay-gradient":""},"mobile":{"background-color":"var(--ast-global-color-5)","background-image":"","background-repeat":"repeat","background-position":"center center","background-size":"auto","background-attachment":"scroll","background-type":"","background-media":"","overlay-type":"","overlay-color":"","overlay-opacity":"","overlay-gradient":""}}},"product_brand":[],"product_cat":[329],"product_tag":[],"class_list":{"0":"post-39775","1":"product","2":"type-product","3":"status-publish","4":"has-post-thumbnail","6":"product_cat-experimentos-ciencias","7":"pa_unidades-247","8":"pa_unidades-297","9":"desktop-align-left","10":"tablet-align-left","11":"mobile-align-left","12":"ast-product-gallery-layout-horizontal-slider","13":"ast-magnify-disabled","14":"ast-product-single-variable","15":"ast-product-tabs-layout-horizontal","16":"ast-qv-on-image","18":"first","19":"instock","20":"taxable","21":"shipping-taxable","22":"purchasable","23":"product-type-variable","24":"has-default-attributes"},"acf":[],"yoast_head":"<!-- This site is optimized with the Yoast SEO Premium plugin v27.1 (Yoast SEO v27.1.1) - https:\/\/yoast.com\/product\/yoast-seo-premium-wordpress\/ -->\n<title>Grabado Electrol\u00edtico Chapas de Hierro - Kit para 15 Usos. #Exp4: Comprar Online - Alquera.com<\/title>\n<meta name=\"robots\" content=\"index, follow, max-snippet:-1, max-image-preview:large, max-video-preview:-1\" \/>\n<link rel=\"canonical\" href=\"https:\/\/www.alquera.com\/de\/grabar-chapas-hierro\/\" \/>\n<meta property=\"og:locale\" content=\"de_DE\" \/>\n<meta property=\"og:type\" content=\"article\" \/>\n<meta property=\"og:title\" content=\"Grabado Electrol\u00edtico Chapas de Hierro - Kit para 15 Usos. #Exp4: Comprar Online - Alquera.com\" \/>\n<meta property=\"og:description\" content=\"Esta actividad, hacer un grabado electrol\u00edtico del hierro es un gran experimento a realizar entre el hierro y el ion cobre (proveniente del sulfato de cobre). Es una reacci\u00f3n de oxidaci\u00f3n-reducci\u00f3n que permite hacer un grabado sobre el hierro, pudiendo por ejemplo hacer una chapa o un llavero personalizado. Puedes comprar un kit para 15 usos, pudi\u00e9ndolo realizar con 15 personas o 15 veces individuales. Para hacer el pedido sigue los pasos que se indican aqu\u00ed m\u00e1s abajo.\" \/>\n<meta property=\"og:url\" content=\"https:\/\/www.alquera.com\/de\/grabar-chapas-hierro\/\" \/>\n<meta property=\"og:site_name\" content=\"Alquera.com\" \/>\n<meta property=\"article:publisher\" content=\"https:\/\/www.facebook.com\/alqueraciencia\" \/>\n<meta property=\"article:modified_time\" content=\"2025-03-31T11:03:38+00:00\" \/>\n<meta property=\"og:image\" content=\"https:\/\/www.alquera.com\/wp-content\/uploads\/2022\/11\/KIT-CHAPAS-DE-HIERRO.png\" \/>\n\t<meta property=\"og:image:width\" content=\"900\" \/>\n\t<meta property=\"og:image:height\" content=\"900\" \/>\n\t<meta property=\"og:image:type\" content=\"image\/png\" \/>\n<meta name=\"twitter:card\" content=\"summary_large_image\" \/>\n<meta name=\"twitter:label1\" content=\"Verf\u00fcgbarkeit\" \/>\n\t<meta name=\"twitter:data1\" content=\"Auf Lager\" \/>\n<script type=\"application\/ld+json\" class=\"yoast-schema-graph\">{\"@context\":\"https:\/\/schema.org\",\"@graph\":[{\"@type\":[\"WebPage\",\"ItemPage\"],\"@id\":\"https:\/\/www.alquera.com\/grabar-chapas-hierro\/\",\"url\":\"https:\/\/www.alquera.com\/grabar-chapas-hierro\/\",\"name\":\"Grabado Electrol\u00edtico Chapas de Hierro - Kit para 15 Usos. #Exp4: Comprar Online - Alquera.com\",\"isPartOf\":{\"@id\":\"https:\/\/www.alquera.com\/en\/#website\"},\"primaryImageOfPage\":{\"@id\":\"https:\/\/www.alquera.com\/grabar-chapas-hierro\/#primaryimage\"},\"image\":{\"@id\":\"https:\/\/www.alquera.com\/grabar-chapas-hierro\/#primaryimage\"},\"thumbnailUrl\":\"https:\/\/www.alquera.com\/wp-content\/uploads\/2022\/11\/KIT-CHAPAS-DE-HIERRO.png\",\"datePublished\":\"2022-11-11T10:34:55+00:00\",\"dateModified\":\"2025-03-31T11:03:38+00:00\",\"breadcrumb\":{\"@id\":\"https:\/\/www.alquera.com\/grabar-chapas-hierro\/#breadcrumb\"},\"inLanguage\":\"de\",\"potentialAction\":[{\"@type\":\"ReadAction\",\"target\":[\"https:\/\/www.alquera.com\/grabar-chapas-hierro\/\"]}]},{\"@type\":\"ImageObject\",\"inLanguage\":\"de\",\"@id\":\"https:\/\/www.alquera.com\/grabar-chapas-hierro\/#primaryimage\",\"url\":\"https:\/\/www.alquera.com\/wp-content\/uploads\/2022\/11\/KIT-CHAPAS-DE-HIERRO.png\",\"contentUrl\":\"https:\/\/www.alquera.com\/wp-content\/uploads\/2022\/11\/KIT-CHAPAS-DE-HIERRO.png\",\"width\":900,\"height\":900,\"caption\":\"Kit Grabado Chapas de Hierro\"},{\"@type\":\"BreadcrumbList\",\"@id\":\"https:\/\/www.alquera.com\/grabar-chapas-hierro\/#breadcrumb\",\"itemListElement\":[{\"@type\":\"ListItem\",\"position\":1,\"name\":\"Inicio\",\"item\":\"https:\/\/www.alquera.com\/\"},{\"@type\":\"ListItem\",\"position\":2,\"name\":\"Alquera.com: Tienda Online de Productos Qu\u00edmicos y Material de Laboratorio\",\"item\":\"https:\/\/www.alquera.com\/en\/tienda\/\"},{\"@type\":\"ListItem\",\"position\":3,\"name\":\"Grabado Electrol\u00edtico Chapas de Hierro &#8211; Kit para 15 Usos. #Exp4\"}]},{\"@type\":\"WebSite\",\"@id\":\"https:\/\/www.alquera.com\/en\/#website\",\"url\":\"https:\/\/www.alquera.com\/en\/\",\"name\":\"Alquera.com\",\"description\":\"Tienda Online Productos Qu\u00edmicos y Material de Laboratorio\",\"publisher\":{\"@id\":\"https:\/\/www.alquera.com\/en\/#organization\"},\"potentialAction\":[{\"@type\":\"SearchAction\",\"target\":{\"@type\":\"EntryPoint\",\"urlTemplate\":\"https:\/\/www.alquera.com\/en\/?s={search_term_string}\"},\"query-input\":{\"@type\":\"PropertyValueSpecification\",\"valueRequired\":true,\"valueName\":\"search_term_string\"}}],\"inLanguage\":\"de\"},{\"@type\":\"Organization\",\"@id\":\"https:\/\/www.alquera.com\/en\/#organization\",\"name\":\"ALQUERA CIENCIA SL\",\"url\":\"https:\/\/www.alquera.com\/en\/\",\"logo\":{\"@type\":\"ImageObject\",\"inLanguage\":\"de\",\"@id\":\"https:\/\/www.alquera.com\/en\/#\/schema\/logo\/image\/\",\"url\":\"https:\/\/www.alquera.com\/wp-content\/uploads\/2020\/11\/logo_300_ancho.png\",\"contentUrl\":\"https:\/\/www.alquera.com\/wp-content\/uploads\/2020\/11\/logo_300_ancho.png\",\"width\":300,\"height\":86,\"caption\":\"ALQUERA CIENCIA SL\"},\"image\":{\"@id\":\"https:\/\/www.alquera.com\/en\/#\/schema\/logo\/image\/\"},\"sameAs\":[\"https:\/\/www.facebook.com\/alqueraciencia\",\"https:\/\/www.instagram.com\/alquera_ciencia\/\",\"https:\/\/www.youtube.com\/c\/alquera\"]}]}<\/script>\n<meta property=\"og:availability\" content=\"instock\" \/>\n<meta property=\"product:availability\" content=\"instock\" \/>\n<meta property=\"product:condition\" content=\"new\" \/>\n<!-- \/ Yoast SEO Premium plugin. -->","yoast_head_json":{"title":"Elektrolytisches \u00c4tzen von Eisenplatten - Kit f\u00fcr 15 Anwendungen. #Exp4: Online kaufen - Alquera.com","robots":{"index":"index","follow":"follow","max-snippet":"max-snippet:-1","max-image-preview":"max-image-preview:large","max-video-preview":"max-video-preview:-1"},"canonical":"https:\/\/www.alquera.com\/de\/grabar-chapas-hierro\/","og_locale":"de_DE","og_type":"article","og_title":"Grabado Electrol\u00edtico Chapas de Hierro - Kit para 15 Usos. #Exp4: Comprar Online - Alquera.com","og_description":"Esta actividad, hacer un grabado electrol\u00edtico del hierro es un gran experimento a realizar entre el hierro y el ion cobre (proveniente del sulfato de cobre). Es una reacci\u00f3n de oxidaci\u00f3n-reducci\u00f3n que permite hacer un grabado sobre el hierro, pudiendo por ejemplo hacer una chapa o un llavero personalizado. Puedes comprar un kit para 15 usos, pudi\u00e9ndolo realizar con 15 personas o 15 veces individuales. Para hacer el pedido sigue los pasos que se indican aqu\u00ed m\u00e1s abajo.","og_url":"https:\/\/www.alquera.com\/de\/grabar-chapas-hierro\/","og_site_name":"Alquera.com","article_publisher":"https:\/\/www.facebook.com\/alqueraciencia","article_modified_time":"2025-03-31T11:03:38+00:00","og_image":[{"width":900,"height":900,"url":"https:\/\/www.alquera.com\/wp-content\/uploads\/2022\/11\/KIT-CHAPAS-DE-HIERRO.png","type":"image\/png"}],"twitter_card":"summary_large_image","twitter_misc":{"Verf\u00fcgbarkeit":"Auf Lager"},"schema":{"@context":"https:\/\/schema.org","@graph":[{"@type":["WebPage","ItemPage"],"@id":"https:\/\/www.alquera.com\/grabar-chapas-hierro\/","url":"https:\/\/www.alquera.com\/grabar-chapas-hierro\/","name":"Elektrolytisches \u00c4tzen von Eisenplatten - Kit f\u00fcr 15 Anwendungen. #Exp4: Online kaufen - Alquera.com","isPartOf":{"@id":"https:\/\/www.alquera.com\/en\/#website"},"primaryImageOfPage":{"@id":"https:\/\/www.alquera.com\/grabar-chapas-hierro\/#primaryimage"},"image":{"@id":"https:\/\/www.alquera.com\/grabar-chapas-hierro\/#primaryimage"},"thumbnailUrl":"https:\/\/www.alquera.com\/wp-content\/uploads\/2022\/11\/KIT-CHAPAS-DE-HIERRO.png","datePublished":"2022-11-11T10:34:55+00:00","dateModified":"2025-03-31T11:03:38+00:00","breadcrumb":{"@id":"https:\/\/www.alquera.com\/grabar-chapas-hierro\/#breadcrumb"},"inLanguage":"de","potentialAction":[{"@type":"ReadAction","target":["https:\/\/www.alquera.com\/grabar-chapas-hierro\/"]}]},{"@type":"ImageObject","inLanguage":"de","@id":"https:\/\/www.alquera.com\/grabar-chapas-hierro\/#primaryimage","url":"https:\/\/www.alquera.com\/wp-content\/uploads\/2022\/11\/KIT-CHAPAS-DE-HIERRO.png","contentUrl":"https:\/\/www.alquera.com\/wp-content\/uploads\/2022\/11\/KIT-CHAPAS-DE-HIERRO.png","width":900,"height":900,"caption":"Kit Grabado Chapas de Hierro"},{"@type":"BreadcrumbList","@id":"https:\/\/www.alquera.com\/grabar-chapas-hierro\/#breadcrumb","itemListElement":[{"@type":"ListItem","position":1,"name":"Inicio","item":"https:\/\/www.alquera.com\/"},{"@type":"ListItem","position":2,"name":"Alquera.com: Tienda Online de Productos Qu\u00edmicos y Material de Laboratorio","item":"https:\/\/www.alquera.com\/en\/tienda\/"},{"@type":"ListItem","position":3,"name":"Grabado Electrol\u00edtico Chapas de Hierro &#8211; Kit para 15 Usos. #Exp4"}]},{"@type":"WebSite","@id":"https:\/\/www.alquera.com\/en\/#website","url":"https:\/\/www.alquera.com\/en\/","name":"Alquera.com","description":"Online Shop Chemische Produkte und Laborger\u00e4te","publisher":{"@id":"https:\/\/www.alquera.com\/en\/#organization"},"potentialAction":[{"@type":"SearchAction","target":{"@type":"EntryPoint","urlTemplate":"https:\/\/www.alquera.com\/en\/?s={search_term_string}"},"query-input":{"@type":"PropertyValueSpecification","valueRequired":true,"valueName":"search_term_string"}}],"inLanguage":"de"},{"@type":"Organization","@id":"https:\/\/www.alquera.com\/en\/#organization","name":"ALQUERA CIENCIA SL","url":"https:\/\/www.alquera.com\/en\/","logo":{"@type":"ImageObject","inLanguage":"de","@id":"https:\/\/www.alquera.com\/en\/#\/schema\/logo\/image\/","url":"https:\/\/www.alquera.com\/wp-content\/uploads\/2020\/11\/logo_300_ancho.png","contentUrl":"https:\/\/www.alquera.com\/wp-content\/uploads\/2020\/11\/logo_300_ancho.png","width":300,"height":86,"caption":"ALQUERA CIENCIA SL"},"image":{"@id":"https:\/\/www.alquera.com\/en\/#\/schema\/logo\/image\/"},"sameAs":["https:\/\/www.facebook.com\/alqueraciencia","https:\/\/www.instagram.com\/alquera_ciencia\/","https:\/\/www.youtube.com\/c\/alquera"]}]},"og_availability":"instock","product_availability":"instock","product_condition":"new"},"_links":{"self":[{"href":"https:\/\/www.alquera.com\/de\/wp-json\/wp\/v2\/product\/39775","targetHints":{"allow":["GET"]}}],"collection":[{"href":"https:\/\/www.alquera.com\/de\/wp-json\/wp\/v2\/product"}],"about":[{"href":"https:\/\/www.alquera.com\/de\/wp-json\/wp\/v2\/types\/product"}],"replies":[{"embeddable":true,"href":"https:\/\/www.alquera.com\/de\/wp-json\/wp\/v2\/comments?post=39775"}],"wp:featuredmedia":[{"embeddable":true,"href":"https:\/\/www.alquera.com\/de\/wp-json\/wp\/v2\/media\/40840"}],"wp:attachment":[{"href":"https:\/\/www.alquera.com\/de\/wp-json\/wp\/v2\/media?parent=39775"}],"wp:term":[{"taxonomy":"product_brand","embeddable":true,"href":"https:\/\/www.alquera.com\/de\/wp-json\/wp\/v2\/product_brand?post=39775"},{"taxonomy":"product_cat","embeddable":true,"href":"https:\/\/www.alquera.com\/de\/wp-json\/wp\/v2\/product_cat?post=39775"},{"taxonomy":"product_tag","embeddable":true,"href":"https:\/\/www.alquera.com\/de\/wp-json\/wp\/v2\/product_tag?post=39775"}],"curies":[{"name":"wp","href":"https:\/\/api.w.org\/{rel}","templated":true}]}}