{"id":40218,"date":"2022-12-14T19:54:52","date_gmt":"2022-12-14T19:54:52","guid":{"rendered":"https:\/\/www.alquera.com\/?post_type=product&#038;p=40218"},"modified":"2023-09-01T14:31:06","modified_gmt":"2023-09-01T14:31:06","slug":"bolas-objetos-flotantes","status":"publish","type":"product","link":"https:\/\/www.alquera.com\/de\/bolas-objetos-flotantes\/","title":{"rendered":"Lichtbrechung mit Gelkugeln. #Exp5"},"content":{"rendered":"<h2>WAS IM KIT ENTHALTEN IST<\/h2>\n<ul>\n<li>1 Beutel mit transparenten Gelkugeln:\n<ul>\n<li>Sie haben die Wahl zwischen:\n<ul>\n<li>Aus 100 g trockenen Perlen k\u00f6nnen bis zu 100 l hergestellt werden. Kugelgr\u00f6\u00dfe: 2,5-3 mm trocken - 1-1,5 cm mit Wasser befeuchtet.<\/li>\n<li>oder 1 kg bis zu 1000 l Wasser. Kugelgr\u00f6\u00dfe: 2,5-3 mm trocken - 1-1,5 cm mit Wasser befeuchtet.<\/li>\n<\/ul>\n<\/li>\n<\/ul>\n<\/li>\n<li>Nicht inbegriffen: Dekorationselemente und Schwimmkerzen, die Sie in einem Gesch\u00e4ft kaufen m\u00fcssen.<\/li>\n<\/ul>\n<h2>DETAILLIERTE SCHRITT-F\u00dcR-SCHRITT-ANLEITUNG<\/h2>\n<div class=\"ast-oembed-container\" style=\"height: 100%;\"><iframe loading=\"lazy\" title=\"#Exp5 - Lichtbrechung mit Gelkugeln.\" width=\"500\" height=\"281\" src=\"https:\/\/www.youtube.com\/embed\/H2JXBvxNqOk?start=5&#038;feature=oembed\" frameborder=\"0\" allow=\"accelerometer; autoplay; clipboard-write; encrypted-media; gyroscope; picture-in-picture; web-share\" referrerpolicy=\"strict-origin-when-cross-origin\" allowfullscreen><\/iframe><\/div>\n<ul>\n<li>Nehmen Sie die Gelkugeln.<\/li>\n<li>Pro 10 Gramm Kugeln kann bis zu 1 Liter Wasser aufgenommen werden. Es dauert 4-5 Stunden, bis sie vollst\u00e4ndig hydratisiert sind.<\/li>\n<li>F\u00fcgen Sie die Kugeln in die Vase, legen Sie die dekorativen Elemente.<\/li>\n<li>Gie\u00dfen Sie Wasser ein und Sie werden sehen, wie die Gegenst\u00e4nde zu schwimmen scheinen.<\/li>\n<\/ul>\n<h2>TECHNISCHE ERKL\u00c4RUNG<\/h2>\n<p>Unter Brechung versteht man die \u00c4nderung der Ausbreitungsrichtung einer Welle beim Durchgang durch eine Grenzfl\u00e4che zwischen zwei Medien mit unterschiedlichen Brechungsindizes. Dies liegt daran, dass die Geschwindigkeit der Welle in jedem Medium unterschiedlich ist.<\/p>\n<p>Wenn ein Objekt in Wasser eingetaucht wird, passiert das in das Objekt eindringende Licht die Luft-Gel-Grenzfl\u00e4che und wird aufgrund der unterschiedlichen Brechungsindizes von Luft und Objekt gebrochen. Wenn das Licht dann die Grenzfl\u00e4che zwischen Gel und Wasser passiert, wird es aufgrund der unterschiedlichen Brechungsindizes erneut gebrochen.<\/p>\n<p>Da die Gelkugel jedoch den gleichen Brechungsindex wie Wasser hat, gibt es keinen Unterschied in der Lichtgeschwindigkeit im Gel und im Wasser, so dass es keine Brechung gibt, wenn das Licht die Gel-Wasser-Grenzfl\u00e4che passiert. In diesem Fall tritt das Licht in die Gelkugel ein und verl\u00e4sst sie, ohne seine Ausbreitungsrichtung zu \u00e4ndern, so dass die Gelkugel von au\u00dfen \"unsichtbar\" erscheint. Auf diese Weise sind nur die dekorativen Elemente sichtbar, die Sie platziert haben.<\/p>\n<h2>SIEHE ANDERE AKTIVIT\u00c4TEN<\/h2>\n<p>Weitere Aktivit\u00e4ten und Kits k\u00f6nnen Sie hier sehen: <a href=\"https:\/\/www.alquera.com\/de\/experimentos-de-ciencias\/\">Aktivit\u00e4tskits<\/a><\/p>","protected":false},"excerpt":{"rendered":"<p>Klare Gelkugeln eignen sich hervorragend f\u00fcr die Herstellung von Schwimmkerzen, da sie den gleichen Brechungsindex wie Wasser haben, d. h. sie brechen das Licht nicht und verzerren daher auch nicht die Farbe des Lichts. Au\u00dferdem ist Gel ein sicheres und haltbares Material, so dass Sie lange Freude an Ihren Schwimmkerzen haben werden. Sie k\u00f6nnen die B\u00e4lle zum \u00dcben kaufen, indem Sie die folgenden Schritte befolgen.<\/p>","protected":false},"featured_media":40376,"comment_status":"open","ping_status":"closed","template":"","meta":{"_acf_changed":false,"site-sidebar-layout":"default","site-content-layout":"default","ast-site-content-layout":"default","site-content-style":"default","site-sidebar-style":"default","ast-global-header-display":"","ast-banner-title-visibility":"","ast-main-header-display":"","ast-hfb-above-header-display":"","ast-hfb-below-header-display":"","ast-hfb-mobile-header-display":"","site-post-title":"","ast-breadcrumbs-content":"","ast-featured-img":"","footer-sml-layout":"","ast-disable-related-posts":"","theme-transparent-header-meta":"default","adv-header-id-meta":"","stick-header-meta":"default","header-above-stick-meta":"","header-main-stick-meta":"","header-below-stick-meta":"","astra-migrate-meta-layouts":"default","ast-page-background-enabled":"default","ast-page-background-meta":{"desktop":{"background-color":"var(--ast-global-color-4)","background-image":"","background-repeat":"repeat","background-position":"center center","background-size":"auto","background-attachment":"scroll","background-type":"","background-media":"","overlay-type":"","overlay-color":"","overlay-opacity":"","overlay-gradient":""},"tablet":{"background-color":"","background-image":"","background-repeat":"repeat","background-position":"center center","background-size":"auto","background-attachment":"scroll","background-type":"","background-media":"","overlay-type":"","overlay-color":"","overlay-opacity":"","overlay-gradient":""},"mobile":{"background-color":"","background-image":"","background-repeat":"repeat","background-position":"center center","background-size":"auto","background-attachment":"scroll","background-type":"","background-media":"","overlay-type":"","overlay-color":"","overlay-opacity":"","overlay-gradient":""}},"ast-content-background-meta":{"desktop":{"background-color":"var(--ast-global-color-5)","background-image":"","background-repeat":"repeat","background-position":"center center","background-size":"auto","background-attachment":"scroll","background-type":"","background-media":"","overlay-type":"","overlay-color":"","overlay-opacity":"","overlay-gradient":""},"tablet":{"background-color":"var(--ast-global-color-5)","background-image":"","background-repeat":"repeat","background-position":"center center","background-size":"auto","background-attachment":"scroll","background-type":"","background-media":"","overlay-type":"","overlay-color":"","overlay-opacity":"","overlay-gradient":""},"mobile":{"background-color":"var(--ast-global-color-5)","background-image":"","background-repeat":"repeat","background-position":"center center","background-size":"auto","background-attachment":"scroll","background-type":"","background-media":"","overlay-type":"","overlay-color":"","overlay-opacity":"","overlay-gradient":""}}},"product_brand":[],"product_cat":[329,21],"product_tag":[],"class_list":{"0":"post-40218","1":"product","2":"type-product","3":"status-publish","4":"has-post-thumbnail","6":"product_cat-experimentos-ciencias","7":"product_cat-productos","8":"pa_cantidad-100g","9":"pa_cantidad-1kg","10":"desktop-align-left","11":"tablet-align-left","12":"mobile-align-left","13":"ast-product-gallery-layout-horizontal-slider","14":"ast-magnify-disabled","15":"ast-product-single-variable","16":"ast-product-tabs-layout-horizontal","17":"ast-qv-on-image","19":"first","20":"instock","21":"taxable","22":"shipping-taxable","23":"purchasable","24":"product-type-variable","25":"has-default-attributes"},"acf":[],"yoast_head":"<!-- This site is optimized with the Yoast SEO Premium plugin v27.1 (Yoast SEO v27.1.1) - https:\/\/yoast.com\/product\/yoast-seo-premium-wordpress\/ -->\n<title>Refracci\u00f3n de la Luz con Bolas de Gel. #Exp5: Comprar Online - Alquera.com<\/title>\n<meta name=\"robots\" content=\"index, follow, max-snippet:-1, max-image-preview:large, max-video-preview:-1\" \/>\n<link rel=\"canonical\" href=\"https:\/\/www.alquera.com\/de\/bolas-objetos-flotantes\/\" \/>\n<meta property=\"og:locale\" content=\"de_DE\" \/>\n<meta property=\"og:type\" content=\"article\" \/>\n<meta property=\"og:title\" content=\"Refracci\u00f3n de la Luz con Bolas de Gel. #Exp5: Comprar Online - Alquera.com\" \/>\n<meta property=\"og:description\" content=\"Las bolas de gel transparentes son una excelente opci\u00f3n para hacer velas flotantes ya que tienen el mismo \u00edndice de refracci\u00f3n que el agua, lo que significa que no refractan la luz y, por lo tanto, no distorsionan el color de la luz. Adem\u00e1s, el gel es un material seguro y duradero, por lo que puedes disfrutar de tus velas flotantes durante mucho tiempo. Puedes comprar las bolas para hacer la pr\u00e1ctica siguiendo los pasos que se indican.\" \/>\n<meta property=\"og:url\" content=\"https:\/\/www.alquera.com\/de\/bolas-objetos-flotantes\/\" \/>\n<meta property=\"og:site_name\" content=\"Alquera.com\" \/>\n<meta property=\"article:publisher\" content=\"https:\/\/www.facebook.com\/alqueraciencia\" \/>\n<meta property=\"article:modified_time\" content=\"2023-09-01T14:31:06+00:00\" \/>\n<meta property=\"og:image\" content=\"https:\/\/www.alquera.com\/wp-content\/uploads\/2022\/12\/kit-bolas-transparentes.png\" \/>\n\t<meta property=\"og:image:width\" content=\"800\" \/>\n\t<meta property=\"og:image:height\" content=\"800\" \/>\n\t<meta property=\"og:image:type\" content=\"image\/png\" \/>\n<meta name=\"twitter:card\" content=\"summary_large_image\" \/>\n<meta name=\"twitter:label1\" content=\"Verf\u00fcgbarkeit\" \/>\n\t<meta name=\"twitter:data1\" content=\"Auf Lager\" \/>\n<script type=\"application\/ld+json\" class=\"yoast-schema-graph\">{\"@context\":\"https:\/\/schema.org\",\"@graph\":[{\"@type\":[\"WebPage\",\"ItemPage\"],\"@id\":\"https:\/\/www.alquera.com\/bolas-objetos-flotantes\/\",\"url\":\"https:\/\/www.alquera.com\/bolas-objetos-flotantes\/\",\"name\":\"Refracci\u00f3n de la Luz con Bolas de Gel. #Exp5: Comprar Online - Alquera.com\",\"isPartOf\":{\"@id\":\"https:\/\/www.alquera.com\/en\/#website\"},\"primaryImageOfPage\":{\"@id\":\"https:\/\/www.alquera.com\/bolas-objetos-flotantes\/#primaryimage\"},\"image\":{\"@id\":\"https:\/\/www.alquera.com\/bolas-objetos-flotantes\/#primaryimage\"},\"thumbnailUrl\":\"https:\/\/www.alquera.com\/wp-content\/uploads\/2022\/12\/kit-bolas-transparentes.png\",\"datePublished\":\"2022-12-14T19:54:52+00:00\",\"dateModified\":\"2023-09-01T14:31:06+00:00\",\"breadcrumb\":{\"@id\":\"https:\/\/www.alquera.com\/bolas-objetos-flotantes\/#breadcrumb\"},\"inLanguage\":\"de\",\"potentialAction\":[{\"@type\":\"ReadAction\",\"target\":[\"https:\/\/www.alquera.com\/bolas-objetos-flotantes\/\"]}]},{\"@type\":\"ImageObject\",\"inLanguage\":\"de\",\"@id\":\"https:\/\/www.alquera.com\/bolas-objetos-flotantes\/#primaryimage\",\"url\":\"https:\/\/www.alquera.com\/wp-content\/uploads\/2022\/12\/kit-bolas-transparentes.png\",\"contentUrl\":\"https:\/\/www.alquera.com\/wp-content\/uploads\/2022\/12\/kit-bolas-transparentes.png\",\"width\":800,\"height\":800,\"caption\":\"kit bolas transparentes\"},{\"@type\":\"BreadcrumbList\",\"@id\":\"https:\/\/www.alquera.com\/bolas-objetos-flotantes\/#breadcrumb\",\"itemListElement\":[{\"@type\":\"ListItem\",\"position\":1,\"name\":\"Inicio\",\"item\":\"https:\/\/www.alquera.com\/\"},{\"@type\":\"ListItem\",\"position\":2,\"name\":\"Alquera.com: Tienda Online de Productos Qu\u00edmicos y Material de Laboratorio\",\"item\":\"https:\/\/www.alquera.com\/en\/tienda\/\"},{\"@type\":\"ListItem\",\"position\":3,\"name\":\"Refracci\u00f3n de la Luz con Bolas de Gel. #Exp5\"}]},{\"@type\":\"WebSite\",\"@id\":\"https:\/\/www.alquera.com\/en\/#website\",\"url\":\"https:\/\/www.alquera.com\/en\/\",\"name\":\"Alquera.com\",\"description\":\"Tienda Online Productos Qu\u00edmicos y Material de Laboratorio\",\"publisher\":{\"@id\":\"https:\/\/www.alquera.com\/en\/#organization\"},\"potentialAction\":[{\"@type\":\"SearchAction\",\"target\":{\"@type\":\"EntryPoint\",\"urlTemplate\":\"https:\/\/www.alquera.com\/en\/?s={search_term_string}\"},\"query-input\":{\"@type\":\"PropertyValueSpecification\",\"valueRequired\":true,\"valueName\":\"search_term_string\"}}],\"inLanguage\":\"de\"},{\"@type\":\"Organization\",\"@id\":\"https:\/\/www.alquera.com\/en\/#organization\",\"name\":\"ALQUERA CIENCIA SL\",\"url\":\"https:\/\/www.alquera.com\/en\/\",\"logo\":{\"@type\":\"ImageObject\",\"inLanguage\":\"de\",\"@id\":\"https:\/\/www.alquera.com\/en\/#\/schema\/logo\/image\/\",\"url\":\"https:\/\/www.alquera.com\/wp-content\/uploads\/2020\/11\/logo_300_ancho.png\",\"contentUrl\":\"https:\/\/www.alquera.com\/wp-content\/uploads\/2020\/11\/logo_300_ancho.png\",\"width\":300,\"height\":86,\"caption\":\"ALQUERA CIENCIA SL\"},\"image\":{\"@id\":\"https:\/\/www.alquera.com\/en\/#\/schema\/logo\/image\/\"},\"sameAs\":[\"https:\/\/www.facebook.com\/alqueraciencia\",\"https:\/\/www.instagram.com\/alquera_ciencia\/\",\"https:\/\/www.youtube.com\/c\/alquera\"]}]}<\/script>\n<meta property=\"og:availability\" content=\"instock\" \/>\n<meta property=\"product:availability\" content=\"instock\" \/>\n<meta property=\"product:condition\" content=\"new\" \/>\n<!-- \/ Yoast SEO Premium plugin. -->","yoast_head_json":{"title":"Lichtbrechung mit Gelkugeln. #Exp5: Online kaufen - Alquera.com","robots":{"index":"index","follow":"follow","max-snippet":"max-snippet:-1","max-image-preview":"max-image-preview:large","max-video-preview":"max-video-preview:-1"},"canonical":"https:\/\/www.alquera.com\/de\/bolas-objetos-flotantes\/","og_locale":"de_DE","og_type":"article","og_title":"Refracci\u00f3n de la Luz con Bolas de Gel. #Exp5: Comprar Online - Alquera.com","og_description":"Las bolas de gel transparentes son una excelente opci\u00f3n para hacer velas flotantes ya que tienen el mismo \u00edndice de refracci\u00f3n que el agua, lo que significa que no refractan la luz y, por lo tanto, no distorsionan el color de la luz. Adem\u00e1s, el gel es un material seguro y duradero, por lo que puedes disfrutar de tus velas flotantes durante mucho tiempo. Puedes comprar las bolas para hacer la pr\u00e1ctica siguiendo los pasos que se indican.","og_url":"https:\/\/www.alquera.com\/de\/bolas-objetos-flotantes\/","og_site_name":"Alquera.com","article_publisher":"https:\/\/www.facebook.com\/alqueraciencia","article_modified_time":"2023-09-01T14:31:06+00:00","og_image":[{"width":800,"height":800,"url":"https:\/\/www.alquera.com\/wp-content\/uploads\/2022\/12\/kit-bolas-transparentes.png","type":"image\/png"}],"twitter_card":"summary_large_image","twitter_misc":{"Verf\u00fcgbarkeit":"Auf Lager"},"schema":{"@context":"https:\/\/schema.org","@graph":[{"@type":["WebPage","ItemPage"],"@id":"https:\/\/www.alquera.com\/bolas-objetos-flotantes\/","url":"https:\/\/www.alquera.com\/bolas-objetos-flotantes\/","name":"Lichtbrechung mit Gelkugeln. #Exp5: Online kaufen - Alquera.com","isPartOf":{"@id":"https:\/\/www.alquera.com\/en\/#website"},"primaryImageOfPage":{"@id":"https:\/\/www.alquera.com\/bolas-objetos-flotantes\/#primaryimage"},"image":{"@id":"https:\/\/www.alquera.com\/bolas-objetos-flotantes\/#primaryimage"},"thumbnailUrl":"https:\/\/www.alquera.com\/wp-content\/uploads\/2022\/12\/kit-bolas-transparentes.png","datePublished":"2022-12-14T19:54:52+00:00","dateModified":"2023-09-01T14:31:06+00:00","breadcrumb":{"@id":"https:\/\/www.alquera.com\/bolas-objetos-flotantes\/#breadcrumb"},"inLanguage":"de","potentialAction":[{"@type":"ReadAction","target":["https:\/\/www.alquera.com\/bolas-objetos-flotantes\/"]}]},{"@type":"ImageObject","inLanguage":"de","@id":"https:\/\/www.alquera.com\/bolas-objetos-flotantes\/#primaryimage","url":"https:\/\/www.alquera.com\/wp-content\/uploads\/2022\/12\/kit-bolas-transparentes.png","contentUrl":"https:\/\/www.alquera.com\/wp-content\/uploads\/2022\/12\/kit-bolas-transparentes.png","width":800,"height":800,"caption":"kit bolas transparentes"},{"@type":"BreadcrumbList","@id":"https:\/\/www.alquera.com\/bolas-objetos-flotantes\/#breadcrumb","itemListElement":[{"@type":"ListItem","position":1,"name":"Inicio","item":"https:\/\/www.alquera.com\/"},{"@type":"ListItem","position":2,"name":"Alquera.com: Tienda Online de Productos Qu\u00edmicos y Material de Laboratorio","item":"https:\/\/www.alquera.com\/en\/tienda\/"},{"@type":"ListItem","position":3,"name":"Refracci\u00f3n de la Luz con Bolas de Gel. #Exp5"}]},{"@type":"WebSite","@id":"https:\/\/www.alquera.com\/en\/#website","url":"https:\/\/www.alquera.com\/en\/","name":"Alquera.com","description":"Online Shop Chemische Produkte und Laborger\u00e4te","publisher":{"@id":"https:\/\/www.alquera.com\/en\/#organization"},"potentialAction":[{"@type":"SearchAction","target":{"@type":"EntryPoint","urlTemplate":"https:\/\/www.alquera.com\/en\/?s={search_term_string}"},"query-input":{"@type":"PropertyValueSpecification","valueRequired":true,"valueName":"search_term_string"}}],"inLanguage":"de"},{"@type":"Organization","@id":"https:\/\/www.alquera.com\/en\/#organization","name":"ALQUERA CIENCIA SL","url":"https:\/\/www.alquera.com\/en\/","logo":{"@type":"ImageObject","inLanguage":"de","@id":"https:\/\/www.alquera.com\/en\/#\/schema\/logo\/image\/","url":"https:\/\/www.alquera.com\/wp-content\/uploads\/2020\/11\/logo_300_ancho.png","contentUrl":"https:\/\/www.alquera.com\/wp-content\/uploads\/2020\/11\/logo_300_ancho.png","width":300,"height":86,"caption":"ALQUERA CIENCIA SL"},"image":{"@id":"https:\/\/www.alquera.com\/en\/#\/schema\/logo\/image\/"},"sameAs":["https:\/\/www.facebook.com\/alqueraciencia","https:\/\/www.instagram.com\/alquera_ciencia\/","https:\/\/www.youtube.com\/c\/alquera"]}]},"og_availability":"instock","product_availability":"instock","product_condition":"new"},"_links":{"self":[{"href":"https:\/\/www.alquera.com\/de\/wp-json\/wp\/v2\/product\/40218","targetHints":{"allow":["GET"]}}],"collection":[{"href":"https:\/\/www.alquera.com\/de\/wp-json\/wp\/v2\/product"}],"about":[{"href":"https:\/\/www.alquera.com\/de\/wp-json\/wp\/v2\/types\/product"}],"replies":[{"embeddable":true,"href":"https:\/\/www.alquera.com\/de\/wp-json\/wp\/v2\/comments?post=40218"}],"wp:featuredmedia":[{"embeddable":true,"href":"https:\/\/www.alquera.com\/de\/wp-json\/wp\/v2\/media\/40376"}],"wp:attachment":[{"href":"https:\/\/www.alquera.com\/de\/wp-json\/wp\/v2\/media?parent=40218"}],"wp:term":[{"taxonomy":"product_brand","embeddable":true,"href":"https:\/\/www.alquera.com\/de\/wp-json\/wp\/v2\/product_brand?post=40218"},{"taxonomy":"product_cat","embeddable":true,"href":"https:\/\/www.alquera.com\/de\/wp-json\/wp\/v2\/product_cat?post=40218"},{"taxonomy":"product_tag","embeddable":true,"href":"https:\/\/www.alquera.com\/de\/wp-json\/wp\/v2\/product_tag?post=40218"}],"curies":[{"name":"wp","href":"https:\/\/api.w.org\/{rel}","templated":true}]}}