{"id":40859,"date":"2023-02-10T10:02:56","date_gmt":"2023-02-10T10:02:56","guid":{"rendered":"https:\/\/www.alquera.com\/?post_type=product&#038;p=40859"},"modified":"2023-09-01T14:48:54","modified_gmt":"2023-09-01T14:48:54","slug":"cristalizacion-sulfato-de-cobre","status":"publish","type":"product","link":"https:\/\/www.alquera.com\/de\/cristalizacion-sulfato-de-cobre\/","title":{"rendered":"Kristallisation Kupfersulfat #Exp12"},"content":{"rendered":"<h2>WAS IM KIT ENTHALTEN IST<\/h2>\n<ul>\n<li>1kg <a href=\"https:\/\/www.alquera.com\/de\/sulfato-de-cobre\/\">Kupfersulfat<\/a><\/li>\n<li>2 <a href=\"https:\/\/www.alquera.com\/de\/placas-de-petri\/\">Petrischalen<\/a><\/li>\n<li>Nicht enthalten sind: Glasstab, Faden, destilliertes Wasser und gef\u00e4llte Becher, die Sie im Fachhandel erwerben m\u00fcssen.<\/li>\n<\/ul>\n<h2>DETAILLIERTE SCHRITT-F\u00dcR-SCHRITT-ANLEITUNG<\/h2>\n<div class=\"ast-oembed-container\" style=\"height: 100%;\"><iframe loading=\"lazy\" title=\"#Exp12- Kristallisation Kupfersulfat\" width=\"500\" height=\"281\" src=\"https:\/\/www.youtube.com\/embed\/BsbatEg_dqg?feature=oembed\" frameborder=\"0\" allow=\"accelerometer; autoplay; clipboard-write; encrypted-media; gyroscope; picture-in-picture; web-share\" referrerpolicy=\"strict-origin-when-cross-origin\" allowfullscreen><\/iframe><\/div>\n<ul>\n<li>F\u00fcr die Kristallisation von Kupfersulfat werden 2 Teile ben\u00f6tigt:<\/li>\n<li>A) Ein Saatgut erstellen<\/li>\n<li>B) Wachsen des Kristalls auf dem Saatgut<\/li>\n<\/ul>\n<p>A) EIN SAATGUT ERZEUGEN<\/p>\n<ul>\n<li>Wir m\u00fcssen 100 ml destilliertes Wasser und 75 g Kupfersulfat verwenden. Wir bereiten die Mischung vor, erhitzen sie gut und geben einen Teil der L\u00f6sung in eine Petrischale und lassen sie einen Tag lang stehen. Als Ergebnis erhalten wir kleine Kristalle, die unsere \"Samen\" sein werden.<\/li>\n<\/ul>\n<p>(B) Z\u00dcCHTUNG DES KRISTALLS AUF DEM KEIM<\/p>\n<ul>\n<li>Wir m\u00fcssen eine neue L\u00f6sung vorbereiten. Wir verwenden 200 ml destilliertes Wasser und 150 g Kupfersulfat. Wir erhitzen es, mischen es gut und geben es in ein Becherglas mit F\u00e4llung.<\/li>\n<li>Andererseits pr\u00e4parieren wir den Samen mit einer Angelschnur und f\u00fchren ihn mit Hilfe eines Stabes oder \u00e4hnlichem in die L\u00f6sung ein. Nach 24 Stunden k\u00f6nnen wir sehen, dass wir einen kleinen Kristall erhalten haben, der an unserem Samen h\u00e4ngt.<\/li>\n<\/ul>\n<p>WIE BEKOMMEN WIR EINEN GR\u00d6SSEREN KRISTALL?<\/p>\n<ul>\n<li>Zu der verbleibenden L\u00f6sung 100 ml destilliertes Wasser und 75 g Kupfersulfat hinzuf\u00fcgen. Erhitzen, gut aufl\u00f6sen und zur\u00fcck in ein Becherglas geben.<\/li>\n<li>Wir f\u00fchren den Kristall in diese L\u00f6sung ein, damit er sich weiter bildet.<\/li>\n<li>Nach 24 Stunden k\u00f6nnen wir sehen, wie das Glas gewachsen ist.<\/li>\n<\/ul>\n<p>Wenn Sie einen gr\u00f6\u00dferen Kristall w\u00fcnschen, k\u00f6nnen Sie diesen Vorgang so lange wiederholen, bis Sie die gew\u00fcnschte Gr\u00f6\u00dfe erreicht haben.<\/p>\n<h2>TECHNISCHE ERKL\u00c4RUNG<\/h2>\n<p>Kristallisation ist der Prozess, bei dem aus einem pulverf\u00f6rmigen Element Kristalle entstehen. Die Grundlage der Kristallisation ist die gr\u00f6\u00dfere L\u00f6slichkeit eines Elements bei einer h\u00f6heren Temperatur als bei einer niedrigeren Temperatur. Daher kann bei einer h\u00f6heren Temperatur eine gr\u00f6\u00dfere Menge an L\u00f6sungsmittel gel\u00f6st werden.<\/p>\n<p>Beim Abk\u00fchlen - je langsamer, desto besser - nimmt die L\u00f6slichkeit des Sulfats ab und es bildet sich ein Kristall um den Faden.<\/p>\n<p>Da der Kristall durch Ausf\u00e4llung in einer \u00fcbers\u00e4ttigten L\u00f6sung gebildet wird, muss der Kristall einfach in eine andere hei\u00dfe, \u00fcbers\u00e4ttigte L\u00f6sung gegeben werden, um weiter zu wachsen. Wenn er abk\u00fchlt, w\u00e4chst der Kristall weiter.<\/p>\n<p>&nbsp;<\/p>","protected":false},"excerpt":{"rendered":"<p>Die Kristallisation von Kupfersulfat ist ein sehr einfaches Experiment. Sie besteht in der sofortigen Kristallisation des Sulfats. Sie k\u00f6nnen den Bausatz f\u00fcr das Experiment kaufen, indem Sie die angegebenen Schritte befolgen.<\/p>","protected":false},"featured_media":41135,"comment_status":"open","ping_status":"closed","template":"","meta":{"_acf_changed":false,"site-sidebar-layout":"default","site-content-layout":"default","ast-site-content-layout":"default","site-content-style":"default","site-sidebar-style":"default","ast-global-header-display":"","ast-banner-title-visibility":"","ast-main-header-display":"","ast-hfb-above-header-display":"","ast-hfb-below-header-display":"","ast-hfb-mobile-header-display":"","site-post-title":"","ast-breadcrumbs-content":"","ast-featured-img":"","footer-sml-layout":"","ast-disable-related-posts":"","theme-transparent-header-meta":"default","adv-header-id-meta":"","stick-header-meta":"default","header-above-stick-meta":"","header-main-stick-meta":"","header-below-stick-meta":"","astra-migrate-meta-layouts":"default","ast-page-background-enabled":"default","ast-page-background-meta":{"desktop":{"background-color":"var(--ast-global-color-4)","background-image":"","background-repeat":"repeat","background-position":"center center","background-size":"auto","background-attachment":"scroll","background-type":"","background-media":"","overlay-type":"","overlay-color":"","overlay-opacity":"","overlay-gradient":""},"tablet":{"background-color":"","background-image":"","background-repeat":"repeat","background-position":"center center","background-size":"auto","background-attachment":"scroll","background-type":"","background-media":"","overlay-type":"","overlay-color":"","overlay-opacity":"","overlay-gradient":""},"mobile":{"background-color":"","background-image":"","background-repeat":"repeat","background-position":"center center","background-size":"auto","background-attachment":"scroll","background-type":"","background-media":"","overlay-type":"","overlay-color":"","overlay-opacity":"","overlay-gradient":""}},"ast-content-background-meta":{"desktop":{"background-color":"var(--ast-global-color-5)","background-image":"","background-repeat":"repeat","background-position":"center center","background-size":"auto","background-attachment":"scroll","background-type":"","background-media":"","overlay-type":"","overlay-color":"","overlay-opacity":"","overlay-gradient":""},"tablet":{"background-color":"var(--ast-global-color-5)","background-image":"","background-repeat":"repeat","background-position":"center center","background-size":"auto","background-attachment":"scroll","background-type":"","background-media":"","overlay-type":"","overlay-color":"","overlay-opacity":"","overlay-gradient":""},"mobile":{"background-color":"var(--ast-global-color-5)","background-image":"","background-repeat":"repeat","background-position":"center center","background-size":"auto","background-attachment":"scroll","background-type":"","background-media":"","overlay-type":"","overlay-color":"","overlay-opacity":"","overlay-gradient":""}}},"product_brand":[],"product_cat":[329,21],"product_tag":[],"class_list":{"0":"post-40859","1":"product","2":"type-product","3":"status-publish","4":"has-post-thumbnail","6":"product_cat-experimentos-ciencias","7":"product_cat-productos","8":"desktop-align-left","9":"tablet-align-left","10":"mobile-align-left","11":"ast-product-gallery-layout-horizontal-slider","12":"ast-magnify-disabled","13":"ast-product-tabs-layout-horizontal","14":"ast-qv-on-image","16":"first","17":"instock","18":"taxable","19":"shipping-taxable","20":"purchasable","21":"product-type-simple"},"acf":[],"yoast_head":"<!-- This site is optimized with the Yoast SEO Premium plugin v27.1 (Yoast SEO v27.1.1) - https:\/\/yoast.com\/product\/yoast-seo-premium-wordpress\/ -->\n<title>Cristalizaci\u00f3n Sulfato de Cobre #Exp12: Comprar Online - Alquera.com<\/title>\n<meta name=\"robots\" content=\"index, follow, max-snippet:-1, max-image-preview:large, max-video-preview:-1\" \/>\n<link rel=\"canonical\" href=\"https:\/\/www.alquera.com\/de\/cristalizacion-sulfato-de-cobre\/\" \/>\n<meta property=\"og:locale\" content=\"de_DE\" \/>\n<meta property=\"og:type\" content=\"article\" \/>\n<meta property=\"og:title\" content=\"Cristalizaci\u00f3n Sulfato de Cobre #Exp12: Comprar Online - Alquera.com\" \/>\n<meta property=\"og:description\" content=\"Hacer la cristalizaci\u00f3n de Sulfato de Cobre es un experimento muy sencillo. Consiste en la cristalizaci\u00f3n de forma instant\u00e1nea del Sulfato. Puedes comprar el Kit para hacer la pr\u00e1ctica siguiendo los pasos que se indican.\" \/>\n<meta property=\"og:url\" content=\"https:\/\/www.alquera.com\/de\/cristalizacion-sulfato-de-cobre\/\" \/>\n<meta property=\"og:site_name\" content=\"Alquera.com\" \/>\n<meta property=\"article:publisher\" content=\"https:\/\/www.facebook.com\/alqueraciencia\" \/>\n<meta property=\"article:modified_time\" content=\"2023-09-01T14:48:54+00:00\" \/>\n<meta property=\"og:image\" content=\"https:\/\/www.alquera.com\/wp-content\/uploads\/2023\/01\/Sulfato-de-Cobre.png\" \/>\n\t<meta property=\"og:image:width\" content=\"600\" \/>\n\t<meta property=\"og:image:height\" content=\"589\" \/>\n\t<meta property=\"og:image:type\" content=\"image\/png\" \/>\n<meta name=\"twitter:card\" content=\"summary_large_image\" \/>\n<meta name=\"twitter:label1\" content=\"Preis\" \/>\n\t<meta name=\"twitter:data1\" content=\"11,90&euro;\" \/>\n\t<meta name=\"twitter:label2\" content=\"Verf\u00fcgbarkeit\" \/>\n\t<meta name=\"twitter:data2\" content=\"Auf Lager\" \/>\n<script type=\"application\/ld+json\" class=\"yoast-schema-graph\">{\"@context\":\"https:\/\/schema.org\",\"@graph\":[{\"@type\":[\"WebPage\",\"ItemPage\"],\"@id\":\"https:\/\/www.alquera.com\/cristalizacion-sulfato-de-cobre\/\",\"url\":\"https:\/\/www.alquera.com\/cristalizacion-sulfato-de-cobre\/\",\"name\":\"Cristalizaci\u00f3n Sulfato de Cobre #Exp12: Comprar Online - Alquera.com\",\"isPartOf\":{\"@id\":\"https:\/\/www.alquera.com\/en\/#website\"},\"primaryImageOfPage\":{\"@id\":\"https:\/\/www.alquera.com\/cristalizacion-sulfato-de-cobre\/#primaryimage\"},\"image\":{\"@id\":\"https:\/\/www.alquera.com\/cristalizacion-sulfato-de-cobre\/#primaryimage\"},\"thumbnailUrl\":\"https:\/\/www.alquera.com\/wp-content\/uploads\/2023\/01\/Sulfato-de-Cobre.png\",\"datePublished\":\"2023-02-10T10:02:56+00:00\",\"dateModified\":\"2023-09-01T14:48:54+00:00\",\"breadcrumb\":{\"@id\":\"https:\/\/www.alquera.com\/cristalizacion-sulfato-de-cobre\/#breadcrumb\"},\"inLanguage\":\"de\",\"potentialAction\":[{\"@type\":\"ReadAction\",\"target\":[\"https:\/\/www.alquera.com\/cristalizacion-sulfato-de-cobre\/\"]}]},{\"@type\":\"ImageObject\",\"inLanguage\":\"de\",\"@id\":\"https:\/\/www.alquera.com\/cristalizacion-sulfato-de-cobre\/#primaryimage\",\"url\":\"https:\/\/www.alquera.com\/wp-content\/uploads\/2023\/01\/Sulfato-de-Cobre.png\",\"contentUrl\":\"https:\/\/www.alquera.com\/wp-content\/uploads\/2023\/01\/Sulfato-de-Cobre.png\",\"width\":600,\"height\":589,\"caption\":\"KIT CRISTALIZACION SULFATO DE COBRE\"},{\"@type\":\"BreadcrumbList\",\"@id\":\"https:\/\/www.alquera.com\/cristalizacion-sulfato-de-cobre\/#breadcrumb\",\"itemListElement\":[{\"@type\":\"ListItem\",\"position\":1,\"name\":\"Inicio\",\"item\":\"https:\/\/www.alquera.com\/\"},{\"@type\":\"ListItem\",\"position\":2,\"name\":\"Alquera.com: Tienda Online de Productos Qu\u00edmicos y Material de Laboratorio\",\"item\":\"https:\/\/www.alquera.com\/en\/tienda\/\"},{\"@type\":\"ListItem\",\"position\":3,\"name\":\"Cristalizaci\u00f3n Sulfato de Cobre #Exp12\"}]},{\"@type\":\"WebSite\",\"@id\":\"https:\/\/www.alquera.com\/en\/#website\",\"url\":\"https:\/\/www.alquera.com\/en\/\",\"name\":\"Alquera.com\",\"description\":\"Tienda Online Productos Qu\u00edmicos y Material de Laboratorio\",\"publisher\":{\"@id\":\"https:\/\/www.alquera.com\/en\/#organization\"},\"potentialAction\":[{\"@type\":\"SearchAction\",\"target\":{\"@type\":\"EntryPoint\",\"urlTemplate\":\"https:\/\/www.alquera.com\/en\/?s={search_term_string}\"},\"query-input\":{\"@type\":\"PropertyValueSpecification\",\"valueRequired\":true,\"valueName\":\"search_term_string\"}}],\"inLanguage\":\"de\"},{\"@type\":\"Organization\",\"@id\":\"https:\/\/www.alquera.com\/en\/#organization\",\"name\":\"ALQUERA CIENCIA SL\",\"url\":\"https:\/\/www.alquera.com\/en\/\",\"logo\":{\"@type\":\"ImageObject\",\"inLanguage\":\"de\",\"@id\":\"https:\/\/www.alquera.com\/en\/#\/schema\/logo\/image\/\",\"url\":\"https:\/\/www.alquera.com\/wp-content\/uploads\/2020\/11\/logo_300_ancho.png\",\"contentUrl\":\"https:\/\/www.alquera.com\/wp-content\/uploads\/2020\/11\/logo_300_ancho.png\",\"width\":300,\"height\":86,\"caption\":\"ALQUERA CIENCIA SL\"},\"image\":{\"@id\":\"https:\/\/www.alquera.com\/en\/#\/schema\/logo\/image\/\"},\"sameAs\":[\"https:\/\/www.facebook.com\/alqueraciencia\",\"https:\/\/www.instagram.com\/alquera_ciencia\/\",\"https:\/\/www.youtube.com\/c\/alquera\"]}]}<\/script>\n<meta property=\"product:price:amount\" content=\"11.90\" \/>\n<meta property=\"product:price:currency\" content=\"EUR\" \/>\n<meta property=\"og:availability\" content=\"instock\" \/>\n<meta property=\"product:availability\" content=\"instock\" \/>\n<meta property=\"product:condition\" content=\"new\" \/>\n<!-- \/ Yoast SEO Premium plugin. -->","yoast_head_json":{"title":"Kupfersulfat-Kristallisation #Exp12: Online kaufen - Alquera.com","robots":{"index":"index","follow":"follow","max-snippet":"max-snippet:-1","max-image-preview":"max-image-preview:large","max-video-preview":"max-video-preview:-1"},"canonical":"https:\/\/www.alquera.com\/de\/cristalizacion-sulfato-de-cobre\/","og_locale":"de_DE","og_type":"article","og_title":"Cristalizaci\u00f3n Sulfato de Cobre #Exp12: Comprar Online - Alquera.com","og_description":"Hacer la cristalizaci\u00f3n de Sulfato de Cobre es un experimento muy sencillo. Consiste en la cristalizaci\u00f3n de forma instant\u00e1nea del Sulfato. Puedes comprar el Kit para hacer la pr\u00e1ctica siguiendo los pasos que se indican.","og_url":"https:\/\/www.alquera.com\/de\/cristalizacion-sulfato-de-cobre\/","og_site_name":"Alquera.com","article_publisher":"https:\/\/www.facebook.com\/alqueraciencia","article_modified_time":"2023-09-01T14:48:54+00:00","og_image":[{"width":600,"height":589,"url":"https:\/\/www.alquera.com\/wp-content\/uploads\/2023\/01\/Sulfato-de-Cobre.png","type":"image\/png"}],"twitter_card":"summary_large_image","twitter_misc":{"Preis":"11,90&euro;","Verf\u00fcgbarkeit":"Auf Lager"},"schema":{"@context":"https:\/\/schema.org","@graph":[{"@type":["WebPage","ItemPage"],"@id":"https:\/\/www.alquera.com\/cristalizacion-sulfato-de-cobre\/","url":"https:\/\/www.alquera.com\/cristalizacion-sulfato-de-cobre\/","name":"Kupfersulfat-Kristallisation #Exp12: Online kaufen - Alquera.com","isPartOf":{"@id":"https:\/\/www.alquera.com\/en\/#website"},"primaryImageOfPage":{"@id":"https:\/\/www.alquera.com\/cristalizacion-sulfato-de-cobre\/#primaryimage"},"image":{"@id":"https:\/\/www.alquera.com\/cristalizacion-sulfato-de-cobre\/#primaryimage"},"thumbnailUrl":"https:\/\/www.alquera.com\/wp-content\/uploads\/2023\/01\/Sulfato-de-Cobre.png","datePublished":"2023-02-10T10:02:56+00:00","dateModified":"2023-09-01T14:48:54+00:00","breadcrumb":{"@id":"https:\/\/www.alquera.com\/cristalizacion-sulfato-de-cobre\/#breadcrumb"},"inLanguage":"de","potentialAction":[{"@type":"ReadAction","target":["https:\/\/www.alquera.com\/cristalizacion-sulfato-de-cobre\/"]}]},{"@type":"ImageObject","inLanguage":"de","@id":"https:\/\/www.alquera.com\/cristalizacion-sulfato-de-cobre\/#primaryimage","url":"https:\/\/www.alquera.com\/wp-content\/uploads\/2023\/01\/Sulfato-de-Cobre.png","contentUrl":"https:\/\/www.alquera.com\/wp-content\/uploads\/2023\/01\/Sulfato-de-Cobre.png","width":600,"height":589,"caption":"KIT CRISTALIZACION SULFATO DE COBRE"},{"@type":"BreadcrumbList","@id":"https:\/\/www.alquera.com\/cristalizacion-sulfato-de-cobre\/#breadcrumb","itemListElement":[{"@type":"ListItem","position":1,"name":"Inicio","item":"https:\/\/www.alquera.com\/"},{"@type":"ListItem","position":2,"name":"Alquera.com: Tienda Online de Productos Qu\u00edmicos y Material de Laboratorio","item":"https:\/\/www.alquera.com\/en\/tienda\/"},{"@type":"ListItem","position":3,"name":"Cristalizaci\u00f3n Sulfato de Cobre #Exp12"}]},{"@type":"WebSite","@id":"https:\/\/www.alquera.com\/en\/#website","url":"https:\/\/www.alquera.com\/en\/","name":"Alquera.com","description":"Online Shop Chemische Produkte und Laborger\u00e4te","publisher":{"@id":"https:\/\/www.alquera.com\/en\/#organization"},"potentialAction":[{"@type":"SearchAction","target":{"@type":"EntryPoint","urlTemplate":"https:\/\/www.alquera.com\/en\/?s={search_term_string}"},"query-input":{"@type":"PropertyValueSpecification","valueRequired":true,"valueName":"search_term_string"}}],"inLanguage":"de"},{"@type":"Organization","@id":"https:\/\/www.alquera.com\/en\/#organization","name":"ALQUERA CIENCIA SL","url":"https:\/\/www.alquera.com\/en\/","logo":{"@type":"ImageObject","inLanguage":"de","@id":"https:\/\/www.alquera.com\/en\/#\/schema\/logo\/image\/","url":"https:\/\/www.alquera.com\/wp-content\/uploads\/2020\/11\/logo_300_ancho.png","contentUrl":"https:\/\/www.alquera.com\/wp-content\/uploads\/2020\/11\/logo_300_ancho.png","width":300,"height":86,"caption":"ALQUERA CIENCIA SL"},"image":{"@id":"https:\/\/www.alquera.com\/en\/#\/schema\/logo\/image\/"},"sameAs":["https:\/\/www.facebook.com\/alqueraciencia","https:\/\/www.instagram.com\/alquera_ciencia\/","https:\/\/www.youtube.com\/c\/alquera"]}]},"product_price_amount":"11.90","product_price_currency":"EUR","og_availability":"instock","product_availability":"instock","product_condition":"new"},"_links":{"self":[{"href":"https:\/\/www.alquera.com\/de\/wp-json\/wp\/v2\/product\/40859","targetHints":{"allow":["GET"]}}],"collection":[{"href":"https:\/\/www.alquera.com\/de\/wp-json\/wp\/v2\/product"}],"about":[{"href":"https:\/\/www.alquera.com\/de\/wp-json\/wp\/v2\/types\/product"}],"replies":[{"embeddable":true,"href":"https:\/\/www.alquera.com\/de\/wp-json\/wp\/v2\/comments?post=40859"}],"wp:featuredmedia":[{"embeddable":true,"href":"https:\/\/www.alquera.com\/de\/wp-json\/wp\/v2\/media\/41135"}],"wp:attachment":[{"href":"https:\/\/www.alquera.com\/de\/wp-json\/wp\/v2\/media?parent=40859"}],"wp:term":[{"taxonomy":"product_brand","embeddable":true,"href":"https:\/\/www.alquera.com\/de\/wp-json\/wp\/v2\/product_brand?post=40859"},{"taxonomy":"product_cat","embeddable":true,"href":"https:\/\/www.alquera.com\/de\/wp-json\/wp\/v2\/product_cat?post=40859"},{"taxonomy":"product_tag","embeddable":true,"href":"https:\/\/www.alquera.com\/de\/wp-json\/wp\/v2\/product_tag?post=40859"}],"curies":[{"name":"wp","href":"https:\/\/api.w.org\/{rel}","templated":true}]}}