{"id":416,"date":"2015-10-21T16:39:40","date_gmt":"2015-10-21T16:39:40","guid":{"rendered":"http:\/\/localhost\/alquera\/productos\/producto\/acido-citrico-1kg\/"},"modified":"2026-05-09T18:17:13","modified_gmt":"2026-05-09T18:17:13","slug":"acido-citrico","status":"publish","type":"product","link":"https:\/\/www.alquera.com\/de\/acido-citrico\/","title":{"rendered":"Zitronens\u00e4ure"},"content":{"rendered":"<p>Zitronens\u00e4ure ist eine organische Tricarbons\u00e4ure, die in den meisten Zitrusfr\u00fcchten, insbesondere Zitronen und Orangen, vorkommt. Zitronens\u00e4ure ist ein hervorragendes Antioxidans, weshalb sie auch als Lebensmittelkonservierungsmittel verwendet wird. Es ist ein Bestandteil vieler Boden- und Keramikreinigungsprodukte. Es wird auch h\u00e4ufig in der Kosmetik zur Regulierung des pH-Werts von Kosmetika und in kleinen wissenschaftlichen Experimenten mit Kindern verwendet.<\/p>\n<h2>IDENTIFIZIERUNG UND EIGENSCHAFTEN<\/h2>\n<p><strong>Name:\u00a0<\/strong>Zitronens\u00e4ure-Monohydrat<br \/>\n<strong>Synonyme:<\/strong> Tricarbons\u00e4ure-2-Hydroxy-1-2-3-Propan-Tricarbons\u00e4ure<br \/>\n<strong>EC: <\/strong>201-069-1<br \/>\n<strong>CAS: <\/strong>5949-29-1<\/p>\n<ul>\n<li>Aussehen: Festes, kristallines Pulver, wei\u00df \/ farblos<\/li>\n<li>Geruch: Geruchlos<\/li>\n<li>pH-Wert (100 g\/l): 1,7<\/li>\n<li>Schmelzpunkt: 153\u00baC<\/li>\n<li>Siedepunkt: Zersetzt sich vor dem Sieden<\/li>\n<li>Entflammbarkeit (fest\/gasf\u00f6rmig): Nicht entflammbar<\/li>\n<li>Dampfdruck (20\u00baC): &lt;0,1 hPa<\/li>\n<li>Dichte (20\u00baC): 1,665 g\/cm<i>3<\/i><\/li>\n<li>L\u00f6slichkeit in Wasser (20\u00baC): 590 g\/l. In Alkoholen, teilweise l\u00f6slich.<\/li>\n<li>Verteilungskoeffizient n-Octanol\/Wasser (log Pow) (20\u00baC): -0,2 bis 1,8<\/li>\n<li>Selbstentz\u00fcndungstemperatur: 345\u00baC<\/li>\n<li>Zersetzungstemperatur: &gt;170\u00baC<\/li>\n<\/ul>\n<h2>ANWENDUNGEN<\/h2>\n<ul>\n<li>Zwischenprodukt<\/li>\n<li>K\u00f6rperpflegeprodukte<\/li>\n<li>Waschmittel und Reinigungsmittel<\/li>\n<li>Papierindustrie<\/li>\n<li>Bauprodukte<\/li>\n<li>Polymere und Kunststoffe<\/li>\n<li>\u00d6lindustrie<\/li>\n<li>Farben und Beschichtungen<\/li>\n<li>Tabak<\/li>\n<li>Fotografie-Produkte<\/li>\n<li>Textilindustrie<\/li>\n<li>Laborreagenzien<\/li>\n<li>Wasseraufbereitung<\/li>\n<li>Oberfl\u00e4chenbehandlung von Metall<\/li>\n<li>Anwendungen in der Landwirtschaft<\/li>\n<li>Spezifische Reinigungsanwendungen<\/li>\n<\/ul>","protected":false},"excerpt":{"rendered":"<p>Kaufen Sie Zitronens\u00e4ure in Packungen von 100g, 1Kg, 5Kg und 25Kg. Der Preis der verschiedenen Formate von Zitronens\u00e4ure ist ersichtlich, wenn Sie das gew\u00fcnschte Format ausw\u00e4hlen. Die Bestellung erfolgt direkt \u00fcber das Internet nach den angegebenen Schritten und wird innerhalb von 24\/48 Stunden geliefert.<\/p>","protected":false},"featured_media":35753,"comment_status":"open","ping_status":"closed","template":"","meta":{"_acf_changed":false,"site-sidebar-layout":"default","site-content-layout":"default","ast-site-content-layout":"default","site-content-style":"default","site-sidebar-style":"default","ast-global-header-display":"","ast-banner-title-visibility":"","ast-main-header-display":"","ast-hfb-above-header-display":"","ast-hfb-below-header-display":"","ast-hfb-mobile-header-display":"","site-post-title":"","ast-breadcrumbs-content":"","ast-featured-img":"","footer-sml-layout":"","ast-disable-related-posts":"","theme-transparent-header-meta":"default","adv-header-id-meta":"","stick-header-meta":"default","header-above-stick-meta":"","header-main-stick-meta":"","header-below-stick-meta":"","astra-migrate-meta-layouts":"default","ast-page-background-enabled":"default","ast-page-background-meta":{"desktop":{"background-color":"var(--ast-global-color-4)","background-image":"","background-repeat":"repeat","background-position":"center center","background-size":"auto","background-attachment":"scroll","background-type":"","background-media":"","overlay-type":"","overlay-color":"","overlay-opacity":"","overlay-gradient":""},"tablet":{"background-color":"","background-image":"","background-repeat":"repeat","background-position":"center center","background-size":"auto","background-attachment":"scroll","background-type":"","background-media":"","overlay-type":"","overlay-color":"","overlay-opacity":"","overlay-gradient":""},"mobile":{"background-color":"","background-image":"","background-repeat":"repeat","background-position":"center center","background-size":"auto","background-attachment":"scroll","background-type":"","background-media":"","overlay-type":"","overlay-color":"","overlay-opacity":"","overlay-gradient":""}},"ast-content-background-meta":{"desktop":{"background-color":"var(--ast-global-color-5)","background-image":"","background-repeat":"repeat","background-position":"center center","background-size":"auto","background-attachment":"scroll","background-type":"","background-media":"","overlay-type":"","overlay-color":"","overlay-opacity":"","overlay-gradient":""},"tablet":{"background-color":"var(--ast-global-color-5)","background-image":"","background-repeat":"repeat","background-position":"center center","background-size":"auto","background-attachment":"scroll","background-type":"","background-media":"","overlay-type":"","overlay-color":"","overlay-opacity":"","overlay-gradient":""},"mobile":{"background-color":"var(--ast-global-color-5)","background-image":"","background-repeat":"repeat","background-position":"center center","background-size":"auto","background-attachment":"scroll","background-type":"","background-media":"","overlay-type":"","overlay-color":"","overlay-opacity":"","overlay-gradient":""}}},"product_brand":[],"product_cat":[21],"product_tag":[],"class_list":{"0":"post-416","1":"product","2":"type-product","3":"status-publish","4":"has-post-thumbnail","6":"product_cat-productos","7":"pa_cantidad-100g","8":"pa_cantidad-1kg","9":"pa_cantidad-5kg","10":"pa_cantidad-25kg","11":"desktop-align-left","12":"tablet-align-left","13":"mobile-align-left","14":"ast-product-gallery-layout-horizontal-slider","15":"ast-magnify-disabled","16":"ast-product-single-variable","17":"ast-product-tabs-layout-horizontal","18":"ast-qv-on-image","20":"first","21":"instock","22":"taxable","23":"shipping-taxable","24":"purchasable","25":"product-type-variable","26":"has-default-attributes"},"acf":[],"yoast_head":"<!-- This site is optimized with the Yoast SEO Premium plugin v27.1 (Yoast SEO v27.1.1) - https:\/\/yoast.com\/product\/yoast-seo-premium-wordpress\/ -->\n<title>\u00c1cido C\u00edtrico: Comprar online - Alquera.com<\/title>\n<meta name=\"description\" content=\"ENV\u00cdOS EN 24\/48H - Comprar \u00e1cido c\u00edtrico en Alquera. El \u00e1cido c\u00edtrico es un producto qu\u00edmico utilizado en gran cantidad de utilidades.\" \/>\n<meta name=\"robots\" content=\"index, follow, max-snippet:-1, max-image-preview:large, max-video-preview:-1\" \/>\n<link rel=\"canonical\" href=\"https:\/\/www.alquera.com\/de\/acido-citrico\/\" \/>\n<meta property=\"og:locale\" content=\"de_DE\" \/>\n<meta property=\"og:type\" content=\"article\" \/>\n<meta property=\"og:title\" content=\"\u00c1cido C\u00edtrico: Comprar Online - Alquera.com\" \/>\n<meta property=\"og:description\" content=\"ENV\u00cdOS EN 24\/48H - Comprar \u00e1cido c\u00edtrico en Alquera. El \u00e1cido c\u00edtrico es un producto qu\u00edmico utilizado en gran cantidad de utilidades.\" \/>\n<meta property=\"og:url\" content=\"https:\/\/www.alquera.com\/de\/acido-citrico\/\" \/>\n<meta property=\"og:site_name\" content=\"Alquera.com\" \/>\n<meta property=\"article:publisher\" content=\"https:\/\/www.facebook.com\/alqueraciencia\" \/>\n<meta property=\"article:modified_time\" content=\"2026-05-09T18:17:13+00:00\" \/>\n<meta property=\"og:image\" content=\"https:\/\/www.alquera.com\/wp-content\/uploads\/2015\/10\/acido-citrico-1kg.png\" \/>\n\t<meta property=\"og:image:width\" content=\"800\" \/>\n\t<meta property=\"og:image:height\" content=\"800\" \/>\n\t<meta property=\"og:image:type\" content=\"image\/png\" \/>\n<meta name=\"twitter:card\" content=\"summary_large_image\" \/>\n<meta name=\"twitter:label1\" content=\"Verf\u00fcgbarkeit\" \/>\n\t<meta name=\"twitter:data1\" content=\"Auf Lager\" \/>\n<script type=\"application\/ld+json\" class=\"yoast-schema-graph\">{\"@context\":\"https:\/\/schema.org\",\"@graph\":[{\"@type\":[\"WebPage\",\"ItemPage\"],\"@id\":\"https:\/\/www.alquera.com\/acido-citrico\/\",\"url\":\"https:\/\/www.alquera.com\/acido-citrico\/\",\"name\":\"\u00c1cido C\u00edtrico: Comprar online - Alquera.com\",\"isPartOf\":{\"@id\":\"https:\/\/www.alquera.com\/en\/#website\"},\"primaryImageOfPage\":{\"@id\":\"https:\/\/www.alquera.com\/acido-citrico\/#primaryimage\"},\"image\":{\"@id\":\"https:\/\/www.alquera.com\/acido-citrico\/#primaryimage\"},\"thumbnailUrl\":\"https:\/\/www.alquera.com\/wp-content\/uploads\/2015\/10\/acido-citrico-1kg.png\",\"datePublished\":\"2015-10-21T16:39:40+00:00\",\"dateModified\":\"2026-05-09T18:17:13+00:00\",\"description\":\"ENV\u00cdOS EN 24\/48H - Comprar \u00e1cido c\u00edtrico en Alquera. El \u00e1cido c\u00edtrico es un producto qu\u00edmico utilizado en gran cantidad de utilidades.\",\"breadcrumb\":{\"@id\":\"https:\/\/www.alquera.com\/acido-citrico\/#breadcrumb\"},\"inLanguage\":\"de\",\"potentialAction\":[{\"@type\":\"ReadAction\",\"target\":[\"https:\/\/www.alquera.com\/acido-citrico\/\"]}]},{\"@type\":\"ImageObject\",\"inLanguage\":\"de\",\"@id\":\"https:\/\/www.alquera.com\/acido-citrico\/#primaryimage\",\"url\":\"https:\/\/www.alquera.com\/wp-content\/uploads\/2015\/10\/acido-citrico-1kg.png\",\"contentUrl\":\"https:\/\/www.alquera.com\/wp-content\/uploads\/2015\/10\/acido-citrico-1kg.png\",\"width\":800,\"height\":800,\"caption\":\"\u00e1cido c\u00edtrico\"},{\"@type\":\"BreadcrumbList\",\"@id\":\"https:\/\/www.alquera.com\/acido-citrico\/#breadcrumb\",\"itemListElement\":[{\"@type\":\"ListItem\",\"position\":1,\"name\":\"Inicio\",\"item\":\"https:\/\/www.alquera.com\/\"},{\"@type\":\"ListItem\",\"position\":2,\"name\":\"Alquera.com: Tienda Online de Productos Qu\u00edmicos y Material de Laboratorio\",\"item\":\"https:\/\/www.alquera.com\/en\/tienda\/\"},{\"@type\":\"ListItem\",\"position\":3,\"name\":\"\u00c1cido C\u00edtrico\"}]},{\"@type\":\"WebSite\",\"@id\":\"https:\/\/www.alquera.com\/en\/#website\",\"url\":\"https:\/\/www.alquera.com\/en\/\",\"name\":\"Alquera.com\",\"description\":\"Tienda Online Productos Qu\u00edmicos y Material de Laboratorio\",\"publisher\":{\"@id\":\"https:\/\/www.alquera.com\/en\/#organization\"},\"potentialAction\":[{\"@type\":\"SearchAction\",\"target\":{\"@type\":\"EntryPoint\",\"urlTemplate\":\"https:\/\/www.alquera.com\/en\/?s={search_term_string}\"},\"query-input\":{\"@type\":\"PropertyValueSpecification\",\"valueRequired\":true,\"valueName\":\"search_term_string\"}}],\"inLanguage\":\"de\"},{\"@type\":\"Organization\",\"@id\":\"https:\/\/www.alquera.com\/en\/#organization\",\"name\":\"ALQUERA CIENCIA SL\",\"url\":\"https:\/\/www.alquera.com\/en\/\",\"logo\":{\"@type\":\"ImageObject\",\"inLanguage\":\"de\",\"@id\":\"https:\/\/www.alquera.com\/en\/#\/schema\/logo\/image\/\",\"url\":\"https:\/\/www.alquera.com\/wp-content\/uploads\/2020\/11\/logo_300_ancho.png\",\"contentUrl\":\"https:\/\/www.alquera.com\/wp-content\/uploads\/2020\/11\/logo_300_ancho.png\",\"width\":300,\"height\":86,\"caption\":\"ALQUERA CIENCIA SL\"},\"image\":{\"@id\":\"https:\/\/www.alquera.com\/en\/#\/schema\/logo\/image\/\"},\"sameAs\":[\"https:\/\/www.facebook.com\/alqueraciencia\",\"https:\/\/www.instagram.com\/alquera_ciencia\/\",\"https:\/\/www.youtube.com\/c\/alquera\"]}]}<\/script>\n<meta property=\"og:availability\" content=\"instock\" \/>\n<meta property=\"product:availability\" content=\"instock\" \/>\n<meta property=\"product:retailer_item_id\" content=\"AL100011\" \/>\n<meta property=\"product:condition\" content=\"new\" \/>\n<!-- \/ Yoast SEO Premium plugin. -->","yoast_head_json":{"title":"Zitronens\u00e4ure: Online kaufen - Alquera.com","description":"SHIPMENTS IN 24\/48H - Kaufen Sie Zitronens\u00e4ure in Alquera. Zitronens\u00e4ure ist ein chemisches Produkt, das in einer Vielzahl von Anwendungen eingesetzt wird.","robots":{"index":"index","follow":"follow","max-snippet":"max-snippet:-1","max-image-preview":"max-image-preview:large","max-video-preview":"max-video-preview:-1"},"canonical":"https:\/\/www.alquera.com\/de\/acido-citrico\/","og_locale":"de_DE","og_type":"article","og_title":"\u00c1cido C\u00edtrico: Comprar Online - Alquera.com","og_description":"ENV\u00cdOS EN 24\/48H - Comprar \u00e1cido c\u00edtrico en Alquera. El \u00e1cido c\u00edtrico es un producto qu\u00edmico utilizado en gran cantidad de utilidades.","og_url":"https:\/\/www.alquera.com\/de\/acido-citrico\/","og_site_name":"Alquera.com","article_publisher":"https:\/\/www.facebook.com\/alqueraciencia","article_modified_time":"2026-05-09T18:17:13+00:00","og_image":[{"width":800,"height":800,"url":"https:\/\/www.alquera.com\/wp-content\/uploads\/2015\/10\/acido-citrico-1kg.png","type":"image\/png"}],"twitter_card":"summary_large_image","twitter_misc":{"Verf\u00fcgbarkeit":"Auf Lager"},"schema":{"@context":"https:\/\/schema.org","@graph":[{"@type":["WebPage","ItemPage"],"@id":"https:\/\/www.alquera.com\/acido-citrico\/","url":"https:\/\/www.alquera.com\/acido-citrico\/","name":"Zitronens\u00e4ure: Online kaufen - Alquera.com","isPartOf":{"@id":"https:\/\/www.alquera.com\/en\/#website"},"primaryImageOfPage":{"@id":"https:\/\/www.alquera.com\/acido-citrico\/#primaryimage"},"image":{"@id":"https:\/\/www.alquera.com\/acido-citrico\/#primaryimage"},"thumbnailUrl":"https:\/\/www.alquera.com\/wp-content\/uploads\/2015\/10\/acido-citrico-1kg.png","datePublished":"2015-10-21T16:39:40+00:00","dateModified":"2026-05-09T18:17:13+00:00","description":"SHIPMENTS IN 24\/48H - Kaufen Sie Zitronens\u00e4ure in Alquera. Zitronens\u00e4ure ist ein chemisches Produkt, das in einer Vielzahl von Anwendungen eingesetzt wird.","breadcrumb":{"@id":"https:\/\/www.alquera.com\/acido-citrico\/#breadcrumb"},"inLanguage":"de","potentialAction":[{"@type":"ReadAction","target":["https:\/\/www.alquera.com\/acido-citrico\/"]}]},{"@type":"ImageObject","inLanguage":"de","@id":"https:\/\/www.alquera.com\/acido-citrico\/#primaryimage","url":"https:\/\/www.alquera.com\/wp-content\/uploads\/2015\/10\/acido-citrico-1kg.png","contentUrl":"https:\/\/www.alquera.com\/wp-content\/uploads\/2015\/10\/acido-citrico-1kg.png","width":800,"height":800,"caption":"\u00e1cido c\u00edtrico"},{"@type":"BreadcrumbList","@id":"https:\/\/www.alquera.com\/acido-citrico\/#breadcrumb","itemListElement":[{"@type":"ListItem","position":1,"name":"Inicio","item":"https:\/\/www.alquera.com\/"},{"@type":"ListItem","position":2,"name":"Alquera.com: Tienda Online de Productos Qu\u00edmicos y Material de Laboratorio","item":"https:\/\/www.alquera.com\/en\/tienda\/"},{"@type":"ListItem","position":3,"name":"\u00c1cido C\u00edtrico"}]},{"@type":"WebSite","@id":"https:\/\/www.alquera.com\/en\/#website","url":"https:\/\/www.alquera.com\/en\/","name":"Alquera.com","description":"Online Shop Chemische Produkte und Laborger\u00e4te","publisher":{"@id":"https:\/\/www.alquera.com\/en\/#organization"},"potentialAction":[{"@type":"SearchAction","target":{"@type":"EntryPoint","urlTemplate":"https:\/\/www.alquera.com\/en\/?s={search_term_string}"},"query-input":{"@type":"PropertyValueSpecification","valueRequired":true,"valueName":"search_term_string"}}],"inLanguage":"de"},{"@type":"Organization","@id":"https:\/\/www.alquera.com\/en\/#organization","name":"ALQUERA CIENCIA SL","url":"https:\/\/www.alquera.com\/en\/","logo":{"@type":"ImageObject","inLanguage":"de","@id":"https:\/\/www.alquera.com\/en\/#\/schema\/logo\/image\/","url":"https:\/\/www.alquera.com\/wp-content\/uploads\/2020\/11\/logo_300_ancho.png","contentUrl":"https:\/\/www.alquera.com\/wp-content\/uploads\/2020\/11\/logo_300_ancho.png","width":300,"height":86,"caption":"ALQUERA CIENCIA SL"},"image":{"@id":"https:\/\/www.alquera.com\/en\/#\/schema\/logo\/image\/"},"sameAs":["https:\/\/www.facebook.com\/alqueraciencia","https:\/\/www.instagram.com\/alquera_ciencia\/","https:\/\/www.youtube.com\/c\/alquera"]}]},"og_availability":"instock","product_availability":"instock","product_retailer_item_id":"AL100011","product_condition":"new"},"_links":{"self":[{"href":"https:\/\/www.alquera.com\/de\/wp-json\/wp\/v2\/product\/416","targetHints":{"allow":["GET"]}}],"collection":[{"href":"https:\/\/www.alquera.com\/de\/wp-json\/wp\/v2\/product"}],"about":[{"href":"https:\/\/www.alquera.com\/de\/wp-json\/wp\/v2\/types\/product"}],"replies":[{"embeddable":true,"href":"https:\/\/www.alquera.com\/de\/wp-json\/wp\/v2\/comments?post=416"}],"wp:featuredmedia":[{"embeddable":true,"href":"https:\/\/www.alquera.com\/de\/wp-json\/wp\/v2\/media\/35753"}],"wp:attachment":[{"href":"https:\/\/www.alquera.com\/de\/wp-json\/wp\/v2\/media?parent=416"}],"wp:term":[{"taxonomy":"product_brand","embeddable":true,"href":"https:\/\/www.alquera.com\/de\/wp-json\/wp\/v2\/product_brand?post=416"},{"taxonomy":"product_cat","embeddable":true,"href":"https:\/\/www.alquera.com\/de\/wp-json\/wp\/v2\/product_cat?post=416"},{"taxonomy":"product_tag","embeddable":true,"href":"https:\/\/www.alquera.com\/de\/wp-json\/wp\/v2\/product_tag?post=416"}],"curies":[{"name":"wp","href":"https:\/\/api.w.org\/{rel}","templated":true}]}}