{"id":41744,"date":"2023-03-20T11:05:06","date_gmt":"2023-03-20T11:05:06","guid":{"rendered":"https:\/\/www.alquera.com\/?post_type=product&#038;p=41744"},"modified":"2026-02-23T16:13:00","modified_gmt":"2026-02-23T16:13:00","slug":"silicona-para-moldes-catalizador","status":"publish","type":"product","link":"https:\/\/www.alquera.com\/de\/silicona-para-moldes-catalizador\/","title":{"rendered":"Form Silicon + Katalysator"},"content":{"rendered":"<p>Formsilikon und Katalysator werden zusammen in einem Verh\u00e4ltnis von 100:5 verkauft, d. h:<\/p>\n<ul>\n<li>1kg Silikon+50 Gramm Katalysator<\/li>\n<li>5 kg Silikon + 250 g Katalysator<\/li>\n<li>25kg Silikon+1,25kg Katalysator.<\/li>\n<\/ul>\n<p>La silicona para fabricaci\u00f3n de moldes es un elast\u00f3mero de silicona de dos componentes, que mezclados a temperaturaambiente, reticulan, obteniendo un producto final flexible, el\u00e1stico y de excelentes propiedades mec\u00e1nicas.<\/p>\n<p>Sie finden breite Anwendung bei der Herstellung von Formen f\u00fcr die Reproduktion von Wachsmodellen, Keramik, Holz, Metall, Stein, Gips usw., in Materialien wie Polyesterharzen, Polyurethan, Kunststein, Alabaster, Gips usw.<\/p>\n<h2>PHYSIKALISCHE MERKMALE<\/h2>\n<p>- ERSCHEINUNG - Fl\u00fcssige Paste<br \/>\n- FARBE - Wei\u00df<br \/>\n- VISKOSIT\u00c4T bei 25 \u00b0C, mPa.s 25-40.000<br \/>\n- DICHTE bei 25 \u00b0C, g\/cm3 1,10<\/p>\n<h2>MECHANISCHE EIGENSCHAFTEN<\/h2>\n<p>- ARBEITSZEIT bei 25 \u00b0C: 3h .<br \/>\n- Entschalungszeit bei 25 \u00b0C: 24h<br \/>\n- H\u00c4RTE (Shore A) : 12<br \/>\n- BRUCHFESTIGKEIT, Kg\/cm2: 34<br \/>\n- DEHNUNGSFESTIGKEIT, % : 550<br \/>\n- REISSFESTIGKEIT, kg\/cm: 22<\/p>\n<h2>ANWENDUNGEN<\/h2>\n<p>Um eine gute Verwendung von Silikon zu erreichen, m\u00fcssen die folgenden Punkte beachtet werden:<br \/>\n1. die Basis und den Katalysator in einem sauberen, trockenen Beh\u00e4lter durch manuelles oder mechanisches R\u00fchren gr\u00fcndlich vermischen, wobei die Zugabe von Luft zum Gemisch zu vermeiden ist.<br \/>\n2. Um Formen ohne innere Hohlr\u00e4ume zu erhalten, ist es ratsam, die Mischung zu entl\u00fcften. Zu diesem Zweck reicht ein Vakuum in einer Kammer zwischen 30 und 50 mm\/hg f\u00fcr einige Minuten aus.<br \/>\n3. Das Gie\u00dfen der Mischung muss mit Vorsicht erfolgen, um das Eindringen von Luft zu vermeiden, was zur Bildung von Blasen f\u00fchren w\u00fcrde.<\/p>\n<h2>VERWENDUNGSWEISE<\/h2>\n<p>Um eine Silikonform mit dem Formsilikon und dem Katalysator herzustellen, befolgen Sie die nachstehenden Schritte:<\/p>\n<ol>\n<li>\u00a0Suchen Sie einen Beh\u00e4lter mit den passenden Abmessungen f\u00fcr das zu formende Objekt. Um kein zus\u00e4tzliches Produkt zu ben\u00f6tigen, empfehlen wir einen Beh\u00e4lter mit den f\u00fcr das Objekt am besten geeigneten Abmessungen.<\/li>\n<li>Wenn Sie m\u00f6chten, k\u00f6nnen Sie ein Trennmittel auf das Objekt auftragen, damit es sich leichter entfernen l\u00e4sst. Ansonsten l\u00e4sst sich dieses Silikon nach dem Aush\u00e4rten leicht mit Wasser und Seife entfernen.<\/li>\n<li>Decken Sie den Boden des Beh\u00e4lters mit Plastikfolie ab und legen Sie den zu formenden Gegenstand hinein.<\/li>\n<li>Gie\u00dfen Sie eine kleine Menge der Silikon- und Katalysatormischung auf den Boden der Form und halten Sie den Gegenstand am Boden fest, damit er sich nicht bewegt. Trocknen lassen<\/li>\n<li>Den Rest der Form mit der Silikon-Katalysator-Mischung bedecken.<\/li>\n<li>Mehrere Stunden lang trocknen lassen, bis er ausgeh\u00e4rtet ist.<\/li>\n<\/ol>\n<h2>HYGIENE UND SICHERHEIT<\/h2>\n<p>Die Katalysatoren enthalten giftige Zinnsalze, daher wird empfohlen, bei der Handhabung den Kontakt mit der Haut und Spritzer in die Augen zu vermeiden. Bei versehentlichem Kontakt sofort mit reichlich Wasser abwaschen und einen Arzt aufsuchen. F\u00fcr weitere Informationen fordern Sie bitte das Handbuch zur Produktsicherheit an.<\/p>","protected":false},"excerpt":{"rendered":"<p class=\"ai-optimize-47\">Kaufen Sie Silikon f\u00fcr Formen und Katalysatoren. Herstellung von Formen f\u00fcr die Reproduktion von Wachsmodellen, Keramik, Holz, Metall, Stein, Gips usw., in Materialien wie Polyesterharzen, Polyurethan, Kunststein, Alabaster, Gips usw. Geben Sie Ihre Bestellung auf, indem Sie die nachstehenden Schritte befolgen.<\/p>","protected":false},"featured_media":41766,"comment_status":"open","ping_status":"closed","template":"","meta":{"_acf_changed":false,"site-sidebar-layout":"default","site-content-layout":"default","ast-site-content-layout":"default","site-content-style":"default","site-sidebar-style":"default","ast-global-header-display":"","ast-banner-title-visibility":"","ast-main-header-display":"","ast-hfb-above-header-display":"","ast-hfb-below-header-display":"","ast-hfb-mobile-header-display":"","site-post-title":"","ast-breadcrumbs-content":"","ast-featured-img":"","footer-sml-layout":"","ast-disable-related-posts":"","theme-transparent-header-meta":"default","adv-header-id-meta":"","stick-header-meta":"default","header-above-stick-meta":"","header-main-stick-meta":"","header-below-stick-meta":"","astra-migrate-meta-layouts":"set","ast-page-background-enabled":"default","ast-page-background-meta":{"desktop":{"background-color":"var(--ast-global-color-4)","background-image":"","background-repeat":"repeat","background-position":"center center","background-size":"auto","background-attachment":"scroll","background-type":"","background-media":"","overlay-type":"","overlay-color":"","overlay-opacity":"","overlay-gradient":""},"tablet":{"background-color":"","background-image":"","background-repeat":"repeat","background-position":"center center","background-size":"auto","background-attachment":"scroll","background-type":"","background-media":"","overlay-type":"","overlay-color":"","overlay-opacity":"","overlay-gradient":""},"mobile":{"background-color":"","background-image":"","background-repeat":"repeat","background-position":"center center","background-size":"auto","background-attachment":"scroll","background-type":"","background-media":"","overlay-type":"","overlay-color":"","overlay-opacity":"","overlay-gradient":""}},"ast-content-background-meta":{"desktop":{"background-color":"var(--ast-global-color-5)","background-image":"","background-repeat":"repeat","background-position":"center center","background-size":"auto","background-attachment":"scroll","background-type":"","background-media":"","overlay-type":"","overlay-color":"","overlay-opacity":"","overlay-gradient":""},"tablet":{"background-color":"var(--ast-global-color-5)","background-image":"","background-repeat":"repeat","background-position":"center center","background-size":"auto","background-attachment":"scroll","background-type":"","background-media":"","overlay-type":"","overlay-color":"","overlay-opacity":"","overlay-gradient":""},"mobile":{"background-color":"var(--ast-global-color-5)","background-image":"","background-repeat":"repeat","background-position":"center center","background-size":"auto","background-attachment":"scroll","background-type":"","background-media":"","overlay-type":"","overlay-color":"","overlay-opacity":"","overlay-gradient":""}}},"product_brand":[],"product_cat":[21],"product_tag":[],"class_list":{"0":"post-41744","1":"product","2":"type-product","3":"status-publish","4":"has-post-thumbnail","6":"product_cat-productos","7":"pa_cantidad-1kg","8":"pa_cantidad-5kg","9":"pa_cantidad-25kg","10":"desktop-align-left","11":"tablet-align-left","12":"mobile-align-left","13":"ast-product-gallery-layout-horizontal-slider","14":"ast-product-gallery-with-no-image","15":"ast-magnify-disabled","16":"ast-product-single-variable","17":"ast-product-tabs-layout-horizontal","18":"ast-qv-on-image","20":"first","21":"instock","22":"taxable","23":"shipping-taxable","24":"purchasable","25":"product-type-variable","26":"has-default-attributes"},"acf":[],"yoast_head":"<!-- This site is optimized with the Yoast SEO Premium plugin v27.1 (Yoast SEO v27.1.1) - https:\/\/yoast.com\/product\/yoast-seo-premium-wordpress\/ -->\n<title>Silicona para Moldes + Catalizador: Comprar Online - Alquera.com<\/title>\n<meta name=\"description\" content=\"ENV\u00cdOS EN 24\/48H - Silicona para moldes y catalizador. Moldes para la reproducci\u00f3n de modelos de cera, cer\u00e1mica, madera, metal, piedra, yeso, etc.,\" \/>\n<meta name=\"robots\" content=\"index, follow, max-snippet:-1, max-image-preview:large, max-video-preview:-1\" \/>\n<link rel=\"canonical\" href=\"https:\/\/www.alquera.com\/de\/silicona-para-moldes-catalizador\/\" \/>\n<meta property=\"og:locale\" content=\"de_DE\" \/>\n<meta property=\"og:type\" content=\"article\" \/>\n<meta property=\"og:title\" content=\"Silicona para Moldes + Catalizador: Comprar Online - Alquera.com\" \/>\n<meta property=\"og:description\" content=\"ENV\u00cdOS EN 24\/48H - Silicona para moldes y catalizador. Moldes para la reproducci\u00f3n de modelos de cera, cer\u00e1mica, madera, metal, piedra, yeso, etc.,\" \/>\n<meta property=\"og:url\" content=\"https:\/\/www.alquera.com\/de\/silicona-para-moldes-catalizador\/\" \/>\n<meta property=\"og:site_name\" content=\"Alquera.com\" \/>\n<meta property=\"article:publisher\" content=\"https:\/\/www.facebook.com\/alqueraciencia\" \/>\n<meta property=\"article:modified_time\" content=\"2026-02-23T16:13:00+00:00\" \/>\n<meta property=\"og:image\" content=\"https:\/\/www.alquera.com\/wp-content\/uploads\/2023\/03\/SILICONA-PARA-MOLDES.jpg\" \/>\n\t<meta property=\"og:image:width\" content=\"900\" \/>\n\t<meta property=\"og:image:height\" content=\"900\" \/>\n\t<meta property=\"og:image:type\" content=\"image\/jpeg\" \/>\n<meta name=\"twitter:card\" content=\"summary_large_image\" \/>\n<meta name=\"twitter:label1\" content=\"Verf\u00fcgbarkeit\" \/>\n\t<meta name=\"twitter:data1\" content=\"Auf Lager\" \/>\n<script type=\"application\/ld+json\" class=\"yoast-schema-graph\">{\"@context\":\"https:\/\/schema.org\",\"@graph\":[{\"@type\":[\"WebPage\",\"ItemPage\"],\"@id\":\"https:\/\/www.alquera.com\/silicona-para-moldes-catalizador\/\",\"url\":\"https:\/\/www.alquera.com\/silicona-para-moldes-catalizador\/\",\"name\":\"Silicona para Moldes + Catalizador: Comprar Online - Alquera.com\",\"isPartOf\":{\"@id\":\"https:\/\/www.alquera.com\/en\/#website\"},\"primaryImageOfPage\":{\"@id\":\"https:\/\/www.alquera.com\/silicona-para-moldes-catalizador\/#primaryimage\"},\"image\":{\"@id\":\"https:\/\/www.alquera.com\/silicona-para-moldes-catalizador\/#primaryimage\"},\"thumbnailUrl\":\"https:\/\/www.alquera.com\/wp-content\/uploads\/2023\/03\/SILICONA-PARA-MOLDES.jpg\",\"datePublished\":\"2023-03-20T11:05:06+00:00\",\"dateModified\":\"2026-02-23T16:13:00+00:00\",\"description\":\"ENV\u00cdOS EN 24\/48H - Silicona para moldes y catalizador. Moldes para la reproducci\u00f3n de modelos de cera, cer\u00e1mica, madera, metal, piedra, yeso, etc.,\",\"breadcrumb\":{\"@id\":\"https:\/\/www.alquera.com\/silicona-para-moldes-catalizador\/#breadcrumb\"},\"inLanguage\":\"de\",\"potentialAction\":[{\"@type\":\"ReadAction\",\"target\":[\"https:\/\/www.alquera.com\/silicona-para-moldes-catalizador\/\"]}]},{\"@type\":\"ImageObject\",\"inLanguage\":\"de\",\"@id\":\"https:\/\/www.alquera.com\/silicona-para-moldes-catalizador\/#primaryimage\",\"url\":\"https:\/\/www.alquera.com\/wp-content\/uploads\/2023\/03\/SILICONA-PARA-MOLDES.jpg\",\"contentUrl\":\"https:\/\/www.alquera.com\/wp-content\/uploads\/2023\/03\/SILICONA-PARA-MOLDES.jpg\",\"width\":900,\"height\":900,\"caption\":\"SILICONA PARA MOLDES\"},{\"@type\":\"BreadcrumbList\",\"@id\":\"https:\/\/www.alquera.com\/silicona-para-moldes-catalizador\/#breadcrumb\",\"itemListElement\":[{\"@type\":\"ListItem\",\"position\":1,\"name\":\"Inicio\",\"item\":\"https:\/\/www.alquera.com\/\"},{\"@type\":\"ListItem\",\"position\":2,\"name\":\"Alquera.com: Tienda Online de Productos Qu\u00edmicos y Material de Laboratorio\",\"item\":\"https:\/\/www.alquera.com\/en\/tienda\/\"},{\"@type\":\"ListItem\",\"position\":3,\"name\":\"Silicona para Moldes + Catalizador\"}]},{\"@type\":\"WebSite\",\"@id\":\"https:\/\/www.alquera.com\/en\/#website\",\"url\":\"https:\/\/www.alquera.com\/en\/\",\"name\":\"Alquera.com\",\"description\":\"Tienda Online Productos Qu\u00edmicos y Material de Laboratorio\",\"publisher\":{\"@id\":\"https:\/\/www.alquera.com\/en\/#organization\"},\"potentialAction\":[{\"@type\":\"SearchAction\",\"target\":{\"@type\":\"EntryPoint\",\"urlTemplate\":\"https:\/\/www.alquera.com\/en\/?s={search_term_string}\"},\"query-input\":{\"@type\":\"PropertyValueSpecification\",\"valueRequired\":true,\"valueName\":\"search_term_string\"}}],\"inLanguage\":\"de\"},{\"@type\":\"Organization\",\"@id\":\"https:\/\/www.alquera.com\/en\/#organization\",\"name\":\"ALQUERA CIENCIA SL\",\"url\":\"https:\/\/www.alquera.com\/en\/\",\"logo\":{\"@type\":\"ImageObject\",\"inLanguage\":\"de\",\"@id\":\"https:\/\/www.alquera.com\/en\/#\/schema\/logo\/image\/\",\"url\":\"https:\/\/www.alquera.com\/wp-content\/uploads\/2020\/11\/logo_300_ancho.png\",\"contentUrl\":\"https:\/\/www.alquera.com\/wp-content\/uploads\/2020\/11\/logo_300_ancho.png\",\"width\":300,\"height\":86,\"caption\":\"ALQUERA CIENCIA SL\"},\"image\":{\"@id\":\"https:\/\/www.alquera.com\/en\/#\/schema\/logo\/image\/\"},\"sameAs\":[\"https:\/\/www.facebook.com\/alqueraciencia\",\"https:\/\/www.instagram.com\/alquera_ciencia\/\",\"https:\/\/www.youtube.com\/c\/alquera\"]}]}<\/script>\n<meta property=\"og:availability\" content=\"instock\" \/>\n<meta property=\"product:availability\" content=\"instock\" \/>\n<meta property=\"product:condition\" content=\"new\" \/>\n<!-- \/ Yoast SEO Premium plugin. -->","yoast_head_json":{"title":"Formsilikon + Katalysator: Online kaufen - Alquera.com","description":"VERSAND IN 24\/48H - Silikon f\u00fcr Gie\u00dfformen und Katalysatoren. Formen f\u00fcr die Reproduktion von Wachs-, Keramik-, Holz-, Metall-, Stein-, Gips-, etc... Modellen,","robots":{"index":"index","follow":"follow","max-snippet":"max-snippet:-1","max-image-preview":"max-image-preview:large","max-video-preview":"max-video-preview:-1"},"canonical":"https:\/\/www.alquera.com\/de\/silicona-para-moldes-catalizador\/","og_locale":"de_DE","og_type":"article","og_title":"Silicona para Moldes + Catalizador: Comprar Online - Alquera.com","og_description":"ENV\u00cdOS EN 24\/48H - Silicona para moldes y catalizador. Moldes para la reproducci\u00f3n de modelos de cera, cer\u00e1mica, madera, metal, piedra, yeso, etc.,","og_url":"https:\/\/www.alquera.com\/de\/silicona-para-moldes-catalizador\/","og_site_name":"Alquera.com","article_publisher":"https:\/\/www.facebook.com\/alqueraciencia","article_modified_time":"2026-02-23T16:13:00+00:00","og_image":[{"width":900,"height":900,"url":"https:\/\/www.alquera.com\/wp-content\/uploads\/2023\/03\/SILICONA-PARA-MOLDES.jpg","type":"image\/jpeg"}],"twitter_card":"summary_large_image","twitter_misc":{"Verf\u00fcgbarkeit":"Auf Lager"},"schema":{"@context":"https:\/\/schema.org","@graph":[{"@type":["WebPage","ItemPage"],"@id":"https:\/\/www.alquera.com\/silicona-para-moldes-catalizador\/","url":"https:\/\/www.alquera.com\/silicona-para-moldes-catalizador\/","name":"Formsilikon + Katalysator: Online kaufen - Alquera.com","isPartOf":{"@id":"https:\/\/www.alquera.com\/en\/#website"},"primaryImageOfPage":{"@id":"https:\/\/www.alquera.com\/silicona-para-moldes-catalizador\/#primaryimage"},"image":{"@id":"https:\/\/www.alquera.com\/silicona-para-moldes-catalizador\/#primaryimage"},"thumbnailUrl":"https:\/\/www.alquera.com\/wp-content\/uploads\/2023\/03\/SILICONA-PARA-MOLDES.jpg","datePublished":"2023-03-20T11:05:06+00:00","dateModified":"2026-02-23T16:13:00+00:00","description":"VERSAND IN 24\/48H - Silikon f\u00fcr Gie\u00dfformen und Katalysatoren. Formen f\u00fcr die Reproduktion von Wachs-, Keramik-, Holz-, Metall-, Stein-, Gips-, etc... Modellen,","breadcrumb":{"@id":"https:\/\/www.alquera.com\/silicona-para-moldes-catalizador\/#breadcrumb"},"inLanguage":"de","potentialAction":[{"@type":"ReadAction","target":["https:\/\/www.alquera.com\/silicona-para-moldes-catalizador\/"]}]},{"@type":"ImageObject","inLanguage":"de","@id":"https:\/\/www.alquera.com\/silicona-para-moldes-catalizador\/#primaryimage","url":"https:\/\/www.alquera.com\/wp-content\/uploads\/2023\/03\/SILICONA-PARA-MOLDES.jpg","contentUrl":"https:\/\/www.alquera.com\/wp-content\/uploads\/2023\/03\/SILICONA-PARA-MOLDES.jpg","width":900,"height":900,"caption":"SILICONA PARA MOLDES"},{"@type":"BreadcrumbList","@id":"https:\/\/www.alquera.com\/silicona-para-moldes-catalizador\/#breadcrumb","itemListElement":[{"@type":"ListItem","position":1,"name":"Inicio","item":"https:\/\/www.alquera.com\/"},{"@type":"ListItem","position":2,"name":"Alquera.com: Tienda Online de Productos Qu\u00edmicos y Material de Laboratorio","item":"https:\/\/www.alquera.com\/en\/tienda\/"},{"@type":"ListItem","position":3,"name":"Silicona para Moldes + Catalizador"}]},{"@type":"WebSite","@id":"https:\/\/www.alquera.com\/en\/#website","url":"https:\/\/www.alquera.com\/en\/","name":"Alquera.com","description":"Online Shop Chemische Produkte und Laborger\u00e4te","publisher":{"@id":"https:\/\/www.alquera.com\/en\/#organization"},"potentialAction":[{"@type":"SearchAction","target":{"@type":"EntryPoint","urlTemplate":"https:\/\/www.alquera.com\/en\/?s={search_term_string}"},"query-input":{"@type":"PropertyValueSpecification","valueRequired":true,"valueName":"search_term_string"}}],"inLanguage":"de"},{"@type":"Organization","@id":"https:\/\/www.alquera.com\/en\/#organization","name":"ALQUERA CIENCIA SL","url":"https:\/\/www.alquera.com\/en\/","logo":{"@type":"ImageObject","inLanguage":"de","@id":"https:\/\/www.alquera.com\/en\/#\/schema\/logo\/image\/","url":"https:\/\/www.alquera.com\/wp-content\/uploads\/2020\/11\/logo_300_ancho.png","contentUrl":"https:\/\/www.alquera.com\/wp-content\/uploads\/2020\/11\/logo_300_ancho.png","width":300,"height":86,"caption":"ALQUERA CIENCIA SL"},"image":{"@id":"https:\/\/www.alquera.com\/en\/#\/schema\/logo\/image\/"},"sameAs":["https:\/\/www.facebook.com\/alqueraciencia","https:\/\/www.instagram.com\/alquera_ciencia\/","https:\/\/www.youtube.com\/c\/alquera"]}]},"og_availability":"instock","product_availability":"instock","product_condition":"new"},"_links":{"self":[{"href":"https:\/\/www.alquera.com\/de\/wp-json\/wp\/v2\/product\/41744","targetHints":{"allow":["GET"]}}],"collection":[{"href":"https:\/\/www.alquera.com\/de\/wp-json\/wp\/v2\/product"}],"about":[{"href":"https:\/\/www.alquera.com\/de\/wp-json\/wp\/v2\/types\/product"}],"replies":[{"embeddable":true,"href":"https:\/\/www.alquera.com\/de\/wp-json\/wp\/v2\/comments?post=41744"}],"wp:featuredmedia":[{"embeddable":true,"href":"https:\/\/www.alquera.com\/de\/wp-json\/wp\/v2\/media\/41766"}],"wp:attachment":[{"href":"https:\/\/www.alquera.com\/de\/wp-json\/wp\/v2\/media?parent=41744"}],"wp:term":[{"taxonomy":"product_brand","embeddable":true,"href":"https:\/\/www.alquera.com\/de\/wp-json\/wp\/v2\/product_brand?post=41744"},{"taxonomy":"product_cat","embeddable":true,"href":"https:\/\/www.alquera.com\/de\/wp-json\/wp\/v2\/product_cat?post=41744"},{"taxonomy":"product_tag","embeddable":true,"href":"https:\/\/www.alquera.com\/de\/wp-json\/wp\/v2\/product_tag?post=41744"}],"curies":[{"name":"wp","href":"https:\/\/api.w.org\/{rel}","templated":true}]}}