{"id":41822,"date":"2023-03-24T12:04:28","date_gmt":"2023-03-24T12:04:28","guid":{"rendered":"https:\/\/www.alquera.com\/?post_type=product&#038;p=41822"},"modified":"2026-02-23T16:12:13","modified_gmt":"2026-02-23T16:12:13","slug":"set-cianotipia","status":"publish","type":"product","link":"https:\/\/www.alquera.com\/de\/set-cianotipia\/","title":{"rendered":"Cianotipia-Satz"},"content":{"rendered":"<p>Wir bieten Ihnen ein Cyanotypie-Set an. Das Set besteht aus 2 Flaschen (Teil A und Teil B), die jeweils den Pulveranteil von Ferricyanid-Kaliumrot (Teil A) und Eisen-Ammoniak-Citrat (Teil B) enthalten, der f\u00fcr die Herstellung von 2 x 125 ml Flaschen jeder der Komponenten erforderlich ist.<\/p>\n<p>F\u00fcllen Sie einfach jede Flasche mit Wasser auf und Sie erhalten 125 ml von 15% rotem Kaliumferricyanid (Teil A) und 125 ml von 25% Eisenammoniakcitrat (Teil B).<\/p>\n<p>Anschlie\u00dfend m\u00fcssen Sie nur noch den gleichen Inhalt der einzelnen Teile f\u00fcr Ihren Cyanotypie-Prozess verwenden.<\/p>\n<h2>SET 125ml<\/h2>\n<p>TEIL A: 18,75g <a href=\"https:\/\/www.alquera.com\/de\/ferricianuro-de-potasa-rojo\/\">Kaliumhexacyanoferrat Rot<\/a> (zur Herstellung einer 125-ml-L\u00f6sung von 15% rot Kaliumferricyanid rot)<br \/>\nTEIL B: 31,25g <a href=\"https:\/\/www.alquera.com\/de\/citrato-ferrico-amoniacal\/\">Ammoniumeisenzitrat<\/a>(zur Herstellung einer 125 ml L\u00f6sung von Eisen(III)-ammoniumcitrat ammoniakalisch bei 25%)<\/p>\n<p>&nbsp;<\/p>\n<h2><strong>CYANOTYPE-SET. GEBRAUCHSANWEISUNG<\/strong><\/h2>\n<p>Zur Verwendung in der Fotografie, auf Papier oder Textilien.<\/p>\n<p>Inhalt: TEIL A (Kaliumferricyanid) &amp; TEIL B (Ammoniumeisen(III)-citrat).<\/p>\n<p>Die beiden Flaschen im Set (Teil A und Teil B) enthalten das erforderliche Produkt, so dass sie, wenn sie mit Wasser gef\u00fcllt sind, im gleichen Verh\u00e4ltnis verwendet werden k\u00f6nnen. Einmal mit Wasser gef\u00fcllt, enth\u00e4lt jede Flasche 125 ml des Produkts.<\/p>\n<p>Anweisungen<\/p>\n<ol>\n<li>F\u00fcllen Sie jeden Beh\u00e4lter mit Wasser, um die L\u00f6sungen herzustellen: L\u00d6SUNG A UND B.<\/li>\n<li>R\u00fchren, bis das Pulver vollst\u00e4ndig aufgel\u00f6st ist.<\/li>\n<li>Mischen Sie gleiche Teile von L\u00d6SUNG A und L\u00d6SUNG B, um den Cyanotypie-Sensibilisator bei schwacher Beleuchtung herzustellen.<\/li>\n<li>Wir empfehlen, nur das Produkt zu mischen, das Sie verwenden wollen. Die Mischung ist nur f\u00fcr 2-4 Stunden stabil.<\/li>\n<li>Bedecken Sie das Papier oder Tuch mit dem Sensibilisator, setzen Sie es der Sonne aus und lassen Sie es im Dunkeln an der Luft trocknen.<\/li>\n<li>Nach dem Trocknen belichten Sie in der Sonne (3 bis 30 Minuten, je nach Bedingungen) oder unter einer UV-Lichtquelle, indem Sie Gegenst\u00e4nde oder ein Filmnegativ auf die beschichtete Oberfl\u00e4che legen, um ein Bild zu erzeugen.<\/li>\n<\/ol>\n<p>Hinweis: Eine \u00dcberbelichtung ist immer besser als eine Unterbelichtung. Das Pr\u00e4parat sollte nach korrekter Belichtung eine Bronzefarbe annehmen.<\/p>\n<ol start=\"7\">\n<li>Nehmen Sie das Negativ oder den Rahmen aus dem behandelten Papier und tauchen Sie das Papier mindestens 5 Minuten lang in kaltes Wasser, wobei Sie das Wasser regelm\u00e4\u00dfig wechseln, bis es eine helle Farbe annimmt. Lassen Sie es an der Luft trocknen. In etwa 24 Stunden oxidiert der Abzug zu seiner endg\u00fcltigen tiefblauen Farbe. Um den Druck sofort zu seiner endg\u00fcltigen Farbe zu oxidieren, tauchen Sie ihn nach dem Waschen in ein verd\u00fcnntes Wasserstoffperoxidbad, sp\u00fclen Sie ihn ab und trocknen Sie ihn.<\/li>\n<\/ol>\n<p>Hinweis: Cyanotypie-Drucke sind lange haltbar.  Wenn sie jedoch einem hohen pH-Wert oder einer phosphathaltigen Umgebung ausgesetzt sind, k\u00f6nnen sie vergilben. Textilien sollten mit phosphatfreien Waschmitteln gewaschen und vorsichtig behandelt werden, wobei Schwei\u00df und Fett vermieden werden sollten.<\/p>\n<p>&nbsp;<\/p>","protected":false},"excerpt":{"rendered":"<p>Kaufen Sie ein 125ml x 2 Cyanotypie-Set. Das Set besteht aus 2 Flaschen (Teil A und Teil B), die jeweils das rote Kaliumhexacyanoferrat-Pulver (Teil A) und das Eisenammoniakalzitrat (Teil B) enthalten, die notwendig sind, um 2 x 125ml-Flaschen mit jeder der Komponenten zu bilden. Die Bestellung erfolgt direkt \u00fcber das Internet nach den Schritten, die angegeben sind, wobei die Lieferung in 24\/48 Stunden auf der spanischen Halbinsel und in 4-5 Tagen im restlichen Europa erfolgt.<\/p>","protected":false},"featured_media":46895,"comment_status":"open","ping_status":"closed","template":"","meta":{"_acf_changed":false,"site-sidebar-layout":"default","site-content-layout":"default","ast-site-content-layout":"default","site-content-style":"default","site-sidebar-style":"default","ast-global-header-display":"","ast-banner-title-visibility":"","ast-main-header-display":"","ast-hfb-above-header-display":"","ast-hfb-below-header-display":"","ast-hfb-mobile-header-display":"","site-post-title":"","ast-breadcrumbs-content":"","ast-featured-img":"","footer-sml-layout":"","ast-disable-related-posts":"","theme-transparent-header-meta":"default","adv-header-id-meta":"","stick-header-meta":"default","header-above-stick-meta":"","header-main-stick-meta":"","header-below-stick-meta":"","astra-migrate-meta-layouts":"set","ast-page-background-enabled":"default","ast-page-background-meta":{"desktop":{"background-color":"var(--ast-global-color-4)","background-image":"","background-repeat":"repeat","background-position":"center center","background-size":"auto","background-attachment":"scroll","background-type":"","background-media":"","overlay-type":"","overlay-color":"","overlay-opacity":"","overlay-gradient":""},"tablet":{"background-color":"","background-image":"","background-repeat":"repeat","background-position":"center center","background-size":"auto","background-attachment":"scroll","background-type":"","background-media":"","overlay-type":"","overlay-color":"","overlay-opacity":"","overlay-gradient":""},"mobile":{"background-color":"","background-image":"","background-repeat":"repeat","background-position":"center center","background-size":"auto","background-attachment":"scroll","background-type":"","background-media":"","overlay-type":"","overlay-color":"","overlay-opacity":"","overlay-gradient":""}},"ast-content-background-meta":{"desktop":{"background-color":"var(--ast-global-color-5)","background-image":"","background-repeat":"repeat","background-position":"center center","background-size":"auto","background-attachment":"scroll","background-type":"","background-media":"","overlay-type":"","overlay-color":"","overlay-opacity":"","overlay-gradient":""},"tablet":{"background-color":"var(--ast-global-color-5)","background-image":"","background-repeat":"repeat","background-position":"center center","background-size":"auto","background-attachment":"scroll","background-type":"","background-media":"","overlay-type":"","overlay-color":"","overlay-opacity":"","overlay-gradient":""},"mobile":{"background-color":"var(--ast-global-color-5)","background-image":"","background-repeat":"repeat","background-position":"center center","background-size":"auto","background-attachment":"scroll","background-type":"","background-media":"","overlay-type":"","overlay-color":"","overlay-opacity":"","overlay-gradient":""}}},"product_brand":[],"product_cat":[21],"product_tag":[],"class_list":{"0":"post-41822","1":"product","2":"type-product","3":"status-publish","4":"has-post-thumbnail","6":"product_cat-productos","7":"pa_cantidad-50ml","8":"pa_cantidad-125ml","9":"pa_cantidad-500ml","10":"desktop-align-left","11":"tablet-align-left","12":"mobile-align-left","13":"ast-product-gallery-layout-horizontal-slider","14":"ast-magnify-disabled","15":"ast-product-tabs-layout-horizontal","16":"ast-qv-on-image","18":"first","19":"instock","20":"taxable","21":"shipping-taxable","22":"purchasable","23":"product-type-simple"},"acf":[],"yoast_head":"<!-- This site is optimized with the Yoast SEO Premium plugin v27.1 (Yoast SEO v27.1.1) - https:\/\/yoast.com\/product\/yoast-seo-premium-wordpress\/ -->\n<title>Set Cianotipia - Comprar Online Alquera.com<\/title>\n<meta name=\"description\" content=\"ENV\u00cdOS EN 24\/48H. Comprar un set preparado para realizaci\u00f3n de la pr\u00e1ctica de cianotipia. En diferentes formatos y tama\u00f1os.\" \/>\n<meta name=\"robots\" content=\"index, follow, max-snippet:-1, max-image-preview:large, max-video-preview:-1\" \/>\n<link rel=\"canonical\" href=\"https:\/\/www.alquera.com\/de\/set-cianotipia\/\" \/>\n<meta property=\"og:locale\" content=\"de_DE\" \/>\n<meta property=\"og:type\" content=\"article\" \/>\n<meta property=\"og:title\" content=\"Set Cianotipia: Comprar Online - Alquera.com\" \/>\n<meta property=\"og:description\" content=\"ENV\u00cdOS EN 24\/48H. Comprar un set preparado para realizaci\u00f3n de la pr\u00e1ctica de cianotipia. En diferentes formatos y tama\u00f1os.\" \/>\n<meta property=\"og:url\" content=\"https:\/\/www.alquera.com\/de\/set-cianotipia\/\" \/>\n<meta property=\"og:site_name\" content=\"Alquera.com\" \/>\n<meta property=\"article:publisher\" content=\"https:\/\/www.facebook.com\/alqueraciencia\" \/>\n<meta property=\"article:modified_time\" content=\"2026-02-23T16:12:13+00:00\" \/>\n<meta property=\"og:image\" content=\"https:\/\/www.alquera.com\/wp-content\/uploads\/2023\/03\/SET-CIANOTIPA-POLVO-2.png\" \/>\n\t<meta property=\"og:image:width\" content=\"1208\" \/>\n\t<meta property=\"og:image:height\" content=\"1200\" \/>\n\t<meta property=\"og:image:type\" content=\"image\/png\" \/>\n<meta name=\"twitter:card\" content=\"summary_large_image\" \/>\n<meta name=\"twitter:label1\" content=\"Preis\" \/>\n\t<meta name=\"twitter:data1\" content=\"20,90&euro;\" \/>\n\t<meta name=\"twitter:label2\" content=\"Verf\u00fcgbarkeit\" \/>\n\t<meta name=\"twitter:data2\" content=\"Auf Lager\" \/>\n<script type=\"application\/ld+json\" class=\"yoast-schema-graph\">{\"@context\":\"https:\/\/schema.org\",\"@graph\":[{\"@type\":[\"WebPage\",\"ItemPage\"],\"@id\":\"https:\/\/www.alquera.com\/set-cianotipia\/\",\"url\":\"https:\/\/www.alquera.com\/set-cianotipia\/\",\"name\":\"Set Cianotipia - Comprar Online Alquera.com\",\"isPartOf\":{\"@id\":\"https:\/\/www.alquera.com\/en\/#website\"},\"primaryImageOfPage\":{\"@id\":\"https:\/\/www.alquera.com\/set-cianotipia\/#primaryimage\"},\"image\":{\"@id\":\"https:\/\/www.alquera.com\/set-cianotipia\/#primaryimage\"},\"thumbnailUrl\":\"https:\/\/www.alquera.com\/wp-content\/uploads\/2023\/03\/SET-CIANOTIPA-POLVO-2.png\",\"datePublished\":\"2023-03-24T12:04:28+00:00\",\"dateModified\":\"2026-02-23T16:12:13+00:00\",\"description\":\"ENV\u00cdOS EN 24\/48H. Comprar un set preparado para realizaci\u00f3n de la pr\u00e1ctica de cianotipia. En diferentes formatos y tama\u00f1os.\",\"breadcrumb\":{\"@id\":\"https:\/\/www.alquera.com\/set-cianotipia\/#breadcrumb\"},\"inLanguage\":\"de\",\"potentialAction\":[{\"@type\":\"ReadAction\",\"target\":[\"https:\/\/www.alquera.com\/set-cianotipia\/\"]}]},{\"@type\":\"ImageObject\",\"inLanguage\":\"de\",\"@id\":\"https:\/\/www.alquera.com\/set-cianotipia\/#primaryimage\",\"url\":\"https:\/\/www.alquera.com\/wp-content\/uploads\/2023\/03\/SET-CIANOTIPA-POLVO-2.png\",\"contentUrl\":\"https:\/\/www.alquera.com\/wp-content\/uploads\/2023\/03\/SET-CIANOTIPA-POLVO-2.png\",\"width\":1208,\"height\":1200},{\"@type\":\"BreadcrumbList\",\"@id\":\"https:\/\/www.alquera.com\/set-cianotipia\/#breadcrumb\",\"itemListElement\":[{\"@type\":\"ListItem\",\"position\":1,\"name\":\"Inicio\",\"item\":\"https:\/\/www.alquera.com\/\"},{\"@type\":\"ListItem\",\"position\":2,\"name\":\"Alquera.com: Tienda Online de Productos Qu\u00edmicos y Material de Laboratorio\",\"item\":\"https:\/\/www.alquera.com\/en\/tienda\/\"},{\"@type\":\"ListItem\",\"position\":3,\"name\":\"Set Cianotipia\"}]},{\"@type\":\"WebSite\",\"@id\":\"https:\/\/www.alquera.com\/en\/#website\",\"url\":\"https:\/\/www.alquera.com\/en\/\",\"name\":\"Alquera.com\",\"description\":\"Tienda Online Productos Qu\u00edmicos y Material de Laboratorio\",\"publisher\":{\"@id\":\"https:\/\/www.alquera.com\/en\/#organization\"},\"potentialAction\":[{\"@type\":\"SearchAction\",\"target\":{\"@type\":\"EntryPoint\",\"urlTemplate\":\"https:\/\/www.alquera.com\/en\/?s={search_term_string}\"},\"query-input\":{\"@type\":\"PropertyValueSpecification\",\"valueRequired\":true,\"valueName\":\"search_term_string\"}}],\"inLanguage\":\"de\"},{\"@type\":\"Organization\",\"@id\":\"https:\/\/www.alquera.com\/en\/#organization\",\"name\":\"ALQUERA CIENCIA SL\",\"url\":\"https:\/\/www.alquera.com\/en\/\",\"logo\":{\"@type\":\"ImageObject\",\"inLanguage\":\"de\",\"@id\":\"https:\/\/www.alquera.com\/en\/#\/schema\/logo\/image\/\",\"url\":\"https:\/\/www.alquera.com\/wp-content\/uploads\/2020\/11\/logo_300_ancho.png\",\"contentUrl\":\"https:\/\/www.alquera.com\/wp-content\/uploads\/2020\/11\/logo_300_ancho.png\",\"width\":300,\"height\":86,\"caption\":\"ALQUERA CIENCIA SL\"},\"image\":{\"@id\":\"https:\/\/www.alquera.com\/en\/#\/schema\/logo\/image\/\"},\"sameAs\":[\"https:\/\/www.facebook.com\/alqueraciencia\",\"https:\/\/www.instagram.com\/alquera_ciencia\/\",\"https:\/\/www.youtube.com\/c\/alquera\"]}]}<\/script>\n<meta property=\"product:price:amount\" content=\"20.90\" \/>\n<meta property=\"product:price:currency\" content=\"EUR\" \/>\n<meta property=\"og:availability\" content=\"instock\" \/>\n<meta property=\"product:availability\" content=\"instock\" \/>\n<meta property=\"product:condition\" content=\"new\" \/>\n<!-- \/ Yoast SEO Premium plugin. -->","yoast_head_json":{"title":"Cyanotype Set - Online kaufen Alquera.de","description":"SENDUNGEN IN 24\/48H. Kaufen Sie ein Set f\u00fcr die Praxis der Cyanotypie vorbereitet. In verschiedenen Formaten und Gr\u00f6\u00dfen.","robots":{"index":"index","follow":"follow","max-snippet":"max-snippet:-1","max-image-preview":"max-image-preview:large","max-video-preview":"max-video-preview:-1"},"canonical":"https:\/\/www.alquera.com\/de\/set-cianotipia\/","og_locale":"de_DE","og_type":"article","og_title":"Set Cianotipia: Comprar Online - Alquera.com","og_description":"ENV\u00cdOS EN 24\/48H. Comprar un set preparado para realizaci\u00f3n de la pr\u00e1ctica de cianotipia. En diferentes formatos y tama\u00f1os.","og_url":"https:\/\/www.alquera.com\/de\/set-cianotipia\/","og_site_name":"Alquera.com","article_publisher":"https:\/\/www.facebook.com\/alqueraciencia","article_modified_time":"2026-02-23T16:12:13+00:00","og_image":[{"width":1208,"height":1200,"url":"https:\/\/www.alquera.com\/wp-content\/uploads\/2023\/03\/SET-CIANOTIPA-POLVO-2.png","type":"image\/png"}],"twitter_card":"summary_large_image","twitter_misc":{"Preis":"20,90&euro;","Verf\u00fcgbarkeit":"Auf Lager"},"schema":{"@context":"https:\/\/schema.org","@graph":[{"@type":["WebPage","ItemPage"],"@id":"https:\/\/www.alquera.com\/set-cianotipia\/","url":"https:\/\/www.alquera.com\/set-cianotipia\/","name":"Cyanotype Set - Online kaufen Alquera.de","isPartOf":{"@id":"https:\/\/www.alquera.com\/en\/#website"},"primaryImageOfPage":{"@id":"https:\/\/www.alquera.com\/set-cianotipia\/#primaryimage"},"image":{"@id":"https:\/\/www.alquera.com\/set-cianotipia\/#primaryimage"},"thumbnailUrl":"https:\/\/www.alquera.com\/wp-content\/uploads\/2023\/03\/SET-CIANOTIPA-POLVO-2.png","datePublished":"2023-03-24T12:04:28+00:00","dateModified":"2026-02-23T16:12:13+00:00","description":"SENDUNGEN IN 24\/48H. Kaufen Sie ein Set f\u00fcr die Praxis der Cyanotypie vorbereitet. In verschiedenen Formaten und Gr\u00f6\u00dfen.","breadcrumb":{"@id":"https:\/\/www.alquera.com\/set-cianotipia\/#breadcrumb"},"inLanguage":"de","potentialAction":[{"@type":"ReadAction","target":["https:\/\/www.alquera.com\/set-cianotipia\/"]}]},{"@type":"ImageObject","inLanguage":"de","@id":"https:\/\/www.alquera.com\/set-cianotipia\/#primaryimage","url":"https:\/\/www.alquera.com\/wp-content\/uploads\/2023\/03\/SET-CIANOTIPA-POLVO-2.png","contentUrl":"https:\/\/www.alquera.com\/wp-content\/uploads\/2023\/03\/SET-CIANOTIPA-POLVO-2.png","width":1208,"height":1200},{"@type":"BreadcrumbList","@id":"https:\/\/www.alquera.com\/set-cianotipia\/#breadcrumb","itemListElement":[{"@type":"ListItem","position":1,"name":"Inicio","item":"https:\/\/www.alquera.com\/"},{"@type":"ListItem","position":2,"name":"Alquera.com: Tienda Online de Productos Qu\u00edmicos y Material de Laboratorio","item":"https:\/\/www.alquera.com\/en\/tienda\/"},{"@type":"ListItem","position":3,"name":"Set Cianotipia"}]},{"@type":"WebSite","@id":"https:\/\/www.alquera.com\/en\/#website","url":"https:\/\/www.alquera.com\/en\/","name":"Alquera.com","description":"Online Shop Chemische Produkte und Laborger\u00e4te","publisher":{"@id":"https:\/\/www.alquera.com\/en\/#organization"},"potentialAction":[{"@type":"SearchAction","target":{"@type":"EntryPoint","urlTemplate":"https:\/\/www.alquera.com\/en\/?s={search_term_string}"},"query-input":{"@type":"PropertyValueSpecification","valueRequired":true,"valueName":"search_term_string"}}],"inLanguage":"de"},{"@type":"Organization","@id":"https:\/\/www.alquera.com\/en\/#organization","name":"ALQUERA CIENCIA SL","url":"https:\/\/www.alquera.com\/en\/","logo":{"@type":"ImageObject","inLanguage":"de","@id":"https:\/\/www.alquera.com\/en\/#\/schema\/logo\/image\/","url":"https:\/\/www.alquera.com\/wp-content\/uploads\/2020\/11\/logo_300_ancho.png","contentUrl":"https:\/\/www.alquera.com\/wp-content\/uploads\/2020\/11\/logo_300_ancho.png","width":300,"height":86,"caption":"ALQUERA CIENCIA SL"},"image":{"@id":"https:\/\/www.alquera.com\/en\/#\/schema\/logo\/image\/"},"sameAs":["https:\/\/www.facebook.com\/alqueraciencia","https:\/\/www.instagram.com\/alquera_ciencia\/","https:\/\/www.youtube.com\/c\/alquera"]}]},"product_price_amount":"20.90","product_price_currency":"EUR","og_availability":"instock","product_availability":"instock","product_condition":"new"},"_links":{"self":[{"href":"https:\/\/www.alquera.com\/de\/wp-json\/wp\/v2\/product\/41822","targetHints":{"allow":["GET"]}}],"collection":[{"href":"https:\/\/www.alquera.com\/de\/wp-json\/wp\/v2\/product"}],"about":[{"href":"https:\/\/www.alquera.com\/de\/wp-json\/wp\/v2\/types\/product"}],"replies":[{"embeddable":true,"href":"https:\/\/www.alquera.com\/de\/wp-json\/wp\/v2\/comments?post=41822"}],"wp:featuredmedia":[{"embeddable":true,"href":"https:\/\/www.alquera.com\/de\/wp-json\/wp\/v2\/media\/46895"}],"wp:attachment":[{"href":"https:\/\/www.alquera.com\/de\/wp-json\/wp\/v2\/media?parent=41822"}],"wp:term":[{"taxonomy":"product_brand","embeddable":true,"href":"https:\/\/www.alquera.com\/de\/wp-json\/wp\/v2\/product_brand?post=41822"},{"taxonomy":"product_cat","embeddable":true,"href":"https:\/\/www.alquera.com\/de\/wp-json\/wp\/v2\/product_cat?post=41822"},{"taxonomy":"product_tag","embeddable":true,"href":"https:\/\/www.alquera.com\/de\/wp-json\/wp\/v2\/product_tag?post=41822"}],"curies":[{"name":"wp","href":"https:\/\/api.w.org\/{rel}","templated":true}]}}