{"id":42228,"date":"2023-04-18T13:22:13","date_gmt":"2023-04-18T13:22:13","guid":{"rendered":"https:\/\/www.alquera.com\/?post_type=product&#038;p=42228"},"modified":"2024-02-26T15:12:50","modified_gmt":"2024-02-26T15:12:50","slug":"colorante-alimentario-marron","status":"publish","type":"product","link":"https:\/\/www.alquera.com\/de\/colorante-alimentario-marron\/","title":{"rendered":"Lebensmittelfarbe Braun Braun"},"content":{"rendered":"<p>Ein Lebensmittelfarbstoff in Pulverform (oder Trockenfarbe) ist ein Lebensmittelzusatzstoff, der Lebensmitteln Farbe verleiht oder wiederherstellt.<\/p>\n<h2><strong>MERKMALE BRAUN-BRAUNE F\u00c4RBUNG<\/strong><\/h2>\n<p>Zusammensetzung: Gemisch aus Comitex Gelb, Comitex Rot 4R und Comitex Schwarz, standardisiert mit Natriumchlorid<br \/>\nReiner Farbstoffgehalt: 57 - 63%<br \/>\nWasserunl\u00f6slich: max. 0,2%<br \/>\nExtrahierbar in Ether: max. 0,2%<br \/>\nSchwermetalle:<\/p>\n<ul>\n<li>Pb max. 2 ppm<\/li>\n<li>As max. 3 ppm<\/li>\n<li>Hg max. 1 ppm<\/li>\n<li>Cd max. 1 ppm<\/li>\n<\/ul>\n<p><span id=\"page3R_mcid46\" class=\"markedContent\"><span dir=\"ltr\" role=\"presentation\">Geeignete F\u00e4rbung<\/span> <span dir=\"ltr\" role=\"presentation\">f\u00fcr Lebensmittel (<a href=\"https:\/\/www.boe.es\/doue\/2008\/354\/L00016-00033.pdf\">DOUE REG 1333\/2008\/CE<\/a> &#8211; <a href=\"https:\/\/www.boe.es\/doue\/2011\/295\/L00001-00177.pdf\">anhang<\/a>),<\/span> <span dir=\"ltr\" role=\"presentation\">Kosmetika (OJEU <\/span><span dir=\"ltr\" role=\"presentation\">Reg<\/span><span dir=\"ltr\" role=\"presentation\">.<\/span> <span dir=\"ltr\" role=\"presentation\">1223\/2009\/EG) und Pharmazie (Richtlinie 2009\/35\/EG). Es erf\u00fcllt die Anforderungen der<\/span> <span dir=\"ltr\" role=\"presentation\">Spezifikationen des <\/span><span dir=\"ltr\" role=\"presentation\">EU (DOUE REG 231\/2012\/UE). Konsultieren Sie die geltende Gesetzgebung<\/span> <span dir=\"ltr\" role=\"presentation\">die Dosierungen <\/span><span dir=\"ltr\" role=\"presentation\">und genehmigte Anwendungen<\/span><\/span><\/p>\n<h2>VERORDNUNG \u00dcBER LEBENSMITTELFARBEN<\/h2>\n<p>Siehe FT und MSDS auf der Registerkarte Dokumentation.<\/p>\n<p class=\"documento-tit\"><a href=\"https:\/\/www.boe.es\/doue\/1995\/226\/L00001-00045.pdf\">Richtlinie 95\/45\/EG der Kommission,<\/a> vom 26. Juli 1995, Spezifische Reinheitskriterien f\u00fcr Farbstoffe, die in Lebensmitteln verwendet werden d\u00fcrfen.<br \/>\n<a href=\"https:\/\/www.boe.es\/doue\/2008\/354\/L00016-00033.pdf\">VERORDNUNG (EG) Nr. 1333\/2008<\/a> des europ\u00e4ischen parlaments und des rates vom 16. dezember 2008<br \/>\n\u00fcber Lebensmittelzusatzstoffe<\/p>\n<p>&nbsp;<\/p>\n<div class=\"metadatosDoc\">\n<div class=\"metadatos\"><\/div>\n<\/div>","protected":false},"excerpt":{"rendered":"<p>Braunes Lebensmittelfarbpulver in den Formaten 30g, 300g oder 1kg kaufen. Sie k\u00f6nnen den Preis f\u00fcr die verschiedenen Formate der braunen Lebensmittelfarbe sehen, wenn Sie das gew\u00fcnschte Format ausw\u00e4hlen. Die Bestellung erfolgt direkt \u00fcber das Internet, indem Sie den angegebenen Schritten folgen, und die Lieferung erfolgt innerhalb von 24\/48 Stunden.<\/p>","protected":false},"featured_media":43196,"comment_status":"open","ping_status":"closed","template":"","meta":{"_acf_changed":false,"site-sidebar-layout":"default","site-content-layout":"default","ast-site-content-layout":"default","site-content-style":"default","site-sidebar-style":"default","ast-global-header-display":"","ast-banner-title-visibility":"","ast-main-header-display":"","ast-hfb-above-header-display":"","ast-hfb-below-header-display":"","ast-hfb-mobile-header-display":"","site-post-title":"","ast-breadcrumbs-content":"","ast-featured-img":"","footer-sml-layout":"","ast-disable-related-posts":"","theme-transparent-header-meta":"default","adv-header-id-meta":"","stick-header-meta":"default","header-above-stick-meta":"","header-main-stick-meta":"","header-below-stick-meta":"","astra-migrate-meta-layouts":"default","ast-page-background-enabled":"default","ast-page-background-meta":{"desktop":{"background-color":"var(--ast-global-color-4)","background-image":"","background-repeat":"repeat","background-position":"center center","background-size":"auto","background-attachment":"scroll","background-type":"","background-media":"","overlay-type":"","overlay-color":"","overlay-opacity":"","overlay-gradient":""},"tablet":{"background-color":"","background-image":"","background-repeat":"repeat","background-position":"center center","background-size":"auto","background-attachment":"scroll","background-type":"","background-media":"","overlay-type":"","overlay-color":"","overlay-opacity":"","overlay-gradient":""},"mobile":{"background-color":"","background-image":"","background-repeat":"repeat","background-position":"center center","background-size":"auto","background-attachment":"scroll","background-type":"","background-media":"","overlay-type":"","overlay-color":"","overlay-opacity":"","overlay-gradient":""}},"ast-content-background-meta":{"desktop":{"background-color":"var(--ast-global-color-5)","background-image":"","background-repeat":"repeat","background-position":"center center","background-size":"auto","background-attachment":"scroll","background-type":"","background-media":"","overlay-type":"","overlay-color":"","overlay-opacity":"","overlay-gradient":""},"tablet":{"background-color":"var(--ast-global-color-5)","background-image":"","background-repeat":"repeat","background-position":"center center","background-size":"auto","background-attachment":"scroll","background-type":"","background-media":"","overlay-type":"","overlay-color":"","overlay-opacity":"","overlay-gradient":""},"mobile":{"background-color":"var(--ast-global-color-5)","background-image":"","background-repeat":"repeat","background-position":"center center","background-size":"auto","background-attachment":"scroll","background-type":"","background-media":"","overlay-type":"","overlay-color":"","overlay-opacity":"","overlay-gradient":""}}},"product_brand":[],"product_cat":[358,359],"product_tag":[],"class_list":{"0":"post-42228","1":"product","2":"type-product","3":"status-publish","4":"has-post-thumbnail","6":"product_cat-colorantes-alimentarios","7":"product_cat-colorantes-solubles-agua","8":"pa_cantidad-30g","9":"pa_cantidad-300g","10":"pa_cantidad-1kg","11":"desktop-align-left","12":"tablet-align-left","13":"mobile-align-left","14":"ast-product-gallery-layout-horizontal-slider","15":"ast-magnify-disabled","16":"ast-product-single-variable","17":"ast-product-tabs-layout-horizontal","18":"ast-qv-on-image","20":"first","21":"instock","22":"taxable","23":"shipping-taxable","24":"purchasable","25":"product-type-variable","26":"has-default-attributes"},"acf":[],"yoast_head":"<!-- This site is optimized with the Yoast SEO Premium plugin v27.1 (Yoast SEO v27.1.1) - https:\/\/yoast.com\/product\/yoast-seo-premium-wordpress\/ -->\n<title>Colorante Alimentario Marr\u00f3n Pardo: Comprar Online - Alquera.com<\/title>\n<meta name=\"description\" content=\"ENV\u00cdOS EN 24\/48H. Comprar Colorante Alimentario Marr\u00f3n Pardo En polvo, distintos formatos. Apto uso Alimentario y Cosm\u00e9tico.\" \/>\n<meta name=\"robots\" content=\"index, follow, max-snippet:-1, max-image-preview:large, max-video-preview:-1\" \/>\n<link rel=\"canonical\" href=\"https:\/\/www.alquera.com\/de\/colorante-alimentario-marron\/\" \/>\n<meta property=\"og:locale\" content=\"de_DE\" \/>\n<meta property=\"og:type\" content=\"article\" \/>\n<meta property=\"og:title\" content=\"Colorante Alimentario Marr\u00f3n Pardo: Comprar Online - Alquera.com\" \/>\n<meta property=\"og:description\" content=\"ENV\u00cdOS EN 24\/48H. Comprar Colorante Alimentario Marr\u00f3n Pardo En polvo, distintos formatos. Apto uso Alimentario y Cosm\u00e9tico.\" \/>\n<meta property=\"og:url\" content=\"https:\/\/www.alquera.com\/de\/colorante-alimentario-marron\/\" \/>\n<meta property=\"og:site_name\" content=\"Alquera.com\" \/>\n<meta property=\"article:publisher\" content=\"https:\/\/www.facebook.com\/alqueraciencia\" \/>\n<meta property=\"article:modified_time\" content=\"2024-02-26T15:12:50+00:00\" \/>\n<meta property=\"og:image\" content=\"https:\/\/www.alquera.com\/wp-content\/uploads\/2023\/04\/colorante-pardo-chocolate.png\" \/>\n\t<meta property=\"og:image:width\" content=\"364\" \/>\n\t<meta property=\"og:image:height\" content=\"348\" \/>\n\t<meta property=\"og:image:type\" content=\"image\/png\" \/>\n<meta name=\"twitter:card\" content=\"summary_large_image\" \/>\n<meta name=\"twitter:label1\" content=\"Verf\u00fcgbarkeit\" \/>\n\t<meta name=\"twitter:data1\" content=\"Auf Lager\" \/>\n<script type=\"application\/ld+json\" class=\"yoast-schema-graph\">{\"@context\":\"https:\/\/schema.org\",\"@graph\":[{\"@type\":[\"WebPage\",\"ItemPage\"],\"@id\":\"https:\/\/www.alquera.com\/colorante-alimentario-marron\/\",\"url\":\"https:\/\/www.alquera.com\/colorante-alimentario-marron\/\",\"name\":\"Colorante Alimentario Marr\u00f3n Pardo: Comprar Online - Alquera.com\",\"isPartOf\":{\"@id\":\"https:\/\/www.alquera.com\/en\/#website\"},\"primaryImageOfPage\":{\"@id\":\"https:\/\/www.alquera.com\/colorante-alimentario-marron\/#primaryimage\"},\"image\":{\"@id\":\"https:\/\/www.alquera.com\/colorante-alimentario-marron\/#primaryimage\"},\"thumbnailUrl\":\"https:\/\/www.alquera.com\/wp-content\/uploads\/2023\/04\/colorante-pardo-chocolate.png\",\"datePublished\":\"2023-04-18T13:22:13+00:00\",\"dateModified\":\"2024-02-26T15:12:50+00:00\",\"description\":\"ENV\u00cdOS EN 24\/48H. Comprar Colorante Alimentario Marr\u00f3n Pardo En polvo, distintos formatos. Apto uso Alimentario y Cosm\u00e9tico.\",\"breadcrumb\":{\"@id\":\"https:\/\/www.alquera.com\/colorante-alimentario-marron\/#breadcrumb\"},\"inLanguage\":\"de\",\"potentialAction\":[{\"@type\":\"ReadAction\",\"target\":[\"https:\/\/www.alquera.com\/colorante-alimentario-marron\/\"]}]},{\"@type\":\"ImageObject\",\"inLanguage\":\"de\",\"@id\":\"https:\/\/www.alquera.com\/colorante-alimentario-marron\/#primaryimage\",\"url\":\"https:\/\/www.alquera.com\/wp-content\/uploads\/2023\/04\/colorante-pardo-chocolate.png\",\"contentUrl\":\"https:\/\/www.alquera.com\/wp-content\/uploads\/2023\/04\/colorante-pardo-chocolate.png\",\"width\":364,\"height\":348,\"caption\":\"colorante marron pardo\"},{\"@type\":\"BreadcrumbList\",\"@id\":\"https:\/\/www.alquera.com\/colorante-alimentario-marron\/#breadcrumb\",\"itemListElement\":[{\"@type\":\"ListItem\",\"position\":1,\"name\":\"Inicio\",\"item\":\"https:\/\/www.alquera.com\/\"},{\"@type\":\"ListItem\",\"position\":2,\"name\":\"Alquera.com: Tienda Online de Productos Qu\u00edmicos y Material de Laboratorio\",\"item\":\"https:\/\/www.alquera.com\/en\/tienda\/\"},{\"@type\":\"ListItem\",\"position\":3,\"name\":\"Colorante Alimentario Marr\u00f3n Pardo\"}]},{\"@type\":\"WebSite\",\"@id\":\"https:\/\/www.alquera.com\/en\/#website\",\"url\":\"https:\/\/www.alquera.com\/en\/\",\"name\":\"Alquera.com\",\"description\":\"Tienda Online Productos Qu\u00edmicos y Material de Laboratorio\",\"publisher\":{\"@id\":\"https:\/\/www.alquera.com\/en\/#organization\"},\"potentialAction\":[{\"@type\":\"SearchAction\",\"target\":{\"@type\":\"EntryPoint\",\"urlTemplate\":\"https:\/\/www.alquera.com\/en\/?s={search_term_string}\"},\"query-input\":{\"@type\":\"PropertyValueSpecification\",\"valueRequired\":true,\"valueName\":\"search_term_string\"}}],\"inLanguage\":\"de\"},{\"@type\":\"Organization\",\"@id\":\"https:\/\/www.alquera.com\/en\/#organization\",\"name\":\"ALQUERA CIENCIA SL\",\"url\":\"https:\/\/www.alquera.com\/en\/\",\"logo\":{\"@type\":\"ImageObject\",\"inLanguage\":\"de\",\"@id\":\"https:\/\/www.alquera.com\/en\/#\/schema\/logo\/image\/\",\"url\":\"https:\/\/www.alquera.com\/wp-content\/uploads\/2020\/11\/logo_300_ancho.png\",\"contentUrl\":\"https:\/\/www.alquera.com\/wp-content\/uploads\/2020\/11\/logo_300_ancho.png\",\"width\":300,\"height\":86,\"caption\":\"ALQUERA CIENCIA SL\"},\"image\":{\"@id\":\"https:\/\/www.alquera.com\/en\/#\/schema\/logo\/image\/\"},\"sameAs\":[\"https:\/\/www.facebook.com\/alqueraciencia\",\"https:\/\/www.instagram.com\/alquera_ciencia\/\",\"https:\/\/www.youtube.com\/c\/alquera\"]}]}<\/script>\n<meta property=\"og:availability\" content=\"instock\" \/>\n<meta property=\"product:availability\" content=\"instock\" \/>\n<meta property=\"product:condition\" content=\"new\" \/>\n<!-- \/ Yoast SEO Premium plugin. -->","yoast_head_json":{"title":"Braune Lebensmittelfarbe: Online kaufen - Alquera.com","description":"24\/48H LIEFERUNG. Braunes Lebensmittelfarbpulver kaufen, verschiedene Formate. Geeignet f\u00fcr Lebensmittel und Kosmetika.","robots":{"index":"index","follow":"follow","max-snippet":"max-snippet:-1","max-image-preview":"max-image-preview:large","max-video-preview":"max-video-preview:-1"},"canonical":"https:\/\/www.alquera.com\/de\/colorante-alimentario-marron\/","og_locale":"de_DE","og_type":"article","og_title":"Colorante Alimentario Marr\u00f3n Pardo: Comprar Online - Alquera.com","og_description":"ENV\u00cdOS EN 24\/48H. Comprar Colorante Alimentario Marr\u00f3n Pardo En polvo, distintos formatos. Apto uso Alimentario y Cosm\u00e9tico.","og_url":"https:\/\/www.alquera.com\/de\/colorante-alimentario-marron\/","og_site_name":"Alquera.com","article_publisher":"https:\/\/www.facebook.com\/alqueraciencia","article_modified_time":"2024-02-26T15:12:50+00:00","og_image":[{"width":364,"height":348,"url":"https:\/\/www.alquera.com\/wp-content\/uploads\/2023\/04\/colorante-pardo-chocolate.png","type":"image\/png"}],"twitter_card":"summary_large_image","twitter_misc":{"Verf\u00fcgbarkeit":"Auf Lager"},"schema":{"@context":"https:\/\/schema.org","@graph":[{"@type":["WebPage","ItemPage"],"@id":"https:\/\/www.alquera.com\/colorante-alimentario-marron\/","url":"https:\/\/www.alquera.com\/colorante-alimentario-marron\/","name":"Braune Lebensmittelfarbe: Online kaufen - Alquera.com","isPartOf":{"@id":"https:\/\/www.alquera.com\/en\/#website"},"primaryImageOfPage":{"@id":"https:\/\/www.alquera.com\/colorante-alimentario-marron\/#primaryimage"},"image":{"@id":"https:\/\/www.alquera.com\/colorante-alimentario-marron\/#primaryimage"},"thumbnailUrl":"https:\/\/www.alquera.com\/wp-content\/uploads\/2023\/04\/colorante-pardo-chocolate.png","datePublished":"2023-04-18T13:22:13+00:00","dateModified":"2024-02-26T15:12:50+00:00","description":"24\/48H LIEFERUNG. Braunes Lebensmittelfarbpulver kaufen, verschiedene Formate. Geeignet f\u00fcr Lebensmittel und Kosmetika.","breadcrumb":{"@id":"https:\/\/www.alquera.com\/colorante-alimentario-marron\/#breadcrumb"},"inLanguage":"de","potentialAction":[{"@type":"ReadAction","target":["https:\/\/www.alquera.com\/colorante-alimentario-marron\/"]}]},{"@type":"ImageObject","inLanguage":"de","@id":"https:\/\/www.alquera.com\/colorante-alimentario-marron\/#primaryimage","url":"https:\/\/www.alquera.com\/wp-content\/uploads\/2023\/04\/colorante-pardo-chocolate.png","contentUrl":"https:\/\/www.alquera.com\/wp-content\/uploads\/2023\/04\/colorante-pardo-chocolate.png","width":364,"height":348,"caption":"colorante marron pardo"},{"@type":"BreadcrumbList","@id":"https:\/\/www.alquera.com\/colorante-alimentario-marron\/#breadcrumb","itemListElement":[{"@type":"ListItem","position":1,"name":"Inicio","item":"https:\/\/www.alquera.com\/"},{"@type":"ListItem","position":2,"name":"Alquera.com: Tienda Online de Productos Qu\u00edmicos y Material de Laboratorio","item":"https:\/\/www.alquera.com\/en\/tienda\/"},{"@type":"ListItem","position":3,"name":"Colorante Alimentario Marr\u00f3n Pardo"}]},{"@type":"WebSite","@id":"https:\/\/www.alquera.com\/en\/#website","url":"https:\/\/www.alquera.com\/en\/","name":"Alquera.com","description":"Online Shop Chemische Produkte und Laborger\u00e4te","publisher":{"@id":"https:\/\/www.alquera.com\/en\/#organization"},"potentialAction":[{"@type":"SearchAction","target":{"@type":"EntryPoint","urlTemplate":"https:\/\/www.alquera.com\/en\/?s={search_term_string}"},"query-input":{"@type":"PropertyValueSpecification","valueRequired":true,"valueName":"search_term_string"}}],"inLanguage":"de"},{"@type":"Organization","@id":"https:\/\/www.alquera.com\/en\/#organization","name":"ALQUERA CIENCIA SL","url":"https:\/\/www.alquera.com\/en\/","logo":{"@type":"ImageObject","inLanguage":"de","@id":"https:\/\/www.alquera.com\/en\/#\/schema\/logo\/image\/","url":"https:\/\/www.alquera.com\/wp-content\/uploads\/2020\/11\/logo_300_ancho.png","contentUrl":"https:\/\/www.alquera.com\/wp-content\/uploads\/2020\/11\/logo_300_ancho.png","width":300,"height":86,"caption":"ALQUERA CIENCIA SL"},"image":{"@id":"https:\/\/www.alquera.com\/en\/#\/schema\/logo\/image\/"},"sameAs":["https:\/\/www.facebook.com\/alqueraciencia","https:\/\/www.instagram.com\/alquera_ciencia\/","https:\/\/www.youtube.com\/c\/alquera"]}]},"og_availability":"instock","product_availability":"instock","product_condition":"new"},"_links":{"self":[{"href":"https:\/\/www.alquera.com\/de\/wp-json\/wp\/v2\/product\/42228","targetHints":{"allow":["GET"]}}],"collection":[{"href":"https:\/\/www.alquera.com\/de\/wp-json\/wp\/v2\/product"}],"about":[{"href":"https:\/\/www.alquera.com\/de\/wp-json\/wp\/v2\/types\/product"}],"replies":[{"embeddable":true,"href":"https:\/\/www.alquera.com\/de\/wp-json\/wp\/v2\/comments?post=42228"}],"wp:featuredmedia":[{"embeddable":true,"href":"https:\/\/www.alquera.com\/de\/wp-json\/wp\/v2\/media\/43196"}],"wp:attachment":[{"href":"https:\/\/www.alquera.com\/de\/wp-json\/wp\/v2\/media?parent=42228"}],"wp:term":[{"taxonomy":"product_brand","embeddable":true,"href":"https:\/\/www.alquera.com\/de\/wp-json\/wp\/v2\/product_brand?post=42228"},{"taxonomy":"product_cat","embeddable":true,"href":"https:\/\/www.alquera.com\/de\/wp-json\/wp\/v2\/product_cat?post=42228"},{"taxonomy":"product_tag","embeddable":true,"href":"https:\/\/www.alquera.com\/de\/wp-json\/wp\/v2\/product_tag?post=42228"}],"curies":[{"name":"wp","href":"https:\/\/api.w.org\/{rel}","templated":true}]}}