{"id":428,"date":"2015-11-26T12:18:23","date_gmt":"2015-11-26T12:18:23","guid":{"rendered":"http:\/\/localhost\/alquera\/productos\/producto\/comprar-oxido-de-cerio\/"},"modified":"2026-04-06T09:25:52","modified_gmt":"2026-04-06T09:25:52","slug":"oxido-de-cerio","status":"publish","type":"product","link":"https:\/\/www.alquera.com\/de\/oxido-de-cerio\/","title":{"rendered":"Ceriumoxid"},"content":{"rendered":"<p>Ceriumoxid ist ein wei\u00dfes Pulver, das zum Polieren von Glas, Kristallen und Spiegeln verwendet wird.  Ceroxid ist so behandelt, dass es in Wasser suspendiert werden kann, so dass es nicht am Glas haftet oder einen festen R\u00fcckstand hinterl\u00e4sst und leicht zu reinigen ist.<\/p>\n<h2>IDENTIFIZIERUNG UND EIGENSCHAFTEN VON CERIUMOXID<\/h2>\n<p><strong>Name:\u00a0<\/strong>Ceriumoxid<br \/>\n<strong>Chemische Formel<\/strong>:CeO<sub>2<\/sub><br \/>\n<strong>CAS<\/strong>: 1306-38-3<br \/>\n<strong>EC<\/strong>: 215-150-4<\/p>\n<ul>\n<li>Erscheinungsbild: Pulver<\/li>\n<li>Physikalischer Zustand: Fest<\/li>\n<li>pH-Wert bei 20\u00baC: 7-8<\/li>\n<li>Schmelzpunkt\/Schmelzbereich: 2400 \u00baC (CeO2)<\/li>\n<li>Entflammbarkeit des Feststoffs: Nicht entflammbar<\/li>\n<li>Relative Dichte: 7-8 (CeO2)<\/li>\n<li>L\u00f6slichkeit in Wasser bei 20\u00baC: Unl\u00f6slich<\/li>\n<li>Explosive Eigenschaften: Nicht explosionsgef\u00e4hrlich<\/li>\n<\/ul>\n<h2>ANWENDUNGEN<\/h2>\n<ul>\n<li>Glas polieren<\/li>\n<\/ul>","protected":false},"excerpt":{"rendered":"<p>Kaufen Sie Ceriumoxid in 100g und 1Kg T\u00f6pfen. Der Preis f\u00fcr die verschiedenen Formate von Ceriumoxid ist ersichtlich, wenn Sie das gew\u00fcnschte Format ausw\u00e4hlen. Die Bestellung erfolgt direkt \u00fcber das Internet, wobei die angegebenen Schritte befolgt werden, und die Lieferung erfolgt innerhalb von 24\/48 Stunden.<\/p>","protected":false},"featured_media":35730,"comment_status":"open","ping_status":"closed","template":"","meta":{"_acf_changed":false,"site-sidebar-layout":"default","site-content-layout":"default","ast-site-content-layout":"default","site-content-style":"default","site-sidebar-style":"default","ast-global-header-display":"","ast-banner-title-visibility":"","ast-main-header-display":"","ast-hfb-above-header-display":"","ast-hfb-below-header-display":"","ast-hfb-mobile-header-display":"","site-post-title":"","ast-breadcrumbs-content":"","ast-featured-img":"","footer-sml-layout":"","ast-disable-related-posts":"","theme-transparent-header-meta":"default","adv-header-id-meta":"","stick-header-meta":"default","header-above-stick-meta":"","header-main-stick-meta":"","header-below-stick-meta":"","astra-migrate-meta-layouts":"default","ast-page-background-enabled":"default","ast-page-background-meta":{"desktop":{"background-color":"var(--ast-global-color-4)","background-image":"","background-repeat":"repeat","background-position":"center center","background-size":"auto","background-attachment":"scroll","background-type":"","background-media":"","overlay-type":"","overlay-color":"","overlay-opacity":"","overlay-gradient":""},"tablet":{"background-color":"","background-image":"","background-repeat":"repeat","background-position":"center center","background-size":"auto","background-attachment":"scroll","background-type":"","background-media":"","overlay-type":"","overlay-color":"","overlay-opacity":"","overlay-gradient":""},"mobile":{"background-color":"","background-image":"","background-repeat":"repeat","background-position":"center center","background-size":"auto","background-attachment":"scroll","background-type":"","background-media":"","overlay-type":"","overlay-color":"","overlay-opacity":"","overlay-gradient":""}},"ast-content-background-meta":{"desktop":{"background-color":"var(--ast-global-color-5)","background-image":"","background-repeat":"repeat","background-position":"center center","background-size":"auto","background-attachment":"scroll","background-type":"","background-media":"","overlay-type":"","overlay-color":"","overlay-opacity":"","overlay-gradient":""},"tablet":{"background-color":"var(--ast-global-color-5)","background-image":"","background-repeat":"repeat","background-position":"center center","background-size":"auto","background-attachment":"scroll","background-type":"","background-media":"","overlay-type":"","overlay-color":"","overlay-opacity":"","overlay-gradient":""},"mobile":{"background-color":"var(--ast-global-color-5)","background-image":"","background-repeat":"repeat","background-position":"center center","background-size":"auto","background-attachment":"scroll","background-type":"","background-media":"","overlay-type":"","overlay-color":"","overlay-opacity":"","overlay-gradient":""}}},"product_brand":[],"product_cat":[21],"product_tag":[],"class_list":{"0":"post-428","1":"product","2":"type-product","3":"status-publish","4":"has-post-thumbnail","6":"product_cat-productos","7":"pa_cantidad-100g","8":"pa_cantidad-1kg","9":"desktop-align-left","10":"tablet-align-left","11":"mobile-align-left","12":"ast-product-gallery-layout-horizontal-slider","13":"ast-magnify-disabled","14":"ast-product-single-variable","15":"ast-product-tabs-layout-horizontal","16":"ast-qv-on-image","18":"first","19":"instock","20":"taxable","21":"shipping-taxable","22":"purchasable","23":"product-type-variable","24":"has-default-attributes"},"acf":[],"yoast_head":"<!-- This site is optimized with the Yoast SEO Premium plugin v27.1 (Yoast SEO v27.1.1) - https:\/\/yoast.com\/product\/yoast-seo-premium-wordpress\/ -->\n<title>\u00d3xido de Cerio: Comprar Online - Alquera.com<\/title>\n<meta name=\"description\" content=\"ENV\u00cdOS EN 24\/48H. Comprar \u00d3xido de Cerio. El \u00f3xido de cerio es un polvo blanco, utilizado para pulido de vidrio, cristales y espejos\" \/>\n<meta name=\"robots\" content=\"index, follow, max-snippet:-1, max-image-preview:large, max-video-preview:-1\" \/>\n<link rel=\"canonical\" href=\"https:\/\/www.alquera.com\/de\/oxido-de-cerio\/\" \/>\n<meta property=\"og:locale\" content=\"de_DE\" \/>\n<meta property=\"og:type\" content=\"article\" \/>\n<meta property=\"og:title\" content=\"\u00d3xido de Cerio: Comprar Online - Alquera.com\" \/>\n<meta property=\"og:description\" content=\"ENV\u00cdOS EN 24\/48H. Comprar \u00d3xido de Cerio. El \u00f3xido de cerio es un polvo blanco, utilizado para pulido de vidrio, cristales y espejos\" \/>\n<meta property=\"og:url\" content=\"https:\/\/www.alquera.com\/de\/oxido-de-cerio\/\" \/>\n<meta property=\"og:site_name\" content=\"Alquera.com\" \/>\n<meta property=\"article:publisher\" content=\"https:\/\/www.facebook.com\/alqueraciencia\" \/>\n<meta property=\"article:modified_time\" content=\"2026-04-06T09:25:52+00:00\" \/>\n<meta property=\"og:image\" content=\"https:\/\/www.alquera.com\/wp-content\/uploads\/2015\/11\/oxido-de-cerio-100g-editada.png\" \/>\n\t<meta property=\"og:image:width\" content=\"800\" \/>\n\t<meta property=\"og:image:height\" content=\"782\" \/>\n\t<meta property=\"og:image:type\" content=\"image\/png\" \/>\n<meta name=\"twitter:card\" content=\"summary_large_image\" \/>\n<meta name=\"twitter:label1\" content=\"Verf\u00fcgbarkeit\" \/>\n\t<meta name=\"twitter:data1\" content=\"Auf Lager\" \/>\n<script type=\"application\/ld+json\" class=\"yoast-schema-graph\">{\"@context\":\"https:\/\/schema.org\",\"@graph\":[{\"@type\":[\"WebPage\",\"ItemPage\"],\"@id\":\"https:\/\/www.alquera.com\/oxido-de-cerio\/\",\"url\":\"https:\/\/www.alquera.com\/oxido-de-cerio\/\",\"name\":\"\u00d3xido de Cerio: Comprar Online - Alquera.com\",\"isPartOf\":{\"@id\":\"https:\/\/www.alquera.com\/en\/#website\"},\"primaryImageOfPage\":{\"@id\":\"https:\/\/www.alquera.com\/oxido-de-cerio\/#primaryimage\"},\"image\":{\"@id\":\"https:\/\/www.alquera.com\/oxido-de-cerio\/#primaryimage\"},\"thumbnailUrl\":\"https:\/\/www.alquera.com\/wp-content\/uploads\/2015\/11\/oxido-de-cerio-100g-editada.png\",\"datePublished\":\"2015-11-26T12:18:23+00:00\",\"dateModified\":\"2026-04-06T09:25:52+00:00\",\"description\":\"ENV\u00cdOS EN 24\/48H. Comprar \u00d3xido de Cerio. El \u00f3xido de cerio es un polvo blanco, utilizado para pulido de vidrio, cristales y espejos\",\"breadcrumb\":{\"@id\":\"https:\/\/www.alquera.com\/oxido-de-cerio\/#breadcrumb\"},\"inLanguage\":\"de\",\"potentialAction\":[{\"@type\":\"ReadAction\",\"target\":[\"https:\/\/www.alquera.com\/oxido-de-cerio\/\"]}]},{\"@type\":\"ImageObject\",\"inLanguage\":\"de\",\"@id\":\"https:\/\/www.alquera.com\/oxido-de-cerio\/#primaryimage\",\"url\":\"https:\/\/www.alquera.com\/wp-content\/uploads\/2015\/11\/oxido-de-cerio-100g-editada.png\",\"contentUrl\":\"https:\/\/www.alquera.com\/wp-content\/uploads\/2015\/11\/oxido-de-cerio-100g-editada.png\",\"width\":800,\"height\":782,\"caption\":\"oxido de cerio 100g\"},{\"@type\":\"BreadcrumbList\",\"@id\":\"https:\/\/www.alquera.com\/oxido-de-cerio\/#breadcrumb\",\"itemListElement\":[{\"@type\":\"ListItem\",\"position\":1,\"name\":\"Inicio\",\"item\":\"https:\/\/www.alquera.com\/\"},{\"@type\":\"ListItem\",\"position\":2,\"name\":\"Alquera.com: Tienda Online de Productos Qu\u00edmicos y Material de Laboratorio\",\"item\":\"https:\/\/www.alquera.com\/en\/tienda\/\"},{\"@type\":\"ListItem\",\"position\":3,\"name\":\"\u00d3xido de Cerio\"}]},{\"@type\":\"WebSite\",\"@id\":\"https:\/\/www.alquera.com\/en\/#website\",\"url\":\"https:\/\/www.alquera.com\/en\/\",\"name\":\"Alquera.com\",\"description\":\"Tienda Online Productos Qu\u00edmicos y Material de Laboratorio\",\"publisher\":{\"@id\":\"https:\/\/www.alquera.com\/en\/#organization\"},\"potentialAction\":[{\"@type\":\"SearchAction\",\"target\":{\"@type\":\"EntryPoint\",\"urlTemplate\":\"https:\/\/www.alquera.com\/en\/?s={search_term_string}\"},\"query-input\":{\"@type\":\"PropertyValueSpecification\",\"valueRequired\":true,\"valueName\":\"search_term_string\"}}],\"inLanguage\":\"de\"},{\"@type\":\"Organization\",\"@id\":\"https:\/\/www.alquera.com\/en\/#organization\",\"name\":\"ALQUERA CIENCIA SL\",\"url\":\"https:\/\/www.alquera.com\/en\/\",\"logo\":{\"@type\":\"ImageObject\",\"inLanguage\":\"de\",\"@id\":\"https:\/\/www.alquera.com\/en\/#\/schema\/logo\/image\/\",\"url\":\"https:\/\/www.alquera.com\/wp-content\/uploads\/2020\/11\/logo_300_ancho.png\",\"contentUrl\":\"https:\/\/www.alquera.com\/wp-content\/uploads\/2020\/11\/logo_300_ancho.png\",\"width\":300,\"height\":86,\"caption\":\"ALQUERA CIENCIA SL\"},\"image\":{\"@id\":\"https:\/\/www.alquera.com\/en\/#\/schema\/logo\/image\/\"},\"sameAs\":[\"https:\/\/www.facebook.com\/alqueraciencia\",\"https:\/\/www.instagram.com\/alquera_ciencia\/\",\"https:\/\/www.youtube.com\/c\/alquera\"]}]}<\/script>\n<meta property=\"og:availability\" content=\"instock\" \/>\n<meta property=\"product:availability\" content=\"instock\" \/>\n<meta property=\"product:retailer_item_id\" content=\"AL100101\" \/>\n<meta property=\"product:condition\" content=\"new\" \/>\n<!-- \/ Yoast SEO Premium plugin. -->","yoast_head_json":{"title":"Cerium-Oxid: Online kaufen - Alquera.com","description":"SENDUNGEN IN 24\/48H. Kaufen Sie Cerium-Oxid. Ceriumoxid ist ein wei\u00dfes Pulver, das zum Polieren von Glas, Kristallen und Spiegeln verwendet wird.","robots":{"index":"index","follow":"follow","max-snippet":"max-snippet:-1","max-image-preview":"max-image-preview:large","max-video-preview":"max-video-preview:-1"},"canonical":"https:\/\/www.alquera.com\/de\/oxido-de-cerio\/","og_locale":"de_DE","og_type":"article","og_title":"\u00d3xido de Cerio: Comprar Online - Alquera.com","og_description":"ENV\u00cdOS EN 24\/48H. Comprar \u00d3xido de Cerio. El \u00f3xido de cerio es un polvo blanco, utilizado para pulido de vidrio, cristales y espejos","og_url":"https:\/\/www.alquera.com\/de\/oxido-de-cerio\/","og_site_name":"Alquera.com","article_publisher":"https:\/\/www.facebook.com\/alqueraciencia","article_modified_time":"2026-04-06T09:25:52+00:00","og_image":[{"width":800,"height":782,"url":"https:\/\/www.alquera.com\/wp-content\/uploads\/2015\/11\/oxido-de-cerio-100g-editada.png","type":"image\/png"}],"twitter_card":"summary_large_image","twitter_misc":{"Verf\u00fcgbarkeit":"Auf Lager"},"schema":{"@context":"https:\/\/schema.org","@graph":[{"@type":["WebPage","ItemPage"],"@id":"https:\/\/www.alquera.com\/oxido-de-cerio\/","url":"https:\/\/www.alquera.com\/oxido-de-cerio\/","name":"Cerium-Oxid: Online kaufen - Alquera.com","isPartOf":{"@id":"https:\/\/www.alquera.com\/en\/#website"},"primaryImageOfPage":{"@id":"https:\/\/www.alquera.com\/oxido-de-cerio\/#primaryimage"},"image":{"@id":"https:\/\/www.alquera.com\/oxido-de-cerio\/#primaryimage"},"thumbnailUrl":"https:\/\/www.alquera.com\/wp-content\/uploads\/2015\/11\/oxido-de-cerio-100g-editada.png","datePublished":"2015-11-26T12:18:23+00:00","dateModified":"2026-04-06T09:25:52+00:00","description":"SENDUNGEN IN 24\/48H. Kaufen Sie Cerium-Oxid. Ceriumoxid ist ein wei\u00dfes Pulver, das zum Polieren von Glas, Kristallen und Spiegeln verwendet wird.","breadcrumb":{"@id":"https:\/\/www.alquera.com\/oxido-de-cerio\/#breadcrumb"},"inLanguage":"de","potentialAction":[{"@type":"ReadAction","target":["https:\/\/www.alquera.com\/oxido-de-cerio\/"]}]},{"@type":"ImageObject","inLanguage":"de","@id":"https:\/\/www.alquera.com\/oxido-de-cerio\/#primaryimage","url":"https:\/\/www.alquera.com\/wp-content\/uploads\/2015\/11\/oxido-de-cerio-100g-editada.png","contentUrl":"https:\/\/www.alquera.com\/wp-content\/uploads\/2015\/11\/oxido-de-cerio-100g-editada.png","width":800,"height":782,"caption":"oxido de cerio 100g"},{"@type":"BreadcrumbList","@id":"https:\/\/www.alquera.com\/oxido-de-cerio\/#breadcrumb","itemListElement":[{"@type":"ListItem","position":1,"name":"Inicio","item":"https:\/\/www.alquera.com\/"},{"@type":"ListItem","position":2,"name":"Alquera.com: Tienda Online de Productos Qu\u00edmicos y Material de Laboratorio","item":"https:\/\/www.alquera.com\/en\/tienda\/"},{"@type":"ListItem","position":3,"name":"\u00d3xido de Cerio"}]},{"@type":"WebSite","@id":"https:\/\/www.alquera.com\/en\/#website","url":"https:\/\/www.alquera.com\/en\/","name":"Alquera.com","description":"Online Shop Chemische Produkte und Laborger\u00e4te","publisher":{"@id":"https:\/\/www.alquera.com\/en\/#organization"},"potentialAction":[{"@type":"SearchAction","target":{"@type":"EntryPoint","urlTemplate":"https:\/\/www.alquera.com\/en\/?s={search_term_string}"},"query-input":{"@type":"PropertyValueSpecification","valueRequired":true,"valueName":"search_term_string"}}],"inLanguage":"de"},{"@type":"Organization","@id":"https:\/\/www.alquera.com\/en\/#organization","name":"ALQUERA CIENCIA SL","url":"https:\/\/www.alquera.com\/en\/","logo":{"@type":"ImageObject","inLanguage":"de","@id":"https:\/\/www.alquera.com\/en\/#\/schema\/logo\/image\/","url":"https:\/\/www.alquera.com\/wp-content\/uploads\/2020\/11\/logo_300_ancho.png","contentUrl":"https:\/\/www.alquera.com\/wp-content\/uploads\/2020\/11\/logo_300_ancho.png","width":300,"height":86,"caption":"ALQUERA CIENCIA SL"},"image":{"@id":"https:\/\/www.alquera.com\/en\/#\/schema\/logo\/image\/"},"sameAs":["https:\/\/www.facebook.com\/alqueraciencia","https:\/\/www.instagram.com\/alquera_ciencia\/","https:\/\/www.youtube.com\/c\/alquera"]}]},"og_availability":"instock","product_availability":"instock","product_retailer_item_id":"AL100101","product_condition":"new"},"_links":{"self":[{"href":"https:\/\/www.alquera.com\/de\/wp-json\/wp\/v2\/product\/428","targetHints":{"allow":["GET"]}}],"collection":[{"href":"https:\/\/www.alquera.com\/de\/wp-json\/wp\/v2\/product"}],"about":[{"href":"https:\/\/www.alquera.com\/de\/wp-json\/wp\/v2\/types\/product"}],"replies":[{"embeddable":true,"href":"https:\/\/www.alquera.com\/de\/wp-json\/wp\/v2\/comments?post=428"}],"wp:featuredmedia":[{"embeddable":true,"href":"https:\/\/www.alquera.com\/de\/wp-json\/wp\/v2\/media\/35730"}],"wp:attachment":[{"href":"https:\/\/www.alquera.com\/de\/wp-json\/wp\/v2\/media?parent=428"}],"wp:term":[{"taxonomy":"product_brand","embeddable":true,"href":"https:\/\/www.alquera.com\/de\/wp-json\/wp\/v2\/product_brand?post=428"},{"taxonomy":"product_cat","embeddable":true,"href":"https:\/\/www.alquera.com\/de\/wp-json\/wp\/v2\/product_cat?post=428"},{"taxonomy":"product_tag","embeddable":true,"href":"https:\/\/www.alquera.com\/de\/wp-json\/wp\/v2\/product_tag?post=428"}],"curies":[{"name":"wp","href":"https:\/\/api.w.org\/{rel}","templated":true}]}}