{"id":46855,"date":"2024-03-27T09:03:20","date_gmt":"2024-03-27T09:03:20","guid":{"rendered":"https:\/\/www.alquera.com\/?post_type=product&#038;p=46855"},"modified":"2026-02-23T16:12:45","modified_gmt":"2026-02-23T16:12:45","slug":"polvo-de-zinc","status":"publish","type":"product","link":"https:\/\/www.alquera.com\/de\/polvo-de-zinc\/","title":{"rendered":"Zink-Pulver"},"content":{"rendered":"<p>Produktbezeichnung: ZINC POWDER (Zn &gt;97%)<br \/>\nProdukt-Code: ALQ00128<br \/>\nChemische Bezeichnung: Zinkpulver (stabilisiert)<br \/>\nIndex: 030-001-01-9<br \/>\nCAS: 7440-66-6<br \/>\nEC: 231-175-3<\/p>\n<p>Produktart\/Verwendung: Einkomponentiger anorganischer Stoff<\/p>\n<h2><strong>EIGENSCHAFTEN VON ZINKPULVER<\/strong><\/h2>\n<p>Schmelz-\/Gefrierpunkt: 409-421 \u00baC.<br \/>\nZersetzungstemperatur: N.D.<br \/>\npH: Nicht anwendbar.<br \/>\nL\u00f6slichkeit: unl\u00f6slich in Wasser.<br \/>\nWasserl\u00f6slichkeit: 0,1 mg\/l (unl\u00f6slich in Wasser &lt; 1 mg\/l).<br \/>\nLipidl\u00f6slichkeit: N.A.<br \/>\nVerteilungskoeffizient (n-Oktanol\/Wasser) (logarithmischer Wert): N.A. f\u00fcr Metalle. Nicht anwendbar f\u00fcr anorganische Stoffe (Spalte 2 von Anhang VII der REACH-Verordnung).<br \/>\nSch\u00fcttdichte: 1,60 - 3,20 g\/cm<sup>3<\/sup>.<br \/>\nRelative Dichte (Wasser=1): 6,9 - 7,1.<br \/>\nKinematische Viskosit\u00e4t: Nicht anwendbar, festes Produkt.  Sie wurde im geschmolzenen, fl\u00fcssigen Zustand von Zink bestimmt. Die Ergebnisse zeigen, dass die Viskosit\u00e4t von fl\u00fcssigem metallischem Zink mit abnehmender Temperatur (zwischen 417-521 \u00b0C) langsam ansteigt, bis die Schmelztemperatur erreicht ist.<br \/>\nDynamische Viskosit\u00e4t: Nicht anwendbar, festes Produkt.<\/p>\n<p><strong>Partikeleigenschaften: <\/strong><\/p>\n<p>Partikelgr\u00f6\u00dfe: 45-212 \u00b5m.<\/p>\n<p>&nbsp;<\/p>","protected":false},"excerpt":{"rendered":"<p>Kaufen Sie Zinkpulver oder Zinkpulver in den Formaten 1Kg, 5Kg und 25Kg. Sie k\u00f6nnen den Preis f\u00fcr die verschiedenen Formate von Zinkpulver sehen, wenn Sie das gew\u00fcnschte Format ausw\u00e4hlen. Die Bestellung erfolgt direkt \u00fcber das Internet, indem Sie den angegebenen Schritten folgen, und die Lieferung erfolgt innerhalb von 24\/48 Stunden.<\/p>","protected":false},"featured_media":46924,"comment_status":"open","ping_status":"closed","template":"","meta":{"_acf_changed":false,"site-sidebar-layout":"default","site-content-layout":"default","ast-site-content-layout":"default","site-content-style":"default","site-sidebar-style":"default","ast-global-header-display":"","ast-banner-title-visibility":"","ast-main-header-display":"","ast-hfb-above-header-display":"","ast-hfb-below-header-display":"","ast-hfb-mobile-header-display":"","site-post-title":"","ast-breadcrumbs-content":"","ast-featured-img":"","footer-sml-layout":"","ast-disable-related-posts":"","theme-transparent-header-meta":"default","adv-header-id-meta":"","stick-header-meta":"default","header-above-stick-meta":"","header-main-stick-meta":"","header-below-stick-meta":"","astra-migrate-meta-layouts":"default","ast-page-background-enabled":"default","ast-page-background-meta":{"desktop":{"background-color":"var(--ast-global-color-4)","background-image":"","background-repeat":"repeat","background-position":"center center","background-size":"auto","background-attachment":"scroll","background-type":"","background-media":"","overlay-type":"","overlay-color":"","overlay-opacity":"","overlay-gradient":""},"tablet":{"background-color":"","background-image":"","background-repeat":"repeat","background-position":"center center","background-size":"auto","background-attachment":"scroll","background-type":"","background-media":"","overlay-type":"","overlay-color":"","overlay-opacity":"","overlay-gradient":""},"mobile":{"background-color":"","background-image":"","background-repeat":"repeat","background-position":"center center","background-size":"auto","background-attachment":"scroll","background-type":"","background-media":"","overlay-type":"","overlay-color":"","overlay-opacity":"","overlay-gradient":""}},"ast-content-background-meta":{"desktop":{"background-color":"var(--ast-global-color-5)","background-image":"","background-repeat":"repeat","background-position":"center center","background-size":"auto","background-attachment":"scroll","background-type":"","background-media":"","overlay-type":"","overlay-color":"","overlay-opacity":"","overlay-gradient":""},"tablet":{"background-color":"var(--ast-global-color-5)","background-image":"","background-repeat":"repeat","background-position":"center center","background-size":"auto","background-attachment":"scroll","background-type":"","background-media":"","overlay-type":"","overlay-color":"","overlay-opacity":"","overlay-gradient":""},"mobile":{"background-color":"var(--ast-global-color-5)","background-image":"","background-repeat":"repeat","background-position":"center center","background-size":"auto","background-attachment":"scroll","background-type":"","background-media":"","overlay-type":"","overlay-color":"","overlay-opacity":"","overlay-gradient":""}}},"product_brand":[],"product_cat":[21],"product_tag":[],"class_list":{"0":"post-46855","1":"product","2":"type-product","3":"status-publish","4":"has-post-thumbnail","6":"product_cat-productos","7":"pa_cantidad-1kg","8":"pa_cantidad-5kg","9":"pa_cantidad-25kg","10":"desktop-align-left","11":"tablet-align-left","12":"mobile-align-left","13":"ast-product-gallery-layout-horizontal-slider","14":"ast-product-gallery-with-no-image","15":"ast-magnify-disabled","16":"ast-product-single-variable","17":"ast-product-tabs-layout-horizontal","18":"ast-qv-on-image","20":"first","21":"instock","22":"taxable","23":"shipping-taxable","24":"purchasable","25":"product-type-variable","26":"has-default-attributes"},"acf":[],"yoast_head":"<!-- This site is optimized with the Yoast SEO Premium plugin v27.1 (Yoast SEO v27.1.1) - https:\/\/yoast.com\/product\/yoast-seo-premium-wordpress\/ -->\n<title>Polvo de Zinc: Comprar Online - Alquera.com<\/title>\n<meta name=\"description\" content=\"ENV\u00cdOS EN 24\/48H. Compar Polvos de Zinc. M\u00e1x 150micras. Pureza superior al 97%. Zinc, de f\u00f3rmula qu\u00edmica Zn. Consulta tambi\u00e9n nuestro catl\u00e1logo.\" \/>\n<meta name=\"robots\" content=\"index, follow, max-snippet:-1, max-image-preview:large, max-video-preview:-1\" \/>\n<link rel=\"canonical\" href=\"https:\/\/www.alquera.com\/de\/polvo-de-zinc\/\" \/>\n<meta property=\"og:locale\" content=\"de_DE\" \/>\n<meta property=\"og:type\" content=\"article\" \/>\n<meta property=\"og:title\" content=\"Polvo de Zinc: Comprar Online - Alquera.com\" \/>\n<meta property=\"og:description\" content=\"ENV\u00cdOS EN 24\/48H. Compar Polvos de Zinc. M\u00e1x 150micras. Pureza superior al 97%. Zinc, de f\u00f3rmula qu\u00edmica Zn. Consulta tambi\u00e9n nuestro catl\u00e1logo.\" \/>\n<meta property=\"og:url\" content=\"https:\/\/www.alquera.com\/de\/polvo-de-zinc\/\" \/>\n<meta property=\"og:site_name\" content=\"Alquera.com\" \/>\n<meta property=\"article:publisher\" content=\"https:\/\/www.facebook.com\/alqueraciencia\" \/>\n<meta property=\"article:modified_time\" content=\"2026-02-23T16:12:45+00:00\" \/>\n<meta property=\"og:image\" content=\"https:\/\/www.alquera.com\/wp-content\/uploads\/2024\/03\/zinc-en-polvo.png\" \/>\n\t<meta property=\"og:image:width\" content=\"1214\" \/>\n\t<meta property=\"og:image:height\" content=\"1200\" \/>\n\t<meta property=\"og:image:type\" content=\"image\/png\" \/>\n<meta name=\"twitter:card\" content=\"summary_large_image\" \/>\n<meta name=\"twitter:label1\" content=\"Verf\u00fcgbarkeit\" \/>\n\t<meta name=\"twitter:data1\" content=\"Auf Lager\" \/>\n<script type=\"application\/ld+json\" class=\"yoast-schema-graph\">{\"@context\":\"https:\/\/schema.org\",\"@graph\":[{\"@type\":[\"WebPage\",\"ItemPage\"],\"@id\":\"https:\/\/www.alquera.com\/polvo-de-zinc\/\",\"url\":\"https:\/\/www.alquera.com\/polvo-de-zinc\/\",\"name\":\"Polvo de Zinc: Comprar Online - Alquera.com\",\"isPartOf\":{\"@id\":\"https:\/\/www.alquera.com\/en\/#website\"},\"primaryImageOfPage\":{\"@id\":\"https:\/\/www.alquera.com\/polvo-de-zinc\/#primaryimage\"},\"image\":{\"@id\":\"https:\/\/www.alquera.com\/polvo-de-zinc\/#primaryimage\"},\"thumbnailUrl\":\"https:\/\/www.alquera.com\/wp-content\/uploads\/2024\/03\/zinc-en-polvo.png\",\"datePublished\":\"2024-03-27T09:03:20+00:00\",\"dateModified\":\"2026-02-23T16:12:45+00:00\",\"description\":\"ENV\u00cdOS EN 24\/48H. Compar Polvos de Zinc. M\u00e1x 150micras. Pureza superior al 97%. Zinc, de f\u00f3rmula qu\u00edmica Zn. Consulta tambi\u00e9n nuestro catl\u00e1logo.\",\"breadcrumb\":{\"@id\":\"https:\/\/www.alquera.com\/polvo-de-zinc\/#breadcrumb\"},\"inLanguage\":\"de\",\"potentialAction\":[{\"@type\":\"ReadAction\",\"target\":[\"https:\/\/www.alquera.com\/polvo-de-zinc\/\"]}]},{\"@type\":\"ImageObject\",\"inLanguage\":\"de\",\"@id\":\"https:\/\/www.alquera.com\/polvo-de-zinc\/#primaryimage\",\"url\":\"https:\/\/www.alquera.com\/wp-content\/uploads\/2024\/03\/zinc-en-polvo.png\",\"contentUrl\":\"https:\/\/www.alquera.com\/wp-content\/uploads\/2024\/03\/zinc-en-polvo.png\",\"width\":1214,\"height\":1200,\"caption\":\"zinc en polvo\"},{\"@type\":\"BreadcrumbList\",\"@id\":\"https:\/\/www.alquera.com\/polvo-de-zinc\/#breadcrumb\",\"itemListElement\":[{\"@type\":\"ListItem\",\"position\":1,\"name\":\"Inicio\",\"item\":\"https:\/\/www.alquera.com\/\"},{\"@type\":\"ListItem\",\"position\":2,\"name\":\"Alquera.com: Tienda Online de Productos Qu\u00edmicos y Material de Laboratorio\",\"item\":\"https:\/\/www.alquera.com\/en\/tienda\/\"},{\"@type\":\"ListItem\",\"position\":3,\"name\":\"Polvo de Zinc\"}]},{\"@type\":\"WebSite\",\"@id\":\"https:\/\/www.alquera.com\/en\/#website\",\"url\":\"https:\/\/www.alquera.com\/en\/\",\"name\":\"Alquera.com\",\"description\":\"Tienda Online Productos Qu\u00edmicos y Material de Laboratorio\",\"publisher\":{\"@id\":\"https:\/\/www.alquera.com\/en\/#organization\"},\"potentialAction\":[{\"@type\":\"SearchAction\",\"target\":{\"@type\":\"EntryPoint\",\"urlTemplate\":\"https:\/\/www.alquera.com\/en\/?s={search_term_string}\"},\"query-input\":{\"@type\":\"PropertyValueSpecification\",\"valueRequired\":true,\"valueName\":\"search_term_string\"}}],\"inLanguage\":\"de\"},{\"@type\":\"Organization\",\"@id\":\"https:\/\/www.alquera.com\/en\/#organization\",\"name\":\"ALQUERA CIENCIA SL\",\"url\":\"https:\/\/www.alquera.com\/en\/\",\"logo\":{\"@type\":\"ImageObject\",\"inLanguage\":\"de\",\"@id\":\"https:\/\/www.alquera.com\/en\/#\/schema\/logo\/image\/\",\"url\":\"https:\/\/www.alquera.com\/wp-content\/uploads\/2020\/11\/logo_300_ancho.png\",\"contentUrl\":\"https:\/\/www.alquera.com\/wp-content\/uploads\/2020\/11\/logo_300_ancho.png\",\"width\":300,\"height\":86,\"caption\":\"ALQUERA CIENCIA SL\"},\"image\":{\"@id\":\"https:\/\/www.alquera.com\/en\/#\/schema\/logo\/image\/\"},\"sameAs\":[\"https:\/\/www.facebook.com\/alqueraciencia\",\"https:\/\/www.instagram.com\/alquera_ciencia\/\",\"https:\/\/www.youtube.com\/c\/alquera\"]}]}<\/script>\n<meta property=\"og:availability\" content=\"instock\" \/>\n<meta property=\"product:availability\" content=\"instock\" \/>\n<meta property=\"product:condition\" content=\"new\" \/>\n<!-- \/ Yoast SEO Premium plugin. -->","yoast_head_json":{"title":"Zink-Pulver: Online kaufen - Alquera.com","description":"SENDUNGEN IN 24\/48H. Vergleich Zinkpulver. Max 150micron. Reinheit h\u00f6her als 97%. Zink, chemische Formel Zn. Siehe auch unseren Katalog.","robots":{"index":"index","follow":"follow","max-snippet":"max-snippet:-1","max-image-preview":"max-image-preview:large","max-video-preview":"max-video-preview:-1"},"canonical":"https:\/\/www.alquera.com\/de\/polvo-de-zinc\/","og_locale":"de_DE","og_type":"article","og_title":"Polvo de Zinc: Comprar Online - Alquera.com","og_description":"ENV\u00cdOS EN 24\/48H. Compar Polvos de Zinc. M\u00e1x 150micras. Pureza superior al 97%. Zinc, de f\u00f3rmula qu\u00edmica Zn. Consulta tambi\u00e9n nuestro catl\u00e1logo.","og_url":"https:\/\/www.alquera.com\/de\/polvo-de-zinc\/","og_site_name":"Alquera.com","article_publisher":"https:\/\/www.facebook.com\/alqueraciencia","article_modified_time":"2026-02-23T16:12:45+00:00","og_image":[{"width":1214,"height":1200,"url":"https:\/\/www.alquera.com\/wp-content\/uploads\/2024\/03\/zinc-en-polvo.png","type":"image\/png"}],"twitter_card":"summary_large_image","twitter_misc":{"Verf\u00fcgbarkeit":"Auf Lager"},"schema":{"@context":"https:\/\/schema.org","@graph":[{"@type":["WebPage","ItemPage"],"@id":"https:\/\/www.alquera.com\/polvo-de-zinc\/","url":"https:\/\/www.alquera.com\/polvo-de-zinc\/","name":"Zink-Pulver: Online kaufen - Alquera.com","isPartOf":{"@id":"https:\/\/www.alquera.com\/en\/#website"},"primaryImageOfPage":{"@id":"https:\/\/www.alquera.com\/polvo-de-zinc\/#primaryimage"},"image":{"@id":"https:\/\/www.alquera.com\/polvo-de-zinc\/#primaryimage"},"thumbnailUrl":"https:\/\/www.alquera.com\/wp-content\/uploads\/2024\/03\/zinc-en-polvo.png","datePublished":"2024-03-27T09:03:20+00:00","dateModified":"2026-02-23T16:12:45+00:00","description":"SENDUNGEN IN 24\/48H. Vergleich Zinkpulver. Max 150micron. Reinheit h\u00f6her als 97%. Zink, chemische Formel Zn. Siehe auch unseren Katalog.","breadcrumb":{"@id":"https:\/\/www.alquera.com\/polvo-de-zinc\/#breadcrumb"},"inLanguage":"de","potentialAction":[{"@type":"ReadAction","target":["https:\/\/www.alquera.com\/polvo-de-zinc\/"]}]},{"@type":"ImageObject","inLanguage":"de","@id":"https:\/\/www.alquera.com\/polvo-de-zinc\/#primaryimage","url":"https:\/\/www.alquera.com\/wp-content\/uploads\/2024\/03\/zinc-en-polvo.png","contentUrl":"https:\/\/www.alquera.com\/wp-content\/uploads\/2024\/03\/zinc-en-polvo.png","width":1214,"height":1200,"caption":"zinc en polvo"},{"@type":"BreadcrumbList","@id":"https:\/\/www.alquera.com\/polvo-de-zinc\/#breadcrumb","itemListElement":[{"@type":"ListItem","position":1,"name":"Inicio","item":"https:\/\/www.alquera.com\/"},{"@type":"ListItem","position":2,"name":"Alquera.com: Tienda Online de Productos Qu\u00edmicos y Material de Laboratorio","item":"https:\/\/www.alquera.com\/en\/tienda\/"},{"@type":"ListItem","position":3,"name":"Polvo de Zinc"}]},{"@type":"WebSite","@id":"https:\/\/www.alquera.com\/en\/#website","url":"https:\/\/www.alquera.com\/en\/","name":"Alquera.com","description":"Online Shop Chemische Produkte und Laborger\u00e4te","publisher":{"@id":"https:\/\/www.alquera.com\/en\/#organization"},"potentialAction":[{"@type":"SearchAction","target":{"@type":"EntryPoint","urlTemplate":"https:\/\/www.alquera.com\/en\/?s={search_term_string}"},"query-input":{"@type":"PropertyValueSpecification","valueRequired":true,"valueName":"search_term_string"}}],"inLanguage":"de"},{"@type":"Organization","@id":"https:\/\/www.alquera.com\/en\/#organization","name":"ALQUERA CIENCIA SL","url":"https:\/\/www.alquera.com\/en\/","logo":{"@type":"ImageObject","inLanguage":"de","@id":"https:\/\/www.alquera.com\/en\/#\/schema\/logo\/image\/","url":"https:\/\/www.alquera.com\/wp-content\/uploads\/2020\/11\/logo_300_ancho.png","contentUrl":"https:\/\/www.alquera.com\/wp-content\/uploads\/2020\/11\/logo_300_ancho.png","width":300,"height":86,"caption":"ALQUERA CIENCIA SL"},"image":{"@id":"https:\/\/www.alquera.com\/en\/#\/schema\/logo\/image\/"},"sameAs":["https:\/\/www.facebook.com\/alqueraciencia","https:\/\/www.instagram.com\/alquera_ciencia\/","https:\/\/www.youtube.com\/c\/alquera"]}]},"og_availability":"instock","product_availability":"instock","product_condition":"new"},"_links":{"self":[{"href":"https:\/\/www.alquera.com\/de\/wp-json\/wp\/v2\/product\/46855","targetHints":{"allow":["GET"]}}],"collection":[{"href":"https:\/\/www.alquera.com\/de\/wp-json\/wp\/v2\/product"}],"about":[{"href":"https:\/\/www.alquera.com\/de\/wp-json\/wp\/v2\/types\/product"}],"replies":[{"embeddable":true,"href":"https:\/\/www.alquera.com\/de\/wp-json\/wp\/v2\/comments?post=46855"}],"wp:featuredmedia":[{"embeddable":true,"href":"https:\/\/www.alquera.com\/de\/wp-json\/wp\/v2\/media\/46924"}],"wp:attachment":[{"href":"https:\/\/www.alquera.com\/de\/wp-json\/wp\/v2\/media?parent=46855"}],"wp:term":[{"taxonomy":"product_brand","embeddable":true,"href":"https:\/\/www.alquera.com\/de\/wp-json\/wp\/v2\/product_brand?post=46855"},{"taxonomy":"product_cat","embeddable":true,"href":"https:\/\/www.alquera.com\/de\/wp-json\/wp\/v2\/product_cat?post=46855"},{"taxonomy":"product_tag","embeddable":true,"href":"https:\/\/www.alquera.com\/de\/wp-json\/wp\/v2\/product_tag?post=46855"}],"curies":[{"name":"wp","href":"https:\/\/api.w.org\/{rel}","templated":true}]}}