{"id":48939,"date":"2024-08-26T10:25:35","date_gmt":"2024-08-26T10:25:35","guid":{"rendered":"https:\/\/www.alquera.com\/?post_type=product&#038;p=48939"},"modified":"2026-03-26T11:29:48","modified_gmt":"2026-03-26T11:29:48","slug":"tubos-de-ensayo-de-plastico","status":"publish","type":"product","link":"https:\/\/www.alquera.com\/de\/tubos-de-ensayo-de-plastico\/","title":{"rendered":"Kunststoff-Pr\u00fcfr\u00f6hrchen"},"content":{"rendered":"<p><strong>Kunststoff-Testr\u00f6hrchen.<\/strong><br \/>\nRunder Boden.<br \/>\nPolystyrol-Pr\u00fcfr\u00f6hrchen (PS)<\/p>\n<ul>\n<li>L=100mm<\/li>\n<li>D=16mm<\/li>\n<li>vol=10ml<\/li>\n<\/ul>\n<p>W\u00e4hlen Sie die Menge: 40 oder 100 St\u00fcck.<\/p>\n<p>Ideal f\u00fcr Labortests oder Experimente mit Kindern.<\/p>\n<p>Sie k\u00f6nnen es mit dem <a href=\"https:\/\/www.alquera.com\/de\/tapon-para-tubos-de-ensayo\/\">Kunststoffstopfen f\u00fcr Reagenzgl\u00e4ser<\/a> und mit dem <a href=\"https:\/\/www.alquera.com\/de\/gradilla-para-tubos-de-ensayo\/\">Reagenzglasgestell<\/a><\/p>\n<figure id=\"attachment_48955\" aria-describedby=\"caption-attachment-48955\" style=\"width: 150px\" class=\"wp-caption alignnone\"><img loading=\"lazy\" decoding=\"async\" class=\"wp-image-48955 size-thumbnail\" src=\"https:\/\/www.alquera.com\/wp-content\/uploads\/2024\/08\/tapon-azul-150x150.png\" alt=\"\" width=\"150\" height=\"150\" srcset=\"https:\/\/www.alquera.com\/wp-content\/uploads\/2024\/08\/tapon-azul-150x150.png 150w, https:\/\/www.alquera.com\/wp-content\/uploads\/2024\/08\/tapon-azul-300x300.png 300w, https:\/\/www.alquera.com\/wp-content\/uploads\/2024\/08\/tapon-azul-12x12.png 12w, https:\/\/www.alquera.com\/wp-content\/uploads\/2024\/08\/tapon-azul-100x100.png 100w, https:\/\/www.alquera.com\/wp-content\/uploads\/2024\/08\/tapon-azul.png 600w\" sizes=\"auto, (max-width: 150px) 100vw, 150px\" \/><figcaption id=\"caption-attachment-48955\" class=\"wp-caption-text\"><a href=\"https:\/\/www.alquera.com\/de\/tubos-de-ensayo-de-plastico\/\">Reagenzglasstopfen<\/a><\/figcaption><\/figure>\n<figure id=\"attachment_48994\" aria-describedby=\"caption-attachment-48994\" style=\"width: 150px\" class=\"wp-caption alignnone\"><img loading=\"lazy\" decoding=\"async\" class=\"wp-image-48994 size-thumbnail\" src=\"https:\/\/www.alquera.com\/wp-content\/uploads\/2024\/08\/gradilla-150x150.jpg\" alt=\"\" width=\"150\" height=\"150\" srcset=\"https:\/\/www.alquera.com\/wp-content\/uploads\/2024\/08\/gradilla-150x150.jpg 150w, https:\/\/www.alquera.com\/wp-content\/uploads\/2024\/08\/gradilla-300x300.jpg 300w, https:\/\/www.alquera.com\/wp-content\/uploads\/2024\/08\/gradilla-12x12.jpg 12w, https:\/\/www.alquera.com\/wp-content\/uploads\/2024\/08\/gradilla-100x100.jpg 100w, https:\/\/www.alquera.com\/wp-content\/uploads\/2024\/08\/gradilla.jpg 600w\" sizes=\"auto, (max-width: 150px) 100vw, 150px\" \/><figcaption id=\"caption-attachment-48994\" class=\"wp-caption-text\"><a href=\"https:\/\/www.alquera.com\/de\/gradilla-para-tubos-de-ensayo\/\">Reagenzglasgestell<\/a><\/figcaption><\/figure>\n<p>&nbsp;<\/p>\n<p>&nbsp;<\/p>\n<p>&nbsp;<\/p>","protected":false},"excerpt":{"rendered":"<p>Kaufen Sie Reagenzgl\u00e4ser aus Kunststoff in 40 oder 100 St\u00fcck. Kombinieren Sie sie mit dem <a href=\"https:\/\/www.alquera.com\/de\/tapon-para-tubos-de-ensayo\/\">Kunststoffstopfen f\u00fcr Reagenzgl\u00e4ser<\/a> und mit dem <a href=\"https:\/\/www.alquera.com\/de\/gradilla-para-tubos-de-ensayo\/\">Reagenzglasgestell<\/a>. Der Preis f\u00fcr die verschiedenen Formate von Kunststoffpr\u00fcfr\u00f6hrchen ist ersichtlich, wenn Sie das gew\u00fcnschte Format ausw\u00e4hlen. Die Bestellung erfolgt direkt \u00fcber das Internet, indem Sie die angegebenen Schritte befolgen, und die Lieferung erfolgt innerhalb von 24\/48 Stunden.<\/p>","protected":false},"featured_media":49003,"comment_status":"open","ping_status":"closed","template":"","meta":{"_acf_changed":false,"site-sidebar-layout":"default","site-content-layout":"default","ast-site-content-layout":"default","site-content-style":"default","site-sidebar-style":"default","ast-global-header-display":"","ast-banner-title-visibility":"","ast-main-header-display":"","ast-hfb-above-header-display":"","ast-hfb-below-header-display":"","ast-hfb-mobile-header-display":"","site-post-title":"","ast-breadcrumbs-content":"","ast-featured-img":"","footer-sml-layout":"","ast-disable-related-posts":"","theme-transparent-header-meta":"default","adv-header-id-meta":"","stick-header-meta":"default","header-above-stick-meta":"","header-main-stick-meta":"","header-below-stick-meta":"","astra-migrate-meta-layouts":"set","ast-page-background-enabled":"default","ast-page-background-meta":{"desktop":{"background-color":"var(--ast-global-color-4)","background-image":"","background-repeat":"repeat","background-position":"center center","background-size":"auto","background-attachment":"scroll","background-type":"","background-media":"","overlay-type":"","overlay-color":"","overlay-opacity":"","overlay-gradient":""},"tablet":{"background-color":"","background-image":"","background-repeat":"repeat","background-position":"center center","background-size":"auto","background-attachment":"scroll","background-type":"","background-media":"","overlay-type":"","overlay-color":"","overlay-opacity":"","overlay-gradient":""},"mobile":{"background-color":"","background-image":"","background-repeat":"repeat","background-position":"center center","background-size":"auto","background-attachment":"scroll","background-type":"","background-media":"","overlay-type":"","overlay-color":"","overlay-opacity":"","overlay-gradient":""}},"ast-content-background-meta":{"desktop":{"background-color":"var(--ast-global-color-5)","background-image":"","background-repeat":"repeat","background-position":"center center","background-size":"auto","background-attachment":"scroll","background-type":"","background-media":"","overlay-type":"","overlay-color":"","overlay-opacity":"","overlay-gradient":""},"tablet":{"background-color":"var(--ast-global-color-5)","background-image":"","background-repeat":"repeat","background-position":"center center","background-size":"auto","background-attachment":"scroll","background-type":"","background-media":"","overlay-type":"","overlay-color":"","overlay-opacity":"","overlay-gradient":""},"mobile":{"background-color":"var(--ast-global-color-5)","background-image":"","background-repeat":"repeat","background-position":"center center","background-size":"auto","background-attachment":"scroll","background-type":"","background-media":"","overlay-type":"","overlay-color":"","overlay-opacity":"","overlay-gradient":""}}},"product_brand":[],"product_cat":[21],"product_tag":[],"class_list":{"0":"post-48939","1":"product","2":"type-product","3":"status-publish","4":"has-post-thumbnail","6":"product_cat-productos","7":"desktop-align-left","8":"tablet-align-left","9":"mobile-align-left","10":"ast-product-gallery-layout-horizontal-slider","11":"ast-product-gallery-with-no-image","12":"ast-magnify-disabled","13":"ast-product-single-variable","14":"ast-product-tabs-layout-horizontal","15":"ast-qv-on-image","17":"first","18":"instock","19":"taxable","20":"shipping-taxable","21":"purchasable","22":"product-type-variable","23":"has-default-attributes"},"acf":[],"yoast_head":"<!-- This site is optimized with the Yoast SEO Premium plugin v27.1 (Yoast SEO v27.1.1) - https:\/\/yoast.com\/product\/yoast-seo-premium-wordpress\/ -->\n<title>Tubos de Ensayo de Pl\u00e1stico: Comprar Online - Alquera.com<\/title>\n<meta name=\"description\" content=\"ENV\u00cdOS EN 24\/48H. Comprar Tubos de Ensayo de Pl\u00e1stico en Alquera. Es posible combinarlo con tapones de pl\u00e1stico y otros elementos.\" \/>\n<meta name=\"robots\" content=\"index, follow, max-snippet:-1, max-image-preview:large, max-video-preview:-1\" \/>\n<link rel=\"canonical\" href=\"https:\/\/www.alquera.com\/de\/tubos-de-ensayo-de-plastico\/\" \/>\n<meta property=\"og:locale\" content=\"de_DE\" \/>\n<meta property=\"og:type\" content=\"article\" \/>\n<meta property=\"og:title\" content=\"Tubos de Ensayo de Pl\u00e1stico: Comprar Online - Alquera.com\" \/>\n<meta property=\"og:description\" content=\"ENV\u00cdOS EN 24\/48H. Comprar Tubos de Ensayo de Pl\u00e1stico en Alquera. Es posible combinarlo con tapones de pl\u00e1stico y otros elementos.\" \/>\n<meta property=\"og:url\" content=\"https:\/\/www.alquera.com\/de\/tubos-de-ensayo-de-plastico\/\" \/>\n<meta property=\"og:site_name\" content=\"Alquera.com\" \/>\n<meta property=\"article:publisher\" content=\"https:\/\/www.facebook.com\/alqueraciencia\" \/>\n<meta property=\"article:modified_time\" content=\"2026-03-26T11:29:48+00:00\" \/>\n<meta property=\"og:image\" content=\"https:\/\/www.alquera.com\/wp-content\/uploads\/2024\/08\/Tubos-de-ensayo-de-plastico.png\" \/>\n\t<meta property=\"og:image:width\" content=\"640\" \/>\n\t<meta property=\"og:image:height\" content=\"640\" \/>\n\t<meta property=\"og:image:type\" content=\"image\/png\" \/>\n<meta name=\"twitter:card\" content=\"summary_large_image\" \/>\n<meta name=\"twitter:label1\" content=\"Verf\u00fcgbarkeit\" \/>\n\t<meta name=\"twitter:data1\" content=\"Auf Lager\" \/>\n<script type=\"application\/ld+json\" class=\"yoast-schema-graph\">{\"@context\":\"https:\/\/schema.org\",\"@graph\":[{\"@type\":[\"WebPage\",\"ItemPage\"],\"@id\":\"https:\/\/www.alquera.com\/tubos-de-ensayo-de-plastico\/\",\"url\":\"https:\/\/www.alquera.com\/tubos-de-ensayo-de-plastico\/\",\"name\":\"Tubos de Ensayo de Pl\u00e1stico: Comprar Online - Alquera.com\",\"isPartOf\":{\"@id\":\"https:\/\/www.alquera.com\/en\/#website\"},\"primaryImageOfPage\":{\"@id\":\"https:\/\/www.alquera.com\/tubos-de-ensayo-de-plastico\/#primaryimage\"},\"image\":{\"@id\":\"https:\/\/www.alquera.com\/tubos-de-ensayo-de-plastico\/#primaryimage\"},\"thumbnailUrl\":\"https:\/\/www.alquera.com\/wp-content\/uploads\/2024\/08\/Tubos-de-ensayo-de-plastico.png\",\"datePublished\":\"2024-08-26T10:25:35+00:00\",\"dateModified\":\"2026-03-26T11:29:48+00:00\",\"description\":\"ENV\u00cdOS EN 24\/48H. Comprar Tubos de Ensayo de Pl\u00e1stico en Alquera. Es posible combinarlo con tapones de pl\u00e1stico y otros elementos.\",\"breadcrumb\":{\"@id\":\"https:\/\/www.alquera.com\/tubos-de-ensayo-de-plastico\/#breadcrumb\"},\"inLanguage\":\"de\",\"potentialAction\":[{\"@type\":\"ReadAction\",\"target\":[\"https:\/\/www.alquera.com\/tubos-de-ensayo-de-plastico\/\"]}]},{\"@type\":\"ImageObject\",\"inLanguage\":\"de\",\"@id\":\"https:\/\/www.alquera.com\/tubos-de-ensayo-de-plastico\/#primaryimage\",\"url\":\"https:\/\/www.alquera.com\/wp-content\/uploads\/2024\/08\/Tubos-de-ensayo-de-plastico.png\",\"contentUrl\":\"https:\/\/www.alquera.com\/wp-content\/uploads\/2024\/08\/Tubos-de-ensayo-de-plastico.png\",\"width\":640,\"height\":640,\"caption\":\"tubos de ensayo de plastico\"},{\"@type\":\"BreadcrumbList\",\"@id\":\"https:\/\/www.alquera.com\/tubos-de-ensayo-de-plastico\/#breadcrumb\",\"itemListElement\":[{\"@type\":\"ListItem\",\"position\":1,\"name\":\"Inicio\",\"item\":\"https:\/\/www.alquera.com\/\"},{\"@type\":\"ListItem\",\"position\":2,\"name\":\"Alquera.com: Tienda Online de Productos Qu\u00edmicos y Material de Laboratorio\",\"item\":\"https:\/\/www.alquera.com\/en\/tienda\/\"},{\"@type\":\"ListItem\",\"position\":3,\"name\":\"Tubos de Ensayo de Pl\u00e1stico\"}]},{\"@type\":\"WebSite\",\"@id\":\"https:\/\/www.alquera.com\/en\/#website\",\"url\":\"https:\/\/www.alquera.com\/en\/\",\"name\":\"Alquera.com\",\"description\":\"Tienda Online Productos Qu\u00edmicos y Material de Laboratorio\",\"publisher\":{\"@id\":\"https:\/\/www.alquera.com\/en\/#organization\"},\"potentialAction\":[{\"@type\":\"SearchAction\",\"target\":{\"@type\":\"EntryPoint\",\"urlTemplate\":\"https:\/\/www.alquera.com\/en\/?s={search_term_string}\"},\"query-input\":{\"@type\":\"PropertyValueSpecification\",\"valueRequired\":true,\"valueName\":\"search_term_string\"}}],\"inLanguage\":\"de\"},{\"@type\":\"Organization\",\"@id\":\"https:\/\/www.alquera.com\/en\/#organization\",\"name\":\"ALQUERA CIENCIA SL\",\"url\":\"https:\/\/www.alquera.com\/en\/\",\"logo\":{\"@type\":\"ImageObject\",\"inLanguage\":\"de\",\"@id\":\"https:\/\/www.alquera.com\/en\/#\/schema\/logo\/image\/\",\"url\":\"https:\/\/www.alquera.com\/wp-content\/uploads\/2020\/11\/logo_300_ancho.png\",\"contentUrl\":\"https:\/\/www.alquera.com\/wp-content\/uploads\/2020\/11\/logo_300_ancho.png\",\"width\":300,\"height\":86,\"caption\":\"ALQUERA CIENCIA SL\"},\"image\":{\"@id\":\"https:\/\/www.alquera.com\/en\/#\/schema\/logo\/image\/\"},\"sameAs\":[\"https:\/\/www.facebook.com\/alqueraciencia\",\"https:\/\/www.instagram.com\/alquera_ciencia\/\",\"https:\/\/www.youtube.com\/c\/alquera\"]}]}<\/script>\n<meta property=\"og:availability\" content=\"instock\" \/>\n<meta property=\"product:availability\" content=\"instock\" \/>\n<meta property=\"product:retailer_item_id\" content=\"ALQ00131\" \/>\n<meta property=\"product:condition\" content=\"new\" \/>\n<!-- \/ Yoast SEO Premium plugin. -->","yoast_head_json":{"title":"Kunststoff-Testr\u00f6hrchen: Online kaufen - Alquera.com","description":"24\/48H LIEFERUNG. Reagenzgl\u00e4ser aus Kunststoff in Alquera kaufen. Es ist m\u00f6glich, sie mit Kunststoffstopfen und anderen Elementen zu kombinieren.","robots":{"index":"index","follow":"follow","max-snippet":"max-snippet:-1","max-image-preview":"max-image-preview:large","max-video-preview":"max-video-preview:-1"},"canonical":"https:\/\/www.alquera.com\/de\/tubos-de-ensayo-de-plastico\/","og_locale":"de_DE","og_type":"article","og_title":"Tubos de Ensayo de Pl\u00e1stico: Comprar Online - Alquera.com","og_description":"ENV\u00cdOS EN 24\/48H. Comprar Tubos de Ensayo de Pl\u00e1stico en Alquera. Es posible combinarlo con tapones de pl\u00e1stico y otros elementos.","og_url":"https:\/\/www.alquera.com\/de\/tubos-de-ensayo-de-plastico\/","og_site_name":"Alquera.com","article_publisher":"https:\/\/www.facebook.com\/alqueraciencia","article_modified_time":"2026-03-26T11:29:48+00:00","og_image":[{"width":640,"height":640,"url":"https:\/\/www.alquera.com\/wp-content\/uploads\/2024\/08\/Tubos-de-ensayo-de-plastico.png","type":"image\/png"}],"twitter_card":"summary_large_image","twitter_misc":{"Verf\u00fcgbarkeit":"Auf Lager"},"schema":{"@context":"https:\/\/schema.org","@graph":[{"@type":["WebPage","ItemPage"],"@id":"https:\/\/www.alquera.com\/tubos-de-ensayo-de-plastico\/","url":"https:\/\/www.alquera.com\/tubos-de-ensayo-de-plastico\/","name":"Kunststoff-Testr\u00f6hrchen: Online kaufen - Alquera.com","isPartOf":{"@id":"https:\/\/www.alquera.com\/en\/#website"},"primaryImageOfPage":{"@id":"https:\/\/www.alquera.com\/tubos-de-ensayo-de-plastico\/#primaryimage"},"image":{"@id":"https:\/\/www.alquera.com\/tubos-de-ensayo-de-plastico\/#primaryimage"},"thumbnailUrl":"https:\/\/www.alquera.com\/wp-content\/uploads\/2024\/08\/Tubos-de-ensayo-de-plastico.png","datePublished":"2024-08-26T10:25:35+00:00","dateModified":"2026-03-26T11:29:48+00:00","description":"24\/48H LIEFERUNG. Reagenzgl\u00e4ser aus Kunststoff in Alquera kaufen. Es ist m\u00f6glich, sie mit Kunststoffstopfen und anderen Elementen zu kombinieren.","breadcrumb":{"@id":"https:\/\/www.alquera.com\/tubos-de-ensayo-de-plastico\/#breadcrumb"},"inLanguage":"de","potentialAction":[{"@type":"ReadAction","target":["https:\/\/www.alquera.com\/tubos-de-ensayo-de-plastico\/"]}]},{"@type":"ImageObject","inLanguage":"de","@id":"https:\/\/www.alquera.com\/tubos-de-ensayo-de-plastico\/#primaryimage","url":"https:\/\/www.alquera.com\/wp-content\/uploads\/2024\/08\/Tubos-de-ensayo-de-plastico.png","contentUrl":"https:\/\/www.alquera.com\/wp-content\/uploads\/2024\/08\/Tubos-de-ensayo-de-plastico.png","width":640,"height":640,"caption":"tubos de ensayo de plastico"},{"@type":"BreadcrumbList","@id":"https:\/\/www.alquera.com\/tubos-de-ensayo-de-plastico\/#breadcrumb","itemListElement":[{"@type":"ListItem","position":1,"name":"Inicio","item":"https:\/\/www.alquera.com\/"},{"@type":"ListItem","position":2,"name":"Alquera.com: Tienda Online de Productos Qu\u00edmicos y Material de Laboratorio","item":"https:\/\/www.alquera.com\/en\/tienda\/"},{"@type":"ListItem","position":3,"name":"Tubos de Ensayo de Pl\u00e1stico"}]},{"@type":"WebSite","@id":"https:\/\/www.alquera.com\/en\/#website","url":"https:\/\/www.alquera.com\/en\/","name":"Alquera.com","description":"Online Shop Chemische Produkte und Laborger\u00e4te","publisher":{"@id":"https:\/\/www.alquera.com\/en\/#organization"},"potentialAction":[{"@type":"SearchAction","target":{"@type":"EntryPoint","urlTemplate":"https:\/\/www.alquera.com\/en\/?s={search_term_string}"},"query-input":{"@type":"PropertyValueSpecification","valueRequired":true,"valueName":"search_term_string"}}],"inLanguage":"de"},{"@type":"Organization","@id":"https:\/\/www.alquera.com\/en\/#organization","name":"ALQUERA CIENCIA SL","url":"https:\/\/www.alquera.com\/en\/","logo":{"@type":"ImageObject","inLanguage":"de","@id":"https:\/\/www.alquera.com\/en\/#\/schema\/logo\/image\/","url":"https:\/\/www.alquera.com\/wp-content\/uploads\/2020\/11\/logo_300_ancho.png","contentUrl":"https:\/\/www.alquera.com\/wp-content\/uploads\/2020\/11\/logo_300_ancho.png","width":300,"height":86,"caption":"ALQUERA CIENCIA SL"},"image":{"@id":"https:\/\/www.alquera.com\/en\/#\/schema\/logo\/image\/"},"sameAs":["https:\/\/www.facebook.com\/alqueraciencia","https:\/\/www.instagram.com\/alquera_ciencia\/","https:\/\/www.youtube.com\/c\/alquera"]}]},"og_availability":"instock","product_availability":"instock","product_retailer_item_id":"ALQ00131","product_condition":"new"},"_links":{"self":[{"href":"https:\/\/www.alquera.com\/de\/wp-json\/wp\/v2\/product\/48939","targetHints":{"allow":["GET"]}}],"collection":[{"href":"https:\/\/www.alquera.com\/de\/wp-json\/wp\/v2\/product"}],"about":[{"href":"https:\/\/www.alquera.com\/de\/wp-json\/wp\/v2\/types\/product"}],"replies":[{"embeddable":true,"href":"https:\/\/www.alquera.com\/de\/wp-json\/wp\/v2\/comments?post=48939"}],"wp:featuredmedia":[{"embeddable":true,"href":"https:\/\/www.alquera.com\/de\/wp-json\/wp\/v2\/media\/49003"}],"wp:attachment":[{"href":"https:\/\/www.alquera.com\/de\/wp-json\/wp\/v2\/media?parent=48939"}],"wp:term":[{"taxonomy":"product_brand","embeddable":true,"href":"https:\/\/www.alquera.com\/de\/wp-json\/wp\/v2\/product_brand?post=48939"},{"taxonomy":"product_cat","embeddable":true,"href":"https:\/\/www.alquera.com\/de\/wp-json\/wp\/v2\/product_cat?post=48939"},{"taxonomy":"product_tag","embeddable":true,"href":"https:\/\/www.alquera.com\/de\/wp-json\/wp\/v2\/product_tag?post=48939"}],"curies":[{"name":"wp","href":"https:\/\/api.w.org\/{rel}","templated":true}]}}