{"id":48992,"date":"2024-08-28T13:59:16","date_gmt":"2024-08-28T13:59:16","guid":{"rendered":"https:\/\/www.alquera.com\/?post_type=product&#038;p=48992"},"modified":"2026-02-23T16:13:00","modified_gmt":"2026-02-23T16:13:00","slug":"gradilla-para-tubos-de-ensayo","status":"publish","type":"product","link":"https:\/\/www.alquera.com\/de\/gradilla-para-tubos-de-ensayo\/","title":{"rendered":"Reagenzglasgestell"},"content":{"rendered":"<div class=\"product_meta\"><strong>Reagenzglasgestell<\/strong><\/div>\n<div class=\"product_meta\">Entwickelt, um die Arbeit in Labors und Forschungszentren zu optimieren. Dieses aus hochwertigem Polypropylen gefertigte Gestell kann bis zu 60 R\u00f6hrchen mit einem Durchmesser von 16 mm aufnehmen und bietet eine effiziente und langlebige L\u00f6sung f\u00fcr die Lagerung und den Transport von R\u00f6hrchen.<\/div>\n<h2>Reagenzglasgestell - Eigenschaften des Reagenzglasgestells:<\/h2>\n<ul>\n<li><strong>Praktisches und sicheres Design:<\/strong> Quadratische L\u00f6cher sorgen f\u00fcr eine stabile Anordnung der Rohre und verhindern ein versehentliches Verrutschen.<\/li>\n<li><strong>Stabilit\u00e4t in fl\u00fcssigen Umgebungen:<\/strong> Im Gegensatz zu anderen Gestellen schwimmt dieses nicht auf und kippt nicht um, wenn es in ein Wasserbad getaucht wird, was eine sichere und zuverl\u00e4ssige Verwendung gew\u00e4hrleistet.<\/li>\n<li><strong>Leicht zu montieren und zu demontieren:<\/strong> Seine abnehmbare Struktur erleichtert sowohl die Aufbewahrung als auch die Reinigung und passt sich den wechselnden Bed\u00fcrfnissen eines jeden Labors an.<\/li>\n<li><strong>Sterilisation im Autoklaven:<\/strong> H\u00e4lt Autoklav-Sterilisationsprozessen bei 121\u00baC stand und gew\u00e4hrleistet maximale Hygiene und Schutz vor Verunreinigungen.<\/li>\n<\/ul>\n<h2>Das Grid ist ideal f\u00fcr:<\/h2>\n<ul>\n<li><a href=\"https:\/\/www.alquera.com\/de\/tubos-de-ensayo-de-plastico\/\">Kunststoff-Pr\u00fcfr\u00f6hrchen<\/a><\/li>\n<li><a href=\"https:\/\/www.alquera.com\/de\/tapon-para-tubos-de-ensayo\/\">Reagenzglas-Stopfen<\/a><\/li>\n<\/ul>\n<div><\/div>","protected":false},"excerpt":{"rendered":"<p>Reagenzglasgestell kaufen. Die Bestellung erfolgt direkt \u00fcber das Web nach den angegebenen Schritten und wird in 24\/48 Stunden geliefert.<\/p>","protected":false},"featured_media":48994,"comment_status":"open","ping_status":"closed","template":"","meta":{"_acf_changed":false,"site-sidebar-layout":"default","site-content-layout":"default","ast-site-content-layout":"default","site-content-style":"default","site-sidebar-style":"default","ast-global-header-display":"","ast-banner-title-visibility":"","ast-main-header-display":"","ast-hfb-above-header-display":"","ast-hfb-below-header-display":"","ast-hfb-mobile-header-display":"","site-post-title":"","ast-breadcrumbs-content":"","ast-featured-img":"","footer-sml-layout":"","ast-disable-related-posts":"","theme-transparent-header-meta":"default","adv-header-id-meta":"","stick-header-meta":"default","header-above-stick-meta":"","header-main-stick-meta":"","header-below-stick-meta":"","astra-migrate-meta-layouts":"set","ast-page-background-enabled":"default","ast-page-background-meta":{"desktop":{"background-color":"var(--ast-global-color-4)","background-image":"","background-repeat":"repeat","background-position":"center center","background-size":"auto","background-attachment":"scroll","background-type":"","background-media":"","overlay-type":"","overlay-color":"","overlay-opacity":"","overlay-gradient":""},"tablet":{"background-color":"","background-image":"","background-repeat":"repeat","background-position":"center center","background-size":"auto","background-attachment":"scroll","background-type":"","background-media":"","overlay-type":"","overlay-color":"","overlay-opacity":"","overlay-gradient":""},"mobile":{"background-color":"","background-image":"","background-repeat":"repeat","background-position":"center center","background-size":"auto","background-attachment":"scroll","background-type":"","background-media":"","overlay-type":"","overlay-color":"","overlay-opacity":"","overlay-gradient":""}},"ast-content-background-meta":{"desktop":{"background-color":"var(--ast-global-color-5)","background-image":"","background-repeat":"repeat","background-position":"center center","background-size":"auto","background-attachment":"scroll","background-type":"","background-media":"","overlay-type":"","overlay-color":"","overlay-opacity":"","overlay-gradient":""},"tablet":{"background-color":"var(--ast-global-color-5)","background-image":"","background-repeat":"repeat","background-position":"center center","background-size":"auto","background-attachment":"scroll","background-type":"","background-media":"","overlay-type":"","overlay-color":"","overlay-opacity":"","overlay-gradient":""},"mobile":{"background-color":"var(--ast-global-color-5)","background-image":"","background-repeat":"repeat","background-position":"center center","background-size":"auto","background-attachment":"scroll","background-type":"","background-media":"","overlay-type":"","overlay-color":"","overlay-opacity":"","overlay-gradient":""}}},"product_brand":[],"product_cat":[327],"product_tag":[],"class_list":{"0":"post-48992","1":"product","2":"type-product","3":"status-publish","4":"has-post-thumbnail","6":"product_cat-varios-laboratorio","7":"desktop-align-left","8":"tablet-align-left","9":"mobile-align-left","10":"ast-product-gallery-layout-horizontal-slider","11":"ast-product-gallery-with-no-image","12":"ast-magnify-disabled","13":"ast-product-tabs-layout-horizontal","14":"ast-qv-on-image","16":"first","17":"instock","18":"taxable","19":"shipping-taxable","20":"purchasable","21":"product-type-simple"},"acf":[],"yoast_head":"<!-- This site is optimized with the Yoast SEO Premium plugin v27.1 (Yoast SEO v27.1.1) - https:\/\/yoast.com\/product\/yoast-seo-premium-wordpress\/ -->\n<title>Gradilla para Tubos de Ensayo: Comprar Online - Alquera.com<\/title>\n<meta name=\"description\" content=\"Gradilla para tubos de ensayo (60 tubos, \u00d8 16 mm) de polipropileno, desmontable y esterilizable en autoclave. Ideal para laboratorios.\" \/>\n<meta name=\"robots\" content=\"index, follow, max-snippet:-1, max-image-preview:large, max-video-preview:-1\" \/>\n<link rel=\"canonical\" href=\"https:\/\/www.alquera.com\/de\/gradilla-para-tubos-de-ensayo\/\" \/>\n<meta property=\"og:locale\" content=\"de_DE\" \/>\n<meta property=\"og:type\" content=\"article\" \/>\n<meta property=\"og:title\" content=\"Gradilla para Tubos de Ensayo: Comprar Online - Alquera.com\" \/>\n<meta property=\"og:description\" content=\"Gradilla para tubos de ensayo (60 tubos, \u00d8 16 mm) de polipropileno, desmontable y esterilizable en autoclave. Ideal para laboratorios.\" \/>\n<meta property=\"og:url\" content=\"https:\/\/www.alquera.com\/de\/gradilla-para-tubos-de-ensayo\/\" \/>\n<meta property=\"og:site_name\" content=\"Alquera.com\" \/>\n<meta property=\"article:publisher\" content=\"https:\/\/www.facebook.com\/alqueraciencia\" \/>\n<meta property=\"article:modified_time\" content=\"2026-02-23T16:13:00+00:00\" \/>\n<meta property=\"og:image\" content=\"https:\/\/www.alquera.com\/wp-content\/uploads\/2024\/08\/gradilla.jpg\" \/>\n\t<meta property=\"og:image:width\" content=\"600\" \/>\n\t<meta property=\"og:image:height\" content=\"600\" \/>\n\t<meta property=\"og:image:type\" content=\"image\/jpeg\" \/>\n<meta name=\"twitter:card\" content=\"summary_large_image\" \/>\n<meta name=\"twitter:label1\" content=\"Preis\" \/>\n\t<meta name=\"twitter:data1\" content=\"12,90&euro;\" \/>\n\t<meta name=\"twitter:label2\" content=\"Verf\u00fcgbarkeit\" \/>\n\t<meta name=\"twitter:data2\" content=\"Auf Lager\" \/>\n<script type=\"application\/ld+json\" class=\"yoast-schema-graph\">{\"@context\":\"https:\/\/schema.org\",\"@graph\":[{\"@type\":[\"WebPage\",\"ItemPage\"],\"@id\":\"https:\/\/www.alquera.com\/gradilla-para-tubos-de-ensayo\/\",\"url\":\"https:\/\/www.alquera.com\/gradilla-para-tubos-de-ensayo\/\",\"name\":\"Gradilla para Tubos de Ensayo: Comprar Online - Alquera.com\",\"isPartOf\":{\"@id\":\"https:\/\/www.alquera.com\/en\/#website\"},\"primaryImageOfPage\":{\"@id\":\"https:\/\/www.alquera.com\/gradilla-para-tubos-de-ensayo\/#primaryimage\"},\"image\":{\"@id\":\"https:\/\/www.alquera.com\/gradilla-para-tubos-de-ensayo\/#primaryimage\"},\"thumbnailUrl\":\"https:\/\/www.alquera.com\/wp-content\/uploads\/2024\/08\/gradilla.jpg\",\"datePublished\":\"2024-08-28T13:59:16+00:00\",\"dateModified\":\"2026-02-23T16:13:00+00:00\",\"description\":\"Gradilla para tubos de ensayo (60 tubos, \u00d8 16 mm) de polipropileno, desmontable y esterilizable en autoclave. Ideal para laboratorios.\",\"breadcrumb\":{\"@id\":\"https:\/\/www.alquera.com\/gradilla-para-tubos-de-ensayo\/#breadcrumb\"},\"inLanguage\":\"de\",\"potentialAction\":[{\"@type\":\"ReadAction\",\"target\":[\"https:\/\/www.alquera.com\/gradilla-para-tubos-de-ensayo\/\"]}]},{\"@type\":\"ImageObject\",\"inLanguage\":\"de\",\"@id\":\"https:\/\/www.alquera.com\/gradilla-para-tubos-de-ensayo\/#primaryimage\",\"url\":\"https:\/\/www.alquera.com\/wp-content\/uploads\/2024\/08\/gradilla.jpg\",\"contentUrl\":\"https:\/\/www.alquera.com\/wp-content\/uploads\/2024\/08\/gradilla.jpg\",\"width\":600,\"height\":600},{\"@type\":\"BreadcrumbList\",\"@id\":\"https:\/\/www.alquera.com\/gradilla-para-tubos-de-ensayo\/#breadcrumb\",\"itemListElement\":[{\"@type\":\"ListItem\",\"position\":1,\"name\":\"Inicio\",\"item\":\"https:\/\/www.alquera.com\/\"},{\"@type\":\"ListItem\",\"position\":2,\"name\":\"Alquera.com: Tienda Online de Productos Qu\u00edmicos y Material de Laboratorio\",\"item\":\"https:\/\/www.alquera.com\/en\/tienda\/\"},{\"@type\":\"ListItem\",\"position\":3,\"name\":\"Gradilla para Tubos de Ensayo\"}]},{\"@type\":\"WebSite\",\"@id\":\"https:\/\/www.alquera.com\/en\/#website\",\"url\":\"https:\/\/www.alquera.com\/en\/\",\"name\":\"Alquera.com\",\"description\":\"Tienda Online Productos Qu\u00edmicos y Material de Laboratorio\",\"publisher\":{\"@id\":\"https:\/\/www.alquera.com\/en\/#organization\"},\"potentialAction\":[{\"@type\":\"SearchAction\",\"target\":{\"@type\":\"EntryPoint\",\"urlTemplate\":\"https:\/\/www.alquera.com\/en\/?s={search_term_string}\"},\"query-input\":{\"@type\":\"PropertyValueSpecification\",\"valueRequired\":true,\"valueName\":\"search_term_string\"}}],\"inLanguage\":\"de\"},{\"@type\":\"Organization\",\"@id\":\"https:\/\/www.alquera.com\/en\/#organization\",\"name\":\"ALQUERA CIENCIA SL\",\"url\":\"https:\/\/www.alquera.com\/en\/\",\"logo\":{\"@type\":\"ImageObject\",\"inLanguage\":\"de\",\"@id\":\"https:\/\/www.alquera.com\/en\/#\/schema\/logo\/image\/\",\"url\":\"https:\/\/www.alquera.com\/wp-content\/uploads\/2020\/11\/logo_300_ancho.png\",\"contentUrl\":\"https:\/\/www.alquera.com\/wp-content\/uploads\/2020\/11\/logo_300_ancho.png\",\"width\":300,\"height\":86,\"caption\":\"ALQUERA CIENCIA SL\"},\"image\":{\"@id\":\"https:\/\/www.alquera.com\/en\/#\/schema\/logo\/image\/\"},\"sameAs\":[\"https:\/\/www.facebook.com\/alqueraciencia\",\"https:\/\/www.instagram.com\/alquera_ciencia\/\",\"https:\/\/www.youtube.com\/c\/alquera\"]}]}<\/script>\n<meta property=\"product:price:amount\" content=\"12.90\" \/>\n<meta property=\"product:price:currency\" content=\"EUR\" \/>\n<meta property=\"og:availability\" content=\"instock\" \/>\n<meta property=\"product:availability\" content=\"instock\" \/>\n<meta property=\"product:retailer_item_id\" content=\"B0DFHMQWMZ\" \/>\n<meta property=\"product:condition\" content=\"new\" \/>\n<!-- \/ Yoast SEO Premium plugin. -->","yoast_head_json":{"title":"Reagenzglasgestell: Online kaufen - Alquera.com","description":"Gestell f\u00fcr Reagenzgl\u00e4ser (60 St\u00fcck, \u00d8 16 mm) aus Polypropylen, abnehmbar und autoklavierbar. Ideal f\u00fcr Laboratorien.","robots":{"index":"index","follow":"follow","max-snippet":"max-snippet:-1","max-image-preview":"max-image-preview:large","max-video-preview":"max-video-preview:-1"},"canonical":"https:\/\/www.alquera.com\/de\/gradilla-para-tubos-de-ensayo\/","og_locale":"de_DE","og_type":"article","og_title":"Gradilla para Tubos de Ensayo: Comprar Online - Alquera.com","og_description":"Gradilla para tubos de ensayo (60 tubos, \u00d8 16 mm) de polipropileno, desmontable y esterilizable en autoclave. Ideal para laboratorios.","og_url":"https:\/\/www.alquera.com\/de\/gradilla-para-tubos-de-ensayo\/","og_site_name":"Alquera.com","article_publisher":"https:\/\/www.facebook.com\/alqueraciencia","article_modified_time":"2026-02-23T16:13:00+00:00","og_image":[{"width":600,"height":600,"url":"https:\/\/www.alquera.com\/wp-content\/uploads\/2024\/08\/gradilla.jpg","type":"image\/jpeg"}],"twitter_card":"summary_large_image","twitter_misc":{"Preis":"12,90&euro;","Verf\u00fcgbarkeit":"Auf Lager"},"schema":{"@context":"https:\/\/schema.org","@graph":[{"@type":["WebPage","ItemPage"],"@id":"https:\/\/www.alquera.com\/gradilla-para-tubos-de-ensayo\/","url":"https:\/\/www.alquera.com\/gradilla-para-tubos-de-ensayo\/","name":"Reagenzglasgestell: Online kaufen - Alquera.com","isPartOf":{"@id":"https:\/\/www.alquera.com\/en\/#website"},"primaryImageOfPage":{"@id":"https:\/\/www.alquera.com\/gradilla-para-tubos-de-ensayo\/#primaryimage"},"image":{"@id":"https:\/\/www.alquera.com\/gradilla-para-tubos-de-ensayo\/#primaryimage"},"thumbnailUrl":"https:\/\/www.alquera.com\/wp-content\/uploads\/2024\/08\/gradilla.jpg","datePublished":"2024-08-28T13:59:16+00:00","dateModified":"2026-02-23T16:13:00+00:00","description":"Gestell f\u00fcr Reagenzgl\u00e4ser (60 St\u00fcck, \u00d8 16 mm) aus Polypropylen, abnehmbar und autoklavierbar. Ideal f\u00fcr Laboratorien.","breadcrumb":{"@id":"https:\/\/www.alquera.com\/gradilla-para-tubos-de-ensayo\/#breadcrumb"},"inLanguage":"de","potentialAction":[{"@type":"ReadAction","target":["https:\/\/www.alquera.com\/gradilla-para-tubos-de-ensayo\/"]}]},{"@type":"ImageObject","inLanguage":"de","@id":"https:\/\/www.alquera.com\/gradilla-para-tubos-de-ensayo\/#primaryimage","url":"https:\/\/www.alquera.com\/wp-content\/uploads\/2024\/08\/gradilla.jpg","contentUrl":"https:\/\/www.alquera.com\/wp-content\/uploads\/2024\/08\/gradilla.jpg","width":600,"height":600},{"@type":"BreadcrumbList","@id":"https:\/\/www.alquera.com\/gradilla-para-tubos-de-ensayo\/#breadcrumb","itemListElement":[{"@type":"ListItem","position":1,"name":"Inicio","item":"https:\/\/www.alquera.com\/"},{"@type":"ListItem","position":2,"name":"Alquera.com: Tienda Online de Productos Qu\u00edmicos y Material de Laboratorio","item":"https:\/\/www.alquera.com\/en\/tienda\/"},{"@type":"ListItem","position":3,"name":"Gradilla para Tubos de Ensayo"}]},{"@type":"WebSite","@id":"https:\/\/www.alquera.com\/en\/#website","url":"https:\/\/www.alquera.com\/en\/","name":"Alquera.com","description":"Online Shop Chemische Produkte und Laborger\u00e4te","publisher":{"@id":"https:\/\/www.alquera.com\/en\/#organization"},"potentialAction":[{"@type":"SearchAction","target":{"@type":"EntryPoint","urlTemplate":"https:\/\/www.alquera.com\/en\/?s={search_term_string}"},"query-input":{"@type":"PropertyValueSpecification","valueRequired":true,"valueName":"search_term_string"}}],"inLanguage":"de"},{"@type":"Organization","@id":"https:\/\/www.alquera.com\/en\/#organization","name":"ALQUERA CIENCIA SL","url":"https:\/\/www.alquera.com\/en\/","logo":{"@type":"ImageObject","inLanguage":"de","@id":"https:\/\/www.alquera.com\/en\/#\/schema\/logo\/image\/","url":"https:\/\/www.alquera.com\/wp-content\/uploads\/2020\/11\/logo_300_ancho.png","contentUrl":"https:\/\/www.alquera.com\/wp-content\/uploads\/2020\/11\/logo_300_ancho.png","width":300,"height":86,"caption":"ALQUERA CIENCIA SL"},"image":{"@id":"https:\/\/www.alquera.com\/en\/#\/schema\/logo\/image\/"},"sameAs":["https:\/\/www.facebook.com\/alqueraciencia","https:\/\/www.instagram.com\/alquera_ciencia\/","https:\/\/www.youtube.com\/c\/alquera"]}]},"product_price_amount":"12.90","product_price_currency":"EUR","og_availability":"instock","product_availability":"instock","product_retailer_item_id":"B0DFHMQWMZ","product_condition":"new"},"_links":{"self":[{"href":"https:\/\/www.alquera.com\/de\/wp-json\/wp\/v2\/product\/48992","targetHints":{"allow":["GET"]}}],"collection":[{"href":"https:\/\/www.alquera.com\/de\/wp-json\/wp\/v2\/product"}],"about":[{"href":"https:\/\/www.alquera.com\/de\/wp-json\/wp\/v2\/types\/product"}],"replies":[{"embeddable":true,"href":"https:\/\/www.alquera.com\/de\/wp-json\/wp\/v2\/comments?post=48992"}],"wp:featuredmedia":[{"embeddable":true,"href":"https:\/\/www.alquera.com\/de\/wp-json\/wp\/v2\/media\/48994"}],"wp:attachment":[{"href":"https:\/\/www.alquera.com\/de\/wp-json\/wp\/v2\/media?parent=48992"}],"wp:term":[{"taxonomy":"product_brand","embeddable":true,"href":"https:\/\/www.alquera.com\/de\/wp-json\/wp\/v2\/product_brand?post=48992"},{"taxonomy":"product_cat","embeddable":true,"href":"https:\/\/www.alquera.com\/de\/wp-json\/wp\/v2\/product_cat?post=48992"},{"taxonomy":"product_tag","embeddable":true,"href":"https:\/\/www.alquera.com\/de\/wp-json\/wp\/v2\/product_tag?post=48992"}],"curies":[{"name":"wp","href":"https:\/\/api.w.org\/{rel}","templated":true}]}}