{"id":501,"date":"2016-02-09T10:35:21","date_gmt":"2016-02-09T10:35:21","guid":{"rendered":"http:\/\/localhost\/alquera\/productos\/producto\/poliacrilamida-1kg\/"},"modified":"2026-04-26T12:12:11","modified_gmt":"2026-04-26T12:12:11","slug":"poliacrilamida","status":"publish","type":"product","link":"https:\/\/www.alquera.com\/de\/poliacrilamida\/","title":{"rendered":"Polyacrylamid (anionisch)"},"content":{"rendered":"<p><strong>Anionisches Polyacrylamid Pulver<\/strong><\/p>\n<ul>\n<li>Erscheinungsbild Wei\u00dfer k\u00f6rniger Feststoff.<\/li>\n<li>Ionischer Charakter Anionisch.<\/li>\n<li>Mittlere Ionizit\u00e4t.<\/li>\n<li>Dichte ~ 0,80 g\/cm3.<\/li>\n<li>Viskosit\u00e4t bei 0,1% 100-150 cp.<\/li>\n<li>Feststoffe &gt;85%.<\/li>\n<li>Sehr hohes Molekulargewicht.<\/li>\n<\/ul>\n<h2><strong>VORTEILE VON POLYACRYLAMID ALS FLOCKUNGSHILFSMITTEL<\/strong><\/h2>\n<p><strong>Universelles Flockungshilfsmittel<\/strong> zur Beseitigung von Schwebstoffen. Es ist in einem breiten pH-Bereich (6 - 14) wirksam. Polyacrylamid kann allein oder in Kombination mit anderen g\u00e4ngigen Wasseraufbereitungsprodukten wie z. B.: <a href=\"https:\/\/www.alquera.com\/de\/sulfato-de-aluminio\/\">Tonerdesulfat<\/a>Polyvinylchlorid, Polyvinylchlorid, Polyamid, Aluminiumchlorid, Eisenchlorid, Polyamin, Kalk, usw.<\/p>\n<p>Es wird in zahlreichen Branchen erfolgreich eingesetzt, z. B. in der chemischen Industrie, der Textilindustrie und der Gerbereiindustrie. Auch in der Farbenindustrie, der \u00d6lindustrie, der Waschindustrie, der Lebensmittelindustrie und in Schlachth\u00f6fen, in der Metallurgie und in der Galvanotechnik. Es ist f\u00fcr Anwendungen mit hohem Flockungsmittelverbrauch geeignet. Es ist ein l\u00f6sungsmittel- und tensidfreies Produkt mit einem sehr geringen Gehalt an fl\u00fcchtigen organischen Verbindungen.<\/p>\n<h2><strong>ZUBEREITUNG UND DOSIERUNG<\/strong><\/h2>\n<p>Es wird empfohlen, L\u00f6sungen mit einer Konzentration zwischen 0,1% und 0,5% herzustellen. F\u00fcr die korrekte Aufl\u00f6sung empfehlen wir die Verwendung eines Venturi-Spenders, um das Produkt effektiv in Wasser zu verteilen. Nach den ersten Minuten starken R\u00fchrens sind 45-60 Minuten langsamen R\u00fchrens erforderlich, um die Aufl\u00f6sung abzuschlie\u00dfen.<\/p>\n<p>Die Stabilit\u00e4t der Produktl\u00f6sung h\u00e4ngt von verschiedenen Faktoren ab (Qualit\u00e4t des verwendeten Wassers, pH-Wert, Temperatur, Konzentration usw.). Es wird empfohlen, die L\u00f6sung zuzubereiten und sie innerhalb weniger Stunden zu verbrauchen. Ein Verlust der Viskosit\u00e4t der L\u00f6sung zeigt an, dass die L\u00f6sung abgebaut ist. In dieser Situation ist die L\u00f6sung immer noch n\u00fctzlich, obwohl sie nun \u00fcberdosiert werden muss, um die gew\u00fcnschte Wirkung zu erzielen.<\/p>\n<p>Der optimale Dosierpunkt h\u00e4ngt von der Anwendung ab und sollte vor Ort ermittelt werden.<\/p>","protected":false},"excerpt":{"rendered":"<p>Kaufen Sie Polyacrylamid in Kleinpackungen von 1 kg bis zu S\u00e4cken von 25 kg. Der Preis f\u00fcr die verschiedenen Formate von Polyacrylamid ist ersichtlich, wenn Sie das gew\u00fcnschte Format ausw\u00e4hlen. Die Bestellung erfolgt direkt \u00fcber das Internet nach den angegebenen Schritten und wird innerhalb von 24\/48 Stunden geliefert.<\/p>","protected":false},"featured_media":52313,"comment_status":"open","ping_status":"closed","template":"","meta":{"_acf_changed":false,"site-sidebar-layout":"default","site-content-layout":"default","ast-site-content-layout":"default","site-content-style":"default","site-sidebar-style":"default","ast-global-header-display":"","ast-banner-title-visibility":"","ast-main-header-display":"","ast-hfb-above-header-display":"","ast-hfb-below-header-display":"","ast-hfb-mobile-header-display":"","site-post-title":"","ast-breadcrumbs-content":"","ast-featured-img":"","footer-sml-layout":"","ast-disable-related-posts":"","theme-transparent-header-meta":"default","adv-header-id-meta":"","stick-header-meta":"default","header-above-stick-meta":"","header-main-stick-meta":"","header-below-stick-meta":"","astra-migrate-meta-layouts":"set","ast-page-background-enabled":"default","ast-page-background-meta":{"desktop":{"background-color":"var(--ast-global-color-4)","background-image":"","background-repeat":"repeat","background-position":"center center","background-size":"auto","background-attachment":"scroll","background-type":"","background-media":"","overlay-type":"","overlay-color":"","overlay-opacity":"","overlay-gradient":""},"tablet":{"background-color":"","background-image":"","background-repeat":"repeat","background-position":"center center","background-size":"auto","background-attachment":"scroll","background-type":"","background-media":"","overlay-type":"","overlay-color":"","overlay-opacity":"","overlay-gradient":""},"mobile":{"background-color":"","background-image":"","background-repeat":"repeat","background-position":"center center","background-size":"auto","background-attachment":"scroll","background-type":"","background-media":"","overlay-type":"","overlay-color":"","overlay-opacity":"","overlay-gradient":""}},"ast-content-background-meta":{"desktop":{"background-color":"var(--ast-global-color-5)","background-image":"","background-repeat":"repeat","background-position":"center center","background-size":"auto","background-attachment":"scroll","background-type":"","background-media":"","overlay-type":"","overlay-color":"","overlay-opacity":"","overlay-gradient":""},"tablet":{"background-color":"var(--ast-global-color-5)","background-image":"","background-repeat":"repeat","background-position":"center center","background-size":"auto","background-attachment":"scroll","background-type":"","background-media":"","overlay-type":"","overlay-color":"","overlay-opacity":"","overlay-gradient":""},"mobile":{"background-color":"var(--ast-global-color-5)","background-image":"","background-repeat":"repeat","background-position":"center center","background-size":"auto","background-attachment":"scroll","background-type":"","background-media":"","overlay-type":"","overlay-color":"","overlay-opacity":"","overlay-gradient":""}}},"product_brand":[],"product_cat":[270,214],"product_tag":[],"class_list":{"0":"post-501","1":"product","2":"type-product","3":"status-publish","4":"has-post-thumbnail","6":"product_cat-productos-piscinas","7":"product_cat-polimeros-super-absorbentes","8":"pa_cantidad-3kg","9":"pa_cantidad-1kg","10":"pa_cantidad-25kg","11":"desktop-align-left","12":"tablet-align-left","13":"mobile-align-left","14":"ast-product-gallery-layout-horizontal-slider","15":"ast-magnify-disabled","16":"ast-product-single-variable","17":"ast-product-tabs-layout-horizontal","18":"ast-qv-on-image","20":"first","21":"instock","22":"taxable","23":"shipping-taxable","24":"purchasable","25":"product-type-variable","26":"has-default-attributes"},"acf":[],"yoast_head":"<!-- This site is optimized with the Yoast SEO Premium plugin v27.1 (Yoast SEO v27.1.1) - https:\/\/yoast.com\/product\/yoast-seo-premium-wordpress\/ -->\n<title>Comprar Poliacrilamida (Ani\u00f3nica) - Alquera.com<\/title>\n<meta name=\"description\" content=\"ENV\u00cdOS EN 24\/48H. Comprar Poliacrilamida. Floculante universal para eliminaci\u00f3n de materia en suspensi\u00f3n. Amplio rango de pH (6 - 14).\" \/>\n<meta name=\"robots\" content=\"index, follow, max-snippet:-1, max-image-preview:large, max-video-preview:-1\" \/>\n<link rel=\"canonical\" href=\"https:\/\/www.alquera.com\/de\/poliacrilamida\/\" \/>\n<meta property=\"og:locale\" content=\"de_DE\" \/>\n<meta property=\"og:type\" content=\"article\" \/>\n<meta property=\"og:title\" content=\"Poliacrilamida (Ani\u00f3nica): Comprar Online - Alquera.com\" \/>\n<meta property=\"og:description\" content=\"ENV\u00cdOS EN 24\/48H. Comprar Poliacrilamida. Floculante universal para eliminaci\u00f3n de materia en suspensi\u00f3n. Amplio rango de pH (6 - 14).\" \/>\n<meta property=\"og:url\" content=\"https:\/\/www.alquera.com\/de\/poliacrilamida\/\" \/>\n<meta property=\"og:site_name\" content=\"Alquera.com\" \/>\n<meta property=\"article:publisher\" content=\"https:\/\/www.facebook.com\/alqueraciencia\" \/>\n<meta property=\"article:modified_time\" content=\"2026-04-26T12:12:11+00:00\" \/>\n<meta property=\"og:image\" content=\"https:\/\/www.alquera.com\/wp-content\/uploads\/2016\/02\/poliacrilamida-anionica-938x1024.png\" \/>\n\t<meta property=\"og:image:width\" content=\"938\" \/>\n\t<meta property=\"og:image:height\" content=\"1024\" \/>\n\t<meta property=\"og:image:type\" content=\"image\/png\" \/>\n<meta name=\"twitter:card\" content=\"summary_large_image\" \/>\n<meta name=\"twitter:label1\" content=\"Verf\u00fcgbarkeit\" \/>\n\t<meta name=\"twitter:data1\" content=\"Auf Lager\" \/>\n<script type=\"application\/ld+json\" class=\"yoast-schema-graph\">{\"@context\":\"https:\/\/schema.org\",\"@graph\":[{\"@type\":[\"WebPage\",\"ItemPage\"],\"@id\":\"https:\/\/www.alquera.com\/poliacrilamida\/\",\"url\":\"https:\/\/www.alquera.com\/poliacrilamida\/\",\"name\":\"Comprar Poliacrilamida (Ani\u00f3nica) - Alquera.com\",\"isPartOf\":{\"@id\":\"https:\/\/www.alquera.com\/en\/#website\"},\"primaryImageOfPage\":{\"@id\":\"https:\/\/www.alquera.com\/poliacrilamida\/#primaryimage\"},\"image\":{\"@id\":\"https:\/\/www.alquera.com\/poliacrilamida\/#primaryimage\"},\"thumbnailUrl\":\"https:\/\/www.alquera.com\/wp-content\/uploads\/2016\/02\/poliacrilamida-anionica.png\",\"datePublished\":\"2016-02-09T10:35:21+00:00\",\"dateModified\":\"2026-04-26T12:12:11+00:00\",\"description\":\"ENV\u00cdOS EN 24\/48H. Comprar Poliacrilamida. Floculante universal para eliminaci\u00f3n de materia en suspensi\u00f3n. Amplio rango de pH (6 - 14).\",\"breadcrumb\":{\"@id\":\"https:\/\/www.alquera.com\/poliacrilamida\/#breadcrumb\"},\"inLanguage\":\"de\",\"potentialAction\":[{\"@type\":\"ReadAction\",\"target\":[\"https:\/\/www.alquera.com\/poliacrilamida\/\"]}]},{\"@type\":\"ImageObject\",\"inLanguage\":\"de\",\"@id\":\"https:\/\/www.alquera.com\/poliacrilamida\/#primaryimage\",\"url\":\"https:\/\/www.alquera.com\/wp-content\/uploads\/2016\/02\/poliacrilamida-anionica.png\",\"contentUrl\":\"https:\/\/www.alquera.com\/wp-content\/uploads\/2016\/02\/poliacrilamida-anionica.png\",\"width\":2054,\"height\":2243,\"caption\":\"poliacrilamida anionica\"},{\"@type\":\"BreadcrumbList\",\"@id\":\"https:\/\/www.alquera.com\/poliacrilamida\/#breadcrumb\",\"itemListElement\":[{\"@type\":\"ListItem\",\"position\":1,\"name\":\"Inicio\",\"item\":\"https:\/\/www.alquera.com\/\"},{\"@type\":\"ListItem\",\"position\":2,\"name\":\"Alquera.com: Tienda Online de Productos Qu\u00edmicos y Material de Laboratorio\",\"item\":\"https:\/\/www.alquera.com\/en\/tienda\/\"},{\"@type\":\"ListItem\",\"position\":3,\"name\":\"Poliacrilamida (Ani\u00f3nica)\"}]},{\"@type\":\"WebSite\",\"@id\":\"https:\/\/www.alquera.com\/en\/#website\",\"url\":\"https:\/\/www.alquera.com\/en\/\",\"name\":\"Alquera.com\",\"description\":\"Tienda Online Productos Qu\u00edmicos y Material de Laboratorio\",\"publisher\":{\"@id\":\"https:\/\/www.alquera.com\/en\/#organization\"},\"potentialAction\":[{\"@type\":\"SearchAction\",\"target\":{\"@type\":\"EntryPoint\",\"urlTemplate\":\"https:\/\/www.alquera.com\/en\/?s={search_term_string}\"},\"query-input\":{\"@type\":\"PropertyValueSpecification\",\"valueRequired\":true,\"valueName\":\"search_term_string\"}}],\"inLanguage\":\"de\"},{\"@type\":\"Organization\",\"@id\":\"https:\/\/www.alquera.com\/en\/#organization\",\"name\":\"ALQUERA CIENCIA SL\",\"url\":\"https:\/\/www.alquera.com\/en\/\",\"logo\":{\"@type\":\"ImageObject\",\"inLanguage\":\"de\",\"@id\":\"https:\/\/www.alquera.com\/en\/#\/schema\/logo\/image\/\",\"url\":\"https:\/\/www.alquera.com\/wp-content\/uploads\/2020\/11\/logo_300_ancho.png\",\"contentUrl\":\"https:\/\/www.alquera.com\/wp-content\/uploads\/2020\/11\/logo_300_ancho.png\",\"width\":300,\"height\":86,\"caption\":\"ALQUERA CIENCIA SL\"},\"image\":{\"@id\":\"https:\/\/www.alquera.com\/en\/#\/schema\/logo\/image\/\"},\"sameAs\":[\"https:\/\/www.facebook.com\/alqueraciencia\",\"https:\/\/www.instagram.com\/alquera_ciencia\/\",\"https:\/\/www.youtube.com\/c\/alquera\"]}]}<\/script>\n<meta property=\"og:availability\" content=\"instock\" \/>\n<meta property=\"product:availability\" content=\"instock\" \/>\n<meta property=\"product:retailer_item_id\" content=\"ALS100121\" \/>\n<meta property=\"product:condition\" content=\"new\" \/>\n<!-- \/ Yoast SEO Premium plugin. -->","yoast_head_json":{"title":"Polyacrylamid (anionisch) kaufen - Alquera.com","description":"24\/48H VERSAND. Polyacrylamid kaufen. Universelles Flockungsmittel zur Entfernung von Schwebstoffen. Breiter pH-Bereich (6 - 14).","robots":{"index":"index","follow":"follow","max-snippet":"max-snippet:-1","max-image-preview":"max-image-preview:large","max-video-preview":"max-video-preview:-1"},"canonical":"https:\/\/www.alquera.com\/de\/poliacrilamida\/","og_locale":"de_DE","og_type":"article","og_title":"Poliacrilamida (Ani\u00f3nica): Comprar Online - Alquera.com","og_description":"ENV\u00cdOS EN 24\/48H. Comprar Poliacrilamida. Floculante universal para eliminaci\u00f3n de materia en suspensi\u00f3n. Amplio rango de pH (6 - 14).","og_url":"https:\/\/www.alquera.com\/de\/poliacrilamida\/","og_site_name":"Alquera.com","article_publisher":"https:\/\/www.facebook.com\/alqueraciencia","article_modified_time":"2026-04-26T12:12:11+00:00","og_image":[{"width":938,"height":1024,"url":"https:\/\/www.alquera.com\/wp-content\/uploads\/2016\/02\/poliacrilamida-anionica-938x1024.png","type":"image\/png"}],"twitter_card":"summary_large_image","twitter_misc":{"Verf\u00fcgbarkeit":"Auf Lager"},"schema":{"@context":"https:\/\/schema.org","@graph":[{"@type":["WebPage","ItemPage"],"@id":"https:\/\/www.alquera.com\/poliacrilamida\/","url":"https:\/\/www.alquera.com\/poliacrilamida\/","name":"Polyacrylamid (anionisch) kaufen - Alquera.com","isPartOf":{"@id":"https:\/\/www.alquera.com\/en\/#website"},"primaryImageOfPage":{"@id":"https:\/\/www.alquera.com\/poliacrilamida\/#primaryimage"},"image":{"@id":"https:\/\/www.alquera.com\/poliacrilamida\/#primaryimage"},"thumbnailUrl":"https:\/\/www.alquera.com\/wp-content\/uploads\/2016\/02\/poliacrilamida-anionica.png","datePublished":"2016-02-09T10:35:21+00:00","dateModified":"2026-04-26T12:12:11+00:00","description":"24\/48H VERSAND. Polyacrylamid kaufen. Universelles Flockungsmittel zur Entfernung von Schwebstoffen. Breiter pH-Bereich (6 - 14).","breadcrumb":{"@id":"https:\/\/www.alquera.com\/poliacrilamida\/#breadcrumb"},"inLanguage":"de","potentialAction":[{"@type":"ReadAction","target":["https:\/\/www.alquera.com\/poliacrilamida\/"]}]},{"@type":"ImageObject","inLanguage":"de","@id":"https:\/\/www.alquera.com\/poliacrilamida\/#primaryimage","url":"https:\/\/www.alquera.com\/wp-content\/uploads\/2016\/02\/poliacrilamida-anionica.png","contentUrl":"https:\/\/www.alquera.com\/wp-content\/uploads\/2016\/02\/poliacrilamida-anionica.png","width":2054,"height":2243,"caption":"poliacrilamida anionica"},{"@type":"BreadcrumbList","@id":"https:\/\/www.alquera.com\/poliacrilamida\/#breadcrumb","itemListElement":[{"@type":"ListItem","position":1,"name":"Inicio","item":"https:\/\/www.alquera.com\/"},{"@type":"ListItem","position":2,"name":"Alquera.com: Tienda Online de Productos Qu\u00edmicos y Material de Laboratorio","item":"https:\/\/www.alquera.com\/en\/tienda\/"},{"@type":"ListItem","position":3,"name":"Poliacrilamida (Ani\u00f3nica)"}]},{"@type":"WebSite","@id":"https:\/\/www.alquera.com\/en\/#website","url":"https:\/\/www.alquera.com\/en\/","name":"Alquera.com","description":"Online Shop Chemische Produkte und Laborger\u00e4te","publisher":{"@id":"https:\/\/www.alquera.com\/en\/#organization"},"potentialAction":[{"@type":"SearchAction","target":{"@type":"EntryPoint","urlTemplate":"https:\/\/www.alquera.com\/en\/?s={search_term_string}"},"query-input":{"@type":"PropertyValueSpecification","valueRequired":true,"valueName":"search_term_string"}}],"inLanguage":"de"},{"@type":"Organization","@id":"https:\/\/www.alquera.com\/en\/#organization","name":"ALQUERA CIENCIA SL","url":"https:\/\/www.alquera.com\/en\/","logo":{"@type":"ImageObject","inLanguage":"de","@id":"https:\/\/www.alquera.com\/en\/#\/schema\/logo\/image\/","url":"https:\/\/www.alquera.com\/wp-content\/uploads\/2020\/11\/logo_300_ancho.png","contentUrl":"https:\/\/www.alquera.com\/wp-content\/uploads\/2020\/11\/logo_300_ancho.png","width":300,"height":86,"caption":"ALQUERA CIENCIA SL"},"image":{"@id":"https:\/\/www.alquera.com\/en\/#\/schema\/logo\/image\/"},"sameAs":["https:\/\/www.facebook.com\/alqueraciencia","https:\/\/www.instagram.com\/alquera_ciencia\/","https:\/\/www.youtube.com\/c\/alquera"]}]},"og_availability":"instock","product_availability":"instock","product_retailer_item_id":"ALS100121","product_condition":"new"},"_links":{"self":[{"href":"https:\/\/www.alquera.com\/de\/wp-json\/wp\/v2\/product\/501","targetHints":{"allow":["GET"]}}],"collection":[{"href":"https:\/\/www.alquera.com\/de\/wp-json\/wp\/v2\/product"}],"about":[{"href":"https:\/\/www.alquera.com\/de\/wp-json\/wp\/v2\/types\/product"}],"replies":[{"embeddable":true,"href":"https:\/\/www.alquera.com\/de\/wp-json\/wp\/v2\/comments?post=501"}],"wp:featuredmedia":[{"embeddable":true,"href":"https:\/\/www.alquera.com\/de\/wp-json\/wp\/v2\/media\/52313"}],"wp:attachment":[{"href":"https:\/\/www.alquera.com\/de\/wp-json\/wp\/v2\/media?parent=501"}],"wp:term":[{"taxonomy":"product_brand","embeddable":true,"href":"https:\/\/www.alquera.com\/de\/wp-json\/wp\/v2\/product_brand?post=501"},{"taxonomy":"product_cat","embeddable":true,"href":"https:\/\/www.alquera.com\/de\/wp-json\/wp\/v2\/product_cat?post=501"},{"taxonomy":"product_tag","embeddable":true,"href":"https:\/\/www.alquera.com\/de\/wp-json\/wp\/v2\/product_tag?post=501"}],"curies":[{"name":"wp","href":"https:\/\/api.w.org\/{rel}","templated":true}]}}