{"id":51048,"date":"2025-01-22T15:54:03","date_gmt":"2025-01-22T15:54:03","guid":{"rendered":"https:\/\/www.alquera.com\/?post_type=product&#038;p=51048"},"modified":"2026-02-23T16:12:44","modified_gmt":"2026-02-23T16:12:44","slug":"vaselina-liquida-1l","status":"publish","type":"product","link":"https:\/\/www.alquera.com\/de\/vaselina-liquida-1l\/","title":{"rendered":"Vaselina L\u00edquida 1L"},"content":{"rendered":"<p>Es un l\u00edquido aceitoso, sin color ni olor. No tiene sabor ni aroma cuando est\u00e1 fr\u00edo. No se disuelve ni en agua ni en alcohol. Es compatible con la mayor\u00eda de los aceites fijos, aunque no con el aceite de ricino. Es soluble en aceites vol\u00e1tiles. Se utiliza como aglutinante, desespumante, lubricante, agente desmoldeante y auxiliar en la fermentaci\u00f3n, adem\u00e1s de en recubrimientos protectores.<\/p>\n<h2>IDENTIFIZIERUNG UND EIGENSCHAFTEN<\/h2>\n<p><strong>Name:<\/strong> Vaselina L\u00edquida<br \/>\n<strong>CAS:<\/strong> 8042-47-5<br \/>\n<strong>EC:<\/strong> 232-455-8<\/p>\n<ul>\n<li>Physikalischer Zustand: fl\u00fcssig<\/li>\n<li>Viscosidad cinem\u00e1tica: 12,28 cst (40\u00baC)<\/li>\n<li>Hidrosolubilidad: Despreciable<\/li>\n<li>Densidad relativa: 0,8254<\/li>\n<\/ul>\n<h2>USO<\/h2>\n<ul>\n<li>Industrial<\/li>\n<\/ul>","protected":false},"excerpt":{"rendered":"<p>Comprar Vaselina L\u00edquida 1L. El pedido se realiza directamente por la Web siguiendo los pasos que se indican, haci\u00e9ndose la entrega en 24\/48 horas. Ver m\u00e1s detalles en la descripci\u00f3n del producto.<\/p>","protected":false},"featured_media":51163,"comment_status":"open","ping_status":"closed","template":"","meta":{"_acf_changed":false,"site-sidebar-layout":"default","site-content-layout":"","ast-site-content-layout":"default","site-content-style":"default","site-sidebar-style":"default","ast-global-header-display":"","ast-banner-title-visibility":"","ast-main-header-display":"","ast-hfb-above-header-display":"","ast-hfb-below-header-display":"","ast-hfb-mobile-header-display":"","site-post-title":"","ast-breadcrumbs-content":"","ast-featured-img":"","footer-sml-layout":"","ast-disable-related-posts":"","theme-transparent-header-meta":"default","adv-header-id-meta":"","stick-header-meta":"default","header-above-stick-meta":"","header-main-stick-meta":"","header-below-stick-meta":"","astra-migrate-meta-layouts":"set","ast-page-background-enabled":"default","ast-page-background-meta":{"desktop":{"background-color":"var(--ast-global-color-4)","background-image":"","background-repeat":"repeat","background-position":"center center","background-size":"auto","background-attachment":"scroll","background-type":"","background-media":"","overlay-type":"","overlay-color":"","overlay-opacity":"","overlay-gradient":""},"tablet":{"background-color":"","background-image":"","background-repeat":"repeat","background-position":"center center","background-size":"auto","background-attachment":"scroll","background-type":"","background-media":"","overlay-type":"","overlay-color":"","overlay-opacity":"","overlay-gradient":""},"mobile":{"background-color":"","background-image":"","background-repeat":"repeat","background-position":"center center","background-size":"auto","background-attachment":"scroll","background-type":"","background-media":"","overlay-type":"","overlay-color":"","overlay-opacity":"","overlay-gradient":""}},"ast-content-background-meta":{"desktop":{"background-color":"var(--ast-global-color-5)","background-image":"","background-repeat":"repeat","background-position":"center center","background-size":"auto","background-attachment":"scroll","background-type":"","background-media":"","overlay-type":"","overlay-color":"","overlay-opacity":"","overlay-gradient":""},"tablet":{"background-color":"var(--ast-global-color-5)","background-image":"","background-repeat":"repeat","background-position":"center center","background-size":"auto","background-attachment":"scroll","background-type":"","background-media":"","overlay-type":"","overlay-color":"","overlay-opacity":"","overlay-gradient":""},"mobile":{"background-color":"var(--ast-global-color-5)","background-image":"","background-repeat":"repeat","background-position":"center center","background-size":"auto","background-attachment":"scroll","background-type":"","background-media":"","overlay-type":"","overlay-color":"","overlay-opacity":"","overlay-gradient":""}}},"product_brand":[],"product_cat":[21],"product_tag":[],"class_list":{"0":"post-51048","1":"product","2":"type-product","3":"status-publish","4":"has-post-thumbnail","6":"product_cat-productos","7":"desktop-align-left","8":"tablet-align-left","9":"mobile-align-left","10":"ast-product-gallery-layout-horizontal-slider","11":"ast-product-gallery-with-no-image","12":"ast-magnify-disabled","13":"ast-product-tabs-layout-horizontal","14":"ast-qv-on-image","16":"first","17":"instock","18":"taxable","19":"shipping-taxable","20":"purchasable","21":"product-type-simple"},"acf":[],"yoast_head":"<!-- This site is optimized with the Yoast SEO Premium plugin v27.1 (Yoast SEO v27.1.1) - https:\/\/yoast.com\/product\/yoast-seo-premium-wordpress\/ -->\n<title>Vaselina L\u00edquida 1L: Comprar Online - Alquera.com<\/title>\n<meta name=\"description\" content=\"Vaselina l\u00edquida 1L ideal para aplicaciones industriales, como lubricante y agente desmoldeante.\" \/>\n<meta name=\"robots\" content=\"index, follow, max-snippet:-1, max-image-preview:large, max-video-preview:-1\" \/>\n<link rel=\"canonical\" href=\"https:\/\/www.alquera.com\/de\/vaselina-liquida-1l\/\" \/>\n<meta property=\"og:locale\" content=\"de_DE\" \/>\n<meta property=\"og:type\" content=\"article\" \/>\n<meta property=\"og:title\" content=\"Vaselina L\u00edquida 1L: Comprar Online - Alquera.com\" \/>\n<meta property=\"og:description\" content=\"Vaselina l\u00edquida 1L ideal para aplicaciones industriales, como lubricante y agente desmoldeante.\" \/>\n<meta property=\"og:url\" content=\"https:\/\/www.alquera.com\/de\/vaselina-liquida-1l\/\" \/>\n<meta property=\"og:site_name\" content=\"Alquera.com\" \/>\n<meta property=\"article:publisher\" content=\"https:\/\/www.facebook.com\/alqueraciencia\" \/>\n<meta property=\"article:modified_time\" content=\"2026-02-23T16:12:44+00:00\" \/>\n<meta property=\"og:image\" content=\"https:\/\/www.alquera.com\/wp-content\/uploads\/2025\/01\/vaselina-liquida-foto-1L-1024x979.png\" \/>\n\t<meta property=\"og:image:width\" content=\"1024\" \/>\n\t<meta property=\"og:image:height\" content=\"979\" \/>\n\t<meta property=\"og:image:type\" content=\"image\/png\" \/>\n<meta name=\"twitter:card\" content=\"summary_large_image\" \/>\n<meta name=\"twitter:label1\" content=\"Preis\" \/>\n\t<meta name=\"twitter:data1\" content=\"6,25&euro;\" \/>\n\t<meta name=\"twitter:label2\" content=\"Verf\u00fcgbarkeit\" \/>\n\t<meta name=\"twitter:data2\" content=\"Auf Lager\" \/>\n<script type=\"application\/ld+json\" class=\"yoast-schema-graph\">{\"@context\":\"https:\/\/schema.org\",\"@graph\":[{\"@type\":[\"WebPage\",\"ItemPage\"],\"@id\":\"https:\/\/www.alquera.com\/vaselina-liquida-1l\/\",\"url\":\"https:\/\/www.alquera.com\/vaselina-liquida-1l\/\",\"name\":\"Vaselina L\u00edquida 1L: Comprar Online - Alquera.com\",\"isPartOf\":{\"@id\":\"https:\/\/www.alquera.com\/en\/#website\"},\"primaryImageOfPage\":{\"@id\":\"https:\/\/www.alquera.com\/vaselina-liquida-1l\/#primaryimage\"},\"image\":{\"@id\":\"https:\/\/www.alquera.com\/vaselina-liquida-1l\/#primaryimage\"},\"thumbnailUrl\":\"https:\/\/www.alquera.com\/wp-content\/uploads\/2025\/01\/vaselina-liquida-foto-1L.png\",\"datePublished\":\"2025-01-22T15:54:03+00:00\",\"dateModified\":\"2026-02-23T16:12:44+00:00\",\"description\":\"Vaselina l\u00edquida 1L ideal para aplicaciones industriales, como lubricante y agente desmoldeante.\",\"breadcrumb\":{\"@id\":\"https:\/\/www.alquera.com\/vaselina-liquida-1l\/#breadcrumb\"},\"inLanguage\":\"de\",\"potentialAction\":[{\"@type\":\"ReadAction\",\"target\":[\"https:\/\/www.alquera.com\/vaselina-liquida-1l\/\"]}]},{\"@type\":\"ImageObject\",\"inLanguage\":\"de\",\"@id\":\"https:\/\/www.alquera.com\/vaselina-liquida-1l\/#primaryimage\",\"url\":\"https:\/\/www.alquera.com\/wp-content\/uploads\/2025\/01\/vaselina-liquida-foto-1L.png\",\"contentUrl\":\"https:\/\/www.alquera.com\/wp-content\/uploads\/2025\/01\/vaselina-liquida-foto-1L.png\",\"width\":2553,\"height\":2441,\"caption\":\"vaselina liquida 1L\"},{\"@type\":\"BreadcrumbList\",\"@id\":\"https:\/\/www.alquera.com\/vaselina-liquida-1l\/#breadcrumb\",\"itemListElement\":[{\"@type\":\"ListItem\",\"position\":1,\"name\":\"Inicio\",\"item\":\"https:\/\/www.alquera.com\/\"},{\"@type\":\"ListItem\",\"position\":2,\"name\":\"Alquera.com: Tienda Online de Productos Qu\u00edmicos y Material de Laboratorio\",\"item\":\"https:\/\/www.alquera.com\/en\/tienda\/\"},{\"@type\":\"ListItem\",\"position\":3,\"name\":\"Vaselina L\u00edquida 1L\"}]},{\"@type\":\"WebSite\",\"@id\":\"https:\/\/www.alquera.com\/en\/#website\",\"url\":\"https:\/\/www.alquera.com\/en\/\",\"name\":\"Alquera.com\",\"description\":\"Tienda Online Productos Qu\u00edmicos y Material de Laboratorio\",\"publisher\":{\"@id\":\"https:\/\/www.alquera.com\/en\/#organization\"},\"potentialAction\":[{\"@type\":\"SearchAction\",\"target\":{\"@type\":\"EntryPoint\",\"urlTemplate\":\"https:\/\/www.alquera.com\/en\/?s={search_term_string}\"},\"query-input\":{\"@type\":\"PropertyValueSpecification\",\"valueRequired\":true,\"valueName\":\"search_term_string\"}}],\"inLanguage\":\"de\"},{\"@type\":\"Organization\",\"@id\":\"https:\/\/www.alquera.com\/en\/#organization\",\"name\":\"ALQUERA CIENCIA SL\",\"url\":\"https:\/\/www.alquera.com\/en\/\",\"logo\":{\"@type\":\"ImageObject\",\"inLanguage\":\"de\",\"@id\":\"https:\/\/www.alquera.com\/en\/#\/schema\/logo\/image\/\",\"url\":\"https:\/\/www.alquera.com\/wp-content\/uploads\/2020\/11\/logo_300_ancho.png\",\"contentUrl\":\"https:\/\/www.alquera.com\/wp-content\/uploads\/2020\/11\/logo_300_ancho.png\",\"width\":300,\"height\":86,\"caption\":\"ALQUERA CIENCIA SL\"},\"image\":{\"@id\":\"https:\/\/www.alquera.com\/en\/#\/schema\/logo\/image\/\"},\"sameAs\":[\"https:\/\/www.facebook.com\/alqueraciencia\",\"https:\/\/www.instagram.com\/alquera_ciencia\/\",\"https:\/\/www.youtube.com\/c\/alquera\"]}]}<\/script>\n<meta property=\"product:price:amount\" content=\"6.25\" \/>\n<meta property=\"product:price:currency\" content=\"EUR\" \/>\n<meta property=\"og:availability\" content=\"instock\" \/>\n<meta property=\"product:availability\" content=\"instock\" \/>\n<meta property=\"product:condition\" content=\"new\" \/>\n<!-- \/ Yoast SEO Premium plugin. -->","yoast_head_json":{"title":"Vaselina L\u00edquida 1L: Comprar Online - Alquera.com","description":"Vaselina l\u00edquida 1L ideal para aplicaciones industriales, como lubricante y agente desmoldeante.","robots":{"index":"index","follow":"follow","max-snippet":"max-snippet:-1","max-image-preview":"max-image-preview:large","max-video-preview":"max-video-preview:-1"},"canonical":"https:\/\/www.alquera.com\/de\/vaselina-liquida-1l\/","og_locale":"de_DE","og_type":"article","og_title":"Vaselina L\u00edquida 1L: Comprar Online - Alquera.com","og_description":"Vaselina l\u00edquida 1L ideal para aplicaciones industriales, como lubricante y agente desmoldeante.","og_url":"https:\/\/www.alquera.com\/de\/vaselina-liquida-1l\/","og_site_name":"Alquera.com","article_publisher":"https:\/\/www.facebook.com\/alqueraciencia","article_modified_time":"2026-02-23T16:12:44+00:00","og_image":[{"width":1024,"height":979,"url":"https:\/\/www.alquera.com\/wp-content\/uploads\/2025\/01\/vaselina-liquida-foto-1L-1024x979.png","type":"image\/png"}],"twitter_card":"summary_large_image","twitter_misc":{"Preis":"6,25&euro;","Verf\u00fcgbarkeit":"Auf Lager"},"schema":{"@context":"https:\/\/schema.org","@graph":[{"@type":["WebPage","ItemPage"],"@id":"https:\/\/www.alquera.com\/vaselina-liquida-1l\/","url":"https:\/\/www.alquera.com\/vaselina-liquida-1l\/","name":"Vaselina L\u00edquida 1L: Comprar Online - Alquera.com","isPartOf":{"@id":"https:\/\/www.alquera.com\/en\/#website"},"primaryImageOfPage":{"@id":"https:\/\/www.alquera.com\/vaselina-liquida-1l\/#primaryimage"},"image":{"@id":"https:\/\/www.alquera.com\/vaselina-liquida-1l\/#primaryimage"},"thumbnailUrl":"https:\/\/www.alquera.com\/wp-content\/uploads\/2025\/01\/vaselina-liquida-foto-1L.png","datePublished":"2025-01-22T15:54:03+00:00","dateModified":"2026-02-23T16:12:44+00:00","description":"Vaselina l\u00edquida 1L ideal para aplicaciones industriales, como lubricante y agente desmoldeante.","breadcrumb":{"@id":"https:\/\/www.alquera.com\/vaselina-liquida-1l\/#breadcrumb"},"inLanguage":"de","potentialAction":[{"@type":"ReadAction","target":["https:\/\/www.alquera.com\/vaselina-liquida-1l\/"]}]},{"@type":"ImageObject","inLanguage":"de","@id":"https:\/\/www.alquera.com\/vaselina-liquida-1l\/#primaryimage","url":"https:\/\/www.alquera.com\/wp-content\/uploads\/2025\/01\/vaselina-liquida-foto-1L.png","contentUrl":"https:\/\/www.alquera.com\/wp-content\/uploads\/2025\/01\/vaselina-liquida-foto-1L.png","width":2553,"height":2441,"caption":"vaselina liquida 1L"},{"@type":"BreadcrumbList","@id":"https:\/\/www.alquera.com\/vaselina-liquida-1l\/#breadcrumb","itemListElement":[{"@type":"ListItem","position":1,"name":"Inicio","item":"https:\/\/www.alquera.com\/"},{"@type":"ListItem","position":2,"name":"Alquera.com: Tienda Online de Productos Qu\u00edmicos y Material de Laboratorio","item":"https:\/\/www.alquera.com\/en\/tienda\/"},{"@type":"ListItem","position":3,"name":"Vaselina L\u00edquida 1L"}]},{"@type":"WebSite","@id":"https:\/\/www.alquera.com\/en\/#website","url":"https:\/\/www.alquera.com\/en\/","name":"Alquera.com","description":"Online Shop Chemische Produkte und Laborger\u00e4te","publisher":{"@id":"https:\/\/www.alquera.com\/en\/#organization"},"potentialAction":[{"@type":"SearchAction","target":{"@type":"EntryPoint","urlTemplate":"https:\/\/www.alquera.com\/en\/?s={search_term_string}"},"query-input":{"@type":"PropertyValueSpecification","valueRequired":true,"valueName":"search_term_string"}}],"inLanguage":"de"},{"@type":"Organization","@id":"https:\/\/www.alquera.com\/en\/#organization","name":"ALQUERA CIENCIA SL","url":"https:\/\/www.alquera.com\/en\/","logo":{"@type":"ImageObject","inLanguage":"de","@id":"https:\/\/www.alquera.com\/en\/#\/schema\/logo\/image\/","url":"https:\/\/www.alquera.com\/wp-content\/uploads\/2020\/11\/logo_300_ancho.png","contentUrl":"https:\/\/www.alquera.com\/wp-content\/uploads\/2020\/11\/logo_300_ancho.png","width":300,"height":86,"caption":"ALQUERA CIENCIA SL"},"image":{"@id":"https:\/\/www.alquera.com\/en\/#\/schema\/logo\/image\/"},"sameAs":["https:\/\/www.facebook.com\/alqueraciencia","https:\/\/www.instagram.com\/alquera_ciencia\/","https:\/\/www.youtube.com\/c\/alquera"]}]},"product_price_amount":"6.25","product_price_currency":"EUR","og_availability":"instock","product_availability":"instock","product_condition":"new"},"_links":{"self":[{"href":"https:\/\/www.alquera.com\/de\/wp-json\/wp\/v2\/product\/51048","targetHints":{"allow":["GET"]}}],"collection":[{"href":"https:\/\/www.alquera.com\/de\/wp-json\/wp\/v2\/product"}],"about":[{"href":"https:\/\/www.alquera.com\/de\/wp-json\/wp\/v2\/types\/product"}],"replies":[{"embeddable":true,"href":"https:\/\/www.alquera.com\/de\/wp-json\/wp\/v2\/comments?post=51048"}],"wp:featuredmedia":[{"embeddable":true,"href":"https:\/\/www.alquera.com\/de\/wp-json\/wp\/v2\/media\/51163"}],"wp:attachment":[{"href":"https:\/\/www.alquera.com\/de\/wp-json\/wp\/v2\/media?parent=51048"}],"wp:term":[{"taxonomy":"product_brand","embeddable":true,"href":"https:\/\/www.alquera.com\/de\/wp-json\/wp\/v2\/product_brand?post=51048"},{"taxonomy":"product_cat","embeddable":true,"href":"https:\/\/www.alquera.com\/de\/wp-json\/wp\/v2\/product_cat?post=51048"},{"taxonomy":"product_tag","embeddable":true,"href":"https:\/\/www.alquera.com\/de\/wp-json\/wp\/v2\/product_tag?post=51048"}],"curies":[{"name":"wp","href":"https:\/\/api.w.org\/{rel}","templated":true}]}}