{"id":51984,"date":"2025-03-11T18:16:00","date_gmt":"2025-03-11T18:16:00","guid":{"rendered":"https:\/\/www.alquera.com\/?post_type=product&#038;p=51984"},"modified":"2026-02-23T16:12:14","modified_gmt":"2026-02-23T16:12:14","slug":"pegamento-escolar-blanco","status":"publish","type":"product","link":"https:\/\/www.alquera.com\/de\/pegamento-escolar-blanco\/","title":{"rendered":"Pegamento Escolar Blanco"},"content":{"rendered":"<h2>DESCRIPCI\u00d3N<\/h2>\n<ul>\n<li style=\"list-style-type: none;\">\n<ul>\n<li>Pegamento vin\u00edlico, blanco y espeso.<\/li>\n<li>Ideal para la realizaci\u00f3n de Slime.<\/li>\n<li>Sin disolventes, es f\u00e1cil de usar para los ni\u00f1os y no mancha.<\/li>\n<li>Se limpia f\u00e1cilmente con agua sobre la piel, la ropa y los muebles.<\/li>\n<li>Pegamento ideal para tareas escolares y manualidades, se puede aplicar sobre papel, cart\u00f3n, madera y todo tipo de materiales porosos. El pegado es pr\u00e1ctico, limpio y no deja marcas.<\/li>\n<\/ul>\n<\/li>\n<\/ul>\n<h2>REALIZACI\u00d3N DE SLIME<\/h2>\n<p>Para hacer el Slime ideal sigue los siguientes pasos:<\/p>\n<ol>\n<li>100ml de pegamento con 100ml de agua<\/li>\n<li>Remueve muy bien, hasta que la mezcla quede homog\u00e9nea.<\/li>\n<li>Echa tu color favorito (temperas, colorante alimenticio,&#8230;) y vuelve a remover.<\/li>\n<li>Aplica un activador de Slime, Puedes usar una disoluci\u00f3n de 1% de <a href=\"https:\/\/www.alquera.com\/de\/borax\/\">Borax<\/a> en agua (por ejemplo 15g de borax en 1,5L de agua).<span style=\"color: #333333;\"> Atenci\u00f3n! Esta disoluci\u00f3n de Borax no est\u00e1 aprobada para ni\u00f1os y debe ser manipulada por un adulto. \u00danicamente se debe echar en el pegamento una poca cantidad para eliminar la pegajosidad del pegamento y siempre por un adulto.\u00a0<\/span><\/li>\n<li>Remueve y amasa el Slime hasta que tengas la textura que mas te gusta<\/li>\n<\/ol>\n<p>&nbsp;<\/p>\n<p>&nbsp;<\/p>","protected":false},"excerpt":{"rendered":"<p>Comprar Pegamento Escolar Blanco. Ideal para la realizaci\u00f3n de Slime y Manualidades con ni\u00f1os. Cola Vin\u00edlica Blanca 1L. El pedido se realiza directamente por la Web siguiendo los pasos que se indican, haci\u00e9ndose la entrega en 24\/48 horas.<\/p>","protected":false},"featured_media":52031,"comment_status":"open","ping_status":"closed","template":"","meta":{"_acf_changed":false,"site-sidebar-layout":"default","site-content-layout":"","ast-site-content-layout":"default","site-content-style":"default","site-sidebar-style":"default","ast-global-header-display":"","ast-banner-title-visibility":"","ast-main-header-display":"","ast-hfb-above-header-display":"","ast-hfb-below-header-display":"","ast-hfb-mobile-header-display":"","site-post-title":"","ast-breadcrumbs-content":"","ast-featured-img":"","footer-sml-layout":"","ast-disable-related-posts":"","theme-transparent-header-meta":"default","adv-header-id-meta":"","stick-header-meta":"default","header-above-stick-meta":"","header-main-stick-meta":"","header-below-stick-meta":"","astra-migrate-meta-layouts":"set","ast-page-background-enabled":"default","ast-page-background-meta":{"desktop":{"background-color":"var(--ast-global-color-4)","background-image":"","background-repeat":"repeat","background-position":"center center","background-size":"auto","background-attachment":"scroll","background-type":"","background-media":"","overlay-type":"","overlay-color":"","overlay-opacity":"","overlay-gradient":""},"tablet":{"background-color":"","background-image":"","background-repeat":"repeat","background-position":"center center","background-size":"auto","background-attachment":"scroll","background-type":"","background-media":"","overlay-type":"","overlay-color":"","overlay-opacity":"","overlay-gradient":""},"mobile":{"background-color":"","background-image":"","background-repeat":"repeat","background-position":"center center","background-size":"auto","background-attachment":"scroll","background-type":"","background-media":"","overlay-type":"","overlay-color":"","overlay-opacity":"","overlay-gradient":""}},"ast-content-background-meta":{"desktop":{"background-color":"var(--ast-global-color-5)","background-image":"","background-repeat":"repeat","background-position":"center center","background-size":"auto","background-attachment":"scroll","background-type":"","background-media":"","overlay-type":"","overlay-color":"","overlay-opacity":"","overlay-gradient":""},"tablet":{"background-color":"var(--ast-global-color-5)","background-image":"","background-repeat":"repeat","background-position":"center center","background-size":"auto","background-attachment":"scroll","background-type":"","background-media":"","overlay-type":"","overlay-color":"","overlay-opacity":"","overlay-gradient":""},"mobile":{"background-color":"var(--ast-global-color-5)","background-image":"","background-repeat":"repeat","background-position":"center center","background-size":"auto","background-attachment":"scroll","background-type":"","background-media":"","overlay-type":"","overlay-color":"","overlay-opacity":"","overlay-gradient":""}}},"product_brand":[],"product_cat":[329,21],"product_tag":[],"class_list":{"0":"post-51984","1":"product","2":"type-product","3":"status-publish","4":"has-post-thumbnail","6":"product_cat-experimentos-ciencias","7":"product_cat-productos","8":"desktop-align-left","9":"tablet-align-left","10":"mobile-align-left","11":"ast-product-gallery-layout-horizontal-slider","12":"ast-product-gallery-with-no-image","13":"ast-magnify-disabled","14":"ast-product-tabs-layout-horizontal","15":"ast-qv-on-image","17":"first","18":"instock","19":"taxable","20":"shipping-taxable","21":"purchasable","22":"product-type-simple"},"acf":[],"yoast_head":"<!-- This site is optimized with the Yoast SEO Premium plugin v27.1 (Yoast SEO v27.1.1) - https:\/\/yoast.com\/product\/yoast-seo-premium-wordpress\/ -->\n<title>Pegamento Escolar Blanco: Comprar Online - Alquera.com<\/title>\n<meta name=\"description\" content=\"ENV\u00cdOS EN 24\/48H - Pegamento cola vin\u00edlica blanca ideal para hacer slime. Alta calidad y adherencia para proyectos creativos.\" \/>\n<meta name=\"robots\" content=\"index, follow, max-snippet:-1, max-image-preview:large, max-video-preview:-1\" \/>\n<link rel=\"canonical\" href=\"https:\/\/www.alquera.com\/de\/pegamento-escolar-blanco\/\" \/>\n<meta property=\"og:locale\" content=\"de_DE\" \/>\n<meta property=\"og:type\" content=\"article\" \/>\n<meta property=\"og:title\" content=\"Pegamento Escolar Blanco: Comprar Online - Alquera.com\" \/>\n<meta property=\"og:description\" content=\"ENV\u00cdOS EN 24\/48H - Pegamento cola vin\u00edlica blanca ideal para hacer slime. Alta calidad y adherencia para proyectos creativos.\" \/>\n<meta property=\"og:url\" content=\"https:\/\/www.alquera.com\/de\/pegamento-escolar-blanco\/\" \/>\n<meta property=\"og:site_name\" content=\"Alquera.com\" \/>\n<meta property=\"article:publisher\" content=\"https:\/\/www.facebook.com\/alqueraciencia\" \/>\n<meta property=\"article:modified_time\" content=\"2026-02-23T16:12:14+00:00\" \/>\n<meta property=\"og:image\" content=\"https:\/\/www.alquera.com\/wp-content\/uploads\/2025\/03\/pegamento-blanco.png\" \/>\n\t<meta property=\"og:image:width\" content=\"900\" \/>\n\t<meta property=\"og:image:height\" content=\"900\" \/>\n\t<meta property=\"og:image:type\" content=\"image\/png\" \/>\n<meta name=\"twitter:card\" content=\"summary_large_image\" \/>\n<meta name=\"twitter:label1\" content=\"Preis\" \/>\n\t<meta name=\"twitter:data1\" content=\"6,90&euro;\" \/>\n\t<meta name=\"twitter:label2\" content=\"Verf\u00fcgbarkeit\" \/>\n\t<meta name=\"twitter:data2\" content=\"Auf Lager\" \/>\n<script type=\"application\/ld+json\" class=\"yoast-schema-graph\">{\"@context\":\"https:\/\/schema.org\",\"@graph\":[{\"@type\":[\"WebPage\",\"ItemPage\"],\"@id\":\"https:\/\/www.alquera.com\/pegamento-escolar-blanco\/\",\"url\":\"https:\/\/www.alquera.com\/pegamento-escolar-blanco\/\",\"name\":\"Pegamento Escolar Blanco: Comprar Online - Alquera.com\",\"isPartOf\":{\"@id\":\"https:\/\/www.alquera.com\/en\/#website\"},\"primaryImageOfPage\":{\"@id\":\"https:\/\/www.alquera.com\/pegamento-escolar-blanco\/#primaryimage\"},\"image\":{\"@id\":\"https:\/\/www.alquera.com\/pegamento-escolar-blanco\/#primaryimage\"},\"thumbnailUrl\":\"https:\/\/www.alquera.com\/wp-content\/uploads\/2025\/03\/pegamento-blanco.png\",\"datePublished\":\"2025-03-11T18:16:00+00:00\",\"dateModified\":\"2026-02-23T16:12:14+00:00\",\"description\":\"ENV\u00cdOS EN 24\/48H - Pegamento cola vin\u00edlica blanca ideal para hacer slime. Alta calidad y adherencia para proyectos creativos.\",\"breadcrumb\":{\"@id\":\"https:\/\/www.alquera.com\/pegamento-escolar-blanco\/#breadcrumb\"},\"inLanguage\":\"de\",\"potentialAction\":[{\"@type\":\"ReadAction\",\"target\":[\"https:\/\/www.alquera.com\/pegamento-escolar-blanco\/\"]}]},{\"@type\":\"ImageObject\",\"inLanguage\":\"de\",\"@id\":\"https:\/\/www.alquera.com\/pegamento-escolar-blanco\/#primaryimage\",\"url\":\"https:\/\/www.alquera.com\/wp-content\/uploads\/2025\/03\/pegamento-blanco.png\",\"contentUrl\":\"https:\/\/www.alquera.com\/wp-content\/uploads\/2025\/03\/pegamento-blanco.png\",\"width\":900,\"height\":900,\"caption\":\"pegamento blanco\"},{\"@type\":\"BreadcrumbList\",\"@id\":\"https:\/\/www.alquera.com\/pegamento-escolar-blanco\/#breadcrumb\",\"itemListElement\":[{\"@type\":\"ListItem\",\"position\":1,\"name\":\"Inicio\",\"item\":\"https:\/\/www.alquera.com\/\"},{\"@type\":\"ListItem\",\"position\":2,\"name\":\"Alquera.com: Tienda Online de Productos Qu\u00edmicos y Material de Laboratorio\",\"item\":\"https:\/\/www.alquera.com\/en\/tienda\/\"},{\"@type\":\"ListItem\",\"position\":3,\"name\":\"Pegamento Escolar Blanco\"}]},{\"@type\":\"WebSite\",\"@id\":\"https:\/\/www.alquera.com\/en\/#website\",\"url\":\"https:\/\/www.alquera.com\/en\/\",\"name\":\"Alquera.com\",\"description\":\"Tienda Online Productos Qu\u00edmicos y Material de Laboratorio\",\"publisher\":{\"@id\":\"https:\/\/www.alquera.com\/en\/#organization\"},\"potentialAction\":[{\"@type\":\"SearchAction\",\"target\":{\"@type\":\"EntryPoint\",\"urlTemplate\":\"https:\/\/www.alquera.com\/en\/?s={search_term_string}\"},\"query-input\":{\"@type\":\"PropertyValueSpecification\",\"valueRequired\":true,\"valueName\":\"search_term_string\"}}],\"inLanguage\":\"de\"},{\"@type\":\"Organization\",\"@id\":\"https:\/\/www.alquera.com\/en\/#organization\",\"name\":\"ALQUERA CIENCIA SL\",\"url\":\"https:\/\/www.alquera.com\/en\/\",\"logo\":{\"@type\":\"ImageObject\",\"inLanguage\":\"de\",\"@id\":\"https:\/\/www.alquera.com\/en\/#\/schema\/logo\/image\/\",\"url\":\"https:\/\/www.alquera.com\/wp-content\/uploads\/2020\/11\/logo_300_ancho.png\",\"contentUrl\":\"https:\/\/www.alquera.com\/wp-content\/uploads\/2020\/11\/logo_300_ancho.png\",\"width\":300,\"height\":86,\"caption\":\"ALQUERA CIENCIA SL\"},\"image\":{\"@id\":\"https:\/\/www.alquera.com\/en\/#\/schema\/logo\/image\/\"},\"sameAs\":[\"https:\/\/www.facebook.com\/alqueraciencia\",\"https:\/\/www.instagram.com\/alquera_ciencia\/\",\"https:\/\/www.youtube.com\/c\/alquera\"]}]}<\/script>\n<meta property=\"product:price:amount\" content=\"6.90\" \/>\n<meta property=\"product:price:currency\" content=\"EUR\" \/>\n<meta property=\"og:availability\" content=\"instock\" \/>\n<meta property=\"product:availability\" content=\"instock\" \/>\n<meta property=\"product:condition\" content=\"new\" \/>\n<!-- \/ Yoast SEO Premium plugin. -->","yoast_head_json":{"title":"Pegamento Escolar Blanco: Comprar Online - Alquera.com","description":"ENV\u00cdOS EN 24\/48H - Pegamento cola vin\u00edlica blanca ideal para hacer slime. Alta calidad y adherencia para proyectos creativos.","robots":{"index":"index","follow":"follow","max-snippet":"max-snippet:-1","max-image-preview":"max-image-preview:large","max-video-preview":"max-video-preview:-1"},"canonical":"https:\/\/www.alquera.com\/de\/pegamento-escolar-blanco\/","og_locale":"de_DE","og_type":"article","og_title":"Pegamento Escolar Blanco: Comprar Online - Alquera.com","og_description":"ENV\u00cdOS EN 24\/48H - Pegamento cola vin\u00edlica blanca ideal para hacer slime. Alta calidad y adherencia para proyectos creativos.","og_url":"https:\/\/www.alquera.com\/de\/pegamento-escolar-blanco\/","og_site_name":"Alquera.com","article_publisher":"https:\/\/www.facebook.com\/alqueraciencia","article_modified_time":"2026-02-23T16:12:14+00:00","og_image":[{"width":900,"height":900,"url":"https:\/\/www.alquera.com\/wp-content\/uploads\/2025\/03\/pegamento-blanco.png","type":"image\/png"}],"twitter_card":"summary_large_image","twitter_misc":{"Preis":"6,90&euro;","Verf\u00fcgbarkeit":"Auf Lager"},"schema":{"@context":"https:\/\/schema.org","@graph":[{"@type":["WebPage","ItemPage"],"@id":"https:\/\/www.alquera.com\/pegamento-escolar-blanco\/","url":"https:\/\/www.alquera.com\/pegamento-escolar-blanco\/","name":"Pegamento Escolar Blanco: Comprar Online - Alquera.com","isPartOf":{"@id":"https:\/\/www.alquera.com\/en\/#website"},"primaryImageOfPage":{"@id":"https:\/\/www.alquera.com\/pegamento-escolar-blanco\/#primaryimage"},"image":{"@id":"https:\/\/www.alquera.com\/pegamento-escolar-blanco\/#primaryimage"},"thumbnailUrl":"https:\/\/www.alquera.com\/wp-content\/uploads\/2025\/03\/pegamento-blanco.png","datePublished":"2025-03-11T18:16:00+00:00","dateModified":"2026-02-23T16:12:14+00:00","description":"ENV\u00cdOS EN 24\/48H - Pegamento cola vin\u00edlica blanca ideal para hacer slime. Alta calidad y adherencia para proyectos creativos.","breadcrumb":{"@id":"https:\/\/www.alquera.com\/pegamento-escolar-blanco\/#breadcrumb"},"inLanguage":"de","potentialAction":[{"@type":"ReadAction","target":["https:\/\/www.alquera.com\/pegamento-escolar-blanco\/"]}]},{"@type":"ImageObject","inLanguage":"de","@id":"https:\/\/www.alquera.com\/pegamento-escolar-blanco\/#primaryimage","url":"https:\/\/www.alquera.com\/wp-content\/uploads\/2025\/03\/pegamento-blanco.png","contentUrl":"https:\/\/www.alquera.com\/wp-content\/uploads\/2025\/03\/pegamento-blanco.png","width":900,"height":900,"caption":"pegamento blanco"},{"@type":"BreadcrumbList","@id":"https:\/\/www.alquera.com\/pegamento-escolar-blanco\/#breadcrumb","itemListElement":[{"@type":"ListItem","position":1,"name":"Inicio","item":"https:\/\/www.alquera.com\/"},{"@type":"ListItem","position":2,"name":"Alquera.com: Tienda Online de Productos Qu\u00edmicos y Material de Laboratorio","item":"https:\/\/www.alquera.com\/en\/tienda\/"},{"@type":"ListItem","position":3,"name":"Pegamento Escolar Blanco"}]},{"@type":"WebSite","@id":"https:\/\/www.alquera.com\/en\/#website","url":"https:\/\/www.alquera.com\/en\/","name":"Alquera.com","description":"Online Shop Chemische Produkte und Laborger\u00e4te","publisher":{"@id":"https:\/\/www.alquera.com\/en\/#organization"},"potentialAction":[{"@type":"SearchAction","target":{"@type":"EntryPoint","urlTemplate":"https:\/\/www.alquera.com\/en\/?s={search_term_string}"},"query-input":{"@type":"PropertyValueSpecification","valueRequired":true,"valueName":"search_term_string"}}],"inLanguage":"de"},{"@type":"Organization","@id":"https:\/\/www.alquera.com\/en\/#organization","name":"ALQUERA CIENCIA SL","url":"https:\/\/www.alquera.com\/en\/","logo":{"@type":"ImageObject","inLanguage":"de","@id":"https:\/\/www.alquera.com\/en\/#\/schema\/logo\/image\/","url":"https:\/\/www.alquera.com\/wp-content\/uploads\/2020\/11\/logo_300_ancho.png","contentUrl":"https:\/\/www.alquera.com\/wp-content\/uploads\/2020\/11\/logo_300_ancho.png","width":300,"height":86,"caption":"ALQUERA CIENCIA SL"},"image":{"@id":"https:\/\/www.alquera.com\/en\/#\/schema\/logo\/image\/"},"sameAs":["https:\/\/www.facebook.com\/alqueraciencia","https:\/\/www.instagram.com\/alquera_ciencia\/","https:\/\/www.youtube.com\/c\/alquera"]}]},"product_price_amount":"6.90","product_price_currency":"EUR","og_availability":"instock","product_availability":"instock","product_condition":"new"},"_links":{"self":[{"href":"https:\/\/www.alquera.com\/de\/wp-json\/wp\/v2\/product\/51984","targetHints":{"allow":["GET"]}}],"collection":[{"href":"https:\/\/www.alquera.com\/de\/wp-json\/wp\/v2\/product"}],"about":[{"href":"https:\/\/www.alquera.com\/de\/wp-json\/wp\/v2\/types\/product"}],"replies":[{"embeddable":true,"href":"https:\/\/www.alquera.com\/de\/wp-json\/wp\/v2\/comments?post=51984"}],"wp:featuredmedia":[{"embeddable":true,"href":"https:\/\/www.alquera.com\/de\/wp-json\/wp\/v2\/media\/52031"}],"wp:attachment":[{"href":"https:\/\/www.alquera.com\/de\/wp-json\/wp\/v2\/media?parent=51984"}],"wp:term":[{"taxonomy":"product_brand","embeddable":true,"href":"https:\/\/www.alquera.com\/de\/wp-json\/wp\/v2\/product_brand?post=51984"},{"taxonomy":"product_cat","embeddable":true,"href":"https:\/\/www.alquera.com\/de\/wp-json\/wp\/v2\/product_cat?post=51984"},{"taxonomy":"product_tag","embeddable":true,"href":"https:\/\/www.alquera.com\/de\/wp-json\/wp\/v2\/product_tag?post=51984"}],"curies":[{"name":"wp","href":"https:\/\/api.w.org\/{rel}","templated":true}]}}