{"id":542,"date":"2016-03-01T10:40:06","date_gmt":"2016-03-01T10:40:06","guid":{"rendered":"http:\/\/localhost\/alquera\/productos\/producto\/hidrogel-1kg\/"},"modified":"2026-02-23T16:12:59","modified_gmt":"2026-02-23T16:12:59","slug":"hidrogel","status":"publish","type":"product","link":"https:\/\/www.alquera.com\/de\/hidrogel\/","title":{"rendered":"Hydrogel f\u00fcr Pflanzen"},"content":{"rendered":"<p>Hydrogel ist ein Wasserr\u00fcckhaltemittel. Es wird aus einem superabsorbierenden Polymer namens Kaliumpolyacrylat hergestellt. Ein superabsorbierendes Polymer ist ein Material, das in der Lage ist, gro\u00dfe Mengen an Wasser aufzunehmen und es anschlie\u00dfend langsam wieder abzugeben. Hydrogel geh\u00f6rt zu dieser Art von Material. Es handelt sich um ein Material, das trocken und in Form von wei\u00dfen Kristallen von 1-2 mm Gr\u00f6\u00dfe vorliegt. Er wird haupts\u00e4chlich in der Landwirtschaft verwendet. Es ist auch bekannt als fester Regen, Wasserr\u00fcckhaltemittel, Kaliumpolyacrylat, Wassergel, Wasserkristalle.<\/p>\n<h2>IDENTIFIZIERUNG UND EIGENSCHAFTEN<\/h2>\n<p><strong>Name:<\/strong> Hydrogel f\u00fcr Pflanzen. Kalium Polyacrylat.<br \/>\n<strong>CAS:<\/strong> 25608-12-2<\/p>\n<p>Erscheinungsbild: Pulver oder Kristalle<br \/>\nSiehe <a href=\"https:\/\/www.alquera.com\/de\/hidrogel\/propiedades\/\" target=\"_blank\" rel=\"noopener noreferrer\">Physikalisch-chemische Eigenschaften von Hydrogelen f\u00fcr Pflanzen.<\/a><\/p>\n<h2>KORNGR\u00d6SSE DES PFLANZENHYDROGELS<\/h2>\n<p>Feines Korn: Trockengr\u00f6\u00dfe zwischen 0,8 und 1,2 mm.<br \/>\nMittelkorn: Trockengr\u00f6\u00dfe zwischen 1,2 und 1,8 mm. Hydratisiert haben sie eine unregelm\u00e4\u00dfige Gr\u00f6\u00dfe in Kristallen von 10-20 mm.<\/p>\n<p>Sie k\u00f6nnen entweder eine Trockenkorngr\u00f6\u00dfe von 0,8-1,2 mm oder 1,2-2 mm w\u00e4hlen. Die technischen Eigenschaften sind bei beiden gleich, die kleinere K\u00f6rnung ist f\u00fcr kleinere Pflanzen oder Setzlinge gedacht.<\/p>\n<h2>HYDROGEL-ABSORPTION<\/h2>\n<p>Das Hydrogel, das Sie bei Alquera finden, ist in trockener Form erh\u00e4ltlich. Unabh\u00e4ngig von der Korngr\u00f6\u00dfe absorbiert das Hydrogel bis zum 300-fachen seines Gewichts an Wasser.<\/p>\n<ul>\n<li>3,3 Gramm absorbieren 1L Wasser<\/li>\n<li>1Kg absorbiert 303L Wasser<\/li>\n<li>5Kg absorbieren 1515L Wasser<\/li>\n<li>20Kg absorbieren 6060 L Wasser<\/li>\n<\/ul>\n<h2>VORTEILE BEI DER VERWENDUNG VON HYDROGEL<\/h2>\n<p>Die Anwendung von Hydrogel bietet Ihnen folgende Vorteile:<\/p>\n<ul>\n<li>Verbesserung der Aussaat, Verbesserung der Keimungsrate des Saatguts und der \u00dcberlebensrate der Setzlinge.<\/li>\n<li>Wurzeln: F\u00f6rdert die Wurzelentwicklung und erh\u00f6ht die Krankheitsresistenz.<\/li>\n<li>Wassereinsparung: Erh\u00f6ht die Wasserreserven im Boden.<\/li>\n<li>Bodendurchl\u00e4ssigkeit: Verbesserte Nutzung der organischen Bodensubstanz<\/li>\n<li>D\u00fcngung: Verringerung der D\u00fcngerverluste<\/li>\n<\/ul>\n<p>Video ansehen: <a href=\"https:\/\/www.youtube.com\/watch?v=mxRaAunpiN4&amp;feature=youtu.be\" target=\"_blank\" rel=\"noopener noreferrer\">Wasserr\u00fcckhalt f\u00fcr Hydrogel-Bodenbel\u00e4ge.<\/a><\/p>\n<h2>ANWENDUNG VON KALIUMPOLYACRYLAT<\/h2>\n<p>Das Hydrogel ist in praktisch allen Situationen einsetzbar, in denen Wasser ben\u00f6tigt wird. In diesem Dossier k\u00f6nnen Sie die Mengen und Dosierungen der Hydrogelanwendungen sehen-&gt;<a href=\"https:\/\/www.alquera.com\/wp-content\/uploads\/2016\/03\/DOSSIER-POLIACRILATO-DE-POTASIO.pdf\" target=\"_blank\" rel=\"noopener noreferrer\">Siehe Technisches Dossier Hydrogel-Anwendung.<\/a><\/p>\n<p>In diesem Dossier finden Sie Informationen \u00fcber die Verwendung:<\/p>\n<ul>\n<li>F\u00fcr T\u00f6pfe und Saatbeete betr\u00e4gt die Dosierung 1,5-3Kg\/m3 (1,5-3Kg trockenes Hydrogel pro m3 Substrat), d.h. 1,5-3g\/Liter.<\/li>\n<li>F\u00fcr die Erhaltung der Wurzeln f\u00fcr die Verpflanzung.<\/li>\n<li>Verpflanzung von B\u00e4umen und Str\u00e4uchern. Siehe Dosierung und Anwendung im Abschnitt<\/li>\n<li>Antrag f\u00fcr bereits gepflanzte B\u00e4ume.<\/li>\n<li>Anwendung f\u00fcr Obstb\u00e4ume.<\/li>\n<li>Anwendung auf Rasen und Soden.<\/li>\n<li>Anwendung auf strukturiertem Boden, gemischt mit Schotter und Erde.<\/li>\n<\/ul>\n<p>&nbsp;<\/p>","protected":false},"excerpt":{"rendered":"<p>Bei Alquera k\u00f6nnen Sie problemlos Hydrogel kaufen, von kleinen Packungen mit 200 Gramm bis hin zu 20kg-S\u00e4cken. Sie k\u00f6nnen den Preis der verschiedenen Hydrogel-Formate sehen, wenn Sie das gew\u00fcnschte Format ausw\u00e4hlen. Die Bestellung erfolgt direkt \u00fcber das Internet nach den angegebenen Schritten, und die Lieferung erfolgt innerhalb von 24\/48 Stunden.<\/p>","protected":false},"featured_media":540,"comment_status":"open","ping_status":"closed","template":"","meta":{"_acf_changed":false,"site-sidebar-layout":"default","site-content-layout":"default","ast-site-content-layout":"default","site-content-style":"default","site-sidebar-style":"default","ast-global-header-display":"","ast-banner-title-visibility":"","ast-main-header-display":"","ast-hfb-above-header-display":"","ast-hfb-below-header-display":"","ast-hfb-mobile-header-display":"","site-post-title":"","ast-breadcrumbs-content":"","ast-featured-img":"","footer-sml-layout":"","ast-disable-related-posts":"","theme-transparent-header-meta":"default","adv-header-id-meta":"","stick-header-meta":"default","header-above-stick-meta":"","header-main-stick-meta":"","header-below-stick-meta":"","astra-migrate-meta-layouts":"set","ast-page-background-enabled":"default","ast-page-background-meta":{"desktop":{"background-color":"var(--ast-global-color-4)","background-image":"","background-repeat":"repeat","background-position":"center center","background-size":"auto","background-attachment":"scroll","background-type":"","background-media":"","overlay-type":"","overlay-color":"","overlay-opacity":"","overlay-gradient":""},"tablet":{"background-color":"","background-image":"","background-repeat":"repeat","background-position":"center center","background-size":"auto","background-attachment":"scroll","background-type":"","background-media":"","overlay-type":"","overlay-color":"","overlay-opacity":"","overlay-gradient":""},"mobile":{"background-color":"","background-image":"","background-repeat":"repeat","background-position":"center center","background-size":"auto","background-attachment":"scroll","background-type":"","background-media":"","overlay-type":"","overlay-color":"","overlay-opacity":"","overlay-gradient":""}},"ast-content-background-meta":{"desktop":{"background-color":"var(--ast-global-color-5)","background-image":"","background-repeat":"repeat","background-position":"center center","background-size":"auto","background-attachment":"scroll","background-type":"","background-media":"","overlay-type":"","overlay-color":"","overlay-opacity":"","overlay-gradient":""},"tablet":{"background-color":"var(--ast-global-color-5)","background-image":"","background-repeat":"repeat","background-position":"center center","background-size":"auto","background-attachment":"scroll","background-type":"","background-media":"","overlay-type":"","overlay-color":"","overlay-opacity":"","overlay-gradient":""},"mobile":{"background-color":"var(--ast-global-color-5)","background-image":"","background-repeat":"repeat","background-position":"center center","background-size":"auto","background-attachment":"scroll","background-type":"","background-media":"","overlay-type":"","overlay-color":"","overlay-opacity":"","overlay-gradient":""}}},"product_brand":[],"product_cat":[214],"product_tag":[],"class_list":{"0":"post-542","1":"product","2":"type-product","3":"status-publish","4":"has-post-thumbnail","6":"product_cat-polimeros-super-absorbentes","7":"pa_cantidad-200g","8":"pa_cantidad-1kg","9":"pa_cantidad-5kg","10":"pa_cantidad-20kg","11":"desktop-align-left","12":"tablet-align-left","13":"mobile-align-left","14":"ast-product-gallery-layout-horizontal-slider","15":"ast-magnify-disabled","16":"ast-product-single-variable","17":"ast-product-tabs-layout-horizontal","18":"ast-qv-on-image","20":"first","21":"instock","22":"taxable","23":"shipping-taxable","24":"purchasable","25":"product-type-variable","26":"has-default-attributes"},"acf":[],"yoast_head":"<!-- This site is optimized with the Yoast SEO Premium plugin v27.1 (Yoast SEO v27.1.1) - https:\/\/yoast.com\/product\/yoast-seo-premium-wordpress\/ -->\n<title>Hidrogel para Plantas: Comprar Online - Alquera.com<\/title>\n<meta name=\"description\" content=\"ENV\u00cdOS EN 24\/48H. Comprar Hidrogel para plantas. Absorbe hasta 300 veces su peso en agua. Utilizado para ahorro de tiempo y costes de riego.\" \/>\n<meta name=\"robots\" content=\"index, follow, max-snippet:-1, max-image-preview:large, max-video-preview:-1\" \/>\n<link rel=\"canonical\" href=\"https:\/\/www.alquera.com\/de\/hidrogel\/\" \/>\n<meta property=\"og:locale\" content=\"de_DE\" \/>\n<meta property=\"og:type\" content=\"article\" \/>\n<meta property=\"og:title\" content=\"Hidrogel para Plantas: Comprar Online - Alquera.com\" \/>\n<meta property=\"og:description\" content=\"ENV\u00cdOS EN 24\/48H. Comprar Hidrogel para plantas. Absorbe hasta 300 veces su peso en agua. Utilizado para ahorro de tiempo y costes de riego.\" \/>\n<meta property=\"og:url\" content=\"https:\/\/www.alquera.com\/de\/hidrogel\/\" \/>\n<meta property=\"og:site_name\" content=\"Alquera.com\" \/>\n<meta property=\"article:publisher\" content=\"https:\/\/www.facebook.com\/alqueraciencia\" \/>\n<meta property=\"article:modified_time\" content=\"2026-02-23T16:12:59+00:00\" \/>\n<meta property=\"og:image\" content=\"https:\/\/www.alquera.com\/wp-content\/uploads\/2016\/03\/1039-thickbox_default-Hidrogel-1Kg.jpg\" \/>\n\t<meta property=\"og:image:width\" content=\"800\" \/>\n\t<meta property=\"og:image:height\" content=\"800\" \/>\n\t<meta property=\"og:image:type\" content=\"image\/jpeg\" \/>\n<meta name=\"twitter:card\" content=\"summary_large_image\" \/>\n<meta name=\"twitter:label1\" content=\"Verf\u00fcgbarkeit\" \/>\n\t<meta name=\"twitter:data1\" content=\"Auf Lager\" \/>\n<script type=\"application\/ld+json\" class=\"yoast-schema-graph\">{\"@context\":\"https:\/\/schema.org\",\"@graph\":[{\"@type\":[\"WebPage\",\"ItemPage\"],\"@id\":\"https:\/\/www.alquera.com\/hidrogel\/\",\"url\":\"https:\/\/www.alquera.com\/hidrogel\/\",\"name\":\"Hidrogel para Plantas: Comprar Online - Alquera.com\",\"isPartOf\":{\"@id\":\"https:\/\/www.alquera.com\/en\/#website\"},\"primaryImageOfPage\":{\"@id\":\"https:\/\/www.alquera.com\/hidrogel\/#primaryimage\"},\"image\":{\"@id\":\"https:\/\/www.alquera.com\/hidrogel\/#primaryimage\"},\"thumbnailUrl\":\"https:\/\/www.alquera.com\/wp-content\/uploads\/2016\/03\/1039-thickbox_default-Hidrogel-1Kg.jpg\",\"datePublished\":\"2016-03-01T10:40:06+00:00\",\"dateModified\":\"2026-02-23T16:12:59+00:00\",\"description\":\"ENV\u00cdOS EN 24\/48H. Comprar Hidrogel para plantas. Absorbe hasta 300 veces su peso en agua. Utilizado para ahorro de tiempo y costes de riego.\",\"breadcrumb\":{\"@id\":\"https:\/\/www.alquera.com\/hidrogel\/#breadcrumb\"},\"inLanguage\":\"de\",\"potentialAction\":[{\"@type\":\"ReadAction\",\"target\":[\"https:\/\/www.alquera.com\/hidrogel\/\"]}]},{\"@type\":\"ImageObject\",\"inLanguage\":\"de\",\"@id\":\"https:\/\/www.alquera.com\/hidrogel\/#primaryimage\",\"url\":\"https:\/\/www.alquera.com\/wp-content\/uploads\/2016\/03\/1039-thickbox_default-Hidrogel-1Kg.jpg\",\"contentUrl\":\"https:\/\/www.alquera.com\/wp-content\/uploads\/2016\/03\/1039-thickbox_default-Hidrogel-1Kg.jpg\",\"width\":800,\"height\":800,\"caption\":\"Comprar Hidrogel. Hidrogel para plantas\"},{\"@type\":\"BreadcrumbList\",\"@id\":\"https:\/\/www.alquera.com\/hidrogel\/#breadcrumb\",\"itemListElement\":[{\"@type\":\"ListItem\",\"position\":1,\"name\":\"Inicio\",\"item\":\"https:\/\/www.alquera.com\/\"},{\"@type\":\"ListItem\",\"position\":2,\"name\":\"Alquera.com: Tienda Online de Productos Qu\u00edmicos y Material de Laboratorio\",\"item\":\"https:\/\/www.alquera.com\/en\/tienda\/\"},{\"@type\":\"ListItem\",\"position\":3,\"name\":\"Hidrogel para Plantas\"}]},{\"@type\":\"WebSite\",\"@id\":\"https:\/\/www.alquera.com\/en\/#website\",\"url\":\"https:\/\/www.alquera.com\/en\/\",\"name\":\"Alquera.com\",\"description\":\"Tienda Online Productos Qu\u00edmicos y Material de Laboratorio\",\"publisher\":{\"@id\":\"https:\/\/www.alquera.com\/en\/#organization\"},\"potentialAction\":[{\"@type\":\"SearchAction\",\"target\":{\"@type\":\"EntryPoint\",\"urlTemplate\":\"https:\/\/www.alquera.com\/en\/?s={search_term_string}\"},\"query-input\":{\"@type\":\"PropertyValueSpecification\",\"valueRequired\":true,\"valueName\":\"search_term_string\"}}],\"inLanguage\":\"de\"},{\"@type\":\"Organization\",\"@id\":\"https:\/\/www.alquera.com\/en\/#organization\",\"name\":\"ALQUERA CIENCIA SL\",\"url\":\"https:\/\/www.alquera.com\/en\/\",\"logo\":{\"@type\":\"ImageObject\",\"inLanguage\":\"de\",\"@id\":\"https:\/\/www.alquera.com\/en\/#\/schema\/logo\/image\/\",\"url\":\"https:\/\/www.alquera.com\/wp-content\/uploads\/2020\/11\/logo_300_ancho.png\",\"contentUrl\":\"https:\/\/www.alquera.com\/wp-content\/uploads\/2020\/11\/logo_300_ancho.png\",\"width\":300,\"height\":86,\"caption\":\"ALQUERA CIENCIA SL\"},\"image\":{\"@id\":\"https:\/\/www.alquera.com\/en\/#\/schema\/logo\/image\/\"},\"sameAs\":[\"https:\/\/www.facebook.com\/alqueraciencia\",\"https:\/\/www.instagram.com\/alquera_ciencia\/\",\"https:\/\/www.youtube.com\/c\/alquera\"]}]}<\/script>\n<meta property=\"og:availability\" content=\"instock\" \/>\n<meta property=\"product:availability\" content=\"instock\" \/>\n<meta property=\"product:retailer_item_id\" content=\"ALS10041\" \/>\n<meta property=\"product:condition\" content=\"new\" \/>\n<!-- \/ Yoast SEO Premium plugin. -->","yoast_head_json":{"title":"Hydrogel f\u00fcr Pflanzen: Online kaufen - Alquera.com","description":"24\/48H LIEFERUNG. Hydrogel f\u00fcr Pflanzen kaufen. Absorbiert bis zum 300-fachen seines Gewichts an Wasser. Wird verwendet, um Zeit und Bew\u00e4sserungskosten zu sparen.","robots":{"index":"index","follow":"follow","max-snippet":"max-snippet:-1","max-image-preview":"max-image-preview:large","max-video-preview":"max-video-preview:-1"},"canonical":"https:\/\/www.alquera.com\/de\/hidrogel\/","og_locale":"de_DE","og_type":"article","og_title":"Hidrogel para Plantas: Comprar Online - Alquera.com","og_description":"ENV\u00cdOS EN 24\/48H. Comprar Hidrogel para plantas. Absorbe hasta 300 veces su peso en agua. Utilizado para ahorro de tiempo y costes de riego.","og_url":"https:\/\/www.alquera.com\/de\/hidrogel\/","og_site_name":"Alquera.com","article_publisher":"https:\/\/www.facebook.com\/alqueraciencia","article_modified_time":"2026-02-23T16:12:59+00:00","og_image":[{"width":800,"height":800,"url":"https:\/\/www.alquera.com\/wp-content\/uploads\/2016\/03\/1039-thickbox_default-Hidrogel-1Kg.jpg","type":"image\/jpeg"}],"twitter_card":"summary_large_image","twitter_misc":{"Verf\u00fcgbarkeit":"Auf Lager"},"schema":{"@context":"https:\/\/schema.org","@graph":[{"@type":["WebPage","ItemPage"],"@id":"https:\/\/www.alquera.com\/hidrogel\/","url":"https:\/\/www.alquera.com\/hidrogel\/","name":"Hydrogel f\u00fcr Pflanzen: Online kaufen - Alquera.com","isPartOf":{"@id":"https:\/\/www.alquera.com\/en\/#website"},"primaryImageOfPage":{"@id":"https:\/\/www.alquera.com\/hidrogel\/#primaryimage"},"image":{"@id":"https:\/\/www.alquera.com\/hidrogel\/#primaryimage"},"thumbnailUrl":"https:\/\/www.alquera.com\/wp-content\/uploads\/2016\/03\/1039-thickbox_default-Hidrogel-1Kg.jpg","datePublished":"2016-03-01T10:40:06+00:00","dateModified":"2026-02-23T16:12:59+00:00","description":"24\/48H LIEFERUNG. Hydrogel f\u00fcr Pflanzen kaufen. Absorbiert bis zum 300-fachen seines Gewichts an Wasser. Wird verwendet, um Zeit und Bew\u00e4sserungskosten zu sparen.","breadcrumb":{"@id":"https:\/\/www.alquera.com\/hidrogel\/#breadcrumb"},"inLanguage":"de","potentialAction":[{"@type":"ReadAction","target":["https:\/\/www.alquera.com\/hidrogel\/"]}]},{"@type":"ImageObject","inLanguage":"de","@id":"https:\/\/www.alquera.com\/hidrogel\/#primaryimage","url":"https:\/\/www.alquera.com\/wp-content\/uploads\/2016\/03\/1039-thickbox_default-Hidrogel-1Kg.jpg","contentUrl":"https:\/\/www.alquera.com\/wp-content\/uploads\/2016\/03\/1039-thickbox_default-Hidrogel-1Kg.jpg","width":800,"height":800,"caption":"Comprar Hidrogel. Hidrogel para plantas"},{"@type":"BreadcrumbList","@id":"https:\/\/www.alquera.com\/hidrogel\/#breadcrumb","itemListElement":[{"@type":"ListItem","position":1,"name":"Inicio","item":"https:\/\/www.alquera.com\/"},{"@type":"ListItem","position":2,"name":"Alquera.com: Tienda Online de Productos Qu\u00edmicos y Material de Laboratorio","item":"https:\/\/www.alquera.com\/en\/tienda\/"},{"@type":"ListItem","position":3,"name":"Hidrogel para Plantas"}]},{"@type":"WebSite","@id":"https:\/\/www.alquera.com\/en\/#website","url":"https:\/\/www.alquera.com\/en\/","name":"Alquera.com","description":"Online Shop Chemische Produkte und Laborger\u00e4te","publisher":{"@id":"https:\/\/www.alquera.com\/en\/#organization"},"potentialAction":[{"@type":"SearchAction","target":{"@type":"EntryPoint","urlTemplate":"https:\/\/www.alquera.com\/en\/?s={search_term_string}"},"query-input":{"@type":"PropertyValueSpecification","valueRequired":true,"valueName":"search_term_string"}}],"inLanguage":"de"},{"@type":"Organization","@id":"https:\/\/www.alquera.com\/en\/#organization","name":"ALQUERA CIENCIA SL","url":"https:\/\/www.alquera.com\/en\/","logo":{"@type":"ImageObject","inLanguage":"de","@id":"https:\/\/www.alquera.com\/en\/#\/schema\/logo\/image\/","url":"https:\/\/www.alquera.com\/wp-content\/uploads\/2020\/11\/logo_300_ancho.png","contentUrl":"https:\/\/www.alquera.com\/wp-content\/uploads\/2020\/11\/logo_300_ancho.png","width":300,"height":86,"caption":"ALQUERA CIENCIA SL"},"image":{"@id":"https:\/\/www.alquera.com\/en\/#\/schema\/logo\/image\/"},"sameAs":["https:\/\/www.facebook.com\/alqueraciencia","https:\/\/www.instagram.com\/alquera_ciencia\/","https:\/\/www.youtube.com\/c\/alquera"]}]},"og_availability":"instock","product_availability":"instock","product_retailer_item_id":"ALS10041","product_condition":"new"},"_links":{"self":[{"href":"https:\/\/www.alquera.com\/de\/wp-json\/wp\/v2\/product\/542","targetHints":{"allow":["GET"]}}],"collection":[{"href":"https:\/\/www.alquera.com\/de\/wp-json\/wp\/v2\/product"}],"about":[{"href":"https:\/\/www.alquera.com\/de\/wp-json\/wp\/v2\/types\/product"}],"replies":[{"embeddable":true,"href":"https:\/\/www.alquera.com\/de\/wp-json\/wp\/v2\/comments?post=542"}],"wp:featuredmedia":[{"embeddable":true,"href":"https:\/\/www.alquera.com\/de\/wp-json\/wp\/v2\/media\/540"}],"wp:attachment":[{"href":"https:\/\/www.alquera.com\/de\/wp-json\/wp\/v2\/media?parent=542"}],"wp:term":[{"taxonomy":"product_brand","embeddable":true,"href":"https:\/\/www.alquera.com\/de\/wp-json\/wp\/v2\/product_brand?post=542"},{"taxonomy":"product_cat","embeddable":true,"href":"https:\/\/www.alquera.com\/de\/wp-json\/wp\/v2\/product_cat?post=542"},{"taxonomy":"product_tag","embeddable":true,"href":"https:\/\/www.alquera.com\/de\/wp-json\/wp\/v2\/product_tag?post=542"}],"curies":[{"name":"wp","href":"https:\/\/api.w.org\/{rel}","templated":true}]}}