{"id":546,"date":"2016-03-10T15:54:06","date_gmt":"2016-03-10T15:54:06","guid":{"rendered":"http:\/\/localhost\/alquera\/productos\/producto\/sulfato-de-aluminio-1kg\/"},"modified":"2026-04-24T15:44:20","modified_gmt":"2026-04-24T15:44:20","slug":"sulfato-de-aluminio","status":"publish","type":"product","link":"https:\/\/www.alquera.com\/de\/sulfato-de-aluminio\/","title":{"rendered":"Aluminiumsulfat"},"content":{"rendered":"<p>Aluminiumsulfat ist eine wei\u00dfe, pulverf\u00f6rmige chemische Substanz. Es handelt sich um ein anorganisches Koagulationsmittel f\u00fcr die Aufbereitung von Trink- und Abwasser. Dieser Stoff wird in folgenden Produkten verwendet: pH-Regulatoren, Wasseraufbereitungs- und -reinigungsprodukte, Wasseraufbereitungschemikalien, D\u00fcngemittel, Kosmetika und K\u00f6rperpflegeprodukte, Wasch- und Reinigungsmittel.<\/p>\n<h2>IDENTIFIZIERUNG UND EIGENSCHAFTEN VON SULFATEN<\/h2>\n<p><strong>Name:<\/strong> Aluminiumsulfat<br \/>\n<strong>CAS:<\/strong> 10043-01-3<br \/>\n<strong>EC:<\/strong> 233-135-0<br \/>\n<strong>Zusammensetzung:<\/strong> 99-100%<\/p>\n<ul>\n<li>Aussehen (1013 hPa, 20\u00baC): Festes, wei\u00dfes Pulver<\/li>\n<li>Geruch: Geruchlos<\/li>\n<li>pH-Wert (1% in w\u00e4ssriger L\u00f6sung; 20\u00baC): 3,2<\/li>\n<li>Schmelzpunkt: &gt;300\u00baC (des reinen Feststoffs)<\/li>\n<li>Siedepunkt: Ca. 100\u00baC<\/li>\n<li>Entflammbarkeit (fest\/gasf\u00f6rmig): Nicht entflammbar<\/li>\n<li>Relative Dichte: 1,79 g\/cm3<\/li>\n<li>L\u00f6slichkeit in Wasser (20\u00baC): &gt;1000 g\/l<\/li>\n<li>Explosive Eigenschaften: Nicht explosionsgef\u00e4hrlich<\/li>\n<li>Oxidierende Eigenschaften: Nicht oxidierend<\/li>\n<\/ul>\n<h2>ANWENDUNGEN<\/h2>\n<p>Aluminiumsulfat wird in einer Vielzahl von Produkten zur Regulierung des pH-Werts von Wasser verwendet. Es wird auch h\u00e4ufig als Mittel zur <a href=\"https:\/\/www.alquera.com\/de\/sulfato-de-aluminio\/piscinas\/\">Flockungshilfsmittel in Schwimmb\u00e4dern<\/a>f\u00fcr <a href=\"https:\/\/www.alquera.com\/de\/sulfato-de-aluminio\/potabilizacion-agua\/\">Trinkwasseraufbereitung<\/a>in D\u00fcngemitteln, Kosmetika und K\u00f6rperpflegeprodukten sowie in Wasch- und Reinigungsmitteln.<\/p>\n<p>Wasseraufbereitung:<br \/>\n- POTABLE. Gerinnungsmittel bei der Wasseraufbereitung.<br \/>\n- ABFALL. Gerinnungsmittel<br \/>\n- Papierindustrie. Aluminiumeinsatz im Prozess der<br \/>\nPapierleimung.<br \/>\n- Zuckerindustrie. Kl\u00e4rmittel bei der Behandlung von<br \/>\nR\u00fcbenschnitzel vor dem Pressen.<br \/>\n- D\u00fcngemittel. Zusatzstoff im Herstellungsprozess von<br \/>\nStickstoffd\u00fcnger (z. B. Ammoniumnitrat).<br \/>\n- Konstruktion. Abbindebeschleuniger f\u00fcr M\u00f6rtel und Fugenm\u00f6rtel.<br \/>\nBeton.<br \/>\n- Rohmaterial f\u00fcr die chemische Industrie.<br \/>\n- Ledergerberei-Industrie.<\/p>\n<p>&nbsp;<\/p>\n<p>&nbsp;<\/p>","protected":false},"excerpt":{"rendered":"<p>Kaufen Sie Aluminiumsulfat von 1kg-Packungen bis zu 25kg-S\u00e4cken. Der Preis f\u00fcr die verschiedenen Formate von Aluminiumsulfat ist ersichtlich, wenn Sie das gew\u00fcnschte Format ausw\u00e4hlen. Die Bestellung erfolgt direkt \u00fcber das Internet nach den angegebenen Schritten und wird innerhalb von 24\/48 Stunden geliefert.<\/p>","protected":false},"featured_media":8872,"comment_status":"open","ping_status":"closed","template":"","meta":{"_acf_changed":false,"site-sidebar-layout":"default","site-content-layout":"default","ast-site-content-layout":"default","site-content-style":"default","site-sidebar-style":"default","ast-global-header-display":"","ast-banner-title-visibility":"","ast-main-header-display":"","ast-hfb-above-header-display":"","ast-hfb-below-header-display":"","ast-hfb-mobile-header-display":"","site-post-title":"","ast-breadcrumbs-content":"","ast-featured-img":"","footer-sml-layout":"","ast-disable-related-posts":"","theme-transparent-header-meta":"default","adv-header-id-meta":"","stick-header-meta":"default","header-above-stick-meta":"","header-main-stick-meta":"","header-below-stick-meta":"","astra-migrate-meta-layouts":"set","ast-page-background-enabled":"default","ast-page-background-meta":{"desktop":{"background-color":"var(--ast-global-color-4)","background-image":"","background-repeat":"repeat","background-position":"center center","background-size":"auto","background-attachment":"scroll","background-type":"","background-media":"","overlay-type":"","overlay-color":"","overlay-opacity":"","overlay-gradient":""},"tablet":{"background-color":"","background-image":"","background-repeat":"repeat","background-position":"center center","background-size":"auto","background-attachment":"scroll","background-type":"","background-media":"","overlay-type":"","overlay-color":"","overlay-opacity":"","overlay-gradient":""},"mobile":{"background-color":"","background-image":"","background-repeat":"repeat","background-position":"center center","background-size":"auto","background-attachment":"scroll","background-type":"","background-media":"","overlay-type":"","overlay-color":"","overlay-opacity":"","overlay-gradient":""}},"ast-content-background-meta":{"desktop":{"background-color":"var(--ast-global-color-5)","background-image":"","background-repeat":"repeat","background-position":"center center","background-size":"auto","background-attachment":"scroll","background-type":"","background-media":"","overlay-type":"","overlay-color":"","overlay-opacity":"","overlay-gradient":""},"tablet":{"background-color":"var(--ast-global-color-5)","background-image":"","background-repeat":"repeat","background-position":"center center","background-size":"auto","background-attachment":"scroll","background-type":"","background-media":"","overlay-type":"","overlay-color":"","overlay-opacity":"","overlay-gradient":""},"mobile":{"background-color":"var(--ast-global-color-5)","background-image":"","background-repeat":"repeat","background-position":"center center","background-size":"auto","background-attachment":"scroll","background-type":"","background-media":"","overlay-type":"","overlay-color":"","overlay-opacity":"","overlay-gradient":""}}},"product_brand":[],"product_cat":[21],"product_tag":[],"class_list":{"0":"post-546","1":"product","2":"type-product","3":"status-publish","4":"has-post-thumbnail","6":"product_cat-productos","7":"pa_cantidad-1kg","8":"pa_cantidad-5kg","9":"pa_cantidad-25kg","10":"desktop-align-left","11":"tablet-align-left","12":"mobile-align-left","13":"ast-product-gallery-layout-horizontal-slider","14":"ast-magnify-disabled","15":"ast-product-single-variable","16":"ast-product-tabs-layout-horizontal","17":"ast-qv-on-image","19":"first","20":"instock","21":"taxable","22":"shipping-taxable","23":"purchasable","24":"product-type-variable","25":"has-default-attributes"},"acf":[],"yoast_head":"<!-- This site is optimized with the Yoast SEO Premium plugin v27.1 (Yoast SEO v27.1.1) - https:\/\/yoast.com\/product\/yoast-seo-premium-wordpress\/ -->\n<title>Sulfato de Aluminio: Comprar Online - Alquera.com<\/title>\n<meta name=\"description\" content=\"ENV\u00cdOS EN 24\/48H. Comprar Sulfato de Aluminio en Alquera. Utilizado como floculante para tratamiento de aguas residuales y de agua potable.\" \/>\n<meta name=\"robots\" content=\"index, follow, max-snippet:-1, max-image-preview:large, max-video-preview:-1\" \/>\n<link rel=\"canonical\" href=\"https:\/\/www.alquera.com\/de\/sulfato-de-aluminio\/\" \/>\n<meta property=\"og:locale\" content=\"de_DE\" \/>\n<meta property=\"og:type\" content=\"article\" \/>\n<meta property=\"og:title\" content=\"Sulfato de Aluminio: Comprar Online - Alquera.com\" \/>\n<meta property=\"og:description\" content=\"ENV\u00cdOS EN 24\/48H. Comprar Sulfato de Aluminio en Alquera. Utilizado como floculante para tratamiento de aguas residuales y de agua potable.\" \/>\n<meta property=\"og:url\" content=\"https:\/\/www.alquera.com\/de\/sulfato-de-aluminio\/\" \/>\n<meta property=\"og:site_name\" content=\"Alquera.com\" \/>\n<meta property=\"article:publisher\" content=\"https:\/\/www.facebook.com\/alqueraciencia\" \/>\n<meta property=\"article:modified_time\" content=\"2026-04-24T15:44:20+00:00\" \/>\n<meta property=\"og:image\" content=\"https:\/\/www.alquera.com\/wp-content\/uploads\/2016\/03\/SULFATO-DE-ALUMINIO_AMAZON.jpg\" \/>\n\t<meta property=\"og:image:width\" content=\"800\" \/>\n\t<meta property=\"og:image:height\" content=\"785\" \/>\n\t<meta property=\"og:image:type\" content=\"image\/jpeg\" \/>\n<meta name=\"twitter:card\" content=\"summary_large_image\" \/>\n<meta name=\"twitter:label1\" content=\"Verf\u00fcgbarkeit\" \/>\n\t<meta name=\"twitter:data1\" content=\"Auf Lager\" \/>\n<script type=\"application\/ld+json\" class=\"yoast-schema-graph\">{\"@context\":\"https:\/\/schema.org\",\"@graph\":[{\"@type\":[\"WebPage\",\"ItemPage\"],\"@id\":\"https:\/\/www.alquera.com\/sulfato-de-aluminio\/\",\"url\":\"https:\/\/www.alquera.com\/sulfato-de-aluminio\/\",\"name\":\"Sulfato de Aluminio: Comprar Online - Alquera.com\",\"isPartOf\":{\"@id\":\"https:\/\/www.alquera.com\/en\/#website\"},\"primaryImageOfPage\":{\"@id\":\"https:\/\/www.alquera.com\/sulfato-de-aluminio\/#primaryimage\"},\"image\":{\"@id\":\"https:\/\/www.alquera.com\/sulfato-de-aluminio\/#primaryimage\"},\"thumbnailUrl\":\"https:\/\/www.alquera.com\/wp-content\/uploads\/2016\/03\/SULFATO-DE-ALUMINIO_AMAZON.jpg\",\"datePublished\":\"2016-03-10T15:54:06+00:00\",\"dateModified\":\"2026-04-24T15:44:20+00:00\",\"description\":\"ENV\u00cdOS EN 24\/48H. Comprar Sulfato de Aluminio en Alquera. Utilizado como floculante para tratamiento de aguas residuales y de agua potable.\",\"breadcrumb\":{\"@id\":\"https:\/\/www.alquera.com\/sulfato-de-aluminio\/#breadcrumb\"},\"inLanguage\":\"de\",\"potentialAction\":[{\"@type\":\"ReadAction\",\"target\":[\"https:\/\/www.alquera.com\/sulfato-de-aluminio\/\"]}]},{\"@type\":\"ImageObject\",\"inLanguage\":\"de\",\"@id\":\"https:\/\/www.alquera.com\/sulfato-de-aluminio\/#primaryimage\",\"url\":\"https:\/\/www.alquera.com\/wp-content\/uploads\/2016\/03\/SULFATO-DE-ALUMINIO_AMAZON.jpg\",\"contentUrl\":\"https:\/\/www.alquera.com\/wp-content\/uploads\/2016\/03\/SULFATO-DE-ALUMINIO_AMAZON.jpg\",\"width\":800,\"height\":785,\"caption\":\"Sulfato de Aluminio\"},{\"@type\":\"BreadcrumbList\",\"@id\":\"https:\/\/www.alquera.com\/sulfato-de-aluminio\/#breadcrumb\",\"itemListElement\":[{\"@type\":\"ListItem\",\"position\":1,\"name\":\"Inicio\",\"item\":\"https:\/\/www.alquera.com\/\"},{\"@type\":\"ListItem\",\"position\":2,\"name\":\"Alquera.com: Tienda Online de Productos Qu\u00edmicos y Material de Laboratorio\",\"item\":\"https:\/\/www.alquera.com\/en\/tienda\/\"},{\"@type\":\"ListItem\",\"position\":3,\"name\":\"Sulfato de Aluminio\"}]},{\"@type\":\"WebSite\",\"@id\":\"https:\/\/www.alquera.com\/en\/#website\",\"url\":\"https:\/\/www.alquera.com\/en\/\",\"name\":\"Alquera.com\",\"description\":\"Tienda Online Productos Qu\u00edmicos y Material de Laboratorio\",\"publisher\":{\"@id\":\"https:\/\/www.alquera.com\/en\/#organization\"},\"potentialAction\":[{\"@type\":\"SearchAction\",\"target\":{\"@type\":\"EntryPoint\",\"urlTemplate\":\"https:\/\/www.alquera.com\/en\/?s={search_term_string}\"},\"query-input\":{\"@type\":\"PropertyValueSpecification\",\"valueRequired\":true,\"valueName\":\"search_term_string\"}}],\"inLanguage\":\"de\"},{\"@type\":\"Organization\",\"@id\":\"https:\/\/www.alquera.com\/en\/#organization\",\"name\":\"ALQUERA CIENCIA SL\",\"url\":\"https:\/\/www.alquera.com\/en\/\",\"logo\":{\"@type\":\"ImageObject\",\"inLanguage\":\"de\",\"@id\":\"https:\/\/www.alquera.com\/en\/#\/schema\/logo\/image\/\",\"url\":\"https:\/\/www.alquera.com\/wp-content\/uploads\/2020\/11\/logo_300_ancho.png\",\"contentUrl\":\"https:\/\/www.alquera.com\/wp-content\/uploads\/2020\/11\/logo_300_ancho.png\",\"width\":300,\"height\":86,\"caption\":\"ALQUERA CIENCIA SL\"},\"image\":{\"@id\":\"https:\/\/www.alquera.com\/en\/#\/schema\/logo\/image\/\"},\"sameAs\":[\"https:\/\/www.facebook.com\/alqueraciencia\",\"https:\/\/www.instagram.com\/alquera_ciencia\/\",\"https:\/\/www.youtube.com\/c\/alquera\"]}]}<\/script>\n<meta property=\"og:availability\" content=\"instock\" \/>\n<meta property=\"product:availability\" content=\"instock\" \/>\n<meta property=\"product:condition\" content=\"new\" \/>\n<!-- \/ Yoast SEO Premium plugin. -->","yoast_head_json":{"title":"Aluminiumsulfat: Online kaufen - Alquera.com","description":"24\/48H LIEFERUNG. Aluminiumsulfat in Alquera kaufen. Wird als Flockungsmittel f\u00fcr die Abwasser- und Trinkwasseraufbereitung verwendet.","robots":{"index":"index","follow":"follow","max-snippet":"max-snippet:-1","max-image-preview":"max-image-preview:large","max-video-preview":"max-video-preview:-1"},"canonical":"https:\/\/www.alquera.com\/de\/sulfato-de-aluminio\/","og_locale":"de_DE","og_type":"article","og_title":"Sulfato de Aluminio: Comprar Online - Alquera.com","og_description":"ENV\u00cdOS EN 24\/48H. Comprar Sulfato de Aluminio en Alquera. Utilizado como floculante para tratamiento de aguas residuales y de agua potable.","og_url":"https:\/\/www.alquera.com\/de\/sulfato-de-aluminio\/","og_site_name":"Alquera.com","article_publisher":"https:\/\/www.facebook.com\/alqueraciencia","article_modified_time":"2026-04-24T15:44:20+00:00","og_image":[{"width":800,"height":785,"url":"https:\/\/www.alquera.com\/wp-content\/uploads\/2016\/03\/SULFATO-DE-ALUMINIO_AMAZON.jpg","type":"image\/jpeg"}],"twitter_card":"summary_large_image","twitter_misc":{"Verf\u00fcgbarkeit":"Auf Lager"},"schema":{"@context":"https:\/\/schema.org","@graph":[{"@type":["WebPage","ItemPage"],"@id":"https:\/\/www.alquera.com\/sulfato-de-aluminio\/","url":"https:\/\/www.alquera.com\/sulfato-de-aluminio\/","name":"Aluminiumsulfat: Online kaufen - Alquera.com","isPartOf":{"@id":"https:\/\/www.alquera.com\/en\/#website"},"primaryImageOfPage":{"@id":"https:\/\/www.alquera.com\/sulfato-de-aluminio\/#primaryimage"},"image":{"@id":"https:\/\/www.alquera.com\/sulfato-de-aluminio\/#primaryimage"},"thumbnailUrl":"https:\/\/www.alquera.com\/wp-content\/uploads\/2016\/03\/SULFATO-DE-ALUMINIO_AMAZON.jpg","datePublished":"2016-03-10T15:54:06+00:00","dateModified":"2026-04-24T15:44:20+00:00","description":"24\/48H LIEFERUNG. Aluminiumsulfat in Alquera kaufen. Wird als Flockungsmittel f\u00fcr die Abwasser- und Trinkwasseraufbereitung verwendet.","breadcrumb":{"@id":"https:\/\/www.alquera.com\/sulfato-de-aluminio\/#breadcrumb"},"inLanguage":"de","potentialAction":[{"@type":"ReadAction","target":["https:\/\/www.alquera.com\/sulfato-de-aluminio\/"]}]},{"@type":"ImageObject","inLanguage":"de","@id":"https:\/\/www.alquera.com\/sulfato-de-aluminio\/#primaryimage","url":"https:\/\/www.alquera.com\/wp-content\/uploads\/2016\/03\/SULFATO-DE-ALUMINIO_AMAZON.jpg","contentUrl":"https:\/\/www.alquera.com\/wp-content\/uploads\/2016\/03\/SULFATO-DE-ALUMINIO_AMAZON.jpg","width":800,"height":785,"caption":"Sulfato de Aluminio"},{"@type":"BreadcrumbList","@id":"https:\/\/www.alquera.com\/sulfato-de-aluminio\/#breadcrumb","itemListElement":[{"@type":"ListItem","position":1,"name":"Inicio","item":"https:\/\/www.alquera.com\/"},{"@type":"ListItem","position":2,"name":"Alquera.com: Tienda Online de Productos Qu\u00edmicos y Material de Laboratorio","item":"https:\/\/www.alquera.com\/en\/tienda\/"},{"@type":"ListItem","position":3,"name":"Sulfato de Aluminio"}]},{"@type":"WebSite","@id":"https:\/\/www.alquera.com\/en\/#website","url":"https:\/\/www.alquera.com\/en\/","name":"Alquera.com","description":"Online Shop Chemische Produkte und Laborger\u00e4te","publisher":{"@id":"https:\/\/www.alquera.com\/en\/#organization"},"potentialAction":[{"@type":"SearchAction","target":{"@type":"EntryPoint","urlTemplate":"https:\/\/www.alquera.com\/en\/?s={search_term_string}"},"query-input":{"@type":"PropertyValueSpecification","valueRequired":true,"valueName":"search_term_string"}}],"inLanguage":"de"},{"@type":"Organization","@id":"https:\/\/www.alquera.com\/en\/#organization","name":"ALQUERA CIENCIA SL","url":"https:\/\/www.alquera.com\/en\/","logo":{"@type":"ImageObject","inLanguage":"de","@id":"https:\/\/www.alquera.com\/en\/#\/schema\/logo\/image\/","url":"https:\/\/www.alquera.com\/wp-content\/uploads\/2020\/11\/logo_300_ancho.png","contentUrl":"https:\/\/www.alquera.com\/wp-content\/uploads\/2020\/11\/logo_300_ancho.png","width":300,"height":86,"caption":"ALQUERA CIENCIA SL"},"image":{"@id":"https:\/\/www.alquera.com\/en\/#\/schema\/logo\/image\/"},"sameAs":["https:\/\/www.facebook.com\/alqueraciencia","https:\/\/www.instagram.com\/alquera_ciencia\/","https:\/\/www.youtube.com\/c\/alquera"]}]},"og_availability":"instock","product_availability":"instock","product_condition":"new"},"_links":{"self":[{"href":"https:\/\/www.alquera.com\/de\/wp-json\/wp\/v2\/product\/546","targetHints":{"allow":["GET"]}}],"collection":[{"href":"https:\/\/www.alquera.com\/de\/wp-json\/wp\/v2\/product"}],"about":[{"href":"https:\/\/www.alquera.com\/de\/wp-json\/wp\/v2\/types\/product"}],"replies":[{"embeddable":true,"href":"https:\/\/www.alquera.com\/de\/wp-json\/wp\/v2\/comments?post=546"}],"wp:featuredmedia":[{"embeddable":true,"href":"https:\/\/www.alquera.com\/de\/wp-json\/wp\/v2\/media\/8872"}],"wp:attachment":[{"href":"https:\/\/www.alquera.com\/de\/wp-json\/wp\/v2\/media?parent=546"}],"wp:term":[{"taxonomy":"product_brand","embeddable":true,"href":"https:\/\/www.alquera.com\/de\/wp-json\/wp\/v2\/product_brand?post=546"},{"taxonomy":"product_cat","embeddable":true,"href":"https:\/\/www.alquera.com\/de\/wp-json\/wp\/v2\/product_cat?post=546"},{"taxonomy":"product_tag","embeddable":true,"href":"https:\/\/www.alquera.com\/de\/wp-json\/wp\/v2\/product_tag?post=546"}],"curies":[{"name":"wp","href":"https:\/\/api.w.org\/{rel}","templated":true}]}}