{"id":579,"date":"2021-08-09T10:02:01","date_gmt":"2021-08-09T10:02:01","guid":{"rendered":"http:\/\/localhost\/alquera\/productos\/?post_type=product&#038;p=579"},"modified":"2026-04-14T19:07:45","modified_gmt":"2026-04-14T19:07:45","slug":"acido-fosforico","status":"publish","type":"product","link":"https:\/\/www.alquera.com\/de\/acido-fosforico\/","title":{"rendered":"Acido Fosf\u00f3rico 85% CODEX 1L"},"content":{"rendered":"<p>Phosphors\u00e4ure (manchmal auch Orthophosphors\u00e4ure genannt) ist eine brennbare chemische Verbindung mit der Formel H3PO4. Diese S\u00e4ure hat ein klares, leicht gelbliches, fl\u00fcssiges Aussehen. Phosphors\u00e4ure wird normalerweise in L\u00f6sung gelagert und vertrieben. Phosphors\u00e4ure ist im Labor sehr n\u00fctzlich, da sie oxidations-, reduktions- und verdampfungsbest\u00e4ndig ist. Phosphors\u00e4ure wird unter anderem als Bestandteil von Erfrischungsgetr\u00e4nken wie Soda (Lebensmittelzusatzstoff E-338), als Klebstoff f\u00fcr Zahnprothesen, als Katalysator, in rostfreien Metallen und f\u00fcr Phosphate, die als Wasserenth\u00e4rter, D\u00fcngemittel und Reinigungsmittel verwendet werden, eingesetzt. Weit verbreitet in chemischen Labors bei der Herstellung von Pufferl\u00f6sungen oder pH-Regulatoren.<\/p>\n<h2>IDENTIFIZIERUNG UND EIGENSCHAFTEN VON PHOSPHORS\u00c4URE<\/h2>\n<p><strong>Name:\u00a0<\/strong>Phosphors\u00e4ure oder Phosphoroxidtrihydroxid.<br \/>\n<strong>Synonyme:\u00a0<\/strong>Orthophosphors\u00e4ure, wei\u00dfe Phosphors\u00e4ure, Hydrogenphosphat, ortho-Phosphoramid.<br \/>\n<strong>Formel: <\/strong>H3PO4<br \/>\n<strong>CAS:<\/strong> 7664-38-2<\/p>\n<ul>\n<li>Physikalischer Zustand bei 20\u00baC: fl\u00fcssig<\/li>\n<li>Farbe: Farblos<\/li>\n<li>Geruch: Geruchlos<\/li>\n<li>Siedetemperatur bei atmosph\u00e4rischem Druck: 108-171\u00b0C<\/li>\n<li>Dampfdruck bei 20\u00baC: 4 Pa<\/li>\n<li>Dichte bei 20\u00baC: 1574-1791 kg\/m3<\/li>\n<li>Dynamische Viskosit\u00e4t bei 20\u00baC: 1,1 -600 cP<\/li>\n<li>Zersetzungstemperatur: &gt;200\u00baC<\/li>\n<li>Schmelzpunkt\/Gefrierpunkt: -18 -27\u00baC<\/li>\n<li>Flammpunkt: Nicht brennbar (&gt;60\u00baC)<\/li>\n<\/ul>\n<h2>VERWENDET PHOSPHORS\u00c4URE<\/h2>\n<ul>\n<li>Lebensmittelzusatzstoff<\/li>\n<li>Korrosionsschutzmittel<\/li>\n<li>Saurer Entkalker<\/li>\n<li>Entfettungsmittel<\/li>\n<li>D\u00fcngemittel<\/li>\n<li>pH-Modifikator<\/li>\n<li>Chemische Behandlung von Metalloberfl\u00e4chen<\/li>\n<li>Nur f\u00fcr gewerbliche Nutzer\/industrielle Anwender.<\/li>\n<\/ul>\n<h2><\/h2>\n<p>&nbsp;<\/p>\n<p>&nbsp;<\/p>\n<p>&nbsp;<\/p>\n<p>&nbsp;<\/p>\n<p>&nbsp;<\/p>","protected":false},"excerpt":{"rendered":"<p>Kaufen Sie Phosphors\u00e4ure 1L. Die Bestellung erfolgt direkt \u00fcber das Web nach den Schritten, die angegeben sind, wobei die Lieferung in 24\/48 Stunden. Weitere Einzelheiten finden Sie in der Produktbeschreibung.<\/p>","protected":false},"featured_media":35755,"comment_status":"open","ping_status":"closed","template":"","meta":{"_acf_changed":false,"site-sidebar-layout":"default","site-content-layout":"default","ast-site-content-layout":"default","site-content-style":"default","site-sidebar-style":"default","ast-global-header-display":"","ast-banner-title-visibility":"","ast-main-header-display":"","ast-hfb-above-header-display":"","ast-hfb-below-header-display":"","ast-hfb-mobile-header-display":"","site-post-title":"","ast-breadcrumbs-content":"","ast-featured-img":"","footer-sml-layout":"","ast-disable-related-posts":"","theme-transparent-header-meta":"default","adv-header-id-meta":"","stick-header-meta":"default","header-above-stick-meta":"","header-main-stick-meta":"","header-below-stick-meta":"","astra-migrate-meta-layouts":"set","ast-page-background-enabled":"default","ast-page-background-meta":{"desktop":{"background-color":"var(--ast-global-color-4)","background-image":"","background-repeat":"repeat","background-position":"center center","background-size":"auto","background-attachment":"scroll","background-type":"","background-media":"","overlay-type":"","overlay-color":"","overlay-opacity":"","overlay-gradient":""},"tablet":{"background-color":"","background-image":"","background-repeat":"repeat","background-position":"center center","background-size":"auto","background-attachment":"scroll","background-type":"","background-media":"","overlay-type":"","overlay-color":"","overlay-opacity":"","overlay-gradient":""},"mobile":{"background-color":"","background-image":"","background-repeat":"repeat","background-position":"center center","background-size":"auto","background-attachment":"scroll","background-type":"","background-media":"","overlay-type":"","overlay-color":"","overlay-opacity":"","overlay-gradient":""}},"ast-content-background-meta":{"desktop":{"background-color":"var(--ast-global-color-5)","background-image":"","background-repeat":"repeat","background-position":"center center","background-size":"auto","background-attachment":"scroll","background-type":"","background-media":"","overlay-type":"","overlay-color":"","overlay-opacity":"","overlay-gradient":""},"tablet":{"background-color":"var(--ast-global-color-5)","background-image":"","background-repeat":"repeat","background-position":"center center","background-size":"auto","background-attachment":"scroll","background-type":"","background-media":"","overlay-type":"","overlay-color":"","overlay-opacity":"","overlay-gradient":""},"mobile":{"background-color":"var(--ast-global-color-5)","background-image":"","background-repeat":"repeat","background-position":"center center","background-size":"auto","background-attachment":"scroll","background-type":"","background-media":"","overlay-type":"","overlay-color":"","overlay-opacity":"","overlay-gradient":""}}},"product_brand":[],"product_cat":[290,213,21],"product_tag":[],"class_list":{"0":"post-579","1":"product","2":"type-product","3":"status-publish","4":"has-post-thumbnail","6":"product_cat-reactivos-quimicos","7":"product_cat-agroquimicos","8":"product_cat-productos","9":"pa_unidades-1l","10":"desktop-align-left","11":"tablet-align-left","12":"mobile-align-left","13":"ast-product-gallery-layout-horizontal-slider","14":"ast-product-gallery-with-no-image","15":"ast-magnify-disabled","16":"ast-product-tabs-layout-horizontal","17":"ast-qv-on-image","19":"first","20":"instock","21":"taxable","22":"shipping-taxable","23":"purchasable","24":"product-type-simple"},"acf":[],"yoast_head":"<!-- This site is optimized with the Yoast SEO Premium plugin v27.1 (Yoast SEO v27.1.1) - https:\/\/yoast.com\/product\/yoast-seo-premium-wordpress\/ -->\n<title>Acido Fosf\u00f3rico 85% CODEX 1L :Comprar Online - Alquera.com<\/title>\n<meta name=\"description\" content=\"ENV\u00cdOS EN 24\/48H. Comprar \u00e1cido fosf\u00f3rico en Alquera. Composici\u00f3n al 85% tambi\u00e9n conocido como trihidr\u00f3xido de \u00f3xido fosforoso.\" \/>\n<meta name=\"robots\" content=\"index, follow, max-snippet:-1, max-image-preview:large, max-video-preview:-1\" \/>\n<link rel=\"canonical\" href=\"https:\/\/www.alquera.com\/de\/acido-fosforico\/\" \/>\n<meta property=\"og:locale\" content=\"de_DE\" \/>\n<meta property=\"og:type\" content=\"article\" \/>\n<meta property=\"og:title\" content=\"Acido Fosf\u00f3rico 85% CODEX 1L: Comprar Online - Alquera.com\" \/>\n<meta property=\"og:description\" content=\"ENV\u00cdOS EN 24\/48H. Comprar \u00e1cido fosf\u00f3rico en Alquera. Composici\u00f3n al 85% tambi\u00e9n conocido como trihidr\u00f3xido de \u00f3xido fosforoso.\" \/>\n<meta property=\"og:url\" content=\"https:\/\/www.alquera.com\/de\/acido-fosforico\/\" \/>\n<meta property=\"og:site_name\" content=\"Alquera.com\" \/>\n<meta property=\"article:publisher\" content=\"https:\/\/www.facebook.com\/alqueraciencia\" \/>\n<meta property=\"article:modified_time\" content=\"2026-04-14T19:07:45+00:00\" \/>\n<meta property=\"og:image\" content=\"https:\/\/www.alquera.com\/wp-content\/uploads\/2021\/08\/acido-fosforico-1l_begona.png\" \/>\n\t<meta property=\"og:image:width\" content=\"800\" \/>\n\t<meta property=\"og:image:height\" content=\"800\" \/>\n\t<meta property=\"og:image:type\" content=\"image\/png\" \/>\n<meta name=\"twitter:card\" content=\"summary_large_image\" \/>\n<meta name=\"twitter:label1\" content=\"Preis\" \/>\n\t<meta name=\"twitter:data1\" content=\"24,90&euro;\" \/>\n\t<meta name=\"twitter:label2\" content=\"Verf\u00fcgbarkeit\" \/>\n\t<meta name=\"twitter:data2\" content=\"Auf Lager\" \/>\n<script type=\"application\/ld+json\" class=\"yoast-schema-graph\">{\"@context\":\"https:\/\/schema.org\",\"@graph\":[{\"@type\":[\"WebPage\",\"ItemPage\"],\"@id\":\"https:\/\/www.alquera.com\/acido-fosforico\/\",\"url\":\"https:\/\/www.alquera.com\/acido-fosforico\/\",\"name\":\"Acido Fosf\u00f3rico 85% CODEX 1L :Comprar Online - Alquera.com\",\"isPartOf\":{\"@id\":\"https:\/\/www.alquera.com\/en\/#website\"},\"primaryImageOfPage\":{\"@id\":\"https:\/\/www.alquera.com\/acido-fosforico\/#primaryimage\"},\"image\":{\"@id\":\"https:\/\/www.alquera.com\/acido-fosforico\/#primaryimage\"},\"thumbnailUrl\":\"https:\/\/www.alquera.com\/wp-content\/uploads\/2021\/08\/acido-fosforico-1l_begona.png\",\"datePublished\":\"2021-08-09T10:02:01+00:00\",\"dateModified\":\"2026-04-14T19:07:45+00:00\",\"description\":\"ENV\u00cdOS EN 24\/48H. Comprar \u00e1cido fosf\u00f3rico en Alquera. Composici\u00f3n al 85% tambi\u00e9n conocido como trihidr\u00f3xido de \u00f3xido fosforoso.\",\"breadcrumb\":{\"@id\":\"https:\/\/www.alquera.com\/acido-fosforico\/#breadcrumb\"},\"inLanguage\":\"de\",\"potentialAction\":[{\"@type\":\"ReadAction\",\"target\":[\"https:\/\/www.alquera.com\/acido-fosforico\/\"]}]},{\"@type\":\"ImageObject\",\"inLanguage\":\"de\",\"@id\":\"https:\/\/www.alquera.com\/acido-fosforico\/#primaryimage\",\"url\":\"https:\/\/www.alquera.com\/wp-content\/uploads\/2021\/08\/acido-fosforico-1l_begona.png\",\"contentUrl\":\"https:\/\/www.alquera.com\/wp-content\/uploads\/2021\/08\/acido-fosforico-1l_begona.png\",\"width\":800,\"height\":800,\"caption\":\"\u00e1cido fosf\u00f3rico\"},{\"@type\":\"BreadcrumbList\",\"@id\":\"https:\/\/www.alquera.com\/acido-fosforico\/#breadcrumb\",\"itemListElement\":[{\"@type\":\"ListItem\",\"position\":1,\"name\":\"Inicio\",\"item\":\"https:\/\/www.alquera.com\/\"},{\"@type\":\"ListItem\",\"position\":2,\"name\":\"Alquera.com: Tienda Online de Productos Qu\u00edmicos y Material de Laboratorio\",\"item\":\"https:\/\/www.alquera.com\/en\/tienda\/\"},{\"@type\":\"ListItem\",\"position\":3,\"name\":\"Acido Fosf\u00f3rico 85% CODEX 1L\"}]},{\"@type\":\"WebSite\",\"@id\":\"https:\/\/www.alquera.com\/en\/#website\",\"url\":\"https:\/\/www.alquera.com\/en\/\",\"name\":\"Alquera.com\",\"description\":\"Tienda Online Productos Qu\u00edmicos y Material de Laboratorio\",\"publisher\":{\"@id\":\"https:\/\/www.alquera.com\/en\/#organization\"},\"potentialAction\":[{\"@type\":\"SearchAction\",\"target\":{\"@type\":\"EntryPoint\",\"urlTemplate\":\"https:\/\/www.alquera.com\/en\/?s={search_term_string}\"},\"query-input\":{\"@type\":\"PropertyValueSpecification\",\"valueRequired\":true,\"valueName\":\"search_term_string\"}}],\"inLanguage\":\"de\"},{\"@type\":\"Organization\",\"@id\":\"https:\/\/www.alquera.com\/en\/#organization\",\"name\":\"ALQUERA CIENCIA SL\",\"url\":\"https:\/\/www.alquera.com\/en\/\",\"logo\":{\"@type\":\"ImageObject\",\"inLanguage\":\"de\",\"@id\":\"https:\/\/www.alquera.com\/en\/#\/schema\/logo\/image\/\",\"url\":\"https:\/\/www.alquera.com\/wp-content\/uploads\/2020\/11\/logo_300_ancho.png\",\"contentUrl\":\"https:\/\/www.alquera.com\/wp-content\/uploads\/2020\/11\/logo_300_ancho.png\",\"width\":300,\"height\":86,\"caption\":\"ALQUERA CIENCIA SL\"},\"image\":{\"@id\":\"https:\/\/www.alquera.com\/en\/#\/schema\/logo\/image\/\"},\"sameAs\":[\"https:\/\/www.facebook.com\/alqueraciencia\",\"https:\/\/www.instagram.com\/alquera_ciencia\/\",\"https:\/\/www.youtube.com\/c\/alquera\"]}]}<\/script>\n<meta property=\"product:price:amount\" content=\"24.90\" \/>\n<meta property=\"product:price:currency\" content=\"EUR\" \/>\n<meta property=\"og:availability\" content=\"instock\" \/>\n<meta property=\"product:availability\" content=\"instock\" \/>\n<meta property=\"product:retailer_item_id\" content=\"ALCS10\" \/>\n<meta property=\"product:condition\" content=\"new\" \/>\n<!-- \/ Yoast SEO Premium plugin. -->","yoast_head_json":{"title":"Acido Fosf\u00f3rico 85% CODEX 1L :Comprar Online - Alquera.com","description":"SENDUNGEN IN 24\/48H. Phosphors\u00e4ure in Alquera kaufen. Zusammensetzung 85%, auch bekannt als Phosphoroxidtrihydroxid.","robots":{"index":"index","follow":"follow","max-snippet":"max-snippet:-1","max-image-preview":"max-image-preview:large","max-video-preview":"max-video-preview:-1"},"canonical":"https:\/\/www.alquera.com\/de\/acido-fosforico\/","og_locale":"de_DE","og_type":"article","og_title":"Acido Fosf\u00f3rico 85% CODEX 1L: Comprar Online - Alquera.com","og_description":"ENV\u00cdOS EN 24\/48H. Comprar \u00e1cido fosf\u00f3rico en Alquera. Composici\u00f3n al 85% tambi\u00e9n conocido como trihidr\u00f3xido de \u00f3xido fosforoso.","og_url":"https:\/\/www.alquera.com\/de\/acido-fosforico\/","og_site_name":"Alquera.com","article_publisher":"https:\/\/www.facebook.com\/alqueraciencia","article_modified_time":"2026-04-14T19:07:45+00:00","og_image":[{"width":800,"height":800,"url":"https:\/\/www.alquera.com\/wp-content\/uploads\/2021\/08\/acido-fosforico-1l_begona.png","type":"image\/png"}],"twitter_card":"summary_large_image","twitter_misc":{"Preis":"24,90&euro;","Verf\u00fcgbarkeit":"Auf Lager"},"schema":{"@context":"https:\/\/schema.org","@graph":[{"@type":["WebPage","ItemPage"],"@id":"https:\/\/www.alquera.com\/acido-fosforico\/","url":"https:\/\/www.alquera.com\/acido-fosforico\/","name":"Acido Fosf\u00f3rico 85% CODEX 1L :Comprar Online - Alquera.com","isPartOf":{"@id":"https:\/\/www.alquera.com\/en\/#website"},"primaryImageOfPage":{"@id":"https:\/\/www.alquera.com\/acido-fosforico\/#primaryimage"},"image":{"@id":"https:\/\/www.alquera.com\/acido-fosforico\/#primaryimage"},"thumbnailUrl":"https:\/\/www.alquera.com\/wp-content\/uploads\/2021\/08\/acido-fosforico-1l_begona.png","datePublished":"2021-08-09T10:02:01+00:00","dateModified":"2026-04-14T19:07:45+00:00","description":"SENDUNGEN IN 24\/48H. Phosphors\u00e4ure in Alquera kaufen. Zusammensetzung 85%, auch bekannt als Phosphoroxidtrihydroxid.","breadcrumb":{"@id":"https:\/\/www.alquera.com\/acido-fosforico\/#breadcrumb"},"inLanguage":"de","potentialAction":[{"@type":"ReadAction","target":["https:\/\/www.alquera.com\/acido-fosforico\/"]}]},{"@type":"ImageObject","inLanguage":"de","@id":"https:\/\/www.alquera.com\/acido-fosforico\/#primaryimage","url":"https:\/\/www.alquera.com\/wp-content\/uploads\/2021\/08\/acido-fosforico-1l_begona.png","contentUrl":"https:\/\/www.alquera.com\/wp-content\/uploads\/2021\/08\/acido-fosforico-1l_begona.png","width":800,"height":800,"caption":"\u00e1cido fosf\u00f3rico"},{"@type":"BreadcrumbList","@id":"https:\/\/www.alquera.com\/acido-fosforico\/#breadcrumb","itemListElement":[{"@type":"ListItem","position":1,"name":"Inicio","item":"https:\/\/www.alquera.com\/"},{"@type":"ListItem","position":2,"name":"Alquera.com: Tienda Online de Productos Qu\u00edmicos y Material de Laboratorio","item":"https:\/\/www.alquera.com\/en\/tienda\/"},{"@type":"ListItem","position":3,"name":"Acido Fosf\u00f3rico 85% CODEX 1L"}]},{"@type":"WebSite","@id":"https:\/\/www.alquera.com\/en\/#website","url":"https:\/\/www.alquera.com\/en\/","name":"Alquera.com","description":"Online Shop Chemische Produkte und Laborger\u00e4te","publisher":{"@id":"https:\/\/www.alquera.com\/en\/#organization"},"potentialAction":[{"@type":"SearchAction","target":{"@type":"EntryPoint","urlTemplate":"https:\/\/www.alquera.com\/en\/?s={search_term_string}"},"query-input":{"@type":"PropertyValueSpecification","valueRequired":true,"valueName":"search_term_string"}}],"inLanguage":"de"},{"@type":"Organization","@id":"https:\/\/www.alquera.com\/en\/#organization","name":"ALQUERA CIENCIA SL","url":"https:\/\/www.alquera.com\/en\/","logo":{"@type":"ImageObject","inLanguage":"de","@id":"https:\/\/www.alquera.com\/en\/#\/schema\/logo\/image\/","url":"https:\/\/www.alquera.com\/wp-content\/uploads\/2020\/11\/logo_300_ancho.png","contentUrl":"https:\/\/www.alquera.com\/wp-content\/uploads\/2020\/11\/logo_300_ancho.png","width":300,"height":86,"caption":"ALQUERA CIENCIA SL"},"image":{"@id":"https:\/\/www.alquera.com\/en\/#\/schema\/logo\/image\/"},"sameAs":["https:\/\/www.facebook.com\/alqueraciencia","https:\/\/www.instagram.com\/alquera_ciencia\/","https:\/\/www.youtube.com\/c\/alquera"]}]},"product_price_amount":"24.90","product_price_currency":"EUR","og_availability":"instock","product_availability":"instock","product_retailer_item_id":"ALCS10","product_condition":"new"},"_links":{"self":[{"href":"https:\/\/www.alquera.com\/de\/wp-json\/wp\/v2\/product\/579","targetHints":{"allow":["GET"]}}],"collection":[{"href":"https:\/\/www.alquera.com\/de\/wp-json\/wp\/v2\/product"}],"about":[{"href":"https:\/\/www.alquera.com\/de\/wp-json\/wp\/v2\/types\/product"}],"replies":[{"embeddable":true,"href":"https:\/\/www.alquera.com\/de\/wp-json\/wp\/v2\/comments?post=579"}],"wp:featuredmedia":[{"embeddable":true,"href":"https:\/\/www.alquera.com\/de\/wp-json\/wp\/v2\/media\/35755"}],"wp:attachment":[{"href":"https:\/\/www.alquera.com\/de\/wp-json\/wp\/v2\/media?parent=579"}],"wp:term":[{"taxonomy":"product_brand","embeddable":true,"href":"https:\/\/www.alquera.com\/de\/wp-json\/wp\/v2\/product_brand?post=579"},{"taxonomy":"product_cat","embeddable":true,"href":"https:\/\/www.alquera.com\/de\/wp-json\/wp\/v2\/product_cat?post=579"},{"taxonomy":"product_tag","embeddable":true,"href":"https:\/\/www.alquera.com\/de\/wp-json\/wp\/v2\/product_tag?post=579"}],"curies":[{"name":"wp","href":"https:\/\/api.w.org\/{rel}","templated":true}]}}