{"id":702,"date":"2017-01-16T10:31:52","date_gmt":"2017-01-16T10:31:52","guid":{"rendered":"http:\/\/localhost\/alquera\/productos\/producto\/carbonato-de-sodio-5kg\/"},"modified":"2026-04-28T19:51:55","modified_gmt":"2026-04-28T19:51:55","slug":"carbonato-de-sodio","status":"publish","type":"product","link":"https:\/\/www.alquera.com\/de\/carbonato-de-sodio\/","title":{"rendered":"Natriumkarbonat"},"content":{"rendered":"<p>Natriumcarbonat oder Natriumkarbonat ist auch als Soda Solvay bekannt. Es ist ein wei\u00dfes Salz. Die Einsatzgebiete von Natriumcarbonat sind unter anderem die Herstellung von Seife, Glas und Farbstoffen. Es ist auch bekannt als Barrilla, Natron, Solway-Soda, Solvay-Soda, Ash-Soda, Soda und Soda. Der Name Solvay ist nach Eduard Solvay benannt, dem Entdecker des <strong>Solvay-Verfahren<\/strong> wird f\u00fcr die Herstellung von Natriumcarbonat 95% im industriellen Ma\u00dfstab verwendet. Sie k\u00f6nnen das internationale Sicherheitsdatenblatt f\u00fcr Natriumcarbonat hier herunterladen. <a href=\"https:\/\/www.alquera.com\/de\/?attachment_id=33099\" target=\"_blank\" rel=\"attachment noopener wp-att-33099 noreferrer\">ICSC 1135 - NATRIUMCARBONAT (WASSERFREI)<\/a><\/p>\n<h2>IDENTIFIZIERUNG UND EIGENSCHAFTEN KARBONAT<\/h2>\n<p><strong>Name:<\/strong> Natriumkarbonat<br \/>\n<strong>CAS:<\/strong> 497-19-8<br \/>\n<strong>EC:<\/strong> 207-838-8<\/p>\n<ul>\n<li>Erscheinungsbild: Wei\u00dfes kristallines Pulver<\/li>\n<li>Geruch: Geruchlos<\/li>\n<li>pH-Wert (bei 4 g\/l, 25\u00baC): 11,16<\/li>\n<li>pH-Wert (bei 10 g\/l, 25\u00baC): &gt;12<\/li>\n<li>Schmelzpunkt: 851\u00baC<\/li>\n<li>Dampfdruck (20\u00baC): Vernachl\u00e4ssigbar<\/li>\n<li>Relative Dichte (20\u00baC): 2,53 g\/cm3<\/li>\n<li>Sch\u00fcttdichte: 0,5 - 0,6 kg\/dm3 (freier Fall) LIGHT 0,97 - 1,1 kg\/dm3 (freier Fall) DENSO<\/li>\n<li>L\u00f6slichkeit in Wasser (0\u00baC): 71 g\/l<\/li>\n<li>L\u00f6slichkeit in Wasser (20\u00baC): 212,5 g\/l<\/li>\n<li>Zersetzungstemperatur: &gt;400\u00baC<\/li>\n<li>Oxidierende Eigenschaften: Nicht brennbar<\/li>\n<\/ul>\n<h2>ANWENDUNGEN<\/h2>\n<ul>\n<li>Glasindustrie<\/li>\n<li>Reinigungsmittel<\/li>\n<li>Chemische Industrie<\/li>\n<li>Metallurgie<\/li>\n<li>Gasreinigung<\/li>\n<li>Wasseraufbereitung<\/li>\n<\/ul>\n<p>&nbsp;<\/p>","protected":false},"excerpt":{"rendered":"<p>Kaufen Sie Natriumkarbonat in Verpackungen von 1 kg, 5 kg und 25 kg. Der Preis f\u00fcr die verschiedenen Formate von Natriumcarbonat wird angezeigt, wenn Sie das gew\u00fcnschte Format ausw\u00e4hlen. Die Bestellung erfolgt direkt \u00fcber das Internet nach den angegebenen Schritten und wird innerhalb von 24\/48 Stunden geliefert.<\/p>","protected":false},"featured_media":57435,"comment_status":"open","ping_status":"closed","template":"","meta":{"_acf_changed":false,"site-sidebar-layout":"default","site-content-layout":"default","ast-site-content-layout":"default","site-content-style":"default","site-sidebar-style":"default","ast-global-header-display":"","ast-banner-title-visibility":"","ast-main-header-display":"","ast-hfb-above-header-display":"","ast-hfb-below-header-display":"","ast-hfb-mobile-header-display":"","site-post-title":"","ast-breadcrumbs-content":"","ast-featured-img":"","footer-sml-layout":"","ast-disable-related-posts":"","theme-transparent-header-meta":"default","adv-header-id-meta":"","stick-header-meta":"default","header-above-stick-meta":"","header-main-stick-meta":"","header-below-stick-meta":"","astra-migrate-meta-layouts":"set","ast-page-background-enabled":"default","ast-page-background-meta":{"desktop":{"background-color":"var(--ast-global-color-4)","background-image":"","background-repeat":"repeat","background-position":"center center","background-size":"auto","background-attachment":"scroll","background-type":"","background-media":"","overlay-type":"","overlay-color":"","overlay-opacity":"","overlay-gradient":""},"tablet":{"background-color":"","background-image":"","background-repeat":"repeat","background-position":"center center","background-size":"auto","background-attachment":"scroll","background-type":"","background-media":"","overlay-type":"","overlay-color":"","overlay-opacity":"","overlay-gradient":""},"mobile":{"background-color":"","background-image":"","background-repeat":"repeat","background-position":"center center","background-size":"auto","background-attachment":"scroll","background-type":"","background-media":"","overlay-type":"","overlay-color":"","overlay-opacity":"","overlay-gradient":""}},"ast-content-background-meta":{"desktop":{"background-color":"var(--ast-global-color-5)","background-image":"","background-repeat":"repeat","background-position":"center center","background-size":"auto","background-attachment":"scroll","background-type":"","background-media":"","overlay-type":"","overlay-color":"","overlay-opacity":"","overlay-gradient":""},"tablet":{"background-color":"var(--ast-global-color-5)","background-image":"","background-repeat":"repeat","background-position":"center center","background-size":"auto","background-attachment":"scroll","background-type":"","background-media":"","overlay-type":"","overlay-color":"","overlay-opacity":"","overlay-gradient":""},"mobile":{"background-color":"var(--ast-global-color-5)","background-image":"","background-repeat":"repeat","background-position":"center center","background-size":"auto","background-attachment":"scroll","background-type":"","background-media":"","overlay-type":"","overlay-color":"","overlay-opacity":"","overlay-gradient":""}}},"product_brand":[],"product_cat":[21],"product_tag":[],"class_list":{"0":"post-702","1":"product","2":"type-product","3":"status-publish","4":"has-post-thumbnail","6":"product_cat-productos","7":"pa_cantidad-250g","8":"pa_cantidad-1kg","9":"pa_cantidad-5kg","10":"pa_cantidad-25kg","11":"desktop-align-left","12":"tablet-align-left","13":"mobile-align-left","14":"ast-product-gallery-layout-horizontal-slider","15":"ast-magnify-disabled","16":"ast-product-single-variable","17":"ast-product-tabs-layout-horizontal","18":"ast-qv-on-image","20":"first","21":"instock","22":"taxable","23":"shipping-taxable","24":"purchasable","25":"product-type-variable","26":"has-default-attributes"},"acf":[],"yoast_head":"<!-- This site is optimized with the Yoast SEO Premium plugin v27.1 (Yoast SEO v27.1.1) - https:\/\/yoast.com\/product\/yoast-seo-premium-wordpress\/ -->\n<title>Carbonato de Sodio: Comprar Online - Alquera.com<\/title>\n<meta name=\"description\" content=\"Comprar Carbonato de Sodio, tambi\u00e9n como Sosa Solvay. Utilizado para fabricaci\u00f3n de\u00a0jab\u00f3n,\u00a0vidrio\u00a0y tintes. ENV\u00cdO 24\/48 HORAS.\" \/>\n<meta name=\"robots\" content=\"index, follow, max-snippet:-1, max-image-preview:large, max-video-preview:-1\" \/>\n<link rel=\"canonical\" href=\"https:\/\/www.alquera.com\/de\/carbonato-de-sodio\/\" \/>\n<meta property=\"og:locale\" content=\"de_DE\" \/>\n<meta property=\"og:type\" content=\"article\" \/>\n<meta property=\"og:title\" content=\"Carbonato de Sodio: Comprar Online - Alquera.com\" \/>\n<meta property=\"og:description\" content=\"Comprar Carbonato de Sodio, tambi\u00e9n como Sosa Solvay. Utilizado para fabricaci\u00f3n de\u00a0jab\u00f3n,\u00a0vidrio\u00a0y tintes. ENV\u00cdO 24\/48 HORAS.\" \/>\n<meta property=\"og:url\" content=\"https:\/\/www.alquera.com\/de\/carbonato-de-sodio\/\" \/>\n<meta property=\"og:site_name\" content=\"Alquera.com\" \/>\n<meta property=\"article:publisher\" content=\"https:\/\/www.facebook.com\/alqueraciencia\" \/>\n<meta property=\"article:modified_time\" content=\"2026-04-28T19:51:55+00:00\" \/>\n<meta property=\"og:image\" content=\"https:\/\/www.alquera.com\/wp-content\/uploads\/2017\/01\/Carbonato-de-Sodio-1kg-Amazon-1024x1014.png\" \/>\n\t<meta property=\"og:image:width\" content=\"1024\" \/>\n\t<meta property=\"og:image:height\" content=\"1014\" \/>\n\t<meta property=\"og:image:type\" content=\"image\/png\" \/>\n<meta name=\"twitter:card\" content=\"summary_large_image\" \/>\n<meta name=\"twitter:label1\" content=\"Verf\u00fcgbarkeit\" \/>\n\t<meta name=\"twitter:data1\" content=\"Auf Lager\" \/>\n<script type=\"application\/ld+json\" class=\"yoast-schema-graph\">{\"@context\":\"https:\/\/schema.org\",\"@graph\":[{\"@type\":[\"WebPage\",\"ItemPage\"],\"@id\":\"https:\/\/www.alquera.com\/carbonato-de-sodio\/\",\"url\":\"https:\/\/www.alquera.com\/carbonato-de-sodio\/\",\"name\":\"Carbonato de Sodio: Comprar Online - Alquera.com\",\"isPartOf\":{\"@id\":\"https:\/\/www.alquera.com\/en\/#website\"},\"primaryImageOfPage\":{\"@id\":\"https:\/\/www.alquera.com\/carbonato-de-sodio\/#primaryimage\"},\"image\":{\"@id\":\"https:\/\/www.alquera.com\/carbonato-de-sodio\/#primaryimage\"},\"thumbnailUrl\":\"https:\/\/www.alquera.com\/wp-content\/uploads\/2017\/01\/Carbonato-de-Sodio-1kg-Amazon.png\",\"datePublished\":\"2017-01-16T10:31:52+00:00\",\"dateModified\":\"2026-04-28T19:51:55+00:00\",\"description\":\"Comprar Carbonato de Sodio, tambi\u00e9n como Sosa Solvay. Utilizado para fabricaci\u00f3n de\u00a0jab\u00f3n,\u00a0vidrio\u00a0y tintes. ENV\u00cdO 24\/48 HORAS.\",\"breadcrumb\":{\"@id\":\"https:\/\/www.alquera.com\/carbonato-de-sodio\/#breadcrumb\"},\"inLanguage\":\"de\",\"potentialAction\":[{\"@type\":\"ReadAction\",\"target\":[\"https:\/\/www.alquera.com\/carbonato-de-sodio\/\"]}]},{\"@type\":\"ImageObject\",\"inLanguage\":\"de\",\"@id\":\"https:\/\/www.alquera.com\/carbonato-de-sodio\/#primaryimage\",\"url\":\"https:\/\/www.alquera.com\/wp-content\/uploads\/2017\/01\/Carbonato-de-Sodio-1kg-Amazon.png\",\"contentUrl\":\"https:\/\/www.alquera.com\/wp-content\/uploads\/2017\/01\/Carbonato-de-Sodio-1kg-Amazon.png\",\"width\":2268,\"height\":2246,\"caption\":\"Carbonato de Sodio 1kg\"},{\"@type\":\"BreadcrumbList\",\"@id\":\"https:\/\/www.alquera.com\/carbonato-de-sodio\/#breadcrumb\",\"itemListElement\":[{\"@type\":\"ListItem\",\"position\":1,\"name\":\"Inicio\",\"item\":\"https:\/\/www.alquera.com\/\"},{\"@type\":\"ListItem\",\"position\":2,\"name\":\"Alquera.com: Tienda Online de Productos Qu\u00edmicos y Material de Laboratorio\",\"item\":\"https:\/\/www.alquera.com\/en\/tienda\/\"},{\"@type\":\"ListItem\",\"position\":3,\"name\":\"Carbonato de Sodio\"}]},{\"@type\":\"WebSite\",\"@id\":\"https:\/\/www.alquera.com\/en\/#website\",\"url\":\"https:\/\/www.alquera.com\/en\/\",\"name\":\"Alquera.com\",\"description\":\"Tienda Online Productos Qu\u00edmicos y Material de Laboratorio\",\"publisher\":{\"@id\":\"https:\/\/www.alquera.com\/en\/#organization\"},\"potentialAction\":[{\"@type\":\"SearchAction\",\"target\":{\"@type\":\"EntryPoint\",\"urlTemplate\":\"https:\/\/www.alquera.com\/en\/?s={search_term_string}\"},\"query-input\":{\"@type\":\"PropertyValueSpecification\",\"valueRequired\":true,\"valueName\":\"search_term_string\"}}],\"inLanguage\":\"de\"},{\"@type\":\"Organization\",\"@id\":\"https:\/\/www.alquera.com\/en\/#organization\",\"name\":\"ALQUERA CIENCIA SL\",\"url\":\"https:\/\/www.alquera.com\/en\/\",\"logo\":{\"@type\":\"ImageObject\",\"inLanguage\":\"de\",\"@id\":\"https:\/\/www.alquera.com\/en\/#\/schema\/logo\/image\/\",\"url\":\"https:\/\/www.alquera.com\/wp-content\/uploads\/2020\/11\/logo_300_ancho.png\",\"contentUrl\":\"https:\/\/www.alquera.com\/wp-content\/uploads\/2020\/11\/logo_300_ancho.png\",\"width\":300,\"height\":86,\"caption\":\"ALQUERA CIENCIA SL\"},\"image\":{\"@id\":\"https:\/\/www.alquera.com\/en\/#\/schema\/logo\/image\/\"},\"sameAs\":[\"https:\/\/www.facebook.com\/alqueraciencia\",\"https:\/\/www.instagram.com\/alquera_ciencia\/\",\"https:\/\/www.youtube.com\/c\/alquera\"]}]}<\/script>\n<meta property=\"og:availability\" content=\"instock\" \/>\n<meta property=\"product:availability\" content=\"instock\" \/>\n<meta property=\"product:condition\" content=\"new\" \/>\n<!-- \/ Yoast SEO Premium plugin. -->","yoast_head_json":{"title":"Natriumcarbonat: Online kaufen - Alquera.com","description":"Kaufen Sie Natriumcarbonat, auch bekannt als Soda Solvay. Wird zur Seifenherstellung, f\u00fcr Glas und Farbstoffe verwendet. VERSAND 24\/48 STUNDEN.","robots":{"index":"index","follow":"follow","max-snippet":"max-snippet:-1","max-image-preview":"max-image-preview:large","max-video-preview":"max-video-preview:-1"},"canonical":"https:\/\/www.alquera.com\/de\/carbonato-de-sodio\/","og_locale":"de_DE","og_type":"article","og_title":"Carbonato de Sodio: Comprar Online - Alquera.com","og_description":"Comprar Carbonato de Sodio, tambi\u00e9n como Sosa Solvay. Utilizado para fabricaci\u00f3n de\u00a0jab\u00f3n,\u00a0vidrio\u00a0y tintes. ENV\u00cdO 24\/48 HORAS.","og_url":"https:\/\/www.alquera.com\/de\/carbonato-de-sodio\/","og_site_name":"Alquera.com","article_publisher":"https:\/\/www.facebook.com\/alqueraciencia","article_modified_time":"2026-04-28T19:51:55+00:00","og_image":[{"width":1024,"height":1014,"url":"https:\/\/www.alquera.com\/wp-content\/uploads\/2017\/01\/Carbonato-de-Sodio-1kg-Amazon-1024x1014.png","type":"image\/png"}],"twitter_card":"summary_large_image","twitter_misc":{"Verf\u00fcgbarkeit":"Auf Lager"},"schema":{"@context":"https:\/\/schema.org","@graph":[{"@type":["WebPage","ItemPage"],"@id":"https:\/\/www.alquera.com\/carbonato-de-sodio\/","url":"https:\/\/www.alquera.com\/carbonato-de-sodio\/","name":"Natriumcarbonat: Online kaufen - Alquera.com","isPartOf":{"@id":"https:\/\/www.alquera.com\/en\/#website"},"primaryImageOfPage":{"@id":"https:\/\/www.alquera.com\/carbonato-de-sodio\/#primaryimage"},"image":{"@id":"https:\/\/www.alquera.com\/carbonato-de-sodio\/#primaryimage"},"thumbnailUrl":"https:\/\/www.alquera.com\/wp-content\/uploads\/2017\/01\/Carbonato-de-Sodio-1kg-Amazon.png","datePublished":"2017-01-16T10:31:52+00:00","dateModified":"2026-04-28T19:51:55+00:00","description":"Kaufen Sie Natriumcarbonat, auch bekannt als Soda Solvay. Wird zur Seifenherstellung, f\u00fcr Glas und Farbstoffe verwendet. VERSAND 24\/48 STUNDEN.","breadcrumb":{"@id":"https:\/\/www.alquera.com\/carbonato-de-sodio\/#breadcrumb"},"inLanguage":"de","potentialAction":[{"@type":"ReadAction","target":["https:\/\/www.alquera.com\/carbonato-de-sodio\/"]}]},{"@type":"ImageObject","inLanguage":"de","@id":"https:\/\/www.alquera.com\/carbonato-de-sodio\/#primaryimage","url":"https:\/\/www.alquera.com\/wp-content\/uploads\/2017\/01\/Carbonato-de-Sodio-1kg-Amazon.png","contentUrl":"https:\/\/www.alquera.com\/wp-content\/uploads\/2017\/01\/Carbonato-de-Sodio-1kg-Amazon.png","width":2268,"height":2246,"caption":"Carbonato de Sodio 1kg"},{"@type":"BreadcrumbList","@id":"https:\/\/www.alquera.com\/carbonato-de-sodio\/#breadcrumb","itemListElement":[{"@type":"ListItem","position":1,"name":"Inicio","item":"https:\/\/www.alquera.com\/"},{"@type":"ListItem","position":2,"name":"Alquera.com: Tienda Online de Productos Qu\u00edmicos y Material de Laboratorio","item":"https:\/\/www.alquera.com\/en\/tienda\/"},{"@type":"ListItem","position":3,"name":"Carbonato de Sodio"}]},{"@type":"WebSite","@id":"https:\/\/www.alquera.com\/en\/#website","url":"https:\/\/www.alquera.com\/en\/","name":"Alquera.com","description":"Online Shop Chemische Produkte und Laborger\u00e4te","publisher":{"@id":"https:\/\/www.alquera.com\/en\/#organization"},"potentialAction":[{"@type":"SearchAction","target":{"@type":"EntryPoint","urlTemplate":"https:\/\/www.alquera.com\/en\/?s={search_term_string}"},"query-input":{"@type":"PropertyValueSpecification","valueRequired":true,"valueName":"search_term_string"}}],"inLanguage":"de"},{"@type":"Organization","@id":"https:\/\/www.alquera.com\/en\/#organization","name":"ALQUERA CIENCIA SL","url":"https:\/\/www.alquera.com\/en\/","logo":{"@type":"ImageObject","inLanguage":"de","@id":"https:\/\/www.alquera.com\/en\/#\/schema\/logo\/image\/","url":"https:\/\/www.alquera.com\/wp-content\/uploads\/2020\/11\/logo_300_ancho.png","contentUrl":"https:\/\/www.alquera.com\/wp-content\/uploads\/2020\/11\/logo_300_ancho.png","width":300,"height":86,"caption":"ALQUERA CIENCIA SL"},"image":{"@id":"https:\/\/www.alquera.com\/en\/#\/schema\/logo\/image\/"},"sameAs":["https:\/\/www.facebook.com\/alqueraciencia","https:\/\/www.instagram.com\/alquera_ciencia\/","https:\/\/www.youtube.com\/c\/alquera"]}]},"og_availability":"instock","product_availability":"instock","product_condition":"new"},"_links":{"self":[{"href":"https:\/\/www.alquera.com\/de\/wp-json\/wp\/v2\/product\/702","targetHints":{"allow":["GET"]}}],"collection":[{"href":"https:\/\/www.alquera.com\/de\/wp-json\/wp\/v2\/product"}],"about":[{"href":"https:\/\/www.alquera.com\/de\/wp-json\/wp\/v2\/types\/product"}],"replies":[{"embeddable":true,"href":"https:\/\/www.alquera.com\/de\/wp-json\/wp\/v2\/comments?post=702"}],"wp:featuredmedia":[{"embeddable":true,"href":"https:\/\/www.alquera.com\/de\/wp-json\/wp\/v2\/media\/57435"}],"wp:attachment":[{"href":"https:\/\/www.alquera.com\/de\/wp-json\/wp\/v2\/media?parent=702"}],"wp:term":[{"taxonomy":"product_brand","embeddable":true,"href":"https:\/\/www.alquera.com\/de\/wp-json\/wp\/v2\/product_brand?post=702"},{"taxonomy":"product_cat","embeddable":true,"href":"https:\/\/www.alquera.com\/de\/wp-json\/wp\/v2\/product_cat?post=702"},{"taxonomy":"product_tag","embeddable":true,"href":"https:\/\/www.alquera.com\/de\/wp-json\/wp\/v2\/product_tag?post=702"}],"curies":[{"name":"wp","href":"https:\/\/api.w.org\/{rel}","templated":true}]}}