{"id":707,"date":"2017-01-16T10:52:34","date_gmt":"2017-01-16T10:52:34","guid":{"rendered":"http:\/\/localhost\/alquera\/productos\/producto\/carbonato-de-potasio-1kg\/"},"modified":"2026-04-22T11:13:58","modified_gmt":"2026-04-22T11:13:58","slug":"carbonato-potasio","status":"publish","type":"product","link":"https:\/\/www.alquera.com\/de\/carbonato-potasio\/","title":{"rendered":"Kaliumkarbonat"},"content":{"rendered":"<p>Kaliumcarbonat ist ein wei\u00dfes Salz, das in Wasser l\u00f6slich ist und stark alkalische L\u00f6sungen bildet, d. h. es ist ein basisches Salz. Es wird h\u00e4ufig f\u00fcr die Herstellung von Glas und Seifen verwendet.<\/p>\n<h2>IDENTIFIZIERUNG UND EIGENSCHAFTEN VON KALIUMCARBONAT<\/h2>\n<p><strong>Name:<\/strong> Kaliumkarbonat<br \/>\n<strong>CAS<\/strong>:584-08-7<br \/>\n<strong>EC: <\/strong>209-529-3<\/p>\n<ul>\n<li>Erscheinungsbild: k\u00f6rniger Feststoff oder wei\u00dfes Pulver<\/li>\n<li>Geruch: Geruchlos<\/li>\n<li>pH-Wert (w\u00e4ssrige L\u00f6sung): 11,6<\/li>\n<li>Schmelzpunkt: 891\u00baC<\/li>\n<li>Entflammbarkeit (fest\/gasf\u00f6rmig): Gilt in Kontakt mit Wasser nicht als pyrophor oder entflammbar.<\/li>\n<li>Dampfdichte (Luft=1):  Aufgrund des hohen Schmelzpunkts (891\u00b0C) wird der Dampfdruck bei Umgebungsbedingungen als vernachl\u00e4ssigbar angesehen.<\/li>\n<li>Relative Dichte (19\u00baC): 2,43<\/li>\n<li>L\u00f6slichkeit in Wasser (20\u00baC): 900-1105 g\/l<\/li>\n<li>Selbstentz\u00fcndungstemperatur. Es ist nicht notwendig, die Studie durchzuf\u00fchren, da fr\u00fchere Ergebnisse keine Selbstentz\u00fcndung des Stoffes bei Temperaturen bis zu 400 \u00b0C zeigen.<\/li>\n<li>Zersetzungstemperatur: &gt;400\u00baC<\/li>\n<li>Explosive Eigenschaften: Es gibt keine chemischen Gruppen im Molek\u00fcl, die auf explosive Eigenschaften hinweisen.<\/li>\n<li>Oxidierende Eigenschaften: Es gibt keine strukturellen Gruppen im Molek\u00fcl, die exotherm mit brennbarem Material reagieren.<\/li>\n<\/ul>\n<h2>VERWENDET KALIUMKARBONAT<\/h2>\n<ul>\n<li>Herstellung von Kaliumsalzen<\/li>\n<li>Pharmazeutika<\/li>\n<li>Weiche Seifen<\/li>\n<li>Parf\u00fcmerie- und Kosmetikprodukte<\/li>\n<li>Glas- und Keramikindustrie<\/li>\n<\/ul>\n<p>&nbsp;<\/p>\n<p>&nbsp;<\/p>\n<p>&nbsp;<\/p>\n<p>&nbsp;<\/p>\n<p>&nbsp;<\/p>\n<p>&nbsp;<\/p>","protected":false},"excerpt":{"rendered":"<p>Kaufen Sie Kaliumkarbonat in Verpackungen von 1 kg, 5 kg und 25 kg. Sie k\u00f6nnen den Preis f\u00fcr die verschiedenen Formate von Kaliumcarbonat sehen, wenn Sie das gew\u00fcnschte Format ausw\u00e4hlen. Die Bestellung erfolgt direkt \u00fcber das Internet, wobei die angegebenen Schritte befolgt werden, und die Lieferung erfolgt innerhalb von 24\/48 Stunden.<\/p>","protected":false},"featured_media":35745,"comment_status":"open","ping_status":"closed","template":"","meta":{"_acf_changed":false,"site-sidebar-layout":"default","site-content-layout":"default","ast-site-content-layout":"default","site-content-style":"default","site-sidebar-style":"default","ast-global-header-display":"","ast-banner-title-visibility":"","ast-main-header-display":"","ast-hfb-above-header-display":"","ast-hfb-below-header-display":"","ast-hfb-mobile-header-display":"","site-post-title":"","ast-breadcrumbs-content":"","ast-featured-img":"","footer-sml-layout":"","ast-disable-related-posts":"","theme-transparent-header-meta":"default","adv-header-id-meta":"","stick-header-meta":"default","header-above-stick-meta":"","header-main-stick-meta":"","header-below-stick-meta":"","astra-migrate-meta-layouts":"set","ast-page-background-enabled":"default","ast-page-background-meta":{"desktop":{"background-color":"var(--ast-global-color-4)","background-image":"","background-repeat":"repeat","background-position":"center center","background-size":"auto","background-attachment":"scroll","background-type":"","background-media":"","overlay-type":"","overlay-color":"","overlay-opacity":"","overlay-gradient":""},"tablet":{"background-color":"","background-image":"","background-repeat":"repeat","background-position":"center center","background-size":"auto","background-attachment":"scroll","background-type":"","background-media":"","overlay-type":"","overlay-color":"","overlay-opacity":"","overlay-gradient":""},"mobile":{"background-color":"","background-image":"","background-repeat":"repeat","background-position":"center center","background-size":"auto","background-attachment":"scroll","background-type":"","background-media":"","overlay-type":"","overlay-color":"","overlay-opacity":"","overlay-gradient":""}},"ast-content-background-meta":{"desktop":{"background-color":"var(--ast-global-color-5)","background-image":"","background-repeat":"repeat","background-position":"center center","background-size":"auto","background-attachment":"scroll","background-type":"","background-media":"","overlay-type":"","overlay-color":"","overlay-opacity":"","overlay-gradient":""},"tablet":{"background-color":"var(--ast-global-color-5)","background-image":"","background-repeat":"repeat","background-position":"center center","background-size":"auto","background-attachment":"scroll","background-type":"","background-media":"","overlay-type":"","overlay-color":"","overlay-opacity":"","overlay-gradient":""},"mobile":{"background-color":"var(--ast-global-color-5)","background-image":"","background-repeat":"repeat","background-position":"center center","background-size":"auto","background-attachment":"scroll","background-type":"","background-media":"","overlay-type":"","overlay-color":"","overlay-opacity":"","overlay-gradient":""}}},"product_brand":[],"product_cat":[21],"product_tag":[],"class_list":{"0":"post-707","1":"product","2":"type-product","3":"status-publish","4":"has-post-thumbnail","6":"product_cat-productos","7":"pa_cantidad-1kg","8":"pa_cantidad-5kg","9":"pa_cantidad-25kg","10":"desktop-align-left","11":"tablet-align-left","12":"mobile-align-left","13":"ast-product-gallery-layout-horizontal-slider","14":"ast-magnify-disabled","15":"ast-product-single-variable","16":"ast-product-tabs-layout-horizontal","17":"ast-qv-on-image","19":"first","20":"instock","21":"taxable","22":"shipping-taxable","23":"purchasable","24":"product-type-variable","25":"has-default-attributes"},"acf":[],"yoast_head":"<!-- This site is optimized with the Yoast SEO Premium plugin v27.1 (Yoast SEO v27.1.1) - https:\/\/yoast.com\/product\/yoast-seo-premium-wordpress\/ -->\n<title>Carbonato de Potasio: Comprar Online - Alquera.com<\/title>\n<meta name=\"description\" content=\"ENV\u00cdOS 24\/48H. Comprar Carbonato de Potasio. Se utiliza habitualmente para fabricar vidrio y jabones as\u00ed como la subida del pH.\" \/>\n<meta name=\"robots\" content=\"index, follow, max-snippet:-1, max-image-preview:large, max-video-preview:-1\" \/>\n<link rel=\"canonical\" href=\"https:\/\/www.alquera.com\/de\/carbonato-potasio\/\" \/>\n<meta property=\"og:locale\" content=\"de_DE\" \/>\n<meta property=\"og:type\" content=\"article\" \/>\n<meta property=\"og:title\" content=\"Carbonato de Potasio: Comprar Online - Alquera.com\" \/>\n<meta property=\"og:description\" content=\"ENV\u00cdOS 24\/48H. Comprar Carbonato de Potasio. Se utiliza habitualmente para fabricar vidrio y jabones as\u00ed como la subida del pH.\" \/>\n<meta property=\"og:url\" content=\"https:\/\/www.alquera.com\/de\/carbonato-potasio\/\" \/>\n<meta property=\"og:site_name\" content=\"Alquera.com\" \/>\n<meta property=\"article:publisher\" content=\"https:\/\/www.facebook.com\/alqueraciencia\" \/>\n<meta property=\"article:modified_time\" content=\"2026-04-22T11:13:58+00:00\" \/>\n<meta property=\"og:image\" content=\"https:\/\/www.alquera.com\/wp-content\/uploads\/2017\/01\/carbonato-de-potasio-1kg_amazon.png\" \/>\n\t<meta property=\"og:image:width\" content=\"800\" \/>\n\t<meta property=\"og:image:height\" content=\"800\" \/>\n\t<meta property=\"og:image:type\" content=\"image\/png\" \/>\n<meta name=\"twitter:card\" content=\"summary_large_image\" \/>\n<meta name=\"twitter:label1\" content=\"Verf\u00fcgbarkeit\" \/>\n\t<meta name=\"twitter:data1\" content=\"Auf Lager\" \/>\n<script type=\"application\/ld+json\" class=\"yoast-schema-graph\">{\"@context\":\"https:\/\/schema.org\",\"@graph\":[{\"@type\":[\"WebPage\",\"ItemPage\"],\"@id\":\"https:\/\/www.alquera.com\/carbonato-potasio\/\",\"url\":\"https:\/\/www.alquera.com\/carbonato-potasio\/\",\"name\":\"Carbonato de Potasio: Comprar Online - Alquera.com\",\"isPartOf\":{\"@id\":\"https:\/\/www.alquera.com\/en\/#website\"},\"primaryImageOfPage\":{\"@id\":\"https:\/\/www.alquera.com\/carbonato-potasio\/#primaryimage\"},\"image\":{\"@id\":\"https:\/\/www.alquera.com\/carbonato-potasio\/#primaryimage\"},\"thumbnailUrl\":\"https:\/\/www.alquera.com\/wp-content\/uploads\/2017\/01\/carbonato-de-potasio-1kg_amazon.png\",\"datePublished\":\"2017-01-16T10:52:34+00:00\",\"dateModified\":\"2026-04-22T11:13:58+00:00\",\"description\":\"ENV\u00cdOS 24\/48H. Comprar Carbonato de Potasio. Se utiliza habitualmente para fabricar vidrio y jabones as\u00ed como la subida del pH.\",\"breadcrumb\":{\"@id\":\"https:\/\/www.alquera.com\/carbonato-potasio\/#breadcrumb\"},\"inLanguage\":\"de\",\"potentialAction\":[{\"@type\":\"ReadAction\",\"target\":[\"https:\/\/www.alquera.com\/carbonato-potasio\/\"]}]},{\"@type\":\"ImageObject\",\"inLanguage\":\"de\",\"@id\":\"https:\/\/www.alquera.com\/carbonato-potasio\/#primaryimage\",\"url\":\"https:\/\/www.alquera.com\/wp-content\/uploads\/2017\/01\/carbonato-de-potasio-1kg_amazon.png\",\"contentUrl\":\"https:\/\/www.alquera.com\/wp-content\/uploads\/2017\/01\/carbonato-de-potasio-1kg_amazon.png\",\"width\":800,\"height\":800,\"caption\":\"Carbonato de Potasio\"},{\"@type\":\"BreadcrumbList\",\"@id\":\"https:\/\/www.alquera.com\/carbonato-potasio\/#breadcrumb\",\"itemListElement\":[{\"@type\":\"ListItem\",\"position\":1,\"name\":\"Inicio\",\"item\":\"https:\/\/www.alquera.com\/\"},{\"@type\":\"ListItem\",\"position\":2,\"name\":\"Alquera.com: Tienda Online de Productos Qu\u00edmicos y Material de Laboratorio\",\"item\":\"https:\/\/www.alquera.com\/en\/tienda\/\"},{\"@type\":\"ListItem\",\"position\":3,\"name\":\"Carbonato de Potasio\"}]},{\"@type\":\"WebSite\",\"@id\":\"https:\/\/www.alquera.com\/en\/#website\",\"url\":\"https:\/\/www.alquera.com\/en\/\",\"name\":\"Alquera.com\",\"description\":\"Tienda Online Productos Qu\u00edmicos y Material de Laboratorio\",\"publisher\":{\"@id\":\"https:\/\/www.alquera.com\/en\/#organization\"},\"potentialAction\":[{\"@type\":\"SearchAction\",\"target\":{\"@type\":\"EntryPoint\",\"urlTemplate\":\"https:\/\/www.alquera.com\/en\/?s={search_term_string}\"},\"query-input\":{\"@type\":\"PropertyValueSpecification\",\"valueRequired\":true,\"valueName\":\"search_term_string\"}}],\"inLanguage\":\"de\"},{\"@type\":\"Organization\",\"@id\":\"https:\/\/www.alquera.com\/en\/#organization\",\"name\":\"ALQUERA CIENCIA SL\",\"url\":\"https:\/\/www.alquera.com\/en\/\",\"logo\":{\"@type\":\"ImageObject\",\"inLanguage\":\"de\",\"@id\":\"https:\/\/www.alquera.com\/en\/#\/schema\/logo\/image\/\",\"url\":\"https:\/\/www.alquera.com\/wp-content\/uploads\/2020\/11\/logo_300_ancho.png\",\"contentUrl\":\"https:\/\/www.alquera.com\/wp-content\/uploads\/2020\/11\/logo_300_ancho.png\",\"width\":300,\"height\":86,\"caption\":\"ALQUERA CIENCIA SL\"},\"image\":{\"@id\":\"https:\/\/www.alquera.com\/en\/#\/schema\/logo\/image\/\"},\"sameAs\":[\"https:\/\/www.facebook.com\/alqueraciencia\",\"https:\/\/www.instagram.com\/alquera_ciencia\/\",\"https:\/\/www.youtube.com\/c\/alquera\"]}]}<\/script>\n<meta property=\"og:availability\" content=\"instock\" \/>\n<meta property=\"product:availability\" content=\"instock\" \/>\n<meta property=\"product:condition\" content=\"new\" \/>\n<!-- \/ Yoast SEO Premium plugin. -->","yoast_head_json":{"title":"Kaliumkarbonat: Online kaufen - Alquera.com","description":"24\/48H VERSAND. Kaliumkarbonat kaufen. Es wird \u00fcblicherweise zur Herstellung von Glas und Seifen sowie zur Anhebung des pH-Werts verwendet.","robots":{"index":"index","follow":"follow","max-snippet":"max-snippet:-1","max-image-preview":"max-image-preview:large","max-video-preview":"max-video-preview:-1"},"canonical":"https:\/\/www.alquera.com\/de\/carbonato-potasio\/","og_locale":"de_DE","og_type":"article","og_title":"Carbonato de Potasio: Comprar Online - Alquera.com","og_description":"ENV\u00cdOS 24\/48H. Comprar Carbonato de Potasio. Se utiliza habitualmente para fabricar vidrio y jabones as\u00ed como la subida del pH.","og_url":"https:\/\/www.alquera.com\/de\/carbonato-potasio\/","og_site_name":"Alquera.com","article_publisher":"https:\/\/www.facebook.com\/alqueraciencia","article_modified_time":"2026-04-22T11:13:58+00:00","og_image":[{"width":800,"height":800,"url":"https:\/\/www.alquera.com\/wp-content\/uploads\/2017\/01\/carbonato-de-potasio-1kg_amazon.png","type":"image\/png"}],"twitter_card":"summary_large_image","twitter_misc":{"Verf\u00fcgbarkeit":"Auf Lager"},"schema":{"@context":"https:\/\/schema.org","@graph":[{"@type":["WebPage","ItemPage"],"@id":"https:\/\/www.alquera.com\/carbonato-potasio\/","url":"https:\/\/www.alquera.com\/carbonato-potasio\/","name":"Kaliumkarbonat: Online kaufen - Alquera.com","isPartOf":{"@id":"https:\/\/www.alquera.com\/en\/#website"},"primaryImageOfPage":{"@id":"https:\/\/www.alquera.com\/carbonato-potasio\/#primaryimage"},"image":{"@id":"https:\/\/www.alquera.com\/carbonato-potasio\/#primaryimage"},"thumbnailUrl":"https:\/\/www.alquera.com\/wp-content\/uploads\/2017\/01\/carbonato-de-potasio-1kg_amazon.png","datePublished":"2017-01-16T10:52:34+00:00","dateModified":"2026-04-22T11:13:58+00:00","description":"24\/48H VERSAND. Kaliumkarbonat kaufen. Es wird \u00fcblicherweise zur Herstellung von Glas und Seifen sowie zur Anhebung des pH-Werts verwendet.","breadcrumb":{"@id":"https:\/\/www.alquera.com\/carbonato-potasio\/#breadcrumb"},"inLanguage":"de","potentialAction":[{"@type":"ReadAction","target":["https:\/\/www.alquera.com\/carbonato-potasio\/"]}]},{"@type":"ImageObject","inLanguage":"de","@id":"https:\/\/www.alquera.com\/carbonato-potasio\/#primaryimage","url":"https:\/\/www.alquera.com\/wp-content\/uploads\/2017\/01\/carbonato-de-potasio-1kg_amazon.png","contentUrl":"https:\/\/www.alquera.com\/wp-content\/uploads\/2017\/01\/carbonato-de-potasio-1kg_amazon.png","width":800,"height":800,"caption":"Carbonato de Potasio"},{"@type":"BreadcrumbList","@id":"https:\/\/www.alquera.com\/carbonato-potasio\/#breadcrumb","itemListElement":[{"@type":"ListItem","position":1,"name":"Inicio","item":"https:\/\/www.alquera.com\/"},{"@type":"ListItem","position":2,"name":"Alquera.com: Tienda Online de Productos Qu\u00edmicos y Material de Laboratorio","item":"https:\/\/www.alquera.com\/en\/tienda\/"},{"@type":"ListItem","position":3,"name":"Carbonato de Potasio"}]},{"@type":"WebSite","@id":"https:\/\/www.alquera.com\/en\/#website","url":"https:\/\/www.alquera.com\/en\/","name":"Alquera.com","description":"Online Shop Chemische Produkte und Laborger\u00e4te","publisher":{"@id":"https:\/\/www.alquera.com\/en\/#organization"},"potentialAction":[{"@type":"SearchAction","target":{"@type":"EntryPoint","urlTemplate":"https:\/\/www.alquera.com\/en\/?s={search_term_string}"},"query-input":{"@type":"PropertyValueSpecification","valueRequired":true,"valueName":"search_term_string"}}],"inLanguage":"de"},{"@type":"Organization","@id":"https:\/\/www.alquera.com\/en\/#organization","name":"ALQUERA CIENCIA SL","url":"https:\/\/www.alquera.com\/en\/","logo":{"@type":"ImageObject","inLanguage":"de","@id":"https:\/\/www.alquera.com\/en\/#\/schema\/logo\/image\/","url":"https:\/\/www.alquera.com\/wp-content\/uploads\/2020\/11\/logo_300_ancho.png","contentUrl":"https:\/\/www.alquera.com\/wp-content\/uploads\/2020\/11\/logo_300_ancho.png","width":300,"height":86,"caption":"ALQUERA CIENCIA SL"},"image":{"@id":"https:\/\/www.alquera.com\/en\/#\/schema\/logo\/image\/"},"sameAs":["https:\/\/www.facebook.com\/alqueraciencia","https:\/\/www.instagram.com\/alquera_ciencia\/","https:\/\/www.youtube.com\/c\/alquera"]}]},"og_availability":"instock","product_availability":"instock","product_condition":"new"},"_links":{"self":[{"href":"https:\/\/www.alquera.com\/de\/wp-json\/wp\/v2\/product\/707","targetHints":{"allow":["GET"]}}],"collection":[{"href":"https:\/\/www.alquera.com\/de\/wp-json\/wp\/v2\/product"}],"about":[{"href":"https:\/\/www.alquera.com\/de\/wp-json\/wp\/v2\/types\/product"}],"replies":[{"embeddable":true,"href":"https:\/\/www.alquera.com\/de\/wp-json\/wp\/v2\/comments?post=707"}],"wp:featuredmedia":[{"embeddable":true,"href":"https:\/\/www.alquera.com\/de\/wp-json\/wp\/v2\/media\/35745"}],"wp:attachment":[{"href":"https:\/\/www.alquera.com\/de\/wp-json\/wp\/v2\/media?parent=707"}],"wp:term":[{"taxonomy":"product_brand","embeddable":true,"href":"https:\/\/www.alquera.com\/de\/wp-json\/wp\/v2\/product_brand?post=707"},{"taxonomy":"product_cat","embeddable":true,"href":"https:\/\/www.alquera.com\/de\/wp-json\/wp\/v2\/product_cat?post=707"},{"taxonomy":"product_tag","embeddable":true,"href":"https:\/\/www.alquera.com\/de\/wp-json\/wp\/v2\/product_tag?post=707"}],"curies":[{"name":"wp","href":"https:\/\/api.w.org\/{rel}","templated":true}]}}