{"id":727,"date":"2017-01-19T18:30:33","date_gmt":"2017-01-19T18:30:33","guid":{"rendered":"http:\/\/localhost\/alquera\/productos\/producto\/tiras-de-medicion-de-ph-de-0-a-14-ph-1-df\/"},"modified":"2026-05-11T18:02:38","modified_gmt":"2026-05-11T18:02:38","slug":"tiras-papel-ph","status":"publish","type":"product","link":"https:\/\/www.alquera.com\/de\/tiras-papel-ph\/","title":{"rendered":"pH-Messstreifen von 0 bis 14 pH - 1 (DF\u00ae)"},"content":{"rendered":"<ul>\n<li>pH-Messstreifen, 0-14 (DF\u00ae), Bereich 1.<\/li>\n<li>Sehr gutes Preis-Leistungs-Verh\u00e4ltnis, das eine sehr genaue pH-Messung im Bereich von 1 erm\u00f6glicht.<\/li>\n<li>Jede Schachtel enth\u00e4lt 100 Teststreifen. Wenn Sie 1 St\u00fcck kaufen, erwerben Sie eine Schachtel mit 100 St\u00fcck.<\/li>\n<li><span class=\"a-list-item\">Tauchen Sie den Streifen in die zu messende Fl\u00fcssigkeit und vergleichen Sie ihn mit der Standardfarbkarte, um den pH-Wert zu bestimmen.<\/span><\/li>\n<\/ul>","protected":false},"excerpt":{"rendered":"<p>Kaufen Sie pH-Teststreifen, 0-14 (DF\u00ae), Intervall 1. Sie k\u00f6nnen 1 Schachtel mit 100 Streifen oder 10 Schachteln mit 100 Streifen kaufen. Die Bestellung erfolgt direkt \u00fcber das Internet, wobei die angegebenen Schritte befolgt werden, und die Lieferung erfolgt innerhalb von 24\/48 Stunden.<\/p>","protected":false},"featured_media":37209,"comment_status":"open","ping_status":"closed","template":"","meta":{"_acf_changed":false,"site-sidebar-layout":"default","site-content-layout":"default","ast-site-content-layout":"default","site-content-style":"default","site-sidebar-style":"default","ast-global-header-display":"","ast-banner-title-visibility":"","ast-main-header-display":"","ast-hfb-above-header-display":"","ast-hfb-below-header-display":"","ast-hfb-mobile-header-display":"","site-post-title":"","ast-breadcrumbs-content":"","ast-featured-img":"","footer-sml-layout":"","ast-disable-related-posts":"","theme-transparent-header-meta":"default","adv-header-id-meta":"","stick-header-meta":"default","header-above-stick-meta":"","header-main-stick-meta":"","header-below-stick-meta":"","astra-migrate-meta-layouts":"default","ast-page-background-enabled":"default","ast-page-background-meta":{"desktop":{"background-color":"var(--ast-global-color-4)","background-image":"","background-repeat":"repeat","background-position":"center center","background-size":"auto","background-attachment":"scroll","background-type":"","background-media":"","overlay-type":"","overlay-color":"","overlay-opacity":"","overlay-gradient":""},"tablet":{"background-color":"","background-image":"","background-repeat":"repeat","background-position":"center center","background-size":"auto","background-attachment":"scroll","background-type":"","background-media":"","overlay-type":"","overlay-color":"","overlay-opacity":"","overlay-gradient":""},"mobile":{"background-color":"","background-image":"","background-repeat":"repeat","background-position":"center center","background-size":"auto","background-attachment":"scroll","background-type":"","background-media":"","overlay-type":"","overlay-color":"","overlay-opacity":"","overlay-gradient":""}},"ast-content-background-meta":{"desktop":{"background-color":"var(--ast-global-color-5)","background-image":"","background-repeat":"repeat","background-position":"center center","background-size":"auto","background-attachment":"scroll","background-type":"","background-media":"","overlay-type":"","overlay-color":"","overlay-opacity":"","overlay-gradient":""},"tablet":{"background-color":"var(--ast-global-color-5)","background-image":"","background-repeat":"repeat","background-position":"center center","background-size":"auto","background-attachment":"scroll","background-type":"","background-media":"","overlay-type":"","overlay-color":"","overlay-opacity":"","overlay-gradient":""},"mobile":{"background-color":"var(--ast-global-color-5)","background-image":"","background-repeat":"repeat","background-position":"center center","background-size":"auto","background-attachment":"scroll","background-type":"","background-media":"","overlay-type":"","overlay-color":"","overlay-opacity":"","overlay-gradient":""}}},"product_brand":[],"product_cat":[315,206,21,26],"product_tag":[],"class_list":{"0":"post-727","1":"product","2":"type-product","3":"status-publish","4":"has-post-thumbnail","6":"product_cat-medidor-de-ph","7":"product_cat-productos-experimentos","8":"product_cat-productos","9":"product_cat-material-de-laboratorio","10":"pa_unidades-247","11":"pa_unidades-297","12":"desktop-align-left","13":"tablet-align-left","14":"mobile-align-left","15":"ast-product-gallery-layout-horizontal-slider","16":"ast-product-gallery-with-no-image","17":"ast-magnify-disabled","18":"ast-product-single-variable","19":"ast-product-tabs-layout-horizontal","20":"ast-qv-on-image","22":"first","23":"instock","24":"taxable","25":"shipping-taxable","26":"purchasable","27":"product-type-variable","28":"has-default-attributes"},"acf":[],"yoast_head":"<!-- This site is optimized with the Yoast SEO Premium plugin v27.1 (Yoast SEO v27.1.1) - https:\/\/yoast.com\/product\/yoast-seo-premium-wordpress\/ -->\n<title>Tiras de medici\u00f3n de pH de 0 a 14 pH - 1 (DF\u00ae): Comprar Online - Alquera.com<\/title>\n<meta name=\"robots\" content=\"index, follow, max-snippet:-1, max-image-preview:large, max-video-preview:-1\" \/>\n<link rel=\"canonical\" href=\"https:\/\/www.alquera.com\/de\/tiras-papel-ph\/\" \/>\n<meta property=\"og:locale\" content=\"de_DE\" \/>\n<meta property=\"og:type\" content=\"article\" \/>\n<meta property=\"og:title\" content=\"Tiras de medici\u00f3n de pH de 0 a 14 pH - 1 (DF\u00ae): Comprar Online - Alquera.com\" \/>\n<meta property=\"og:description\" content=\"Comprar Tiras de medici\u00f3n de pH, 0-14 (DF\u00ae), intervalo de 1. Puedes comprar 1 caja de 100 tiras o 10 cajas de 100 tiras. El pedido se realiza directamente por la Web siguiendo los pasos que se indican, haci\u00e9ndose la entrega en 24\/48 horas.\" \/>\n<meta property=\"og:url\" content=\"https:\/\/www.alquera.com\/de\/tiras-papel-ph\/\" \/>\n<meta property=\"og:site_name\" content=\"Alquera.com\" \/>\n<meta property=\"article:publisher\" content=\"https:\/\/www.facebook.com\/alqueraciencia\" \/>\n<meta property=\"article:modified_time\" content=\"2026-05-11T18:02:38+00:00\" \/>\n<meta property=\"og:image\" content=\"https:\/\/www.alquera.com\/wp-content\/uploads\/2017\/01\/Tiras-medicion-ph-1.png\" \/>\n\t<meta property=\"og:image:width\" content=\"600\" \/>\n\t<meta property=\"og:image:height\" content=\"600\" \/>\n\t<meta property=\"og:image:type\" content=\"image\/png\" \/>\n<meta name=\"twitter:card\" content=\"summary_large_image\" \/>\n<meta name=\"twitter:label1\" content=\"Verf\u00fcgbarkeit\" \/>\n\t<meta name=\"twitter:data1\" content=\"Auf Lager\" \/>\n<script type=\"application\/ld+json\" class=\"yoast-schema-graph\">{\"@context\":\"https:\/\/schema.org\",\"@graph\":[{\"@type\":[\"WebPage\",\"ItemPage\"],\"@id\":\"https:\/\/www.alquera.com\/tiras-papel-ph\/\",\"url\":\"https:\/\/www.alquera.com\/tiras-papel-ph\/\",\"name\":\"Tiras de medici\u00f3n de pH de 0 a 14 pH - 1 (DF\u00ae): Comprar Online - Alquera.com\",\"isPartOf\":{\"@id\":\"https:\/\/www.alquera.com\/en\/#website\"},\"primaryImageOfPage\":{\"@id\":\"https:\/\/www.alquera.com\/tiras-papel-ph\/#primaryimage\"},\"image\":{\"@id\":\"https:\/\/www.alquera.com\/tiras-papel-ph\/#primaryimage\"},\"thumbnailUrl\":\"https:\/\/www.alquera.com\/wp-content\/uploads\/2017\/01\/Tiras-medicion-ph-1.png\",\"datePublished\":\"2017-01-19T18:30:33+00:00\",\"dateModified\":\"2026-05-11T18:02:38+00:00\",\"breadcrumb\":{\"@id\":\"https:\/\/www.alquera.com\/tiras-papel-ph\/#breadcrumb\"},\"inLanguage\":\"de\",\"potentialAction\":[{\"@type\":\"ReadAction\",\"target\":[\"https:\/\/www.alquera.com\/tiras-papel-ph\/\"]}]},{\"@type\":\"ImageObject\",\"inLanguage\":\"de\",\"@id\":\"https:\/\/www.alquera.com\/tiras-papel-ph\/#primaryimage\",\"url\":\"https:\/\/www.alquera.com\/wp-content\/uploads\/2017\/01\/Tiras-medicion-ph-1.png\",\"contentUrl\":\"https:\/\/www.alquera.com\/wp-content\/uploads\/2017\/01\/Tiras-medicion-ph-1.png\",\"width\":600,\"height\":600,\"caption\":\"Tiras medicion pH\"},{\"@type\":\"BreadcrumbList\",\"@id\":\"https:\/\/www.alquera.com\/tiras-papel-ph\/#breadcrumb\",\"itemListElement\":[{\"@type\":\"ListItem\",\"position\":1,\"name\":\"Inicio\",\"item\":\"https:\/\/www.alquera.com\/\"},{\"@type\":\"ListItem\",\"position\":2,\"name\":\"Alquera.com: Tienda Online de Productos Qu\u00edmicos y Material de Laboratorio\",\"item\":\"https:\/\/www.alquera.com\/en\/tienda\/\"},{\"@type\":\"ListItem\",\"position\":3,\"name\":\"Tiras de medici\u00f3n de pH de 0 a 14 pH &#8211; 1 (DF\u00ae)\"}]},{\"@type\":\"WebSite\",\"@id\":\"https:\/\/www.alquera.com\/en\/#website\",\"url\":\"https:\/\/www.alquera.com\/en\/\",\"name\":\"Alquera.com\",\"description\":\"Tienda Online Productos Qu\u00edmicos y Material de Laboratorio\",\"publisher\":{\"@id\":\"https:\/\/www.alquera.com\/en\/#organization\"},\"potentialAction\":[{\"@type\":\"SearchAction\",\"target\":{\"@type\":\"EntryPoint\",\"urlTemplate\":\"https:\/\/www.alquera.com\/en\/?s={search_term_string}\"},\"query-input\":{\"@type\":\"PropertyValueSpecification\",\"valueRequired\":true,\"valueName\":\"search_term_string\"}}],\"inLanguage\":\"de\"},{\"@type\":\"Organization\",\"@id\":\"https:\/\/www.alquera.com\/en\/#organization\",\"name\":\"ALQUERA CIENCIA SL\",\"url\":\"https:\/\/www.alquera.com\/en\/\",\"logo\":{\"@type\":\"ImageObject\",\"inLanguage\":\"de\",\"@id\":\"https:\/\/www.alquera.com\/en\/#\/schema\/logo\/image\/\",\"url\":\"https:\/\/www.alquera.com\/wp-content\/uploads\/2020\/11\/logo_300_ancho.png\",\"contentUrl\":\"https:\/\/www.alquera.com\/wp-content\/uploads\/2020\/11\/logo_300_ancho.png\",\"width\":300,\"height\":86,\"caption\":\"ALQUERA CIENCIA SL\"},\"image\":{\"@id\":\"https:\/\/www.alquera.com\/en\/#\/schema\/logo\/image\/\"},\"sameAs\":[\"https:\/\/www.facebook.com\/alqueraciencia\",\"https:\/\/www.instagram.com\/alquera_ciencia\/\",\"https:\/\/www.youtube.com\/c\/alquera\"]}]}<\/script>\n<meta property=\"og:availability\" content=\"instock\" \/>\n<meta property=\"product:availability\" content=\"instock\" \/>\n<meta property=\"product:retailer_item_id\" content=\"SER-5479\" \/>\n<meta property=\"product:condition\" content=\"new\" \/>\n<!-- \/ Yoast SEO Premium plugin. -->","yoast_head_json":{"title":"pH-Messstreifen 0 bis 14 pH - 1 (DF\u00ae): Online kaufen - Alquera.de","robots":{"index":"index","follow":"follow","max-snippet":"max-snippet:-1","max-image-preview":"max-image-preview:large","max-video-preview":"max-video-preview:-1"},"canonical":"https:\/\/www.alquera.com\/de\/tiras-papel-ph\/","og_locale":"de_DE","og_type":"article","og_title":"Tiras de medici\u00f3n de pH de 0 a 14 pH - 1 (DF\u00ae): Comprar Online - Alquera.com","og_description":"Comprar Tiras de medici\u00f3n de pH, 0-14 (DF\u00ae), intervalo de 1. Puedes comprar 1 caja de 100 tiras o 10 cajas de 100 tiras. El pedido se realiza directamente por la Web siguiendo los pasos que se indican, haci\u00e9ndose la entrega en 24\/48 horas.","og_url":"https:\/\/www.alquera.com\/de\/tiras-papel-ph\/","og_site_name":"Alquera.com","article_publisher":"https:\/\/www.facebook.com\/alqueraciencia","article_modified_time":"2026-05-11T18:02:38+00:00","og_image":[{"width":600,"height":600,"url":"https:\/\/www.alquera.com\/wp-content\/uploads\/2017\/01\/Tiras-medicion-ph-1.png","type":"image\/png"}],"twitter_card":"summary_large_image","twitter_misc":{"Verf\u00fcgbarkeit":"Auf Lager"},"schema":{"@context":"https:\/\/schema.org","@graph":[{"@type":["WebPage","ItemPage"],"@id":"https:\/\/www.alquera.com\/tiras-papel-ph\/","url":"https:\/\/www.alquera.com\/tiras-papel-ph\/","name":"pH-Messstreifen 0 bis 14 pH - 1 (DF\u00ae): Online kaufen - Alquera.de","isPartOf":{"@id":"https:\/\/www.alquera.com\/en\/#website"},"primaryImageOfPage":{"@id":"https:\/\/www.alquera.com\/tiras-papel-ph\/#primaryimage"},"image":{"@id":"https:\/\/www.alquera.com\/tiras-papel-ph\/#primaryimage"},"thumbnailUrl":"https:\/\/www.alquera.com\/wp-content\/uploads\/2017\/01\/Tiras-medicion-ph-1.png","datePublished":"2017-01-19T18:30:33+00:00","dateModified":"2026-05-11T18:02:38+00:00","breadcrumb":{"@id":"https:\/\/www.alquera.com\/tiras-papel-ph\/#breadcrumb"},"inLanguage":"de","potentialAction":[{"@type":"ReadAction","target":["https:\/\/www.alquera.com\/tiras-papel-ph\/"]}]},{"@type":"ImageObject","inLanguage":"de","@id":"https:\/\/www.alquera.com\/tiras-papel-ph\/#primaryimage","url":"https:\/\/www.alquera.com\/wp-content\/uploads\/2017\/01\/Tiras-medicion-ph-1.png","contentUrl":"https:\/\/www.alquera.com\/wp-content\/uploads\/2017\/01\/Tiras-medicion-ph-1.png","width":600,"height":600,"caption":"Tiras medicion pH"},{"@type":"BreadcrumbList","@id":"https:\/\/www.alquera.com\/tiras-papel-ph\/#breadcrumb","itemListElement":[{"@type":"ListItem","position":1,"name":"Inicio","item":"https:\/\/www.alquera.com\/"},{"@type":"ListItem","position":2,"name":"Alquera.com: Tienda Online de Productos Qu\u00edmicos y Material de Laboratorio","item":"https:\/\/www.alquera.com\/en\/tienda\/"},{"@type":"ListItem","position":3,"name":"Tiras de medici\u00f3n de pH de 0 a 14 pH &#8211; 1 (DF\u00ae)"}]},{"@type":"WebSite","@id":"https:\/\/www.alquera.com\/en\/#website","url":"https:\/\/www.alquera.com\/en\/","name":"Alquera.com","description":"Online Shop Chemische Produkte und Laborger\u00e4te","publisher":{"@id":"https:\/\/www.alquera.com\/en\/#organization"},"potentialAction":[{"@type":"SearchAction","target":{"@type":"EntryPoint","urlTemplate":"https:\/\/www.alquera.com\/en\/?s={search_term_string}"},"query-input":{"@type":"PropertyValueSpecification","valueRequired":true,"valueName":"search_term_string"}}],"inLanguage":"de"},{"@type":"Organization","@id":"https:\/\/www.alquera.com\/en\/#organization","name":"ALQUERA CIENCIA SL","url":"https:\/\/www.alquera.com\/en\/","logo":{"@type":"ImageObject","inLanguage":"de","@id":"https:\/\/www.alquera.com\/en\/#\/schema\/logo\/image\/","url":"https:\/\/www.alquera.com\/wp-content\/uploads\/2020\/11\/logo_300_ancho.png","contentUrl":"https:\/\/www.alquera.com\/wp-content\/uploads\/2020\/11\/logo_300_ancho.png","width":300,"height":86,"caption":"ALQUERA CIENCIA SL"},"image":{"@id":"https:\/\/www.alquera.com\/en\/#\/schema\/logo\/image\/"},"sameAs":["https:\/\/www.facebook.com\/alqueraciencia","https:\/\/www.instagram.com\/alquera_ciencia\/","https:\/\/www.youtube.com\/c\/alquera"]}]},"og_availability":"instock","product_availability":"instock","product_retailer_item_id":"SER-5479","product_condition":"new"},"_links":{"self":[{"href":"https:\/\/www.alquera.com\/de\/wp-json\/wp\/v2\/product\/727","targetHints":{"allow":["GET"]}}],"collection":[{"href":"https:\/\/www.alquera.com\/de\/wp-json\/wp\/v2\/product"}],"about":[{"href":"https:\/\/www.alquera.com\/de\/wp-json\/wp\/v2\/types\/product"}],"replies":[{"embeddable":true,"href":"https:\/\/www.alquera.com\/de\/wp-json\/wp\/v2\/comments?post=727"}],"wp:featuredmedia":[{"embeddable":true,"href":"https:\/\/www.alquera.com\/de\/wp-json\/wp\/v2\/media\/37209"}],"wp:attachment":[{"href":"https:\/\/www.alquera.com\/de\/wp-json\/wp\/v2\/media?parent=727"}],"wp:term":[{"taxonomy":"product_brand","embeddable":true,"href":"https:\/\/www.alquera.com\/de\/wp-json\/wp\/v2\/product_brand?post=727"},{"taxonomy":"product_cat","embeddable":true,"href":"https:\/\/www.alquera.com\/de\/wp-json\/wp\/v2\/product_cat?post=727"},{"taxonomy":"product_tag","embeddable":true,"href":"https:\/\/www.alquera.com\/de\/wp-json\/wp\/v2\/product_tag?post=727"}],"curies":[{"name":"wp","href":"https:\/\/api.w.org\/{rel}","templated":true}]}}