{"id":744,"date":"2017-01-26T13:19:01","date_gmt":"2017-01-26T13:19:01","guid":{"rendered":"http:\/\/localhost\/alquera\/productos\/producto\/sal-disodica-edta-na2h2-2h2o-250\/"},"modified":"2026-04-15T18:22:50","modified_gmt":"2026-04-15T18:22:50","slug":"sal-edta","status":"publish","type":"product","link":"https:\/\/www.alquera.com\/de\/sal-edta\/","title":{"rendered":"Dinatrium-EDTA-Salz"},"content":{"rendered":"<p>EDTA-Dinatriumsalz Na2H2 - 2H2O (Dihydrat). EDTA-Dinatriumsalz wird haupts\u00e4chlich wegen seiner F\u00e4higkeit verwendet, sich an Metallionen zu binden, die Blei und andere Metalle in L\u00f6sung ausfallen lassen; es wird h\u00e4ufig als Chelatbildner in Aquarien verwendet. Zusammen mit <a href=\"https:\/\/www.alquera.com\/de\/sulfato-de-hierro\/\">Eisensulfat-Heptahydrat<\/a>wird zur Erh\u00f6hung des Eisengehalts in Aquarien verwendet.<\/p>\n<h2>IDENTIFIZIERUNG UND EIGENSCHAFTEN<\/h2>\n<p><strong>Name:<\/strong> Dinatrium-EDTA-Salz<br \/>\n<strong>Chemische Formel:<\/strong> C10H14N2Na2P8.2H2O<br \/>\n<strong>Synonyme:<\/strong> EDTA-Natrium-EDTA-Dihydrat<br \/>\n<strong>CAS:<\/strong> 6381-92-6<br \/>\n<strong>EC:<\/strong> 205-358-3<\/p>\n<ul>\n<li>Physikalischer Zustand: Kristalle<\/li>\n<li>Farbe: Wei\u00df<\/li>\n<li>Geruch: Geruchlos<\/li>\n<li>pH: 4-6 1% aktuell USP<\/li>\n<li>Schmelzpunkt\/Schmelzbereich: 252\u00baC gemessen Zersetzt sich<\/li>\n<li>Entflammbarkeit (fest\/gasf\u00f6rmig): Nein, Bildung explosiver Staub\/Luft-Gemische nicht zu erwarten.<\/li>\n<li>Dampfdruck: &lt;0,01 mmHg<\/li>\n<li>L\u00f6slichkeit in Wasser: 10% bei 25\u00baC<\/li>\n<li>Kinematische Viskosit\u00e4t: Fest<\/li>\n<li>Explosive Eigenschaften: Nicht explosionsgef\u00e4hrlich<\/li>\n<li>Oxidierende Eigenschaften: Nein<\/li>\n<\/ul>\n<h2>ANWENDUNGEN<\/h2>\n<ul>\n<li>Herstellung von Stoffen.<\/li>\n<li>Formulierung von Zwischenprodukten<\/li>\n<li>Pulverf\u00f6rmige Formulierung, fl\u00fcssig<\/li>\n<li>Klebstoffe, Dichtungsmittel<\/li>\n<li>Biozid-Produkt<\/li>\n<li>Beschichtungen und Anstriche<\/li>\n<li>L\u00f6sungsmittel<\/li>\n<li>Abbeizmittel<\/li>\n<li>Produkte f\u00fcr die Oberfl\u00e4chenbehandlung von Metallen, einschlie\u00dflich Produkte f\u00fcr die Elektroplattierung und Elektrolyse<\/li>\n<li>Fotochemischer Zusatzstoff<\/li>\n<li>Textilfarbstoffe, Ausr\u00fcstungs- und Impr\u00e4gniermittel<\/li>\n<li>Reinigungs- und Waschmittel<\/li>\n<\/ul>","protected":false},"excerpt":{"rendered":"<p>Kaufen Sie EDTA-Natriumsalz in den Formaten 250g und 1Kg. Sie k\u00f6nnen den Preis f\u00fcr die verschiedenen Formate von Dinatriumsalz sehen, wenn Sie das gew\u00fcnschte Format ausw\u00e4hlen. Die Bestellung erfolgt direkt \u00fcber das Internet nach den angegebenen Schritten und wird innerhalb von 24\/48 Stunden geliefert.<\/p>","protected":false},"featured_media":8809,"comment_status":"open","ping_status":"closed","template":"","meta":{"_acf_changed":false,"site-sidebar-layout":"default","site-content-layout":"default","ast-site-content-layout":"default","site-content-style":"default","site-sidebar-style":"default","ast-global-header-display":"","ast-banner-title-visibility":"","ast-main-header-display":"","ast-hfb-above-header-display":"","ast-hfb-below-header-display":"","ast-hfb-mobile-header-display":"","site-post-title":"","ast-breadcrumbs-content":"","ast-featured-img":"","footer-sml-layout":"","ast-disable-related-posts":"","theme-transparent-header-meta":"default","adv-header-id-meta":"","stick-header-meta":"default","header-above-stick-meta":"","header-main-stick-meta":"","header-below-stick-meta":"","astra-migrate-meta-layouts":"set","ast-page-background-enabled":"default","ast-page-background-meta":{"desktop":{"background-color":"var(--ast-global-color-4)","background-image":"","background-repeat":"repeat","background-position":"center center","background-size":"auto","background-attachment":"scroll","background-type":"","background-media":"","overlay-type":"","overlay-color":"","overlay-opacity":"","overlay-gradient":""},"tablet":{"background-color":"","background-image":"","background-repeat":"repeat","background-position":"center center","background-size":"auto","background-attachment":"scroll","background-type":"","background-media":"","overlay-type":"","overlay-color":"","overlay-opacity":"","overlay-gradient":""},"mobile":{"background-color":"","background-image":"","background-repeat":"repeat","background-position":"center center","background-size":"auto","background-attachment":"scroll","background-type":"","background-media":"","overlay-type":"","overlay-color":"","overlay-opacity":"","overlay-gradient":""}},"ast-content-background-meta":{"desktop":{"background-color":"var(--ast-global-color-5)","background-image":"","background-repeat":"repeat","background-position":"center center","background-size":"auto","background-attachment":"scroll","background-type":"","background-media":"","overlay-type":"","overlay-color":"","overlay-opacity":"","overlay-gradient":""},"tablet":{"background-color":"var(--ast-global-color-5)","background-image":"","background-repeat":"repeat","background-position":"center center","background-size":"auto","background-attachment":"scroll","background-type":"","background-media":"","overlay-type":"","overlay-color":"","overlay-opacity":"","overlay-gradient":""},"mobile":{"background-color":"var(--ast-global-color-5)","background-image":"","background-repeat":"repeat","background-position":"center center","background-size":"auto","background-attachment":"scroll","background-type":"","background-media":"","overlay-type":"","overlay-color":"","overlay-opacity":"","overlay-gradient":""}}},"product_brand":[],"product_cat":[21],"product_tag":[],"class_list":{"0":"post-744","1":"product","2":"type-product","3":"status-publish","4":"has-post-thumbnail","6":"product_cat-productos","7":"pa_cantidad-250g","8":"pa_cantidad-1kg","9":"desktop-align-left","10":"tablet-align-left","11":"mobile-align-left","12":"ast-product-gallery-layout-horizontal-slider","13":"ast-product-gallery-with-no-image","14":"ast-magnify-disabled","15":"ast-product-single-variable","16":"ast-product-tabs-layout-horizontal","17":"ast-qv-on-image","19":"first","20":"instock","21":"taxable","22":"shipping-taxable","23":"purchasable","24":"product-type-variable","25":"has-default-attributes"},"acf":[],"yoast_head":"<!-- This site is optimized with the Yoast SEO Premium plugin v27.1 (Yoast SEO v27.1.1) - https:\/\/yoast.com\/product\/yoast-seo-premium-wordpress\/ -->\n<title>Sal dis\u00f3dica EDTA: Comprar Online - Alquera.com<\/title>\n<meta name=\"description\" content=\"ENV\u00cdOS EN 24\/48H. Sal dis\u00f3dica EDTA, tambi\u00e9n conocido como EDTA dis\u00f3dico dihidratado. Se usa en la fabricaci\u00f3n de adhesivos, disolventes..\" \/>\n<meta name=\"robots\" content=\"index, follow, max-snippet:-1, max-image-preview:large, max-video-preview:-1\" \/>\n<link rel=\"canonical\" href=\"https:\/\/www.alquera.com\/de\/sal-edta\/\" \/>\n<meta property=\"og:locale\" content=\"de_DE\" \/>\n<meta property=\"og:type\" content=\"article\" \/>\n<meta property=\"og:title\" content=\"Sal dis\u00f3dica EDTA: Comprar Online - Alquera.com\" \/>\n<meta property=\"og:description\" content=\"ENV\u00cdOS EN 24\/48H. Sal dis\u00f3dica EDTA, tambi\u00e9n conocido como EDTA dis\u00f3dico dihidratado. Se usa en la fabricaci\u00f3n de adhesivos, disolventes..\" \/>\n<meta property=\"og:url\" content=\"https:\/\/www.alquera.com\/de\/sal-edta\/\" \/>\n<meta property=\"og:site_name\" content=\"Alquera.com\" \/>\n<meta property=\"article:publisher\" content=\"https:\/\/www.facebook.com\/alqueraciencia\" \/>\n<meta property=\"article:modified_time\" content=\"2026-04-15T18:22:50+00:00\" \/>\n<meta property=\"og:image\" content=\"https:\/\/www.alquera.com\/wp-content\/uploads\/2017\/01\/poliacrilato-de-sodio-250g.jpg\" \/>\n\t<meta property=\"og:image:width\" content=\"458\" \/>\n\t<meta property=\"og:image:height\" content=\"458\" \/>\n\t<meta property=\"og:image:type\" content=\"image\/jpeg\" \/>\n<meta name=\"twitter:card\" content=\"summary_large_image\" \/>\n<meta name=\"twitter:label1\" content=\"Verf\u00fcgbarkeit\" \/>\n\t<meta name=\"twitter:data1\" content=\"Auf Lager\" \/>\n<script type=\"application\/ld+json\" class=\"yoast-schema-graph\">{\"@context\":\"https:\/\/schema.org\",\"@graph\":[{\"@type\":[\"WebPage\",\"ItemPage\"],\"@id\":\"https:\/\/www.alquera.com\/sal-edta\/\",\"url\":\"https:\/\/www.alquera.com\/sal-edta\/\",\"name\":\"Sal dis\u00f3dica EDTA: Comprar Online - Alquera.com\",\"isPartOf\":{\"@id\":\"https:\/\/www.alquera.com\/en\/#website\"},\"primaryImageOfPage\":{\"@id\":\"https:\/\/www.alquera.com\/sal-edta\/#primaryimage\"},\"image\":{\"@id\":\"https:\/\/www.alquera.com\/sal-edta\/#primaryimage\"},\"thumbnailUrl\":\"https:\/\/www.alquera.com\/wp-content\/uploads\/2017\/01\/poliacrilato-de-sodio-250g.jpg\",\"datePublished\":\"2017-01-26T13:19:01+00:00\",\"dateModified\":\"2026-04-15T18:22:50+00:00\",\"description\":\"ENV\u00cdOS EN 24\/48H. Sal dis\u00f3dica EDTA, tambi\u00e9n conocido como EDTA dis\u00f3dico dihidratado. Se usa en la fabricaci\u00f3n de adhesivos, disolventes..\",\"breadcrumb\":{\"@id\":\"https:\/\/www.alquera.com\/sal-edta\/#breadcrumb\"},\"inLanguage\":\"de\",\"potentialAction\":[{\"@type\":\"ReadAction\",\"target\":[\"https:\/\/www.alquera.com\/sal-edta\/\"]}]},{\"@type\":\"ImageObject\",\"inLanguage\":\"de\",\"@id\":\"https:\/\/www.alquera.com\/sal-edta\/#primaryimage\",\"url\":\"https:\/\/www.alquera.com\/wp-content\/uploads\/2017\/01\/poliacrilato-de-sodio-250g.jpg\",\"contentUrl\":\"https:\/\/www.alquera.com\/wp-content\/uploads\/2017\/01\/poliacrilato-de-sodio-250g.jpg\",\"width\":458,\"height\":458,\"caption\":\"sal disodica edta\"},{\"@type\":\"BreadcrumbList\",\"@id\":\"https:\/\/www.alquera.com\/sal-edta\/#breadcrumb\",\"itemListElement\":[{\"@type\":\"ListItem\",\"position\":1,\"name\":\"Inicio\",\"item\":\"https:\/\/www.alquera.com\/\"},{\"@type\":\"ListItem\",\"position\":2,\"name\":\"Alquera.com: Tienda Online de Productos Qu\u00edmicos y Material de Laboratorio\",\"item\":\"https:\/\/www.alquera.com\/en\/tienda\/\"},{\"@type\":\"ListItem\",\"position\":3,\"name\":\"Sal dis\u00f3dica EDTA\"}]},{\"@type\":\"WebSite\",\"@id\":\"https:\/\/www.alquera.com\/en\/#website\",\"url\":\"https:\/\/www.alquera.com\/en\/\",\"name\":\"Alquera.com\",\"description\":\"Tienda Online Productos Qu\u00edmicos y Material de Laboratorio\",\"publisher\":{\"@id\":\"https:\/\/www.alquera.com\/en\/#organization\"},\"potentialAction\":[{\"@type\":\"SearchAction\",\"target\":{\"@type\":\"EntryPoint\",\"urlTemplate\":\"https:\/\/www.alquera.com\/en\/?s={search_term_string}\"},\"query-input\":{\"@type\":\"PropertyValueSpecification\",\"valueRequired\":true,\"valueName\":\"search_term_string\"}}],\"inLanguage\":\"de\"},{\"@type\":\"Organization\",\"@id\":\"https:\/\/www.alquera.com\/en\/#organization\",\"name\":\"ALQUERA CIENCIA SL\",\"url\":\"https:\/\/www.alquera.com\/en\/\",\"logo\":{\"@type\":\"ImageObject\",\"inLanguage\":\"de\",\"@id\":\"https:\/\/www.alquera.com\/en\/#\/schema\/logo\/image\/\",\"url\":\"https:\/\/www.alquera.com\/wp-content\/uploads\/2020\/11\/logo_300_ancho.png\",\"contentUrl\":\"https:\/\/www.alquera.com\/wp-content\/uploads\/2020\/11\/logo_300_ancho.png\",\"width\":300,\"height\":86,\"caption\":\"ALQUERA CIENCIA SL\"},\"image\":{\"@id\":\"https:\/\/www.alquera.com\/en\/#\/schema\/logo\/image\/\"},\"sameAs\":[\"https:\/\/www.facebook.com\/alqueraciencia\",\"https:\/\/www.instagram.com\/alquera_ciencia\/\",\"https:\/\/www.youtube.com\/c\/alquera\"]}]}<\/script>\n<meta property=\"og:availability\" content=\"instock\" \/>\n<meta property=\"product:availability\" content=\"instock\" \/>\n<meta property=\"product:condition\" content=\"new\" \/>\n<!-- \/ Yoast SEO Premium plugin. -->","yoast_head_json":{"title":"EDTA Dinatriumsalz: Online kaufen - Alquera.com","description":"SENDUNGEN IN 24\/48H. EDTA-Dinatriumsalz, auch bekannt als EDTA-Dinatriumdihydrat. Es wird bei der Herstellung von Klebstoffen, L\u00f6sungsmitteln,...","robots":{"index":"index","follow":"follow","max-snippet":"max-snippet:-1","max-image-preview":"max-image-preview:large","max-video-preview":"max-video-preview:-1"},"canonical":"https:\/\/www.alquera.com\/de\/sal-edta\/","og_locale":"de_DE","og_type":"article","og_title":"Sal dis\u00f3dica EDTA: Comprar Online - Alquera.com","og_description":"ENV\u00cdOS EN 24\/48H. Sal dis\u00f3dica EDTA, tambi\u00e9n conocido como EDTA dis\u00f3dico dihidratado. Se usa en la fabricaci\u00f3n de adhesivos, disolventes..","og_url":"https:\/\/www.alquera.com\/de\/sal-edta\/","og_site_name":"Alquera.com","article_publisher":"https:\/\/www.facebook.com\/alqueraciencia","article_modified_time":"2026-04-15T18:22:50+00:00","og_image":[{"width":458,"height":458,"url":"https:\/\/www.alquera.com\/wp-content\/uploads\/2017\/01\/poliacrilato-de-sodio-250g.jpg","type":"image\/jpeg"}],"twitter_card":"summary_large_image","twitter_misc":{"Verf\u00fcgbarkeit":"Auf Lager"},"schema":{"@context":"https:\/\/schema.org","@graph":[{"@type":["WebPage","ItemPage"],"@id":"https:\/\/www.alquera.com\/sal-edta\/","url":"https:\/\/www.alquera.com\/sal-edta\/","name":"EDTA Dinatriumsalz: Online kaufen - Alquera.com","isPartOf":{"@id":"https:\/\/www.alquera.com\/en\/#website"},"primaryImageOfPage":{"@id":"https:\/\/www.alquera.com\/sal-edta\/#primaryimage"},"image":{"@id":"https:\/\/www.alquera.com\/sal-edta\/#primaryimage"},"thumbnailUrl":"https:\/\/www.alquera.com\/wp-content\/uploads\/2017\/01\/poliacrilato-de-sodio-250g.jpg","datePublished":"2017-01-26T13:19:01+00:00","dateModified":"2026-04-15T18:22:50+00:00","description":"SENDUNGEN IN 24\/48H. EDTA-Dinatriumsalz, auch bekannt als EDTA-Dinatriumdihydrat. Es wird bei der Herstellung von Klebstoffen, L\u00f6sungsmitteln,...","breadcrumb":{"@id":"https:\/\/www.alquera.com\/sal-edta\/#breadcrumb"},"inLanguage":"de","potentialAction":[{"@type":"ReadAction","target":["https:\/\/www.alquera.com\/sal-edta\/"]}]},{"@type":"ImageObject","inLanguage":"de","@id":"https:\/\/www.alquera.com\/sal-edta\/#primaryimage","url":"https:\/\/www.alquera.com\/wp-content\/uploads\/2017\/01\/poliacrilato-de-sodio-250g.jpg","contentUrl":"https:\/\/www.alquera.com\/wp-content\/uploads\/2017\/01\/poliacrilato-de-sodio-250g.jpg","width":458,"height":458,"caption":"sal disodica edta"},{"@type":"BreadcrumbList","@id":"https:\/\/www.alquera.com\/sal-edta\/#breadcrumb","itemListElement":[{"@type":"ListItem","position":1,"name":"Inicio","item":"https:\/\/www.alquera.com\/"},{"@type":"ListItem","position":2,"name":"Alquera.com: Tienda Online de Productos Qu\u00edmicos y Material de Laboratorio","item":"https:\/\/www.alquera.com\/en\/tienda\/"},{"@type":"ListItem","position":3,"name":"Sal dis\u00f3dica EDTA"}]},{"@type":"WebSite","@id":"https:\/\/www.alquera.com\/en\/#website","url":"https:\/\/www.alquera.com\/en\/","name":"Alquera.com","description":"Online Shop Chemische Produkte und Laborger\u00e4te","publisher":{"@id":"https:\/\/www.alquera.com\/en\/#organization"},"potentialAction":[{"@type":"SearchAction","target":{"@type":"EntryPoint","urlTemplate":"https:\/\/www.alquera.com\/en\/?s={search_term_string}"},"query-input":{"@type":"PropertyValueSpecification","valueRequired":true,"valueName":"search_term_string"}}],"inLanguage":"de"},{"@type":"Organization","@id":"https:\/\/www.alquera.com\/en\/#organization","name":"ALQUERA CIENCIA SL","url":"https:\/\/www.alquera.com\/en\/","logo":{"@type":"ImageObject","inLanguage":"de","@id":"https:\/\/www.alquera.com\/en\/#\/schema\/logo\/image\/","url":"https:\/\/www.alquera.com\/wp-content\/uploads\/2020\/11\/logo_300_ancho.png","contentUrl":"https:\/\/www.alquera.com\/wp-content\/uploads\/2020\/11\/logo_300_ancho.png","width":300,"height":86,"caption":"ALQUERA CIENCIA SL"},"image":{"@id":"https:\/\/www.alquera.com\/en\/#\/schema\/logo\/image\/"},"sameAs":["https:\/\/www.facebook.com\/alqueraciencia","https:\/\/www.instagram.com\/alquera_ciencia\/","https:\/\/www.youtube.com\/c\/alquera"]}]},"og_availability":"instock","product_availability":"instock","product_condition":"new"},"_links":{"self":[{"href":"https:\/\/www.alquera.com\/de\/wp-json\/wp\/v2\/product\/744","targetHints":{"allow":["GET"]}}],"collection":[{"href":"https:\/\/www.alquera.com\/de\/wp-json\/wp\/v2\/product"}],"about":[{"href":"https:\/\/www.alquera.com\/de\/wp-json\/wp\/v2\/types\/product"}],"replies":[{"embeddable":true,"href":"https:\/\/www.alquera.com\/de\/wp-json\/wp\/v2\/comments?post=744"}],"wp:featuredmedia":[{"embeddable":true,"href":"https:\/\/www.alquera.com\/de\/wp-json\/wp\/v2\/media\/8809"}],"wp:attachment":[{"href":"https:\/\/www.alquera.com\/de\/wp-json\/wp\/v2\/media?parent=744"}],"wp:term":[{"taxonomy":"product_brand","embeddable":true,"href":"https:\/\/www.alquera.com\/de\/wp-json\/wp\/v2\/product_brand?post=744"},{"taxonomy":"product_cat","embeddable":true,"href":"https:\/\/www.alquera.com\/de\/wp-json\/wp\/v2\/product_cat?post=744"},{"taxonomy":"product_tag","embeddable":true,"href":"https:\/\/www.alquera.com\/de\/wp-json\/wp\/v2\/product_tag?post=744"}],"curies":[{"name":"wp","href":"https:\/\/api.w.org\/{rel}","templated":true}]}}