{"id":752,"date":"2017-03-27T12:26:45","date_gmt":"2017-03-27T12:26:45","guid":{"rendered":"http:\/\/localhost\/alquera\/productos\/producto\/kit-experimento-lineas-campo-magnetico\/"},"modified":"2026-01-07T20:40:03","modified_gmt":"2026-01-07T20:40:03","slug":"kit-experimento-lineas-campo-magnetico","status":"publish","type":"product","link":"https:\/\/www.alquera.com\/de\/kit-experimento-lineas-campo-magnetico\/","title":{"rendered":"Experimentierkasten Magnetische Feldlinien. #Exp2"},"content":{"rendered":"<p>Der Magnetfeldlinien-Bausatz besteht aus Magneten und Neodym-Sp\u00e4nen, mit denen man mit Magnetfeldlinien experimentieren kann.<\/p>\n<h2><strong>INHALT MAGNETFELDLINIEN-BAUSATZ<\/strong><\/h2>\n<ul>\n<li><a href=\"https:\/\/www.alquera.com\/de\/imanes-neodimio\/\">Neodym-Magnete<\/a>\u00a0(40 St\u00fcck)<\/li>\n<li><a href=\"https:\/\/www.alquera.com\/de\/limaduras-de-hierro\/\">Eisenfeilsp\u00e4ne<\/a> (1kg)<\/li>\n<\/ul>\n<h2><strong>DETAILLIERTE SCHRITT-F\u00dcR-SCHRITT-ANLEITUNG<\/strong><\/h2>\n<div class=\"ast-oembed-container\" style=\"height: 100%;\"><iframe loading=\"lazy\" title=\"#Exp2. Magnetische Feldlinien.\" width=\"500\" height=\"281\" src=\"https:\/\/www.youtube.com\/embed\/TPc89fB6zcE?start=2&#038;feature=oembed\" frameborder=\"0\" allow=\"accelerometer; autoplay; clipboard-write; encrypted-media; gyroscope; picture-in-picture; web-share\" referrerpolicy=\"strict-origin-when-cross-origin\" allowfullscreen><\/iframe><\/div>\n<p>&nbsp;<\/p>\n<ol>\n<li>Nimm ein St\u00fcck Pappe und lege einen Magneten darunter.<\/li>\n<li>Streuen Sie die Eisensp\u00e4ne auf den Karton.<\/li>\n<li>Du wirst sehen, wie sich die Magnetfeldlinien von einem Pol zum anderen bilden!<\/li>\n<\/ol>\n<h2>SIEHE WEITERE EXPERIMENTIERK\u00c4STEN<\/h2>\n<div class=\"container-youtube\">Weitere Experimente k\u00f6nnen Sie in diesem Abschnitt sehen:\u00a0<a href=\"https:\/\/www.alquera.com\/de\/experimentos-de-ciencias\/\" target=\"_blank\" rel=\"noopener\">Wissenschaftliche Experimente<\/a><\/div>\n<p>&nbsp;<\/p>","protected":false},"excerpt":{"rendered":"<p>Diese einfache \u00dcbung enth\u00e4lt Eisenfeilsp\u00e4ne und einen Magneten, mit dem du mit dem Magnetfeld experimentieren kannst. Sehen Sie sich das Video an und probieren Sie es selbst aus. Um das Kit zu bestellen, folgen Sie einfach den nachstehenden Schritten.<\/p>","protected":false},"featured_media":40493,"comment_status":"open","ping_status":"closed","template":"","meta":{"_acf_changed":false,"site-sidebar-layout":"default","site-content-layout":"default","ast-site-content-layout":"default","site-content-style":"default","site-sidebar-style":"default","ast-global-header-display":"","ast-banner-title-visibility":"","ast-main-header-display":"","ast-hfb-above-header-display":"","ast-hfb-below-header-display":"","ast-hfb-mobile-header-display":"","site-post-title":"","ast-breadcrumbs-content":"","ast-featured-img":"","footer-sml-layout":"","ast-disable-related-posts":"","theme-transparent-header-meta":"default","adv-header-id-meta":"","stick-header-meta":"default","header-above-stick-meta":"","header-main-stick-meta":"","header-below-stick-meta":"","astra-migrate-meta-layouts":"default","ast-page-background-enabled":"default","ast-page-background-meta":{"desktop":{"background-color":"var(--ast-global-color-4)","background-image":"","background-repeat":"repeat","background-position":"center center","background-size":"auto","background-attachment":"scroll","background-type":"","background-media":"","overlay-type":"","overlay-color":"","overlay-opacity":"","overlay-gradient":""},"tablet":{"background-color":"","background-image":"","background-repeat":"repeat","background-position":"center center","background-size":"auto","background-attachment":"scroll","background-type":"","background-media":"","overlay-type":"","overlay-color":"","overlay-opacity":"","overlay-gradient":""},"mobile":{"background-color":"","background-image":"","background-repeat":"repeat","background-position":"center center","background-size":"auto","background-attachment":"scroll","background-type":"","background-media":"","overlay-type":"","overlay-color":"","overlay-opacity":"","overlay-gradient":""}},"ast-content-background-meta":{"desktop":{"background-color":"var(--ast-global-color-5)","background-image":"","background-repeat":"repeat","background-position":"center center","background-size":"auto","background-attachment":"scroll","background-type":"","background-media":"","overlay-type":"","overlay-color":"","overlay-opacity":"","overlay-gradient":""},"tablet":{"background-color":"var(--ast-global-color-5)","background-image":"","background-repeat":"repeat","background-position":"center center","background-size":"auto","background-attachment":"scroll","background-type":"","background-media":"","overlay-type":"","overlay-color":"","overlay-opacity":"","overlay-gradient":""},"mobile":{"background-color":"var(--ast-global-color-5)","background-image":"","background-repeat":"repeat","background-position":"center center","background-size":"auto","background-attachment":"scroll","background-type":"","background-media":"","overlay-type":"","overlay-color":"","overlay-opacity":"","overlay-gradient":""}}},"product_brand":[],"product_cat":[329],"product_tag":[],"class_list":{"0":"post-752","1":"product","2":"type-product","3":"status-publish","4":"has-post-thumbnail","6":"product_cat-experimentos-ciencias","7":"desktop-align-left","8":"tablet-align-left","9":"mobile-align-left","10":"ast-product-gallery-layout-horizontal-slider","11":"ast-magnify-disabled","12":"ast-product-tabs-layout-horizontal","13":"ast-qv-on-image","15":"first","16":"instock","17":"taxable","18":"shipping-taxable","19":"purchasable","20":"product-type-simple"},"acf":[],"yoast_head":"<!-- This site is optimized with the Yoast SEO Premium plugin v27.1 (Yoast SEO v27.1.1) - https:\/\/yoast.com\/product\/yoast-seo-premium-wordpress\/ -->\n<title>Kit Experimento Lineas Campo Magn\u00e9tico. #Exp2: Comprar Online - Alquera.com<\/title>\n<meta name=\"robots\" content=\"index, follow, max-snippet:-1, max-image-preview:large, max-video-preview:-1\" \/>\n<link rel=\"canonical\" href=\"https:\/\/www.alquera.com\/de\/kit-experimento-lineas-campo-magnetico\/\" \/>\n<meta property=\"og:locale\" content=\"de_DE\" \/>\n<meta property=\"og:type\" content=\"article\" \/>\n<meta property=\"og:title\" content=\"Kit Experimento Lineas Campo Magn\u00e9tico. #Exp2: Comprar Online - Alquera.com\" \/>\n<meta property=\"og:description\" content=\"Esta sencilla pr\u00e1ctica incluye unas limaduras de hierro y un im\u00e1n con el que poder experimentar con el campo magn\u00e9tico. Mira el video y realiza la pr\u00e1ctica tu mismo. Para pedir el kit no hay m\u00e1s que seguir los pasos que se indican.\" \/>\n<meta property=\"og:url\" content=\"https:\/\/www.alquera.com\/de\/kit-experimento-lineas-campo-magnetico\/\" \/>\n<meta property=\"og:site_name\" content=\"Alquera.com\" \/>\n<meta property=\"article:publisher\" content=\"https:\/\/www.facebook.com\/alqueraciencia\" \/>\n<meta property=\"article:modified_time\" content=\"2026-01-07T20:40:03+00:00\" \/>\n<meta property=\"og:image\" content=\"https:\/\/www.alquera.com\/wp-content\/uploads\/2017\/03\/KIT-LINEAS-CAMPO-MAGNETICO.png\" \/>\n\t<meta property=\"og:image:width\" content=\"900\" \/>\n\t<meta property=\"og:image:height\" content=\"900\" \/>\n\t<meta property=\"og:image:type\" content=\"image\/png\" \/>\n<meta name=\"twitter:card\" content=\"summary_large_image\" \/>\n<meta name=\"twitter:label1\" content=\"Preis\" \/>\n\t<meta name=\"twitter:data1\" content=\"15,90&euro;\" \/>\n\t<meta name=\"twitter:label2\" content=\"Verf\u00fcgbarkeit\" \/>\n\t<meta name=\"twitter:data2\" content=\"Auf Lager\" \/>\n<script type=\"application\/ld+json\" class=\"yoast-schema-graph\">{\"@context\":\"https:\/\/schema.org\",\"@graph\":[{\"@type\":[\"WebPage\",\"ItemPage\"],\"@id\":\"https:\/\/www.alquera.com\/kit-experimento-lineas-campo-magnetico\/\",\"url\":\"https:\/\/www.alquera.com\/kit-experimento-lineas-campo-magnetico\/\",\"name\":\"Kit Experimento Lineas Campo Magn\u00e9tico. #Exp2: Comprar Online - Alquera.com\",\"isPartOf\":{\"@id\":\"https:\/\/www.alquera.com\/en\/#website\"},\"primaryImageOfPage\":{\"@id\":\"https:\/\/www.alquera.com\/kit-experimento-lineas-campo-magnetico\/#primaryimage\"},\"image\":{\"@id\":\"https:\/\/www.alquera.com\/kit-experimento-lineas-campo-magnetico\/#primaryimage\"},\"thumbnailUrl\":\"https:\/\/www.alquera.com\/wp-content\/uploads\/2017\/03\/KIT-LINEAS-CAMPO-MAGNETICO.png\",\"datePublished\":\"2017-03-27T12:26:45+00:00\",\"dateModified\":\"2026-01-07T20:40:03+00:00\",\"breadcrumb\":{\"@id\":\"https:\/\/www.alquera.com\/kit-experimento-lineas-campo-magnetico\/#breadcrumb\"},\"inLanguage\":\"de\",\"potentialAction\":[{\"@type\":\"ReadAction\",\"target\":[\"https:\/\/www.alquera.com\/kit-experimento-lineas-campo-magnetico\/\"]}]},{\"@type\":\"ImageObject\",\"inLanguage\":\"de\",\"@id\":\"https:\/\/www.alquera.com\/kit-experimento-lineas-campo-magnetico\/#primaryimage\",\"url\":\"https:\/\/www.alquera.com\/wp-content\/uploads\/2017\/03\/KIT-LINEAS-CAMPO-MAGNETICO.png\",\"contentUrl\":\"https:\/\/www.alquera.com\/wp-content\/uploads\/2017\/03\/KIT-LINEAS-CAMPO-MAGNETICO.png\",\"width\":900,\"height\":900,\"caption\":\"kit lineas campo magnetico\"},{\"@type\":\"BreadcrumbList\",\"@id\":\"https:\/\/www.alquera.com\/kit-experimento-lineas-campo-magnetico\/#breadcrumb\",\"itemListElement\":[{\"@type\":\"ListItem\",\"position\":1,\"name\":\"Inicio\",\"item\":\"https:\/\/www.alquera.com\/\"},{\"@type\":\"ListItem\",\"position\":2,\"name\":\"Alquera.com: Tienda Online de Productos Qu\u00edmicos y Material de Laboratorio\",\"item\":\"https:\/\/www.alquera.com\/en\/tienda\/\"},{\"@type\":\"ListItem\",\"position\":3,\"name\":\"Kit Experimento Lineas Campo Magn\u00e9tico. #Exp2\"}]},{\"@type\":\"WebSite\",\"@id\":\"https:\/\/www.alquera.com\/en\/#website\",\"url\":\"https:\/\/www.alquera.com\/en\/\",\"name\":\"Alquera.com\",\"description\":\"Tienda Online Productos Qu\u00edmicos y Material de Laboratorio\",\"publisher\":{\"@id\":\"https:\/\/www.alquera.com\/en\/#organization\"},\"potentialAction\":[{\"@type\":\"SearchAction\",\"target\":{\"@type\":\"EntryPoint\",\"urlTemplate\":\"https:\/\/www.alquera.com\/en\/?s={search_term_string}\"},\"query-input\":{\"@type\":\"PropertyValueSpecification\",\"valueRequired\":true,\"valueName\":\"search_term_string\"}}],\"inLanguage\":\"de\"},{\"@type\":\"Organization\",\"@id\":\"https:\/\/www.alquera.com\/en\/#organization\",\"name\":\"ALQUERA CIENCIA SL\",\"url\":\"https:\/\/www.alquera.com\/en\/\",\"logo\":{\"@type\":\"ImageObject\",\"inLanguage\":\"de\",\"@id\":\"https:\/\/www.alquera.com\/en\/#\/schema\/logo\/image\/\",\"url\":\"https:\/\/www.alquera.com\/wp-content\/uploads\/2020\/11\/logo_300_ancho.png\",\"contentUrl\":\"https:\/\/www.alquera.com\/wp-content\/uploads\/2020\/11\/logo_300_ancho.png\",\"width\":300,\"height\":86,\"caption\":\"ALQUERA CIENCIA SL\"},\"image\":{\"@id\":\"https:\/\/www.alquera.com\/en\/#\/schema\/logo\/image\/\"},\"sameAs\":[\"https:\/\/www.facebook.com\/alqueraciencia\",\"https:\/\/www.instagram.com\/alquera_ciencia\/\",\"https:\/\/www.youtube.com\/c\/alquera\"]}]}<\/script>\n<meta property=\"product:price:amount\" content=\"15.90\" \/>\n<meta property=\"product:price:currency\" content=\"EUR\" \/>\n<meta property=\"og:availability\" content=\"instock\" \/>\n<meta property=\"product:availability\" content=\"instock\" \/>\n<meta property=\"product:condition\" content=\"new\" \/>\n<!-- \/ Yoast SEO Premium plugin. -->","yoast_head_json":{"title":"Magnetische Feldlinien Experimentierkasten. #Exp2: Online kaufen - Alquera.com","robots":{"index":"index","follow":"follow","max-snippet":"max-snippet:-1","max-image-preview":"max-image-preview:large","max-video-preview":"max-video-preview:-1"},"canonical":"https:\/\/www.alquera.com\/de\/kit-experimento-lineas-campo-magnetico\/","og_locale":"de_DE","og_type":"article","og_title":"Kit Experimento Lineas Campo Magn\u00e9tico. #Exp2: Comprar Online - Alquera.com","og_description":"Esta sencilla pr\u00e1ctica incluye unas limaduras de hierro y un im\u00e1n con el que poder experimentar con el campo magn\u00e9tico. Mira el video y realiza la pr\u00e1ctica tu mismo. Para pedir el kit no hay m\u00e1s que seguir los pasos que se indican.","og_url":"https:\/\/www.alquera.com\/de\/kit-experimento-lineas-campo-magnetico\/","og_site_name":"Alquera.com","article_publisher":"https:\/\/www.facebook.com\/alqueraciencia","article_modified_time":"2026-01-07T20:40:03+00:00","og_image":[{"width":900,"height":900,"url":"https:\/\/www.alquera.com\/wp-content\/uploads\/2017\/03\/KIT-LINEAS-CAMPO-MAGNETICO.png","type":"image\/png"}],"twitter_card":"summary_large_image","twitter_misc":{"Preis":"15,90&euro;","Verf\u00fcgbarkeit":"Auf Lager"},"schema":{"@context":"https:\/\/schema.org","@graph":[{"@type":["WebPage","ItemPage"],"@id":"https:\/\/www.alquera.com\/kit-experimento-lineas-campo-magnetico\/","url":"https:\/\/www.alquera.com\/kit-experimento-lineas-campo-magnetico\/","name":"Magnetische Feldlinien Experimentierkasten. #Exp2: Online kaufen - Alquera.com","isPartOf":{"@id":"https:\/\/www.alquera.com\/en\/#website"},"primaryImageOfPage":{"@id":"https:\/\/www.alquera.com\/kit-experimento-lineas-campo-magnetico\/#primaryimage"},"image":{"@id":"https:\/\/www.alquera.com\/kit-experimento-lineas-campo-magnetico\/#primaryimage"},"thumbnailUrl":"https:\/\/www.alquera.com\/wp-content\/uploads\/2017\/03\/KIT-LINEAS-CAMPO-MAGNETICO.png","datePublished":"2017-03-27T12:26:45+00:00","dateModified":"2026-01-07T20:40:03+00:00","breadcrumb":{"@id":"https:\/\/www.alquera.com\/kit-experimento-lineas-campo-magnetico\/#breadcrumb"},"inLanguage":"de","potentialAction":[{"@type":"ReadAction","target":["https:\/\/www.alquera.com\/kit-experimento-lineas-campo-magnetico\/"]}]},{"@type":"ImageObject","inLanguage":"de","@id":"https:\/\/www.alquera.com\/kit-experimento-lineas-campo-magnetico\/#primaryimage","url":"https:\/\/www.alquera.com\/wp-content\/uploads\/2017\/03\/KIT-LINEAS-CAMPO-MAGNETICO.png","contentUrl":"https:\/\/www.alquera.com\/wp-content\/uploads\/2017\/03\/KIT-LINEAS-CAMPO-MAGNETICO.png","width":900,"height":900,"caption":"kit lineas campo magnetico"},{"@type":"BreadcrumbList","@id":"https:\/\/www.alquera.com\/kit-experimento-lineas-campo-magnetico\/#breadcrumb","itemListElement":[{"@type":"ListItem","position":1,"name":"Inicio","item":"https:\/\/www.alquera.com\/"},{"@type":"ListItem","position":2,"name":"Alquera.com: Tienda Online de Productos Qu\u00edmicos y Material de Laboratorio","item":"https:\/\/www.alquera.com\/en\/tienda\/"},{"@type":"ListItem","position":3,"name":"Kit Experimento Lineas Campo Magn\u00e9tico. #Exp2"}]},{"@type":"WebSite","@id":"https:\/\/www.alquera.com\/en\/#website","url":"https:\/\/www.alquera.com\/en\/","name":"Alquera.com","description":"Online Shop Chemische Produkte und Laborger\u00e4te","publisher":{"@id":"https:\/\/www.alquera.com\/en\/#organization"},"potentialAction":[{"@type":"SearchAction","target":{"@type":"EntryPoint","urlTemplate":"https:\/\/www.alquera.com\/en\/?s={search_term_string}"},"query-input":{"@type":"PropertyValueSpecification","valueRequired":true,"valueName":"search_term_string"}}],"inLanguage":"de"},{"@type":"Organization","@id":"https:\/\/www.alquera.com\/en\/#organization","name":"ALQUERA CIENCIA SL","url":"https:\/\/www.alquera.com\/en\/","logo":{"@type":"ImageObject","inLanguage":"de","@id":"https:\/\/www.alquera.com\/en\/#\/schema\/logo\/image\/","url":"https:\/\/www.alquera.com\/wp-content\/uploads\/2020\/11\/logo_300_ancho.png","contentUrl":"https:\/\/www.alquera.com\/wp-content\/uploads\/2020\/11\/logo_300_ancho.png","width":300,"height":86,"caption":"ALQUERA CIENCIA SL"},"image":{"@id":"https:\/\/www.alquera.com\/en\/#\/schema\/logo\/image\/"},"sameAs":["https:\/\/www.facebook.com\/alqueraciencia","https:\/\/www.instagram.com\/alquera_ciencia\/","https:\/\/www.youtube.com\/c\/alquera"]}]},"product_price_amount":"15.90","product_price_currency":"EUR","og_availability":"instock","product_availability":"instock","product_condition":"new"},"_links":{"self":[{"href":"https:\/\/www.alquera.com\/de\/wp-json\/wp\/v2\/product\/752","targetHints":{"allow":["GET"]}}],"collection":[{"href":"https:\/\/www.alquera.com\/de\/wp-json\/wp\/v2\/product"}],"about":[{"href":"https:\/\/www.alquera.com\/de\/wp-json\/wp\/v2\/types\/product"}],"replies":[{"embeddable":true,"href":"https:\/\/www.alquera.com\/de\/wp-json\/wp\/v2\/comments?post=752"}],"wp:featuredmedia":[{"embeddable":true,"href":"https:\/\/www.alquera.com\/de\/wp-json\/wp\/v2\/media\/40493"}],"wp:attachment":[{"href":"https:\/\/www.alquera.com\/de\/wp-json\/wp\/v2\/media?parent=752"}],"wp:term":[{"taxonomy":"product_brand","embeddable":true,"href":"https:\/\/www.alquera.com\/de\/wp-json\/wp\/v2\/product_brand?post=752"},{"taxonomy":"product_cat","embeddable":true,"href":"https:\/\/www.alquera.com\/de\/wp-json\/wp\/v2\/product_cat?post=752"},{"taxonomy":"product_tag","embeddable":true,"href":"https:\/\/www.alquera.com\/de\/wp-json\/wp\/v2\/product_tag?post=752"}],"curies":[{"name":"wp","href":"https:\/\/api.w.org\/{rel}","templated":true}]}}