{"id":853,"date":"2017-06-29T13:42:49","date_gmt":"2017-06-29T13:42:49","guid":{"rendered":"http:\/\/localhost\/alquera\/productos\/producto\/azufre-micronizado-tecnico-5kg\/"},"modified":"2026-05-10T11:10:56","modified_gmt":"2026-05-10T11:10:56","slug":"azufre-micronizado-tecnico","status":"publish","type":"product","link":"https:\/\/www.alquera.com\/de\/azufre-micronizado-tecnico\/","title":{"rendered":"Technischer Mikronisierter Schwefel"},"content":{"rendered":"<p>Schwefel ist ein nichtmetallisches chemisches Element von stark gelblicher Farbe, das mit blauer Flamme unter Bildung von Schwefeldioxid verbrennt, in Wasser unl\u00f6slich ist, sich aber in Schwefelkohlenstoff l\u00f6st.<\/p>\n<h2>IDENTIFIZIERUNG UND EIGENSCHAFTEN<\/h2>\n<p><strong>Name:<\/strong> Schwefel<br \/>\n<strong>CAS:<\/strong> 7704-34-9<br \/>\n<strong>EC:<\/strong> 231-722-6<br \/>\n<strong>Zusammensetzung:<\/strong> Schwefel 98,5 % w\/w<\/p>\n<ul>\n<li>Erscheinungsbild: Festes, gelbes Pulver<\/li>\n<li>Geruch: W\u00fcrzig<\/li>\n<li>Schmelzpunkt: 119\u00baC<\/li>\n<li>Entflammbarkeitstemperatur: Geschlossener Beh\u00e4lter: 207\u00baC<\/li>\n<li>Entflammbarkeit (fest \/ gasf\u00f6rmig): Entflammbar in Gegenwart von offenen Flammen, Funken und statischen Entladungen und Hitze.<\/li>\n<li>Verbrennungszeit: &gt;4 Minuten<\/li>\n<li>Verbrennungsgeschwindigkeit: &lt;200 mm\/s<\/li>\n<li>Entflammbarkeitsgrenzen: Mindestpunkt: 0,17% H\u00f6chstpunkt: 6,83%<\/li>\n<li>Dampfdruck (20\u00baC): &lt;0,000013 kPa<\/li>\n<li>Dampfdichte (Luft=1): 1790<\/li>\n<li>Relative Dichte: 1,8<\/li>\n<li>Dichte: 2,1 g\/cm3<\/li>\n<li>L\u00f6slichkeit in Wasser (20\u00baC): Unl\u00f6slich<\/li>\n<li>Selbstentz\u00fcndungstemperatur: 232\u00baC<\/li>\n<li>Molekulargewicht: 32,06 g\/mol<\/li>\n<\/ul>\n<h2>ANWENDUNGEN<\/h2>\n<ul>\n<li>Verwendung in Agrochemikalien - Verbraucher\/Industrie<\/li>\n<li>Verwendung als Zwischenprodukt - Industrie<\/li>\n<li>Verteilung des Stoffes<\/li>\n<li>Gummiherstellung und -verarbeitung - Industrie<\/li>\n<li>Brennstoffeinsatz - Industrie<\/li>\n<li>Herstellung und Anwendung von Sprengstoffen - Professional<\/li>\n<li>Stoffherstellung - Industrie<\/li>\n<li>Formulierung und (Um-)Verpackung - Industrie<\/li>\n<li>Einsatz im Bau- und Stra\u00dfenwesen - Professional<\/li>\n<li>Verwendung als Bindemittel und Trennmittel - Industrial \/ Professional<\/li>\n<\/ul>\n<p>&nbsp;<\/p>\n<p>&nbsp;<\/p>\n<p>&nbsp;<\/p>\n<p>&nbsp;<\/p>\n<p>&nbsp;<\/p>\n<p>&nbsp;<\/p>\n<p>&nbsp;<\/p>\n<p>&nbsp;<\/p>\n<p>&nbsp;<\/p>\n<p>&nbsp;<\/p>\n<p>&nbsp;<\/p>\n<p>&nbsp;<\/p>\n<p>&nbsp;<\/p>\n<p>&nbsp;<\/p>\n<p>&nbsp;<\/p>\n<p>&nbsp;<\/p>\n<p>&nbsp;<\/p>\n<p>&nbsp;<\/p>\n<p>&nbsp;<\/p>\n<p>&nbsp;<\/p>\n<p>&nbsp;<\/p>\n<p>&nbsp;<\/p>\n<p>&nbsp;<\/p>","protected":false},"excerpt":{"rendered":"<p>Kaufen Sie technischen mikronisierten Schwefel von 100g-Packungen bis zu 25kg-S\u00e4cken. Sie k\u00f6nnen den Preis f\u00fcr die verschiedenen Formate von Sulphur sehen, wenn Sie das gew\u00fcnschte Format ausw\u00e4hlen. Die Bestellung erfolgt direkt \u00fcber das Internet, wobei die angegebenen Schritte befolgt werden, und die Lieferung erfolgt innerhalb von 24\/48 Stunden.<\/p>","protected":false},"featured_media":851,"comment_status":"open","ping_status":"closed","template":"","meta":{"_acf_changed":false,"site-sidebar-layout":"default","site-content-layout":"default","ast-site-content-layout":"default","site-content-style":"default","site-sidebar-style":"default","ast-global-header-display":"","ast-banner-title-visibility":"","ast-main-header-display":"","ast-hfb-above-header-display":"","ast-hfb-below-header-display":"","ast-hfb-mobile-header-display":"","site-post-title":"","ast-breadcrumbs-content":"","ast-featured-img":"","footer-sml-layout":"","ast-disable-related-posts":"","theme-transparent-header-meta":"default","adv-header-id-meta":"","stick-header-meta":"default","header-above-stick-meta":"","header-main-stick-meta":"","header-below-stick-meta":"","astra-migrate-meta-layouts":"set","ast-page-background-enabled":"default","ast-page-background-meta":{"desktop":{"background-color":"var(--ast-global-color-4)","background-image":"","background-repeat":"repeat","background-position":"center center","background-size":"auto","background-attachment":"scroll","background-type":"","background-media":"","overlay-type":"","overlay-color":"","overlay-opacity":"","overlay-gradient":""},"tablet":{"background-color":"","background-image":"","background-repeat":"repeat","background-position":"center center","background-size":"auto","background-attachment":"scroll","background-type":"","background-media":"","overlay-type":"","overlay-color":"","overlay-opacity":"","overlay-gradient":""},"mobile":{"background-color":"","background-image":"","background-repeat":"repeat","background-position":"center center","background-size":"auto","background-attachment":"scroll","background-type":"","background-media":"","overlay-type":"","overlay-color":"","overlay-opacity":"","overlay-gradient":""}},"ast-content-background-meta":{"desktop":{"background-color":"var(--ast-global-color-5)","background-image":"","background-repeat":"repeat","background-position":"center center","background-size":"auto","background-attachment":"scroll","background-type":"","background-media":"","overlay-type":"","overlay-color":"","overlay-opacity":"","overlay-gradient":""},"tablet":{"background-color":"var(--ast-global-color-5)","background-image":"","background-repeat":"repeat","background-position":"center center","background-size":"auto","background-attachment":"scroll","background-type":"","background-media":"","overlay-type":"","overlay-color":"","overlay-opacity":"","overlay-gradient":""},"mobile":{"background-color":"var(--ast-global-color-5)","background-image":"","background-repeat":"repeat","background-position":"center center","background-size":"auto","background-attachment":"scroll","background-type":"","background-media":"","overlay-type":"","overlay-color":"","overlay-opacity":"","overlay-gradient":""}}},"product_brand":[],"product_cat":[213,21],"product_tag":[],"class_list":{"0":"post-853","1":"product","2":"type-product","3":"status-publish","4":"has-post-thumbnail","6":"product_cat-agroquimicos","7":"product_cat-productos","8":"pa_cantidad-100g","9":"pa_cantidad-1kg","10":"pa_cantidad-5kg","11":"pa_cantidad-25kg","12":"desktop-align-left","13":"tablet-align-left","14":"mobile-align-left","15":"ast-product-gallery-layout-horizontal-slider","16":"ast-magnify-disabled","17":"ast-product-single-variable","18":"ast-product-tabs-layout-horizontal","19":"ast-qv-on-image","21":"first","22":"instock","23":"taxable","24":"shipping-taxable","25":"purchasable","26":"product-type-variable","27":"has-default-attributes"},"acf":[],"yoast_head":"<!-- This site is optimized with the Yoast SEO Premium plugin v27.1 (Yoast SEO v27.1.1) - https:\/\/yoast.com\/product\/yoast-seo-premium-wordpress\/ -->\n<title>Azufre Micronizado Tecnico : Comprar Online - Alquera.com<\/title>\n<meta name=\"description\" content=\"Comprar Azufre Micronizado T\u00e9cnico en Alquera. Uso como Fungicida - Acaricida. Env\u00edos en 24\/48h a toda la Pen\u00ednsula.\" \/>\n<meta name=\"robots\" content=\"index, follow, max-snippet:-1, max-image-preview:large, max-video-preview:-1\" \/>\n<link rel=\"canonical\" href=\"https:\/\/www.alquera.com\/de\/azufre-micronizado-tecnico\/\" \/>\n<meta property=\"og:locale\" content=\"de_DE\" \/>\n<meta property=\"og:type\" content=\"article\" \/>\n<meta property=\"og:title\" content=\"Azufre Micronizado Tecnico: Comprar Online - Alquera.com\" \/>\n<meta property=\"og:description\" content=\"Comprar Azufre Micronizado T\u00e9cnico en Alquera. Uso como Fungicida - Acaricida. Env\u00edos en 24\/48h a toda la Pen\u00ednsula.\" \/>\n<meta property=\"og:url\" content=\"https:\/\/www.alquera.com\/de\/azufre-micronizado-tecnico\/\" \/>\n<meta property=\"og:site_name\" content=\"Alquera.com\" \/>\n<meta property=\"article:publisher\" content=\"https:\/\/www.facebook.com\/alqueraciencia\" \/>\n<meta property=\"article:modified_time\" content=\"2026-05-10T11:10:56+00:00\" \/>\n<meta property=\"og:image\" content=\"https:\/\/www.alquera.com\/wp-content\/uploads\/2017\/06\/1137-thickbox_default-Azufre-Micronizado-Tecnico-5Kg.jpg\" \/>\n\t<meta property=\"og:image:width\" content=\"800\" \/>\n\t<meta property=\"og:image:height\" content=\"800\" \/>\n\t<meta property=\"og:image:type\" content=\"image\/jpeg\" \/>\n<meta name=\"twitter:card\" content=\"summary_large_image\" \/>\n<meta name=\"twitter:label1\" content=\"Verf\u00fcgbarkeit\" \/>\n\t<meta name=\"twitter:data1\" content=\"Auf Lager\" \/>\n<script type=\"application\/ld+json\" class=\"yoast-schema-graph\">{\"@context\":\"https:\/\/schema.org\",\"@graph\":[{\"@type\":[\"WebPage\",\"ItemPage\"],\"@id\":\"https:\/\/www.alquera.com\/azufre-micronizado-tecnico\/\",\"url\":\"https:\/\/www.alquera.com\/azufre-micronizado-tecnico\/\",\"name\":\"Azufre Micronizado Tecnico : Comprar Online - Alquera.com\",\"isPartOf\":{\"@id\":\"https:\/\/www.alquera.com\/en\/#website\"},\"primaryImageOfPage\":{\"@id\":\"https:\/\/www.alquera.com\/azufre-micronizado-tecnico\/#primaryimage\"},\"image\":{\"@id\":\"https:\/\/www.alquera.com\/azufre-micronizado-tecnico\/#primaryimage\"},\"thumbnailUrl\":\"https:\/\/www.alquera.com\/wp-content\/uploads\/2017\/06\/1137-thickbox_default-Azufre-Micronizado-Tecnico-5Kg.jpg\",\"datePublished\":\"2017-06-29T13:42:49+00:00\",\"dateModified\":\"2026-05-10T11:10:56+00:00\",\"description\":\"Comprar Azufre Micronizado T\u00e9cnico en Alquera. Uso como Fungicida - Acaricida. Env\u00edos en 24\/48h a toda la Pen\u00ednsula.\",\"breadcrumb\":{\"@id\":\"https:\/\/www.alquera.com\/azufre-micronizado-tecnico\/#breadcrumb\"},\"inLanguage\":\"de\",\"potentialAction\":[{\"@type\":\"ReadAction\",\"target\":[\"https:\/\/www.alquera.com\/azufre-micronizado-tecnico\/\"]}]},{\"@type\":\"ImageObject\",\"inLanguage\":\"de\",\"@id\":\"https:\/\/www.alquera.com\/azufre-micronizado-tecnico\/#primaryimage\",\"url\":\"https:\/\/www.alquera.com\/wp-content\/uploads\/2017\/06\/1137-thickbox_default-Azufre-Micronizado-Tecnico-5Kg.jpg\",\"contentUrl\":\"https:\/\/www.alquera.com\/wp-content\/uploads\/2017\/06\/1137-thickbox_default-Azufre-Micronizado-Tecnico-5Kg.jpg\",\"width\":800,\"height\":800,\"caption\":\"Azufre Micronizado Tecnico\"},{\"@type\":\"BreadcrumbList\",\"@id\":\"https:\/\/www.alquera.com\/azufre-micronizado-tecnico\/#breadcrumb\",\"itemListElement\":[{\"@type\":\"ListItem\",\"position\":1,\"name\":\"Inicio\",\"item\":\"https:\/\/www.alquera.com\/\"},{\"@type\":\"ListItem\",\"position\":2,\"name\":\"Alquera.com: Tienda Online de Productos Qu\u00edmicos y Material de Laboratorio\",\"item\":\"https:\/\/www.alquera.com\/en\/tienda\/\"},{\"@type\":\"ListItem\",\"position\":3,\"name\":\"Azufre Micronizado Tecnico\"}]},{\"@type\":\"WebSite\",\"@id\":\"https:\/\/www.alquera.com\/en\/#website\",\"url\":\"https:\/\/www.alquera.com\/en\/\",\"name\":\"Alquera.com\",\"description\":\"Tienda Online Productos Qu\u00edmicos y Material de Laboratorio\",\"publisher\":{\"@id\":\"https:\/\/www.alquera.com\/en\/#organization\"},\"potentialAction\":[{\"@type\":\"SearchAction\",\"target\":{\"@type\":\"EntryPoint\",\"urlTemplate\":\"https:\/\/www.alquera.com\/en\/?s={search_term_string}\"},\"query-input\":{\"@type\":\"PropertyValueSpecification\",\"valueRequired\":true,\"valueName\":\"search_term_string\"}}],\"inLanguage\":\"de\"},{\"@type\":\"Organization\",\"@id\":\"https:\/\/www.alquera.com\/en\/#organization\",\"name\":\"ALQUERA CIENCIA SL\",\"url\":\"https:\/\/www.alquera.com\/en\/\",\"logo\":{\"@type\":\"ImageObject\",\"inLanguage\":\"de\",\"@id\":\"https:\/\/www.alquera.com\/en\/#\/schema\/logo\/image\/\",\"url\":\"https:\/\/www.alquera.com\/wp-content\/uploads\/2020\/11\/logo_300_ancho.png\",\"contentUrl\":\"https:\/\/www.alquera.com\/wp-content\/uploads\/2020\/11\/logo_300_ancho.png\",\"width\":300,\"height\":86,\"caption\":\"ALQUERA CIENCIA SL\"},\"image\":{\"@id\":\"https:\/\/www.alquera.com\/en\/#\/schema\/logo\/image\/\"},\"sameAs\":[\"https:\/\/www.facebook.com\/alqueraciencia\",\"https:\/\/www.instagram.com\/alquera_ciencia\/\",\"https:\/\/www.youtube.com\/c\/alquera\"]}]}<\/script>\n<meta property=\"og:availability\" content=\"instock\" \/>\n<meta property=\"product:availability\" content=\"instock\" \/>\n<meta property=\"product:retailer_item_id\" content=\"ALCS15_5\" \/>\n<meta property=\"product:condition\" content=\"new\" \/>\n<!-- \/ Yoast SEO Premium plugin. -->","yoast_head_json":{"title":"Technischer mikronisierter Schwefel : Online kaufen - Alquera.com","description":"Technischen mikronisierten Schwefel in Alquera kaufen. Verwendung als Fungizid - Akarizid. Lieferungen in 24\/48h auf alle Halbinseln.","robots":{"index":"index","follow":"follow","max-snippet":"max-snippet:-1","max-image-preview":"max-image-preview:large","max-video-preview":"max-video-preview:-1"},"canonical":"https:\/\/www.alquera.com\/de\/azufre-micronizado-tecnico\/","og_locale":"de_DE","og_type":"article","og_title":"Azufre Micronizado Tecnico: Comprar Online - Alquera.com","og_description":"Comprar Azufre Micronizado T\u00e9cnico en Alquera. Uso como Fungicida - Acaricida. Env\u00edos en 24\/48h a toda la Pen\u00ednsula.","og_url":"https:\/\/www.alquera.com\/de\/azufre-micronizado-tecnico\/","og_site_name":"Alquera.com","article_publisher":"https:\/\/www.facebook.com\/alqueraciencia","article_modified_time":"2026-05-10T11:10:56+00:00","og_image":[{"width":800,"height":800,"url":"https:\/\/www.alquera.com\/wp-content\/uploads\/2017\/06\/1137-thickbox_default-Azufre-Micronizado-Tecnico-5Kg.jpg","type":"image\/jpeg"}],"twitter_card":"summary_large_image","twitter_misc":{"Verf\u00fcgbarkeit":"Auf Lager"},"schema":{"@context":"https:\/\/schema.org","@graph":[{"@type":["WebPage","ItemPage"],"@id":"https:\/\/www.alquera.com\/azufre-micronizado-tecnico\/","url":"https:\/\/www.alquera.com\/azufre-micronizado-tecnico\/","name":"Technischer mikronisierter Schwefel : Online kaufen - Alquera.com","isPartOf":{"@id":"https:\/\/www.alquera.com\/en\/#website"},"primaryImageOfPage":{"@id":"https:\/\/www.alquera.com\/azufre-micronizado-tecnico\/#primaryimage"},"image":{"@id":"https:\/\/www.alquera.com\/azufre-micronizado-tecnico\/#primaryimage"},"thumbnailUrl":"https:\/\/www.alquera.com\/wp-content\/uploads\/2017\/06\/1137-thickbox_default-Azufre-Micronizado-Tecnico-5Kg.jpg","datePublished":"2017-06-29T13:42:49+00:00","dateModified":"2026-05-10T11:10:56+00:00","description":"Technischen mikronisierten Schwefel in Alquera kaufen. Verwendung als Fungizid - Akarizid. Lieferungen in 24\/48h auf alle Halbinseln.","breadcrumb":{"@id":"https:\/\/www.alquera.com\/azufre-micronizado-tecnico\/#breadcrumb"},"inLanguage":"de","potentialAction":[{"@type":"ReadAction","target":["https:\/\/www.alquera.com\/azufre-micronizado-tecnico\/"]}]},{"@type":"ImageObject","inLanguage":"de","@id":"https:\/\/www.alquera.com\/azufre-micronizado-tecnico\/#primaryimage","url":"https:\/\/www.alquera.com\/wp-content\/uploads\/2017\/06\/1137-thickbox_default-Azufre-Micronizado-Tecnico-5Kg.jpg","contentUrl":"https:\/\/www.alquera.com\/wp-content\/uploads\/2017\/06\/1137-thickbox_default-Azufre-Micronizado-Tecnico-5Kg.jpg","width":800,"height":800,"caption":"Azufre Micronizado Tecnico"},{"@type":"BreadcrumbList","@id":"https:\/\/www.alquera.com\/azufre-micronizado-tecnico\/#breadcrumb","itemListElement":[{"@type":"ListItem","position":1,"name":"Inicio","item":"https:\/\/www.alquera.com\/"},{"@type":"ListItem","position":2,"name":"Alquera.com: Tienda Online de Productos Qu\u00edmicos y Material de Laboratorio","item":"https:\/\/www.alquera.com\/en\/tienda\/"},{"@type":"ListItem","position":3,"name":"Azufre Micronizado Tecnico"}]},{"@type":"WebSite","@id":"https:\/\/www.alquera.com\/en\/#website","url":"https:\/\/www.alquera.com\/en\/","name":"Alquera.com","description":"Online Shop Chemische Produkte und Laborger\u00e4te","publisher":{"@id":"https:\/\/www.alquera.com\/en\/#organization"},"potentialAction":[{"@type":"SearchAction","target":{"@type":"EntryPoint","urlTemplate":"https:\/\/www.alquera.com\/en\/?s={search_term_string}"},"query-input":{"@type":"PropertyValueSpecification","valueRequired":true,"valueName":"search_term_string"}}],"inLanguage":"de"},{"@type":"Organization","@id":"https:\/\/www.alquera.com\/en\/#organization","name":"ALQUERA CIENCIA SL","url":"https:\/\/www.alquera.com\/en\/","logo":{"@type":"ImageObject","inLanguage":"de","@id":"https:\/\/www.alquera.com\/en\/#\/schema\/logo\/image\/","url":"https:\/\/www.alquera.com\/wp-content\/uploads\/2020\/11\/logo_300_ancho.png","contentUrl":"https:\/\/www.alquera.com\/wp-content\/uploads\/2020\/11\/logo_300_ancho.png","width":300,"height":86,"caption":"ALQUERA CIENCIA SL"},"image":{"@id":"https:\/\/www.alquera.com\/en\/#\/schema\/logo\/image\/"},"sameAs":["https:\/\/www.facebook.com\/alqueraciencia","https:\/\/www.instagram.com\/alquera_ciencia\/","https:\/\/www.youtube.com\/c\/alquera"]}]},"og_availability":"instock","product_availability":"instock","product_retailer_item_id":"ALCS15_5","product_condition":"new"},"_links":{"self":[{"href":"https:\/\/www.alquera.com\/de\/wp-json\/wp\/v2\/product\/853","targetHints":{"allow":["GET"]}}],"collection":[{"href":"https:\/\/www.alquera.com\/de\/wp-json\/wp\/v2\/product"}],"about":[{"href":"https:\/\/www.alquera.com\/de\/wp-json\/wp\/v2\/types\/product"}],"replies":[{"embeddable":true,"href":"https:\/\/www.alquera.com\/de\/wp-json\/wp\/v2\/comments?post=853"}],"wp:featuredmedia":[{"embeddable":true,"href":"https:\/\/www.alquera.com\/de\/wp-json\/wp\/v2\/media\/851"}],"wp:attachment":[{"href":"https:\/\/www.alquera.com\/de\/wp-json\/wp\/v2\/media?parent=853"}],"wp:term":[{"taxonomy":"product_brand","embeddable":true,"href":"https:\/\/www.alquera.com\/de\/wp-json\/wp\/v2\/product_brand?post=853"},{"taxonomy":"product_cat","embeddable":true,"href":"https:\/\/www.alquera.com\/de\/wp-json\/wp\/v2\/product_cat?post=853"},{"taxonomy":"product_tag","embeddable":true,"href":"https:\/\/www.alquera.com\/de\/wp-json\/wp\/v2\/product_tag?post=853"}],"curies":[{"name":"wp","href":"https:\/\/api.w.org\/{rel}","templated":true}]}}