{"id":861,"date":"2017-06-29T14:36:30","date_gmt":"2017-06-29T14:36:30","guid":{"rendered":"http:\/\/localhost\/alquera\/productos\/producto\/bicarbonato-de-potasio-5kg\/"},"modified":"2026-05-10T08:47:55","modified_gmt":"2026-05-10T08:47:55","slug":"bicarbonato-de-potasio","status":"publish","type":"product","link":"https:\/\/www.alquera.com\/de\/bicarbonato-de-potasio\/","title":{"rendered":"Kaliumhydrogencarbonat"},"content":{"rendered":"<h2>IDENTIFIZIERUNG UND EIGENSCHAFTEN KALIUMBICARBONAT DES KALIUMS<\/h2>\n<p><strong>Name:<\/strong> Kaliumhydrogencarbonat<br \/>\n<strong>Synonyme:<\/strong>\u00a0Kaliumhydrogencarbonat, Bicarbonat<br \/>\n<strong>Chemische Formel:<\/strong> KHCO3<br \/>\n<strong>CAS:<\/strong> 298-14-6<br \/>\n<strong>EC:<\/strong> 206-059-0<br \/>\n<strong>Toxikologie<\/strong>Tox.cat: IV Schwach giftig. Wiederbetretungsfrist: Kein Wiederbetretungsintervall vor der Ernte erforderlich, kann auch nach der Ernte verwendet werden.<\/p>\n<ul>\n<li>Physikalischer Zustand (20\u00baC): Fest - Staub<\/li>\n<li>Farbe: Wei\u00df<\/li>\n<li>Geruch: Geruchlos<\/li>\n<li>Startpunkt\/Siedepunkt\/Siedebereich: &gt;100\u00baC<\/li>\n<li>Entflammbarkeit: Nicht entflammbar. Nicht brennbar.<\/li>\n<li>Schmelzpunkt: &gt;100\u00baC<\/li>\n<li>Zersetzungstemperatur: 100-120\u00baC<\/li>\n<li>L\u00f6slichkeit: Sehr gut l\u00f6slich in Wasser, 224-362 g\/L 20\u00baC (ECHA)<\/li>\n<li>Verteilungskoeffizient (n-Oktanol\/Wasser) (logarithmischer Wert): Gem\u00e4\u00df der REACH-Verordnung \u00e7 (Anhang VII, 7.8, Spalte II) ist die Untersuchung des n-Oktanol\/Wasser-Verteilungskoeffizienten nicht erforderlich, da die Chemikalie anorganisch ist.<\/li>\n<li>Relative Dichte (Wasser=1): 2,17<\/li>\n<\/ul>\n<h2>ANWENDUNGEN<\/h2>\n<ul>\n<li>Industrielle Nutzung<\/li>\n<li>Professioneller Einsatz<\/li>\n<li>Labor<\/li>\n<li>pH-Regler<\/li>\n<li>Chemische Synthese<\/li>\n<li>Rohmaterialien<\/li>\n<\/ul>","protected":false},"excerpt":{"rendered":"<p>Kaufen Sie Kaliumbicarbonat von 250g-Paketen bis zu 25kg-S\u00e4cken. Der Preis f\u00fcr die verschiedenen Formate von Kaliumbicarbonat ist ersichtlich, wenn Sie das gew\u00fcnschte Format ausw\u00e4hlen. Die Bestellung erfolgt direkt \u00fcber das Internet, wobei die angegebenen Schritte befolgt werden, und die Lieferung erfolgt innerhalb von 24\/48 Stunden.<\/p>","protected":false},"featured_media":35747,"comment_status":"open","ping_status":"closed","template":"","meta":{"_acf_changed":false,"site-sidebar-layout":"default","site-content-layout":"default","ast-site-content-layout":"default","site-content-style":"default","site-sidebar-style":"default","ast-global-header-display":"","ast-banner-title-visibility":"","ast-main-header-display":"","ast-hfb-above-header-display":"","ast-hfb-below-header-display":"","ast-hfb-mobile-header-display":"","site-post-title":"","ast-breadcrumbs-content":"","ast-featured-img":"","footer-sml-layout":"","ast-disable-related-posts":"","theme-transparent-header-meta":"default","adv-header-id-meta":"","stick-header-meta":"default","header-above-stick-meta":"","header-main-stick-meta":"","header-below-stick-meta":"","astra-migrate-meta-layouts":"default","ast-page-background-enabled":"default","ast-page-background-meta":{"desktop":{"background-color":"var(--ast-global-color-4)","background-image":"","background-repeat":"repeat","background-position":"center center","background-size":"auto","background-attachment":"scroll","background-type":"","background-media":"","overlay-type":"","overlay-color":"","overlay-opacity":"","overlay-gradient":""},"tablet":{"background-color":"","background-image":"","background-repeat":"repeat","background-position":"center center","background-size":"auto","background-attachment":"scroll","background-type":"","background-media":"","overlay-type":"","overlay-color":"","overlay-opacity":"","overlay-gradient":""},"mobile":{"background-color":"","background-image":"","background-repeat":"repeat","background-position":"center center","background-size":"auto","background-attachment":"scroll","background-type":"","background-media":"","overlay-type":"","overlay-color":"","overlay-opacity":"","overlay-gradient":""}},"ast-content-background-meta":{"desktop":{"background-color":"var(--ast-global-color-5)","background-image":"","background-repeat":"repeat","background-position":"center center","background-size":"auto","background-attachment":"scroll","background-type":"","background-media":"","overlay-type":"","overlay-color":"","overlay-opacity":"","overlay-gradient":""},"tablet":{"background-color":"var(--ast-global-color-5)","background-image":"","background-repeat":"repeat","background-position":"center center","background-size":"auto","background-attachment":"scroll","background-type":"","background-media":"","overlay-type":"","overlay-color":"","overlay-opacity":"","overlay-gradient":""},"mobile":{"background-color":"var(--ast-global-color-5)","background-image":"","background-repeat":"repeat","background-position":"center center","background-size":"auto","background-attachment":"scroll","background-type":"","background-media":"","overlay-type":"","overlay-color":"","overlay-opacity":"","overlay-gradient":""}}},"product_brand":[],"product_cat":[213,21],"product_tag":[],"class_list":{"0":"post-861","1":"product","2":"type-product","3":"status-publish","4":"has-post-thumbnail","6":"product_cat-agroquimicos","7":"product_cat-productos","8":"pa_cantidad-250g","9":"pa_cantidad-1kg","10":"pa_cantidad-5kg","11":"pa_cantidad-25kg","12":"desktop-align-left","13":"tablet-align-left","14":"mobile-align-left","15":"ast-product-gallery-layout-horizontal-slider","16":"ast-product-gallery-with-no-image","17":"ast-magnify-disabled","18":"ast-product-single-variable","19":"ast-product-tabs-layout-horizontal","20":"ast-qv-on-image","22":"first","23":"instock","24":"taxable","25":"shipping-taxable","26":"purchasable","27":"product-type-variable","28":"has-default-attributes"},"acf":[],"yoast_head":"<!-- This site is optimized with the Yoast SEO Premium plugin v27.1 (Yoast SEO v27.1.1) - https:\/\/yoast.com\/product\/yoast-seo-premium-wordpress\/ -->\n<title>Bicarbonato de Potasio: Comprar Online - Alquera.com<\/title>\n<meta name=\"description\" content=\"ENV\u00cdOS EN 24\/48H. Comprar Bicarbonato de Potasio, riqueza &gt;98% en la tienda online de Alquera. Env\u00edos a toda la Pen\u00ednsula, Islas y Europa.\" \/>\n<meta name=\"robots\" content=\"index, follow, max-snippet:-1, max-image-preview:large, max-video-preview:-1\" \/>\n<link rel=\"canonical\" href=\"https:\/\/www.alquera.com\/de\/bicarbonato-de-potasio\/\" \/>\n<meta property=\"og:locale\" content=\"de_DE\" \/>\n<meta property=\"og:type\" content=\"article\" \/>\n<meta property=\"og:title\" content=\"Bicarbonato de Potasio: Comprar Online - Alquera.com\" \/>\n<meta property=\"og:description\" content=\"ENV\u00cdOS EN 24\/48H. Comprar Bicarbonato de Potasio, riqueza &gt;98% en la tienda online de Alquera. Env\u00edos a toda la Pen\u00ednsula, Islas y Europa.\" \/>\n<meta property=\"og:url\" content=\"https:\/\/www.alquera.com\/de\/bicarbonato-de-potasio\/\" \/>\n<meta property=\"og:site_name\" content=\"Alquera.com\" \/>\n<meta property=\"article:publisher\" content=\"https:\/\/www.facebook.com\/alqueraciencia\" \/>\n<meta property=\"article:modified_time\" content=\"2026-05-10T08:47:55+00:00\" \/>\n<meta property=\"og:image\" content=\"https:\/\/www.alquera.com\/wp-content\/uploads\/2017\/06\/IMG-4318.png\" \/>\n\t<meta property=\"og:image:width\" content=\"800\" \/>\n\t<meta property=\"og:image:height\" content=\"800\" \/>\n\t<meta property=\"og:image:type\" content=\"image\/png\" \/>\n<meta name=\"twitter:card\" content=\"summary_large_image\" \/>\n<meta name=\"twitter:label1\" content=\"Verf\u00fcgbarkeit\" \/>\n\t<meta name=\"twitter:data1\" content=\"Auf Lager\" \/>\n<script type=\"application\/ld+json\" class=\"yoast-schema-graph\">{\"@context\":\"https:\/\/schema.org\",\"@graph\":[{\"@type\":[\"WebPage\",\"ItemPage\"],\"@id\":\"https:\/\/www.alquera.com\/bicarbonato-de-potasio\/\",\"url\":\"https:\/\/www.alquera.com\/bicarbonato-de-potasio\/\",\"name\":\"Bicarbonato de Potasio: Comprar Online - Alquera.com\",\"isPartOf\":{\"@id\":\"https:\/\/www.alquera.com\/en\/#website\"},\"primaryImageOfPage\":{\"@id\":\"https:\/\/www.alquera.com\/bicarbonato-de-potasio\/#primaryimage\"},\"image\":{\"@id\":\"https:\/\/www.alquera.com\/bicarbonato-de-potasio\/#primaryimage\"},\"thumbnailUrl\":\"https:\/\/www.alquera.com\/wp-content\/uploads\/2017\/06\/IMG-4318.png\",\"datePublished\":\"2017-06-29T14:36:30+00:00\",\"dateModified\":\"2026-05-10T08:47:55+00:00\",\"description\":\"ENV\u00cdOS EN 24\/48H. Comprar Bicarbonato de Potasio, riqueza >98% en la tienda online de Alquera. Env\u00edos a toda la Pen\u00ednsula, Islas y Europa.\",\"breadcrumb\":{\"@id\":\"https:\/\/www.alquera.com\/bicarbonato-de-potasio\/#breadcrumb\"},\"inLanguage\":\"de\",\"potentialAction\":[{\"@type\":\"ReadAction\",\"target\":[\"https:\/\/www.alquera.com\/bicarbonato-de-potasio\/\"]}]},{\"@type\":\"ImageObject\",\"inLanguage\":\"de\",\"@id\":\"https:\/\/www.alquera.com\/bicarbonato-de-potasio\/#primaryimage\",\"url\":\"https:\/\/www.alquera.com\/wp-content\/uploads\/2017\/06\/IMG-4318.png\",\"contentUrl\":\"https:\/\/www.alquera.com\/wp-content\/uploads\/2017\/06\/IMG-4318.png\",\"width\":800,\"height\":800,\"caption\":\"Bicarbonato de potasio\"},{\"@type\":\"BreadcrumbList\",\"@id\":\"https:\/\/www.alquera.com\/bicarbonato-de-potasio\/#breadcrumb\",\"itemListElement\":[{\"@type\":\"ListItem\",\"position\":1,\"name\":\"Inicio\",\"item\":\"https:\/\/www.alquera.com\/\"},{\"@type\":\"ListItem\",\"position\":2,\"name\":\"Alquera.com: Tienda Online de Productos Qu\u00edmicos y Material de Laboratorio\",\"item\":\"https:\/\/www.alquera.com\/en\/tienda\/\"},{\"@type\":\"ListItem\",\"position\":3,\"name\":\"Bicarbonato de Potasio\"}]},{\"@type\":\"WebSite\",\"@id\":\"https:\/\/www.alquera.com\/en\/#website\",\"url\":\"https:\/\/www.alquera.com\/en\/\",\"name\":\"Alquera.com\",\"description\":\"Tienda Online Productos Qu\u00edmicos y Material de Laboratorio\",\"publisher\":{\"@id\":\"https:\/\/www.alquera.com\/en\/#organization\"},\"potentialAction\":[{\"@type\":\"SearchAction\",\"target\":{\"@type\":\"EntryPoint\",\"urlTemplate\":\"https:\/\/www.alquera.com\/en\/?s={search_term_string}\"},\"query-input\":{\"@type\":\"PropertyValueSpecification\",\"valueRequired\":true,\"valueName\":\"search_term_string\"}}],\"inLanguage\":\"de\"},{\"@type\":\"Organization\",\"@id\":\"https:\/\/www.alquera.com\/en\/#organization\",\"name\":\"ALQUERA CIENCIA SL\",\"url\":\"https:\/\/www.alquera.com\/en\/\",\"logo\":{\"@type\":\"ImageObject\",\"inLanguage\":\"de\",\"@id\":\"https:\/\/www.alquera.com\/en\/#\/schema\/logo\/image\/\",\"url\":\"https:\/\/www.alquera.com\/wp-content\/uploads\/2020\/11\/logo_300_ancho.png\",\"contentUrl\":\"https:\/\/www.alquera.com\/wp-content\/uploads\/2020\/11\/logo_300_ancho.png\",\"width\":300,\"height\":86,\"caption\":\"ALQUERA CIENCIA SL\"},\"image\":{\"@id\":\"https:\/\/www.alquera.com\/en\/#\/schema\/logo\/image\/\"},\"sameAs\":[\"https:\/\/www.facebook.com\/alqueraciencia\",\"https:\/\/www.instagram.com\/alquera_ciencia\/\",\"https:\/\/www.youtube.com\/c\/alquera\"]}]}<\/script>\n<meta property=\"og:availability\" content=\"instock\" \/>\n<meta property=\"product:availability\" content=\"instock\" \/>\n<meta property=\"product:retailer_item_id\" content=\"ALCS16_5\" \/>\n<meta property=\"product:condition\" content=\"new\" \/>\n<!-- \/ Yoast SEO Premium plugin. -->","yoast_head_json":{"title":"Kaliumbicarbonat: Online kaufen - Alquera.com","description":"SENDUNGEN IN 24\/48H. Kaliumbicarbonat, Reichhaltigkeit &gt;98% im Online-Shop von Alquera kaufen. Sendungen auf die gesamte Halbinsel, die Inseln und nach Europa.","robots":{"index":"index","follow":"follow","max-snippet":"max-snippet:-1","max-image-preview":"max-image-preview:large","max-video-preview":"max-video-preview:-1"},"canonical":"https:\/\/www.alquera.com\/de\/bicarbonato-de-potasio\/","og_locale":"de_DE","og_type":"article","og_title":"Bicarbonato de Potasio: Comprar Online - Alquera.com","og_description":"ENV\u00cdOS EN 24\/48H. Comprar Bicarbonato de Potasio, riqueza >98% en la tienda online de Alquera. Env\u00edos a toda la Pen\u00ednsula, Islas y Europa.","og_url":"https:\/\/www.alquera.com\/de\/bicarbonato-de-potasio\/","og_site_name":"Alquera.com","article_publisher":"https:\/\/www.facebook.com\/alqueraciencia","article_modified_time":"2026-05-10T08:47:55+00:00","og_image":[{"width":800,"height":800,"url":"https:\/\/www.alquera.com\/wp-content\/uploads\/2017\/06\/IMG-4318.png","type":"image\/png"}],"twitter_card":"summary_large_image","twitter_misc":{"Verf\u00fcgbarkeit":"Auf Lager"},"schema":{"@context":"https:\/\/schema.org","@graph":[{"@type":["WebPage","ItemPage"],"@id":"https:\/\/www.alquera.com\/bicarbonato-de-potasio\/","url":"https:\/\/www.alquera.com\/bicarbonato-de-potasio\/","name":"Kaliumbicarbonat: Online kaufen - Alquera.com","isPartOf":{"@id":"https:\/\/www.alquera.com\/en\/#website"},"primaryImageOfPage":{"@id":"https:\/\/www.alquera.com\/bicarbonato-de-potasio\/#primaryimage"},"image":{"@id":"https:\/\/www.alquera.com\/bicarbonato-de-potasio\/#primaryimage"},"thumbnailUrl":"https:\/\/www.alquera.com\/wp-content\/uploads\/2017\/06\/IMG-4318.png","datePublished":"2017-06-29T14:36:30+00:00","dateModified":"2026-05-10T08:47:55+00:00","description":"SENDUNGEN IN 24\/48H. Kaliumbicarbonat, Reichhaltigkeit &gt;98% im Online-Shop von Alquera kaufen. Sendungen auf die gesamte Halbinsel, die Inseln und nach Europa.","breadcrumb":{"@id":"https:\/\/www.alquera.com\/bicarbonato-de-potasio\/#breadcrumb"},"inLanguage":"de","potentialAction":[{"@type":"ReadAction","target":["https:\/\/www.alquera.com\/bicarbonato-de-potasio\/"]}]},{"@type":"ImageObject","inLanguage":"de","@id":"https:\/\/www.alquera.com\/bicarbonato-de-potasio\/#primaryimage","url":"https:\/\/www.alquera.com\/wp-content\/uploads\/2017\/06\/IMG-4318.png","contentUrl":"https:\/\/www.alquera.com\/wp-content\/uploads\/2017\/06\/IMG-4318.png","width":800,"height":800,"caption":"Bicarbonato de potasio"},{"@type":"BreadcrumbList","@id":"https:\/\/www.alquera.com\/bicarbonato-de-potasio\/#breadcrumb","itemListElement":[{"@type":"ListItem","position":1,"name":"Inicio","item":"https:\/\/www.alquera.com\/"},{"@type":"ListItem","position":2,"name":"Alquera.com: Tienda Online de Productos Qu\u00edmicos y Material de Laboratorio","item":"https:\/\/www.alquera.com\/en\/tienda\/"},{"@type":"ListItem","position":3,"name":"Bicarbonato de Potasio"}]},{"@type":"WebSite","@id":"https:\/\/www.alquera.com\/en\/#website","url":"https:\/\/www.alquera.com\/en\/","name":"Alquera.com","description":"Online Shop Chemische Produkte und Laborger\u00e4te","publisher":{"@id":"https:\/\/www.alquera.com\/en\/#organization"},"potentialAction":[{"@type":"SearchAction","target":{"@type":"EntryPoint","urlTemplate":"https:\/\/www.alquera.com\/en\/?s={search_term_string}"},"query-input":{"@type":"PropertyValueSpecification","valueRequired":true,"valueName":"search_term_string"}}],"inLanguage":"de"},{"@type":"Organization","@id":"https:\/\/www.alquera.com\/en\/#organization","name":"ALQUERA CIENCIA SL","url":"https:\/\/www.alquera.com\/en\/","logo":{"@type":"ImageObject","inLanguage":"de","@id":"https:\/\/www.alquera.com\/en\/#\/schema\/logo\/image\/","url":"https:\/\/www.alquera.com\/wp-content\/uploads\/2020\/11\/logo_300_ancho.png","contentUrl":"https:\/\/www.alquera.com\/wp-content\/uploads\/2020\/11\/logo_300_ancho.png","width":300,"height":86,"caption":"ALQUERA CIENCIA SL"},"image":{"@id":"https:\/\/www.alquera.com\/en\/#\/schema\/logo\/image\/"},"sameAs":["https:\/\/www.facebook.com\/alqueraciencia","https:\/\/www.instagram.com\/alquera_ciencia\/","https:\/\/www.youtube.com\/c\/alquera"]}]},"og_availability":"instock","product_availability":"instock","product_retailer_item_id":"ALCS16_5","product_condition":"new"},"_links":{"self":[{"href":"https:\/\/www.alquera.com\/de\/wp-json\/wp\/v2\/product\/861","targetHints":{"allow":["GET"]}}],"collection":[{"href":"https:\/\/www.alquera.com\/de\/wp-json\/wp\/v2\/product"}],"about":[{"href":"https:\/\/www.alquera.com\/de\/wp-json\/wp\/v2\/types\/product"}],"replies":[{"embeddable":true,"href":"https:\/\/www.alquera.com\/de\/wp-json\/wp\/v2\/comments?post=861"}],"wp:featuredmedia":[{"embeddable":true,"href":"https:\/\/www.alquera.com\/de\/wp-json\/wp\/v2\/media\/35747"}],"wp:attachment":[{"href":"https:\/\/www.alquera.com\/de\/wp-json\/wp\/v2\/media?parent=861"}],"wp:term":[{"taxonomy":"product_brand","embeddable":true,"href":"https:\/\/www.alquera.com\/de\/wp-json\/wp\/v2\/product_brand?post=861"},{"taxonomy":"product_cat","embeddable":true,"href":"https:\/\/www.alquera.com\/de\/wp-json\/wp\/v2\/product_cat?post=861"},{"taxonomy":"product_tag","embeddable":true,"href":"https:\/\/www.alquera.com\/de\/wp-json\/wp\/v2\/product_tag?post=861"}],"curies":[{"name":"wp","href":"https:\/\/api.w.org\/{rel}","templated":true}]}}