{"id":872,"date":"2017-07-05T09:33:42","date_gmt":"2017-07-05T09:33:42","guid":{"rendered":"http:\/\/localhost\/alquera\/productos\/producto\/poliacrilato-de-sodio-250g\/"},"modified":"2026-05-06T15:50:57","modified_gmt":"2026-05-06T15:50:57","slug":"poliacrilato-de-sodio","status":"publish","type":"product","link":"https:\/\/www.alquera.com\/de\/poliacrilato-de-sodio\/","title":{"rendered":"Natrium-Polyacrylat"},"content":{"rendered":"<p>Natriumpolyacrylat, auch bekannt als superabsorbierendes Polymer (SAP), ist ein Polymer mit der F\u00e4higkeit, gro\u00dfe Mengen an Wasser zu absorbieren. Die Absorption von Natriumpolyacrylat betr\u00e4gt bis zum 100-fachen seines Gewichts in Wasser. Wenn es Wasser aufnimmt, erh\u00e4lt es eine gelartige Textur, wie Sie auf den Produktbildern sehen k\u00f6nnen.<\/p>\n<h2>IDENTIFIZIERUNG UND EIGENSCHAFTEN VON NATRIUMPOLYACRYLAT<\/h2>\n<p>Bezeichnung: Natriumpolyacrylat<br \/>\nSynonyme: Natriumpolyacrylat. Salz der Polyacryls\u00e4ure.<br \/>\nCAS: 9003-04-7<br \/>\nEC: Polymer<br \/>\nErscheinungsbild: Wei\u00dfes Pulver<\/p>\n<p>Weitere Eigenschaften finden Sie in diesem Abschnitt: <a href=\"https:\/\/www.alquera.com\/de\/poliacrilato-de-sodio\/propiedades\/\" target=\"_blank\" rel=\"noopener noreferrer\">Eigenschaften Natriumpolyacrylat<\/a>.<\/p>\n<h2>POLYACRYLAT AUSSEHEN<\/h2>\n<p>Um die Details des Natriumpolyacrylats zu sehen, das Sie bei Ihrer Bestellung erhalten, k\u00f6nnen Sie sich dieses Video ansehen: <a href=\"https:\/\/www.youtube.com\/watch?v=qVzwgdTgMUQ\" target=\"_blank\" rel=\"noopener noreferrer\">Video Natriumpolyacrylat<\/a><\/p>\n<h2>VERWENDUNGEN VON NATRIUMPOLYACRYLAT<\/h2>\n<p>Polyacrylat hat eine Vielzahl von Verwendungsm\u00f6glichkeiten, wie z. B:<\/p>\n<ul>\n<li>Herstellung von Kunstschnee. Die Substanz, die beim Mischen mit Wasser entsteht, erh\u00e4lt die Beschaffenheit von Kunstschnee und ist damit ein sehr unterhaltsames Spiel f\u00fcr Kinder sowie f\u00fcr die Ladendekoration.<\/li>\n<li>Erh\u00f6hung der Wasserviskosit\u00e4t, Gartenarbeit: Zur Erh\u00f6hung der Wasserviskosit\u00e4t bei bestimmten Anwendungen.<\/li>\n<li>Natriumpolyacrylat wird auch in Babywindeln (es verleiht ihnen ihre Saugf\u00e4higkeit) oder in Damenbinden verwendet.<\/li>\n<li>Wasserfilter<\/li>\n<li>Hei\u00dfe\/kalte Kompressen<\/li>\n<li>Kosmetika (zugelassen bis zu einer Zusammensetzung von 1%)<\/li>\n<li>Beseitigung von Abw\u00e4ssern<\/li>\n<li>Transport von Lebensmitteln. Zugelassen und zertifiziert f\u00fcr 20Kg Beutel.<\/li>\n<\/ul>\n<p>Siehe Einzelheiten der <a href=\"https:\/\/www.alquera.com\/de\/poliacrilato-de-sodio\/usos\/\" target=\"_blank\" rel=\"noopener noreferrer\">verwendet Natriumpolyacrylat\u00a0<\/a><\/p>\n<div><\/div>\n<h2><\/h2>\n<p>&nbsp;<\/p>\n<div><\/div>","protected":false},"excerpt":{"rendered":"<p>Natriumpolyacrylat in Alquera kaufen. In Alquera k\u00f6nnen Sie Natriumpolyacrylat in Mengen von 250 Gramm, 1Kg, 5Kg oder in S\u00e4cken von 20Kg kaufen. Wenn Sie auf der Suche nach Natriumpolyacrylat sind, um Kunstschnee herzustellen, empfehlen wir Ihnen, dieses Produkt zu verwenden: <a href=\"https:\/\/www.alquera.com\/de\/nieve-artificial\/\">Kunstschnee<\/a>Das Polymer wurde modifiziert und Sie erhalten ein noch realistischeres Schneebild. Versand in 24\/48h.<\/p>","protected":false},"featured_media":868,"comment_status":"open","ping_status":"closed","template":"","meta":{"_acf_changed":false,"site-sidebar-layout":"default","site-content-layout":"default","ast-site-content-layout":"default","site-content-style":"default","site-sidebar-style":"default","ast-global-header-display":"","ast-banner-title-visibility":"","ast-main-header-display":"","ast-hfb-above-header-display":"","ast-hfb-below-header-display":"","ast-hfb-mobile-header-display":"","site-post-title":"","ast-breadcrumbs-content":"","ast-featured-img":"","footer-sml-layout":"","ast-disable-related-posts":"","theme-transparent-header-meta":"default","adv-header-id-meta":"","stick-header-meta":"default","header-above-stick-meta":"","header-main-stick-meta":"","header-below-stick-meta":"","astra-migrate-meta-layouts":"set","ast-page-background-enabled":"default","ast-page-background-meta":{"desktop":{"background-color":"var(--ast-global-color-4)","background-image":"","background-repeat":"repeat","background-position":"center center","background-size":"auto","background-attachment":"scroll","background-type":"","background-media":"","overlay-type":"","overlay-color":"","overlay-opacity":"","overlay-gradient":""},"tablet":{"background-color":"","background-image":"","background-repeat":"repeat","background-position":"center center","background-size":"auto","background-attachment":"scroll","background-type":"","background-media":"","overlay-type":"","overlay-color":"","overlay-opacity":"","overlay-gradient":""},"mobile":{"background-color":"","background-image":"","background-repeat":"repeat","background-position":"center center","background-size":"auto","background-attachment":"scroll","background-type":"","background-media":"","overlay-type":"","overlay-color":"","overlay-opacity":"","overlay-gradient":""}},"ast-content-background-meta":{"desktop":{"background-color":"var(--ast-global-color-5)","background-image":"","background-repeat":"repeat","background-position":"center center","background-size":"auto","background-attachment":"scroll","background-type":"","background-media":"","overlay-type":"","overlay-color":"","overlay-opacity":"","overlay-gradient":""},"tablet":{"background-color":"var(--ast-global-color-5)","background-image":"","background-repeat":"repeat","background-position":"center center","background-size":"auto","background-attachment":"scroll","background-type":"","background-media":"","overlay-type":"","overlay-color":"","overlay-opacity":"","overlay-gradient":""},"mobile":{"background-color":"var(--ast-global-color-5)","background-image":"","background-repeat":"repeat","background-position":"center center","background-size":"auto","background-attachment":"scroll","background-type":"","background-media":"","overlay-type":"","overlay-color":"","overlay-opacity":"","overlay-gradient":""}}},"product_brand":[],"product_cat":[214,21],"product_tag":[],"class_list":{"0":"post-872","1":"product","2":"type-product","3":"status-publish","4":"has-post-thumbnail","6":"product_cat-polimeros-super-absorbentes","7":"product_cat-productos","8":"pa_cantidad-250g","9":"pa_cantidad-1kg","10":"pa_cantidad-5kg","11":"pa_cantidad-20kg","12":"desktop-align-left","13":"tablet-align-left","14":"mobile-align-left","15":"ast-product-gallery-layout-horizontal-slider","16":"ast-magnify-disabled","17":"ast-product-single-variable","18":"ast-product-tabs-layout-horizontal","19":"ast-qv-on-image","21":"first","22":"instock","23":"taxable","24":"shipping-taxable","25":"purchasable","26":"product-type-variable","27":"has-default-attributes"},"acf":[],"yoast_head":"<!-- This site is optimized with the Yoast SEO Premium plugin v27.1 (Yoast SEO v27.1.1) - https:\/\/yoast.com\/product\/yoast-seo-premium-wordpress\/ -->\n<title>Poliacrilato de Sodio: Comprar Online - Alquera.com<\/title>\n<meta name=\"description\" content=\"ENV\u00cdOS 24\/48h. Comprar poliacrilato de sodio, pol\u00edmero con aplicaciones gracias a su capacidad de absorci\u00f3n de agua, hacer nieve artificial.\" \/>\n<meta name=\"robots\" content=\"index, follow, max-snippet:-1, max-image-preview:large, max-video-preview:-1\" \/>\n<link rel=\"canonical\" href=\"https:\/\/www.alquera.com\/de\/poliacrilato-de-sodio\/\" \/>\n<meta property=\"og:locale\" content=\"de_DE\" \/>\n<meta property=\"og:type\" content=\"article\" \/>\n<meta property=\"og:title\" content=\"Poliacrilato de Sodio: Comprar Online - Alquera.com\" \/>\n<meta property=\"og:description\" content=\"ENV\u00cdOS 24\/48h. Comprar poliacrilato de sodio, pol\u00edmero con aplicaciones gracias a su capacidad de absorci\u00f3n de agua, hacer nieve artificial.\" \/>\n<meta property=\"og:url\" content=\"https:\/\/www.alquera.com\/de\/poliacrilato-de-sodio\/\" \/>\n<meta property=\"og:site_name\" content=\"Alquera.com\" \/>\n<meta property=\"article:publisher\" content=\"https:\/\/www.facebook.com\/alqueraciencia\" \/>\n<meta property=\"article:modified_time\" content=\"2026-05-06T15:50:57+00:00\" \/>\n<meta property=\"og:image\" content=\"https:\/\/www.alquera.com\/wp-content\/uploads\/2017\/07\/932-thickbox_default-Poliacrilato-de-sodio-1Kg.jpg\" \/>\n\t<meta property=\"og:image:width\" content=\"800\" \/>\n\t<meta property=\"og:image:height\" content=\"800\" \/>\n\t<meta property=\"og:image:type\" content=\"image\/jpeg\" \/>\n<meta name=\"twitter:card\" content=\"summary_large_image\" \/>\n<meta name=\"twitter:label1\" content=\"Verf\u00fcgbarkeit\" \/>\n\t<meta name=\"twitter:data1\" content=\"Auf Lager\" \/>\n<script type=\"application\/ld+json\" class=\"yoast-schema-graph\">{\"@context\":\"https:\/\/schema.org\",\"@graph\":[{\"@type\":[\"WebPage\",\"ItemPage\"],\"@id\":\"https:\/\/www.alquera.com\/poliacrilato-de-sodio\/\",\"url\":\"https:\/\/www.alquera.com\/poliacrilato-de-sodio\/\",\"name\":\"Poliacrilato de Sodio: Comprar Online - Alquera.com\",\"isPartOf\":{\"@id\":\"https:\/\/www.alquera.com\/en\/#website\"},\"primaryImageOfPage\":{\"@id\":\"https:\/\/www.alquera.com\/poliacrilato-de-sodio\/#primaryimage\"},\"image\":{\"@id\":\"https:\/\/www.alquera.com\/poliacrilato-de-sodio\/#primaryimage\"},\"thumbnailUrl\":\"https:\/\/www.alquera.com\/wp-content\/uploads\/2017\/07\/932-thickbox_default-Poliacrilato-de-sodio-1Kg.jpg\",\"datePublished\":\"2017-07-05T09:33:42+00:00\",\"dateModified\":\"2026-05-06T15:50:57+00:00\",\"description\":\"ENV\u00cdOS 24\/48h. Comprar poliacrilato de sodio, pol\u00edmero con aplicaciones gracias a su capacidad de absorci\u00f3n de agua, hacer nieve artificial.\",\"breadcrumb\":{\"@id\":\"https:\/\/www.alquera.com\/poliacrilato-de-sodio\/#breadcrumb\"},\"inLanguage\":\"de\",\"potentialAction\":[{\"@type\":\"ReadAction\",\"target\":[\"https:\/\/www.alquera.com\/poliacrilato-de-sodio\/\"]}]},{\"@type\":\"ImageObject\",\"inLanguage\":\"de\",\"@id\":\"https:\/\/www.alquera.com\/poliacrilato-de-sodio\/#primaryimage\",\"url\":\"https:\/\/www.alquera.com\/wp-content\/uploads\/2017\/07\/932-thickbox_default-Poliacrilato-de-sodio-1Kg.jpg\",\"contentUrl\":\"https:\/\/www.alquera.com\/wp-content\/uploads\/2017\/07\/932-thickbox_default-Poliacrilato-de-sodio-1Kg.jpg\",\"width\":800,\"height\":800,\"caption\":\"Poliacrilato de sodio\"},{\"@type\":\"BreadcrumbList\",\"@id\":\"https:\/\/www.alquera.com\/poliacrilato-de-sodio\/#breadcrumb\",\"itemListElement\":[{\"@type\":\"ListItem\",\"position\":1,\"name\":\"Inicio\",\"item\":\"https:\/\/www.alquera.com\/\"},{\"@type\":\"ListItem\",\"position\":2,\"name\":\"Alquera.com: Tienda Online de Productos Qu\u00edmicos y Material de Laboratorio\",\"item\":\"https:\/\/www.alquera.com\/en\/tienda\/\"},{\"@type\":\"ListItem\",\"position\":3,\"name\":\"Poliacrilato de Sodio\"}]},{\"@type\":\"WebSite\",\"@id\":\"https:\/\/www.alquera.com\/en\/#website\",\"url\":\"https:\/\/www.alquera.com\/en\/\",\"name\":\"Alquera.com\",\"description\":\"Tienda Online Productos Qu\u00edmicos y Material de Laboratorio\",\"publisher\":{\"@id\":\"https:\/\/www.alquera.com\/en\/#organization\"},\"potentialAction\":[{\"@type\":\"SearchAction\",\"target\":{\"@type\":\"EntryPoint\",\"urlTemplate\":\"https:\/\/www.alquera.com\/en\/?s={search_term_string}\"},\"query-input\":{\"@type\":\"PropertyValueSpecification\",\"valueRequired\":true,\"valueName\":\"search_term_string\"}}],\"inLanguage\":\"de\"},{\"@type\":\"Organization\",\"@id\":\"https:\/\/www.alquera.com\/en\/#organization\",\"name\":\"ALQUERA CIENCIA SL\",\"url\":\"https:\/\/www.alquera.com\/en\/\",\"logo\":{\"@type\":\"ImageObject\",\"inLanguage\":\"de\",\"@id\":\"https:\/\/www.alquera.com\/en\/#\/schema\/logo\/image\/\",\"url\":\"https:\/\/www.alquera.com\/wp-content\/uploads\/2020\/11\/logo_300_ancho.png\",\"contentUrl\":\"https:\/\/www.alquera.com\/wp-content\/uploads\/2020\/11\/logo_300_ancho.png\",\"width\":300,\"height\":86,\"caption\":\"ALQUERA CIENCIA SL\"},\"image\":{\"@id\":\"https:\/\/www.alquera.com\/en\/#\/schema\/logo\/image\/\"},\"sameAs\":[\"https:\/\/www.facebook.com\/alqueraciencia\",\"https:\/\/www.instagram.com\/alquera_ciencia\/\",\"https:\/\/www.youtube.com\/c\/alquera\"]}]}<\/script>\n<meta property=\"og:availability\" content=\"instock\" \/>\n<meta property=\"product:availability\" content=\"instock\" \/>\n<meta property=\"product:retailer_item_id\" content=\"AL10003_250\" \/>\n<meta property=\"product:condition\" content=\"new\" \/>\n<!-- \/ Yoast SEO Premium plugin. -->","yoast_head_json":{"title":"Natriumpolyacrylat: Online kaufen - Alquera.com","description":"VERSAND 24\/48h. Kaufen Sie Natriumpolyacrylat, ein Polymer, das dank seiner Wasseraufnahmef\u00e4higkeit f\u00fcr die Herstellung von Kunstschnee verwendet werden kann.","robots":{"index":"index","follow":"follow","max-snippet":"max-snippet:-1","max-image-preview":"max-image-preview:large","max-video-preview":"max-video-preview:-1"},"canonical":"https:\/\/www.alquera.com\/de\/poliacrilato-de-sodio\/","og_locale":"de_DE","og_type":"article","og_title":"Poliacrilato de Sodio: Comprar Online - Alquera.com","og_description":"ENV\u00cdOS 24\/48h. Comprar poliacrilato de sodio, pol\u00edmero con aplicaciones gracias a su capacidad de absorci\u00f3n de agua, hacer nieve artificial.","og_url":"https:\/\/www.alquera.com\/de\/poliacrilato-de-sodio\/","og_site_name":"Alquera.com","article_publisher":"https:\/\/www.facebook.com\/alqueraciencia","article_modified_time":"2026-05-06T15:50:57+00:00","og_image":[{"width":800,"height":800,"url":"https:\/\/www.alquera.com\/wp-content\/uploads\/2017\/07\/932-thickbox_default-Poliacrilato-de-sodio-1Kg.jpg","type":"image\/jpeg"}],"twitter_card":"summary_large_image","twitter_misc":{"Verf\u00fcgbarkeit":"Auf Lager"},"schema":{"@context":"https:\/\/schema.org","@graph":[{"@type":["WebPage","ItemPage"],"@id":"https:\/\/www.alquera.com\/poliacrilato-de-sodio\/","url":"https:\/\/www.alquera.com\/poliacrilato-de-sodio\/","name":"Natriumpolyacrylat: Online kaufen - Alquera.com","isPartOf":{"@id":"https:\/\/www.alquera.com\/en\/#website"},"primaryImageOfPage":{"@id":"https:\/\/www.alquera.com\/poliacrilato-de-sodio\/#primaryimage"},"image":{"@id":"https:\/\/www.alquera.com\/poliacrilato-de-sodio\/#primaryimage"},"thumbnailUrl":"https:\/\/www.alquera.com\/wp-content\/uploads\/2017\/07\/932-thickbox_default-Poliacrilato-de-sodio-1Kg.jpg","datePublished":"2017-07-05T09:33:42+00:00","dateModified":"2026-05-06T15:50:57+00:00","description":"VERSAND 24\/48h. Kaufen Sie Natriumpolyacrylat, ein Polymer, das dank seiner Wasseraufnahmef\u00e4higkeit f\u00fcr die Herstellung von Kunstschnee verwendet werden kann.","breadcrumb":{"@id":"https:\/\/www.alquera.com\/poliacrilato-de-sodio\/#breadcrumb"},"inLanguage":"de","potentialAction":[{"@type":"ReadAction","target":["https:\/\/www.alquera.com\/poliacrilato-de-sodio\/"]}]},{"@type":"ImageObject","inLanguage":"de","@id":"https:\/\/www.alquera.com\/poliacrilato-de-sodio\/#primaryimage","url":"https:\/\/www.alquera.com\/wp-content\/uploads\/2017\/07\/932-thickbox_default-Poliacrilato-de-sodio-1Kg.jpg","contentUrl":"https:\/\/www.alquera.com\/wp-content\/uploads\/2017\/07\/932-thickbox_default-Poliacrilato-de-sodio-1Kg.jpg","width":800,"height":800,"caption":"Poliacrilato de sodio"},{"@type":"BreadcrumbList","@id":"https:\/\/www.alquera.com\/poliacrilato-de-sodio\/#breadcrumb","itemListElement":[{"@type":"ListItem","position":1,"name":"Inicio","item":"https:\/\/www.alquera.com\/"},{"@type":"ListItem","position":2,"name":"Alquera.com: Tienda Online de Productos Qu\u00edmicos y Material de Laboratorio","item":"https:\/\/www.alquera.com\/en\/tienda\/"},{"@type":"ListItem","position":3,"name":"Poliacrilato de Sodio"}]},{"@type":"WebSite","@id":"https:\/\/www.alquera.com\/en\/#website","url":"https:\/\/www.alquera.com\/en\/","name":"Alquera.com","description":"Online Shop Chemische Produkte und Laborger\u00e4te","publisher":{"@id":"https:\/\/www.alquera.com\/en\/#organization"},"potentialAction":[{"@type":"SearchAction","target":{"@type":"EntryPoint","urlTemplate":"https:\/\/www.alquera.com\/en\/?s={search_term_string}"},"query-input":{"@type":"PropertyValueSpecification","valueRequired":true,"valueName":"search_term_string"}}],"inLanguage":"de"},{"@type":"Organization","@id":"https:\/\/www.alquera.com\/en\/#organization","name":"ALQUERA CIENCIA SL","url":"https:\/\/www.alquera.com\/en\/","logo":{"@type":"ImageObject","inLanguage":"de","@id":"https:\/\/www.alquera.com\/en\/#\/schema\/logo\/image\/","url":"https:\/\/www.alquera.com\/wp-content\/uploads\/2020\/11\/logo_300_ancho.png","contentUrl":"https:\/\/www.alquera.com\/wp-content\/uploads\/2020\/11\/logo_300_ancho.png","width":300,"height":86,"caption":"ALQUERA CIENCIA SL"},"image":{"@id":"https:\/\/www.alquera.com\/en\/#\/schema\/logo\/image\/"},"sameAs":["https:\/\/www.facebook.com\/alqueraciencia","https:\/\/www.instagram.com\/alquera_ciencia\/","https:\/\/www.youtube.com\/c\/alquera"]}]},"og_availability":"instock","product_availability":"instock","product_retailer_item_id":"AL10003_250","product_condition":"new"},"_links":{"self":[{"href":"https:\/\/www.alquera.com\/de\/wp-json\/wp\/v2\/product\/872","targetHints":{"allow":["GET"]}}],"collection":[{"href":"https:\/\/www.alquera.com\/de\/wp-json\/wp\/v2\/product"}],"about":[{"href":"https:\/\/www.alquera.com\/de\/wp-json\/wp\/v2\/types\/product"}],"replies":[{"embeddable":true,"href":"https:\/\/www.alquera.com\/de\/wp-json\/wp\/v2\/comments?post=872"}],"wp:featuredmedia":[{"embeddable":true,"href":"https:\/\/www.alquera.com\/de\/wp-json\/wp\/v2\/media\/868"}],"wp:attachment":[{"href":"https:\/\/www.alquera.com\/de\/wp-json\/wp\/v2\/media?parent=872"}],"wp:term":[{"taxonomy":"product_brand","embeddable":true,"href":"https:\/\/www.alquera.com\/de\/wp-json\/wp\/v2\/product_brand?post=872"},{"taxonomy":"product_cat","embeddable":true,"href":"https:\/\/www.alquera.com\/de\/wp-json\/wp\/v2\/product_cat?post=872"},{"taxonomy":"product_tag","embeddable":true,"href":"https:\/\/www.alquera.com\/de\/wp-json\/wp\/v2\/product_tag?post=872"}],"curies":[{"name":"wp","href":"https:\/\/api.w.org\/{rel}","templated":true}]}}