{"id":885,"date":"2017-07-07T16:17:41","date_gmt":"2017-07-07T16:17:41","guid":{"rendered":"http:\/\/localhost\/alquera\/productos\/producto\/borax-5kg\/"},"modified":"2026-04-13T17:27:22","modified_gmt":"2026-04-13T17:27:22","slug":"borax","status":"publish","type":"product","link":"https:\/\/www.alquera.com\/de\/borax\/","title":{"rendered":"Borax-Dekahydrat"},"content":{"rendered":"<p>Borax ist der Handelsname f\u00fcr Borsalz.  Borax ist ein wei\u00dfer Kristall, der leicht in Wasser l\u00f6slich ist. Borax hat eine Vielzahl von Verwendungsm\u00f6glichkeiten, sowohl in Waschmitteln, Weichsp\u00fclern, Seifen usw. als auch im Schmuckbereich als Flussmittel zum L\u00f6ten von Gold, Silber usw. Es wird auch bei der Herstellung von Glas- und Farbkomponenten verwendet.<\/p>\n<h2>IDENTIFIZIERUNG UND EIGENSCHAFTEN<\/h2>\n<p><strong>Name<\/strong>Borax-Dekahydrat<br \/>\n<strong>Synonyme<\/strong>Dinatriumtetraborat Decahydrat, Natriumtetraborat Decahydrat, Natriumtetraborat Decahydrat<br \/>\n<strong>CAS:<\/strong> 1303-96-4<br \/>\n<strong>EC:<\/strong> 215-540-4<\/p>\n<ul>\n<li>Aussehen (20\u00baC; 1013 hPa): Wei\u00dfer kristalliner Feststoff (Pulver oder Granulat)<\/li>\n<li>Geruch: Geruchlos<\/li>\n<li>pH (20\u00baC): 9,3 (L\u00f6sung bei 0,1%) 9,2 (L\u00f6sung bei 1,0%) 9,3 (L\u00f6sung bei 4,7%)<\/li>\n<li>Schmelzpunkt: 741\u00baC<\/li>\n<li>Siedepunkt: 1575\u00baC<\/li>\n<li>Dampfdruck (50\u00baC): &lt;300 kPa<\/li>\n<li>Relative Dichte (20\u00baC): 1,73 g\/cm3<\/li>\n<li>L\u00f6slichkeit in Wasser (20\u00baC): 4,7%<\/li>\n<li>L\u00f6slichkeit in Wasser (100\u00baC): 65.6%<\/li>\n<li>Verteilungskoeffizient n-Oktanol\/Wasser (Log Pow) (20\u00baC): -0,757<\/li>\n<li>Zersetzungstemperatur: -95\u00baC<\/li>\n<li>Explosive Eigenschaften: Nicht explosionsgef\u00e4hrlich<\/li>\n<li>Oxidierende Eigenschaften: Nicht brennbar<\/li>\n<\/ul>\n<h2>VERWENDUNGEN:<\/h2>\n<p>In diesem Abschnitt werden die Verwendungszwecke und Eigenschaften n\u00e4her erl\u00e4utert: <a href=\"https:\/\/www.alquera.com\/de\/borax\/usos-borax\/\" target=\"_blank\" rel=\"noopener noreferrer\">Verwendungen von Borax<\/a>.<\/p>\n<ul>\n<li><strong>IN DETERGENTS<\/strong><\/li>\n<\/ul>\n<p>Borax ist einer der Inhaltsstoffe, aus denen die meisten Seifen, Waschmittel und Weichsp\u00fcler zusammengesetzt sind. Borax wird verwendet, weil es als amphotere Verbindung (es reagiert mit S\u00e4uren und Basen) ein guter pH-Regulator ist und die Karbonate im Wasser aufweicht, was zu einer gr\u00f6\u00dferen Sauberkeit f\u00fchrt.<br \/>\nBorax wird manchmal als Waschmittelverst\u00e4rker verwendet. Insbesondere bei der Verwendung eines sehr basischen Waschmittels wird ein Verst\u00e4rker wie Borax verwendet, um die Eigenschaften des Waschmittels zu verbessern. Borax wird auch f\u00fcr die Herstellung zusammen mit <a href=\"https:\/\/www.alquera.com\/de\/carbonato-de-sodio\/\">Natriumcarbonat<\/a> von Haushaltsreinigern.<\/p>\n<ul>\n<li><strong>IN JEWELLERY:<\/strong><\/li>\n<\/ul>\n<p>Beim Gold- und Silberguss wird Borax verwendet, um die Oxide aufzul\u00f6sen, die sich beim Erhitzen von Gold und Silber bilden. Es erm\u00f6glicht dem geschmolzenen Material, \u00fcber die Form zu flie\u00dfen und seinen Glanz zu bewahren.<\/p>\n<h3>HERSTELLUNG EINES SLIME MIT BORAX (Experiment)<\/h3>\n<p>Eines der h\u00e4ufigsten Experimente oder Bastelarbeiten unter Jugendlichen ist die Herstellung von Schleim oder klebrigem Teig. Die gebr\u00e4uchlichste und effektivste Art, einen Schleim herzustellen, ist Borax.<\/p>\n<h3>ANDERE VERWENDUNGEN:<\/h3>\n<p>Borax wird auch bei der Herstellung von Glas, Emaille, Blattd\u00fcnger und Farbbestandteilen verwendet.<\/p>","protected":false},"excerpt":{"rendered":"<p>Kaufen Sie Borax ganz einfach, von der kleinen 250-Gramm-Packung bis zum 25-Kilo-Sack. Sie k\u00f6nnen den Preis f\u00fcr die verschiedenen Borax-Formate sehen, wenn Sie das gew\u00fcnschte Format ausw\u00e4hlen. Die Bestellung erfolgt direkt \u00fcber das Internet, wobei die angegebenen Schritte befolgt werden, und die Lieferung erfolgt innerhalb von 24\/48 Stunden.<\/p>","protected":false},"featured_media":884,"comment_status":"open","ping_status":"closed","template":"","meta":{"_acf_changed":false,"site-sidebar-layout":"default","site-content-layout":"default","ast-site-content-layout":"default","site-content-style":"default","site-sidebar-style":"default","ast-global-header-display":"","ast-banner-title-visibility":"","ast-main-header-display":"","ast-hfb-above-header-display":"","ast-hfb-below-header-display":"","ast-hfb-mobile-header-display":"","site-post-title":"","ast-breadcrumbs-content":"","ast-featured-img":"","footer-sml-layout":"","ast-disable-related-posts":"","theme-transparent-header-meta":"default","adv-header-id-meta":"","stick-header-meta":"default","header-above-stick-meta":"","header-main-stick-meta":"","header-below-stick-meta":"","astra-migrate-meta-layouts":"default","ast-page-background-enabled":"default","ast-page-background-meta":{"desktop":{"background-color":"var(--ast-global-color-4)","background-image":"","background-repeat":"repeat","background-position":"center center","background-size":"auto","background-attachment":"scroll","background-type":"","background-media":"","overlay-type":"","overlay-color":"","overlay-opacity":"","overlay-gradient":""},"tablet":{"background-color":"","background-image":"","background-repeat":"repeat","background-position":"center center","background-size":"auto","background-attachment":"scroll","background-type":"","background-media":"","overlay-type":"","overlay-color":"","overlay-opacity":"","overlay-gradient":""},"mobile":{"background-color":"","background-image":"","background-repeat":"repeat","background-position":"center center","background-size":"auto","background-attachment":"scroll","background-type":"","background-media":"","overlay-type":"","overlay-color":"","overlay-opacity":"","overlay-gradient":""}},"ast-content-background-meta":{"desktop":{"background-color":"var(--ast-global-color-5)","background-image":"","background-repeat":"repeat","background-position":"center center","background-size":"auto","background-attachment":"scroll","background-type":"","background-media":"","overlay-type":"","overlay-color":"","overlay-opacity":"","overlay-gradient":""},"tablet":{"background-color":"var(--ast-global-color-5)","background-image":"","background-repeat":"repeat","background-position":"center center","background-size":"auto","background-attachment":"scroll","background-type":"","background-media":"","overlay-type":"","overlay-color":"","overlay-opacity":"","overlay-gradient":""},"mobile":{"background-color":"var(--ast-global-color-5)","background-image":"","background-repeat":"repeat","background-position":"center center","background-size":"auto","background-attachment":"scroll","background-type":"","background-media":"","overlay-type":"","overlay-color":"","overlay-opacity":"","overlay-gradient":""}}},"product_brand":[],"product_cat":[213,21],"product_tag":[],"class_list":{"0":"post-885","1":"product","2":"type-product","3":"status-publish","4":"has-post-thumbnail","6":"product_cat-agroquimicos","7":"product_cat-productos","8":"pa_cantidad-250g","9":"pa_cantidad-1kg","10":"pa_cantidad-5kg","11":"desktop-align-left","12":"tablet-align-left","13":"mobile-align-left","14":"ast-product-gallery-layout-horizontal-slider","15":"ast-product-gallery-with-no-image","16":"ast-magnify-disabled","17":"ast-product-single-variable","18":"ast-product-tabs-layout-horizontal","19":"ast-qv-on-image","21":"first","22":"instock","23":"taxable","24":"shipping-taxable","25":"purchasable","26":"product-type-variable","27":"has-default-attributes"},"acf":[],"yoast_head":"<!-- This site is optimized with the Yoast SEO Premium plugin v27.1 (Yoast SEO v27.1.1) - https:\/\/yoast.com\/product\/yoast-seo-premium-wordpress\/ -->\n<title>Borax Decahidratado - Comprar Online - Alquera.com<\/title>\n<meta name=\"description\" content=\"ENV\u00cdOS EN 24\/48H. Comprar Borax Decahidratado. Uso para fabricaci\u00f3n detergentes, suavizantes, jabones, as\u00ed como en joyer\u00eda.\" \/>\n<meta name=\"robots\" content=\"index, follow, max-snippet:-1, max-image-preview:large, max-video-preview:-1\" \/>\n<link rel=\"canonical\" href=\"https:\/\/www.alquera.com\/de\/borax\/\" \/>\n<meta property=\"og:locale\" content=\"de_DE\" \/>\n<meta property=\"og:type\" content=\"article\" \/>\n<meta property=\"og:title\" content=\"Borax Decahidratado: Comprar Online - Alquera.com\" \/>\n<meta property=\"og:description\" content=\"ENV\u00cdOS EN 24\/48H. Comprar Borax Decahidratado. Uso para fabricaci\u00f3n detergentes, suavizantes, jabones, as\u00ed como en joyer\u00eda.\" \/>\n<meta property=\"og:url\" content=\"https:\/\/www.alquera.com\/de\/borax\/\" \/>\n<meta property=\"og:site_name\" content=\"Alquera.com\" \/>\n<meta property=\"article:publisher\" content=\"https:\/\/www.facebook.com\/alqueraciencia\" \/>\n<meta property=\"article:modified_time\" content=\"2026-04-13T17:27:22+00:00\" \/>\n<meta property=\"og:image\" content=\"https:\/\/www.alquera.com\/wp-content\/uploads\/2017\/07\/1059-thickbox_default-Borax-Decahidratado-5Kg.jpg\" \/>\n\t<meta property=\"og:image:width\" content=\"800\" \/>\n\t<meta property=\"og:image:height\" content=\"800\" \/>\n\t<meta property=\"og:image:type\" content=\"image\/jpeg\" \/>\n<meta name=\"twitter:card\" content=\"summary_large_image\" \/>\n<meta name=\"twitter:label1\" content=\"Verf\u00fcgbarkeit\" \/>\n\t<meta name=\"twitter:data1\" content=\"Auf Lager\" \/>\n<script type=\"application\/ld+json\" class=\"yoast-schema-graph\">{\"@context\":\"https:\/\/schema.org\",\"@graph\":[{\"@type\":[\"WebPage\",\"ItemPage\"],\"@id\":\"https:\/\/www.alquera.com\/borax\/\",\"url\":\"https:\/\/www.alquera.com\/borax\/\",\"name\":\"Borax Decahidratado - Comprar Online - Alquera.com\",\"isPartOf\":{\"@id\":\"https:\/\/www.alquera.com\/en\/#website\"},\"primaryImageOfPage\":{\"@id\":\"https:\/\/www.alquera.com\/borax\/#primaryimage\"},\"image\":{\"@id\":\"https:\/\/www.alquera.com\/borax\/#primaryimage\"},\"thumbnailUrl\":\"https:\/\/www.alquera.com\/wp-content\/uploads\/2017\/07\/1059-thickbox_default-Borax-Decahidratado-5Kg.jpg\",\"datePublished\":\"2017-07-07T16:17:41+00:00\",\"dateModified\":\"2026-04-13T17:27:22+00:00\",\"description\":\"ENV\u00cdOS EN 24\/48H. Comprar Borax Decahidratado. Uso para fabricaci\u00f3n detergentes, suavizantes, jabones, as\u00ed como en joyer\u00eda.\",\"breadcrumb\":{\"@id\":\"https:\/\/www.alquera.com\/borax\/#breadcrumb\"},\"inLanguage\":\"de\",\"potentialAction\":[{\"@type\":\"ReadAction\",\"target\":[\"https:\/\/www.alquera.com\/borax\/\"]}]},{\"@type\":\"ImageObject\",\"inLanguage\":\"de\",\"@id\":\"https:\/\/www.alquera.com\/borax\/#primaryimage\",\"url\":\"https:\/\/www.alquera.com\/wp-content\/uploads\/2017\/07\/1059-thickbox_default-Borax-Decahidratado-5Kg.jpg\",\"contentUrl\":\"https:\/\/www.alquera.com\/wp-content\/uploads\/2017\/07\/1059-thickbox_default-Borax-Decahidratado-5Kg.jpg\",\"width\":800,\"height\":800,\"caption\":\"Borax Decahidratado\"},{\"@type\":\"BreadcrumbList\",\"@id\":\"https:\/\/www.alquera.com\/borax\/#breadcrumb\",\"itemListElement\":[{\"@type\":\"ListItem\",\"position\":1,\"name\":\"Inicio\",\"item\":\"https:\/\/www.alquera.com\/\"},{\"@type\":\"ListItem\",\"position\":2,\"name\":\"Alquera.com: Tienda Online de Productos Qu\u00edmicos y Material de Laboratorio\",\"item\":\"https:\/\/www.alquera.com\/en\/tienda\/\"},{\"@type\":\"ListItem\",\"position\":3,\"name\":\"Borax Decahidratado\"}]},{\"@type\":\"WebSite\",\"@id\":\"https:\/\/www.alquera.com\/en\/#website\",\"url\":\"https:\/\/www.alquera.com\/en\/\",\"name\":\"Alquera.com\",\"description\":\"Tienda Online Productos Qu\u00edmicos y Material de Laboratorio\",\"publisher\":{\"@id\":\"https:\/\/www.alquera.com\/en\/#organization\"},\"potentialAction\":[{\"@type\":\"SearchAction\",\"target\":{\"@type\":\"EntryPoint\",\"urlTemplate\":\"https:\/\/www.alquera.com\/en\/?s={search_term_string}\"},\"query-input\":{\"@type\":\"PropertyValueSpecification\",\"valueRequired\":true,\"valueName\":\"search_term_string\"}}],\"inLanguage\":\"de\"},{\"@type\":\"Organization\",\"@id\":\"https:\/\/www.alquera.com\/en\/#organization\",\"name\":\"ALQUERA CIENCIA SL\",\"url\":\"https:\/\/www.alquera.com\/en\/\",\"logo\":{\"@type\":\"ImageObject\",\"inLanguage\":\"de\",\"@id\":\"https:\/\/www.alquera.com\/en\/#\/schema\/logo\/image\/\",\"url\":\"https:\/\/www.alquera.com\/wp-content\/uploads\/2020\/11\/logo_300_ancho.png\",\"contentUrl\":\"https:\/\/www.alquera.com\/wp-content\/uploads\/2020\/11\/logo_300_ancho.png\",\"width\":300,\"height\":86,\"caption\":\"ALQUERA CIENCIA SL\"},\"image\":{\"@id\":\"https:\/\/www.alquera.com\/en\/#\/schema\/logo\/image\/\"},\"sameAs\":[\"https:\/\/www.facebook.com\/alqueraciencia\",\"https:\/\/www.instagram.com\/alquera_ciencia\/\",\"https:\/\/www.youtube.com\/c\/alquera\"]}]}<\/script>\n<meta property=\"og:availability\" content=\"instock\" \/>\n<meta property=\"product:availability\" content=\"instock\" \/>\n<meta property=\"product:retailer_item_id\" content=\"AL100061\" \/>\n<meta property=\"product:condition\" content=\"new\" \/>\n<!-- \/ Yoast SEO Premium plugin. -->","yoast_head_json":{"title":"Borax Decahydrat - Online kaufen - Alquera.de","description":"24\/48H VERSAND. Borax Decahydrat kaufen. Wird bei der Herstellung von Waschmitteln, Weichmachern und Seifen sowie bei der Schmuckherstellung verwendet.","robots":{"index":"index","follow":"follow","max-snippet":"max-snippet:-1","max-image-preview":"max-image-preview:large","max-video-preview":"max-video-preview:-1"},"canonical":"https:\/\/www.alquera.com\/de\/borax\/","og_locale":"de_DE","og_type":"article","og_title":"Borax Decahidratado: Comprar Online - Alquera.com","og_description":"ENV\u00cdOS EN 24\/48H. Comprar Borax Decahidratado. Uso para fabricaci\u00f3n detergentes, suavizantes, jabones, as\u00ed como en joyer\u00eda.","og_url":"https:\/\/www.alquera.com\/de\/borax\/","og_site_name":"Alquera.com","article_publisher":"https:\/\/www.facebook.com\/alqueraciencia","article_modified_time":"2026-04-13T17:27:22+00:00","og_image":[{"width":800,"height":800,"url":"https:\/\/www.alquera.com\/wp-content\/uploads\/2017\/07\/1059-thickbox_default-Borax-Decahidratado-5Kg.jpg","type":"image\/jpeg"}],"twitter_card":"summary_large_image","twitter_misc":{"Verf\u00fcgbarkeit":"Auf Lager"},"schema":{"@context":"https:\/\/schema.org","@graph":[{"@type":["WebPage","ItemPage"],"@id":"https:\/\/www.alquera.com\/borax\/","url":"https:\/\/www.alquera.com\/borax\/","name":"Borax Decahydrat - Online kaufen - Alquera.de","isPartOf":{"@id":"https:\/\/www.alquera.com\/en\/#website"},"primaryImageOfPage":{"@id":"https:\/\/www.alquera.com\/borax\/#primaryimage"},"image":{"@id":"https:\/\/www.alquera.com\/borax\/#primaryimage"},"thumbnailUrl":"https:\/\/www.alquera.com\/wp-content\/uploads\/2017\/07\/1059-thickbox_default-Borax-Decahidratado-5Kg.jpg","datePublished":"2017-07-07T16:17:41+00:00","dateModified":"2026-04-13T17:27:22+00:00","description":"24\/48H VERSAND. Borax Decahydrat kaufen. Wird bei der Herstellung von Waschmitteln, Weichmachern und Seifen sowie bei der Schmuckherstellung verwendet.","breadcrumb":{"@id":"https:\/\/www.alquera.com\/borax\/#breadcrumb"},"inLanguage":"de","potentialAction":[{"@type":"ReadAction","target":["https:\/\/www.alquera.com\/borax\/"]}]},{"@type":"ImageObject","inLanguage":"de","@id":"https:\/\/www.alquera.com\/borax\/#primaryimage","url":"https:\/\/www.alquera.com\/wp-content\/uploads\/2017\/07\/1059-thickbox_default-Borax-Decahidratado-5Kg.jpg","contentUrl":"https:\/\/www.alquera.com\/wp-content\/uploads\/2017\/07\/1059-thickbox_default-Borax-Decahidratado-5Kg.jpg","width":800,"height":800,"caption":"Borax Decahidratado"},{"@type":"BreadcrumbList","@id":"https:\/\/www.alquera.com\/borax\/#breadcrumb","itemListElement":[{"@type":"ListItem","position":1,"name":"Inicio","item":"https:\/\/www.alquera.com\/"},{"@type":"ListItem","position":2,"name":"Alquera.com: Tienda Online de Productos Qu\u00edmicos y Material de Laboratorio","item":"https:\/\/www.alquera.com\/en\/tienda\/"},{"@type":"ListItem","position":3,"name":"Borax Decahidratado"}]},{"@type":"WebSite","@id":"https:\/\/www.alquera.com\/en\/#website","url":"https:\/\/www.alquera.com\/en\/","name":"Alquera.com","description":"Online Shop Chemische Produkte und Laborger\u00e4te","publisher":{"@id":"https:\/\/www.alquera.com\/en\/#organization"},"potentialAction":[{"@type":"SearchAction","target":{"@type":"EntryPoint","urlTemplate":"https:\/\/www.alquera.com\/en\/?s={search_term_string}"},"query-input":{"@type":"PropertyValueSpecification","valueRequired":true,"valueName":"search_term_string"}}],"inLanguage":"de"},{"@type":"Organization","@id":"https:\/\/www.alquera.com\/en\/#organization","name":"ALQUERA CIENCIA SL","url":"https:\/\/www.alquera.com\/en\/","logo":{"@type":"ImageObject","inLanguage":"de","@id":"https:\/\/www.alquera.com\/en\/#\/schema\/logo\/image\/","url":"https:\/\/www.alquera.com\/wp-content\/uploads\/2020\/11\/logo_300_ancho.png","contentUrl":"https:\/\/www.alquera.com\/wp-content\/uploads\/2020\/11\/logo_300_ancho.png","width":300,"height":86,"caption":"ALQUERA CIENCIA SL"},"image":{"@id":"https:\/\/www.alquera.com\/en\/#\/schema\/logo\/image\/"},"sameAs":["https:\/\/www.facebook.com\/alqueraciencia","https:\/\/www.instagram.com\/alquera_ciencia\/","https:\/\/www.youtube.com\/c\/alquera"]}]},"og_availability":"instock","product_availability":"instock","product_retailer_item_id":"AL100061","product_condition":"new"},"_links":{"self":[{"href":"https:\/\/www.alquera.com\/de\/wp-json\/wp\/v2\/product\/885","targetHints":{"allow":["GET"]}}],"collection":[{"href":"https:\/\/www.alquera.com\/de\/wp-json\/wp\/v2\/product"}],"about":[{"href":"https:\/\/www.alquera.com\/de\/wp-json\/wp\/v2\/types\/product"}],"replies":[{"embeddable":true,"href":"https:\/\/www.alquera.com\/de\/wp-json\/wp\/v2\/comments?post=885"}],"wp:featuredmedia":[{"embeddable":true,"href":"https:\/\/www.alquera.com\/de\/wp-json\/wp\/v2\/media\/884"}],"wp:attachment":[{"href":"https:\/\/www.alquera.com\/de\/wp-json\/wp\/v2\/media?parent=885"}],"wp:term":[{"taxonomy":"product_brand","embeddable":true,"href":"https:\/\/www.alquera.com\/de\/wp-json\/wp\/v2\/product_brand?post=885"},{"taxonomy":"product_cat","embeddable":true,"href":"https:\/\/www.alquera.com\/de\/wp-json\/wp\/v2\/product_cat?post=885"},{"taxonomy":"product_tag","embeddable":true,"href":"https:\/\/www.alquera.com\/de\/wp-json\/wp\/v2\/product_tag?post=885"}],"curies":[{"name":"wp","href":"https:\/\/api.w.org\/{rel}","templated":true}]}}