{"id":306,"date":"2020-09-24T09:17:47","date_gmt":"2020-09-24T09:17:47","guid":{"rendered":"https:\/\/www.alquera.com\/productos\/?page_id=306"},"modified":"2021-11-27T09:32:56","modified_gmt":"2021-11-27T09:32:56","slug":"que-es-carbon-activo","status":"publish","type":"page","link":"https:\/\/www.alquera.com\/en\/carbon-activo-en-polvo\/que-es-carbon-activo\/","title":{"rendered":"Active Carbon. Uses and Applications"},"content":{"rendered":"<p>The <a href=\"https:\/\/www.alquera.com\/en\/carbon-activo-en-polvo\/\">activated charcoal<\/a>\u00a0is a term representing a large family of adsorbents based on the chemical element carbon, in the form of carbon, which are highly crystalline and have a large internal porosity. This high internal porosity is what gives activated carbon its great applications. <\/p>\n\n\n\n<figure class=\"wp-block-image size-large\"><img loading=\"lazy\" decoding=\"async\" width=\"300\" height=\"186\" src=\"https:\/\/www.alquera.com\/wp-content\/uploads\/2020\/11\/carbon-activo-en-grano.jpg\" alt=\"\" class=\"wp-image-10282\" srcset=\"https:\/\/www.alquera.com\/wp-content\/uploads\/2020\/11\/carbon-activo-en-grano.jpg 300w, https:\/\/www.alquera.com\/wp-content\/uploads\/2020\/11\/carbon-activo-en-grano-64x40.jpg 64w\" sizes=\"auto, (max-width: 300px) 100vw, 300px\" \/><\/figure>\n\n\n\n<p>\nActivated carbon is characterised by a very high number of micropores. The micropores are smaller than 2 nanometres in radius (1 nanometre=1e-9 m). Thanks to this high microporosity, their surface area increases to hundreds of m2 and can have values of 2500m2\/g.\n\nThe structure of activated carbon shows a large number of voids, recesses and cracks. It is in all these micropores that adsorption takes place, which is the characteristic that gives activated carbon its applications.\n\nBy activating a carbon what we are doing is enlarging the surface area and its adsorption capacity.  Carbon can be activated chemically or thermally. Thermal activation is achieved by oxidising parts of the carbon, creating pores, but preventing the carbon from evaporating and losing more carbon than necessary. The thermal process takes place at temperatures between 600 and 1000\u00b0C.\n<\/p>\n\n\n\n<h2 class=\"wp-block-heading\">ADSORPTION OF ACTIVATED CARBON<\/h2>\n\n\n\n<p>The main characteristic of activated carbon is its adsorption. Adsorption should not be confused with absorption. In adsorption, the adsorbent solid (in this case activated carbon) is used to remove substances from water or air. Activated carbon has a large internal surface area, thanks to micropores, of between 500 and 1500m2\/gram.<\/p>\n\n\n\n<p>Granulated carbon is used especially in water treatment and can adsorb the following particles:<\/p>\n\n\n\n<ul class=\"wp-block-list\"><li>Vegetable oil<\/li><li>Halogenated substances: I, Br, Cl, H, and F<\/li><li>Taste<\/li><li>Odours<\/li><li>Yeast<\/li><li>Non-water soluble substances<\/li><\/ul>\n\n\n\n<h2 class=\"wp-block-heading\">ACTIVATED CARBON APPLICATIONS<\/h2>\n\n\n\n<ul class=\"wp-block-list\"><li>Activated carbon water filters. To make water drinkable (thanks to the carbon it is possible to retain fats, oils, odours, toxins, insecticides, organic compounds from the decomposition of vegetables or animals...).<\/li><li>Activated carbon air filters. Elimination of odours in the air. Activated carbon is used for example in air recirculation systems, or in drain vents.<\/li><li>Activated carbon in aquariums. Activated carbon for the removal of toxic substances in aquariums.<\/li><li>To treat people with acute intoxication. It is a universal antidote for adsorption of toxic substances also inside our organism.<\/li><li>Discolouration of vegetable oils, corn glucose and other liquids intended for use in foodstuffs<\/li><li>Activated carbon is also used to decolourise alcoholic beverages (e.g. wine).<\/li><li>Gold recovery<\/li><\/ul>\n\n\n\n<h2 class=\"wp-block-heading\">CHARACTERISTICS AND TYPES OF ACTIVATED CARBON<\/h2>\n\n\n\n<p> There are several ways to classify activated carbon, according to some of its characteristics, among them: <span id=\".C3.81rea_superficial\" class=\"mw-headline\"><strong>Surface area.<\/strong> The surface area is the total surface area of the activated carbon taking into account all micropores. It is the main indicator of the activity of the activated carbon.&nbsp;<\/span><strong><span id=\"Radios_porales\" class=\"mw-headline\">Poral radios. <\/span><\/strong><span id=\"Radios_porales\" class=\"mw-headline\">The size of the pore radii is another way to know the performance of the material. *&nbsp;<\/span>Micropores smaller radius 2 nm * Mesopores r \u2248 2-50 nm *Macropores r larger 50 nm <span id=\"N.C3.BAmero_de_yodo\" class=\"mw-headline\"><strong>Iodine number.<\/strong>&nbsp;It is commonly used to characterise the adsorption of carbon, through the adsorption capacity of iodine in solution.&nbsp;<\/span><strong><span id=\"Dureza\" class=\"mw-headline\">Hardness.&nbsp;<\/span><\/strong>Hardness is a very important factor as it will determine the lifetime of the filters and the way they will be handled. There can be many variations of hardness. <strong><span id=\"Tama.C3.B1o_de_las_part.C3.ADculas\" class=\"mw-headline\">Particle size. <\/span><\/strong><span id=\"Tama.C3.B1o_de_las_part.C3.ADculas\" class=\"mw-headline\">The finer the particles, the better the access to the surface area and the faster the adsorption occurs.&nbsp;<\/span><\/p>\n\n\n\n<h3 class=\"widget-title\">Buy <\/h3><div><div class=\"woocommerce\"><ul class=\"products columns-4\">\n<li class=\"desktop-align-left tablet-align-left mobile-align-left ast-product-gallery-layout-horizontal-slider ast-magnify-disabled ast-product-single-variable ast-product-tabs-layout-horizontal ast-qv-on-image product type-product post-495 status-publish first instock product_cat-productos-experimentos product_cat-productos has-post-thumbnail taxable shipping-taxable purchasable product-type-variable has-default-attributes\">\n\t<a href=\"https:\/\/www.alquera.com\/en\/permanganato-de-potasio\/\" class=\"woocommerce-LoopProduct-link woocommerce-loop-product__link\"><img loading=\"lazy\" decoding=\"async\" width=\"300\" height=\"300\" src=\"https:\/\/www.alquera.com\/wp-content\/uploads\/2016\/01\/permanganato-200g-foto-nueva-300x300.png\" class=\"attachment-woocommerce_thumbnail size-woocommerce_thumbnail\" alt=\"permanganato 200g\" srcset=\"https:\/\/www.alquera.com\/wp-content\/uploads\/2016\/01\/permanganato-200g-foto-nueva-300x300.png 300w, https:\/\/www.alquera.com\/wp-content\/uploads\/2016\/01\/permanganato-200g-foto-nueva-150x150.png 150w, https:\/\/www.alquera.com\/wp-content\/uploads\/2016\/01\/permanganato-200g-foto-nueva-12x12.png 12w, https:\/\/www.alquera.com\/wp-content\/uploads\/2016\/01\/permanganato-200g-foto-nueva-100x100.png 100w\" sizes=\"auto, (max-width: 300px) 100vw, 300px\" \/><h2 class=\"woocommerce-loop-product__title\">Potassium Permanganate<\/h2><div class=\"review-rating\"><div class=\"star-rating\"><span style=\"width:100%\" data-no-translation=\"\" data-trp-gettext=\"\">Rated <strong class=\"rating\">5.00<\/strong> out of 5<\/span><\/div><\/div>\n<\/a><a href=\"https:\/\/www.alquera.com\/en\/permanganato-de-potasio\/\" aria-describedby=\"woocommerce_loop_add_to_cart_link_describedby_495\" data-quantity=\"1\" class=\"button product_type_variable add_to_cart_button\" data-product_id=\"495\" data-product_sku=\"AL100111\" aria-label=\"Select options for \u201cPermanganato de Potasio\u201d\" rel=\"nofollow\" data-no-translation=\"\" data-trp-gettext=\"\" data-no-translation-aria-label=\"\">Select options<\/a>\t<span id=\"woocommerce_loop_add_to_cart_link_describedby_495\" class=\"screen-reader-text\">\n\t\tThis product has multiple variants. The options may be chosen on the product page\t<\/span>\n<\/li>\n<\/ul>\n<\/div><\/div>\n\n\n\n<p class=\"widget-title\">Read more<\/p><a href=\"https:\/\/www.alquera.com\/en\/carbon-activo-en-polvo\/\">Active Coal<\/a>\n<!-- Page-list plugin v.5.9 wordpress.org\/plugins\/page-list\/ -->\n<ul class=\"page-list siblings-page-list\">\n<li class=\"page_item page-item-313 menu-item\"><a href=\"https:\/\/www.alquera.com\/en\/carbon-activo-en-polvo\/acuarios\/\" class=\"menu-link\">Active Carbon in Aquariums<\/a><\/li>\n<li class=\"page_item page-item-306 menu-item\"><a href=\"https:\/\/www.alquera.com\/en\/carbon-activo-en-polvo\/que-es-carbon-activo\/\" class=\"menu-link\">Active Carbon. Uses and Applications<\/a><\/li>\n<li class=\"page_item page-item-316 menu-item\"><a href=\"https:\/\/www.alquera.com\/en\/carbon-activo-en-polvo\/filtros-agua\/\" class=\"menu-link\">Active Carbon Water Filters<\/a><\/li>\n<li class=\"page_item page-item-321 menu-item\"><a href=\"https:\/\/www.alquera.com\/en\/carbon-activo-en-polvo\/filtros-aire\/\" class=\"menu-link\">Active Carbon Air Filters<\/a><\/li>\n\n<\/ul>","protected":false},"excerpt":{"rendered":"<p>El carb\u00f3n activo\u00a0es un t\u00e9rmino que representa a una gran familia de adsorbentes de base del elemento qu\u00edmico carbono, en forma de carb\u00f3n, que son altamente cristalinos y tienen una gran porosidad interna. Esta gran porosidad interna es lo que le da las grandes aplicaciones al carb\u00f3n activo. El carb\u00f3n activo se caracteriza por tener [&hellip;]<\/p>\n","protected":false},"author":1,"featured_media":0,"parent":32604,"menu_order":0,"comment_status":"open","ping_status":"closed","template":"","meta":{"_acf_changed":false,"site-sidebar-layout":"default","site-content-layout":"default","ast-site-content-layout":"default","site-content-style":"default","site-sidebar-style":"default","ast-global-header-display":"","ast-banner-title-visibility":"","ast-main-header-display":"","ast-hfb-above-header-display":"","ast-hfb-below-header-display":"","ast-hfb-mobile-header-display":"","site-post-title":"","ast-breadcrumbs-content":"","ast-featured-img":"","footer-sml-layout":"","ast-disable-related-posts":"","theme-transparent-header-meta":"default","adv-header-id-meta":"","stick-header-meta":"default","header-above-stick-meta":"","header-main-stick-meta":"","header-below-stick-meta":"","astra-migrate-meta-layouts":"default","ast-page-background-enabled":"default","ast-page-background-meta":{"desktop":{"background-color":"var(--ast-global-color-4)","background-image":"","background-repeat":"repeat","background-position":"center center","background-size":"auto","background-attachment":"scroll","background-type":"","background-media":"","overlay-type":"","overlay-color":"","overlay-opacity":"","overlay-gradient":""},"tablet":{"background-color":"","background-image":"","background-repeat":"repeat","background-position":"center center","background-size":"auto","background-attachment":"scroll","background-type":"","background-media":"","overlay-type":"","overlay-color":"","overlay-opacity":"","overlay-gradient":""},"mobile":{"background-color":"","background-image":"","background-repeat":"repeat","background-position":"center center","background-size":"auto","background-attachment":"scroll","background-type":"","background-media":"","overlay-type":"","overlay-color":"","overlay-opacity":"","overlay-gradient":""}},"ast-content-background-meta":{"desktop":{"background-color":"var(--ast-global-color-5)","background-image":"","background-repeat":"repeat","background-position":"center center","background-size":"auto","background-attachment":"scroll","background-type":"","background-media":"","overlay-type":"","overlay-color":"","overlay-opacity":"","overlay-gradient":""},"tablet":{"background-color":"var(--ast-global-color-5)","background-image":"","background-repeat":"repeat","background-position":"center center","background-size":"auto","background-attachment":"scroll","background-type":"","background-media":"","overlay-type":"","overlay-color":"","overlay-opacity":"","overlay-gradient":""},"mobile":{"background-color":"var(--ast-global-color-5)","background-image":"","background-repeat":"repeat","background-position":"center center","background-size":"auto","background-attachment":"scroll","background-type":"","background-media":"","overlay-type":"","overlay-color":"","overlay-opacity":"","overlay-gradient":""}},"footnotes":""},"class_list":["post-306","page","type-page","status-publish","hentry"],"acf":[],"yoast_head":"<!-- This site is optimized with the Yoast SEO Premium plugin v27.1 (Yoast SEO v27.1.1) - https:\/\/yoast.com\/product\/yoast-seo-premium-wordpress\/ -->\n<title>Carb\u00f3n Activo. Usos y Aplicaciones - Alquera.com<\/title>\n<meta name=\"robots\" content=\"index, follow, max-snippet:-1, max-image-preview:large, max-video-preview:-1\" \/>\n<link rel=\"canonical\" href=\"https:\/\/www.alquera.com\/en\/carbon-activo-en-polvo\/que-es-carbon-activo\/\" \/>\n<meta property=\"og:locale\" content=\"en_GB\" \/>\n<meta property=\"og:type\" content=\"article\" \/>\n<meta property=\"og:title\" content=\"Carb\u00f3n Activo. Usos y Aplicaciones\" \/>\n<meta property=\"og:description\" content=\"El carb\u00f3n activo\u00a0es un t\u00e9rmino que representa a una gran familia de adsorbentes de base del elemento qu\u00edmico carbono, en forma de carb\u00f3n, que son altamente cristalinos y tienen una gran porosidad interna. Esta gran porosidad interna es lo que le da las grandes aplicaciones al carb\u00f3n activo. El carb\u00f3n activo se caracteriza por tener [&hellip;]\" \/>\n<meta property=\"og:url\" content=\"https:\/\/www.alquera.com\/en\/carbon-activo-en-polvo\/que-es-carbon-activo\/\" \/>\n<meta property=\"og:site_name\" content=\"Alquera.com\" \/>\n<meta property=\"article:publisher\" content=\"https:\/\/www.facebook.com\/alqueraciencia\" \/>\n<meta property=\"article:modified_time\" content=\"2021-11-27T09:32:56+00:00\" \/>\n<meta property=\"og:image\" content=\"https:\/\/www.alquera.com\/wp-content\/uploads\/2020\/11\/carbon-activo-en-grano.jpg\" \/>\n<meta name=\"twitter:card\" content=\"summary_large_image\" \/>\n<meta name=\"twitter:label1\" content=\"Estimated reading time\" \/>\n\t<meta name=\"twitter:data1\" content=\"3 minutes\" \/>\n<script type=\"application\/ld+json\" class=\"yoast-schema-graph\">{\"@context\":\"https:\/\/schema.org\",\"@graph\":[{\"@type\":\"WebPage\",\"@id\":\"https:\/\/www.alquera.com\/carbon-activo-en-polvo\/que-es-carbon-activo\/\",\"url\":\"https:\/\/www.alquera.com\/carbon-activo-en-polvo\/que-es-carbon-activo\/\",\"name\":\"Carb\u00f3n Activo. Usos y Aplicaciones - Alquera.com\",\"isPartOf\":{\"@id\":\"https:\/\/www.alquera.com\/en\/#website\"},\"primaryImageOfPage\":{\"@id\":\"https:\/\/www.alquera.com\/carbon-activo-en-polvo\/que-es-carbon-activo\/#primaryimage\"},\"image\":{\"@id\":\"https:\/\/www.alquera.com\/carbon-activo-en-polvo\/que-es-carbon-activo\/#primaryimage\"},\"thumbnailUrl\":\"https:\/\/www.alquera.com\/wp-content\/uploads\/2020\/11\/carbon-activo-en-grano.jpg\",\"datePublished\":\"2020-09-24T09:17:47+00:00\",\"dateModified\":\"2021-11-27T09:32:56+00:00\",\"breadcrumb\":{\"@id\":\"https:\/\/www.alquera.com\/carbon-activo-en-polvo\/que-es-carbon-activo\/#breadcrumb\"},\"inLanguage\":\"en-GB\",\"potentialAction\":[{\"@type\":\"ReadAction\",\"target\":[\"https:\/\/www.alquera.com\/carbon-activo-en-polvo\/que-es-carbon-activo\/\"]}]},{\"@type\":\"ImageObject\",\"inLanguage\":\"en-GB\",\"@id\":\"https:\/\/www.alquera.com\/carbon-activo-en-polvo\/que-es-carbon-activo\/#primaryimage\",\"url\":\"https:\/\/www.alquera.com\/wp-content\/uploads\/2020\/11\/carbon-activo-en-grano.jpg\",\"contentUrl\":\"https:\/\/www.alquera.com\/wp-content\/uploads\/2020\/11\/carbon-activo-en-grano.jpg\"},{\"@type\":\"BreadcrumbList\",\"@id\":\"https:\/\/www.alquera.com\/carbon-activo-en-polvo\/que-es-carbon-activo\/#breadcrumb\",\"itemListElement\":[{\"@type\":\"ListItem\",\"position\":1,\"name\":\"Inicio\",\"item\":\"https:\/\/www.alquera.com\/\"},{\"@type\":\"ListItem\",\"position\":2,\"name\":\"Carb\u00f3n Activo\",\"item\":\"https:\/\/www.alquera.com\/carbon-activo-en-polvo\/\"},{\"@type\":\"ListItem\",\"position\":3,\"name\":\"Carb\u00f3n Activo. Usos y Aplicaciones\"}]},{\"@type\":\"WebSite\",\"@id\":\"https:\/\/www.alquera.com\/en\/#website\",\"url\":\"https:\/\/www.alquera.com\/en\/\",\"name\":\"Alquera.com\",\"description\":\"Tienda Online Productos Qu\u00edmicos y Material de Laboratorio\",\"publisher\":{\"@id\":\"https:\/\/www.alquera.com\/en\/#organization\"},\"potentialAction\":[{\"@type\":\"SearchAction\",\"target\":{\"@type\":\"EntryPoint\",\"urlTemplate\":\"https:\/\/www.alquera.com\/en\/?s={search_term_string}\"},\"query-input\":{\"@type\":\"PropertyValueSpecification\",\"valueRequired\":true,\"valueName\":\"search_term_string\"}}],\"inLanguage\":\"en-GB\"},{\"@type\":\"Organization\",\"@id\":\"https:\/\/www.alquera.com\/en\/#organization\",\"name\":\"ALQUERA CIENCIA SL\",\"url\":\"https:\/\/www.alquera.com\/en\/\",\"logo\":{\"@type\":\"ImageObject\",\"inLanguage\":\"en-GB\",\"@id\":\"https:\/\/www.alquera.com\/en\/#\/schema\/logo\/image\/\",\"url\":\"https:\/\/www.alquera.com\/wp-content\/uploads\/2020\/11\/logo_300_ancho.png\",\"contentUrl\":\"https:\/\/www.alquera.com\/wp-content\/uploads\/2020\/11\/logo_300_ancho.png\",\"width\":300,\"height\":86,\"caption\":\"ALQUERA CIENCIA SL\"},\"image\":{\"@id\":\"https:\/\/www.alquera.com\/en\/#\/schema\/logo\/image\/\"},\"sameAs\":[\"https:\/\/www.facebook.com\/alqueraciencia\",\"https:\/\/www.instagram.com\/alquera_ciencia\/\",\"https:\/\/www.youtube.com\/c\/alquera\"]}]}<\/script>\n<!-- \/ Yoast SEO Premium plugin. -->","yoast_head_json":{"title":"Activated Carbon. Uses and Applications - Alquera.com","robots":{"index":"index","follow":"follow","max-snippet":"max-snippet:-1","max-image-preview":"max-image-preview:large","max-video-preview":"max-video-preview:-1"},"canonical":"https:\/\/www.alquera.com\/en\/carbon-activo-en-polvo\/que-es-carbon-activo\/","og_locale":"en_GB","og_type":"article","og_title":"Carb\u00f3n Activo. Usos y Aplicaciones","og_description":"El carb\u00f3n activo\u00a0es un t\u00e9rmino que representa a una gran familia de adsorbentes de base del elemento qu\u00edmico carbono, en forma de carb\u00f3n, que son altamente cristalinos y tienen una gran porosidad interna. Esta gran porosidad interna es lo que le da las grandes aplicaciones al carb\u00f3n activo. El carb\u00f3n activo se caracteriza por tener [&hellip;]","og_url":"https:\/\/www.alquera.com\/en\/carbon-activo-en-polvo\/que-es-carbon-activo\/","og_site_name":"Alquera.com","article_publisher":"https:\/\/www.facebook.com\/alqueraciencia","article_modified_time":"2021-11-27T09:32:56+00:00","og_image":[{"url":"https:\/\/www.alquera.com\/wp-content\/uploads\/2020\/11\/carbon-activo-en-grano.jpg","type":"","width":"","height":""}],"twitter_card":"summary_large_image","twitter_misc":{"Estimated reading time":"3 minutes"},"schema":{"@context":"https:\/\/schema.org","@graph":[{"@type":"WebPage","@id":"https:\/\/www.alquera.com\/carbon-activo-en-polvo\/que-es-carbon-activo\/","url":"https:\/\/www.alquera.com\/carbon-activo-en-polvo\/que-es-carbon-activo\/","name":"Activated Carbon. Uses and Applications - Alquera.com","isPartOf":{"@id":"https:\/\/www.alquera.com\/en\/#website"},"primaryImageOfPage":{"@id":"https:\/\/www.alquera.com\/carbon-activo-en-polvo\/que-es-carbon-activo\/#primaryimage"},"image":{"@id":"https:\/\/www.alquera.com\/carbon-activo-en-polvo\/que-es-carbon-activo\/#primaryimage"},"thumbnailUrl":"https:\/\/www.alquera.com\/wp-content\/uploads\/2020\/11\/carbon-activo-en-grano.jpg","datePublished":"2020-09-24T09:17:47+00:00","dateModified":"2021-11-27T09:32:56+00:00","breadcrumb":{"@id":"https:\/\/www.alquera.com\/carbon-activo-en-polvo\/que-es-carbon-activo\/#breadcrumb"},"inLanguage":"en-GB","potentialAction":[{"@type":"ReadAction","target":["https:\/\/www.alquera.com\/carbon-activo-en-polvo\/que-es-carbon-activo\/"]}]},{"@type":"ImageObject","inLanguage":"en-GB","@id":"https:\/\/www.alquera.com\/carbon-activo-en-polvo\/que-es-carbon-activo\/#primaryimage","url":"https:\/\/www.alquera.com\/wp-content\/uploads\/2020\/11\/carbon-activo-en-grano.jpg","contentUrl":"https:\/\/www.alquera.com\/wp-content\/uploads\/2020\/11\/carbon-activo-en-grano.jpg"},{"@type":"BreadcrumbList","@id":"https:\/\/www.alquera.com\/carbon-activo-en-polvo\/que-es-carbon-activo\/#breadcrumb","itemListElement":[{"@type":"ListItem","position":1,"name":"Inicio","item":"https:\/\/www.alquera.com\/"},{"@type":"ListItem","position":2,"name":"Carb\u00f3n Activo","item":"https:\/\/www.alquera.com\/carbon-activo-en-polvo\/"},{"@type":"ListItem","position":3,"name":"Carb\u00f3n Activo. Usos y Aplicaciones"}]},{"@type":"WebSite","@id":"https:\/\/www.alquera.com\/en\/#website","url":"https:\/\/www.alquera.com\/en\/","name":"Alquera.com","description":"Online Shop Chemical Products and Laboratory Equipment","publisher":{"@id":"https:\/\/www.alquera.com\/en\/#organization"},"potentialAction":[{"@type":"SearchAction","target":{"@type":"EntryPoint","urlTemplate":"https:\/\/www.alquera.com\/en\/?s={search_term_string}"},"query-input":{"@type":"PropertyValueSpecification","valueRequired":true,"valueName":"search_term_string"}}],"inLanguage":"en-GB"},{"@type":"Organization","@id":"https:\/\/www.alquera.com\/en\/#organization","name":"ALQUERA CIENCIA SL","url":"https:\/\/www.alquera.com\/en\/","logo":{"@type":"ImageObject","inLanguage":"en-GB","@id":"https:\/\/www.alquera.com\/en\/#\/schema\/logo\/image\/","url":"https:\/\/www.alquera.com\/wp-content\/uploads\/2020\/11\/logo_300_ancho.png","contentUrl":"https:\/\/www.alquera.com\/wp-content\/uploads\/2020\/11\/logo_300_ancho.png","width":300,"height":86,"caption":"ALQUERA CIENCIA SL"},"image":{"@id":"https:\/\/www.alquera.com\/en\/#\/schema\/logo\/image\/"},"sameAs":["https:\/\/www.facebook.com\/alqueraciencia","https:\/\/www.instagram.com\/alquera_ciencia\/","https:\/\/www.youtube.com\/c\/alquera"]}]}},"_links":{"self":[{"href":"https:\/\/www.alquera.com\/en\/wp-json\/wp\/v2\/pages\/306","targetHints":{"allow":["GET"]}}],"collection":[{"href":"https:\/\/www.alquera.com\/en\/wp-json\/wp\/v2\/pages"}],"about":[{"href":"https:\/\/www.alquera.com\/en\/wp-json\/wp\/v2\/types\/page"}],"author":[{"embeddable":true,"href":"https:\/\/www.alquera.com\/en\/wp-json\/wp\/v2\/users\/1"}],"replies":[{"embeddable":true,"href":"https:\/\/www.alquera.com\/en\/wp-json\/wp\/v2\/comments?post=306"}],"version-history":[{"count":8,"href":"https:\/\/www.alquera.com\/en\/wp-json\/wp\/v2\/pages\/306\/revisions"}],"predecessor-version":[{"id":36199,"href":"https:\/\/www.alquera.com\/en\/wp-json\/wp\/v2\/pages\/306\/revisions\/36199"}],"up":[{"embeddable":true,"href":"https:\/\/www.alquera.com\/en\/wp-json\/wp\/v2\/pages\/32604"}],"wp:attachment":[{"href":"https:\/\/www.alquera.com\/en\/wp-json\/wp\/v2\/media?parent=306"}],"curies":[{"name":"wp","href":"https:\/\/api.w.org\/{rel}","templated":true}]}}