{"id":321,"date":"2020-09-24T11:31:12","date_gmt":"2020-09-24T11:31:12","guid":{"rendered":"https:\/\/www.alquera.com\/productos\/?page_id=321"},"modified":"2021-11-27T09:51:06","modified_gmt":"2021-11-27T09:51:06","slug":"filtros-aire","status":"publish","type":"page","link":"https:\/\/www.alquera.com\/en\/carbon-activo-en-polvo\/filtros-aire\/","title":{"rendered":"Active Carbon Air Filters"},"content":{"rendered":"<p>The <a href=\"https:\/\/www.alquera.com\/en\/carbon-activo\/\">activated carbon<\/a> is used in air filters thanks to its adsorption capacity. The activated carbon filter allows the adsorption of pollutants found in gases in the industrial atmosphere. With activated carbon filters it is possible to adsorb certain solids present in gases, leaving them free of odours and harmful compounds.<\/p>\n<p>The functioning of activated carbon-based air filters is very simple. Simply put, the polluting particles in the air are adsorbed on the adhesive microporous surface of the activated carbon. Once all of the activated carbon has been exhausted and no more molecules can be adsorbed, the ambient conditions are changed in order to clean the pollutant and the activated carbon remains regenerated.<\/p>\n<p style=\"padding-left: 60px;\">\n<h2>ADVANTAGES OF ACTIVATED CARBON FILTERS<\/h2>\n<p>In order to measure the indoor air quality (IAQ), it is assessed by the composition of gases and vapours, both organic and non-organic (ozone, carbon monoxide, radon, etc.), aerosols, currents and noise.<\/p>\n<p>Filters that include an air treatment system usually have no effect on VOCs (volatile organic compounds). To remove vapours and gases, other treatments are needed, such as adsorption or chemical combination, but mainly by adsorption. Of the possible adsorbent materials, such as alumina or silica gel, activated carbon offers the additional advantage of also removing ozone.<\/p>\n<p>The most abundant VOCs in public and private non-industrial indoor environments are toluene, benzene, ethylbenzene, m+p-xylenes, 1,2,4-trimethylbenzene, 1,3,5-trimethylbenzene, limonene, \u03b1-pinene, p-dichlorobenzene, trichloroethylene, tetrachloroethylene, decane, chloroform, hexanal, nonanal, acetone and 2-butoxyethanol.<\/p>\n<p>It is also common to use activated carbon filters for ozone reduction. A very common use is in photocopiers. The activated carbon filter is used to reduce the emission of ozone into the indoor air of offices. It has a very high efficiency, even higher than 90%.<\/p>\n<h3 class=\"widget-title\">Buy <\/h3><div><div class=\"woocommerce\"><ul class=\"products columns-4\">\n<li class=\"desktop-align-left tablet-align-left mobile-align-left ast-product-gallery-layout-horizontal-slider ast-magnify-disabled ast-product-single-variable ast-product-tabs-layout-horizontal ast-qv-on-image product type-product post-495 status-publish first instock product_cat-productos-experimentos product_cat-productos has-post-thumbnail taxable shipping-taxable purchasable product-type-variable has-default-attributes\">\n\t<a href=\"https:\/\/www.alquera.com\/en\/permanganato-de-potasio\/\" class=\"woocommerce-LoopProduct-link woocommerce-loop-product__link\"><img loading=\"lazy\" decoding=\"async\" width=\"300\" height=\"300\" src=\"https:\/\/www.alquera.com\/wp-content\/uploads\/2016\/01\/permanganato-200g-foto-nueva-300x300.png\" class=\"attachment-woocommerce_thumbnail size-woocommerce_thumbnail\" alt=\"permanganato 200g\" srcset=\"https:\/\/www.alquera.com\/wp-content\/uploads\/2016\/01\/permanganato-200g-foto-nueva-300x300.png 300w, https:\/\/www.alquera.com\/wp-content\/uploads\/2016\/01\/permanganato-200g-foto-nueva-150x150.png 150w, https:\/\/www.alquera.com\/wp-content\/uploads\/2016\/01\/permanganato-200g-foto-nueva-12x12.png 12w, https:\/\/www.alquera.com\/wp-content\/uploads\/2016\/01\/permanganato-200g-foto-nueva-100x100.png 100w\" sizes=\"auto, (max-width: 300px) 100vw, 300px\" \/><h2 class=\"woocommerce-loop-product__title\">Potassium Permanganate<\/h2><div class=\"review-rating\"><div class=\"star-rating\"><span style=\"width:100%\" data-no-translation=\"\" data-trp-gettext=\"\">Rated <strong class=\"rating\">5.00<\/strong> out of 5<\/span><\/div><\/div>\n<\/a><a href=\"https:\/\/www.alquera.com\/en\/permanganato-de-potasio\/\" aria-describedby=\"woocommerce_loop_add_to_cart_link_describedby_495\" data-quantity=\"1\" class=\"button product_type_variable add_to_cart_button\" data-product_id=\"495\" data-product_sku=\"AL100111\" aria-label=\"Select options for \u201cPermanganato de Potasio\u201d\" rel=\"nofollow\" data-no-translation=\"\" data-trp-gettext=\"\" data-no-translation-aria-label=\"\">Select options<\/a>\t<span id=\"woocommerce_loop_add_to_cart_link_describedby_495\" class=\"screen-reader-text\">\n\t\tThis product has multiple variants. The options may be chosen on the product page\t<\/span>\n<\/li>\n<\/ul>\n<\/div><\/div>\n<p class=\"widget-title\">Read more<\/p><a href=\"https:\/\/www.alquera.com\/en\/carbon-activo-en-polvo\/\">Active Coal<\/a>\n<!-- Page-list plugin v.5.9 wordpress.org\/plugins\/page-list\/ -->\n<ul class=\"page-list siblings-page-list\">\n<li class=\"page_item page-item-313 menu-item\"><a href=\"https:\/\/www.alquera.com\/en\/carbon-activo-en-polvo\/acuarios\/\" class=\"menu-link\">Active Carbon in Aquariums<\/a><\/li>\n<li class=\"page_item page-item-306 menu-item\"><a href=\"https:\/\/www.alquera.com\/en\/carbon-activo-en-polvo\/que-es-carbon-activo\/\" class=\"menu-link\">Active Carbon. Uses and Applications<\/a><\/li>\n<li class=\"page_item page-item-316 menu-item\"><a href=\"https:\/\/www.alquera.com\/en\/carbon-activo-en-polvo\/filtros-agua\/\" class=\"menu-link\">Active Carbon Water Filters<\/a><\/li>\n<li class=\"page_item page-item-321 menu-item\"><a href=\"https:\/\/www.alquera.com\/en\/carbon-activo-en-polvo\/filtros-aire\/\" class=\"menu-link\">Active Carbon Air Filters<\/a><\/li>\n\n<\/ul>","protected":false},"excerpt":{"rendered":"<p>El carb\u00f3n activado es utilizado en filtros de aire gracias a su capacidad de adsorci\u00f3n. El filtro de carb\u00f3n activo permite adsorber contaminantes que se encuentran en gases en la atm\u00f3sfera de la industria. Con los filtros de carb\u00f3n activo se puede llevar a cabo la adsorci\u00f3n de ciertos s\u00f3lidos presentes en los gases, dej\u00e1ndolos [&hellip;]<\/p>\n","protected":false},"author":1,"featured_media":0,"parent":32604,"menu_order":0,"comment_status":"open","ping_status":"closed","template":"","meta":{"_acf_changed":false,"site-sidebar-layout":"default","site-content-layout":"default","ast-site-content-layout":"default","site-content-style":"default","site-sidebar-style":"default","ast-global-header-display":"","ast-banner-title-visibility":"","ast-main-header-display":"","ast-hfb-above-header-display":"","ast-hfb-below-header-display":"","ast-hfb-mobile-header-display":"","site-post-title":"","ast-breadcrumbs-content":"","ast-featured-img":"","footer-sml-layout":"","ast-disable-related-posts":"","theme-transparent-header-meta":"default","adv-header-id-meta":"","stick-header-meta":"default","header-above-stick-meta":"","header-main-stick-meta":"","header-below-stick-meta":"","astra-migrate-meta-layouts":"default","ast-page-background-enabled":"default","ast-page-background-meta":{"desktop":{"background-color":"var(--ast-global-color-4)","background-image":"","background-repeat":"repeat","background-position":"center center","background-size":"auto","background-attachment":"scroll","background-type":"","background-media":"","overlay-type":"","overlay-color":"","overlay-opacity":"","overlay-gradient":""},"tablet":{"background-color":"","background-image":"","background-repeat":"repeat","background-position":"center center","background-size":"auto","background-attachment":"scroll","background-type":"","background-media":"","overlay-type":"","overlay-color":"","overlay-opacity":"","overlay-gradient":""},"mobile":{"background-color":"","background-image":"","background-repeat":"repeat","background-position":"center center","background-size":"auto","background-attachment":"scroll","background-type":"","background-media":"","overlay-type":"","overlay-color":"","overlay-opacity":"","overlay-gradient":""}},"ast-content-background-meta":{"desktop":{"background-color":"var(--ast-global-color-5)","background-image":"","background-repeat":"repeat","background-position":"center center","background-size":"auto","background-attachment":"scroll","background-type":"","background-media":"","overlay-type":"","overlay-color":"","overlay-opacity":"","overlay-gradient":""},"tablet":{"background-color":"var(--ast-global-color-5)","background-image":"","background-repeat":"repeat","background-position":"center center","background-size":"auto","background-attachment":"scroll","background-type":"","background-media":"","overlay-type":"","overlay-color":"","overlay-opacity":"","overlay-gradient":""},"mobile":{"background-color":"var(--ast-global-color-5)","background-image":"","background-repeat":"repeat","background-position":"center center","background-size":"auto","background-attachment":"scroll","background-type":"","background-media":"","overlay-type":"","overlay-color":"","overlay-opacity":"","overlay-gradient":""}},"footnotes":""},"class_list":["post-321","page","type-page","status-publish","hentry"],"acf":[],"yoast_head":"<!-- This site is optimized with the Yoast SEO Premium plugin v27.1 (Yoast SEO v27.1.1) - https:\/\/yoast.com\/product\/yoast-seo-premium-wordpress\/ -->\n<title>Filtros de Aire de Carb\u00f3n Activo - Alquera.com<\/title>\n<meta name=\"robots\" content=\"index, follow, max-snippet:-1, max-image-preview:large, max-video-preview:-1\" \/>\n<link rel=\"canonical\" href=\"https:\/\/www.alquera.com\/en\/carbon-activo-en-polvo\/filtros-aire\/\" \/>\n<meta property=\"og:locale\" content=\"en_GB\" \/>\n<meta property=\"og:type\" content=\"article\" \/>\n<meta property=\"og:title\" content=\"Filtros de Aire de Carb\u00f3n Activo\" \/>\n<meta property=\"og:description\" content=\"El carb\u00f3n activado es utilizado en filtros de aire gracias a su capacidad de adsorci\u00f3n. El filtro de carb\u00f3n activo permite adsorber contaminantes que se encuentran en gases en la atm\u00f3sfera de la industria. Con los filtros de carb\u00f3n activo se puede llevar a cabo la adsorci\u00f3n de ciertos s\u00f3lidos presentes en los gases, dej\u00e1ndolos [&hellip;]\" \/>\n<meta property=\"og:url\" content=\"https:\/\/www.alquera.com\/en\/carbon-activo-en-polvo\/filtros-aire\/\" \/>\n<meta property=\"og:site_name\" content=\"Alquera.com\" \/>\n<meta property=\"article:publisher\" content=\"https:\/\/www.facebook.com\/alqueraciencia\" \/>\n<meta property=\"article:modified_time\" content=\"2021-11-27T09:51:06+00:00\" \/>\n<meta name=\"twitter:card\" content=\"summary_large_image\" \/>\n<meta name=\"twitter:label1\" content=\"Estimated reading time\" \/>\n\t<meta name=\"twitter:data1\" content=\"2 minutes\" \/>\n<script type=\"application\/ld+json\" class=\"yoast-schema-graph\">{\"@context\":\"https:\/\/schema.org\",\"@graph\":[{\"@type\":\"WebPage\",\"@id\":\"https:\/\/www.alquera.com\/carbon-activo-en-polvo\/filtros-aire\/\",\"url\":\"https:\/\/www.alquera.com\/carbon-activo-en-polvo\/filtros-aire\/\",\"name\":\"Filtros de Aire de Carb\u00f3n Activo - Alquera.com\",\"isPartOf\":{\"@id\":\"https:\/\/www.alquera.com\/en\/#website\"},\"datePublished\":\"2020-09-24T11:31:12+00:00\",\"dateModified\":\"2021-11-27T09:51:06+00:00\",\"breadcrumb\":{\"@id\":\"https:\/\/www.alquera.com\/carbon-activo-en-polvo\/filtros-aire\/#breadcrumb\"},\"inLanguage\":\"en-GB\",\"potentialAction\":[{\"@type\":\"ReadAction\",\"target\":[\"https:\/\/www.alquera.com\/carbon-activo-en-polvo\/filtros-aire\/\"]}]},{\"@type\":\"BreadcrumbList\",\"@id\":\"https:\/\/www.alquera.com\/carbon-activo-en-polvo\/filtros-aire\/#breadcrumb\",\"itemListElement\":[{\"@type\":\"ListItem\",\"position\":1,\"name\":\"Inicio\",\"item\":\"https:\/\/www.alquera.com\/\"},{\"@type\":\"ListItem\",\"position\":2,\"name\":\"Carb\u00f3n Activo\",\"item\":\"https:\/\/www.alquera.com\/carbon-activo-en-polvo\/\"},{\"@type\":\"ListItem\",\"position\":3,\"name\":\"Filtros de Aire de Carb\u00f3n Activo\"}]},{\"@type\":\"WebSite\",\"@id\":\"https:\/\/www.alquera.com\/en\/#website\",\"url\":\"https:\/\/www.alquera.com\/en\/\",\"name\":\"Alquera.com\",\"description\":\"Tienda Online Productos Qu\u00edmicos y Material de Laboratorio\",\"publisher\":{\"@id\":\"https:\/\/www.alquera.com\/en\/#organization\"},\"potentialAction\":[{\"@type\":\"SearchAction\",\"target\":{\"@type\":\"EntryPoint\",\"urlTemplate\":\"https:\/\/www.alquera.com\/en\/?s={search_term_string}\"},\"query-input\":{\"@type\":\"PropertyValueSpecification\",\"valueRequired\":true,\"valueName\":\"search_term_string\"}}],\"inLanguage\":\"en-GB\"},{\"@type\":\"Organization\",\"@id\":\"https:\/\/www.alquera.com\/en\/#organization\",\"name\":\"ALQUERA CIENCIA SL\",\"url\":\"https:\/\/www.alquera.com\/en\/\",\"logo\":{\"@type\":\"ImageObject\",\"inLanguage\":\"en-GB\",\"@id\":\"https:\/\/www.alquera.com\/en\/#\/schema\/logo\/image\/\",\"url\":\"https:\/\/www.alquera.com\/wp-content\/uploads\/2020\/11\/logo_300_ancho.png\",\"contentUrl\":\"https:\/\/www.alquera.com\/wp-content\/uploads\/2020\/11\/logo_300_ancho.png\",\"width\":300,\"height\":86,\"caption\":\"ALQUERA CIENCIA SL\"},\"image\":{\"@id\":\"https:\/\/www.alquera.com\/en\/#\/schema\/logo\/image\/\"},\"sameAs\":[\"https:\/\/www.facebook.com\/alqueraciencia\",\"https:\/\/www.instagram.com\/alquera_ciencia\/\",\"https:\/\/www.youtube.com\/c\/alquera\"]}]}<\/script>\n<!-- \/ Yoast SEO Premium plugin. -->","yoast_head_json":{"title":"Active Carbon Air Filters - Alquera.com","robots":{"index":"index","follow":"follow","max-snippet":"max-snippet:-1","max-image-preview":"max-image-preview:large","max-video-preview":"max-video-preview:-1"},"canonical":"https:\/\/www.alquera.com\/en\/carbon-activo-en-polvo\/filtros-aire\/","og_locale":"en_GB","og_type":"article","og_title":"Filtros de Aire de Carb\u00f3n Activo","og_description":"El carb\u00f3n activado es utilizado en filtros de aire gracias a su capacidad de adsorci\u00f3n. El filtro de carb\u00f3n activo permite adsorber contaminantes que se encuentran en gases en la atm\u00f3sfera de la industria. Con los filtros de carb\u00f3n activo se puede llevar a cabo la adsorci\u00f3n de ciertos s\u00f3lidos presentes en los gases, dej\u00e1ndolos [&hellip;]","og_url":"https:\/\/www.alquera.com\/en\/carbon-activo-en-polvo\/filtros-aire\/","og_site_name":"Alquera.com","article_publisher":"https:\/\/www.facebook.com\/alqueraciencia","article_modified_time":"2021-11-27T09:51:06+00:00","twitter_card":"summary_large_image","twitter_misc":{"Estimated reading time":"2 minutes"},"schema":{"@context":"https:\/\/schema.org","@graph":[{"@type":"WebPage","@id":"https:\/\/www.alquera.com\/carbon-activo-en-polvo\/filtros-aire\/","url":"https:\/\/www.alquera.com\/carbon-activo-en-polvo\/filtros-aire\/","name":"Active Carbon Air Filters - Alquera.com","isPartOf":{"@id":"https:\/\/www.alquera.com\/en\/#website"},"datePublished":"2020-09-24T11:31:12+00:00","dateModified":"2021-11-27T09:51:06+00:00","breadcrumb":{"@id":"https:\/\/www.alquera.com\/carbon-activo-en-polvo\/filtros-aire\/#breadcrumb"},"inLanguage":"en-GB","potentialAction":[{"@type":"ReadAction","target":["https:\/\/www.alquera.com\/carbon-activo-en-polvo\/filtros-aire\/"]}]},{"@type":"BreadcrumbList","@id":"https:\/\/www.alquera.com\/carbon-activo-en-polvo\/filtros-aire\/#breadcrumb","itemListElement":[{"@type":"ListItem","position":1,"name":"Inicio","item":"https:\/\/www.alquera.com\/"},{"@type":"ListItem","position":2,"name":"Carb\u00f3n Activo","item":"https:\/\/www.alquera.com\/carbon-activo-en-polvo\/"},{"@type":"ListItem","position":3,"name":"Filtros de Aire de Carb\u00f3n Activo"}]},{"@type":"WebSite","@id":"https:\/\/www.alquera.com\/en\/#website","url":"https:\/\/www.alquera.com\/en\/","name":"Alquera.com","description":"Online Shop Chemical Products and Laboratory Equipment","publisher":{"@id":"https:\/\/www.alquera.com\/en\/#organization"},"potentialAction":[{"@type":"SearchAction","target":{"@type":"EntryPoint","urlTemplate":"https:\/\/www.alquera.com\/en\/?s={search_term_string}"},"query-input":{"@type":"PropertyValueSpecification","valueRequired":true,"valueName":"search_term_string"}}],"inLanguage":"en-GB"},{"@type":"Organization","@id":"https:\/\/www.alquera.com\/en\/#organization","name":"ALQUERA CIENCIA SL","url":"https:\/\/www.alquera.com\/en\/","logo":{"@type":"ImageObject","inLanguage":"en-GB","@id":"https:\/\/www.alquera.com\/en\/#\/schema\/logo\/image\/","url":"https:\/\/www.alquera.com\/wp-content\/uploads\/2020\/11\/logo_300_ancho.png","contentUrl":"https:\/\/www.alquera.com\/wp-content\/uploads\/2020\/11\/logo_300_ancho.png","width":300,"height":86,"caption":"ALQUERA CIENCIA SL"},"image":{"@id":"https:\/\/www.alquera.com\/en\/#\/schema\/logo\/image\/"},"sameAs":["https:\/\/www.facebook.com\/alqueraciencia","https:\/\/www.instagram.com\/alquera_ciencia\/","https:\/\/www.youtube.com\/c\/alquera"]}]}},"_links":{"self":[{"href":"https:\/\/www.alquera.com\/en\/wp-json\/wp\/v2\/pages\/321","targetHints":{"allow":["GET"]}}],"collection":[{"href":"https:\/\/www.alquera.com\/en\/wp-json\/wp\/v2\/pages"}],"about":[{"href":"https:\/\/www.alquera.com\/en\/wp-json\/wp\/v2\/types\/page"}],"author":[{"embeddable":true,"href":"https:\/\/www.alquera.com\/en\/wp-json\/wp\/v2\/users\/1"}],"replies":[{"embeddable":true,"href":"https:\/\/www.alquera.com\/en\/wp-json\/wp\/v2\/comments?post=321"}],"version-history":[{"count":3,"href":"https:\/\/www.alquera.com\/en\/wp-json\/wp\/v2\/pages\/321\/revisions"}],"predecessor-version":[{"id":36213,"href":"https:\/\/www.alquera.com\/en\/wp-json\/wp\/v2\/pages\/321\/revisions\/36213"}],"up":[{"embeddable":true,"href":"https:\/\/www.alquera.com\/en\/wp-json\/wp\/v2\/pages\/32604"}],"wp:attachment":[{"href":"https:\/\/www.alquera.com\/en\/wp-json\/wp\/v2\/media?parent=321"}],"curies":[{"name":"wp","href":"https:\/\/api.w.org\/{rel}","templated":true}]}}