{"id":33267,"date":"2021-03-16T11:51:49","date_gmt":"2021-03-16T11:51:49","guid":{"rendered":"https:\/\/www.alquera.com\/?page_id=33267"},"modified":"2021-09-12T13:56:17","modified_gmt":"2021-09-12T13:56:17","slug":"potabilizacion-agua","status":"publish","type":"page","link":"https:\/\/www.alquera.com\/en\/sulfato-de-aluminio\/potabilizacion-agua\/","title":{"rendered":"Aluminium Sulphate for Water Potabilisation"},"content":{"rendered":"<p>The\u00a0<a href=\"https:\/\/www.alquera.com\/en\/sulfato-de-aluminio\/\">Aluminium Sulphate<\/a>\u00a0is a chemical product widely used in the treatment of drinking water.<\/p>\n<p>The water purification process is a complex process with different steps, from purity agglutination, filtration and disinfection. In order to bind the impurities, a flocculant is needed, i.e. a material that is able to attract the impurities and then precipitate them to the bottom of the container.<\/p>\n<h2><span id=\"Sulfato_de_Aluminio_Floculante\">Aluminium Sulphate Flocculant<\/span><\/h2>\n<div id=\"part394591\" class=\"P2\">\n<p>Flocculants are products or chemicals that remove turbidity from water. Flocculants bind suspended solids in water, causing them to precipitate. Metals and substances that are harmful for human consumption are precipitated. For example iron, which gives the water a characteristic unpleasant taste and a reddish appearance.  Aluminium sulphate is a commonly used product as a flocculant.<\/p>\n<\/div>\n<div id=\"part396927\" class=\"P4\"><a href=\"https:\/\/www.alquera.com\/en\/sulfato-de-aluminio\/potabilizacion-agua\/attachment\/396927\/\" rel=\"attachment wp-att-33297\"><img loading=\"lazy\" decoding=\"async\" class=\"size-medium wp-image-33297 aligncenter\" src=\"https:\/\/www.alquera.com\/wp-content\/uploads\/2021\/03\/396927-300x225.jpeg\" alt=\"potabilizacion de agua\" width=\"300\" height=\"225\" srcset=\"https:\/\/www.alquera.com\/wp-content\/uploads\/2021\/03\/396927-300x225.jpeg 300w, https:\/\/www.alquera.com\/wp-content\/uploads\/2021\/03\/396927.jpeg 450w\" sizes=\"auto, (max-width: 300px) 100vw, 300px\" \/><\/a><\/div>\n<div class=\"P5\"><\/div>\n<p>In the purification chain, flocculants are added to the flow in the channel from the pump to the settling tank. In this channel, the water is intimately mixed with flocculant chemicals. In this way, floccules are formed, and as they get bigger, they will precipitate to the bottom of the decanter. Subsequently, the flocculated sludge is removed through a hopper.<br \/>\nSubsequent filtering and disinfection processes must then be carried out to leave the water in optimum conditions for human consumption.<br \/>\nThe flocculation process is not only used for the purification of drinking water, but also as a flocculant for swimming pools:\u00a0<a href=\"https:\/\/www.alquera.com\/en\/sulfato-de-aluminio\/piscinas\/\">pool flocculant<\/a>for their preparation to be suitable for bathing.<\/p>\n<div><\/div>\n<div><h3 class=\"widget-title\">Buy <\/h3><div><div class=\"woocommerce\"><ul class=\"products columns-4\">\n<li class=\"desktop-align-left tablet-align-left mobile-align-left ast-product-gallery-layout-horizontal-slider ast-magnify-disabled ast-product-single-variable ast-product-tabs-layout-horizontal ast-qv-on-image product type-product post-495 status-publish first instock product_cat-productos-experimentos product_cat-productos has-post-thumbnail taxable shipping-taxable purchasable product-type-variable has-default-attributes\">\n\t<a href=\"https:\/\/www.alquera.com\/en\/permanganato-de-potasio\/\" class=\"woocommerce-LoopProduct-link woocommerce-loop-product__link\"><img loading=\"lazy\" decoding=\"async\" width=\"300\" height=\"300\" src=\"https:\/\/www.alquera.com\/wp-content\/uploads\/2016\/01\/permanganato-200g-foto-nueva-300x300.png\" class=\"attachment-woocommerce_thumbnail size-woocommerce_thumbnail\" alt=\"permanganato 200g\" srcset=\"https:\/\/www.alquera.com\/wp-content\/uploads\/2016\/01\/permanganato-200g-foto-nueva-300x300.png 300w, https:\/\/www.alquera.com\/wp-content\/uploads\/2016\/01\/permanganato-200g-foto-nueva-150x150.png 150w, https:\/\/www.alquera.com\/wp-content\/uploads\/2016\/01\/permanganato-200g-foto-nueva-12x12.png 12w, https:\/\/www.alquera.com\/wp-content\/uploads\/2016\/01\/permanganato-200g-foto-nueva-100x100.png 100w\" sizes=\"auto, (max-width: 300px) 100vw, 300px\" \/><h2 class=\"woocommerce-loop-product__title\">Potassium Permanganate<\/h2><div class=\"review-rating\"><div class=\"star-rating\"><span style=\"width:100%\" data-no-translation=\"\" data-trp-gettext=\"\">Rated <strong class=\"rating\">5.00<\/strong> out of 5<\/span><\/div><\/div>\n<\/a><a href=\"https:\/\/www.alquera.com\/en\/permanganato-de-potasio\/\" aria-describedby=\"woocommerce_loop_add_to_cart_link_describedby_495\" data-quantity=\"1\" class=\"button product_type_variable add_to_cart_button\" data-product_id=\"495\" data-product_sku=\"AL100111\" aria-label=\"Select options for \u201cPermanganato de Potasio\u201d\" rel=\"nofollow\" data-no-translation=\"\" data-trp-gettext=\"\" data-no-translation-aria-label=\"\">Select options<\/a>\t<span id=\"woocommerce_loop_add_to_cart_link_describedby_495\" class=\"screen-reader-text\">\n\t\tThis product has multiple variants. The options may be chosen on the product page\t<\/span>\n<\/li>\n<\/ul>\n<\/div><\/div><\/div>\n<div><p class=\"widget-title\">Read more<\/p><a href=\"https:\/\/www.alquera.com\/en\/sulfato-de-aluminio\/\">Aluminium Sulphate<\/a>\n<!-- Page-list plugin v.5.9 wordpress.org\/plugins\/page-list\/ -->\n<ul class=\"page-list siblings-page-list\">\n<li class=\"page_item page-item-33262 menu-item\"><a href=\"https:\/\/www.alquera.com\/en\/sulfato-de-aluminio\/piscinas\/\" class=\"menu-link\">Aluminium Sulphate in Swimming Pools<\/a><\/li>\n<li class=\"page_item page-item-33267 menu-item\"><a href=\"https:\/\/www.alquera.com\/en\/sulfato-de-aluminio\/potabilizacion-agua\/\" class=\"menu-link\">Aluminium Sulphate for Water Potabilisation<\/a><\/li>\n\n<\/ul><\/div>","protected":false},"excerpt":{"rendered":"<p>El\u00a0Sulfato de Aluminio\u00a0es un producto qu\u00edmico muy utilizado en los tratamientos para potabilizaci\u00f3n del agua. El proceso de potabilizaci\u00f3n del agua es un complejo proceso con diferentes pasos, desde aglutinamiento de purezas, filtrado de las mismas y su desinfecci\u00f3n. Para poder aglutinar las impurezas se necesita un floculante, es decir un material que sea capaz [&hellip;]<\/p>\n","protected":false},"author":1,"featured_media":0,"parent":33260,"menu_order":0,"comment_status":"closed","ping_status":"closed","template":"","meta":{"_acf_changed":false,"site-sidebar-layout":"default","site-content-layout":"","ast-site-content-layout":"default","site-content-style":"default","site-sidebar-style":"default","ast-global-header-display":"","ast-banner-title-visibility":"","ast-main-header-display":"","ast-hfb-above-header-display":"","ast-hfb-below-header-display":"","ast-hfb-mobile-header-display":"","site-post-title":"","ast-breadcrumbs-content":"","ast-featured-img":"","footer-sml-layout":"","ast-disable-related-posts":"","theme-transparent-header-meta":"","adv-header-id-meta":"","stick-header-meta":"","header-above-stick-meta":"","header-main-stick-meta":"","header-below-stick-meta":"","astra-migrate-meta-layouts":"default","ast-page-background-enabled":"default","ast-page-background-meta":{"desktop":{"background-color":"var(--ast-global-color-4)","background-image":"","background-repeat":"repeat","background-position":"center center","background-size":"auto","background-attachment":"scroll","background-type":"","background-media":"","overlay-type":"","overlay-color":"","overlay-opacity":"","overlay-gradient":""},"tablet":{"background-color":"","background-image":"","background-repeat":"repeat","background-position":"center center","background-size":"auto","background-attachment":"scroll","background-type":"","background-media":"","overlay-type":"","overlay-color":"","overlay-opacity":"","overlay-gradient":""},"mobile":{"background-color":"","background-image":"","background-repeat":"repeat","background-position":"center center","background-size":"auto","background-attachment":"scroll","background-type":"","background-media":"","overlay-type":"","overlay-color":"","overlay-opacity":"","overlay-gradient":""}},"ast-content-background-meta":{"desktop":{"background-color":"var(--ast-global-color-5)","background-image":"","background-repeat":"repeat","background-position":"center center","background-size":"auto","background-attachment":"scroll","background-type":"","background-media":"","overlay-type":"","overlay-color":"","overlay-opacity":"","overlay-gradient":""},"tablet":{"background-color":"var(--ast-global-color-5)","background-image":"","background-repeat":"repeat","background-position":"center center","background-size":"auto","background-attachment":"scroll","background-type":"","background-media":"","overlay-type":"","overlay-color":"","overlay-opacity":"","overlay-gradient":""},"mobile":{"background-color":"var(--ast-global-color-5)","background-image":"","background-repeat":"repeat","background-position":"center center","background-size":"auto","background-attachment":"scroll","background-type":"","background-media":"","overlay-type":"","overlay-color":"","overlay-opacity":"","overlay-gradient":""}},"footnotes":""},"class_list":["post-33267","page","type-page","status-publish","hentry"],"acf":[],"yoast_head":"<!-- This site is optimized with the Yoast SEO Premium plugin v27.1 (Yoast SEO v27.1.1) - https:\/\/yoast.com\/product\/yoast-seo-premium-wordpress\/ -->\n<title>Sulfato de Aluminio para Potabilizaci\u00f3n del Agua - Alquera.com<\/title>\n<meta name=\"description\" content=\"El sulfato de aluminio es un producto que se utiliza como floculante para potabilizaci\u00f3n de agua potable as\u00ed como en piscinas.\" \/>\n<meta name=\"robots\" content=\"index, follow, max-snippet:-1, max-image-preview:large, max-video-preview:-1\" \/>\n<link rel=\"canonical\" href=\"https:\/\/www.alquera.com\/en\/sulfato-de-aluminio\/potabilizacion-agua\/\" \/>\n<meta property=\"og:locale\" content=\"en_GB\" \/>\n<meta property=\"og:type\" content=\"article\" \/>\n<meta property=\"og:title\" content=\"Sulfato de Aluminio para Potabilizaci\u00f3n del Agua\" \/>\n<meta property=\"og:description\" content=\"El sulfato de aluminio es un producto que se utiliza como floculante para potabilizaci\u00f3n de agua potable as\u00ed como en piscinas.\" \/>\n<meta property=\"og:url\" content=\"https:\/\/www.alquera.com\/en\/sulfato-de-aluminio\/potabilizacion-agua\/\" \/>\n<meta property=\"og:site_name\" content=\"Alquera.com\" \/>\n<meta property=\"article:publisher\" content=\"https:\/\/www.facebook.com\/alqueraciencia\" \/>\n<meta property=\"article:modified_time\" content=\"2021-09-12T13:56:17+00:00\" \/>\n<meta property=\"og:image\" content=\"https:\/\/www.alquera.com\/wp-content\/uploads\/2021\/03\/396927-300x225.jpeg\" \/>\n<meta name=\"twitter:card\" content=\"summary_large_image\" \/>\n<meta name=\"twitter:label1\" content=\"Estimated reading time\" \/>\n\t<meta name=\"twitter:data1\" content=\"1 minute\" \/>\n<script type=\"application\/ld+json\" class=\"yoast-schema-graph\">{\"@context\":\"https:\/\/schema.org\",\"@graph\":[{\"@type\":\"WebPage\",\"@id\":\"https:\/\/www.alquera.com\/sulfato-de-aluminio\/potabilizacion-agua\/\",\"url\":\"https:\/\/www.alquera.com\/sulfato-de-aluminio\/potabilizacion-agua\/\",\"name\":\"Sulfato de Aluminio para Potabilizaci\u00f3n del Agua - Alquera.com\",\"isPartOf\":{\"@id\":\"https:\/\/www.alquera.com\/en\/#website\"},\"primaryImageOfPage\":{\"@id\":\"https:\/\/www.alquera.com\/sulfato-de-aluminio\/potabilizacion-agua\/#primaryimage\"},\"image\":{\"@id\":\"https:\/\/www.alquera.com\/sulfato-de-aluminio\/potabilizacion-agua\/#primaryimage\"},\"thumbnailUrl\":\"https:\/\/www.alquera.com\/wp-content\/uploads\/2021\/03\/396927-300x225.jpeg\",\"datePublished\":\"2021-03-16T11:51:49+00:00\",\"dateModified\":\"2021-09-12T13:56:17+00:00\",\"description\":\"El sulfato de aluminio es un producto que se utiliza como floculante para potabilizaci\u00f3n de agua potable as\u00ed como en piscinas.\",\"breadcrumb\":{\"@id\":\"https:\/\/www.alquera.com\/sulfato-de-aluminio\/potabilizacion-agua\/#breadcrumb\"},\"inLanguage\":\"en-GB\",\"potentialAction\":[{\"@type\":\"ReadAction\",\"target\":[\"https:\/\/www.alquera.com\/sulfato-de-aluminio\/potabilizacion-agua\/\"]}]},{\"@type\":\"ImageObject\",\"inLanguage\":\"en-GB\",\"@id\":\"https:\/\/www.alquera.com\/sulfato-de-aluminio\/potabilizacion-agua\/#primaryimage\",\"url\":\"https:\/\/www.alquera.com\/wp-content\/uploads\/2021\/03\/396927-300x225.jpeg\",\"contentUrl\":\"https:\/\/www.alquera.com\/wp-content\/uploads\/2021\/03\/396927-300x225.jpeg\"},{\"@type\":\"BreadcrumbList\",\"@id\":\"https:\/\/www.alquera.com\/sulfato-de-aluminio\/potabilizacion-agua\/#breadcrumb\",\"itemListElement\":[{\"@type\":\"ListItem\",\"position\":1,\"name\":\"Inicio\",\"item\":\"https:\/\/www.alquera.com\/\"},{\"@type\":\"ListItem\",\"position\":2,\"name\":\"Sulfato de Aluminio\",\"item\":\"https:\/\/www.alquera.com\/sulfato-de-aluminio\/\"},{\"@type\":\"ListItem\",\"position\":3,\"name\":\"Sulfato de Aluminio para Potabilizaci\u00f3n del Agua\"}]},{\"@type\":\"WebSite\",\"@id\":\"https:\/\/www.alquera.com\/en\/#website\",\"url\":\"https:\/\/www.alquera.com\/en\/\",\"name\":\"Alquera.com\",\"description\":\"Tienda Online Productos Qu\u00edmicos y Material de Laboratorio\",\"publisher\":{\"@id\":\"https:\/\/www.alquera.com\/en\/#organization\"},\"potentialAction\":[{\"@type\":\"SearchAction\",\"target\":{\"@type\":\"EntryPoint\",\"urlTemplate\":\"https:\/\/www.alquera.com\/en\/?s={search_term_string}\"},\"query-input\":{\"@type\":\"PropertyValueSpecification\",\"valueRequired\":true,\"valueName\":\"search_term_string\"}}],\"inLanguage\":\"en-GB\"},{\"@type\":\"Organization\",\"@id\":\"https:\/\/www.alquera.com\/en\/#organization\",\"name\":\"ALQUERA CIENCIA SL\",\"url\":\"https:\/\/www.alquera.com\/en\/\",\"logo\":{\"@type\":\"ImageObject\",\"inLanguage\":\"en-GB\",\"@id\":\"https:\/\/www.alquera.com\/en\/#\/schema\/logo\/image\/\",\"url\":\"https:\/\/www.alquera.com\/wp-content\/uploads\/2020\/11\/logo_300_ancho.png\",\"contentUrl\":\"https:\/\/www.alquera.com\/wp-content\/uploads\/2020\/11\/logo_300_ancho.png\",\"width\":300,\"height\":86,\"caption\":\"ALQUERA CIENCIA SL\"},\"image\":{\"@id\":\"https:\/\/www.alquera.com\/en\/#\/schema\/logo\/image\/\"},\"sameAs\":[\"https:\/\/www.facebook.com\/alqueraciencia\",\"https:\/\/www.instagram.com\/alquera_ciencia\/\",\"https:\/\/www.youtube.com\/c\/alquera\"]}]}<\/script>\n<!-- \/ Yoast SEO Premium plugin. -->","yoast_head_json":{"title":"Aluminium Sulphate for Water Purification - Alquera.com","description":"Aluminium sulphate is a product used as a flocculant for drinking water purification as well as in swimming pools.","robots":{"index":"index","follow":"follow","max-snippet":"max-snippet:-1","max-image-preview":"max-image-preview:large","max-video-preview":"max-video-preview:-1"},"canonical":"https:\/\/www.alquera.com\/en\/sulfato-de-aluminio\/potabilizacion-agua\/","og_locale":"en_GB","og_type":"article","og_title":"Sulfato de Aluminio para Potabilizaci\u00f3n del Agua","og_description":"El sulfato de aluminio es un producto que se utiliza como floculante para potabilizaci\u00f3n de agua potable as\u00ed como en piscinas.","og_url":"https:\/\/www.alquera.com\/en\/sulfato-de-aluminio\/potabilizacion-agua\/","og_site_name":"Alquera.com","article_publisher":"https:\/\/www.facebook.com\/alqueraciencia","article_modified_time":"2021-09-12T13:56:17+00:00","og_image":[{"url":"https:\/\/www.alquera.com\/wp-content\/uploads\/2021\/03\/396927-300x225.jpeg","type":"","width":"","height":""}],"twitter_card":"summary_large_image","twitter_misc":{"Estimated reading time":"1 minute"},"schema":{"@context":"https:\/\/schema.org","@graph":[{"@type":"WebPage","@id":"https:\/\/www.alquera.com\/sulfato-de-aluminio\/potabilizacion-agua\/","url":"https:\/\/www.alquera.com\/sulfato-de-aluminio\/potabilizacion-agua\/","name":"Aluminium Sulphate for Water Purification - Alquera.com","isPartOf":{"@id":"https:\/\/www.alquera.com\/en\/#website"},"primaryImageOfPage":{"@id":"https:\/\/www.alquera.com\/sulfato-de-aluminio\/potabilizacion-agua\/#primaryimage"},"image":{"@id":"https:\/\/www.alquera.com\/sulfato-de-aluminio\/potabilizacion-agua\/#primaryimage"},"thumbnailUrl":"https:\/\/www.alquera.com\/wp-content\/uploads\/2021\/03\/396927-300x225.jpeg","datePublished":"2021-03-16T11:51:49+00:00","dateModified":"2021-09-12T13:56:17+00:00","description":"Aluminium sulphate is a product used as a flocculant for drinking water purification as well as in swimming pools.","breadcrumb":{"@id":"https:\/\/www.alquera.com\/sulfato-de-aluminio\/potabilizacion-agua\/#breadcrumb"},"inLanguage":"en-GB","potentialAction":[{"@type":"ReadAction","target":["https:\/\/www.alquera.com\/sulfato-de-aluminio\/potabilizacion-agua\/"]}]},{"@type":"ImageObject","inLanguage":"en-GB","@id":"https:\/\/www.alquera.com\/sulfato-de-aluminio\/potabilizacion-agua\/#primaryimage","url":"https:\/\/www.alquera.com\/wp-content\/uploads\/2021\/03\/396927-300x225.jpeg","contentUrl":"https:\/\/www.alquera.com\/wp-content\/uploads\/2021\/03\/396927-300x225.jpeg"},{"@type":"BreadcrumbList","@id":"https:\/\/www.alquera.com\/sulfato-de-aluminio\/potabilizacion-agua\/#breadcrumb","itemListElement":[{"@type":"ListItem","position":1,"name":"Inicio","item":"https:\/\/www.alquera.com\/"},{"@type":"ListItem","position":2,"name":"Sulfato de Aluminio","item":"https:\/\/www.alquera.com\/sulfato-de-aluminio\/"},{"@type":"ListItem","position":3,"name":"Sulfato de Aluminio para Potabilizaci\u00f3n del Agua"}]},{"@type":"WebSite","@id":"https:\/\/www.alquera.com\/en\/#website","url":"https:\/\/www.alquera.com\/en\/","name":"Alquera.com","description":"Online Shop Chemical Products and Laboratory Equipment","publisher":{"@id":"https:\/\/www.alquera.com\/en\/#organization"},"potentialAction":[{"@type":"SearchAction","target":{"@type":"EntryPoint","urlTemplate":"https:\/\/www.alquera.com\/en\/?s={search_term_string}"},"query-input":{"@type":"PropertyValueSpecification","valueRequired":true,"valueName":"search_term_string"}}],"inLanguage":"en-GB"},{"@type":"Organization","@id":"https:\/\/www.alquera.com\/en\/#organization","name":"ALQUERA CIENCIA SL","url":"https:\/\/www.alquera.com\/en\/","logo":{"@type":"ImageObject","inLanguage":"en-GB","@id":"https:\/\/www.alquera.com\/en\/#\/schema\/logo\/image\/","url":"https:\/\/www.alquera.com\/wp-content\/uploads\/2020\/11\/logo_300_ancho.png","contentUrl":"https:\/\/www.alquera.com\/wp-content\/uploads\/2020\/11\/logo_300_ancho.png","width":300,"height":86,"caption":"ALQUERA CIENCIA SL"},"image":{"@id":"https:\/\/www.alquera.com\/en\/#\/schema\/logo\/image\/"},"sameAs":["https:\/\/www.facebook.com\/alqueraciencia","https:\/\/www.instagram.com\/alquera_ciencia\/","https:\/\/www.youtube.com\/c\/alquera"]}]}},"_links":{"self":[{"href":"https:\/\/www.alquera.com\/en\/wp-json\/wp\/v2\/pages\/33267","targetHints":{"allow":["GET"]}}],"collection":[{"href":"https:\/\/www.alquera.com\/en\/wp-json\/wp\/v2\/pages"}],"about":[{"href":"https:\/\/www.alquera.com\/en\/wp-json\/wp\/v2\/types\/page"}],"author":[{"embeddable":true,"href":"https:\/\/www.alquera.com\/en\/wp-json\/wp\/v2\/users\/1"}],"replies":[{"embeddable":true,"href":"https:\/\/www.alquera.com\/en\/wp-json\/wp\/v2\/comments?post=33267"}],"version-history":[{"count":5,"href":"https:\/\/www.alquera.com\/en\/wp-json\/wp\/v2\/pages\/33267\/revisions"}],"predecessor-version":[{"id":33301,"href":"https:\/\/www.alquera.com\/en\/wp-json\/wp\/v2\/pages\/33267\/revisions\/33301"}],"up":[{"embeddable":true,"href":"https:\/\/www.alquera.com\/en\/wp-json\/wp\/v2\/pages\/33260"}],"wp:attachment":[{"href":"https:\/\/www.alquera.com\/en\/wp-json\/wp\/v2\/media?parent=33267"}],"curies":[{"name":"wp","href":"https:\/\/api.w.org\/{rel}","templated":true}]}}