{"id":33277,"date":"2021-03-16T12:49:52","date_gmt":"2021-03-16T12:49:52","guid":{"rendered":"https:\/\/www.alquera.com\/?page_id=33277"},"modified":"2021-09-12T13:44:52","modified_gmt":"2021-09-12T13:44:52","slug":"quitar-oxido","status":"publish","type":"page","link":"https:\/\/www.alquera.com\/en\/acido-oxalico\/quitar-oxido\/","title":{"rendered":"Oxalic Acid Rust Removal"},"content":{"rendered":"<p>One of the applications of the\u00a0<a href=\"https:\/\/www.alquera.com\/en\/acido-oxalico\/\">oxalic acid<\/a>\u00a0is to remove rust from metal parts. It is especially suitable for steel parts that have been chrome-plated, such as bicycle parts. The reason for using it on chromed parts is because the oxalic acid will not eat the chromium as it does with other metal cleaners, which contain stronger acids such as hydrochloric acid.<\/p>\n<div id=\"attachment_87\" class=\"wp-caption aligncenter\">\n<p><a href=\"https:\/\/www.alquera.com\/en\/acido-oxalico\/quitar-oxido\/piezas-oxidadas\/\" rel=\"attachment wp-att-33315\"><img loading=\"lazy\" decoding=\"async\" class=\"aligncenter wp-image-33315 size-full\" src=\"https:\/\/www.alquera.com\/wp-content\/uploads\/2021\/03\/piezas-oxidadas.png\" alt=\"quitar \u00f3xido \u00e1cido ox\u00e1lico\" width=\"600\" height=\"300\" srcset=\"https:\/\/www.alquera.com\/wp-content\/uploads\/2021\/03\/piezas-oxidadas.png 600w, https:\/\/www.alquera.com\/wp-content\/uploads\/2021\/03\/piezas-oxidadas-300x150.png 300w\" sizes=\"auto, (max-width: 600px) 100vw, 600px\" \/><\/a><\/p>\n<\/div>\n<h2><span id=\"Que_es_una_pieza_cromada\">What is a chrome plated part?<\/span><\/h2>\n<p>Let's see how to remove rust with oxalic acid. As we have already mentioned, this method is very good for all metal parts, and especially useful in the case of chromed parts, as oxalic acid will respect the chromium layer, without eating it.<\/p>\n<p>A chrome-plated metal part is a piece of steel that has been given a chrome treatment to give it a shinier appearance. It has an aesthetic effect on parts. You can see it on cutlery and hardware. In this image you can see examples of chrome plated parts.<\/p>\n<div id=\"attachment_88\" class=\"wp-caption aligncenter\"><\/div>\n<p><a href=\"https:\/\/www.alquera.com\/en\/acido-oxalico\/quitar-oxido\/piezas-cromadas\/\" rel=\"attachment wp-att-33316\"><img loading=\"lazy\" decoding=\"async\" class=\"size-full wp-image-33316 aligncenter\" src=\"https:\/\/www.alquera.com\/wp-content\/uploads\/2021\/03\/piezas-cromadas.png\" alt=\"quitar \u00f3xido en piezas cromadas\" width=\"600\" height=\"300\" srcset=\"https:\/\/www.alquera.com\/wp-content\/uploads\/2021\/03\/piezas-cromadas.png 600w, https:\/\/www.alquera.com\/wp-content\/uploads\/2021\/03\/piezas-cromadas-300x150.png 300w\" sizes=\"auto, (max-width: 600px) 100vw, 600px\" \/><\/a><\/p>\n<h2><span id=\"Como_quitar_el_oxido_con_acido_oxalico\">How to remove rust with oxalic acid<\/span><\/h2>\n<ol>\n<li>Clean the parts to be rusted with soap and water to remove dust and other particles.<\/li>\n<li>Take oxalic acid (it comes in powder form) and dilute it for a few minutes. <strong>100 grams per litre of water<\/strong> in a basin or bucket<\/li>\n<li>Introduce the oxidised parts. Depending on the degree of oxidation, you will have to leave them more or less time. On average 2-3 hours should be sufficient.<\/li>\n<li>Remove the parts and rinse them thoroughly with water to remove the rust.<\/li>\n<li>Dry the parts thoroughly. This drying is important to prevent them from rusting again.<\/li>\n<li>To make them last longer, you can apply a layer of grease or grease lubricant. This will keep the parts in good condition for a longer period of time.<\/li>\n<\/ol>\n<p>This product is especially widely used in bicycle parts. Let's take a look at this particular case for bicycle parts.<\/p>\n<h2><strong>How to remove Bicycle Rust<\/strong><\/h2>\n<p><strong>Materials:<\/strong>\u00a0You will need 200 to 300 grams of\u00a0<a href=\"https:\/\/www.alquera.com\/en\/acido-oxalico\/\">oxalic acid<\/a>400 fine-grit sandpaper, steel wool 00, tools for dismantling the bike, degreasing cleaner, brush, etc.<\/p>\n<ol>\n<li><strong>Dismantle the bicycle :<\/strong> It is possible to do the work without disassembling but you will not get a good result, so it is better to disassemble the whole bike. Once the bike is completely disassembled, separate the rusted parts. The rusted parts will be steel or iron, as aluminium parts do not rust. It is important not to put the aluminium parts in contact with acid because of the reaction they could cause. Then remove all the grease and oil from the rusted iron or steel parts that you have separated.<\/li>\n<li><b>Preparation of the oxalic acid solution:<\/b>\u00a0Wear gloves and goggles to avoid direct contact with the acid.<strong>. In a cube<\/strong> prepare two tablespoons (about 100 grams) of oxalic acid per litre of water.<\/li>\n<li><strong>Introduce the rusted parts into the solution:<\/strong> Put the rusted and cleaned parts of the bicycle into the solution. The parts should be placed in such a way that they are completely submerged.  Let them stand in the bucket for 24 to 48 hours.  The oxalic acid acts by dissolving the layer of dirt on contact, it is not necessary to rub the parts.<\/li>\n<li>After soaking for 24 to 48 hours, remove the pieces. The pieces will be covered with a white layer that should be removed directly with soap and water.<\/li>\n<\/ol>\n<p><strong>Review:<\/strong>\u00a0Check each piece and try to correct any small defects such as scratches.  Remove them with fine-grit sandpaper.<\/p>\n<p><strong>Riding the bicycle:<\/strong>\u00a0Once all the parts are clean and dry, it is time to reassemble it with the utmost care. The bike will be as good as new.<\/p>\n<h3 class=\"widget-title\">Buy <\/h3><div><div class=\"woocommerce\"><ul class=\"products columns-4\">\n<li class=\"desktop-align-left tablet-align-left mobile-align-left ast-product-gallery-layout-horizontal-slider ast-magnify-disabled ast-product-single-variable ast-product-tabs-layout-horizontal ast-qv-on-image product type-product post-495 status-publish first instock product_cat-productos-experimentos product_cat-productos has-post-thumbnail taxable shipping-taxable purchasable product-type-variable has-default-attributes\">\n\t<a href=\"https:\/\/www.alquera.com\/en\/permanganato-de-potasio\/\" class=\"woocommerce-LoopProduct-link woocommerce-loop-product__link\"><img loading=\"lazy\" decoding=\"async\" width=\"300\" height=\"300\" src=\"https:\/\/www.alquera.com\/wp-content\/uploads\/2016\/01\/permanganato-200g-foto-nueva-300x300.png\" class=\"attachment-woocommerce_thumbnail size-woocommerce_thumbnail\" alt=\"permanganato 200g\" srcset=\"https:\/\/www.alquera.com\/wp-content\/uploads\/2016\/01\/permanganato-200g-foto-nueva-300x300.png 300w, https:\/\/www.alquera.com\/wp-content\/uploads\/2016\/01\/permanganato-200g-foto-nueva-150x150.png 150w, https:\/\/www.alquera.com\/wp-content\/uploads\/2016\/01\/permanganato-200g-foto-nueva-12x12.png 12w, https:\/\/www.alquera.com\/wp-content\/uploads\/2016\/01\/permanganato-200g-foto-nueva-100x100.png 100w\" sizes=\"auto, (max-width: 300px) 100vw, 300px\" \/><h2 class=\"woocommerce-loop-product__title\">Potassium Permanganate<\/h2><div class=\"review-rating\"><div class=\"star-rating\"><span style=\"width:100%\" data-no-translation=\"\" data-trp-gettext=\"\">Rated <strong class=\"rating\">5.00<\/strong> out of 5<\/span><\/div><\/div>\n<\/a><a href=\"https:\/\/www.alquera.com\/en\/permanganato-de-potasio\/\" aria-describedby=\"woocommerce_loop_add_to_cart_link_describedby_495\" data-quantity=\"1\" class=\"button product_type_variable add_to_cart_button\" data-product_id=\"495\" data-product_sku=\"AL100111\" aria-label=\"Select options for \u201cPermanganato de Potasio\u201d\" rel=\"nofollow\" data-no-translation=\"\" data-trp-gettext=\"\" data-no-translation-aria-label=\"\">Select options<\/a>\t<span id=\"woocommerce_loop_add_to_cart_link_describedby_495\" class=\"screen-reader-text\">\n\t\tThis product has multiple variants. The options may be chosen on the product page\t<\/span>\n<\/li>\n<\/ul>\n<\/div><\/div>\n<p class=\"widget-title\">Read more<\/p><a href=\"https:\/\/www.alquera.com\/en\/acido-oxalico\/\">Oxalic acid<\/a>\n<!-- Page-list plugin v.5.9 wordpress.org\/plugins\/page-list\/ -->\n<ul class=\"page-list siblings-page-list\">\n<li class=\"page_item page-item-33282 menu-item\"><a href=\"https:\/\/www.alquera.com\/en\/acido-oxalico\/apicultura\/\" class=\"menu-link\">Oxalic Acid in Beekeeping<\/a><\/li>\n<li class=\"page_item page-item-33336 menu-item\"><a href=\"https:\/\/www.alquera.com\/en\/acido-oxalico\/limpieza-fibra-vidrio\/\" class=\"menu-link\">Fibreglass Cleaning<\/a><\/li>\n<li class=\"page_item page-item-33280 menu-item\"><a href=\"https:\/\/www.alquera.com\/en\/acido-oxalico\/pulir-suelos\/\" class=\"menu-link\">Oxalic Acid Floor Polishing<\/a><\/li>\n<li class=\"page_item page-item-33277 menu-item\"><a href=\"https:\/\/www.alquera.com\/en\/acido-oxalico\/quitar-oxido\/\" class=\"menu-link\">Oxalic Acid Rust Removal<\/a><\/li>\n<li class=\"page_item page-item-33275 menu-item\"><a href=\"https:\/\/www.alquera.com\/en\/acido-oxalico\/usos\/\" class=\"menu-link\">Uses Oxalic Acid<\/a><\/li>\n\n<\/ul>\n<div><\/div>","protected":false},"excerpt":{"rendered":"<p>Una de las aplicaciones del\u00a0\u00e1cido ox\u00e1lico\u00a0es la de quitar \u00f3xido en piezas met\u00e1licas. Est\u00e1 especialmente indicado para piezas de acero que han sido cromadas, como ser\u00edan las piezas de la bicicleta. El motivo de utilizarlo en piezas cromadas es porque el \u00e1cido ox\u00e1lico no se va a comer el cromo como si ocurre con otros [&hellip;]<\/p>\n","protected":false},"author":1,"featured_media":0,"parent":33273,"menu_order":0,"comment_status":"closed","ping_status":"closed","template":"","meta":{"_acf_changed":false,"site-sidebar-layout":"default","site-content-layout":"","ast-site-content-layout":"default","site-content-style":"default","site-sidebar-style":"default","ast-global-header-display":"","ast-banner-title-visibility":"","ast-main-header-display":"","ast-hfb-above-header-display":"","ast-hfb-below-header-display":"","ast-hfb-mobile-header-display":"","site-post-title":"","ast-breadcrumbs-content":"","ast-featured-img":"","footer-sml-layout":"","ast-disable-related-posts":"","theme-transparent-header-meta":"","adv-header-id-meta":"","stick-header-meta":"","header-above-stick-meta":"","header-main-stick-meta":"","header-below-stick-meta":"","astra-migrate-meta-layouts":"default","ast-page-background-enabled":"default","ast-page-background-meta":{"desktop":{"background-color":"var(--ast-global-color-4)","background-image":"","background-repeat":"repeat","background-position":"center center","background-size":"auto","background-attachment":"scroll","background-type":"","background-media":"","overlay-type":"","overlay-color":"","overlay-opacity":"","overlay-gradient":""},"tablet":{"background-color":"","background-image":"","background-repeat":"repeat","background-position":"center center","background-size":"auto","background-attachment":"scroll","background-type":"","background-media":"","overlay-type":"","overlay-color":"","overlay-opacity":"","overlay-gradient":""},"mobile":{"background-color":"","background-image":"","background-repeat":"repeat","background-position":"center center","background-size":"auto","background-attachment":"scroll","background-type":"","background-media":"","overlay-type":"","overlay-color":"","overlay-opacity":"","overlay-gradient":""}},"ast-content-background-meta":{"desktop":{"background-color":"var(--ast-global-color-5)","background-image":"","background-repeat":"repeat","background-position":"center center","background-size":"auto","background-attachment":"scroll","background-type":"","background-media":"","overlay-type":"","overlay-color":"","overlay-opacity":"","overlay-gradient":""},"tablet":{"background-color":"var(--ast-global-color-5)","background-image":"","background-repeat":"repeat","background-position":"center center","background-size":"auto","background-attachment":"scroll","background-type":"","background-media":"","overlay-type":"","overlay-color":"","overlay-opacity":"","overlay-gradient":""},"mobile":{"background-color":"var(--ast-global-color-5)","background-image":"","background-repeat":"repeat","background-position":"center center","background-size":"auto","background-attachment":"scroll","background-type":"","background-media":"","overlay-type":"","overlay-color":"","overlay-opacity":"","overlay-gradient":""}},"footnotes":""},"class_list":["post-33277","page","type-page","status-publish","hentry"],"acf":[],"yoast_head":"<!-- This site is optimized with the Yoast SEO Premium plugin v27.1 (Yoast SEO v27.1.1) - https:\/\/yoast.com\/product\/yoast-seo-premium-wordpress\/ -->\n<title>Quitar \u00d3xido con \u00c1cido Ox\u00e1lico - Alquera.com<\/title>\n<meta name=\"description\" content=\"Vamos a ver como quitar el \u00f3xido especialmente en piezas cromadas utilizando \u00e1cido ox\u00e1lico. Deja tus piezas como nuevas!\" \/>\n<meta name=\"robots\" content=\"index, follow, max-snippet:-1, max-image-preview:large, max-video-preview:-1\" \/>\n<link rel=\"canonical\" href=\"https:\/\/www.alquera.com\/en\/acido-oxalico\/quitar-oxido\/\" \/>\n<meta property=\"og:locale\" content=\"en_GB\" \/>\n<meta property=\"og:type\" content=\"article\" \/>\n<meta property=\"og:title\" content=\"Quitar \u00d3xido con \u00c1cido Ox\u00e1lico\" \/>\n<meta property=\"og:description\" content=\"Vamos a ver como quitar el \u00f3xido especialmente en piezas cromadas utilizando \u00e1cido ox\u00e1lico. Deja tus piezas como nuevas!\" \/>\n<meta property=\"og:url\" content=\"https:\/\/www.alquera.com\/en\/acido-oxalico\/quitar-oxido\/\" \/>\n<meta property=\"og:site_name\" content=\"Alquera.com\" \/>\n<meta property=\"article:publisher\" content=\"https:\/\/www.facebook.com\/alqueraciencia\" \/>\n<meta property=\"article:modified_time\" content=\"2021-09-12T13:44:52+00:00\" \/>\n<meta property=\"og:image\" content=\"https:\/\/www.alquera.com\/wp-content\/uploads\/2021\/03\/piezas-oxidadas.png\" \/>\n<meta name=\"twitter:card\" content=\"summary_large_image\" \/>\n<meta name=\"twitter:label1\" content=\"Estimated reading time\" \/>\n\t<meta name=\"twitter:data1\" content=\"3 minutes\" \/>\n<script type=\"application\/ld+json\" class=\"yoast-schema-graph\">{\"@context\":\"https:\/\/schema.org\",\"@graph\":[{\"@type\":\"WebPage\",\"@id\":\"https:\/\/www.alquera.com\/acido-oxalico\/quitar-oxido\/\",\"url\":\"https:\/\/www.alquera.com\/acido-oxalico\/quitar-oxido\/\",\"name\":\"Quitar \u00d3xido con \u00c1cido Ox\u00e1lico - Alquera.com\",\"isPartOf\":{\"@id\":\"https:\/\/www.alquera.com\/en\/#website\"},\"primaryImageOfPage\":{\"@id\":\"https:\/\/www.alquera.com\/acido-oxalico\/quitar-oxido\/#primaryimage\"},\"image\":{\"@id\":\"https:\/\/www.alquera.com\/acido-oxalico\/quitar-oxido\/#primaryimage\"},\"thumbnailUrl\":\"https:\/\/www.alquera.com\/wp-content\/uploads\/2021\/03\/piezas-oxidadas.png\",\"datePublished\":\"2021-03-16T12:49:52+00:00\",\"dateModified\":\"2021-09-12T13:44:52+00:00\",\"description\":\"Vamos a ver como quitar el \u00f3xido especialmente en piezas cromadas utilizando \u00e1cido ox\u00e1lico. Deja tus piezas como nuevas!\",\"breadcrumb\":{\"@id\":\"https:\/\/www.alquera.com\/acido-oxalico\/quitar-oxido\/#breadcrumb\"},\"inLanguage\":\"en-GB\",\"potentialAction\":[{\"@type\":\"ReadAction\",\"target\":[\"https:\/\/www.alquera.com\/acido-oxalico\/quitar-oxido\/\"]}]},{\"@type\":\"ImageObject\",\"inLanguage\":\"en-GB\",\"@id\":\"https:\/\/www.alquera.com\/acido-oxalico\/quitar-oxido\/#primaryimage\",\"url\":\"https:\/\/www.alquera.com\/wp-content\/uploads\/2021\/03\/piezas-oxidadas.png\",\"contentUrl\":\"https:\/\/www.alquera.com\/wp-content\/uploads\/2021\/03\/piezas-oxidadas.png\"},{\"@type\":\"BreadcrumbList\",\"@id\":\"https:\/\/www.alquera.com\/acido-oxalico\/quitar-oxido\/#breadcrumb\",\"itemListElement\":[{\"@type\":\"ListItem\",\"position\":1,\"name\":\"Inicio\",\"item\":\"https:\/\/www.alquera.com\/\"},{\"@type\":\"ListItem\",\"position\":2,\"name\":\"Acido Ox\u00e1lico\",\"item\":\"https:\/\/www.alquera.com\/acido-oxalico\/\"},{\"@type\":\"ListItem\",\"position\":3,\"name\":\"Quitar \u00d3xido con \u00c1cido Ox\u00e1lico\"}]},{\"@type\":\"WebSite\",\"@id\":\"https:\/\/www.alquera.com\/en\/#website\",\"url\":\"https:\/\/www.alquera.com\/en\/\",\"name\":\"Alquera.com\",\"description\":\"Tienda Online Productos Qu\u00edmicos y Material de Laboratorio\",\"publisher\":{\"@id\":\"https:\/\/www.alquera.com\/en\/#organization\"},\"potentialAction\":[{\"@type\":\"SearchAction\",\"target\":{\"@type\":\"EntryPoint\",\"urlTemplate\":\"https:\/\/www.alquera.com\/en\/?s={search_term_string}\"},\"query-input\":{\"@type\":\"PropertyValueSpecification\",\"valueRequired\":true,\"valueName\":\"search_term_string\"}}],\"inLanguage\":\"en-GB\"},{\"@type\":\"Organization\",\"@id\":\"https:\/\/www.alquera.com\/en\/#organization\",\"name\":\"ALQUERA CIENCIA SL\",\"url\":\"https:\/\/www.alquera.com\/en\/\",\"logo\":{\"@type\":\"ImageObject\",\"inLanguage\":\"en-GB\",\"@id\":\"https:\/\/www.alquera.com\/en\/#\/schema\/logo\/image\/\",\"url\":\"https:\/\/www.alquera.com\/wp-content\/uploads\/2020\/11\/logo_300_ancho.png\",\"contentUrl\":\"https:\/\/www.alquera.com\/wp-content\/uploads\/2020\/11\/logo_300_ancho.png\",\"width\":300,\"height\":86,\"caption\":\"ALQUERA CIENCIA SL\"},\"image\":{\"@id\":\"https:\/\/www.alquera.com\/en\/#\/schema\/logo\/image\/\"},\"sameAs\":[\"https:\/\/www.facebook.com\/alqueraciencia\",\"https:\/\/www.instagram.com\/alquera_ciencia\/\",\"https:\/\/www.youtube.com\/c\/alquera\"]}]}<\/script>\n<!-- \/ Yoast SEO Premium plugin. -->","yoast_head_json":{"title":"Rust Removal with Oxalic Acid - Alquera.com","description":"Let's see how to remove rust especially on chrome parts using oxalic acid. Leave your parts as good as new!","robots":{"index":"index","follow":"follow","max-snippet":"max-snippet:-1","max-image-preview":"max-image-preview:large","max-video-preview":"max-video-preview:-1"},"canonical":"https:\/\/www.alquera.com\/en\/acido-oxalico\/quitar-oxido\/","og_locale":"en_GB","og_type":"article","og_title":"Quitar \u00d3xido con \u00c1cido Ox\u00e1lico","og_description":"Vamos a ver como quitar el \u00f3xido especialmente en piezas cromadas utilizando \u00e1cido ox\u00e1lico. Deja tus piezas como nuevas!","og_url":"https:\/\/www.alquera.com\/en\/acido-oxalico\/quitar-oxido\/","og_site_name":"Alquera.com","article_publisher":"https:\/\/www.facebook.com\/alqueraciencia","article_modified_time":"2021-09-12T13:44:52+00:00","og_image":[{"url":"https:\/\/www.alquera.com\/wp-content\/uploads\/2021\/03\/piezas-oxidadas.png","type":"","width":"","height":""}],"twitter_card":"summary_large_image","twitter_misc":{"Estimated reading time":"3 minutes"},"schema":{"@context":"https:\/\/schema.org","@graph":[{"@type":"WebPage","@id":"https:\/\/www.alquera.com\/acido-oxalico\/quitar-oxido\/","url":"https:\/\/www.alquera.com\/acido-oxalico\/quitar-oxido\/","name":"Rust Removal with Oxalic Acid - Alquera.com","isPartOf":{"@id":"https:\/\/www.alquera.com\/en\/#website"},"primaryImageOfPage":{"@id":"https:\/\/www.alquera.com\/acido-oxalico\/quitar-oxido\/#primaryimage"},"image":{"@id":"https:\/\/www.alquera.com\/acido-oxalico\/quitar-oxido\/#primaryimage"},"thumbnailUrl":"https:\/\/www.alquera.com\/wp-content\/uploads\/2021\/03\/piezas-oxidadas.png","datePublished":"2021-03-16T12:49:52+00:00","dateModified":"2021-09-12T13:44:52+00:00","description":"Let's see how to remove rust especially on chrome parts using oxalic acid. Leave your parts as good as new!","breadcrumb":{"@id":"https:\/\/www.alquera.com\/acido-oxalico\/quitar-oxido\/#breadcrumb"},"inLanguage":"en-GB","potentialAction":[{"@type":"ReadAction","target":["https:\/\/www.alquera.com\/acido-oxalico\/quitar-oxido\/"]}]},{"@type":"ImageObject","inLanguage":"en-GB","@id":"https:\/\/www.alquera.com\/acido-oxalico\/quitar-oxido\/#primaryimage","url":"https:\/\/www.alquera.com\/wp-content\/uploads\/2021\/03\/piezas-oxidadas.png","contentUrl":"https:\/\/www.alquera.com\/wp-content\/uploads\/2021\/03\/piezas-oxidadas.png"},{"@type":"BreadcrumbList","@id":"https:\/\/www.alquera.com\/acido-oxalico\/quitar-oxido\/#breadcrumb","itemListElement":[{"@type":"ListItem","position":1,"name":"Inicio","item":"https:\/\/www.alquera.com\/"},{"@type":"ListItem","position":2,"name":"Acido Ox\u00e1lico","item":"https:\/\/www.alquera.com\/acido-oxalico\/"},{"@type":"ListItem","position":3,"name":"Quitar \u00d3xido con \u00c1cido Ox\u00e1lico"}]},{"@type":"WebSite","@id":"https:\/\/www.alquera.com\/en\/#website","url":"https:\/\/www.alquera.com\/en\/","name":"Alquera.com","description":"Online Shop Chemical Products and Laboratory Equipment","publisher":{"@id":"https:\/\/www.alquera.com\/en\/#organization"},"potentialAction":[{"@type":"SearchAction","target":{"@type":"EntryPoint","urlTemplate":"https:\/\/www.alquera.com\/en\/?s={search_term_string}"},"query-input":{"@type":"PropertyValueSpecification","valueRequired":true,"valueName":"search_term_string"}}],"inLanguage":"en-GB"},{"@type":"Organization","@id":"https:\/\/www.alquera.com\/en\/#organization","name":"ALQUERA CIENCIA SL","url":"https:\/\/www.alquera.com\/en\/","logo":{"@type":"ImageObject","inLanguage":"en-GB","@id":"https:\/\/www.alquera.com\/en\/#\/schema\/logo\/image\/","url":"https:\/\/www.alquera.com\/wp-content\/uploads\/2020\/11\/logo_300_ancho.png","contentUrl":"https:\/\/www.alquera.com\/wp-content\/uploads\/2020\/11\/logo_300_ancho.png","width":300,"height":86,"caption":"ALQUERA CIENCIA SL"},"image":{"@id":"https:\/\/www.alquera.com\/en\/#\/schema\/logo\/image\/"},"sameAs":["https:\/\/www.facebook.com\/alqueraciencia","https:\/\/www.instagram.com\/alquera_ciencia\/","https:\/\/www.youtube.com\/c\/alquera"]}]}},"_links":{"self":[{"href":"https:\/\/www.alquera.com\/en\/wp-json\/wp\/v2\/pages\/33277","targetHints":{"allow":["GET"]}}],"collection":[{"href":"https:\/\/www.alquera.com\/en\/wp-json\/wp\/v2\/pages"}],"about":[{"href":"https:\/\/www.alquera.com\/en\/wp-json\/wp\/v2\/types\/page"}],"author":[{"embeddable":true,"href":"https:\/\/www.alquera.com\/en\/wp-json\/wp\/v2\/users\/1"}],"replies":[{"embeddable":true,"href":"https:\/\/www.alquera.com\/en\/wp-json\/wp\/v2\/comments?post=33277"}],"version-history":[{"count":9,"href":"https:\/\/www.alquera.com\/en\/wp-json\/wp\/v2\/pages\/33277\/revisions"}],"predecessor-version":[{"id":33329,"href":"https:\/\/www.alquera.com\/en\/wp-json\/wp\/v2\/pages\/33277\/revisions\/33329"}],"up":[{"embeddable":true,"href":"https:\/\/www.alquera.com\/en\/wp-json\/wp\/v2\/pages\/33273"}],"wp:attachment":[{"href":"https:\/\/www.alquera.com\/en\/wp-json\/wp\/v2\/media?parent=33277"}],"curies":[{"name":"wp","href":"https:\/\/api.w.org\/{rel}","templated":true}]}}