{"id":33280,"date":"2021-03-16T13:28:29","date_gmt":"2021-03-16T13:28:29","guid":{"rendered":"https:\/\/www.alquera.com\/?page_id=33280"},"modified":"2021-09-12T13:44:35","modified_gmt":"2021-09-12T13:44:35","slug":"pulir-suelos","status":"publish","type":"page","link":"https:\/\/www.alquera.com\/en\/acido-oxalico\/pulir-suelos\/","title":{"rendered":"Oxalic Acid Floor Polishing"},"content":{"rendered":"<p>Marble, granite, terrazzo or any polished stone floors provide unparalleled beauty and elegance to any building. They are very durable floors, but as time goes by, they suffer wear and tear, mistreatment, scratches and stains, which need to be treated. It is necessary to carry out a <strong>polishing of these floors<\/strong>especially in marble and granite.<\/p>\n<p>Because of the hardness of these materials, polishing processes are difficult, the\u00a0<a href=\"https:\/\/www.alquera.com\/en\/acido-oxalico\/\">oxalic acid<\/a> will help you for this polishing task, being a very economical and easy to apply product. Here we explain the use of oxalic acid for floor polishing.<\/p>\n<h2><span id=\"PISOS_DE_MARMOL\">MARBLE FLOORS<\/span><\/h2>\n<p>Marble is one of the most valued materials in the decoration of a house. The\u00a0<strong>marble<\/strong>\u00a0is very elegant and luminous. It should be noted that although it is a great material, it is also very porous. Porosity means that it is capable of absorbing many substances, losing its shine. It is therefore important to clean them frequently, and to take special care of them regularly.<\/p>\n<p>Marble should not be cleaned with an abrasive product such as bleach, as this could damage it. And it should be kept as dry as possible. After mopping, it should be dried thoroughly to keep it dry. A coat of wax should be applied to minimise porosity. Every 4-5 years it is recommended to polish the marble floor. One of the products used to polish marble floors is oxalic acid. In the following section we tell you how to polish floors with oxalic acid.<\/p>\n<h2><span id=\"COMO_PULIR_PISOS_DE_MARMOL_Y_GRANITO_CON_ACIDO_OXALICO\"><strong>HOW TO POLISH MARBLE AND GRANITE FLOORS WITH OXALIC ACID<\/strong><\/span><\/h2>\n<ol>\n<li>For the cleaning of a\u00a0<strong>marble floor with oxalic acid<\/strong>\u00a0(as with any other acid), start by removing grease, wax, or any other dirt from the floor. For this you can use commercially available anti-grease cleaning products. Clean especially in the areas where the greatest number of people pass by, at the edges where grease and dirt accumulate, and under furniture that has been in the same place for a long time.<\/li>\n<\/ol>\n<div id=\"attachment_19\" class=\"wp-caption aligncenter\">\n<p class=\"wp-caption-text\"><img loading=\"lazy\" decoding=\"async\" class=\"alignnone size-full wp-image-33318\" src=\"https:\/\/www.alquera.com\/wp-content\/uploads\/2021\/03\/desengrasar.png\" alt=\"limpieza suelos marmol primer paso\" width=\"600\" height=\"286\" srcset=\"https:\/\/www.alquera.com\/wp-content\/uploads\/2021\/03\/desengrasar.png 600w, https:\/\/www.alquera.com\/wp-content\/uploads\/2021\/03\/desengrasar-300x143.png 300w\" sizes=\"auto, (max-width: 600px) 100vw, 600px\" \/><\/p>\n<\/div>\n<p>&nbsp;<\/p>\n<p>2. If the damage to the floor is not extensive and you only need to highlight the existing polish, the entire polishing process can be done by hand. Use very fine 00 steel wool and circular movements. You only need to add the oxalic acid together with a little water and start sanding the damaged areas.<\/p>\n<p>If the floor has a lot of wear and stains, it is best to use an automatic polisher.<\/p>\n<p><img loading=\"lazy\" decoding=\"async\" class=\"size-full wp-image-33319 aligncenter\" src=\"https:\/\/www.alquera.com\/wp-content\/uploads\/2021\/03\/unnamed.jpg\" alt=\"pulir suelos con acido ox\" width=\"512\" height=\"341\" srcset=\"https:\/\/www.alquera.com\/wp-content\/uploads\/2021\/03\/unnamed.jpg 512w, https:\/\/www.alquera.com\/wp-content\/uploads\/2021\/03\/unnamed-300x200.jpg 300w\" sizes=\"auto, (max-width: 512px) 100vw, 512px\" \/><\/p>\n<p>3. Rinse and clean with water to remove residues.<\/p>\n<div id=\"attachment_20\" class=\"wp-caption aligncenter\">\n<p class=\"wp-caption-text\">\n<\/div>\n<p>4. To finalise the work of <strong>floor polishing, marble, stone, etc.<\/strong>... ,... , a special polishing product must be applied.<\/p>\n<h3><span id=\"Mantenimiento_del_suelo_de_marmol_y_granito\">Maintenance of marble and granite floors.<\/span><\/h3>\n<p>It is important to carry out maintenance work to ensure that the oxalic acid polish lasts for a long time. For this purpose, it is only necessary to clean the dust regularly, and avoid using lemon or vinegar. In case of spillage of any liquid or substance, it should be cleaned up immediately as marble and granite floors are porous and liquids can penetrate very easily.<\/p>\n<div><h3 class=\"widget-title\">Buy <\/h3><div><div class=\"woocommerce\"><ul class=\"products columns-4\">\n<li class=\"desktop-align-left tablet-align-left mobile-align-left ast-product-gallery-layout-horizontal-slider ast-magnify-disabled ast-product-single-variable ast-product-tabs-layout-horizontal ast-qv-on-image product type-product post-495 status-publish first instock product_cat-productos-experimentos product_cat-productos has-post-thumbnail taxable shipping-taxable purchasable product-type-variable has-default-attributes\">\n\t<a href=\"https:\/\/www.alquera.com\/en\/permanganato-de-potasio\/\" class=\"woocommerce-LoopProduct-link woocommerce-loop-product__link\"><img loading=\"lazy\" decoding=\"async\" width=\"300\" height=\"300\" src=\"https:\/\/www.alquera.com\/wp-content\/uploads\/2016\/01\/permanganato-200g-foto-nueva-300x300.png\" class=\"attachment-woocommerce_thumbnail size-woocommerce_thumbnail\" alt=\"permanganato 200g\" srcset=\"https:\/\/www.alquera.com\/wp-content\/uploads\/2016\/01\/permanganato-200g-foto-nueva-300x300.png 300w, https:\/\/www.alquera.com\/wp-content\/uploads\/2016\/01\/permanganato-200g-foto-nueva-150x150.png 150w, https:\/\/www.alquera.com\/wp-content\/uploads\/2016\/01\/permanganato-200g-foto-nueva-12x12.png 12w, https:\/\/www.alquera.com\/wp-content\/uploads\/2016\/01\/permanganato-200g-foto-nueva-100x100.png 100w\" sizes=\"auto, (max-width: 300px) 100vw, 300px\" \/><h2 class=\"woocommerce-loop-product__title\">Potassium Permanganate<\/h2><div class=\"review-rating\"><div class=\"star-rating\"><span style=\"width:100%\" data-no-translation=\"\" data-trp-gettext=\"\">Rated <strong class=\"rating\">5.00<\/strong> out of 5<\/span><\/div><\/div>\n<\/a><a href=\"https:\/\/www.alquera.com\/en\/permanganato-de-potasio\/\" aria-describedby=\"woocommerce_loop_add_to_cart_link_describedby_495\" data-quantity=\"1\" class=\"button product_type_variable add_to_cart_button\" data-product_id=\"495\" data-product_sku=\"AL100111\" aria-label=\"Select options for \u201cPermanganato de Potasio\u201d\" rel=\"nofollow\" data-no-translation=\"\" data-trp-gettext=\"\" data-no-translation-aria-label=\"\">Select options<\/a>\t<span id=\"woocommerce_loop_add_to_cart_link_describedby_495\" class=\"screen-reader-text\">\n\t\tThis product has multiple variants. The options may be chosen on the product page\t<\/span>\n<\/li>\n<\/ul>\n<\/div><\/div><\/div>\n<div><p class=\"widget-title\">Read more<\/p><a href=\"https:\/\/www.alquera.com\/en\/acido-oxalico\/\">Oxalic acid<\/a>\n<!-- Page-list plugin v.5.9 wordpress.org\/plugins\/page-list\/ -->\n<ul class=\"page-list siblings-page-list\">\n<li class=\"page_item page-item-33282 menu-item\"><a href=\"https:\/\/www.alquera.com\/en\/acido-oxalico\/apicultura\/\" class=\"menu-link\">Oxalic Acid in Beekeeping<\/a><\/li>\n<li class=\"page_item page-item-33336 menu-item\"><a href=\"https:\/\/www.alquera.com\/en\/acido-oxalico\/limpieza-fibra-vidrio\/\" class=\"menu-link\">Fibreglass Cleaning<\/a><\/li>\n<li class=\"page_item page-item-33280 menu-item\"><a href=\"https:\/\/www.alquera.com\/en\/acido-oxalico\/pulir-suelos\/\" class=\"menu-link\">Oxalic Acid Floor Polishing<\/a><\/li>\n<li class=\"page_item page-item-33277 menu-item\"><a href=\"https:\/\/www.alquera.com\/en\/acido-oxalico\/quitar-oxido\/\" class=\"menu-link\">Oxalic Acid Rust Removal<\/a><\/li>\n<li class=\"page_item page-item-33275 menu-item\"><a href=\"https:\/\/www.alquera.com\/en\/acido-oxalico\/usos\/\" class=\"menu-link\">Uses Oxalic Acid<\/a><\/li>\n\n<\/ul><\/div>","protected":false},"excerpt":{"rendered":"<p>Los suelos de m\u00e1rmol, granito, terrazo o cualquier piedra pulida, le proporcionan una belleza y elegancia sin igual a cualquier edificaci\u00f3n. Son pisos muy duraderos, pero al pasar el tiempo, sufren desgaste, maltratos, rayados y manchas, que son necesarios de tratar. Es necesario realizar un pulido de estos suelos o pisos, especialmente en los m\u00e1rmol [&hellip;]<\/p>\n","protected":false},"author":1,"featured_media":0,"parent":33273,"menu_order":0,"comment_status":"closed","ping_status":"closed","template":"","meta":{"_acf_changed":false,"site-sidebar-layout":"default","site-content-layout":"","ast-site-content-layout":"default","site-content-style":"default","site-sidebar-style":"default","ast-global-header-display":"","ast-banner-title-visibility":"","ast-main-header-display":"","ast-hfb-above-header-display":"","ast-hfb-below-header-display":"","ast-hfb-mobile-header-display":"","site-post-title":"","ast-breadcrumbs-content":"","ast-featured-img":"","footer-sml-layout":"","ast-disable-related-posts":"","theme-transparent-header-meta":"","adv-header-id-meta":"","stick-header-meta":"","header-above-stick-meta":"","header-main-stick-meta":"","header-below-stick-meta":"","astra-migrate-meta-layouts":"default","ast-page-background-enabled":"default","ast-page-background-meta":{"desktop":{"background-color":"var(--ast-global-color-4)","background-image":"","background-repeat":"repeat","background-position":"center center","background-size":"auto","background-attachment":"scroll","background-type":"","background-media":"","overlay-type":"","overlay-color":"","overlay-opacity":"","overlay-gradient":""},"tablet":{"background-color":"","background-image":"","background-repeat":"repeat","background-position":"center center","background-size":"auto","background-attachment":"scroll","background-type":"","background-media":"","overlay-type":"","overlay-color":"","overlay-opacity":"","overlay-gradient":""},"mobile":{"background-color":"","background-image":"","background-repeat":"repeat","background-position":"center center","background-size":"auto","background-attachment":"scroll","background-type":"","background-media":"","overlay-type":"","overlay-color":"","overlay-opacity":"","overlay-gradient":""}},"ast-content-background-meta":{"desktop":{"background-color":"var(--ast-global-color-5)","background-image":"","background-repeat":"repeat","background-position":"center center","background-size":"auto","background-attachment":"scroll","background-type":"","background-media":"","overlay-type":"","overlay-color":"","overlay-opacity":"","overlay-gradient":""},"tablet":{"background-color":"var(--ast-global-color-5)","background-image":"","background-repeat":"repeat","background-position":"center center","background-size":"auto","background-attachment":"scroll","background-type":"","background-media":"","overlay-type":"","overlay-color":"","overlay-opacity":"","overlay-gradient":""},"mobile":{"background-color":"var(--ast-global-color-5)","background-image":"","background-repeat":"repeat","background-position":"center center","background-size":"auto","background-attachment":"scroll","background-type":"","background-media":"","overlay-type":"","overlay-color":"","overlay-opacity":"","overlay-gradient":""}},"footnotes":""},"class_list":["post-33280","page","type-page","status-publish","hentry"],"acf":[],"yoast_head":"<!-- This site is optimized with the Yoast SEO Premium plugin v27.1 (Yoast SEO v27.1.1) - https:\/\/yoast.com\/product\/yoast-seo-premium-wordpress\/ -->\n<title>Pulir Suelos con \u00c1cido Ox\u00e1lico - Alquera.com<\/title>\n<meta name=\"description\" content=\"Vamos a ver c\u00f3mo pulir los suelos de m\u00e1rmol y de granito utilizando \u00e1cido ox\u00e1lico para el pulido. El \u00e1cido ox\u00e1lico es un \u00e1cido org\u00e1nico.\" \/>\n<meta name=\"robots\" content=\"index, follow, max-snippet:-1, max-image-preview:large, max-video-preview:-1\" \/>\n<link rel=\"canonical\" href=\"https:\/\/www.alquera.com\/en\/acido-oxalico\/pulir-suelos\/\" \/>\n<meta property=\"og:locale\" content=\"en_GB\" \/>\n<meta property=\"og:type\" content=\"article\" \/>\n<meta property=\"og:title\" content=\"Pulir Suelos con \u00c1cido Ox\u00e1lico\" \/>\n<meta property=\"og:description\" content=\"Vamos a ver c\u00f3mo pulir los suelos de m\u00e1rmol y de granito utilizando \u00e1cido ox\u00e1lico para el pulido. El \u00e1cido ox\u00e1lico es un \u00e1cido org\u00e1nico.\" \/>\n<meta property=\"og:url\" content=\"https:\/\/www.alquera.com\/en\/acido-oxalico\/pulir-suelos\/\" \/>\n<meta property=\"og:site_name\" content=\"Alquera.com\" \/>\n<meta property=\"article:publisher\" content=\"https:\/\/www.facebook.com\/alqueraciencia\" \/>\n<meta property=\"article:modified_time\" content=\"2021-09-12T13:44:35+00:00\" \/>\n<meta property=\"og:image\" content=\"https:\/\/www.alquera.com\/wp-content\/uploads\/2021\/03\/desengrasar.png\" \/>\n<meta name=\"twitter:card\" content=\"summary_large_image\" \/>\n<meta name=\"twitter:label1\" content=\"Estimated reading time\" \/>\n\t<meta name=\"twitter:data1\" content=\"3 minutes\" \/>\n<script type=\"application\/ld+json\" class=\"yoast-schema-graph\">{\"@context\":\"https:\/\/schema.org\",\"@graph\":[{\"@type\":\"WebPage\",\"@id\":\"https:\/\/www.alquera.com\/acido-oxalico\/pulir-suelos\/\",\"url\":\"https:\/\/www.alquera.com\/acido-oxalico\/pulir-suelos\/\",\"name\":\"Pulir Suelos con \u00c1cido Ox\u00e1lico - Alquera.com\",\"isPartOf\":{\"@id\":\"https:\/\/www.alquera.com\/en\/#website\"},\"primaryImageOfPage\":{\"@id\":\"https:\/\/www.alquera.com\/acido-oxalico\/pulir-suelos\/#primaryimage\"},\"image\":{\"@id\":\"https:\/\/www.alquera.com\/acido-oxalico\/pulir-suelos\/#primaryimage\"},\"thumbnailUrl\":\"https:\/\/www.alquera.com\/wp-content\/uploads\/2021\/03\/desengrasar.png\",\"datePublished\":\"2021-03-16T13:28:29+00:00\",\"dateModified\":\"2021-09-12T13:44:35+00:00\",\"description\":\"Vamos a ver c\u00f3mo pulir los suelos de m\u00e1rmol y de granito utilizando \u00e1cido ox\u00e1lico para el pulido. El \u00e1cido ox\u00e1lico es un \u00e1cido org\u00e1nico.\",\"breadcrumb\":{\"@id\":\"https:\/\/www.alquera.com\/acido-oxalico\/pulir-suelos\/#breadcrumb\"},\"inLanguage\":\"en-GB\",\"potentialAction\":[{\"@type\":\"ReadAction\",\"target\":[\"https:\/\/www.alquera.com\/acido-oxalico\/pulir-suelos\/\"]}]},{\"@type\":\"ImageObject\",\"inLanguage\":\"en-GB\",\"@id\":\"https:\/\/www.alquera.com\/acido-oxalico\/pulir-suelos\/#primaryimage\",\"url\":\"https:\/\/www.alquera.com\/wp-content\/uploads\/2021\/03\/desengrasar.png\",\"contentUrl\":\"https:\/\/www.alquera.com\/wp-content\/uploads\/2021\/03\/desengrasar.png\"},{\"@type\":\"BreadcrumbList\",\"@id\":\"https:\/\/www.alquera.com\/acido-oxalico\/pulir-suelos\/#breadcrumb\",\"itemListElement\":[{\"@type\":\"ListItem\",\"position\":1,\"name\":\"Inicio\",\"item\":\"https:\/\/www.alquera.com\/\"},{\"@type\":\"ListItem\",\"position\":2,\"name\":\"Acido Ox\u00e1lico\",\"item\":\"https:\/\/www.alquera.com\/acido-oxalico\/\"},{\"@type\":\"ListItem\",\"position\":3,\"name\":\"Pulir Suelos con \u00c1cido Ox\u00e1lico\"}]},{\"@type\":\"WebSite\",\"@id\":\"https:\/\/www.alquera.com\/en\/#website\",\"url\":\"https:\/\/www.alquera.com\/en\/\",\"name\":\"Alquera.com\",\"description\":\"Tienda Online Productos Qu\u00edmicos y Material de Laboratorio\",\"publisher\":{\"@id\":\"https:\/\/www.alquera.com\/en\/#organization\"},\"potentialAction\":[{\"@type\":\"SearchAction\",\"target\":{\"@type\":\"EntryPoint\",\"urlTemplate\":\"https:\/\/www.alquera.com\/en\/?s={search_term_string}\"},\"query-input\":{\"@type\":\"PropertyValueSpecification\",\"valueRequired\":true,\"valueName\":\"search_term_string\"}}],\"inLanguage\":\"en-GB\"},{\"@type\":\"Organization\",\"@id\":\"https:\/\/www.alquera.com\/en\/#organization\",\"name\":\"ALQUERA CIENCIA SL\",\"url\":\"https:\/\/www.alquera.com\/en\/\",\"logo\":{\"@type\":\"ImageObject\",\"inLanguage\":\"en-GB\",\"@id\":\"https:\/\/www.alquera.com\/en\/#\/schema\/logo\/image\/\",\"url\":\"https:\/\/www.alquera.com\/wp-content\/uploads\/2020\/11\/logo_300_ancho.png\",\"contentUrl\":\"https:\/\/www.alquera.com\/wp-content\/uploads\/2020\/11\/logo_300_ancho.png\",\"width\":300,\"height\":86,\"caption\":\"ALQUERA CIENCIA SL\"},\"image\":{\"@id\":\"https:\/\/www.alquera.com\/en\/#\/schema\/logo\/image\/\"},\"sameAs\":[\"https:\/\/www.facebook.com\/alqueraciencia\",\"https:\/\/www.instagram.com\/alquera_ciencia\/\",\"https:\/\/www.youtube.com\/c\/alquera\"]}]}<\/script>\n<!-- \/ Yoast SEO Premium plugin. -->","yoast_head_json":{"title":"Floor Polishing with Oxalic Acid - Alquera.com","description":"Let's see how to polish marble and granite floors using oxalic acid for polishing. Oxalic acid is an organic acid.","robots":{"index":"index","follow":"follow","max-snippet":"max-snippet:-1","max-image-preview":"max-image-preview:large","max-video-preview":"max-video-preview:-1"},"canonical":"https:\/\/www.alquera.com\/en\/acido-oxalico\/pulir-suelos\/","og_locale":"en_GB","og_type":"article","og_title":"Pulir Suelos con \u00c1cido Ox\u00e1lico","og_description":"Vamos a ver c\u00f3mo pulir los suelos de m\u00e1rmol y de granito utilizando \u00e1cido ox\u00e1lico para el pulido. El \u00e1cido ox\u00e1lico es un \u00e1cido org\u00e1nico.","og_url":"https:\/\/www.alquera.com\/en\/acido-oxalico\/pulir-suelos\/","og_site_name":"Alquera.com","article_publisher":"https:\/\/www.facebook.com\/alqueraciencia","article_modified_time":"2021-09-12T13:44:35+00:00","og_image":[{"url":"https:\/\/www.alquera.com\/wp-content\/uploads\/2021\/03\/desengrasar.png","type":"","width":"","height":""}],"twitter_card":"summary_large_image","twitter_misc":{"Estimated reading time":"3 minutes"},"schema":{"@context":"https:\/\/schema.org","@graph":[{"@type":"WebPage","@id":"https:\/\/www.alquera.com\/acido-oxalico\/pulir-suelos\/","url":"https:\/\/www.alquera.com\/acido-oxalico\/pulir-suelos\/","name":"Floor Polishing with Oxalic Acid - Alquera.com","isPartOf":{"@id":"https:\/\/www.alquera.com\/en\/#website"},"primaryImageOfPage":{"@id":"https:\/\/www.alquera.com\/acido-oxalico\/pulir-suelos\/#primaryimage"},"image":{"@id":"https:\/\/www.alquera.com\/acido-oxalico\/pulir-suelos\/#primaryimage"},"thumbnailUrl":"https:\/\/www.alquera.com\/wp-content\/uploads\/2021\/03\/desengrasar.png","datePublished":"2021-03-16T13:28:29+00:00","dateModified":"2021-09-12T13:44:35+00:00","description":"Let's see how to polish marble and granite floors using oxalic acid for polishing. Oxalic acid is an organic acid.","breadcrumb":{"@id":"https:\/\/www.alquera.com\/acido-oxalico\/pulir-suelos\/#breadcrumb"},"inLanguage":"en-GB","potentialAction":[{"@type":"ReadAction","target":["https:\/\/www.alquera.com\/acido-oxalico\/pulir-suelos\/"]}]},{"@type":"ImageObject","inLanguage":"en-GB","@id":"https:\/\/www.alquera.com\/acido-oxalico\/pulir-suelos\/#primaryimage","url":"https:\/\/www.alquera.com\/wp-content\/uploads\/2021\/03\/desengrasar.png","contentUrl":"https:\/\/www.alquera.com\/wp-content\/uploads\/2021\/03\/desengrasar.png"},{"@type":"BreadcrumbList","@id":"https:\/\/www.alquera.com\/acido-oxalico\/pulir-suelos\/#breadcrumb","itemListElement":[{"@type":"ListItem","position":1,"name":"Inicio","item":"https:\/\/www.alquera.com\/"},{"@type":"ListItem","position":2,"name":"Acido Ox\u00e1lico","item":"https:\/\/www.alquera.com\/acido-oxalico\/"},{"@type":"ListItem","position":3,"name":"Pulir Suelos con \u00c1cido Ox\u00e1lico"}]},{"@type":"WebSite","@id":"https:\/\/www.alquera.com\/en\/#website","url":"https:\/\/www.alquera.com\/en\/","name":"Alquera.com","description":"Online Shop Chemical Products and Laboratory Equipment","publisher":{"@id":"https:\/\/www.alquera.com\/en\/#organization"},"potentialAction":[{"@type":"SearchAction","target":{"@type":"EntryPoint","urlTemplate":"https:\/\/www.alquera.com\/en\/?s={search_term_string}"},"query-input":{"@type":"PropertyValueSpecification","valueRequired":true,"valueName":"search_term_string"}}],"inLanguage":"en-GB"},{"@type":"Organization","@id":"https:\/\/www.alquera.com\/en\/#organization","name":"ALQUERA CIENCIA SL","url":"https:\/\/www.alquera.com\/en\/","logo":{"@type":"ImageObject","inLanguage":"en-GB","@id":"https:\/\/www.alquera.com\/en\/#\/schema\/logo\/image\/","url":"https:\/\/www.alquera.com\/wp-content\/uploads\/2020\/11\/logo_300_ancho.png","contentUrl":"https:\/\/www.alquera.com\/wp-content\/uploads\/2020\/11\/logo_300_ancho.png","width":300,"height":86,"caption":"ALQUERA CIENCIA SL"},"image":{"@id":"https:\/\/www.alquera.com\/en\/#\/schema\/logo\/image\/"},"sameAs":["https:\/\/www.facebook.com\/alqueraciencia","https:\/\/www.instagram.com\/alquera_ciencia\/","https:\/\/www.youtube.com\/c\/alquera"]}]}},"_links":{"self":[{"href":"https:\/\/www.alquera.com\/en\/wp-json\/wp\/v2\/pages\/33280","targetHints":{"allow":["GET"]}}],"collection":[{"href":"https:\/\/www.alquera.com\/en\/wp-json\/wp\/v2\/pages"}],"about":[{"href":"https:\/\/www.alquera.com\/en\/wp-json\/wp\/v2\/types\/page"}],"author":[{"embeddable":true,"href":"https:\/\/www.alquera.com\/en\/wp-json\/wp\/v2\/users\/1"}],"replies":[{"embeddable":true,"href":"https:\/\/www.alquera.com\/en\/wp-json\/wp\/v2\/comments?post=33280"}],"version-history":[{"count":4,"href":"https:\/\/www.alquera.com\/en\/wp-json\/wp\/v2\/pages\/33280\/revisions"}],"predecessor-version":[{"id":33328,"href":"https:\/\/www.alquera.com\/en\/wp-json\/wp\/v2\/pages\/33280\/revisions\/33328"}],"up":[{"embeddable":true,"href":"https:\/\/www.alquera.com\/en\/wp-json\/wp\/v2\/pages\/33273"}],"wp:attachment":[{"href":"https:\/\/www.alquera.com\/en\/wp-json\/wp\/v2\/media?parent=33280"}],"curies":[{"name":"wp","href":"https:\/\/api.w.org\/{rel}","templated":true}]}}