{"id":33282,"date":"2021-03-16T13:30:15","date_gmt":"2021-03-16T13:30:15","guid":{"rendered":"https:\/\/www.alquera.com\/?page_id=33282"},"modified":"2021-09-12T13:44:06","modified_gmt":"2021-09-12T13:44:06","slug":"apicultura","status":"publish","type":"page","link":"https:\/\/www.alquera.com\/en\/acido-oxalico\/apicultura\/","title":{"rendered":"Oxalic Acid in Beekeeping"},"content":{"rendered":"<p>The varroa mite is the pest that most affects beekeepers, because it attacks the bees in the honeycomb, so far has not been achieved a weapon to kill them completely, the product that so far has proved more efficient and allows lower the maximum population of parasites, is the application of the\u00a0<a href=\"https:\/\/www.alquera.com\/en\/acido-oxalico\/\">oxalic acid<\/a>which allows the growth of mite numbers to be kept under control.<\/p>\n<h2>How to apply oxalic acid in beekeeping<\/h2>\n<p>For the application of a mite eradication system, a number of factors have to be taken into account, such as the specific environmental conditions, the age of the crop and the particular characteristics of the mites. The number of mites doubles monthly during the brood rearing season. During the non-breeding season, the mites attack the adult bee population, and it is at this time that an oxalic acid-based treatment is most effective.<\/p>\n<div id=\"attachment_16\" class=\"wp-caption aligncenter\">\n<figure id=\"attachment_33326\" aria-describedby=\"caption-attachment-33326\" style=\"width: 283px\" class=\"wp-caption alignnone\"><a href=\"https:\/\/www.alquera.com\/en\/acido-oxalico\/apicultura\/acido-oxalico-en-apicultura\/\" rel=\"attachment wp-att-33326\"><img loading=\"lazy\" decoding=\"async\" class=\"size-full wp-image-33326\" src=\"https:\/\/www.alquera.com\/wp-content\/uploads\/2021\/03\/acido-oxalico-en-apicultura.jpg\" alt=\"\" width=\"283\" height=\"178\" \/><\/a><figcaption id=\"caption-attachment-33326\" class=\"wp-caption-text\">oxalic acid in beekeeping<\/figcaption><\/figure>\n<\/div>\n<p>There are different methods to apply to<b>oxalic acid in beekeeping<\/b>The first would be by spraying, which is currently almost not used due to the difficulties of its application. What is currently used are drip and sublimation systems, these systems have an effectiveness between 90 and 95%.<\/p>\n<p>A solution of oxalic acid, sugar and water is prepared with a weight ratio of 1:10:10. This treatment is very easy to apply, with a 5 ml syringe per hive, which makes it possible to cover a large number of hives in a day, unlike the sublimation system, which is much more expensive and complicated, but has the same effectiveness.<\/p>\n<p>However, there is a current of beekeepers who claim that the sublimation method is more efficient and has less effect on the bees. This consists of a tool with an electrical resistance that generates heat, and does not negatively affect the bees. Studies have shown that in hives where sublimation has been applied, the bee population has grown by 20% after four months.<\/p>\n<p>Regardless of whether any of the three methods is more economical or efficient, it is undoubtedly that the\u00a0<b>oxalic acid in beekeeping<\/b>\u00a0is the best way to attack the varroa mite, so it is the most advisable thing to use to solve this problem, as there are a number of products on the market based on other chemicals that have not given the expected results.<\/p>\n<p>Oxalic acid is also commonly used to clean rust on metals, for example here we explain how to repair rust damaged bicycles: <a href=\"https:\/\/www.alquera.com\/en\/acido-oxalico\/quitar-oxido\/\">removing rust from chrome-plated parts<\/a>\u00a0or for the\u00a0<a href=\"https:\/\/www.alquera.com\/en\/acido-oxalico\/pulir-suelos\/\">floor polishing\u00a0<\/a><\/p>\n<h3 class=\"widget-title\">Buy <\/h3><div><div class=\"woocommerce\"><ul class=\"products columns-4\">\n<li class=\"desktop-align-left tablet-align-left mobile-align-left ast-product-gallery-layout-horizontal-slider ast-magnify-disabled ast-product-single-variable ast-product-tabs-layout-horizontal ast-qv-on-image product type-product post-495 status-publish first instock product_cat-productos-experimentos product_cat-productos has-post-thumbnail taxable shipping-taxable purchasable product-type-variable has-default-attributes\">\n\t<a href=\"https:\/\/www.alquera.com\/en\/permanganato-de-potasio\/\" class=\"woocommerce-LoopProduct-link woocommerce-loop-product__link\"><img loading=\"lazy\" decoding=\"async\" width=\"300\" height=\"300\" src=\"https:\/\/www.alquera.com\/wp-content\/uploads\/2016\/01\/permanganato-200g-foto-nueva-300x300.png\" class=\"attachment-woocommerce_thumbnail size-woocommerce_thumbnail\" alt=\"permanganato 200g\" srcset=\"https:\/\/www.alquera.com\/wp-content\/uploads\/2016\/01\/permanganato-200g-foto-nueva-300x300.png 300w, https:\/\/www.alquera.com\/wp-content\/uploads\/2016\/01\/permanganato-200g-foto-nueva-150x150.png 150w, https:\/\/www.alquera.com\/wp-content\/uploads\/2016\/01\/permanganato-200g-foto-nueva-12x12.png 12w, https:\/\/www.alquera.com\/wp-content\/uploads\/2016\/01\/permanganato-200g-foto-nueva-100x100.png 100w\" sizes=\"auto, (max-width: 300px) 100vw, 300px\" \/><h2 class=\"woocommerce-loop-product__title\">Potassium Permanganate<\/h2><div class=\"review-rating\"><div class=\"star-rating\"><span style=\"width:100%\" data-no-translation=\"\" data-trp-gettext=\"\">Rated <strong class=\"rating\">5.00<\/strong> out of 5<\/span><\/div><\/div>\n<\/a><a href=\"https:\/\/www.alquera.com\/en\/permanganato-de-potasio\/\" aria-describedby=\"woocommerce_loop_add_to_cart_link_describedby_495\" data-quantity=\"1\" class=\"button product_type_variable add_to_cart_button\" data-product_id=\"495\" data-product_sku=\"AL100111\" aria-label=\"Select options for \u201cPermanganato de Potasio\u201d\" rel=\"nofollow\" data-no-translation=\"\" data-trp-gettext=\"\" data-no-translation-aria-label=\"\">Select options<\/a>\t<span id=\"woocommerce_loop_add_to_cart_link_describedby_495\" class=\"screen-reader-text\">\n\t\tThis product has multiple variants. The options may be chosen on the product page\t<\/span>\n<\/li>\n<\/ul>\n<\/div><\/div>\n<p class=\"widget-title\">Read more<\/p><a href=\"https:\/\/www.alquera.com\/en\/acido-oxalico\/\">Oxalic acid<\/a>\n<!-- Page-list plugin v.5.9 wordpress.org\/plugins\/page-list\/ -->\n<ul class=\"page-list siblings-page-list\">\n<li class=\"page_item page-item-33282 menu-item\"><a href=\"https:\/\/www.alquera.com\/en\/acido-oxalico\/apicultura\/\" class=\"menu-link\">Oxalic Acid in Beekeeping<\/a><\/li>\n<li class=\"page_item page-item-33336 menu-item\"><a href=\"https:\/\/www.alquera.com\/en\/acido-oxalico\/limpieza-fibra-vidrio\/\" class=\"menu-link\">Fibreglass Cleaning<\/a><\/li>\n<li class=\"page_item page-item-33280 menu-item\"><a href=\"https:\/\/www.alquera.com\/en\/acido-oxalico\/pulir-suelos\/\" class=\"menu-link\">Oxalic Acid Floor Polishing<\/a><\/li>\n<li class=\"page_item page-item-33277 menu-item\"><a href=\"https:\/\/www.alquera.com\/en\/acido-oxalico\/quitar-oxido\/\" class=\"menu-link\">Oxalic Acid Rust Removal<\/a><\/li>\n<li class=\"page_item page-item-33275 menu-item\"><a href=\"https:\/\/www.alquera.com\/en\/acido-oxalico\/usos\/\" class=\"menu-link\">Uses Oxalic Acid<\/a><\/li>\n\n<\/ul>\n<div><\/div>","protected":false},"excerpt":{"rendered":"<p>El \u00e1caro varroa es la plaga que m\u00e1s afecta a los apicultores, porque ataca a las abejas en el panal, hasta ahora no se ha logrado un arma para acabarlas completamente, el producto que hasta ahora ha resultado m\u00e1s eficiente y permite bajar al m\u00e1ximo la poblaci\u00f3n de los par\u00e1sitos, es la aplicaci\u00f3n del\u00a0acido oxalico, [&hellip;]<\/p>\n","protected":false},"author":1,"featured_media":0,"parent":33273,"menu_order":0,"comment_status":"closed","ping_status":"closed","template":"","meta":{"_acf_changed":false,"site-sidebar-layout":"default","site-content-layout":"","ast-site-content-layout":"default","site-content-style":"default","site-sidebar-style":"default","ast-global-header-display":"","ast-banner-title-visibility":"","ast-main-header-display":"","ast-hfb-above-header-display":"","ast-hfb-below-header-display":"","ast-hfb-mobile-header-display":"","site-post-title":"","ast-breadcrumbs-content":"","ast-featured-img":"","footer-sml-layout":"","ast-disable-related-posts":"","theme-transparent-header-meta":"","adv-header-id-meta":"","stick-header-meta":"","header-above-stick-meta":"","header-main-stick-meta":"","header-below-stick-meta":"","astra-migrate-meta-layouts":"default","ast-page-background-enabled":"default","ast-page-background-meta":{"desktop":{"background-color":"var(--ast-global-color-4)","background-image":"","background-repeat":"repeat","background-position":"center center","background-size":"auto","background-attachment":"scroll","background-type":"","background-media":"","overlay-type":"","overlay-color":"","overlay-opacity":"","overlay-gradient":""},"tablet":{"background-color":"","background-image":"","background-repeat":"repeat","background-position":"center center","background-size":"auto","background-attachment":"scroll","background-type":"","background-media":"","overlay-type":"","overlay-color":"","overlay-opacity":"","overlay-gradient":""},"mobile":{"background-color":"","background-image":"","background-repeat":"repeat","background-position":"center center","background-size":"auto","background-attachment":"scroll","background-type":"","background-media":"","overlay-type":"","overlay-color":"","overlay-opacity":"","overlay-gradient":""}},"ast-content-background-meta":{"desktop":{"background-color":"var(--ast-global-color-5)","background-image":"","background-repeat":"repeat","background-position":"center center","background-size":"auto","background-attachment":"scroll","background-type":"","background-media":"","overlay-type":"","overlay-color":"","overlay-opacity":"","overlay-gradient":""},"tablet":{"background-color":"var(--ast-global-color-5)","background-image":"","background-repeat":"repeat","background-position":"center center","background-size":"auto","background-attachment":"scroll","background-type":"","background-media":"","overlay-type":"","overlay-color":"","overlay-opacity":"","overlay-gradient":""},"mobile":{"background-color":"var(--ast-global-color-5)","background-image":"","background-repeat":"repeat","background-position":"center center","background-size":"auto","background-attachment":"scroll","background-type":"","background-media":"","overlay-type":"","overlay-color":"","overlay-opacity":"","overlay-gradient":""}},"footnotes":""},"class_list":["post-33282","page","type-page","status-publish","hentry"],"acf":[],"yoast_head":"<!-- This site is optimized with the Yoast SEO Premium plugin v27.1 (Yoast SEO v27.1.1) - https:\/\/yoast.com\/product\/yoast-seo-premium-wordpress\/ -->\n<title>\u00c1cido Ox\u00e1lico en Apicultura - Alquera.com<\/title>\n<meta name=\"description\" content=\"El \u00e1caro varroa es una plaga que afecta a los apicultores, ataca a las abejas en el panal. El \u00e1cido ox\u00e1lico es una soluci\u00f3n para el \u00e1caro.\" \/>\n<meta name=\"robots\" content=\"index, follow, max-snippet:-1, max-image-preview:large, max-video-preview:-1\" \/>\n<link rel=\"canonical\" href=\"https:\/\/www.alquera.com\/en\/acido-oxalico\/apicultura\/\" \/>\n<meta property=\"og:locale\" content=\"en_GB\" \/>\n<meta property=\"og:type\" content=\"article\" \/>\n<meta property=\"og:title\" content=\"\u00c1cido Ox\u00e1lico en Apicultura\" \/>\n<meta property=\"og:description\" content=\"El \u00e1caro varroa es una plaga que afecta a los apicultores, ataca a las abejas en el panal. El \u00e1cido ox\u00e1lico es una soluci\u00f3n para el \u00e1caro.\" \/>\n<meta property=\"og:url\" content=\"https:\/\/www.alquera.com\/en\/acido-oxalico\/apicultura\/\" \/>\n<meta property=\"og:site_name\" content=\"Alquera.com\" \/>\n<meta property=\"article:publisher\" content=\"https:\/\/www.facebook.com\/alqueraciencia\" \/>\n<meta property=\"article:modified_time\" content=\"2021-09-12T13:44:06+00:00\" \/>\n<meta property=\"og:image\" content=\"https:\/\/www.alquera.com\/wp-content\/uploads\/2021\/03\/acido-oxalico-en-apicultura.jpg\" \/>\n<meta name=\"twitter:card\" content=\"summary_large_image\" \/>\n<meta name=\"twitter:label1\" content=\"Estimated reading time\" \/>\n\t<meta name=\"twitter:data1\" content=\"3 minutes\" \/>\n<script type=\"application\/ld+json\" class=\"yoast-schema-graph\">{\"@context\":\"https:\/\/schema.org\",\"@graph\":[{\"@type\":\"WebPage\",\"@id\":\"https:\/\/www.alquera.com\/acido-oxalico\/apicultura\/\",\"url\":\"https:\/\/www.alquera.com\/acido-oxalico\/apicultura\/\",\"name\":\"\u00c1cido Ox\u00e1lico en Apicultura - Alquera.com\",\"isPartOf\":{\"@id\":\"https:\/\/www.alquera.com\/en\/#website\"},\"primaryImageOfPage\":{\"@id\":\"https:\/\/www.alquera.com\/acido-oxalico\/apicultura\/#primaryimage\"},\"image\":{\"@id\":\"https:\/\/www.alquera.com\/acido-oxalico\/apicultura\/#primaryimage\"},\"thumbnailUrl\":\"https:\/\/www.alquera.com\/wp-content\/uploads\/2021\/03\/acido-oxalico-en-apicultura.jpg\",\"datePublished\":\"2021-03-16T13:30:15+00:00\",\"dateModified\":\"2021-09-12T13:44:06+00:00\",\"description\":\"El \u00e1caro varroa es una plaga que afecta a los apicultores, ataca a las abejas en el panal. El \u00e1cido ox\u00e1lico es una soluci\u00f3n para el \u00e1caro.\",\"breadcrumb\":{\"@id\":\"https:\/\/www.alquera.com\/acido-oxalico\/apicultura\/#breadcrumb\"},\"inLanguage\":\"en-GB\",\"potentialAction\":[{\"@type\":\"ReadAction\",\"target\":[\"https:\/\/www.alquera.com\/acido-oxalico\/apicultura\/\"]}]},{\"@type\":\"ImageObject\",\"inLanguage\":\"en-GB\",\"@id\":\"https:\/\/www.alquera.com\/acido-oxalico\/apicultura\/#primaryimage\",\"url\":\"https:\/\/www.alquera.com\/wp-content\/uploads\/2021\/03\/acido-oxalico-en-apicultura.jpg\",\"contentUrl\":\"https:\/\/www.alquera.com\/wp-content\/uploads\/2021\/03\/acido-oxalico-en-apicultura.jpg\"},{\"@type\":\"BreadcrumbList\",\"@id\":\"https:\/\/www.alquera.com\/acido-oxalico\/apicultura\/#breadcrumb\",\"itemListElement\":[{\"@type\":\"ListItem\",\"position\":1,\"name\":\"Inicio\",\"item\":\"https:\/\/www.alquera.com\/\"},{\"@type\":\"ListItem\",\"position\":2,\"name\":\"Acido Ox\u00e1lico\",\"item\":\"https:\/\/www.alquera.com\/acido-oxalico\/\"},{\"@type\":\"ListItem\",\"position\":3,\"name\":\"\u00c1cido Ox\u00e1lico en Apicultura\"}]},{\"@type\":\"WebSite\",\"@id\":\"https:\/\/www.alquera.com\/en\/#website\",\"url\":\"https:\/\/www.alquera.com\/en\/\",\"name\":\"Alquera.com\",\"description\":\"Tienda Online Productos Qu\u00edmicos y Material de Laboratorio\",\"publisher\":{\"@id\":\"https:\/\/www.alquera.com\/en\/#organization\"},\"potentialAction\":[{\"@type\":\"SearchAction\",\"target\":{\"@type\":\"EntryPoint\",\"urlTemplate\":\"https:\/\/www.alquera.com\/en\/?s={search_term_string}\"},\"query-input\":{\"@type\":\"PropertyValueSpecification\",\"valueRequired\":true,\"valueName\":\"search_term_string\"}}],\"inLanguage\":\"en-GB\"},{\"@type\":\"Organization\",\"@id\":\"https:\/\/www.alquera.com\/en\/#organization\",\"name\":\"ALQUERA CIENCIA SL\",\"url\":\"https:\/\/www.alquera.com\/en\/\",\"logo\":{\"@type\":\"ImageObject\",\"inLanguage\":\"en-GB\",\"@id\":\"https:\/\/www.alquera.com\/en\/#\/schema\/logo\/image\/\",\"url\":\"https:\/\/www.alquera.com\/wp-content\/uploads\/2020\/11\/logo_300_ancho.png\",\"contentUrl\":\"https:\/\/www.alquera.com\/wp-content\/uploads\/2020\/11\/logo_300_ancho.png\",\"width\":300,\"height\":86,\"caption\":\"ALQUERA CIENCIA SL\"},\"image\":{\"@id\":\"https:\/\/www.alquera.com\/en\/#\/schema\/logo\/image\/\"},\"sameAs\":[\"https:\/\/www.facebook.com\/alqueraciencia\",\"https:\/\/www.instagram.com\/alquera_ciencia\/\",\"https:\/\/www.youtube.com\/c\/alquera\"]}]}<\/script>\n<!-- \/ Yoast SEO Premium plugin. -->","yoast_head_json":{"title":"Oxalic Acid in Beekeeping - Alquera.com","description":"The varroa mite is a pest that affects beekeepers, attacking the bees in the comb. Oxalic acid is a solution for the mite.","robots":{"index":"index","follow":"follow","max-snippet":"max-snippet:-1","max-image-preview":"max-image-preview:large","max-video-preview":"max-video-preview:-1"},"canonical":"https:\/\/www.alquera.com\/en\/acido-oxalico\/apicultura\/","og_locale":"en_GB","og_type":"article","og_title":"\u00c1cido Ox\u00e1lico en Apicultura","og_description":"El \u00e1caro varroa es una plaga que afecta a los apicultores, ataca a las abejas en el panal. El \u00e1cido ox\u00e1lico es una soluci\u00f3n para el \u00e1caro.","og_url":"https:\/\/www.alquera.com\/en\/acido-oxalico\/apicultura\/","og_site_name":"Alquera.com","article_publisher":"https:\/\/www.facebook.com\/alqueraciencia","article_modified_time":"2021-09-12T13:44:06+00:00","og_image":[{"url":"https:\/\/www.alquera.com\/wp-content\/uploads\/2021\/03\/acido-oxalico-en-apicultura.jpg","type":"","width":"","height":""}],"twitter_card":"summary_large_image","twitter_misc":{"Estimated reading time":"3 minutes"},"schema":{"@context":"https:\/\/schema.org","@graph":[{"@type":"WebPage","@id":"https:\/\/www.alquera.com\/acido-oxalico\/apicultura\/","url":"https:\/\/www.alquera.com\/acido-oxalico\/apicultura\/","name":"Oxalic Acid in Beekeeping - Alquera.com","isPartOf":{"@id":"https:\/\/www.alquera.com\/en\/#website"},"primaryImageOfPage":{"@id":"https:\/\/www.alquera.com\/acido-oxalico\/apicultura\/#primaryimage"},"image":{"@id":"https:\/\/www.alquera.com\/acido-oxalico\/apicultura\/#primaryimage"},"thumbnailUrl":"https:\/\/www.alquera.com\/wp-content\/uploads\/2021\/03\/acido-oxalico-en-apicultura.jpg","datePublished":"2021-03-16T13:30:15+00:00","dateModified":"2021-09-12T13:44:06+00:00","description":"The varroa mite is a pest that affects beekeepers, attacking the bees in the comb. Oxalic acid is a solution for the mite.","breadcrumb":{"@id":"https:\/\/www.alquera.com\/acido-oxalico\/apicultura\/#breadcrumb"},"inLanguage":"en-GB","potentialAction":[{"@type":"ReadAction","target":["https:\/\/www.alquera.com\/acido-oxalico\/apicultura\/"]}]},{"@type":"ImageObject","inLanguage":"en-GB","@id":"https:\/\/www.alquera.com\/acido-oxalico\/apicultura\/#primaryimage","url":"https:\/\/www.alquera.com\/wp-content\/uploads\/2021\/03\/acido-oxalico-en-apicultura.jpg","contentUrl":"https:\/\/www.alquera.com\/wp-content\/uploads\/2021\/03\/acido-oxalico-en-apicultura.jpg"},{"@type":"BreadcrumbList","@id":"https:\/\/www.alquera.com\/acido-oxalico\/apicultura\/#breadcrumb","itemListElement":[{"@type":"ListItem","position":1,"name":"Inicio","item":"https:\/\/www.alquera.com\/"},{"@type":"ListItem","position":2,"name":"Acido Ox\u00e1lico","item":"https:\/\/www.alquera.com\/acido-oxalico\/"},{"@type":"ListItem","position":3,"name":"\u00c1cido Ox\u00e1lico en Apicultura"}]},{"@type":"WebSite","@id":"https:\/\/www.alquera.com\/en\/#website","url":"https:\/\/www.alquera.com\/en\/","name":"Alquera.com","description":"Online Shop Chemical Products and Laboratory Equipment","publisher":{"@id":"https:\/\/www.alquera.com\/en\/#organization"},"potentialAction":[{"@type":"SearchAction","target":{"@type":"EntryPoint","urlTemplate":"https:\/\/www.alquera.com\/en\/?s={search_term_string}"},"query-input":{"@type":"PropertyValueSpecification","valueRequired":true,"valueName":"search_term_string"}}],"inLanguage":"en-GB"},{"@type":"Organization","@id":"https:\/\/www.alquera.com\/en\/#organization","name":"ALQUERA CIENCIA SL","url":"https:\/\/www.alquera.com\/en\/","logo":{"@type":"ImageObject","inLanguage":"en-GB","@id":"https:\/\/www.alquera.com\/en\/#\/schema\/logo\/image\/","url":"https:\/\/www.alquera.com\/wp-content\/uploads\/2020\/11\/logo_300_ancho.png","contentUrl":"https:\/\/www.alquera.com\/wp-content\/uploads\/2020\/11\/logo_300_ancho.png","width":300,"height":86,"caption":"ALQUERA CIENCIA SL"},"image":{"@id":"https:\/\/www.alquera.com\/en\/#\/schema\/logo\/image\/"},"sameAs":["https:\/\/www.facebook.com\/alqueraciencia","https:\/\/www.instagram.com\/alquera_ciencia\/","https:\/\/www.youtube.com\/c\/alquera"]}]}},"_links":{"self":[{"href":"https:\/\/www.alquera.com\/en\/wp-json\/wp\/v2\/pages\/33282","targetHints":{"allow":["GET"]}}],"collection":[{"href":"https:\/\/www.alquera.com\/en\/wp-json\/wp\/v2\/pages"}],"about":[{"href":"https:\/\/www.alquera.com\/en\/wp-json\/wp\/v2\/types\/page"}],"author":[{"embeddable":true,"href":"https:\/\/www.alquera.com\/en\/wp-json\/wp\/v2\/users\/1"}],"replies":[{"embeddable":true,"href":"https:\/\/www.alquera.com\/en\/wp-json\/wp\/v2\/comments?post=33282"}],"version-history":[{"count":4,"href":"https:\/\/www.alquera.com\/en\/wp-json\/wp\/v2\/pages\/33282\/revisions"}],"predecessor-version":[{"id":33327,"href":"https:\/\/www.alquera.com\/en\/wp-json\/wp\/v2\/pages\/33282\/revisions\/33327"}],"up":[{"embeddable":true,"href":"https:\/\/www.alquera.com\/en\/wp-json\/wp\/v2\/pages\/33273"}],"wp:attachment":[{"href":"https:\/\/www.alquera.com\/en\/wp-json\/wp\/v2\/media?parent=33282"}],"curies":[{"name":"wp","href":"https:\/\/api.w.org\/{rel}","templated":true}]}}