{"id":33360,"date":"2021-03-17T13:18:29","date_gmt":"2021-03-17T13:18:29","guid":{"rendered":"https:\/\/www.alquera.com\/?page_id=33360"},"modified":"2026-02-23T14:42:28","modified_gmt":"2026-02-23T14:42:28","slug":"plantas","status":"publish","type":"page","link":"https:\/\/www.alquera.com\/en\/sulfato-de-hierro\/plantas\/","title":{"rendered":"Iron Sulphate for Plants"},"content":{"rendered":"<p>Plants need 12 nutrients for their proper development, of these 12 nutrients are the so-called macronutrients which they need in high amounts and the micronutrients which they need in lower amounts. The\u00a0<strong>iron sulphate for plants<\/strong>\u00a0is related to iron deficiency. Iron is part of the micronutrients. In some soils, especially in soils with a high pH, it happens that micronutrients become insoluble, e.g. iron is insoluble in the soil.\u00a0<strong>iron<\/strong>.<\/p>\n<h2>LOWERING THE PH OF THE SOIL WITH IRON SULPHATE HEPTAHYDRATE<\/h2>\n<p>The <a href=\"https:\/\/www.alquera.com\/en\/sulfato-de-hierro\/\">sulfato de hierro<\/a> Iron sulphate is a chemical product, with the formula FeSO4, which is available in powder and granulated form. Iron sulphate is a salt which, when mixed with the soil, acidifies it, i.e. the pH is lowered to values below 7.\u00a0<strong>iron<\/strong>.<a href=\"https:\/\/www.alquera.com\/en\/?attachment_id=949\" rel=\"attachment wp-att-949\"><img loading=\"lazy\" decoding=\"async\" class=\"wp-image-949 size-medium aligncenter\" src=\"https:\/\/www.alquera.com\/wp-content\/uploads\/2017\/09\/993-thickbox_default-Sulfato-de-Hierro-5Kg-300x300.jpg\" alt=\"Sulfato de Hierro\" width=\"300\" height=\"300\" srcset=\"https:\/\/www.alquera.com\/wp-content\/uploads\/2017\/09\/993-thickbox_default-Sulfato-de-Hierro-5Kg-300x300.jpg 300w, https:\/\/www.alquera.com\/wp-content\/uploads\/2017\/09\/993-thickbox_default-Sulfato-de-Hierro-5Kg-100x100.jpg 100w, https:\/\/www.alquera.com\/wp-content\/uploads\/2017\/09\/993-thickbox_default-Sulfato-de-Hierro-5Kg-600x600.jpg 600w, https:\/\/www.alquera.com\/wp-content\/uploads\/2017\/09\/993-thickbox_default-Sulfato-de-Hierro-5Kg-150x150.jpg 150w, https:\/\/www.alquera.com\/wp-content\/uploads\/2017\/09\/993-thickbox_default-Sulfato-de-Hierro-5Kg-768x768.jpg 768w, https:\/\/www.alquera.com\/wp-content\/uploads\/2017\/09\/993-thickbox_default-Sulfato-de-Hierro-5Kg.jpg 800w\" sizes=\"auto, (max-width: 300px) 100vw, 300px\" \/><\/a>The form in which iron sulphate is presented can be in particulate form, which is the most suitable format for dissolving it in water. In agriculture, the granulated form is also used, in this case it is mixed with the soil, without dissolving it in water. It is recommended to use the particulate form and to dissolve it in water.<\/p>\n<h2>COMPRAR SULFATO DE HIERRO<\/h2>\n<p>Si est\u00e1s buscando comprar sulfato de hierro para pintar, en Alquera puedes encontrarlo en diferentes formatos: desde 1kg, 5kg y 25kg. Podr\u00e1s descarte la ficha t\u00e9cnica y la MSDS sobre el propio producto en el apartado documentaci\u00f3n.<\/p>\n<div style=\"text-align: center;\"><div class=\"woocommerce\"><ul class=\"products columns-4\">\n<li class=\"desktop-align-left tablet-align-left mobile-align-left ast-product-gallery-layout-horizontal-slider ast-magnify-disabled ast-product-single-variable ast-product-tabs-layout-horizontal ast-qv-on-image product type-product post-950 status-publish first instock product_cat-agroquimicos has-post-thumbnail taxable shipping-taxable purchasable product-type-variable has-default-attributes\">\n\t<a href=\"https:\/\/www.alquera.com\/en\/sulfato-de-hierro\/\" class=\"woocommerce-LoopProduct-link woocommerce-loop-product__link\"><img loading=\"lazy\" decoding=\"async\" width=\"300\" height=\"300\" src=\"https:\/\/www.alquera.com\/wp-content\/uploads\/2017\/09\/992-thickbox_default-Sulfato-de-Hierro-5Kg-300x300.jpg\" class=\"attachment-woocommerce_thumbnail size-woocommerce_thumbnail\" alt=\"Comprar Sulfato de Hierro\" srcset=\"https:\/\/www.alquera.com\/wp-content\/uploads\/2017\/09\/992-thickbox_default-Sulfato-de-Hierro-5Kg-300x300.jpg 300w, https:\/\/www.alquera.com\/wp-content\/uploads\/2017\/09\/992-thickbox_default-Sulfato-de-Hierro-5Kg-100x100.jpg 100w, https:\/\/www.alquera.com\/wp-content\/uploads\/2017\/09\/992-thickbox_default-Sulfato-de-Hierro-5Kg-600x600.jpg 600w, https:\/\/www.alquera.com\/wp-content\/uploads\/2017\/09\/992-thickbox_default-Sulfato-de-Hierro-5Kg-150x150.jpg 150w, https:\/\/www.alquera.com\/wp-content\/uploads\/2017\/09\/992-thickbox_default-Sulfato-de-Hierro-5Kg-768x768.jpg 768w, https:\/\/www.alquera.com\/wp-content\/uploads\/2017\/09\/992-thickbox_default-Sulfato-de-Hierro-5Kg.jpg 800w\" sizes=\"auto, (max-width: 300px) 100vw, 300px\" \/><h2 class=\"woocommerce-loop-product__title\">Iron Sulphate<\/h2><div class=\"review-rating\"><div class=\"star-rating\"><span style=\"width:100%\" data-no-translation=\"\" data-trp-gettext=\"\">Rated <strong class=\"rating\">5.00<\/strong> out of 5<\/span><\/div><\/div>\n<\/a><a href=\"https:\/\/www.alquera.com\/en\/sulfato-de-hierro\/\" aria-describedby=\"woocommerce_loop_add_to_cart_link_describedby_950\" data-quantity=\"1\" class=\"button product_type_variable add_to_cart_button\" data-product_id=\"950\" data-product_sku=\"AL100161\" aria-label=\"Select options for \u201cSulfato de Hierro\u201d\" rel=\"nofollow\" data-no-translation=\"\" data-trp-gettext=\"\" data-no-translation-aria-label=\"\">Select options<\/a>\t<span id=\"woocommerce_loop_add_to_cart_link_describedby_950\" class=\"screen-reader-text\">\n\t\tThis product has multiple variants. The options may be chosen on the product page\t<\/span>\n<\/li>\n<\/ul>\n<\/div><\/div>\n<h2>HOW TO PROVIDE IRON SULPHATE FOR THE SOIL<\/h2>\n<p>To provide iron sulphate in the soil, <strong>the area would be irrigated with water containing 3 grams of iron sulphate dissolved per litre.<\/strong>. Water once a month with this water. In pots do not use iron sulphate but citric acid.<\/p>\n<p>As a suggestion, you can complement the iron sulphate treatment by adding 3 grams per litre of iron chelates to another water. This should also be applied once a month, in a different week to the one in which the iron sulphate water was added.<\/p>\n<p>With these two products (iron sulphate and iron chelates) the acidophilic plants in the garden will have enough iron and the other micronutrients such as manganese or copper thanks to the release caused by the sulphate by lowering the pH of the soil.<\/p>\n<p>It remains to provide the rest of the nutrients for the complete fertilisation of the plants, especially the macronutrients: nitrogen, phosphorus and potassium.  In alkaline soils, the dosage of phosphorus and potassium is increased, as some is lost as it becomes insoluble.<\/p>\n<h2>IRON IN PLANTS<\/h2>\n<p>The<strong>\u00a0iron\u00a0<\/strong>is a restorative for some enzymes and pigments to reduce nitrates and sulphates; it is also a\u00a0<strong>power generator<\/strong>\u00a0which is not used in the synthesis of chlorophyll but is essential in its formation, for crop nutrition, plant growth and plant health.<\/p>\n<div class=\"imgCat\">\n<p><a href=\"https:\/\/www.alquera.com\/en\/sulfato-de-hierro\/plantas\/hierro-en-plantas_clorosis\/\" rel=\"attachment wp-att-33361\"><img loading=\"lazy\" decoding=\"async\" class=\"size-full wp-image-33361 aligncenter\" src=\"https:\/\/www.alquera.com\/wp-content\/uploads\/2021\/03\/Hierro-en-plantas_clorosis.png\" alt=\"falta de hierro en plantas\" width=\"554\" height=\"253\" srcset=\"https:\/\/www.alquera.com\/wp-content\/uploads\/2021\/03\/Hierro-en-plantas_clorosis.png 554w, https:\/\/www.alquera.com\/wp-content\/uploads\/2021\/03\/Hierro-en-plantas_clorosis-300x137.png 300w\" sizes=\"auto, (max-width: 554px) 100vw, 554px\" \/><\/a><\/p>\n<\/div>\n<div class=\"rte3\">\n<h3>Iron deficiency in plants<\/h3>\n<p>Iron deficiency in plants manifests itself in the young leaves, which turn yellow, due to an imbalance between chlorophyll and carotene. Likewise, photosynthetic transport is reduced, which results in a decrease in sugars, starch and some amino acids.<\/p>\n<p>In addition, when plants suffer from iron deficiency, other elements accumulate and alter the synthesis of proteins and the enrichment of lipids and unsaturated fatty acids, while the nerves remain green, producing iron chlorosis, which can attack only some branches, even though the others may remain healthy.<\/p>\n<p>The first thing to do is to examine the roots of the diseased plant, as it may be over-watered and therefore unable to absorb nutrients properly. It may even be the case that the roots are diseased, making it difficult for them to absorb iron.<\/p>\n<h3>Excessive iron intake<\/h3>\n<p>Iron deficiency produces morphological and physiological changes; in the root there is an increase in the diameter of the root apical zone, and the formation of abundant root hairs. If the problem is not in the root, it is advisable to check the pH or degree of acidity of the soil.<\/p>\n<p>The opposite happens when the plant is faced with excessive iron absorption, which rarely occurs due to the rapid conversion of soluble iron into insoluble compounds, and almost entirely without toxicity to the crops that grow in it, available to the plants. It happens that excess iron causes the fluorescence of chlorophyll to change. As a result, the plant will find it difficult to absorb solar energy correctly.<\/p>\n<p><\/p>\n<h2 id=\"h-mas-informacion-sulfato-ferrico\" class=\"wp-block-heading\">M\u00c1S INFORMACI\u00d3N SULFATO F\u00c9RRICO<\/h2>\n<p> <\/p>\n<p>Puedes ver m\u00e1s informaci\u00f3n sobre el sulfato f\u00e9rrico en estas p\u00e1ginas<\/p>\n<p> <\/p>\n<ul class=\"wp-block-list\">\n<li><a href=\"https:\/\/www.alquera.com\/en\/sulfato-de-hierro\/pintar\/\">Iron Sulphate for Painting<\/a><\/li>\n \n<li><a href=\"https:\/\/www.alquera.com\/en\/sulfato-de-hierro\/usos\/\">Uses Iron Sulphate<\/a><\/li>\n \n<li><a href=\"https:\/\/www.alquera.com\/en\/sulfato-de-hierro\/\">Buy Iron Sulphate<\/a><\/li>\n<\/ul>\n<p><\/p>\n<\/div>\n\n\n<p><\/p>","protected":false},"excerpt":{"rendered":"<p>Las plantas necesitan 12 nutrientes para su correcto desarrollo, de estos 12 nutrientes est\u00e1n los llamados macronutrientes que necesitan en cantidades altas y los micronutrientes que necesitan en cantidades menores. El\u00a0sulfato de hierro para plantas\u00a0est\u00e1 relacionado con la falta de hierro. El hierro forma parte de los micronutrientes. En algunos suelos, especialmente en suelos que [&hellip;]<\/p>\n","protected":false},"author":1,"featured_media":0,"parent":33351,"menu_order":0,"comment_status":"closed","ping_status":"closed","template":"","meta":{"_acf_changed":false,"site-sidebar-layout":"left-sidebar","site-content-layout":"","ast-site-content-layout":"default","site-content-style":"default","site-sidebar-style":"default","ast-global-header-display":"","ast-banner-title-visibility":"","ast-main-header-display":"","ast-hfb-above-header-display":"","ast-hfb-below-header-display":"","ast-hfb-mobile-header-display":"","site-post-title":"","ast-breadcrumbs-content":"","ast-featured-img":"","footer-sml-layout":"","ast-disable-related-posts":"","theme-transparent-header-meta":"","adv-header-id-meta":"","stick-header-meta":"","header-above-stick-meta":"","header-main-stick-meta":"","header-below-stick-meta":"","astra-migrate-meta-layouts":"set","ast-page-background-enabled":"default","ast-page-background-meta":{"desktop":{"background-color":"var(--ast-global-color-4)","background-image":"","background-repeat":"repeat","background-position":"center center","background-size":"auto","background-attachment":"scroll","background-type":"","background-media":"","overlay-type":"","overlay-color":"","overlay-opacity":"","overlay-gradient":""},"tablet":{"background-color":"","background-image":"","background-repeat":"repeat","background-position":"center center","background-size":"auto","background-attachment":"scroll","background-type":"","background-media":"","overlay-type":"","overlay-color":"","overlay-opacity":"","overlay-gradient":""},"mobile":{"background-color":"","background-image":"","background-repeat":"repeat","background-position":"center center","background-size":"auto","background-attachment":"scroll","background-type":"","background-media":"","overlay-type":"","overlay-color":"","overlay-opacity":"","overlay-gradient":""}},"ast-content-background-meta":{"desktop":{"background-color":"var(--ast-global-color-5)","background-image":"","background-repeat":"repeat","background-position":"center center","background-size":"auto","background-attachment":"scroll","background-type":"","background-media":"","overlay-type":"","overlay-color":"","overlay-opacity":"","overlay-gradient":""},"tablet":{"background-color":"var(--ast-global-color-5)","background-image":"","background-repeat":"repeat","background-position":"center center","background-size":"auto","background-attachment":"scroll","background-type":"","background-media":"","overlay-type":"","overlay-color":"","overlay-opacity":"","overlay-gradient":""},"mobile":{"background-color":"var(--ast-global-color-5)","background-image":"","background-repeat":"repeat","background-position":"center center","background-size":"auto","background-attachment":"scroll","background-type":"","background-media":"","overlay-type":"","overlay-color":"","overlay-opacity":"","overlay-gradient":""}},"footnotes":""},"class_list":["post-33360","page","type-page","status-publish","hentry"],"acf":[],"yoast_head":"<!-- This site is optimized with the Yoast SEO Premium plugin v27.1 (Yoast SEO v27.1.1) - https:\/\/yoast.com\/product\/yoast-seo-premium-wordpress\/ -->\n<title>Sulfato de Hierro para Plantas - Alquera.com<\/title>\n<meta name=\"description\" content=\"El hierro es uno de los micronutrientes que necesitan las plantas. Vamos a ver c\u00f3mo aplicar hierro a trav\u00e9s de sulfato de hierro.\" \/>\n<meta name=\"robots\" content=\"index, follow, max-snippet:-1, max-image-preview:large, max-video-preview:-1\" \/>\n<link rel=\"canonical\" href=\"https:\/\/www.alquera.com\/en\/sulfato-de-hierro\/plantas\/\" \/>\n<meta property=\"og:locale\" content=\"en_GB\" \/>\n<meta property=\"og:type\" content=\"article\" \/>\n<meta property=\"og:title\" content=\"Sulfato de Hierro para Plantas\" \/>\n<meta property=\"og:description\" content=\"El hierro es uno de los micronutrientes que necesitan las plantas. Vamos a ver c\u00f3mo aplicar hierro a trav\u00e9s de sulfato de hierro.\" \/>\n<meta property=\"og:url\" content=\"https:\/\/www.alquera.com\/en\/sulfato-de-hierro\/plantas\/\" \/>\n<meta property=\"og:site_name\" content=\"Alquera.com\" \/>\n<meta property=\"article:publisher\" content=\"https:\/\/www.facebook.com\/alqueraciencia\" \/>\n<meta property=\"article:modified_time\" content=\"2026-02-23T14:42:28+00:00\" \/>\n<meta property=\"og:image\" content=\"https:\/\/www.alquera.com\/wp-content\/uploads\/2017\/09\/993-thickbox_default-Sulfato-de-Hierro-5Kg.jpg\" \/>\n\t<meta property=\"og:image:width\" content=\"800\" \/>\n\t<meta property=\"og:image:height\" content=\"800\" \/>\n\t<meta property=\"og:image:type\" content=\"image\/jpeg\" \/>\n<meta name=\"twitter:card\" content=\"summary_large_image\" \/>\n<meta name=\"twitter:label1\" content=\"Estimated reading time\" \/>\n\t<meta name=\"twitter:data1\" content=\"5 minutes\" \/>\n<script type=\"application\/ld+json\" class=\"yoast-schema-graph\">{\"@context\":\"https:\/\/schema.org\",\"@graph\":[{\"@type\":\"WebPage\",\"@id\":\"https:\/\/www.alquera.com\/sulfato-de-hierro\/plantas\/\",\"url\":\"https:\/\/www.alquera.com\/sulfato-de-hierro\/plantas\/\",\"name\":\"Sulfato de Hierro para Plantas - Alquera.com\",\"isPartOf\":{\"@id\":\"https:\/\/www.alquera.com\/en\/#website\"},\"primaryImageOfPage\":{\"@id\":\"https:\/\/www.alquera.com\/sulfato-de-hierro\/plantas\/#primaryimage\"},\"image\":{\"@id\":\"https:\/\/www.alquera.com\/sulfato-de-hierro\/plantas\/#primaryimage\"},\"thumbnailUrl\":\"https:\/\/www.alquera.com\/wp-content\/uploads\/2017\/09\/993-thickbox_default-Sulfato-de-Hierro-5Kg-300x300.jpg\",\"datePublished\":\"2021-03-17T13:18:29+00:00\",\"dateModified\":\"2026-02-23T14:42:28+00:00\",\"description\":\"El hierro es uno de los micronutrientes que necesitan las plantas. Vamos a ver c\u00f3mo aplicar hierro a trav\u00e9s de sulfato de hierro.\",\"breadcrumb\":{\"@id\":\"https:\/\/www.alquera.com\/sulfato-de-hierro\/plantas\/#breadcrumb\"},\"inLanguage\":\"en-GB\",\"potentialAction\":[{\"@type\":\"ReadAction\",\"target\":[\"https:\/\/www.alquera.com\/sulfato-de-hierro\/plantas\/\"]}]},{\"@type\":\"ImageObject\",\"inLanguage\":\"en-GB\",\"@id\":\"https:\/\/www.alquera.com\/sulfato-de-hierro\/plantas\/#primaryimage\",\"url\":\"https:\/\/www.alquera.com\/wp-content\/uploads\/2017\/09\/993-thickbox_default-Sulfato-de-Hierro-5Kg-300x300.jpg\",\"contentUrl\":\"https:\/\/www.alquera.com\/wp-content\/uploads\/2017\/09\/993-thickbox_default-Sulfato-de-Hierro-5Kg-300x300.jpg\"},{\"@type\":\"BreadcrumbList\",\"@id\":\"https:\/\/www.alquera.com\/sulfato-de-hierro\/plantas\/#breadcrumb\",\"itemListElement\":[{\"@type\":\"ListItem\",\"position\":1,\"name\":\"Inicio\",\"item\":\"https:\/\/www.alquera.com\/\"},{\"@type\":\"ListItem\",\"position\":2,\"name\":\"Sulfato de Hierro\",\"item\":\"https:\/\/www.alquera.com\/sulfato-de-hierro\/\"},{\"@type\":\"ListItem\",\"position\":3,\"name\":\"Sulfato de Hierro para Plantas\"}]},{\"@type\":\"WebSite\",\"@id\":\"https:\/\/www.alquera.com\/en\/#website\",\"url\":\"https:\/\/www.alquera.com\/en\/\",\"name\":\"Alquera.com\",\"description\":\"Tienda Online Productos Qu\u00edmicos y Material de Laboratorio\",\"publisher\":{\"@id\":\"https:\/\/www.alquera.com\/en\/#organization\"},\"potentialAction\":[{\"@type\":\"SearchAction\",\"target\":{\"@type\":\"EntryPoint\",\"urlTemplate\":\"https:\/\/www.alquera.com\/en\/?s={search_term_string}\"},\"query-input\":{\"@type\":\"PropertyValueSpecification\",\"valueRequired\":true,\"valueName\":\"search_term_string\"}}],\"inLanguage\":\"en-GB\"},{\"@type\":\"Organization\",\"@id\":\"https:\/\/www.alquera.com\/en\/#organization\",\"name\":\"ALQUERA CIENCIA SL\",\"url\":\"https:\/\/www.alquera.com\/en\/\",\"logo\":{\"@type\":\"ImageObject\",\"inLanguage\":\"en-GB\",\"@id\":\"https:\/\/www.alquera.com\/en\/#\/schema\/logo\/image\/\",\"url\":\"https:\/\/www.alquera.com\/wp-content\/uploads\/2020\/11\/logo_300_ancho.png\",\"contentUrl\":\"https:\/\/www.alquera.com\/wp-content\/uploads\/2020\/11\/logo_300_ancho.png\",\"width\":300,\"height\":86,\"caption\":\"ALQUERA CIENCIA SL\"},\"image\":{\"@id\":\"https:\/\/www.alquera.com\/en\/#\/schema\/logo\/image\/\"},\"sameAs\":[\"https:\/\/www.facebook.com\/alqueraciencia\",\"https:\/\/www.instagram.com\/alquera_ciencia\/\",\"https:\/\/www.youtube.com\/c\/alquera\"]}]}<\/script>\n<!-- \/ Yoast SEO Premium plugin. -->","yoast_head_json":{"title":"Iron Sulphate for Plants - Alquera.com","description":"Iron is one of the micronutrients that plants need. Let's see how to apply iron through iron sulphate.","robots":{"index":"index","follow":"follow","max-snippet":"max-snippet:-1","max-image-preview":"max-image-preview:large","max-video-preview":"max-video-preview:-1"},"canonical":"https:\/\/www.alquera.com\/en\/sulfato-de-hierro\/plantas\/","og_locale":"en_GB","og_type":"article","og_title":"Sulfato de Hierro para Plantas","og_description":"El hierro es uno de los micronutrientes que necesitan las plantas. Vamos a ver c\u00f3mo aplicar hierro a trav\u00e9s de sulfato de hierro.","og_url":"https:\/\/www.alquera.com\/en\/sulfato-de-hierro\/plantas\/","og_site_name":"Alquera.com","article_publisher":"https:\/\/www.facebook.com\/alqueraciencia","article_modified_time":"2026-02-23T14:42:28+00:00","og_image":[{"width":800,"height":800,"url":"https:\/\/www.alquera.com\/wp-content\/uploads\/2017\/09\/993-thickbox_default-Sulfato-de-Hierro-5Kg.jpg","type":"image\/jpeg"}],"twitter_card":"summary_large_image","twitter_misc":{"Estimated reading time":"5 minutes"},"schema":{"@context":"https:\/\/schema.org","@graph":[{"@type":"WebPage","@id":"https:\/\/www.alquera.com\/sulfato-de-hierro\/plantas\/","url":"https:\/\/www.alquera.com\/sulfato-de-hierro\/plantas\/","name":"Iron Sulphate for Plants - Alquera.com","isPartOf":{"@id":"https:\/\/www.alquera.com\/en\/#website"},"primaryImageOfPage":{"@id":"https:\/\/www.alquera.com\/sulfato-de-hierro\/plantas\/#primaryimage"},"image":{"@id":"https:\/\/www.alquera.com\/sulfato-de-hierro\/plantas\/#primaryimage"},"thumbnailUrl":"https:\/\/www.alquera.com\/wp-content\/uploads\/2017\/09\/993-thickbox_default-Sulfato-de-Hierro-5Kg-300x300.jpg","datePublished":"2021-03-17T13:18:29+00:00","dateModified":"2026-02-23T14:42:28+00:00","description":"Iron is one of the micronutrients that plants need. Let's see how to apply iron through iron sulphate.","breadcrumb":{"@id":"https:\/\/www.alquera.com\/sulfato-de-hierro\/plantas\/#breadcrumb"},"inLanguage":"en-GB","potentialAction":[{"@type":"ReadAction","target":["https:\/\/www.alquera.com\/sulfato-de-hierro\/plantas\/"]}]},{"@type":"ImageObject","inLanguage":"en-GB","@id":"https:\/\/www.alquera.com\/sulfato-de-hierro\/plantas\/#primaryimage","url":"https:\/\/www.alquera.com\/wp-content\/uploads\/2017\/09\/993-thickbox_default-Sulfato-de-Hierro-5Kg-300x300.jpg","contentUrl":"https:\/\/www.alquera.com\/wp-content\/uploads\/2017\/09\/993-thickbox_default-Sulfato-de-Hierro-5Kg-300x300.jpg"},{"@type":"BreadcrumbList","@id":"https:\/\/www.alquera.com\/sulfato-de-hierro\/plantas\/#breadcrumb","itemListElement":[{"@type":"ListItem","position":1,"name":"Inicio","item":"https:\/\/www.alquera.com\/"},{"@type":"ListItem","position":2,"name":"Sulfato de Hierro","item":"https:\/\/www.alquera.com\/sulfato-de-hierro\/"},{"@type":"ListItem","position":3,"name":"Sulfato de Hierro para Plantas"}]},{"@type":"WebSite","@id":"https:\/\/www.alquera.com\/en\/#website","url":"https:\/\/www.alquera.com\/en\/","name":"Alquera.com","description":"Online Shop Chemical Products and Laboratory Equipment","publisher":{"@id":"https:\/\/www.alquera.com\/en\/#organization"},"potentialAction":[{"@type":"SearchAction","target":{"@type":"EntryPoint","urlTemplate":"https:\/\/www.alquera.com\/en\/?s={search_term_string}"},"query-input":{"@type":"PropertyValueSpecification","valueRequired":true,"valueName":"search_term_string"}}],"inLanguage":"en-GB"},{"@type":"Organization","@id":"https:\/\/www.alquera.com\/en\/#organization","name":"ALQUERA CIENCIA SL","url":"https:\/\/www.alquera.com\/en\/","logo":{"@type":"ImageObject","inLanguage":"en-GB","@id":"https:\/\/www.alquera.com\/en\/#\/schema\/logo\/image\/","url":"https:\/\/www.alquera.com\/wp-content\/uploads\/2020\/11\/logo_300_ancho.png","contentUrl":"https:\/\/www.alquera.com\/wp-content\/uploads\/2020\/11\/logo_300_ancho.png","width":300,"height":86,"caption":"ALQUERA CIENCIA SL"},"image":{"@id":"https:\/\/www.alquera.com\/en\/#\/schema\/logo\/image\/"},"sameAs":["https:\/\/www.facebook.com\/alqueraciencia","https:\/\/www.instagram.com\/alquera_ciencia\/","https:\/\/www.youtube.com\/c\/alquera"]}]}},"_links":{"self":[{"href":"https:\/\/www.alquera.com\/en\/wp-json\/wp\/v2\/pages\/33360","targetHints":{"allow":["GET"]}}],"collection":[{"href":"https:\/\/www.alquera.com\/en\/wp-json\/wp\/v2\/pages"}],"about":[{"href":"https:\/\/www.alquera.com\/en\/wp-json\/wp\/v2\/types\/page"}],"author":[{"embeddable":true,"href":"https:\/\/www.alquera.com\/en\/wp-json\/wp\/v2\/users\/1"}],"replies":[{"embeddable":true,"href":"https:\/\/www.alquera.com\/en\/wp-json\/wp\/v2\/comments?post=33360"}],"version-history":[{"count":7,"href":"https:\/\/www.alquera.com\/en\/wp-json\/wp\/v2\/pages\/33360\/revisions"}],"predecessor-version":[{"id":56858,"href":"https:\/\/www.alquera.com\/en\/wp-json\/wp\/v2\/pages\/33360\/revisions\/56858"}],"up":[{"embeddable":true,"href":"https:\/\/www.alquera.com\/en\/wp-json\/wp\/v2\/pages\/33351"}],"wp:attachment":[{"href":"https:\/\/www.alquera.com\/en\/wp-json\/wp\/v2\/media?parent=33360"}],"curies":[{"name":"wp","href":"https:\/\/api.w.org\/{rel}","templated":true}]}}