{"id":33388,"date":"2021-03-21T06:29:07","date_gmt":"2021-03-21T06:29:07","guid":{"rendered":"https:\/\/www.alquera.com\/?page_id=33388"},"modified":"2021-03-21T06:30:07","modified_gmt":"2021-03-21T06:30:07","slug":"tabla-periodica","status":"publish","type":"page","link":"https:\/\/www.alquera.com\/en\/tabla-periodica\/","title":{"rendered":"Periodic Table"},"content":{"rendered":"<p>The periodic table of chemical elements is one of the most important tools for understanding and doing chemistry work.  The Periodic Table classifies, organises and distributes the different chemical elements according to their properties and characteristics.<\/p>\n<p>If you want an interactive table with the properties of the elements, we recommend this page: <a href=\"https:\/\/ptable.com\/?lang=es#Propiedades\">See ptable.com<\/a><\/p>\n<p>If you want to download a printable pdf of the periodic table, click here: <a href=\"https:\/\/www.alquera.com\/en\/tabla-periodica\/tabla_periodica-color\/\" rel=\"attachment wp-att-33390\">download pdf periodic table colour<\/a><\/p>\n<p><a href=\"https:\/\/www.alquera.com\/en\/tabla-periodica\/captura-3\/\" rel=\"attachment wp-att-33389\"><img loading=\"lazy\" decoding=\"async\" class=\"alignnone size-full wp-image-33389\" src=\"https:\/\/www.alquera.com\/wp-content\/uploads\/2021\/03\/Captura-scaled.jpg\" alt=\"\" width=\"800\" height=\"497\" srcset=\"https:\/\/www.alquera.com\/wp-content\/uploads\/2021\/03\/Captura-scaled.jpg 800w, https:\/\/www.alquera.com\/wp-content\/uploads\/2021\/03\/Captura-300x186.jpg 300w, https:\/\/www.alquera.com\/wp-content\/uploads\/2021\/03\/Captura-768x477.jpg 768w, https:\/\/www.alquera.com\/wp-content\/uploads\/2021\/03\/Captura-600x373.jpg 600w\" sizes=\"auto, (max-width: 800px) 100vw, 800px\" \/><\/a><\/p>","protected":false},"excerpt":{"rendered":"<p>La tabla peri\u00f3dica de elementos qu\u00edmicos es uno de las herramientas m\u00e1s importantes para poder entender y hacer cualquier trabajo de qu\u00edmica.\u00a0 La Tabla Peri\u00f3dica clasifica, organiza y distribuye los distintos elementos qu\u00edmicos conforme a sus propiedades y caracter\u00edsticas. Si quieres una tabla interactiva con las propiedades de los elementos, te recomendamos esta p\u00e1gina: Ver [&hellip;]<\/p>\n","protected":false},"author":1,"featured_media":0,"parent":0,"menu_order":0,"comment_status":"closed","ping_status":"closed","template":"","meta":{"_acf_changed":false,"site-sidebar-layout":"default","site-content-layout":"","ast-site-content-layout":"default","site-content-style":"default","site-sidebar-style":"default","ast-global-header-display":"","ast-banner-title-visibility":"","ast-main-header-display":"","ast-hfb-above-header-display":"","ast-hfb-below-header-display":"","ast-hfb-mobile-header-display":"","site-post-title":"","ast-breadcrumbs-content":"","ast-featured-img":"","footer-sml-layout":"","ast-disable-related-posts":"","theme-transparent-header-meta":"","adv-header-id-meta":"","stick-header-meta":"","header-above-stick-meta":"","header-main-stick-meta":"","header-below-stick-meta":"","astra-migrate-meta-layouts":"default","ast-page-background-enabled":"default","ast-page-background-meta":{"desktop":{"background-color":"var(--ast-global-color-4)","background-image":"","background-repeat":"repeat","background-position":"center center","background-size":"auto","background-attachment":"scroll","background-type":"","background-media":"","overlay-type":"","overlay-color":"","overlay-opacity":"","overlay-gradient":""},"tablet":{"background-color":"","background-image":"","background-repeat":"repeat","background-position":"center center","background-size":"auto","background-attachment":"scroll","background-type":"","background-media":"","overlay-type":"","overlay-color":"","overlay-opacity":"","overlay-gradient":""},"mobile":{"background-color":"","background-image":"","background-repeat":"repeat","background-position":"center center","background-size":"auto","background-attachment":"scroll","background-type":"","background-media":"","overlay-type":"","overlay-color":"","overlay-opacity":"","overlay-gradient":""}},"ast-content-background-meta":{"desktop":{"background-color":"var(--ast-global-color-5)","background-image":"","background-repeat":"repeat","background-position":"center center","background-size":"auto","background-attachment":"scroll","background-type":"","background-media":"","overlay-type":"","overlay-color":"","overlay-opacity":"","overlay-gradient":""},"tablet":{"background-color":"var(--ast-global-color-5)","background-image":"","background-repeat":"repeat","background-position":"center center","background-size":"auto","background-attachment":"scroll","background-type":"","background-media":"","overlay-type":"","overlay-color":"","overlay-opacity":"","overlay-gradient":""},"mobile":{"background-color":"var(--ast-global-color-5)","background-image":"","background-repeat":"repeat","background-position":"center center","background-size":"auto","background-attachment":"scroll","background-type":"","background-media":"","overlay-type":"","overlay-color":"","overlay-opacity":"","overlay-gradient":""}},"footnotes":""},"class_list":["post-33388","page","type-page","status-publish","hentry"],"acf":[],"yoast_head":"<!-- This site is optimized with the Yoast SEO Premium plugin v27.1 (Yoast SEO v27.1.1) - https:\/\/yoast.com\/product\/yoast-seo-premium-wordpress\/ -->\n<title>Tabla Peri\u00f3dica - Alquera.com<\/title>\n<meta name=\"description\" content=\"La tabla peri\u00f3dica de elementos qu\u00edmicos es uno de los elementos m\u00e1s importantes para la comprensi\u00f3n de la qu\u00edmica.\" \/>\n<meta name=\"robots\" content=\"index, follow, max-snippet:-1, max-image-preview:large, max-video-preview:-1\" \/>\n<link rel=\"canonical\" href=\"https:\/\/www.alquera.com\/en\/tabla-periodica\/\" \/>\n<meta property=\"og:locale\" content=\"en_GB\" \/>\n<meta property=\"og:type\" content=\"article\" \/>\n<meta property=\"og:title\" content=\"Tabla Peri\u00f3dica\" \/>\n<meta property=\"og:description\" content=\"La tabla peri\u00f3dica de elementos qu\u00edmicos es uno de los elementos m\u00e1s importantes para la comprensi\u00f3n de la qu\u00edmica.\" \/>\n<meta property=\"og:url\" content=\"https:\/\/www.alquera.com\/en\/tabla-periodica\/\" \/>\n<meta property=\"og:site_name\" content=\"Alquera.com\" \/>\n<meta property=\"article:publisher\" content=\"https:\/\/www.facebook.com\/alqueraciencia\" \/>\n<meta property=\"article:modified_time\" content=\"2021-03-21T06:30:07+00:00\" \/>\n<meta property=\"og:image\" content=\"https:\/\/www.alquera.com\/wp-content\/uploads\/2021\/03\/Captura-scaled.jpg\" \/>\n<meta name=\"twitter:card\" content=\"summary_large_image\" \/>\n<script type=\"application\/ld+json\" class=\"yoast-schema-graph\">{\"@context\":\"https:\/\/schema.org\",\"@graph\":[{\"@type\":\"WebPage\",\"@id\":\"https:\/\/www.alquera.com\/tabla-periodica\/\",\"url\":\"https:\/\/www.alquera.com\/tabla-periodica\/\",\"name\":\"Tabla Peri\u00f3dica - Alquera.com\",\"isPartOf\":{\"@id\":\"https:\/\/www.alquera.com\/en\/#website\"},\"primaryImageOfPage\":{\"@id\":\"https:\/\/www.alquera.com\/tabla-periodica\/#primaryimage\"},\"image\":{\"@id\":\"https:\/\/www.alquera.com\/tabla-periodica\/#primaryimage\"},\"thumbnailUrl\":\"https:\/\/www.alquera.com\/wp-content\/uploads\/2021\/03\/Captura-scaled.jpg\",\"datePublished\":\"2021-03-21T06:29:07+00:00\",\"dateModified\":\"2021-03-21T06:30:07+00:00\",\"description\":\"La tabla peri\u00f3dica de elementos qu\u00edmicos es uno de los elementos m\u00e1s importantes para la comprensi\u00f3n de la qu\u00edmica.\",\"breadcrumb\":{\"@id\":\"https:\/\/www.alquera.com\/tabla-periodica\/#breadcrumb\"},\"inLanguage\":\"en-GB\",\"potentialAction\":[{\"@type\":\"ReadAction\",\"target\":[\"https:\/\/www.alquera.com\/tabla-periodica\/\"]}]},{\"@type\":\"ImageObject\",\"inLanguage\":\"en-GB\",\"@id\":\"https:\/\/www.alquera.com\/tabla-periodica\/#primaryimage\",\"url\":\"https:\/\/www.alquera.com\/wp-content\/uploads\/2021\/03\/Captura-scaled.jpg\",\"contentUrl\":\"https:\/\/www.alquera.com\/wp-content\/uploads\/2021\/03\/Captura-scaled.jpg\"},{\"@type\":\"BreadcrumbList\",\"@id\":\"https:\/\/www.alquera.com\/tabla-periodica\/#breadcrumb\",\"itemListElement\":[{\"@type\":\"ListItem\",\"position\":1,\"name\":\"Inicio\",\"item\":\"https:\/\/www.alquera.com\/\"},{\"@type\":\"ListItem\",\"position\":2,\"name\":\"Tabla Peri\u00f3dica\"}]},{\"@type\":\"WebSite\",\"@id\":\"https:\/\/www.alquera.com\/en\/#website\",\"url\":\"https:\/\/www.alquera.com\/en\/\",\"name\":\"Alquera.com\",\"description\":\"Tienda Online Productos Qu\u00edmicos y Material de Laboratorio\",\"publisher\":{\"@id\":\"https:\/\/www.alquera.com\/en\/#organization\"},\"potentialAction\":[{\"@type\":\"SearchAction\",\"target\":{\"@type\":\"EntryPoint\",\"urlTemplate\":\"https:\/\/www.alquera.com\/en\/?s={search_term_string}\"},\"query-input\":{\"@type\":\"PropertyValueSpecification\",\"valueRequired\":true,\"valueName\":\"search_term_string\"}}],\"inLanguage\":\"en-GB\"},{\"@type\":\"Organization\",\"@id\":\"https:\/\/www.alquera.com\/en\/#organization\",\"name\":\"ALQUERA CIENCIA SL\",\"url\":\"https:\/\/www.alquera.com\/en\/\",\"logo\":{\"@type\":\"ImageObject\",\"inLanguage\":\"en-GB\",\"@id\":\"https:\/\/www.alquera.com\/en\/#\/schema\/logo\/image\/\",\"url\":\"https:\/\/www.alquera.com\/wp-content\/uploads\/2020\/11\/logo_300_ancho.png\",\"contentUrl\":\"https:\/\/www.alquera.com\/wp-content\/uploads\/2020\/11\/logo_300_ancho.png\",\"width\":300,\"height\":86,\"caption\":\"ALQUERA CIENCIA SL\"},\"image\":{\"@id\":\"https:\/\/www.alquera.com\/en\/#\/schema\/logo\/image\/\"},\"sameAs\":[\"https:\/\/www.facebook.com\/alqueraciencia\",\"https:\/\/www.instagram.com\/alquera_ciencia\/\",\"https:\/\/www.youtube.com\/c\/alquera\"]}]}<\/script>\n<!-- \/ Yoast SEO Premium plugin. -->","yoast_head_json":{"title":"Periodic Table - Alquera.com","description":"The periodic table of chemical elements is one of the most important elements for understanding chemistry.","robots":{"index":"index","follow":"follow","max-snippet":"max-snippet:-1","max-image-preview":"max-image-preview:large","max-video-preview":"max-video-preview:-1"},"canonical":"https:\/\/www.alquera.com\/en\/tabla-periodica\/","og_locale":"en_GB","og_type":"article","og_title":"Tabla Peri\u00f3dica","og_description":"La tabla peri\u00f3dica de elementos qu\u00edmicos es uno de los elementos m\u00e1s importantes para la comprensi\u00f3n de la qu\u00edmica.","og_url":"https:\/\/www.alquera.com\/en\/tabla-periodica\/","og_site_name":"Alquera.com","article_publisher":"https:\/\/www.facebook.com\/alqueraciencia","article_modified_time":"2021-03-21T06:30:07+00:00","og_image":[{"url":"https:\/\/www.alquera.com\/wp-content\/uploads\/2021\/03\/Captura-scaled.jpg","type":"","width":"","height":""}],"twitter_card":"summary_large_image","schema":{"@context":"https:\/\/schema.org","@graph":[{"@type":"WebPage","@id":"https:\/\/www.alquera.com\/tabla-periodica\/","url":"https:\/\/www.alquera.com\/tabla-periodica\/","name":"Periodic Table - Alquera.com","isPartOf":{"@id":"https:\/\/www.alquera.com\/en\/#website"},"primaryImageOfPage":{"@id":"https:\/\/www.alquera.com\/tabla-periodica\/#primaryimage"},"image":{"@id":"https:\/\/www.alquera.com\/tabla-periodica\/#primaryimage"},"thumbnailUrl":"https:\/\/www.alquera.com\/wp-content\/uploads\/2021\/03\/Captura-scaled.jpg","datePublished":"2021-03-21T06:29:07+00:00","dateModified":"2021-03-21T06:30:07+00:00","description":"The periodic table of chemical elements is one of the most important elements for understanding chemistry.","breadcrumb":{"@id":"https:\/\/www.alquera.com\/tabla-periodica\/#breadcrumb"},"inLanguage":"en-GB","potentialAction":[{"@type":"ReadAction","target":["https:\/\/www.alquera.com\/tabla-periodica\/"]}]},{"@type":"ImageObject","inLanguage":"en-GB","@id":"https:\/\/www.alquera.com\/tabla-periodica\/#primaryimage","url":"https:\/\/www.alquera.com\/wp-content\/uploads\/2021\/03\/Captura-scaled.jpg","contentUrl":"https:\/\/www.alquera.com\/wp-content\/uploads\/2021\/03\/Captura-scaled.jpg"},{"@type":"BreadcrumbList","@id":"https:\/\/www.alquera.com\/tabla-periodica\/#breadcrumb","itemListElement":[{"@type":"ListItem","position":1,"name":"Inicio","item":"https:\/\/www.alquera.com\/"},{"@type":"ListItem","position":2,"name":"Tabla Peri\u00f3dica"}]},{"@type":"WebSite","@id":"https:\/\/www.alquera.com\/en\/#website","url":"https:\/\/www.alquera.com\/en\/","name":"Alquera.com","description":"Online Shop Chemical Products and Laboratory Equipment","publisher":{"@id":"https:\/\/www.alquera.com\/en\/#organization"},"potentialAction":[{"@type":"SearchAction","target":{"@type":"EntryPoint","urlTemplate":"https:\/\/www.alquera.com\/en\/?s={search_term_string}"},"query-input":{"@type":"PropertyValueSpecification","valueRequired":true,"valueName":"search_term_string"}}],"inLanguage":"en-GB"},{"@type":"Organization","@id":"https:\/\/www.alquera.com\/en\/#organization","name":"ALQUERA CIENCIA SL","url":"https:\/\/www.alquera.com\/en\/","logo":{"@type":"ImageObject","inLanguage":"en-GB","@id":"https:\/\/www.alquera.com\/en\/#\/schema\/logo\/image\/","url":"https:\/\/www.alquera.com\/wp-content\/uploads\/2020\/11\/logo_300_ancho.png","contentUrl":"https:\/\/www.alquera.com\/wp-content\/uploads\/2020\/11\/logo_300_ancho.png","width":300,"height":86,"caption":"ALQUERA CIENCIA SL"},"image":{"@id":"https:\/\/www.alquera.com\/en\/#\/schema\/logo\/image\/"},"sameAs":["https:\/\/www.facebook.com\/alqueraciencia","https:\/\/www.instagram.com\/alquera_ciencia\/","https:\/\/www.youtube.com\/c\/alquera"]}]}},"_links":{"self":[{"href":"https:\/\/www.alquera.com\/en\/wp-json\/wp\/v2\/pages\/33388","targetHints":{"allow":["GET"]}}],"collection":[{"href":"https:\/\/www.alquera.com\/en\/wp-json\/wp\/v2\/pages"}],"about":[{"href":"https:\/\/www.alquera.com\/en\/wp-json\/wp\/v2\/types\/page"}],"author":[{"embeddable":true,"href":"https:\/\/www.alquera.com\/en\/wp-json\/wp\/v2\/users\/1"}],"replies":[{"embeddable":true,"href":"https:\/\/www.alquera.com\/en\/wp-json\/wp\/v2\/comments?post=33388"}],"version-history":[{"count":2,"href":"https:\/\/www.alquera.com\/en\/wp-json\/wp\/v2\/pages\/33388\/revisions"}],"predecessor-version":[{"id":33392,"href":"https:\/\/www.alquera.com\/en\/wp-json\/wp\/v2\/pages\/33388\/revisions\/33392"}],"wp:attachment":[{"href":"https:\/\/www.alquera.com\/en\/wp-json\/wp\/v2\/media?parent=33388"}],"curies":[{"name":"wp","href":"https:\/\/api.w.org\/{rel}","templated":true}]}}