{"id":35948,"date":"2021-11-14T12:58:59","date_gmt":"2021-11-14T12:58:59","guid":{"rendered":"https:\/\/www.alquera.com\/?page_id=35948"},"modified":"2025-06-13T07:23:40","modified_gmt":"2025-06-13T07:23:40","slug":"tubos-de-ensayo-de-vidrio","status":"publish","type":"page","link":"https:\/\/www.alquera.com\/en\/tubos-de-ensayo-de-vidrio\/","title":{"rendered":"TEST TUBES"},"content":{"rendered":"<p>Buy glass test tubes, selecting the sizes and type of glass shown below. You can buy neutral glass test tubes, suitable for products that are not intended to be heated directly but must have high mechanical strength. You also have test tubes made of LGB borosilicate glass. See below for their characteristics.<\/p>\n\n\n\n<table class=\"tabletab\">\n<tbody>\n<tr class=\"tablelabtr\">\n<td colspan=\"8\"><span style=\"box-sizing: inherit;\">\n<div style=\"width: 20%; float: left\">\n<img decoding=\"async\"  src=\"https:\/\/www.alquera.com\/wp-content\/uploads\/2021\/11\/TUBOS-ENSAYO-VIDRIO-NEUTRO-1.png\" style=\"\"\/>\n<\/div>\n<div style =\"width: 75%; float: left; margin-left: 5%\">\n<span style=\"box-sizing: inherit;\"><h2>NEUTRAL GLASS TEST TUBES<\/h2><\/span><span style=\"box-sizing: inherit;\">Made of neutral glass LBG N. Without flange\n<\/span>\n\n\n<p><a href=\"https:\/\/www.alquera.com\/wp-content\/uploads\/2021\/11\/PDS-418_TUBOS-DE-ENSAYO-VIDRIO-NEUTRO.pdf\" target=\"_blank\" rel=\"noopener\">Download Technical Datasheet<\/a><\/p><\/td>\n<\/div>\n<\/tr>\n<tr class=\"tablelabtr2\">\n\n<td class=\"tablelabtd\"><span style=\"box-sizing: inherit;\">capacity<\/span><\/td>\n<td class=\"tablelabtd\">Outer \u00d8 (mm)<\/span><\/td>\n<td class=\"tablelabtd\">l (mm)<\/span><\/td>\n<td class=\"tablelabtd\"><span style=\"box-sizing: inherit;\">thickness (mm)<\/span><\/td>\n<td class=\"tablelabtd\"><span style=\"box-sizing: inherit;\">units<\/span><\/td>\n<td class=\"tablelabtd\"><span style=\"box-sizing: inherit;\">price<\/span><\/td>\n<td class=\"tablelabtd\"><span style=\"box-sizing: inherit;\">stocks<\/span><\/td>\n<td class=\"tablelabtd\"><span style=\"box-sizing: inherit;\"><\/span><\/td>\n\n<\/tr>\n<tr style=\"height: 15.0pt;\">\n<td rowspan=\"2\" class=\"tablelabtd\">10 ml<\/td>\n<td rowspan=\"2\" class=\"tablelabtd\">16<\/td>\n<td rowspan=\"2\" class=\"tablelabtd\">100<\/td>\n<td rowspan=\"2\" class=\"tablelabtd\">1,0 &#8211; 1,2<\/td>\n<td class=\"tablelabtd\">10<\/span><\/td>\n<td class=\"tablelabtd\">2,90\u20ac<\/span><\/td>\n<td class=\"tablelabtd\" style=\"color: #7dbb16\">in stock<\/span><\/td>\n\n<td class=\"tablelabtd\"><a href=\"https:\/\/www.alquera.com\/en\/carrito\/?add-to-cart=35921\">Add to cart<\/a><\/td>\n<\/tr>\n<tr style=\"height: 15.0pt;\">\n<td class=\"tablelabtd\">100<\/span><\/td>\n<td class=\"tablelabtd\">18,90\u20ac<\/span><\/td>\n<td class=\"tablelabtd\" style=\"color: #7dbb16\">in stock<\/span><\/td>\n<td class=\"tablelabtd\"><a href=\"https:\/\/www.alquera.com\/en\/carrito\/?add-to-cart=35922\">Add to cart<\/a><\/td>\n<\/tr>\n<tr style=\"height: 15.0pt;\">\n<td rowspan=\"2\" class=\"tablelabtd\">19 ml<\/td>\n<td rowspan=\"2\" class=\"tablelabtd\">16<\/td>\n<td rowspan=\"2\" class=\"tablelabtd\">150<\/td>\n<td rowspan=\"2\" class=\"tablelabtd\">1,0 &#8211; 1,2<\/td>\n<td class=\"tablelabtd\">10<\/span><\/td>\n<td class=\"tablelabtd\">3,80\u20ac<\/span><\/td>\n<td class=\"tablelabtd\" style=\"color: #7dbb16\">in stock<\/span><\/td>\n\n<td class=\"tablelabtd\"><a href=\"https:\/\/www.alquera.com\/en\/carrito\/?add-to-cart=35924\">Add to cart<\/a><\/td>\n<\/tr>\n<\/tr>\n<tr style=\"height: 15.0pt;\">\n<td class=\"tablelabtd\">100<\/span><\/td>\n<td class=\"tablelabtd\">22,90\u20ac<\/span><\/td>\n<td class=\"tablelabtd\" style=\"color: #7dbb16\">in stock<\/span><\/td>\n\n<td class=\"tablelabtd\"><a href=\"https:\/\/www.alquera.com\/en\/carrito\/?add-to-cart=35923\">Add to cart<\/a><\/td>\n<\/tr>\n<tr style=\"height: 14.5pt;\">\n<td rowspan=\"2\" class=\"tablelabtd\">43 ml<\/td>\n<td rowspan=\"2\" class=\"tablelabtd\">20<\/td>\n<td rowspan=\"2\" class=\"tablelabtd\">200<\/td>\n<td rowspan=\"2\" class=\"tablelabtd\">1,0 &#8211; 1,2<\/td>\n<td class=\"tablelabtd\"><span style=\"box-sizing: inherit;\">10<\/span><\/td>\n<td class=\"tablelabtd\">4,8\u20ac<\/span><\/td>\n<td class=\"tablelabtd\" style=\"color: #7dbb16\">in stock<\/span><\/td>\n\n<td class=\"tablelabtd\"><a href=\"https:\/\/www.alquera.com\/en\/carrito\/?add-to-cart=35926\">Add to cart<\/a><\/td>\n<\/tr>\n<tr style=\"height: 14.5pt;\">\n<td class=\"tablelabtd\"><span style=\"box-sizing: inherit;\">100<\/span><\/td>\n<td class=\"tablelabtd\">30,25\u20ac<\/span><\/td>\n<td class=\"tablelabtd\" style=\"color: #7dbb16\">in stock<\/span><\/td>\n\n<td class=\"tablelabtd\"><a href=\"https:\/\/www.alquera.com\/en\/carrito\/?add-to-cart=35925\">Add to cart<\/a><\/td>\n<\/tr>\n<\/tbody>\n<\/table><\/p>\n\n\n\n<table class=\"tabletab\">\n<tbody>\n<tr class=\"tablelabtr\">\n<td colspan=\"8\"><span style=\"box-sizing: inherit;\">\n<div style=\"width: 20%; float: left\">\n<img decoding=\"async\"  src=\"https:\/\/www.alquera.com\/wp-content\/uploads\/2021\/11\/TUBOS-ENSAYO-VIDRIO-NEUTRO-1.png\" style=\"\"\/>\n<\/div>\n<div style =\"width: 75%; float: left; margin-left: 5%\">\n<span style=\"box-sizing: inherit;\"><h2>BOROSILICATE GLASS TEST TUBES LGB 3.3<\/h2><\/span><span style=\"box-sizing: inherit;\">Made of borosilicate glass LBG 3.3. Without flange\n<\/span>\n\n<p><a href=\"https:\/\/www.alquera.com\/wp-content\/uploads\/2021\/11\/PDS-418_TUBOS-DE-ENSAYO-VIDRIO-BOROSILICATO.pdf\" target=\"_blank\" rel=\"noopener\">Download Technical Datasheet<\/a><\/p><\/td>\n<\/div>\n<\/tr>\n<tr class=\"tablelabtr2\">\n\n<td class=\"tablelabtd\"><span style=\"box-sizing: inherit;\">capacity<\/span><\/td>\n<td class=\"tablelabtd\">Outer \u00d8 (mm)<\/span><\/td>\n<td class=\"tablelabtd\">l (mm)<\/span><\/td>\n<td class=\"tablelabtd\"><span style=\"box-sizing: inherit;\">thickness (mm)<\/span><\/td>\n<td class=\"tablelabtd\"><span style=\"box-sizing: inherit;\">units<\/span><\/td>\n<td class=\"tablelabtd\"><span style=\"box-sizing: inherit;\">price<\/span><\/td>\n<td class=\"tablelabtd\"><span style=\"box-sizing: inherit;\">stocks<\/span><\/td>\n<td class=\"tablelabtd\"><span style=\"box-sizing: inherit;\"><\/span><\/td>\n\n<\/tr>\n<tr style=\"height: 15.0pt;\">\n<td rowspan=\"2\" class=\"tablelabtd\">7 ml<\/td>\n<td rowspan=\"2\" class=\"tablelabtd\">12<\/td>\n<td rowspan=\"2\" class=\"tablelabtd\">100<\/td>\n<td rowspan=\"2\" class=\"tablelabtd\">1,0 &#8211; 1,2<\/td>\n<td class=\"tablelabtd\">10<\/span><\/td>\n<td class=\"tablelabtd\">2,90\u20ac<\/span><\/td>\n<td class=\"tablelabtd\" style=\"color: #7dbb16\">in stock<\/span><\/td>\n\n<td class=\"tablelabtd\"><a href=\"https:\/\/www.alquera.com\/en\/carrito\/?add-to-cart=35935\">Add to cart<\/a><\/td>\n<\/tr>\n<tr style=\"height: 15.0pt;\">\n<td class=\"tablelabtd\">250<\/span><\/td>\n<td class=\"tablelabtd\">29,90\u20ac<\/span><\/td>\n<td class=\"tablelabtd\" style=\"color: #7dbb16\">in stock<\/span><\/td>\n<td class=\"tablelabtd\"><a href=\"https:\/\/www.alquera.com\/en\/carrito\/?add-to-cart=35936\">Add to cart<\/a><\/td>\n<\/tr>\n<tr style=\"height: 15.0pt;\">\n<td rowspan=\"2\" class=\"tablelabtd\">10 ml<\/td>\n<td rowspan=\"2\" class=\"tablelabtd\">16<\/td>\n<td rowspan=\"2\" class=\"tablelabtd\">100<\/td>\n<td rowspan=\"2\" class=\"tablelabtd\">1,0 &#8211; 1,2<\/td>\n<td class=\"tablelabtd\">10<\/span><\/td>\n<td class=\"tablelabtd\">2,9\u20ac<\/span><\/td>\n<td class=\"tablelabtd\" style=\"color: #7dbb16\">in stock<\/span><\/td>\n\n<td class=\"tablelabtd\"><a href=\"https:\/\/www.alquera.com\/en\/carrito\/?add-to-cart=35937\">Add to cart<\/a><\/td>\n<\/tr>\n<\/tr>\n<tr style=\"height: 15.0pt;\">\n<td class=\"tablelabtd\">250<\/span><\/td>\n<td class=\"tablelabtd\">38,90\u20ac<\/span><\/td>\n<td class=\"tablelabtd\" style=\"color: #7dbb16\">in stock<\/span><\/td>\n\n<td class=\"tablelabtd\"><a href=\"https:\/\/www.alquera.com\/en\/carrito\/?add-to-cart=35938\">Add to cart<\/a><\/td>\n<\/tr>\n<tr style=\"height: 14.5pt;\">\n<td rowspan=\"2\" class=\"tablelabtd\">19 ml<\/td>\n<td rowspan=\"2\" class=\"tablelabtd\">16<\/td>\n<td rowspan=\"2\" class=\"tablelabtd\">150<\/td>\n<td rowspan=\"2\" class=\"tablelabtd\">1,0 &#8211; 1,2<\/td>\n<td class=\"tablelabtd\"><span style=\"box-sizing: inherit;\">10<\/span><\/td>\n<td class=\"tablelabtd\">3,9\u20ac<\/span><\/td>\n<td class=\"tablelabtd\" style=\"color: #7dbb16\">in stock<\/span><\/td>\n\n<td class=\"tablelabtd\"><a href=\"https:\/\/www.alquera.com\/en\/carrito\/?add-to-cart=35939\">Add to cart<\/a><\/td>\n<\/tr>\n<tr style=\"height: 14.5pt;\">\n<td class=\"tablelabtd\"><span style=\"box-sizing: inherit;\">250<\/span><\/td>\n<td class=\"tablelabtd\">50,82\u20ac<\/span><\/td>\n<td class=\"tablelabtd\" style=\"color: #7dbb16\">in stock<\/span><\/td>\n\n<td class=\"tablelabtd\"><a href=\"https:\/\/www.alquera.com\/en\/carrito\/?add-to-cart=35940\">Add to cart<\/a><\/td>\n<\/tr>\n<\/tbody>\n<\/table><\/p>\n\n\n<h2>NEUTRAL GLASS<\/h2>\n<p>LBG N is a neutral borosilicate glass with high chemical resistance. Its coefficient of expansion<br \/>linear average is 8.0-10-6 K-1. It is used in products which are not intended to be heated directly but which must have a high mechanical resistance (mortars, desiccators, Kitasate flasks...) and in some volumetric materials (e.g. pipettes, burettes...).<\/p>\n<h2>BOROSILICATE GLASS<\/h2>\n<p>LBG 3.3 is a borosilicate glass with a minimum silica content of 80% and a very low coefficient of expansion (3.3-10-6 K-1) which belongs to the group of \"3.3\" borosilicates as defined in ISO 3585. It is used in products where chemical resistance, mechanical strength and resistance to sudden changes in temperature must be combined, and because of this unique combination of properties it is the reference glass type from which most laboratory products are made.<br \/>PROPERTIES<br \/>Coefficient of linear expansion (@ 20\/300 \u00baC): 3.3-10-6 K-1<br \/>Annealing temperature (Strain point): 520 \u00b0C<br \/>Annealing point temperature: 560 \u00b1 10 \u00b0C<br \/>Softening temperature (Softening point): 820 \u00b1 10 \u00b0C<br \/>Density: 2,23 \u00b1 0,02 g\/cm\u00b3<br \/>Hydrolytic resistance (according to ISO 719, water at 98 \u00baC): Class 1<br \/>Hydrolytic resistance (according to ISO 720, water at 121 \u00baC): Class 1<br \/>Acid resistance (according to ISO 1776): Class 1<br \/>Alkali resistance (according to ISO 695): Class 2<br \/>TYPICAL COMPOSITION<br \/>80,4% by weight SiO2<br \/>13,0% by weight B2O3<br \/>4,2% wt\/wt Na2O<br \/>2,4% by weight Al2O3<\/p>","protected":false},"excerpt":{"rendered":"<p>Comprar tubos de ensayo de vidrio, seleccionando las medidas y tipo de vidrio que te mostramos a continuaci\u00f3n. Puedes comprar tubos de ensayo de vidrio neutro, adecuados para productos que no est\u00e1n destinados a ser calentados directamente pero encambio han de tener gran resistencia mec\u00e1nica. Tambi\u00e9n tienes tubos de ensayo de vidrio borosilicato LGB. Puedes [&hellip;]<\/p>\n","protected":false},"author":1,"featured_media":0,"parent":0,"menu_order":0,"comment_status":"closed","ping_status":"closed","template":"","meta":{"_acf_changed":false,"site-sidebar-layout":"left-sidebar","site-content-layout":"default","ast-site-content-layout":"default","site-content-style":"default","site-sidebar-style":"default","ast-global-header-display":"","ast-banner-title-visibility":"","ast-main-header-display":"","ast-hfb-above-header-display":"","ast-hfb-below-header-display":"","ast-hfb-mobile-header-display":"","site-post-title":"","ast-breadcrumbs-content":"","ast-featured-img":"","footer-sml-layout":"","ast-disable-related-posts":"","theme-transparent-header-meta":"default","adv-header-id-meta":"","stick-header-meta":"default","header-above-stick-meta":"","header-main-stick-meta":"","header-below-stick-meta":"","astra-migrate-meta-layouts":"set","ast-page-background-enabled":"default","ast-page-background-meta":{"desktop":{"background-color":"var(--ast-global-color-4)","background-image":"","background-repeat":"repeat","background-position":"center center","background-size":"auto","background-attachment":"scroll","background-type":"","background-media":"","overlay-type":"","overlay-color":"","overlay-opacity":"","overlay-gradient":""},"tablet":{"background-color":"","background-image":"","background-repeat":"repeat","background-position":"center center","background-size":"auto","background-attachment":"scroll","background-type":"","background-media":"","overlay-type":"","overlay-color":"","overlay-opacity":"","overlay-gradient":""},"mobile":{"background-color":"","background-image":"","background-repeat":"repeat","background-position":"center center","background-size":"auto","background-attachment":"scroll","background-type":"","background-media":"","overlay-type":"","overlay-color":"","overlay-opacity":"","overlay-gradient":""}},"ast-content-background-meta":{"desktop":{"background-color":"var(--ast-global-color-5)","background-image":"","background-repeat":"repeat","background-position":"center center","background-size":"auto","background-attachment":"scroll","background-type":"","background-media":"","overlay-type":"","overlay-color":"","overlay-opacity":"","overlay-gradient":""},"tablet":{"background-color":"var(--ast-global-color-5)","background-image":"","background-repeat":"repeat","background-position":"center center","background-size":"auto","background-attachment":"scroll","background-type":"","background-media":"","overlay-type":"","overlay-color":"","overlay-opacity":"","overlay-gradient":""},"mobile":{"background-color":"var(--ast-global-color-5)","background-image":"","background-repeat":"repeat","background-position":"center center","background-size":"auto","background-attachment":"scroll","background-type":"","background-media":"","overlay-type":"","overlay-color":"","overlay-opacity":"","overlay-gradient":""}},"footnotes":""},"class_list":["post-35948","page","type-page","status-publish","hentry"],"acf":[],"yoast_head":"<!-- This site is optimized with the Yoast SEO Premium plugin v27.1 (Yoast SEO v27.1.1) - https:\/\/yoast.com\/product\/yoast-seo-premium-wordpress\/ -->\n<title>TUBOS DE ENSAYO - Alquera.com<\/title>\n<meta name=\"robots\" content=\"index, follow, max-snippet:-1, max-image-preview:large, max-video-preview:-1\" \/>\n<link rel=\"canonical\" href=\"https:\/\/www.alquera.com\/en\/tubos-de-ensayo-de-vidrio\/\" \/>\n<meta property=\"og:locale\" content=\"en_GB\" \/>\n<meta property=\"og:type\" content=\"article\" \/>\n<meta property=\"og:title\" content=\"TUBOS DE ENSAYO\" \/>\n<meta property=\"og:description\" content=\"Comprar tubos de ensayo de vidrio, seleccionando las medidas y tipo de vidrio que te mostramos a continuaci\u00f3n. Puedes comprar tubos de ensayo de vidrio neutro, adecuados para productos que no est\u00e1n destinados a ser calentados directamente pero encambio han de tener gran resistencia mec\u00e1nica. Tambi\u00e9n tienes tubos de ensayo de vidrio borosilicato LGB. Puedes [&hellip;]\" \/>\n<meta property=\"og:url\" content=\"https:\/\/www.alquera.com\/en\/tubos-de-ensayo-de-vidrio\/\" \/>\n<meta property=\"og:site_name\" content=\"Alquera.com\" \/>\n<meta property=\"article:publisher\" content=\"https:\/\/www.facebook.com\/alqueraciencia\" \/>\n<meta property=\"article:modified_time\" content=\"2025-06-13T07:23:40+00:00\" \/>\n<meta property=\"og:image\" content=\"https:\/\/www.alquera.com\/wp-content\/uploads\/2021\/11\/TUBOS-ENSAYO-VIDRIO-NEUTRO-1.png\" \/>\n<meta name=\"twitter:card\" content=\"summary_large_image\" \/>\n<meta name=\"twitter:label1\" content=\"Estimated reading time\" \/>\n\t<meta name=\"twitter:data1\" content=\"3 minutes\" \/>\n<script type=\"application\/ld+json\" class=\"yoast-schema-graph\">{\"@context\":\"https:\/\/schema.org\",\"@graph\":[{\"@type\":\"WebPage\",\"@id\":\"https:\/\/www.alquera.com\/tubos-de-ensayo-de-vidrio\/\",\"url\":\"https:\/\/www.alquera.com\/tubos-de-ensayo-de-vidrio\/\",\"name\":\"TUBOS DE ENSAYO - Alquera.com\",\"isPartOf\":{\"@id\":\"https:\/\/www.alquera.com\/en\/#website\"},\"primaryImageOfPage\":{\"@id\":\"https:\/\/www.alquera.com\/tubos-de-ensayo-de-vidrio\/#primaryimage\"},\"image\":{\"@id\":\"https:\/\/www.alquera.com\/tubos-de-ensayo-de-vidrio\/#primaryimage\"},\"thumbnailUrl\":\"https:\/\/www.alquera.com\/wp-content\/uploads\/2021\/11\/TUBOS-ENSAYO-VIDRIO-NEUTRO-1.png\",\"datePublished\":\"2021-11-14T12:58:59+00:00\",\"dateModified\":\"2025-06-13T07:23:40+00:00\",\"breadcrumb\":{\"@id\":\"https:\/\/www.alquera.com\/tubos-de-ensayo-de-vidrio\/#breadcrumb\"},\"inLanguage\":\"en-GB\",\"potentialAction\":[{\"@type\":\"ReadAction\",\"target\":[\"https:\/\/www.alquera.com\/tubos-de-ensayo-de-vidrio\/\"]}]},{\"@type\":\"ImageObject\",\"inLanguage\":\"en-GB\",\"@id\":\"https:\/\/www.alquera.com\/tubos-de-ensayo-de-vidrio\/#primaryimage\",\"url\":\"https:\/\/www.alquera.com\/wp-content\/uploads\/2021\/11\/TUBOS-ENSAYO-VIDRIO-NEUTRO-1.png\",\"contentUrl\":\"https:\/\/www.alquera.com\/wp-content\/uploads\/2021\/11\/TUBOS-ENSAYO-VIDRIO-NEUTRO-1.png\"},{\"@type\":\"BreadcrumbList\",\"@id\":\"https:\/\/www.alquera.com\/tubos-de-ensayo-de-vidrio\/#breadcrumb\",\"itemListElement\":[{\"@type\":\"ListItem\",\"position\":1,\"name\":\"Inicio\",\"item\":\"https:\/\/www.alquera.com\/\"},{\"@type\":\"ListItem\",\"position\":2,\"name\":\"TUBOS DE ENSAYO\"}]},{\"@type\":\"WebSite\",\"@id\":\"https:\/\/www.alquera.com\/en\/#website\",\"url\":\"https:\/\/www.alquera.com\/en\/\",\"name\":\"Alquera.com\",\"description\":\"Tienda Online Productos Qu\u00edmicos y Material de Laboratorio\",\"publisher\":{\"@id\":\"https:\/\/www.alquera.com\/en\/#organization\"},\"potentialAction\":[{\"@type\":\"SearchAction\",\"target\":{\"@type\":\"EntryPoint\",\"urlTemplate\":\"https:\/\/www.alquera.com\/en\/?s={search_term_string}\"},\"query-input\":{\"@type\":\"PropertyValueSpecification\",\"valueRequired\":true,\"valueName\":\"search_term_string\"}}],\"inLanguage\":\"en-GB\"},{\"@type\":\"Organization\",\"@id\":\"https:\/\/www.alquera.com\/en\/#organization\",\"name\":\"ALQUERA CIENCIA SL\",\"url\":\"https:\/\/www.alquera.com\/en\/\",\"logo\":{\"@type\":\"ImageObject\",\"inLanguage\":\"en-GB\",\"@id\":\"https:\/\/www.alquera.com\/en\/#\/schema\/logo\/image\/\",\"url\":\"https:\/\/www.alquera.com\/wp-content\/uploads\/2020\/11\/logo_300_ancho.png\",\"contentUrl\":\"https:\/\/www.alquera.com\/wp-content\/uploads\/2020\/11\/logo_300_ancho.png\",\"width\":300,\"height\":86,\"caption\":\"ALQUERA CIENCIA SL\"},\"image\":{\"@id\":\"https:\/\/www.alquera.com\/en\/#\/schema\/logo\/image\/\"},\"sameAs\":[\"https:\/\/www.facebook.com\/alqueraciencia\",\"https:\/\/www.instagram.com\/alquera_ciencia\/\",\"https:\/\/www.youtube.com\/c\/alquera\"]}]}<\/script>\n<!-- \/ Yoast SEO Premium plugin. -->","yoast_head_json":{"title":"TEST TUBES - Alquera.com","robots":{"index":"index","follow":"follow","max-snippet":"max-snippet:-1","max-image-preview":"max-image-preview:large","max-video-preview":"max-video-preview:-1"},"canonical":"https:\/\/www.alquera.com\/en\/tubos-de-ensayo-de-vidrio\/","og_locale":"en_GB","og_type":"article","og_title":"TUBOS DE ENSAYO","og_description":"Comprar tubos de ensayo de vidrio, seleccionando las medidas y tipo de vidrio que te mostramos a continuaci\u00f3n. Puedes comprar tubos de ensayo de vidrio neutro, adecuados para productos que no est\u00e1n destinados a ser calentados directamente pero encambio han de tener gran resistencia mec\u00e1nica. Tambi\u00e9n tienes tubos de ensayo de vidrio borosilicato LGB. Puedes [&hellip;]","og_url":"https:\/\/www.alquera.com\/en\/tubos-de-ensayo-de-vidrio\/","og_site_name":"Alquera.com","article_publisher":"https:\/\/www.facebook.com\/alqueraciencia","article_modified_time":"2025-06-13T07:23:40+00:00","og_image":[{"url":"https:\/\/www.alquera.com\/wp-content\/uploads\/2021\/11\/TUBOS-ENSAYO-VIDRIO-NEUTRO-1.png","type":"","width":"","height":""}],"twitter_card":"summary_large_image","twitter_misc":{"Estimated reading time":"3 minutes"},"schema":{"@context":"https:\/\/schema.org","@graph":[{"@type":"WebPage","@id":"https:\/\/www.alquera.com\/tubos-de-ensayo-de-vidrio\/","url":"https:\/\/www.alquera.com\/tubos-de-ensayo-de-vidrio\/","name":"TEST TUBES - Alquera.com","isPartOf":{"@id":"https:\/\/www.alquera.com\/en\/#website"},"primaryImageOfPage":{"@id":"https:\/\/www.alquera.com\/tubos-de-ensayo-de-vidrio\/#primaryimage"},"image":{"@id":"https:\/\/www.alquera.com\/tubos-de-ensayo-de-vidrio\/#primaryimage"},"thumbnailUrl":"https:\/\/www.alquera.com\/wp-content\/uploads\/2021\/11\/TUBOS-ENSAYO-VIDRIO-NEUTRO-1.png","datePublished":"2021-11-14T12:58:59+00:00","dateModified":"2025-06-13T07:23:40+00:00","breadcrumb":{"@id":"https:\/\/www.alquera.com\/tubos-de-ensayo-de-vidrio\/#breadcrumb"},"inLanguage":"en-GB","potentialAction":[{"@type":"ReadAction","target":["https:\/\/www.alquera.com\/tubos-de-ensayo-de-vidrio\/"]}]},{"@type":"ImageObject","inLanguage":"en-GB","@id":"https:\/\/www.alquera.com\/tubos-de-ensayo-de-vidrio\/#primaryimage","url":"https:\/\/www.alquera.com\/wp-content\/uploads\/2021\/11\/TUBOS-ENSAYO-VIDRIO-NEUTRO-1.png","contentUrl":"https:\/\/www.alquera.com\/wp-content\/uploads\/2021\/11\/TUBOS-ENSAYO-VIDRIO-NEUTRO-1.png"},{"@type":"BreadcrumbList","@id":"https:\/\/www.alquera.com\/tubos-de-ensayo-de-vidrio\/#breadcrumb","itemListElement":[{"@type":"ListItem","position":1,"name":"Inicio","item":"https:\/\/www.alquera.com\/"},{"@type":"ListItem","position":2,"name":"TUBOS DE ENSAYO"}]},{"@type":"WebSite","@id":"https:\/\/www.alquera.com\/en\/#website","url":"https:\/\/www.alquera.com\/en\/","name":"Alquera.com","description":"Online Shop Chemical Products and Laboratory Equipment","publisher":{"@id":"https:\/\/www.alquera.com\/en\/#organization"},"potentialAction":[{"@type":"SearchAction","target":{"@type":"EntryPoint","urlTemplate":"https:\/\/www.alquera.com\/en\/?s={search_term_string}"},"query-input":{"@type":"PropertyValueSpecification","valueRequired":true,"valueName":"search_term_string"}}],"inLanguage":"en-GB"},{"@type":"Organization","@id":"https:\/\/www.alquera.com\/en\/#organization","name":"ALQUERA CIENCIA SL","url":"https:\/\/www.alquera.com\/en\/","logo":{"@type":"ImageObject","inLanguage":"en-GB","@id":"https:\/\/www.alquera.com\/en\/#\/schema\/logo\/image\/","url":"https:\/\/www.alquera.com\/wp-content\/uploads\/2020\/11\/logo_300_ancho.png","contentUrl":"https:\/\/www.alquera.com\/wp-content\/uploads\/2020\/11\/logo_300_ancho.png","width":300,"height":86,"caption":"ALQUERA CIENCIA SL"},"image":{"@id":"https:\/\/www.alquera.com\/en\/#\/schema\/logo\/image\/"},"sameAs":["https:\/\/www.facebook.com\/alqueraciencia","https:\/\/www.instagram.com\/alquera_ciencia\/","https:\/\/www.youtube.com\/c\/alquera"]}]}},"_links":{"self":[{"href":"https:\/\/www.alquera.com\/en\/wp-json\/wp\/v2\/pages\/35948","targetHints":{"allow":["GET"]}}],"collection":[{"href":"https:\/\/www.alquera.com\/en\/wp-json\/wp\/v2\/pages"}],"about":[{"href":"https:\/\/www.alquera.com\/en\/wp-json\/wp\/v2\/types\/page"}],"author":[{"embeddable":true,"href":"https:\/\/www.alquera.com\/en\/wp-json\/wp\/v2\/users\/1"}],"replies":[{"embeddable":true,"href":"https:\/\/www.alquera.com\/en\/wp-json\/wp\/v2\/comments?post=35948"}],"version-history":[{"count":62,"href":"https:\/\/www.alquera.com\/en\/wp-json\/wp\/v2\/pages\/35948\/revisions"}],"predecessor-version":[{"id":53509,"href":"https:\/\/www.alquera.com\/en\/wp-json\/wp\/v2\/pages\/35948\/revisions\/53509"}],"wp:attachment":[{"href":"https:\/\/www.alquera.com\/en\/wp-json\/wp\/v2\/media?parent=35948"}],"curies":[{"name":"wp","href":"https:\/\/api.w.org\/{rel}","templated":true}]}}