{"id":39758,"date":"2022-11-11T09:43:34","date_gmt":"2022-11-11T09:43:34","guid":{"rendered":"https:\/\/www.alquera.com\/?page_id=39758"},"modified":"2023-01-26T15:01:09","modified_gmt":"2023-01-26T15:01:09","slug":"experimentos-de-ciencias","status":"publish","type":"page","link":"https:\/\/www.alquera.com\/en\/experimentos-de-ciencias\/","title":{"rendered":"Science Experiments"},"content":{"rendered":"<p>In this section we propose a series of chemistry practices or experiments to be carried out in groups. The products used are chemically pure products, or with a sufficient degree of purity for experimentation (non-analytical). You can find loose products to complete some practice in this section: <a href=\"https:\/\/www.alquera.com\/en\/productos-quimicos\/\">all products<\/a>. Within each practice you will find the explanations, list of materials included and not, as well as the technical documentation associated with the practice. <\/p>\n\n\n\n<div class=\"filter-list\">\n\n  \n<\/div>\n\n\n\n\n\n<h2 class=\"wp-block-heading\" id=\"h-a-quien-va-dirigido-los-experimentos\">TO WHOM THE EXPERIMENTS ARE ADDRESSED<\/h2>\n\n\n\n<p>Chemistry experiments, or science experiments, are aimed at the general public, although they are specifically designed to be done several times or in groups. The reason for this is the time needed to prepare each experiment. It is also taken into account that conducting experiments is not an inexpensive practice and being thought to be done in a group or several times optimises the preparation time and cost.<\/p>\n\n\n\n<h2 class=\"wp-block-heading\" id=\"h-como-pedir-un-kit-para-los-experimentos\">HOW TO ORDER AN EXPERIMENT KIT<\/h2>\n\n\n\n<p>You can order a kit directly inside the product itself. Deliveries are made daily and are received in 24\/28h in Spain and Portugal and in 4-5 days in Europe. If you have any questions please do not hesitate to <a href=\"https:\/\/www.alquera.com\/en\/contactenos\/\">contact us<\/a>. Within each practice you will see a detailed list of products, which if you need in large quantities or replenishment you can order it through the product itself. <\/p>\n\n\n\n<h2 class=\"wp-block-heading\" id=\"h-que-tipo-de-practicas-se-detallan\">WHAT KIND OF PRACTICES ARE DETAILED<\/h2>\n\n\n\n<p>You will find experiments in chemistry, magnetism, simple acid-base reactions, oxidation-reduction reactions and crystallisation. <\/p>","protected":false},"excerpt":{"rendered":"<p>En este apartado te proponemos una serie de pr\u00e1cticas de qu\u00edmica o experimentos para realizar en grupo. Los productos utilizados son productos qu\u00edmicamente puros, o con un grado de pureza suficiente para experimentaci\u00f3n (no anal\u00edtica). puedes encontrar los productos sueltos para completar alguna pr\u00e1ctica en este apartado: todos los productos. Dentro de cada pr\u00e1ctica encontrar\u00e1s [&hellip;]<\/p>\n","protected":false},"author":1,"featured_media":0,"parent":0,"menu_order":0,"comment_status":"closed","ping_status":"closed","template":"","meta":{"_acf_changed":false,"site-sidebar-layout":"no-sidebar","site-content-layout":"default","ast-site-content-layout":"default","site-content-style":"default","site-sidebar-style":"default","ast-global-header-display":"","ast-banner-title-visibility":"","ast-main-header-display":"","ast-hfb-above-header-display":"","ast-hfb-below-header-display":"","ast-hfb-mobile-header-display":"","site-post-title":"","ast-breadcrumbs-content":"","ast-featured-img":"","footer-sml-layout":"","ast-disable-related-posts":"","theme-transparent-header-meta":"default","adv-header-id-meta":"","stick-header-meta":"default","header-above-stick-meta":"","header-main-stick-meta":"","header-below-stick-meta":"","astra-migrate-meta-layouts":"default","ast-page-background-enabled":"default","ast-page-background-meta":{"desktop":{"background-color":"var(--ast-global-color-4)","background-image":"","background-repeat":"repeat","background-position":"center center","background-size":"auto","background-attachment":"scroll","background-type":"","background-media":"","overlay-type":"","overlay-color":"","overlay-opacity":"","overlay-gradient":""},"tablet":{"background-color":"","background-image":"","background-repeat":"repeat","background-position":"center center","background-size":"auto","background-attachment":"scroll","background-type":"","background-media":"","overlay-type":"","overlay-color":"","overlay-opacity":"","overlay-gradient":""},"mobile":{"background-color":"","background-image":"","background-repeat":"repeat","background-position":"center center","background-size":"auto","background-attachment":"scroll","background-type":"","background-media":"","overlay-type":"","overlay-color":"","overlay-opacity":"","overlay-gradient":""}},"ast-content-background-meta":{"desktop":{"background-color":"var(--ast-global-color-5)","background-image":"","background-repeat":"repeat","background-position":"center center","background-size":"auto","background-attachment":"scroll","background-type":"","background-media":"","overlay-type":"","overlay-color":"","overlay-opacity":"","overlay-gradient":""},"tablet":{"background-color":"var(--ast-global-color-5)","background-image":"","background-repeat":"repeat","background-position":"center center","background-size":"auto","background-attachment":"scroll","background-type":"","background-media":"","overlay-type":"","overlay-color":"","overlay-opacity":"","overlay-gradient":""},"mobile":{"background-color":"var(--ast-global-color-5)","background-image":"","background-repeat":"repeat","background-position":"center center","background-size":"auto","background-attachment":"scroll","background-type":"","background-media":"","overlay-type":"","overlay-color":"","overlay-opacity":"","overlay-gradient":""}},"footnotes":""},"class_list":["post-39758","page","type-page","status-publish","hentry"],"acf":[],"yoast_head":"<!-- This site is optimized with the Yoast SEO Premium plugin v27.1 (Yoast SEO v27.1.1) - https:\/\/yoast.com\/product\/yoast-seo-premium-wordpress\/ -->\n<title>Experimentos de Ciencias - Alquera.com<\/title>\n<meta name=\"robots\" content=\"index, follow, max-snippet:-1, max-image-preview:large, max-video-preview:-1\" \/>\n<link rel=\"canonical\" href=\"https:\/\/www.alquera.com\/en\/experimentos-de-ciencias\/\" \/>\n<meta property=\"og:locale\" content=\"en_GB\" \/>\n<meta property=\"og:type\" content=\"article\" \/>\n<meta property=\"og:title\" content=\"Experimentos de Ciencias\" \/>\n<meta property=\"og:description\" content=\"En este apartado te proponemos una serie de pr\u00e1cticas de qu\u00edmica o experimentos para realizar en grupo. Los productos utilizados son productos qu\u00edmicamente puros, o con un grado de pureza suficiente para experimentaci\u00f3n (no anal\u00edtica). puedes encontrar los productos sueltos para completar alguna pr\u00e1ctica en este apartado: todos los productos. Dentro de cada pr\u00e1ctica encontrar\u00e1s [&hellip;]\" \/>\n<meta property=\"og:url\" content=\"https:\/\/www.alquera.com\/en\/experimentos-de-ciencias\/\" \/>\n<meta property=\"og:site_name\" content=\"Alquera.com\" \/>\n<meta property=\"article:publisher\" content=\"https:\/\/www.facebook.com\/alqueraciencia\" \/>\n<meta property=\"article:modified_time\" content=\"2023-01-26T15:01:09+00:00\" \/>\n<meta name=\"twitter:card\" content=\"summary_large_image\" \/>\n<meta name=\"twitter:label1\" content=\"Estimated reading time\" \/>\n\t<meta name=\"twitter:data1\" content=\"2 minutes\" \/>\n<script type=\"application\/ld+json\" class=\"yoast-schema-graph\">{\"@context\":\"https:\/\/schema.org\",\"@graph\":[{\"@type\":\"WebPage\",\"@id\":\"https:\/\/www.alquera.com\/experimentos-de-ciencias\/\",\"url\":\"https:\/\/www.alquera.com\/experimentos-de-ciencias\/\",\"name\":\"Experimentos de Ciencias - Alquera.com\",\"isPartOf\":{\"@id\":\"https:\/\/www.alquera.com\/en\/#website\"},\"datePublished\":\"2022-11-11T09:43:34+00:00\",\"dateModified\":\"2023-01-26T15:01:09+00:00\",\"breadcrumb\":{\"@id\":\"https:\/\/www.alquera.com\/experimentos-de-ciencias\/#breadcrumb\"},\"inLanguage\":\"en-GB\",\"potentialAction\":[{\"@type\":\"ReadAction\",\"target\":[\"https:\/\/www.alquera.com\/experimentos-de-ciencias\/\"]}]},{\"@type\":\"BreadcrumbList\",\"@id\":\"https:\/\/www.alquera.com\/experimentos-de-ciencias\/#breadcrumb\",\"itemListElement\":[{\"@type\":\"ListItem\",\"position\":1,\"name\":\"Inicio\",\"item\":\"https:\/\/www.alquera.com\/\"},{\"@type\":\"ListItem\",\"position\":2,\"name\":\"Experimentos de Ciencias\"}]},{\"@type\":\"WebSite\",\"@id\":\"https:\/\/www.alquera.com\/en\/#website\",\"url\":\"https:\/\/www.alquera.com\/en\/\",\"name\":\"Alquera.com\",\"description\":\"Tienda Online Productos Qu\u00edmicos y Material de Laboratorio\",\"publisher\":{\"@id\":\"https:\/\/www.alquera.com\/en\/#organization\"},\"potentialAction\":[{\"@type\":\"SearchAction\",\"target\":{\"@type\":\"EntryPoint\",\"urlTemplate\":\"https:\/\/www.alquera.com\/en\/?s={search_term_string}\"},\"query-input\":{\"@type\":\"PropertyValueSpecification\",\"valueRequired\":true,\"valueName\":\"search_term_string\"}}],\"inLanguage\":\"en-GB\"},{\"@type\":\"Organization\",\"@id\":\"https:\/\/www.alquera.com\/en\/#organization\",\"name\":\"ALQUERA CIENCIA SL\",\"url\":\"https:\/\/www.alquera.com\/en\/\",\"logo\":{\"@type\":\"ImageObject\",\"inLanguage\":\"en-GB\",\"@id\":\"https:\/\/www.alquera.com\/en\/#\/schema\/logo\/image\/\",\"url\":\"https:\/\/www.alquera.com\/wp-content\/uploads\/2020\/11\/logo_300_ancho.png\",\"contentUrl\":\"https:\/\/www.alquera.com\/wp-content\/uploads\/2020\/11\/logo_300_ancho.png\",\"width\":300,\"height\":86,\"caption\":\"ALQUERA CIENCIA SL\"},\"image\":{\"@id\":\"https:\/\/www.alquera.com\/en\/#\/schema\/logo\/image\/\"},\"sameAs\":[\"https:\/\/www.facebook.com\/alqueraciencia\",\"https:\/\/www.instagram.com\/alquera_ciencia\/\",\"https:\/\/www.youtube.com\/c\/alquera\"]}]}<\/script>\n<!-- \/ Yoast SEO Premium plugin. -->","yoast_head_json":{"title":"Science Experiments - Alquera.com","robots":{"index":"index","follow":"follow","max-snippet":"max-snippet:-1","max-image-preview":"max-image-preview:large","max-video-preview":"max-video-preview:-1"},"canonical":"https:\/\/www.alquera.com\/en\/experimentos-de-ciencias\/","og_locale":"en_GB","og_type":"article","og_title":"Experimentos de Ciencias","og_description":"En este apartado te proponemos una serie de pr\u00e1cticas de qu\u00edmica o experimentos para realizar en grupo. Los productos utilizados son productos qu\u00edmicamente puros, o con un grado de pureza suficiente para experimentaci\u00f3n (no anal\u00edtica). puedes encontrar los productos sueltos para completar alguna pr\u00e1ctica en este apartado: todos los productos. Dentro de cada pr\u00e1ctica encontrar\u00e1s [&hellip;]","og_url":"https:\/\/www.alquera.com\/en\/experimentos-de-ciencias\/","og_site_name":"Alquera.com","article_publisher":"https:\/\/www.facebook.com\/alqueraciencia","article_modified_time":"2023-01-26T15:01:09+00:00","twitter_card":"summary_large_image","twitter_misc":{"Estimated reading time":"2 minutes"},"schema":{"@context":"https:\/\/schema.org","@graph":[{"@type":"WebPage","@id":"https:\/\/www.alquera.com\/experimentos-de-ciencias\/","url":"https:\/\/www.alquera.com\/experimentos-de-ciencias\/","name":"Science Experiments - Alquera.com","isPartOf":{"@id":"https:\/\/www.alquera.com\/en\/#website"},"datePublished":"2022-11-11T09:43:34+00:00","dateModified":"2023-01-26T15:01:09+00:00","breadcrumb":{"@id":"https:\/\/www.alquera.com\/experimentos-de-ciencias\/#breadcrumb"},"inLanguage":"en-GB","potentialAction":[{"@type":"ReadAction","target":["https:\/\/www.alquera.com\/experimentos-de-ciencias\/"]}]},{"@type":"BreadcrumbList","@id":"https:\/\/www.alquera.com\/experimentos-de-ciencias\/#breadcrumb","itemListElement":[{"@type":"ListItem","position":1,"name":"Inicio","item":"https:\/\/www.alquera.com\/"},{"@type":"ListItem","position":2,"name":"Experimentos de Ciencias"}]},{"@type":"WebSite","@id":"https:\/\/www.alquera.com\/en\/#website","url":"https:\/\/www.alquera.com\/en\/","name":"Alquera.com","description":"Online Shop Chemical Products and Laboratory Equipment","publisher":{"@id":"https:\/\/www.alquera.com\/en\/#organization"},"potentialAction":[{"@type":"SearchAction","target":{"@type":"EntryPoint","urlTemplate":"https:\/\/www.alquera.com\/en\/?s={search_term_string}"},"query-input":{"@type":"PropertyValueSpecification","valueRequired":true,"valueName":"search_term_string"}}],"inLanguage":"en-GB"},{"@type":"Organization","@id":"https:\/\/www.alquera.com\/en\/#organization","name":"ALQUERA CIENCIA SL","url":"https:\/\/www.alquera.com\/en\/","logo":{"@type":"ImageObject","inLanguage":"en-GB","@id":"https:\/\/www.alquera.com\/en\/#\/schema\/logo\/image\/","url":"https:\/\/www.alquera.com\/wp-content\/uploads\/2020\/11\/logo_300_ancho.png","contentUrl":"https:\/\/www.alquera.com\/wp-content\/uploads\/2020\/11\/logo_300_ancho.png","width":300,"height":86,"caption":"ALQUERA CIENCIA SL"},"image":{"@id":"https:\/\/www.alquera.com\/en\/#\/schema\/logo\/image\/"},"sameAs":["https:\/\/www.facebook.com\/alqueraciencia","https:\/\/www.instagram.com\/alquera_ciencia\/","https:\/\/www.youtube.com\/c\/alquera"]}]}},"_links":{"self":[{"href":"https:\/\/www.alquera.com\/en\/wp-json\/wp\/v2\/pages\/39758","targetHints":{"allow":["GET"]}}],"collection":[{"href":"https:\/\/www.alquera.com\/en\/wp-json\/wp\/v2\/pages"}],"about":[{"href":"https:\/\/www.alquera.com\/en\/wp-json\/wp\/v2\/types\/page"}],"author":[{"embeddable":true,"href":"https:\/\/www.alquera.com\/en\/wp-json\/wp\/v2\/users\/1"}],"replies":[{"embeddable":true,"href":"https:\/\/www.alquera.com\/en\/wp-json\/wp\/v2\/comments?post=39758"}],"version-history":[{"count":57,"href":"https:\/\/www.alquera.com\/en\/wp-json\/wp\/v2\/pages\/39758\/revisions"}],"predecessor-version":[{"id":40847,"href":"https:\/\/www.alquera.com\/en\/wp-json\/wp\/v2\/pages\/39758\/revisions\/40847"}],"wp:attachment":[{"href":"https:\/\/www.alquera.com\/en\/wp-json\/wp\/v2\/media?parent=39758"}],"curies":[{"name":"wp","href":"https:\/\/api.w.org\/{rel}","templated":true}]}}