{"id":7,"date":"2016-06-30T08:06:56","date_gmt":"2016-06-30T08:06:56","guid":{"rendered":"http:\/\/sulfatodro.cluster003.ovh.net\/?page_id=7"},"modified":"2021-09-12T14:15:21","modified_gmt":"2021-09-12T14:15:21","slug":"acuario","status":"publish","type":"page","link":"https:\/\/www.alquera.com\/en\/sulfato-de-potasio\/acuario\/","title":{"rendered":"Potassium Sulphate Aquarium"},"content":{"rendered":"<p>If you are an aquarium specialist, or have been keeping your aquarium for a long time, you will already know that keeping plants green is an additional job to keeping fish. You will have noticed that it is easy for your plants to turn yellow or brown. If this happens, your plants are deficient in potassium. Of all the nutrients your aquarium plants need, potassium is the only one you can't get from your fish's own food.  This lack of potassium can be solved by using the <a href=\"https:\/\/www.alquera.com\/en\/sulfato-de-potasio\/\">potassium sulphate<\/a>. Let's take a look at the components that aquarium plants need:<\/p>\n<p>Plants need macro- and micronutrients for their life cycle and aquarium plants are no exception.<\/p>\n<h3>Components required for aquarium plants<\/h3>\n<p><img loading=\"lazy\" decoding=\"async\" class=\"wp-image-32219 aligncenter\" src=\"https:\/\/www.alquera.com\/wp-content\/uploads\/2020\/12\/sulfato-de-potasio-acuario-300x144.jpg\" alt=\"\" width=\"450\" height=\"215\" srcset=\"https:\/\/www.alquera.com\/wp-content\/uploads\/2020\/12\/sulfato-de-potasio-acuario-300x144.jpg 300w, https:\/\/www.alquera.com\/wp-content\/uploads\/2020\/12\/sulfato-de-potasio-acuario-600x287.jpg 600w, https:\/\/www.alquera.com\/wp-content\/uploads\/2020\/12\/sulfato-de-potasio-acuario.jpg 702w\" sizes=\"auto, (max-width: 450px) 100vw, 450px\" \/><\/p>\n<p>The <strong>macronutrients<\/strong>These are the nutrients that are needed in larger quantities. These components are: nitrogen (N), phosphorus (P), potassium (K), calcium (Ca), magnesium (Mg) and sulphur (S).<\/p>\n<p>The <strong>micronutrients<\/strong> are the nutrients that plants need in smaller quantities, the so-called trace nutrients: iron (Fe), copper (Cu), zinc (Zn), manganese (Mn), boron (B) and molybdenum (Mb).<\/p>\n<p>Important macronutrients such as nitrate and phosphate are provided to the plants through the feed and the organic waste generated by the fish, and the necessary micronutrients can be obtained by changing the tap water.<\/p>\n<p>However, potassium is a macronutrient that is neither generated in aquariums nor can it be obtained in a significant way by changing the water; therefore, a potassium supply will be necessary for the maintenance of the plants in the aquarium. Potassium sulphate is the most commonly used compound to extract potassium.<\/p>\n<h2><strong>Recommended dosage Potassium Sulphate Potassium Aquarium<\/strong><\/h2>\n<p>When selecting the appropriate dosage of potassium sulphate for the aquarium it is necessary to take into account some factors such as the following:<\/p>\n<ul>\n<li>The size of the aquarium.<\/li>\n<li>The number of plants inside.<\/li>\n<li>The type of plant found in the aquarium.<\/li>\n<li>The lighting you have.<\/li>\n<li>Frequency of water change<\/li>\n<\/ul>\n<p>A <strong>recommendation for a standard aquarium<\/strong> would be the following amounts:<\/p>\n<p>50 grams of potassium sulphate mixed with 1L of water, stir well, and leave to stand for 24 hours. Then, for every 100L of aquarium water, add about 20ml of the solution. The frequency with which the 20ml of potassium sulphate per 100ml of water should be added is every 15 days, when changing the aquarium water.<\/p>\n<p>&nbsp;<\/p>\n<p>In this video you can see an example of how to prepare potassium sulphate for aquariums:<\/p>\n<div class=\"ast-oembed-container\" style=\"height: 100%;\"><iframe loading=\"lazy\" title=\"Tutorial: How to prepare potassium sulphate for aquarium fertilisation\" width=\"500\" height=\"281\" src=\"https:\/\/www.youtube.com\/embed\/lI6c0u7C20E?feature=oembed\" frameborder=\"0\" allow=\"accelerometer; autoplay; clipboard-write; encrypted-media; gyroscope; picture-in-picture; web-share\" referrerpolicy=\"strict-origin-when-cross-origin\" allowfullscreen><\/iframe><\/div>\n<p>&nbsp;<\/p>\n<h2><strong>How to notice potassium deficiency in an aquarium?<\/strong><\/h2>\n<p>Potassium deficiency in aquarium plants can become evident when the leaves start to turn a little lighter, until white areas become transparent if left untreated. In the worst cases, holes will start to form in the leaves.<\/p>\n<p>It is also advisable to fertilise if the plants are put in before the fish, as they will not have any nutrients.<\/p>\n<p>Potassium sulphate is not only used for aquarium plants.  It is also used for dry plant fertilisation, as potassium is one of the essential nutrients. Read more at <a href=\"https:\/\/www.alquera.com\/en\/sulfato-de-potasio\/fertilizante\/\">this section<\/a>.<\/p>\n<h3 class=\"widget-title\">Buy <\/h3><div><div class=\"woocommerce\"><ul class=\"products columns-4\">\n<li class=\"desktop-align-left tablet-align-left mobile-align-left ast-product-gallery-layout-horizontal-slider ast-magnify-disabled ast-product-single-variable ast-product-tabs-layout-horizontal ast-qv-on-image product type-product post-495 status-publish first instock product_cat-productos-experimentos product_cat-productos has-post-thumbnail taxable shipping-taxable purchasable product-type-variable has-default-attributes\">\n\t<a href=\"https:\/\/www.alquera.com\/en\/permanganato-de-potasio\/\" class=\"woocommerce-LoopProduct-link woocommerce-loop-product__link\"><img loading=\"lazy\" decoding=\"async\" width=\"300\" height=\"300\" src=\"https:\/\/www.alquera.com\/wp-content\/uploads\/2016\/01\/permanganato-200g-foto-nueva-300x300.png\" class=\"attachment-woocommerce_thumbnail size-woocommerce_thumbnail\" alt=\"permanganato 200g\" srcset=\"https:\/\/www.alquera.com\/wp-content\/uploads\/2016\/01\/permanganato-200g-foto-nueva-300x300.png 300w, https:\/\/www.alquera.com\/wp-content\/uploads\/2016\/01\/permanganato-200g-foto-nueva-150x150.png 150w, https:\/\/www.alquera.com\/wp-content\/uploads\/2016\/01\/permanganato-200g-foto-nueva-12x12.png 12w, https:\/\/www.alquera.com\/wp-content\/uploads\/2016\/01\/permanganato-200g-foto-nueva-100x100.png 100w\" sizes=\"auto, (max-width: 300px) 100vw, 300px\" \/><h2 class=\"woocommerce-loop-product__title\">Potassium Permanganate<\/h2><div class=\"review-rating\"><div class=\"star-rating\"><span style=\"width:100%\" data-no-translation=\"\" data-trp-gettext=\"\">Rated <strong class=\"rating\">5.00<\/strong> out of 5<\/span><\/div><\/div>\n<\/a><a href=\"https:\/\/www.alquera.com\/en\/permanganato-de-potasio\/\" aria-describedby=\"woocommerce_loop_add_to_cart_link_describedby_495\" data-quantity=\"1\" class=\"button product_type_variable add_to_cart_button\" data-product_id=\"495\" data-product_sku=\"AL100111\" aria-label=\"Select options for \u201cPermanganato de Potasio\u201d\" rel=\"nofollow\" data-no-translation=\"\" data-trp-gettext=\"\" data-no-translation-aria-label=\"\">Select options<\/a>\t<span id=\"woocommerce_loop_add_to_cart_link_describedby_495\" class=\"screen-reader-text\">\n\t\tThis product has multiple variants. The options may be chosen on the product page\t<\/span>\n<\/li>\n<\/ul>\n<\/div><\/div>\n<p class=\"widget-title\">Read more<\/p><a href=\"https:\/\/www.alquera.com\/en\/sulfato-de-potasio\/\">Potassium Sulphate<\/a>\n<!-- Page-list plugin v.5.9 wordpress.org\/plugins\/page-list\/ -->\n<ul class=\"page-list siblings-page-list\">\n<li class=\"page_item page-item-5 menu-item\"><a href=\"https:\/\/www.alquera.com\/en\/sulfato-de-potasio\/usos\/\" class=\"menu-link\">Uses Potassium Sulphate<\/a><\/li>\n<li class=\"page_item page-item-9 menu-item\"><a href=\"https:\/\/www.alquera.com\/en\/sulfato-de-potasio\/fertilizante\/\" class=\"menu-link\">Potassium Sulphate Fertiliser<\/a><\/li>\n<li class=\"page_item page-item-7 menu-item\"><a href=\"https:\/\/www.alquera.com\/en\/sulfato-de-potasio\/acuario\/\" class=\"menu-link\">Potassium Sulphate Aquarium<\/a><\/li>\n\n<\/ul>","protected":false},"excerpt":{"rendered":"<p>Si eres un especialista en acuarios, o llevas tiempo manteniendo tu acuario, ya sabr\u00e1s que mantener las plantas verdes es un trabajo adicional a la crianza de los peces. Habr\u00e1s visto que es f\u00e1cil que tus plantas se tornen de un color amarillo o marr\u00f3n. Si llegas a esa situaci\u00f3n es que tus plantas tienen [&hellip;]<\/p>\n","protected":false},"author":1,"featured_media":0,"parent":32591,"menu_order":3,"comment_status":"open","ping_status":"closed","template":"","meta":{"_acf_changed":false,"site-sidebar-layout":"default","site-content-layout":"default","ast-site-content-layout":"default","site-content-style":"default","site-sidebar-style":"default","ast-global-header-display":"","ast-banner-title-visibility":"","ast-main-header-display":"","ast-hfb-above-header-display":"","ast-hfb-below-header-display":"","ast-hfb-mobile-header-display":"","site-post-title":"","ast-breadcrumbs-content":"","ast-featured-img":"","footer-sml-layout":"","ast-disable-related-posts":"","theme-transparent-header-meta":"default","adv-header-id-meta":"","stick-header-meta":"default","header-above-stick-meta":"","header-main-stick-meta":"","header-below-stick-meta":"","astra-migrate-meta-layouts":"default","ast-page-background-enabled":"default","ast-page-background-meta":{"desktop":{"background-color":"var(--ast-global-color-4)","background-image":"","background-repeat":"repeat","background-position":"center center","background-size":"auto","background-attachment":"scroll","background-type":"","background-media":"","overlay-type":"","overlay-color":"","overlay-opacity":"","overlay-gradient":""},"tablet":{"background-color":"","background-image":"","background-repeat":"repeat","background-position":"center center","background-size":"auto","background-attachment":"scroll","background-type":"","background-media":"","overlay-type":"","overlay-color":"","overlay-opacity":"","overlay-gradient":""},"mobile":{"background-color":"","background-image":"","background-repeat":"repeat","background-position":"center center","background-size":"auto","background-attachment":"scroll","background-type":"","background-media":"","overlay-type":"","overlay-color":"","overlay-opacity":"","overlay-gradient":""}},"ast-content-background-meta":{"desktop":{"background-color":"var(--ast-global-color-5)","background-image":"","background-repeat":"repeat","background-position":"center center","background-size":"auto","background-attachment":"scroll","background-type":"","background-media":"","overlay-type":"","overlay-color":"","overlay-opacity":"","overlay-gradient":""},"tablet":{"background-color":"var(--ast-global-color-5)","background-image":"","background-repeat":"repeat","background-position":"center center","background-size":"auto","background-attachment":"scroll","background-type":"","background-media":"","overlay-type":"","overlay-color":"","overlay-opacity":"","overlay-gradient":""},"mobile":{"background-color":"var(--ast-global-color-5)","background-image":"","background-repeat":"repeat","background-position":"center center","background-size":"auto","background-attachment":"scroll","background-type":"","background-media":"","overlay-type":"","overlay-color":"","overlay-opacity":"","overlay-gradient":""}},"footnotes":""},"class_list":["post-7","page","type-page","status-publish","hentry"],"acf":[],"yoast_head":"<!-- This site is optimized with the Yoast SEO Premium plugin v27.1 (Yoast SEO v27.1.1) - https:\/\/yoast.com\/product\/yoast-seo-premium-wordpress\/ -->\n<title>Sulfato Potasico Acuario - Alquera.com<\/title>\n<meta name=\"robots\" content=\"index, follow, max-snippet:-1, max-image-preview:large, max-video-preview:-1\" \/>\n<link rel=\"canonical\" href=\"https:\/\/www.alquera.com\/en\/sulfato-de-potasio\/acuario\/\" \/>\n<meta property=\"og:locale\" content=\"en_GB\" \/>\n<meta property=\"og:type\" content=\"article\" \/>\n<meta property=\"og:title\" content=\"Sulfato Potasico Acuario\" \/>\n<meta property=\"og:description\" content=\"Si eres un especialista en acuarios, o llevas tiempo manteniendo tu acuario, ya sabr\u00e1s que mantener las plantas verdes es un trabajo adicional a la crianza de los peces. Habr\u00e1s visto que es f\u00e1cil que tus plantas se tornen de un color amarillo o marr\u00f3n. Si llegas a esa situaci\u00f3n es que tus plantas tienen [&hellip;]\" \/>\n<meta property=\"og:url\" content=\"https:\/\/www.alquera.com\/en\/sulfato-de-potasio\/acuario\/\" \/>\n<meta property=\"og:site_name\" content=\"Alquera.com\" \/>\n<meta property=\"article:publisher\" content=\"https:\/\/www.facebook.com\/alqueraciencia\" \/>\n<meta property=\"article:modified_time\" content=\"2021-09-12T14:15:21+00:00\" \/>\n<meta property=\"og:image\" content=\"https:\/\/www.alquera.com\/wp-content\/uploads\/2020\/12\/sulfato-de-potasio-acuario-300x144.jpg\" \/>\n<meta name=\"twitter:card\" content=\"summary_large_image\" \/>\n<meta name=\"twitter:label1\" content=\"Estimated reading time\" \/>\n\t<meta name=\"twitter:data1\" content=\"3 minutes\" \/>\n<script type=\"application\/ld+json\" class=\"yoast-schema-graph\">{\"@context\":\"https:\/\/schema.org\",\"@graph\":[{\"@type\":\"WebPage\",\"@id\":\"https:\/\/www.alquera.com\/sulfato-de-potasio\/acuario\/\",\"url\":\"https:\/\/www.alquera.com\/sulfato-de-potasio\/acuario\/\",\"name\":\"Sulfato Potasico Acuario - Alquera.com\",\"isPartOf\":{\"@id\":\"https:\/\/www.alquera.com\/en\/#website\"},\"primaryImageOfPage\":{\"@id\":\"https:\/\/www.alquera.com\/sulfato-de-potasio\/acuario\/#primaryimage\"},\"image\":{\"@id\":\"https:\/\/www.alquera.com\/sulfato-de-potasio\/acuario\/#primaryimage\"},\"thumbnailUrl\":\"https:\/\/www.alquera.com\/wp-content\/uploads\/2020\/12\/sulfato-de-potasio-acuario-300x144.jpg\",\"datePublished\":\"2016-06-30T08:06:56+00:00\",\"dateModified\":\"2021-09-12T14:15:21+00:00\",\"breadcrumb\":{\"@id\":\"https:\/\/www.alquera.com\/sulfato-de-potasio\/acuario\/#breadcrumb\"},\"inLanguage\":\"en-GB\",\"potentialAction\":[{\"@type\":\"ReadAction\",\"target\":[\"https:\/\/www.alquera.com\/sulfato-de-potasio\/acuario\/\"]}]},{\"@type\":\"ImageObject\",\"inLanguage\":\"en-GB\",\"@id\":\"https:\/\/www.alquera.com\/sulfato-de-potasio\/acuario\/#primaryimage\",\"url\":\"https:\/\/www.alquera.com\/wp-content\/uploads\/2020\/12\/sulfato-de-potasio-acuario-300x144.jpg\",\"contentUrl\":\"https:\/\/www.alquera.com\/wp-content\/uploads\/2020\/12\/sulfato-de-potasio-acuario-300x144.jpg\"},{\"@type\":\"BreadcrumbList\",\"@id\":\"https:\/\/www.alquera.com\/sulfato-de-potasio\/acuario\/#breadcrumb\",\"itemListElement\":[{\"@type\":\"ListItem\",\"position\":1,\"name\":\"Inicio\",\"item\":\"https:\/\/www.alquera.com\/\"},{\"@type\":\"ListItem\",\"position\":2,\"name\":\"Sulfato de Potasio\",\"item\":\"https:\/\/www.alquera.com\/sulfato-de-potasio\/\"},{\"@type\":\"ListItem\",\"position\":3,\"name\":\"Sulfato Potasico Acuario\"}]},{\"@type\":\"WebSite\",\"@id\":\"https:\/\/www.alquera.com\/en\/#website\",\"url\":\"https:\/\/www.alquera.com\/en\/\",\"name\":\"Alquera.com\",\"description\":\"Tienda Online Productos Qu\u00edmicos y Material de Laboratorio\",\"publisher\":{\"@id\":\"https:\/\/www.alquera.com\/en\/#organization\"},\"potentialAction\":[{\"@type\":\"SearchAction\",\"target\":{\"@type\":\"EntryPoint\",\"urlTemplate\":\"https:\/\/www.alquera.com\/en\/?s={search_term_string}\"},\"query-input\":{\"@type\":\"PropertyValueSpecification\",\"valueRequired\":true,\"valueName\":\"search_term_string\"}}],\"inLanguage\":\"en-GB\"},{\"@type\":\"Organization\",\"@id\":\"https:\/\/www.alquera.com\/en\/#organization\",\"name\":\"ALQUERA CIENCIA SL\",\"url\":\"https:\/\/www.alquera.com\/en\/\",\"logo\":{\"@type\":\"ImageObject\",\"inLanguage\":\"en-GB\",\"@id\":\"https:\/\/www.alquera.com\/en\/#\/schema\/logo\/image\/\",\"url\":\"https:\/\/www.alquera.com\/wp-content\/uploads\/2020\/11\/logo_300_ancho.png\",\"contentUrl\":\"https:\/\/www.alquera.com\/wp-content\/uploads\/2020\/11\/logo_300_ancho.png\",\"width\":300,\"height\":86,\"caption\":\"ALQUERA CIENCIA SL\"},\"image\":{\"@id\":\"https:\/\/www.alquera.com\/en\/#\/schema\/logo\/image\/\"},\"sameAs\":[\"https:\/\/www.facebook.com\/alqueraciencia\",\"https:\/\/www.instagram.com\/alquera_ciencia\/\",\"https:\/\/www.youtube.com\/c\/alquera\"]}]}<\/script>\n<!-- \/ Yoast SEO Premium plugin. -->","yoast_head_json":{"title":"Potassium Sulphate Aquarium - Alquera.com","robots":{"index":"index","follow":"follow","max-snippet":"max-snippet:-1","max-image-preview":"max-image-preview:large","max-video-preview":"max-video-preview:-1"},"canonical":"https:\/\/www.alquera.com\/en\/sulfato-de-potasio\/acuario\/","og_locale":"en_GB","og_type":"article","og_title":"Sulfato Potasico Acuario","og_description":"Si eres un especialista en acuarios, o llevas tiempo manteniendo tu acuario, ya sabr\u00e1s que mantener las plantas verdes es un trabajo adicional a la crianza de los peces. Habr\u00e1s visto que es f\u00e1cil que tus plantas se tornen de un color amarillo o marr\u00f3n. Si llegas a esa situaci\u00f3n es que tus plantas tienen [&hellip;]","og_url":"https:\/\/www.alquera.com\/en\/sulfato-de-potasio\/acuario\/","og_site_name":"Alquera.com","article_publisher":"https:\/\/www.facebook.com\/alqueraciencia","article_modified_time":"2021-09-12T14:15:21+00:00","og_image":[{"url":"https:\/\/www.alquera.com\/wp-content\/uploads\/2020\/12\/sulfato-de-potasio-acuario-300x144.jpg","type":"","width":"","height":""}],"twitter_card":"summary_large_image","twitter_misc":{"Estimated reading time":"3 minutes"},"schema":{"@context":"https:\/\/schema.org","@graph":[{"@type":"WebPage","@id":"https:\/\/www.alquera.com\/sulfato-de-potasio\/acuario\/","url":"https:\/\/www.alquera.com\/sulfato-de-potasio\/acuario\/","name":"Potassium Sulphate Aquarium - Alquera.com","isPartOf":{"@id":"https:\/\/www.alquera.com\/en\/#website"},"primaryImageOfPage":{"@id":"https:\/\/www.alquera.com\/sulfato-de-potasio\/acuario\/#primaryimage"},"image":{"@id":"https:\/\/www.alquera.com\/sulfato-de-potasio\/acuario\/#primaryimage"},"thumbnailUrl":"https:\/\/www.alquera.com\/wp-content\/uploads\/2020\/12\/sulfato-de-potasio-acuario-300x144.jpg","datePublished":"2016-06-30T08:06:56+00:00","dateModified":"2021-09-12T14:15:21+00:00","breadcrumb":{"@id":"https:\/\/www.alquera.com\/sulfato-de-potasio\/acuario\/#breadcrumb"},"inLanguage":"en-GB","potentialAction":[{"@type":"ReadAction","target":["https:\/\/www.alquera.com\/sulfato-de-potasio\/acuario\/"]}]},{"@type":"ImageObject","inLanguage":"en-GB","@id":"https:\/\/www.alquera.com\/sulfato-de-potasio\/acuario\/#primaryimage","url":"https:\/\/www.alquera.com\/wp-content\/uploads\/2020\/12\/sulfato-de-potasio-acuario-300x144.jpg","contentUrl":"https:\/\/www.alquera.com\/wp-content\/uploads\/2020\/12\/sulfato-de-potasio-acuario-300x144.jpg"},{"@type":"BreadcrumbList","@id":"https:\/\/www.alquera.com\/sulfato-de-potasio\/acuario\/#breadcrumb","itemListElement":[{"@type":"ListItem","position":1,"name":"Inicio","item":"https:\/\/www.alquera.com\/"},{"@type":"ListItem","position":2,"name":"Sulfato de Potasio","item":"https:\/\/www.alquera.com\/sulfato-de-potasio\/"},{"@type":"ListItem","position":3,"name":"Sulfato Potasico Acuario"}]},{"@type":"WebSite","@id":"https:\/\/www.alquera.com\/en\/#website","url":"https:\/\/www.alquera.com\/en\/","name":"Alquera.com","description":"Online Shop Chemical Products and Laboratory Equipment","publisher":{"@id":"https:\/\/www.alquera.com\/en\/#organization"},"potentialAction":[{"@type":"SearchAction","target":{"@type":"EntryPoint","urlTemplate":"https:\/\/www.alquera.com\/en\/?s={search_term_string}"},"query-input":{"@type":"PropertyValueSpecification","valueRequired":true,"valueName":"search_term_string"}}],"inLanguage":"en-GB"},{"@type":"Organization","@id":"https:\/\/www.alquera.com\/en\/#organization","name":"ALQUERA CIENCIA SL","url":"https:\/\/www.alquera.com\/en\/","logo":{"@type":"ImageObject","inLanguage":"en-GB","@id":"https:\/\/www.alquera.com\/en\/#\/schema\/logo\/image\/","url":"https:\/\/www.alquera.com\/wp-content\/uploads\/2020\/11\/logo_300_ancho.png","contentUrl":"https:\/\/www.alquera.com\/wp-content\/uploads\/2020\/11\/logo_300_ancho.png","width":300,"height":86,"caption":"ALQUERA CIENCIA SL"},"image":{"@id":"https:\/\/www.alquera.com\/en\/#\/schema\/logo\/image\/"},"sameAs":["https:\/\/www.facebook.com\/alqueraciencia","https:\/\/www.instagram.com\/alquera_ciencia\/","https:\/\/www.youtube.com\/c\/alquera"]}]}},"_links":{"self":[{"href":"https:\/\/www.alquera.com\/en\/wp-json\/wp\/v2\/pages\/7","targetHints":{"allow":["GET"]}}],"collection":[{"href":"https:\/\/www.alquera.com\/en\/wp-json\/wp\/v2\/pages"}],"about":[{"href":"https:\/\/www.alquera.com\/en\/wp-json\/wp\/v2\/types\/page"}],"author":[{"embeddable":true,"href":"https:\/\/www.alquera.com\/en\/wp-json\/wp\/v2\/users\/1"}],"replies":[{"embeddable":true,"href":"https:\/\/www.alquera.com\/en\/wp-json\/wp\/v2\/comments?post=7"}],"version-history":[{"count":11,"href":"https:\/\/www.alquera.com\/en\/wp-json\/wp\/v2\/pages\/7\/revisions"}],"predecessor-version":[{"id":34967,"href":"https:\/\/www.alquera.com\/en\/wp-json\/wp\/v2\/pages\/7\/revisions\/34967"}],"up":[{"embeddable":true,"href":"https:\/\/www.alquera.com\/en\/wp-json\/wp\/v2\/pages\/32591"}],"wp:attachment":[{"href":"https:\/\/www.alquera.com\/en\/wp-json\/wp\/v2\/media?parent=7"}],"curies":[{"name":"wp","href":"https:\/\/api.w.org\/{rel}","templated":true}]}}