{"id":9082,"date":"2020-10-06T11:14:40","date_gmt":"2020-10-06T11:14:40","guid":{"rendered":"http:\/\/localhost\/alquera\/?page_id=9082"},"modified":"2025-01-29T10:22:55","modified_gmt":"2025-01-29T10:22:55","slug":"1-entrega","status":"publish","type":"page","link":"https:\/\/www.alquera.com\/en\/1-entrega\/","title":{"rendered":"Shipping and Returns"},"content":{"rendered":"<h2 class=\"wp-block-heading\" id=\"h-quienes-somos\">WHO ARE WE?<\/h2>\n\n\n\n<p>Alquera Ciencia SL is a distribution and marketing company of chemical products and laboratory equipment. In Alquera we work with the best manufacturers offering high quality at the best prices for each product. Inside each product you will be able to see its technical data sheet with the quality and purity of the product and its applications, and if you have any additional questions do not hesitate to contact us at info@alquera.com.<\/p>\n\n\n\n<h2 class=\"wp-block-heading\" id=\"h-como-se-realiza-la-compra\">HOW DO I MAKE THE PURCHASE?<\/h2>\n\n\n\n<p>The purchase of Alquera products is made through the Web. By default, orders are delivered by TNT-Fedex  When you add a product to the cart and enter the address you will see the associated shipping costs.<\/p>\n\n\n\n<p><\/p>\n\n\n\n<h2 class=\"wp-block-heading\" id=\"h-hay-pedido-minimo\">IS THERE A MINIMUM ORDER?<\/h2>\n\n\n\n<p>There is no minimum order. You can place an order for any product you see advertised on the website. You will see the associated shipping costs in the shopping cart when you place your order.&nbsp;<\/p>\n\n\n\n<h2 class=\"wp-block-heading\" id=\"h-como-se-realiza-el-envio\">HOW IS THE SHIPMENT MADE?<\/h2>\n\n\n\n<p>Orders weighing less than 80Kg are shipped by TNT - Fedex. As soon as your order is being prepared, you will receive an email informing you that it is being prepared and you will receive it within 5-7 days.<\/p>\n\n\n\n<p>If the shipment is over 80Kg, it is palletised and delivery takes place after 4-5 days.&nbsp;<\/p>\n\n\n\n<h2 class=\"wp-block-heading\" id=\"h-cual-es-el-plazo-de-entrega-de-los-productos\">WHAT IS THE DELIVERY TIME OF THE PRODUCTS?<\/h2>\n\n\n\n<p>Alquera products are shipped by courier within 6-7 days, unless another delivery time is indicated in the product description.&nbsp;<\/p>\n\n\n\n<p>If you have any questions you can contact us info@alquera.<\/p>\n\n\n\n<h2 class=\"wp-block-heading\" id=\"h-que-formas-de-pago-se-pueden-usar\">WHAT FORMS OF PAYMENT CAN BE USED?<\/h2>\n\n\n\n<p><strong>BANK TRANSFER<\/strong><\/p>\n\n\n\n<p>At the end of the purchase you can select the bank transfer option. In this case, you will have to make a deposit, for the amount of your order, in the account that Alquera Ciencia SL has at BBVA. You will be given all the details at the end of the order.&nbsp;<\/p>\n\n\n\n<p><strong>Account holder:<\/strong>&nbsp;Alquera Ciencia SL<br><strong>Account details:<\/strong>&nbsp;BBVA Bank Account<br><strong>IBAN:<\/strong>&nbsp;ES76 0182 0192 7702 0163 2437&nbsp;<\/p>\n\n\n\n<p>It is advisable to indicate the order reference on the transfer. To speed up the process, we recommend that you send the transfer receipt to info@alquera.com by e-mail or by any of the following ways&nbsp;<a href=\"https:\/\/www.alquera.com\/en\/contactenos\/\">contact methods<\/a>.&nbsp;&nbsp;<\/p>\n\n\n\n<p><strong>BANK CARD<\/strong><\/p>\n\n\n\n<p>You can order by credit or debit card. We work with Redsys, in an absolutely secure environment and without any bank card details being recorded at any time. For security reasons Redsys operates by sending a message to your mobile phone to confirm the operation. If you have any problems or do not receive the message, you can also pay by credit card through Paypal, even if you do not have a registered Paypal account.<\/p>\n\n\n\n<p><strong>PAYPAL<\/strong><\/p>\n\n\n\n<p>You can also make the payment via PayPal, as usual with this payment method. Additionally, even if you do not have a paypal account, you can make the payment by card through this platform (in case the Redsys gateway gives you an error, for example). To do so, once redirected to paypal you will see that under the button \"create account\" in paypal, there is a button that says \"pay by card\", being able to make the payment by card without having a paypal account, simply by following the steps that are indicated.&nbsp;<\/p>\n\n\n\n<h2 class=\"wp-block-heading\" id=\"h-los-precios-incluyen-iva\">DO PRICES INCLUDE VAT?<\/h2>\n\n\n\n<p>The prices indicated DO include VAT, so they are considered final prices. For shipments to the Canary Islands, once you enter the shipping address, the VAT percentage will be deducted. For shipments to the Canary Islands over 150\u20ac we will have to calculate customs costs.<\/p>\n\n\n\n<h2 class=\"wp-block-heading\" id=\"h-cuales-son-los-gastos-de-envio\">WHAT ARE THE SHIPPING COSTS?<\/h2>\n\n\n\n<p>The shipping costs are already reflected in the invoice of the product, except in the Canary Islands, Ceuta and Melilla, which will have an increase due to customs. In case of a return of goods, authorised by us, the customer will bear the shipping costs.<\/p>\n\n\n\n<p>Shipping costs vary depending on whether the shipment is provincial (Madrid), Peninsular, or Canary Islands. The exact shipping costs will be shown in the shopping cart once you place your order.<\/p>\n\n\n\n<p>For more information on shipments, please see the section on\u00a0<a href=\"https:\/\/www.alquera.com\/en\/1-entrega\/\">shipping and returns<\/a>\u00a0For deliveries abroad, please contact Alquera at info@alquera.com.<\/p>\n\n\n\n<h2 class=\"wp-block-heading\" id=\"h-se-permiten-devoluciones-de-los-productos\">ARE PRODUCT RETURNS ALLOWED?<\/h2>\n\n\n\n<p>Alquera Ciencia SL will accept returns of products provided that notice is given within 10 days of delivery of the order. In the event that the products do not justifiably meet the contracted characteristics, Alquera will bear the return shipping costs. Otherwise, the cost of shipping and return must be borne by the buyer.  For more details you can see the policy of\u00a0<a href=\"https:\/\/www.alquera.com\/en\/1-entrega\/\">shipments and returns<\/a><\/p>\n\n\n\n<h2 class=\"wp-block-heading\" id=\"h-puede-variar-la-presentacion-del-producto-que-recibo\">CAN THE PRESENTATION OF THE PRODUCT I RECEIVE VARY?<\/h2>\n\n\n\n<p>The presentation of the product is NOT always as shown in the photo. We try to be as accurate as possible with the photos, but we do not always have the photo of each format, colour, packaging, etc...<\/p>\n\n\n\n<p>Therefore, we could show a generic photograph to present a product or product line.<\/p>\n\n\n\n<p>Never order based on the picture shown, order based on the name of the product. Remember that in case of doubt you can always contact us.<\/p>","protected":false},"excerpt":{"rendered":"<p>\u00bfQUIENES SOMOS? Alquera Ciencia SL es una empresa de distribuci\u00f3n y comercializaci\u00f3n de productos qu\u00edmicos y material de laboratorio.&nbsp;En Alquera trabajamos con los mejores fabricantes ofreciendo alta calidad al mejor de los precios de cada producto. Dentro de cada producto podr\u00e1s ver su ficha t\u00e9cnica con la calidad y pureza del producto y sus aplicaciones, [&hellip;]<\/p>\n","protected":false},"author":1,"featured_media":0,"parent":0,"menu_order":0,"comment_status":"closed","ping_status":"closed","template":"","meta":{"_acf_changed":false,"site-sidebar-layout":"left-sidebar","site-content-layout":"default","ast-site-content-layout":"default","site-content-style":"default","site-sidebar-style":"default","ast-global-header-display":"","ast-banner-title-visibility":"","ast-main-header-display":"","ast-hfb-above-header-display":"","ast-hfb-below-header-display":"","ast-hfb-mobile-header-display":"","site-post-title":"","ast-breadcrumbs-content":"","ast-featured-img":"","footer-sml-layout":"","ast-disable-related-posts":"","theme-transparent-header-meta":"default","adv-header-id-meta":"","stick-header-meta":"default","header-above-stick-meta":"","header-main-stick-meta":"","header-below-stick-meta":"","astra-migrate-meta-layouts":"set","ast-page-background-enabled":"default","ast-page-background-meta":{"desktop":{"background-color":"var(--ast-global-color-4)","background-image":"","background-repeat":"repeat","background-position":"center center","background-size":"auto","background-attachment":"scroll","background-type":"","background-media":"","overlay-type":"","overlay-color":"","overlay-opacity":"","overlay-gradient":""},"tablet":{"background-color":"","background-image":"","background-repeat":"repeat","background-position":"center center","background-size":"auto","background-attachment":"scroll","background-type":"","background-media":"","overlay-type":"","overlay-color":"","overlay-opacity":"","overlay-gradient":""},"mobile":{"background-color":"","background-image":"","background-repeat":"repeat","background-position":"center center","background-size":"auto","background-attachment":"scroll","background-type":"","background-media":"","overlay-type":"","overlay-color":"","overlay-opacity":"","overlay-gradient":""}},"ast-content-background-meta":{"desktop":{"background-color":"var(--ast-global-color-5)","background-image":"","background-repeat":"repeat","background-position":"center center","background-size":"auto","background-attachment":"scroll","background-type":"","background-media":"","overlay-type":"","overlay-color":"","overlay-opacity":"","overlay-gradient":""},"tablet":{"background-color":"var(--ast-global-color-5)","background-image":"","background-repeat":"repeat","background-position":"center center","background-size":"auto","background-attachment":"scroll","background-type":"","background-media":"","overlay-type":"","overlay-color":"","overlay-opacity":"","overlay-gradient":""},"mobile":{"background-color":"var(--ast-global-color-5)","background-image":"","background-repeat":"repeat","background-position":"center center","background-size":"auto","background-attachment":"scroll","background-type":"","background-media":"","overlay-type":"","overlay-color":"","overlay-opacity":"","overlay-gradient":""}},"footnotes":""},"class_list":["post-9082","page","type-page","status-publish","hentry"],"acf":[],"yoast_head":"<!-- This site is optimized with the Yoast SEO Premium plugin v27.1 (Yoast SEO v27.1.1) - https:\/\/yoast.com\/product\/yoast-seo-premium-wordpress\/ -->\n<title>Env\u00edos y Devoluciones - Alquera.com<\/title>\n<meta name=\"robots\" content=\"index, follow, max-snippet:-1, max-image-preview:large, max-video-preview:-1\" \/>\n<link rel=\"canonical\" href=\"https:\/\/www.alquera.com\/en\/1-entrega\/\" \/>\n<meta property=\"og:locale\" content=\"en_GB\" \/>\n<meta property=\"og:type\" content=\"article\" \/>\n<meta property=\"og:title\" content=\"Env\u00edos y Devoluciones\" \/>\n<meta property=\"og:description\" content=\"\u00bfQUIENES SOMOS? Alquera Ciencia SL es una empresa de distribuci\u00f3n y comercializaci\u00f3n de productos qu\u00edmicos y material de laboratorio.&nbsp;En Alquera trabajamos con los mejores fabricantes ofreciendo alta calidad al mejor de los precios de cada producto. Dentro de cada producto podr\u00e1s ver su ficha t\u00e9cnica con la calidad y pureza del producto y sus aplicaciones, [&hellip;]\" \/>\n<meta property=\"og:url\" content=\"https:\/\/www.alquera.com\/en\/1-entrega\/\" \/>\n<meta property=\"og:site_name\" content=\"Alquera.com\" \/>\n<meta property=\"article:publisher\" content=\"https:\/\/www.facebook.com\/alqueraciencia\" \/>\n<meta property=\"article:modified_time\" content=\"2025-01-29T10:22:55+00:00\" \/>\n<meta name=\"twitter:card\" content=\"summary_large_image\" \/>\n<meta name=\"twitter:label1\" content=\"Estimated reading time\" \/>\n\t<meta name=\"twitter:data1\" content=\"5 minutes\" \/>\n<script type=\"application\/ld+json\" class=\"yoast-schema-graph\">{\"@context\":\"https:\/\/schema.org\",\"@graph\":[{\"@type\":\"WebPage\",\"@id\":\"https:\/\/www.alquera.com\/1-entrega\/\",\"url\":\"https:\/\/www.alquera.com\/1-entrega\/\",\"name\":\"Env\u00edos y Devoluciones - Alquera.com\",\"isPartOf\":{\"@id\":\"https:\/\/www.alquera.com\/en\/#website\"},\"datePublished\":\"2020-10-06T11:14:40+00:00\",\"dateModified\":\"2025-01-29T10:22:55+00:00\",\"breadcrumb\":{\"@id\":\"https:\/\/www.alquera.com\/1-entrega\/#breadcrumb\"},\"inLanguage\":\"en-GB\",\"potentialAction\":[{\"@type\":\"ReadAction\",\"target\":[\"https:\/\/www.alquera.com\/1-entrega\/\"]}]},{\"@type\":\"BreadcrumbList\",\"@id\":\"https:\/\/www.alquera.com\/1-entrega\/#breadcrumb\",\"itemListElement\":[{\"@type\":\"ListItem\",\"position\":1,\"name\":\"Inicio\",\"item\":\"https:\/\/www.alquera.com\/\"},{\"@type\":\"ListItem\",\"position\":2,\"name\":\"Env\u00edos y Devoluciones\"}]},{\"@type\":\"WebSite\",\"@id\":\"https:\/\/www.alquera.com\/en\/#website\",\"url\":\"https:\/\/www.alquera.com\/en\/\",\"name\":\"Alquera.com\",\"description\":\"Tienda Online Productos Qu\u00edmicos y Material de Laboratorio\",\"publisher\":{\"@id\":\"https:\/\/www.alquera.com\/en\/#organization\"},\"potentialAction\":[{\"@type\":\"SearchAction\",\"target\":{\"@type\":\"EntryPoint\",\"urlTemplate\":\"https:\/\/www.alquera.com\/en\/?s={search_term_string}\"},\"query-input\":{\"@type\":\"PropertyValueSpecification\",\"valueRequired\":true,\"valueName\":\"search_term_string\"}}],\"inLanguage\":\"en-GB\"},{\"@type\":\"Organization\",\"@id\":\"https:\/\/www.alquera.com\/en\/#organization\",\"name\":\"ALQUERA CIENCIA SL\",\"url\":\"https:\/\/www.alquera.com\/en\/\",\"logo\":{\"@type\":\"ImageObject\",\"inLanguage\":\"en-GB\",\"@id\":\"https:\/\/www.alquera.com\/en\/#\/schema\/logo\/image\/\",\"url\":\"https:\/\/www.alquera.com\/wp-content\/uploads\/2020\/11\/logo_300_ancho.png\",\"contentUrl\":\"https:\/\/www.alquera.com\/wp-content\/uploads\/2020\/11\/logo_300_ancho.png\",\"width\":300,\"height\":86,\"caption\":\"ALQUERA CIENCIA SL\"},\"image\":{\"@id\":\"https:\/\/www.alquera.com\/en\/#\/schema\/logo\/image\/\"},\"sameAs\":[\"https:\/\/www.facebook.com\/alqueraciencia\",\"https:\/\/www.instagram.com\/alquera_ciencia\/\",\"https:\/\/www.youtube.com\/c\/alquera\"]}]}<\/script>\n<!-- \/ Yoast SEO Premium plugin. -->","yoast_head_json":{"title":"Shipping &amp; Returns - Alquera.com","robots":{"index":"index","follow":"follow","max-snippet":"max-snippet:-1","max-image-preview":"max-image-preview:large","max-video-preview":"max-video-preview:-1"},"canonical":"https:\/\/www.alquera.com\/en\/1-entrega\/","og_locale":"en_GB","og_type":"article","og_title":"Env\u00edos y Devoluciones","og_description":"\u00bfQUIENES SOMOS? Alquera Ciencia SL es una empresa de distribuci\u00f3n y comercializaci\u00f3n de productos qu\u00edmicos y material de laboratorio.&nbsp;En Alquera trabajamos con los mejores fabricantes ofreciendo alta calidad al mejor de los precios de cada producto. Dentro de cada producto podr\u00e1s ver su ficha t\u00e9cnica con la calidad y pureza del producto y sus aplicaciones, [&hellip;]","og_url":"https:\/\/www.alquera.com\/en\/1-entrega\/","og_site_name":"Alquera.com","article_publisher":"https:\/\/www.facebook.com\/alqueraciencia","article_modified_time":"2025-01-29T10:22:55+00:00","twitter_card":"summary_large_image","twitter_misc":{"Estimated reading time":"5 minutes"},"schema":{"@context":"https:\/\/schema.org","@graph":[{"@type":"WebPage","@id":"https:\/\/www.alquera.com\/1-entrega\/","url":"https:\/\/www.alquera.com\/1-entrega\/","name":"Shipping &amp; Returns - Alquera.com","isPartOf":{"@id":"https:\/\/www.alquera.com\/en\/#website"},"datePublished":"2020-10-06T11:14:40+00:00","dateModified":"2025-01-29T10:22:55+00:00","breadcrumb":{"@id":"https:\/\/www.alquera.com\/1-entrega\/#breadcrumb"},"inLanguage":"en-GB","potentialAction":[{"@type":"ReadAction","target":["https:\/\/www.alquera.com\/1-entrega\/"]}]},{"@type":"BreadcrumbList","@id":"https:\/\/www.alquera.com\/1-entrega\/#breadcrumb","itemListElement":[{"@type":"ListItem","position":1,"name":"Inicio","item":"https:\/\/www.alquera.com\/"},{"@type":"ListItem","position":2,"name":"Env\u00edos y Devoluciones"}]},{"@type":"WebSite","@id":"https:\/\/www.alquera.com\/en\/#website","url":"https:\/\/www.alquera.com\/en\/","name":"Alquera.com","description":"Online Shop Chemical Products and Laboratory Equipment","publisher":{"@id":"https:\/\/www.alquera.com\/en\/#organization"},"potentialAction":[{"@type":"SearchAction","target":{"@type":"EntryPoint","urlTemplate":"https:\/\/www.alquera.com\/en\/?s={search_term_string}"},"query-input":{"@type":"PropertyValueSpecification","valueRequired":true,"valueName":"search_term_string"}}],"inLanguage":"en-GB"},{"@type":"Organization","@id":"https:\/\/www.alquera.com\/en\/#organization","name":"ALQUERA CIENCIA SL","url":"https:\/\/www.alquera.com\/en\/","logo":{"@type":"ImageObject","inLanguage":"en-GB","@id":"https:\/\/www.alquera.com\/en\/#\/schema\/logo\/image\/","url":"https:\/\/www.alquera.com\/wp-content\/uploads\/2020\/11\/logo_300_ancho.png","contentUrl":"https:\/\/www.alquera.com\/wp-content\/uploads\/2020\/11\/logo_300_ancho.png","width":300,"height":86,"caption":"ALQUERA CIENCIA SL"},"image":{"@id":"https:\/\/www.alquera.com\/en\/#\/schema\/logo\/image\/"},"sameAs":["https:\/\/www.facebook.com\/alqueraciencia","https:\/\/www.instagram.com\/alquera_ciencia\/","https:\/\/www.youtube.com\/c\/alquera"]}]}},"_links":{"self":[{"href":"https:\/\/www.alquera.com\/en\/wp-json\/wp\/v2\/pages\/9082","targetHints":{"allow":["GET"]}}],"collection":[{"href":"https:\/\/www.alquera.com\/en\/wp-json\/wp\/v2\/pages"}],"about":[{"href":"https:\/\/www.alquera.com\/en\/wp-json\/wp\/v2\/types\/page"}],"author":[{"embeddable":true,"href":"https:\/\/www.alquera.com\/en\/wp-json\/wp\/v2\/users\/1"}],"replies":[{"embeddable":true,"href":"https:\/\/www.alquera.com\/en\/wp-json\/wp\/v2\/comments?post=9082"}],"version-history":[{"count":11,"href":"https:\/\/www.alquera.com\/en\/wp-json\/wp\/v2\/pages\/9082\/revisions"}],"predecessor-version":[{"id":51191,"href":"https:\/\/www.alquera.com\/en\/wp-json\/wp\/v2\/pages\/9082\/revisions\/51191"}],"wp:attachment":[{"href":"https:\/\/www.alquera.com\/en\/wp-json\/wp\/v2\/media?parent=9082"}],"curies":[{"name":"wp","href":"https:\/\/api.w.org\/{rel}","templated":true}]}}