{"id":9341,"date":"2020-10-13T08:48:37","date_gmt":"2020-10-13T08:48:37","guid":{"rendered":"http:\/\/localhost\/alquera\/?page_id=9341"},"modified":"2021-01-11T11:48:13","modified_gmt":"2021-01-11T11:48:13","slug":"quimipedia","status":"publish","type":"page","link":"https:\/\/www.alquera.com\/en\/quimipedia\/","title":{"rendered":"Quimipedia: Uses and Applications Chemical Products"},"content":{"rendered":"<p>Find various uses and applications of different chemical compounds. Many are presented as active ingredients in commercial products, others are part of natural elements. Use the search engine on the left for the applications you are looking for. From cleaning stubborn stains, to experiments with children, to measuring water.<br \/>\n<div class=\"facetwp-sort\"><\/div><div class=\"facetwp-pager\"><\/div><br \/>\n<br \/>\n<div class=\"facetwp-sort\"><\/div><div class=\"facetwp-pager\"><\/div><\/p>","protected":false},"excerpt":{"rendered":"<p>Find various uses and applications of different chemical compounds. Many are presented as active ingredients in commercial products, others are part of natural elements. Use the search engine on the left for the applications you are looking for. From cleaning stubborn stains, to experiments with children, to measuring water.<\/p>","protected":false},"author":1,"featured_media":0,"parent":0,"menu_order":0,"comment_status":"closed","ping_status":"closed","template":"","meta":{"_acf_changed":false,"site-sidebar-layout":"default","site-content-layout":"","ast-site-content-layout":"default","site-content-style":"default","site-sidebar-style":"default","ast-global-header-display":"","ast-banner-title-visibility":"","ast-main-header-display":"","ast-hfb-above-header-display":"","ast-hfb-below-header-display":"","ast-hfb-mobile-header-display":"","site-post-title":"","ast-breadcrumbs-content":"","ast-featured-img":"","footer-sml-layout":"","ast-disable-related-posts":"","theme-transparent-header-meta":"","adv-header-id-meta":"","stick-header-meta":"","header-above-stick-meta":"","header-main-stick-meta":"","header-below-stick-meta":"","astra-migrate-meta-layouts":"default","ast-page-background-enabled":"default","ast-page-background-meta":{"desktop":{"background-color":"var(--ast-global-color-4)","background-image":"","background-repeat":"repeat","background-position":"center center","background-size":"auto","background-attachment":"scroll","background-type":"","background-media":"","overlay-type":"","overlay-color":"","overlay-opacity":"","overlay-gradient":""},"tablet":{"background-color":"","background-image":"","background-repeat":"repeat","background-position":"center center","background-size":"auto","background-attachment":"scroll","background-type":"","background-media":"","overlay-type":"","overlay-color":"","overlay-opacity":"","overlay-gradient":""},"mobile":{"background-color":"","background-image":"","background-repeat":"repeat","background-position":"center center","background-size":"auto","background-attachment":"scroll","background-type":"","background-media":"","overlay-type":"","overlay-color":"","overlay-opacity":"","overlay-gradient":""}},"ast-content-background-meta":{"desktop":{"background-color":"var(--ast-global-color-5)","background-image":"","background-repeat":"repeat","background-position":"center center","background-size":"auto","background-attachment":"scroll","background-type":"","background-media":"","overlay-type":"","overlay-color":"","overlay-opacity":"","overlay-gradient":""},"tablet":{"background-color":"var(--ast-global-color-5)","background-image":"","background-repeat":"repeat","background-position":"center center","background-size":"auto","background-attachment":"scroll","background-type":"","background-media":"","overlay-type":"","overlay-color":"","overlay-opacity":"","overlay-gradient":""},"mobile":{"background-color":"var(--ast-global-color-5)","background-image":"","background-repeat":"repeat","background-position":"center center","background-size":"auto","background-attachment":"scroll","background-type":"","background-media":"","overlay-type":"","overlay-color":"","overlay-opacity":"","overlay-gradient":""}},"footnotes":""},"class_list":["post-9341","page","type-page","status-publish","hentry"],"acf":[],"yoast_head":"<!-- This site is optimized with the Yoast SEO Premium plugin v27.1 (Yoast SEO v27.1.1) - https:\/\/yoast.com\/product\/yoast-seo-premium-wordpress\/ -->\n<title>Quimipedia: Usos y Aplicaciones Productos Qu\u00edmicos - Alquera.com<\/title>\n<meta name=\"robots\" content=\"index, follow, max-snippet:-1, max-image-preview:large, max-video-preview:-1\" \/>\n<link rel=\"canonical\" href=\"https:\/\/www.alquera.com\/en\/quimipedia\/\" \/>\n<meta property=\"og:locale\" content=\"en_GB\" \/>\n<meta property=\"og:type\" content=\"article\" \/>\n<meta property=\"og:title\" content=\"Quimipedia: Usos y Aplicaciones Productos Qu\u00edmicos\" \/>\n<meta property=\"og:description\" content=\"Encuentra diversos usos y aplicaciones de diferentes compuestos qu\u00edmicos. Muchos presentados como principio activo en productos comerciales, otros forman parte de elementos naturales. Utiliza el buscador de la izquierda para las aplicaciones que est\u00e1s buscando. Desde limpieza de manchas dif\u00edciles, experimentos con ni\u00f1os, medici\u00f3n de agua.\" \/>\n<meta property=\"og:url\" content=\"https:\/\/www.alquera.com\/en\/quimipedia\/\" \/>\n<meta property=\"og:site_name\" content=\"Alquera.com\" \/>\n<meta property=\"article:publisher\" content=\"https:\/\/www.facebook.com\/alqueraciencia\" \/>\n<meta property=\"article:modified_time\" content=\"2021-01-11T11:48:13+00:00\" \/>\n<meta name=\"twitter:card\" content=\"summary_large_image\" \/>\n<script type=\"application\/ld+json\" class=\"yoast-schema-graph\">{\"@context\":\"https:\/\/schema.org\",\"@graph\":[{\"@type\":\"WebPage\",\"@id\":\"https:\/\/www.alquera.com\/quimipedia\/\",\"url\":\"https:\/\/www.alquera.com\/quimipedia\/\",\"name\":\"Quimipedia: Usos y Aplicaciones Productos Qu\u00edmicos - Alquera.com\",\"isPartOf\":{\"@id\":\"https:\/\/www.alquera.com\/en\/#website\"},\"datePublished\":\"2020-10-13T08:48:37+00:00\",\"dateModified\":\"2021-01-11T11:48:13+00:00\",\"breadcrumb\":{\"@id\":\"https:\/\/www.alquera.com\/quimipedia\/#breadcrumb\"},\"inLanguage\":\"en-GB\",\"potentialAction\":[{\"@type\":\"ReadAction\",\"target\":[\"https:\/\/www.alquera.com\/quimipedia\/\"]}]},{\"@type\":\"BreadcrumbList\",\"@id\":\"https:\/\/www.alquera.com\/quimipedia\/#breadcrumb\",\"itemListElement\":[{\"@type\":\"ListItem\",\"position\":1,\"name\":\"Inicio\",\"item\":\"https:\/\/www.alquera.com\/\"},{\"@type\":\"ListItem\",\"position\":2,\"name\":\"Quimipedia: Usos y Aplicaciones Productos Qu\u00edmicos\"}]},{\"@type\":\"WebSite\",\"@id\":\"https:\/\/www.alquera.com\/en\/#website\",\"url\":\"https:\/\/www.alquera.com\/en\/\",\"name\":\"Alquera.com\",\"description\":\"Tienda Online Productos Qu\u00edmicos y Material de Laboratorio\",\"publisher\":{\"@id\":\"https:\/\/www.alquera.com\/en\/#organization\"},\"potentialAction\":[{\"@type\":\"SearchAction\",\"target\":{\"@type\":\"EntryPoint\",\"urlTemplate\":\"https:\/\/www.alquera.com\/en\/?s={search_term_string}\"},\"query-input\":{\"@type\":\"PropertyValueSpecification\",\"valueRequired\":true,\"valueName\":\"search_term_string\"}}],\"inLanguage\":\"en-GB\"},{\"@type\":\"Organization\",\"@id\":\"https:\/\/www.alquera.com\/en\/#organization\",\"name\":\"ALQUERA CIENCIA SL\",\"url\":\"https:\/\/www.alquera.com\/en\/\",\"logo\":{\"@type\":\"ImageObject\",\"inLanguage\":\"en-GB\",\"@id\":\"https:\/\/www.alquera.com\/en\/#\/schema\/logo\/image\/\",\"url\":\"https:\/\/www.alquera.com\/wp-content\/uploads\/2020\/11\/logo_300_ancho.png\",\"contentUrl\":\"https:\/\/www.alquera.com\/wp-content\/uploads\/2020\/11\/logo_300_ancho.png\",\"width\":300,\"height\":86,\"caption\":\"ALQUERA CIENCIA SL\"},\"image\":{\"@id\":\"https:\/\/www.alquera.com\/en\/#\/schema\/logo\/image\/\"},\"sameAs\":[\"https:\/\/www.facebook.com\/alqueraciencia\",\"https:\/\/www.instagram.com\/alquera_ciencia\/\",\"https:\/\/www.youtube.com\/c\/alquera\"]}]}<\/script>\n<!-- \/ Yoast SEO Premium plugin. -->","yoast_head_json":{"title":"Quimipedia: Uses and Applications Chemicals - Alquera.com","robots":{"index":"index","follow":"follow","max-snippet":"max-snippet:-1","max-image-preview":"max-image-preview:large","max-video-preview":"max-video-preview:-1"},"canonical":"https:\/\/www.alquera.com\/en\/quimipedia\/","og_locale":"en_GB","og_type":"article","og_title":"Quimipedia: Usos y Aplicaciones Productos Qu\u00edmicos","og_description":"Encuentra diversos usos y aplicaciones de diferentes compuestos qu\u00edmicos. Muchos presentados como principio activo en productos comerciales, otros forman parte de elementos naturales. Utiliza el buscador de la izquierda para las aplicaciones que est\u00e1s buscando. Desde limpieza de manchas dif\u00edciles, experimentos con ni\u00f1os, medici\u00f3n de agua.","og_url":"https:\/\/www.alquera.com\/en\/quimipedia\/","og_site_name":"Alquera.com","article_publisher":"https:\/\/www.facebook.com\/alqueraciencia","article_modified_time":"2021-01-11T11:48:13+00:00","twitter_card":"summary_large_image","schema":{"@context":"https:\/\/schema.org","@graph":[{"@type":"WebPage","@id":"https:\/\/www.alquera.com\/quimipedia\/","url":"https:\/\/www.alquera.com\/quimipedia\/","name":"Quimipedia: Uses and Applications Chemicals - Alquera.com","isPartOf":{"@id":"https:\/\/www.alquera.com\/en\/#website"},"datePublished":"2020-10-13T08:48:37+00:00","dateModified":"2021-01-11T11:48:13+00:00","breadcrumb":{"@id":"https:\/\/www.alquera.com\/quimipedia\/#breadcrumb"},"inLanguage":"en-GB","potentialAction":[{"@type":"ReadAction","target":["https:\/\/www.alquera.com\/quimipedia\/"]}]},{"@type":"BreadcrumbList","@id":"https:\/\/www.alquera.com\/quimipedia\/#breadcrumb","itemListElement":[{"@type":"ListItem","position":1,"name":"Inicio","item":"https:\/\/www.alquera.com\/"},{"@type":"ListItem","position":2,"name":"Quimipedia: Usos y Aplicaciones Productos Qu\u00edmicos"}]},{"@type":"WebSite","@id":"https:\/\/www.alquera.com\/en\/#website","url":"https:\/\/www.alquera.com\/en\/","name":"Alquera.com","description":"Online Shop Chemical Products and Laboratory Equipment","publisher":{"@id":"https:\/\/www.alquera.com\/en\/#organization"},"potentialAction":[{"@type":"SearchAction","target":{"@type":"EntryPoint","urlTemplate":"https:\/\/www.alquera.com\/en\/?s={search_term_string}"},"query-input":{"@type":"PropertyValueSpecification","valueRequired":true,"valueName":"search_term_string"}}],"inLanguage":"en-GB"},{"@type":"Organization","@id":"https:\/\/www.alquera.com\/en\/#organization","name":"ALQUERA CIENCIA SL","url":"https:\/\/www.alquera.com\/en\/","logo":{"@type":"ImageObject","inLanguage":"en-GB","@id":"https:\/\/www.alquera.com\/en\/#\/schema\/logo\/image\/","url":"https:\/\/www.alquera.com\/wp-content\/uploads\/2020\/11\/logo_300_ancho.png","contentUrl":"https:\/\/www.alquera.com\/wp-content\/uploads\/2020\/11\/logo_300_ancho.png","width":300,"height":86,"caption":"ALQUERA CIENCIA SL"},"image":{"@id":"https:\/\/www.alquera.com\/en\/#\/schema\/logo\/image\/"},"sameAs":["https:\/\/www.facebook.com\/alqueraciencia","https:\/\/www.instagram.com\/alquera_ciencia\/","https:\/\/www.youtube.com\/c\/alquera"]}]}},"_links":{"self":[{"href":"https:\/\/www.alquera.com\/en\/wp-json\/wp\/v2\/pages\/9341","targetHints":{"allow":["GET"]}}],"collection":[{"href":"https:\/\/www.alquera.com\/en\/wp-json\/wp\/v2\/pages"}],"about":[{"href":"https:\/\/www.alquera.com\/en\/wp-json\/wp\/v2\/types\/page"}],"author":[{"embeddable":true,"href":"https:\/\/www.alquera.com\/en\/wp-json\/wp\/v2\/users\/1"}],"replies":[{"embeddable":true,"href":"https:\/\/www.alquera.com\/en\/wp-json\/wp\/v2\/comments?post=9341"}],"version-history":[{"count":2,"href":"https:\/\/www.alquera.com\/en\/wp-json\/wp\/v2\/pages\/9341\/revisions"}],"predecessor-version":[{"id":32355,"href":"https:\/\/www.alquera.com\/en\/wp-json\/wp\/v2\/pages\/9341\/revisions\/32355"}],"wp:attachment":[{"href":"https:\/\/www.alquera.com\/en\/wp-json\/wp\/v2\/media?parent=9341"}],"curies":[{"name":"wp","href":"https:\/\/api.w.org\/{rel}","templated":true}]}}