{"id":9369,"date":"2020-10-14T15:40:18","date_gmt":"2020-10-14T15:40:18","guid":{"rendered":"http:\/\/localhost\/alquera\/?page_id=9369"},"modified":"2021-09-12T13:49:37","modified_gmt":"2021-09-12T13:49:37","slug":"potenciador-detergente","status":"publish","type":"page","link":"https:\/\/www.alquera.com\/en\/borax\/potenciador-detergente\/","title":{"rendered":"Borax Booster Detergent"},"content":{"rendered":"<p>The <a href=\"https:\/\/www.alquera.com\/en\/borax\/\">borax<\/a> is a chemical product, which is presented in the form of a white powder, which among some of its characteristics is that it enhances the effect of washing machine detergent. All you need to do is add half a cup of borax as a detergent to your usual washing machine load to achieve the effects described below:<\/p>\n<h2>What is borax<\/h2>\n<p>Borax is a chemical product in the form of a white powder. Its chemical formula is\u00a0<strong>Na2B4O7-10H2O, <\/strong>and can be found naturally in nature.<\/p>\n<h3>Why use Borax as a detergent?<\/h3>\n<p>Borax will boost the power of your detergent. Simply put half a cup of borax along with the clothes in the washing machine and add your regular detergent, and it will boost the washing of the next wash:<\/p>\n<h3>1. Bleach clothes<\/h3>\n<p>When mixed with water, borax has the property of converting part of the water molecules into hydrogen peroxide, which is a great oxidant that allows the removal of very difficult stains such as blood or wine stains. It is applied by adding half a cup of borax to the washing machine load.<\/p>\n<p><img loading=\"lazy\" decoding=\"async\" class=\"size-medium wp-image-32324 aligncenter\" src=\"https:\/\/www.alquera.com\/wp-content\/uploads\/2020\/12\/borax-ropa-blanca-300x156.jpg\" alt=\"borax ropa blanca\" width=\"300\" height=\"156\" srcset=\"https:\/\/www.alquera.com\/wp-content\/uploads\/2020\/12\/borax-ropa-blanca-300x156.jpg 300w, https:\/\/www.alquera.com\/wp-content\/uploads\/2020\/12\/borax-ropa-blanca.jpg 312w\" sizes=\"auto, (max-width: 300px) 100vw, 300px\" \/><\/p>\n<h3><\/h3>\n<h3>2. Powerful anti-stain action of the detergent<\/h3>\n<p>It can also be applied separately directly to the stain. A borax paste is made with water and applied to the stubborn stain.<\/p>\n<p><img loading=\"lazy\" decoding=\"async\" class=\"size-medium wp-image-32330 aligncenter\" src=\"https:\/\/www.alquera.com\/wp-content\/uploads\/2020\/12\/lavadora-300x169.jpg\" alt=\"borax detergente\" width=\"300\" height=\"169\" srcset=\"https:\/\/www.alquera.com\/wp-content\/uploads\/2020\/12\/lavadora-300x169.jpg 300w, https:\/\/www.alquera.com\/wp-content\/uploads\/2020\/12\/lavadora-1024x577.jpg 1024w, https:\/\/www.alquera.com\/wp-content\/uploads\/2020\/12\/lavadora-768x433.jpg 768w, https:\/\/www.alquera.com\/wp-content\/uploads\/2020\/12\/lavadora-600x338.jpg 600w, https:\/\/www.alquera.com\/wp-content\/uploads\/2020\/12\/lavadora-scaled.jpg 800w\" sizes=\"auto, (max-width: 300px) 100vw, 300px\" \/><\/p>\n<h3>3. Maintains the pH of the water at ideal values for cleaning.<\/h3>\n<p>Borax has an alkaline character, while maintaining the pH of the water at around 8. It helps to remove hardness from the water, making it more suitable for washing. Just add half a cup of borax to the normal wash load and add detergent as usual. It combines effect 1 (stain removal through the active oxygen provided by the hydrogen peroxide) with the effect of maintaining an ideal pH for cleaning.<\/p>\n<h3>4. Neutralises odours in the washing machine and laundry.<\/h3>\n<p>Borax is a natural deodorant for both dampness odours in the washing machine (e.g. fungus fungus, which often occurs in damp areas) and strong odours in clothes. It works by eliminating damp fungi as well as strong odours in nappies, or the strong odours of perspiration common in humans.<\/p>\n<h3 class=\"widget-title\">Buy <\/h3><div><div class=\"woocommerce\"><ul class=\"products columns-4\">\n<li class=\"desktop-align-left tablet-align-left mobile-align-left ast-product-gallery-layout-horizontal-slider ast-magnify-disabled ast-product-single-variable ast-product-tabs-layout-horizontal ast-qv-on-image product type-product post-495 status-publish first instock product_cat-productos-experimentos product_cat-productos has-post-thumbnail taxable shipping-taxable purchasable product-type-variable has-default-attributes\">\n\t<a href=\"https:\/\/www.alquera.com\/en\/permanganato-de-potasio\/\" class=\"woocommerce-LoopProduct-link woocommerce-loop-product__link\"><img loading=\"lazy\" decoding=\"async\" width=\"300\" height=\"300\" src=\"https:\/\/www.alquera.com\/wp-content\/uploads\/2016\/01\/permanganato-200g-foto-nueva-300x300.png\" class=\"attachment-woocommerce_thumbnail size-woocommerce_thumbnail\" alt=\"permanganato 200g\" srcset=\"https:\/\/www.alquera.com\/wp-content\/uploads\/2016\/01\/permanganato-200g-foto-nueva-300x300.png 300w, https:\/\/www.alquera.com\/wp-content\/uploads\/2016\/01\/permanganato-200g-foto-nueva-150x150.png 150w, https:\/\/www.alquera.com\/wp-content\/uploads\/2016\/01\/permanganato-200g-foto-nueva-12x12.png 12w, https:\/\/www.alquera.com\/wp-content\/uploads\/2016\/01\/permanganato-200g-foto-nueva-100x100.png 100w\" sizes=\"auto, (max-width: 300px) 100vw, 300px\" \/><h2 class=\"woocommerce-loop-product__title\">Potassium Permanganate<\/h2><div class=\"review-rating\"><div class=\"star-rating\"><span style=\"width:100%\" data-no-translation=\"\" data-trp-gettext=\"\">Rated <strong class=\"rating\">5.00<\/strong> out of 5<\/span><\/div><\/div>\n<\/a><a href=\"https:\/\/www.alquera.com\/en\/permanganato-de-potasio\/\" aria-describedby=\"woocommerce_loop_add_to_cart_link_describedby_495\" data-quantity=\"1\" class=\"button product_type_variable add_to_cart_button\" data-product_id=\"495\" data-product_sku=\"AL100111\" aria-label=\"Select options for \u201cPermanganato de Potasio\u201d\" rel=\"nofollow\" data-no-translation=\"\" data-trp-gettext=\"\" data-no-translation-aria-label=\"\">Select options<\/a>\t<span id=\"woocommerce_loop_add_to_cart_link_describedby_495\" class=\"screen-reader-text\">\n\t\tThis product has multiple variants. The options may be chosen on the product page\t<\/span>\n<\/li>\n<\/ul>\n<\/div><\/div>\n<p class=\"widget-title\">Read more<\/p><a href=\"https:\/\/www.alquera.com\/en\/borax\/\">Borax<\/a>\n<!-- Page-list plugin v.5.9 wordpress.org\/plugins\/page-list\/ -->\n<ul class=\"page-list siblings-page-list\">\n<li class=\"page_item page-item-9383 menu-item\"><a href=\"https:\/\/www.alquera.com\/en\/borax\/insecticida\/\" class=\"menu-link\">Borax as Insecticide<\/a><\/li>\n<li class=\"page_item page-item-9369 menu-item\"><a href=\"https:\/\/www.alquera.com\/en\/borax\/potenciador-detergente\/\" class=\"menu-link\">Borax Booster Detergent<\/a><\/li>\n<li class=\"page_item page-item-9380 menu-item\"><a href=\"https:\/\/www.alquera.com\/en\/borax\/soldar-plata\/\" class=\"menu-link\">Borax Solder Silver<\/a><\/li>\n<li class=\"page_item page-item-9360 menu-item\"><a href=\"https:\/\/www.alquera.com\/en\/borax\/usos-borax\/\" class=\"menu-link\">Uses of Borax<\/a><\/li>\n\n<\/ul>","protected":false},"excerpt":{"rendered":"<p>El borax es un producto qu\u00edmico, que se presenta en forma de polvo blanco, que entre alguna de sus caracter\u00edsticas est\u00e1 la de potenciar el efecto del detergente de lavadora. S\u00f3lo hace falta a\u00f1adir media taza de borax como detergente a la carga de tu lavadora habitual, para conseguir los efectos que te contamos a [&hellip;]<\/p>\n","protected":false},"author":1,"featured_media":0,"parent":32600,"menu_order":0,"comment_status":"open","ping_status":"closed","template":"","meta":{"_acf_changed":false,"site-sidebar-layout":"default","site-content-layout":"","ast-site-content-layout":"default","site-content-style":"default","site-sidebar-style":"default","ast-global-header-display":"","ast-banner-title-visibility":"","ast-main-header-display":"","ast-hfb-above-header-display":"","ast-hfb-below-header-display":"","ast-hfb-mobile-header-display":"","site-post-title":"","ast-breadcrumbs-content":"","ast-featured-img":"","footer-sml-layout":"","ast-disable-related-posts":"","theme-transparent-header-meta":"","adv-header-id-meta":"","stick-header-meta":"","header-above-stick-meta":"","header-main-stick-meta":"","header-below-stick-meta":"","astra-migrate-meta-layouts":"default","ast-page-background-enabled":"default","ast-page-background-meta":{"desktop":{"background-color":"var(--ast-global-color-4)","background-image":"","background-repeat":"repeat","background-position":"center center","background-size":"auto","background-attachment":"scroll","background-type":"","background-media":"","overlay-type":"","overlay-color":"","overlay-opacity":"","overlay-gradient":""},"tablet":{"background-color":"","background-image":"","background-repeat":"repeat","background-position":"center center","background-size":"auto","background-attachment":"scroll","background-type":"","background-media":"","overlay-type":"","overlay-color":"","overlay-opacity":"","overlay-gradient":""},"mobile":{"background-color":"","background-image":"","background-repeat":"repeat","background-position":"center center","background-size":"auto","background-attachment":"scroll","background-type":"","background-media":"","overlay-type":"","overlay-color":"","overlay-opacity":"","overlay-gradient":""}},"ast-content-background-meta":{"desktop":{"background-color":"var(--ast-global-color-5)","background-image":"","background-repeat":"repeat","background-position":"center center","background-size":"auto","background-attachment":"scroll","background-type":"","background-media":"","overlay-type":"","overlay-color":"","overlay-opacity":"","overlay-gradient":""},"tablet":{"background-color":"var(--ast-global-color-5)","background-image":"","background-repeat":"repeat","background-position":"center center","background-size":"auto","background-attachment":"scroll","background-type":"","background-media":"","overlay-type":"","overlay-color":"","overlay-opacity":"","overlay-gradient":""},"mobile":{"background-color":"var(--ast-global-color-5)","background-image":"","background-repeat":"repeat","background-position":"center center","background-size":"auto","background-attachment":"scroll","background-type":"","background-media":"","overlay-type":"","overlay-color":"","overlay-opacity":"","overlay-gradient":""}},"footnotes":""},"class_list":["post-9369","page","type-page","status-publish","hentry"],"acf":[],"yoast_head":"<!-- This site is optimized with the Yoast SEO Premium plugin v27.1 (Yoast SEO v27.1.1) - https:\/\/yoast.com\/product\/yoast-seo-premium-wordpress\/ -->\n<title>Borax Potenciador Detergente - Alquera.com<\/title>\n<meta name=\"robots\" content=\"index, follow, max-snippet:-1, max-image-preview:large, max-video-preview:-1\" \/>\n<link rel=\"canonical\" href=\"https:\/\/www.alquera.com\/en\/borax\/potenciador-detergente\/\" \/>\n<meta property=\"og:locale\" content=\"en_GB\" \/>\n<meta property=\"og:type\" content=\"article\" \/>\n<meta property=\"og:title\" content=\"Borax Potenciador Detergente\" \/>\n<meta property=\"og:description\" content=\"El borax es un producto qu\u00edmico, que se presenta en forma de polvo blanco, que entre alguna de sus caracter\u00edsticas est\u00e1 la de potenciar el efecto del detergente de lavadora. S\u00f3lo hace falta a\u00f1adir media taza de borax como detergente a la carga de tu lavadora habitual, para conseguir los efectos que te contamos a [&hellip;]\" \/>\n<meta property=\"og:url\" content=\"https:\/\/www.alquera.com\/en\/borax\/potenciador-detergente\/\" \/>\n<meta property=\"og:site_name\" content=\"Alquera.com\" \/>\n<meta property=\"article:publisher\" content=\"https:\/\/www.facebook.com\/alqueraciencia\" \/>\n<meta property=\"article:modified_time\" content=\"2021-09-12T13:49:37+00:00\" \/>\n<meta property=\"og:image\" content=\"https:\/\/www.alquera.com\/wp-content\/uploads\/2020\/12\/borax-ropa-blanca-300x156.jpg\" \/>\n<meta name=\"twitter:card\" content=\"summary_large_image\" \/>\n<meta name=\"twitter:label1\" content=\"Estimated reading time\" \/>\n\t<meta name=\"twitter:data1\" content=\"2 minutes\" \/>\n<script type=\"application\/ld+json\" class=\"yoast-schema-graph\">{\"@context\":\"https:\/\/schema.org\",\"@graph\":[{\"@type\":\"WebPage\",\"@id\":\"https:\/\/www.alquera.com\/borax\/potenciador-detergente\/\",\"url\":\"https:\/\/www.alquera.com\/borax\/potenciador-detergente\/\",\"name\":\"Borax Potenciador Detergente - Alquera.com\",\"isPartOf\":{\"@id\":\"https:\/\/www.alquera.com\/en\/#website\"},\"primaryImageOfPage\":{\"@id\":\"https:\/\/www.alquera.com\/borax\/potenciador-detergente\/#primaryimage\"},\"image\":{\"@id\":\"https:\/\/www.alquera.com\/borax\/potenciador-detergente\/#primaryimage\"},\"thumbnailUrl\":\"https:\/\/www.alquera.com\/wp-content\/uploads\/2020\/12\/borax-ropa-blanca-300x156.jpg\",\"datePublished\":\"2020-10-14T15:40:18+00:00\",\"dateModified\":\"2021-09-12T13:49:37+00:00\",\"breadcrumb\":{\"@id\":\"https:\/\/www.alquera.com\/borax\/potenciador-detergente\/#breadcrumb\"},\"inLanguage\":\"en-GB\",\"potentialAction\":[{\"@type\":\"ReadAction\",\"target\":[\"https:\/\/www.alquera.com\/borax\/potenciador-detergente\/\"]}]},{\"@type\":\"ImageObject\",\"inLanguage\":\"en-GB\",\"@id\":\"https:\/\/www.alquera.com\/borax\/potenciador-detergente\/#primaryimage\",\"url\":\"https:\/\/www.alquera.com\/wp-content\/uploads\/2020\/12\/borax-ropa-blanca-300x156.jpg\",\"contentUrl\":\"https:\/\/www.alquera.com\/wp-content\/uploads\/2020\/12\/borax-ropa-blanca-300x156.jpg\"},{\"@type\":\"BreadcrumbList\",\"@id\":\"https:\/\/www.alquera.com\/borax\/potenciador-detergente\/#breadcrumb\",\"itemListElement\":[{\"@type\":\"ListItem\",\"position\":1,\"name\":\"Inicio\",\"item\":\"https:\/\/www.alquera.com\/\"},{\"@type\":\"ListItem\",\"position\":2,\"name\":\"Borax\",\"item\":\"https:\/\/www.alquera.com\/borax\/\"},{\"@type\":\"ListItem\",\"position\":3,\"name\":\"Borax Potenciador Detergente\"}]},{\"@type\":\"WebSite\",\"@id\":\"https:\/\/www.alquera.com\/en\/#website\",\"url\":\"https:\/\/www.alquera.com\/en\/\",\"name\":\"Alquera.com\",\"description\":\"Tienda Online Productos Qu\u00edmicos y Material de Laboratorio\",\"publisher\":{\"@id\":\"https:\/\/www.alquera.com\/en\/#organization\"},\"potentialAction\":[{\"@type\":\"SearchAction\",\"target\":{\"@type\":\"EntryPoint\",\"urlTemplate\":\"https:\/\/www.alquera.com\/en\/?s={search_term_string}\"},\"query-input\":{\"@type\":\"PropertyValueSpecification\",\"valueRequired\":true,\"valueName\":\"search_term_string\"}}],\"inLanguage\":\"en-GB\"},{\"@type\":\"Organization\",\"@id\":\"https:\/\/www.alquera.com\/en\/#organization\",\"name\":\"ALQUERA CIENCIA SL\",\"url\":\"https:\/\/www.alquera.com\/en\/\",\"logo\":{\"@type\":\"ImageObject\",\"inLanguage\":\"en-GB\",\"@id\":\"https:\/\/www.alquera.com\/en\/#\/schema\/logo\/image\/\",\"url\":\"https:\/\/www.alquera.com\/wp-content\/uploads\/2020\/11\/logo_300_ancho.png\",\"contentUrl\":\"https:\/\/www.alquera.com\/wp-content\/uploads\/2020\/11\/logo_300_ancho.png\",\"width\":300,\"height\":86,\"caption\":\"ALQUERA CIENCIA SL\"},\"image\":{\"@id\":\"https:\/\/www.alquera.com\/en\/#\/schema\/logo\/image\/\"},\"sameAs\":[\"https:\/\/www.facebook.com\/alqueraciencia\",\"https:\/\/www.instagram.com\/alquera_ciencia\/\",\"https:\/\/www.youtube.com\/c\/alquera\"]}]}<\/script>\n<!-- \/ Yoast SEO Premium plugin. -->","yoast_head_json":{"title":"Borax Potentiator Detergent - Alquera.com","robots":{"index":"index","follow":"follow","max-snippet":"max-snippet:-1","max-image-preview":"max-image-preview:large","max-video-preview":"max-video-preview:-1"},"canonical":"https:\/\/www.alquera.com\/en\/borax\/potenciador-detergente\/","og_locale":"en_GB","og_type":"article","og_title":"Borax Potenciador Detergente","og_description":"El borax es un producto qu\u00edmico, que se presenta en forma de polvo blanco, que entre alguna de sus caracter\u00edsticas est\u00e1 la de potenciar el efecto del detergente de lavadora. S\u00f3lo hace falta a\u00f1adir media taza de borax como detergente a la carga de tu lavadora habitual, para conseguir los efectos que te contamos a [&hellip;]","og_url":"https:\/\/www.alquera.com\/en\/borax\/potenciador-detergente\/","og_site_name":"Alquera.com","article_publisher":"https:\/\/www.facebook.com\/alqueraciencia","article_modified_time":"2021-09-12T13:49:37+00:00","og_image":[{"url":"https:\/\/www.alquera.com\/wp-content\/uploads\/2020\/12\/borax-ropa-blanca-300x156.jpg","type":"","width":"","height":""}],"twitter_card":"summary_large_image","twitter_misc":{"Estimated reading time":"2 minutes"},"schema":{"@context":"https:\/\/schema.org","@graph":[{"@type":"WebPage","@id":"https:\/\/www.alquera.com\/borax\/potenciador-detergente\/","url":"https:\/\/www.alquera.com\/borax\/potenciador-detergente\/","name":"Borax Potentiator Detergent - Alquera.com","isPartOf":{"@id":"https:\/\/www.alquera.com\/en\/#website"},"primaryImageOfPage":{"@id":"https:\/\/www.alquera.com\/borax\/potenciador-detergente\/#primaryimage"},"image":{"@id":"https:\/\/www.alquera.com\/borax\/potenciador-detergente\/#primaryimage"},"thumbnailUrl":"https:\/\/www.alquera.com\/wp-content\/uploads\/2020\/12\/borax-ropa-blanca-300x156.jpg","datePublished":"2020-10-14T15:40:18+00:00","dateModified":"2021-09-12T13:49:37+00:00","breadcrumb":{"@id":"https:\/\/www.alquera.com\/borax\/potenciador-detergente\/#breadcrumb"},"inLanguage":"en-GB","potentialAction":[{"@type":"ReadAction","target":["https:\/\/www.alquera.com\/borax\/potenciador-detergente\/"]}]},{"@type":"ImageObject","inLanguage":"en-GB","@id":"https:\/\/www.alquera.com\/borax\/potenciador-detergente\/#primaryimage","url":"https:\/\/www.alquera.com\/wp-content\/uploads\/2020\/12\/borax-ropa-blanca-300x156.jpg","contentUrl":"https:\/\/www.alquera.com\/wp-content\/uploads\/2020\/12\/borax-ropa-blanca-300x156.jpg"},{"@type":"BreadcrumbList","@id":"https:\/\/www.alquera.com\/borax\/potenciador-detergente\/#breadcrumb","itemListElement":[{"@type":"ListItem","position":1,"name":"Inicio","item":"https:\/\/www.alquera.com\/"},{"@type":"ListItem","position":2,"name":"Borax","item":"https:\/\/www.alquera.com\/borax\/"},{"@type":"ListItem","position":3,"name":"Borax Potenciador Detergente"}]},{"@type":"WebSite","@id":"https:\/\/www.alquera.com\/en\/#website","url":"https:\/\/www.alquera.com\/en\/","name":"Alquera.com","description":"Online Shop Chemical Products and Laboratory Equipment","publisher":{"@id":"https:\/\/www.alquera.com\/en\/#organization"},"potentialAction":[{"@type":"SearchAction","target":{"@type":"EntryPoint","urlTemplate":"https:\/\/www.alquera.com\/en\/?s={search_term_string}"},"query-input":{"@type":"PropertyValueSpecification","valueRequired":true,"valueName":"search_term_string"}}],"inLanguage":"en-GB"},{"@type":"Organization","@id":"https:\/\/www.alquera.com\/en\/#organization","name":"ALQUERA CIENCIA SL","url":"https:\/\/www.alquera.com\/en\/","logo":{"@type":"ImageObject","inLanguage":"en-GB","@id":"https:\/\/www.alquera.com\/en\/#\/schema\/logo\/image\/","url":"https:\/\/www.alquera.com\/wp-content\/uploads\/2020\/11\/logo_300_ancho.png","contentUrl":"https:\/\/www.alquera.com\/wp-content\/uploads\/2020\/11\/logo_300_ancho.png","width":300,"height":86,"caption":"ALQUERA CIENCIA SL"},"image":{"@id":"https:\/\/www.alquera.com\/en\/#\/schema\/logo\/image\/"},"sameAs":["https:\/\/www.facebook.com\/alqueraciencia","https:\/\/www.instagram.com\/alquera_ciencia\/","https:\/\/www.youtube.com\/c\/alquera"]}]}},"_links":{"self":[{"href":"https:\/\/www.alquera.com\/en\/wp-json\/wp\/v2\/pages\/9369","targetHints":{"allow":["GET"]}}],"collection":[{"href":"https:\/\/www.alquera.com\/en\/wp-json\/wp\/v2\/pages"}],"about":[{"href":"https:\/\/www.alquera.com\/en\/wp-json\/wp\/v2\/types\/page"}],"author":[{"embeddable":true,"href":"https:\/\/www.alquera.com\/en\/wp-json\/wp\/v2\/users\/1"}],"replies":[{"embeddable":true,"href":"https:\/\/www.alquera.com\/en\/wp-json\/wp\/v2\/comments?post=9369"}],"version-history":[{"count":5,"href":"https:\/\/www.alquera.com\/en\/wp-json\/wp\/v2\/pages\/9369\/revisions"}],"predecessor-version":[{"id":33182,"href":"https:\/\/www.alquera.com\/en\/wp-json\/wp\/v2\/pages\/9369\/revisions\/33182"}],"up":[{"embeddable":true,"href":"https:\/\/www.alquera.com\/en\/wp-json\/wp\/v2\/pages\/32600"}],"wp:attachment":[{"href":"https:\/\/www.alquera.com\/en\/wp-json\/wp\/v2\/media?parent=9369"}],"curies":[{"name":"wp","href":"https:\/\/api.w.org\/{rel}","templated":true}]}}