{"id":9422,"date":"2020-10-20T16:31:39","date_gmt":"2020-10-20T16:31:39","guid":{"rendered":"http:\/\/localhost\/alquera\/?page_id=9422"},"modified":"2023-09-18T10:26:40","modified_gmt":"2023-09-18T10:26:40","slug":"termitas","status":"publish","type":"page","link":"https:\/\/www.alquera.com\/en\/acido-borico\/termitas\/","title":{"rendered":"Boric Acid for Termites"},"content":{"rendered":"<p>If you are concerned about the appearance of termites in wood, here we are going to take a look at a\u00a0<strong>remedy to eliminate termites<\/strong>. The remedy is to use<a href=\"https:\/\/www.alquera.com\/en\/acido-borico\/\">\u00a0<strong>boric acid<\/strong><\/a>. Boric acid is a chemical product that comes in white, powdered form, which will help you both with termites and to eliminate cockroaches and ants in the home.<\/p>\n<figure class=\"wp-block-image size-large\"><img loading=\"lazy\" decoding=\"async\" width=\"300\" height=\"182\" class=\"wp-image-10264\" src=\"https:\/\/www.alquera.com\/wp-content\/uploads\/2020\/11\/termitas2-300x182-2.jpg\" alt=\"termitas\" srcset=\"https:\/\/www.alquera.com\/wp-content\/uploads\/2020\/11\/termitas2-300x182-2.jpg 300w, https:\/\/www.alquera.com\/wp-content\/uploads\/2020\/11\/termitas2-300x182-2-64x39.jpg 64w\" sizes=\"auto, (max-width: 300px) 100vw, 300px\" \/><\/figure>\n<h2>What are termites?<\/h2>\n<p>The\u00a0<strong>termites<\/strong>\u00a0are white worm-like insects. They are also known as\u00a0<strong>termes<\/strong>,\u00a0<strong>turiros<\/strong>,\u00a0<strong>termites<\/strong>,\u00a0<strong>moths<\/strong>\u00a0and also as\u00a0<strong>white ants<\/strong>because of their resemblance to ants.  Termites are also insects that agglutinate in colonies. Termites are necessary for nature and the environment as they decompose organic matter, in particular the organic matter of dead plants. The problem with termites is that they enter structures and walls undetected. Termites live by eating the cellulose that is in wood, so one of the favourite places to find termites is in wood.<\/p>\n<p>Termites form nests and have a high reproductive capacity, therefore termites are in danger of creating a plague. At that moment termites are a problem, as they invade our space.<\/p>\n<p>Unlike woodworm, termites make a small, grain-like hole in the wood with no exit on the other side. They also do not make any noise.<\/p>\n<h2>How to prepare boric acid to eliminate termites<\/h2>\n<p>Boric acid is a chemical that comes in the form of a white powder, either fine-grained or coarser grained. Termites are killed by the ingestion of boric acid. Therefore, if you have termites located in a certain area or an enclosed space,\u00a0<strong>sprinkle boric acid<\/strong>\u00a0by the area where the termites are.<\/p>\n<figure class=\"wp-block-image size-large\"><img loading=\"lazy\" decoding=\"async\" width=\"300\" height=\"200\" class=\"wp-image-10265\" src=\"https:\/\/www.alquera.com\/wp-content\/uploads\/2020\/11\/termitas-300x200-2.jpg\" alt=\"\u00e1cido b\u00f3rico termitas\" srcset=\"https:\/\/www.alquera.com\/wp-content\/uploads\/2020\/11\/termitas-300x200-2.jpg 300w, https:\/\/www.alquera.com\/wp-content\/uploads\/2020\/11\/termitas-300x200-2-64x43.jpg 64w\" sizes=\"auto, (max-width: 300px) 100vw, 300px\" \/><\/figure>\n<p>If termites are distributed throughout the wood, apply boric acid to the wood in the following steps:<\/p>\n<ol>\n<li>Prepare a solution of boric acid and propylene glycol. Propylene glycol is a liquid that can be found in pool shops or drugstores. The ratio of propylene glycol to boric acid to be applied is 1:1 to 8:1.<\/li>\n<li>With the help of a brush or a vaporiser, apply the solution you have prepared. Apply the solution to the whole area affected by termites and also to nearby areas. It is necessary that the solution goes through the wood and reaches the termites, it must be applied deeply and wetting well all the surface where there may be termites.<\/li>\n<li>Let the solution act and you will see how in a few hours the dreaded termites will disappear.<\/li>\n<\/ol>\n<p>Once the boric acid has been removed, dry the wood thoroughly and varnish it to protect the wood from future termite attacks and infestations.<\/p>\n<p class=\"widget-title\">Read more<\/p><a href=\"https:\/\/www.alquera.com\/en\/acido-borico\/\">Boric acid<\/a>\n<!-- Page-list plugin v.5.9 wordpress.org\/plugins\/page-list\/ -->\n<ul class=\"page-list siblings-page-list\">\n<li class=\"page_item page-item-9420 menu-item\"><a href=\"https:\/\/www.alquera.com\/en\/acido-borico\/cucarachas\/\" class=\"menu-link\">Boric Acid for Cockroaches<\/a><\/li>\n<li class=\"page_item page-item-9422 menu-item\"><a href=\"https:\/\/www.alquera.com\/en\/acido-borico\/termitas\/\" class=\"menu-link\">Boric Acid for Termites<\/a><\/li>\n<li class=\"page_item page-item-9391 menu-item\"><a href=\"https:\/\/www.alquera.com\/en\/acido-borico\/usos-acido-borico\/\" class=\"menu-link\">Uses Boric Acid<\/a><\/li>\n\n<\/ul>","protected":false},"excerpt":{"rendered":"<p>Si est\u00e1s preocupado con la aparici\u00f3n de termitas en la madera aqu\u00ed vamos a ver un\u00a0remedio para eliminar las termitas. El remedio es utilizando\u00a0\u00e1cido b\u00f3rico. El \u00e1cido b\u00f3rico es un producto qu\u00edmico que se presenta en color blanco, en polvo, que te va a ayudar tanto con las termitas, como a\u00a0eliminar cucarachas\u00a0y hormigas en el [&hellip;]<\/p>\n","protected":false},"author":1,"featured_media":0,"parent":32598,"menu_order":0,"comment_status":"open","ping_status":"closed","template":"","meta":{"_acf_changed":false,"site-sidebar-layout":"default","site-content-layout":"default","ast-site-content-layout":"default","site-content-style":"default","site-sidebar-style":"default","ast-global-header-display":"","ast-banner-title-visibility":"","ast-main-header-display":"","ast-hfb-above-header-display":"","ast-hfb-below-header-display":"","ast-hfb-mobile-header-display":"","site-post-title":"","ast-breadcrumbs-content":"","ast-featured-img":"","footer-sml-layout":"","ast-disable-related-posts":"","theme-transparent-header-meta":"default","adv-header-id-meta":"","stick-header-meta":"default","header-above-stick-meta":"","header-main-stick-meta":"","header-below-stick-meta":"","astra-migrate-meta-layouts":"default","ast-page-background-enabled":"default","ast-page-background-meta":{"desktop":{"background-color":"var(--ast-global-color-4)","background-image":"","background-repeat":"repeat","background-position":"center center","background-size":"auto","background-attachment":"scroll","background-type":"","background-media":"","overlay-type":"","overlay-color":"","overlay-opacity":"","overlay-gradient":""},"tablet":{"background-color":"","background-image":"","background-repeat":"repeat","background-position":"center center","background-size":"auto","background-attachment":"scroll","background-type":"","background-media":"","overlay-type":"","overlay-color":"","overlay-opacity":"","overlay-gradient":""},"mobile":{"background-color":"","background-image":"","background-repeat":"repeat","background-position":"center center","background-size":"auto","background-attachment":"scroll","background-type":"","background-media":"","overlay-type":"","overlay-color":"","overlay-opacity":"","overlay-gradient":""}},"ast-content-background-meta":{"desktop":{"background-color":"var(--ast-global-color-5)","background-image":"","background-repeat":"repeat","background-position":"center center","background-size":"auto","background-attachment":"scroll","background-type":"","background-media":"","overlay-type":"","overlay-color":"","overlay-opacity":"","overlay-gradient":""},"tablet":{"background-color":"var(--ast-global-color-5)","background-image":"","background-repeat":"repeat","background-position":"center center","background-size":"auto","background-attachment":"scroll","background-type":"","background-media":"","overlay-type":"","overlay-color":"","overlay-opacity":"","overlay-gradient":""},"mobile":{"background-color":"var(--ast-global-color-5)","background-image":"","background-repeat":"repeat","background-position":"center center","background-size":"auto","background-attachment":"scroll","background-type":"","background-media":"","overlay-type":"","overlay-color":"","overlay-opacity":"","overlay-gradient":""}},"footnotes":""},"class_list":["post-9422","page","type-page","status-publish","hentry"],"acf":[],"yoast_head":"<!-- This site is optimized with the Yoast SEO Premium plugin v27.1 (Yoast SEO v27.1.1) - https:\/\/yoast.com\/product\/yoast-seo-premium-wordpress\/ -->\n<title>\u00c1cido B\u00f3rico para Termitas - Alquera.com<\/title>\n<meta name=\"description\" content=\"El \u00e1cido b\u00f3rico es un compuesto qu\u00edmico que funciona muy bien para la eliminaci\u00f3n de las temidas termitas en la madera. Ver c\u00f3mo funciona.\" \/>\n<meta name=\"robots\" content=\"index, follow, max-snippet:-1, max-image-preview:large, max-video-preview:-1\" \/>\n<link rel=\"canonical\" href=\"https:\/\/www.alquera.com\/en\/acido-borico\/termitas\/\" \/>\n<meta property=\"og:locale\" content=\"en_GB\" \/>\n<meta property=\"og:type\" content=\"article\" \/>\n<meta property=\"og:title\" content=\"\u00c1cido B\u00f3rico para Termitas\" \/>\n<meta property=\"og:description\" content=\"El \u00e1cido b\u00f3rico es un compuesto qu\u00edmico que funciona muy bien para la eliminaci\u00f3n de las temidas termitas en la madera. Ver c\u00f3mo funciona.\" \/>\n<meta property=\"og:url\" content=\"https:\/\/www.alquera.com\/en\/acido-borico\/termitas\/\" \/>\n<meta property=\"og:site_name\" content=\"Alquera.com\" \/>\n<meta property=\"article:publisher\" content=\"https:\/\/www.facebook.com\/alqueraciencia\" \/>\n<meta property=\"article:modified_time\" content=\"2023-09-18T10:26:40+00:00\" \/>\n<meta property=\"og:image\" content=\"https:\/\/www.alquera.com\/wp-content\/uploads\/2020\/11\/termitas2-300x182-2.jpg\" \/>\n<meta name=\"twitter:card\" content=\"summary_large_image\" \/>\n<meta name=\"twitter:label1\" content=\"Estimated reading time\" \/>\n\t<meta name=\"twitter:data1\" content=\"3 minutes\" \/>\n<script type=\"application\/ld+json\" class=\"yoast-schema-graph\">{\"@context\":\"https:\/\/schema.org\",\"@graph\":[{\"@type\":\"WebPage\",\"@id\":\"https:\/\/www.alquera.com\/acido-borico\/termitas\/\",\"url\":\"https:\/\/www.alquera.com\/acido-borico\/termitas\/\",\"name\":\"\u00c1cido B\u00f3rico para Termitas - Alquera.com\",\"isPartOf\":{\"@id\":\"https:\/\/www.alquera.com\/en\/#website\"},\"primaryImageOfPage\":{\"@id\":\"https:\/\/www.alquera.com\/acido-borico\/termitas\/#primaryimage\"},\"image\":{\"@id\":\"https:\/\/www.alquera.com\/acido-borico\/termitas\/#primaryimage\"},\"thumbnailUrl\":\"https:\/\/www.alquera.com\/wp-content\/uploads\/2020\/11\/termitas2-300x182-2.jpg\",\"datePublished\":\"2020-10-20T16:31:39+00:00\",\"dateModified\":\"2023-09-18T10:26:40+00:00\",\"description\":\"El \u00e1cido b\u00f3rico es un compuesto qu\u00edmico que funciona muy bien para la eliminaci\u00f3n de las temidas termitas en la madera. Ver c\u00f3mo funciona.\",\"breadcrumb\":{\"@id\":\"https:\/\/www.alquera.com\/acido-borico\/termitas\/#breadcrumb\"},\"inLanguage\":\"en-GB\",\"potentialAction\":[{\"@type\":\"ReadAction\",\"target\":[\"https:\/\/www.alquera.com\/acido-borico\/termitas\/\"]}]},{\"@type\":\"ImageObject\",\"inLanguage\":\"en-GB\",\"@id\":\"https:\/\/www.alquera.com\/acido-borico\/termitas\/#primaryimage\",\"url\":\"https:\/\/www.alquera.com\/wp-content\/uploads\/2020\/11\/termitas2-300x182-2.jpg\",\"contentUrl\":\"https:\/\/www.alquera.com\/wp-content\/uploads\/2020\/11\/termitas2-300x182-2.jpg\"},{\"@type\":\"BreadcrumbList\",\"@id\":\"https:\/\/www.alquera.com\/acido-borico\/termitas\/#breadcrumb\",\"itemListElement\":[{\"@type\":\"ListItem\",\"position\":1,\"name\":\"Inicio\",\"item\":\"https:\/\/www.alquera.com\/\"},{\"@type\":\"ListItem\",\"position\":2,\"name\":\"Acido Borico\",\"item\":\"https:\/\/www.alquera.com\/acido-borico\/\"},{\"@type\":\"ListItem\",\"position\":3,\"name\":\"\u00c1cido B\u00f3rico para Termitas\"}]},{\"@type\":\"WebSite\",\"@id\":\"https:\/\/www.alquera.com\/en\/#website\",\"url\":\"https:\/\/www.alquera.com\/en\/\",\"name\":\"Alquera.com\",\"description\":\"Tienda Online Productos Qu\u00edmicos y Material de Laboratorio\",\"publisher\":{\"@id\":\"https:\/\/www.alquera.com\/en\/#organization\"},\"potentialAction\":[{\"@type\":\"SearchAction\",\"target\":{\"@type\":\"EntryPoint\",\"urlTemplate\":\"https:\/\/www.alquera.com\/en\/?s={search_term_string}\"},\"query-input\":{\"@type\":\"PropertyValueSpecification\",\"valueRequired\":true,\"valueName\":\"search_term_string\"}}],\"inLanguage\":\"en-GB\"},{\"@type\":\"Organization\",\"@id\":\"https:\/\/www.alquera.com\/en\/#organization\",\"name\":\"ALQUERA CIENCIA SL\",\"url\":\"https:\/\/www.alquera.com\/en\/\",\"logo\":{\"@type\":\"ImageObject\",\"inLanguage\":\"en-GB\",\"@id\":\"https:\/\/www.alquera.com\/en\/#\/schema\/logo\/image\/\",\"url\":\"https:\/\/www.alquera.com\/wp-content\/uploads\/2020\/11\/logo_300_ancho.png\",\"contentUrl\":\"https:\/\/www.alquera.com\/wp-content\/uploads\/2020\/11\/logo_300_ancho.png\",\"width\":300,\"height\":86,\"caption\":\"ALQUERA CIENCIA SL\"},\"image\":{\"@id\":\"https:\/\/www.alquera.com\/en\/#\/schema\/logo\/image\/\"},\"sameAs\":[\"https:\/\/www.facebook.com\/alqueraciencia\",\"https:\/\/www.instagram.com\/alquera_ciencia\/\",\"https:\/\/www.youtube.com\/c\/alquera\"]}]}<\/script>\n<!-- \/ Yoast SEO Premium plugin. -->","yoast_head_json":{"title":"Boric Acid for Termites - Alquera.com","description":"Boric acid is a chemical compound that works very well for the elimination of the dreaded termites in wood. See how it works.","robots":{"index":"index","follow":"follow","max-snippet":"max-snippet:-1","max-image-preview":"max-image-preview:large","max-video-preview":"max-video-preview:-1"},"canonical":"https:\/\/www.alquera.com\/en\/acido-borico\/termitas\/","og_locale":"en_GB","og_type":"article","og_title":"\u00c1cido B\u00f3rico para Termitas","og_description":"El \u00e1cido b\u00f3rico es un compuesto qu\u00edmico que funciona muy bien para la eliminaci\u00f3n de las temidas termitas en la madera. Ver c\u00f3mo funciona.","og_url":"https:\/\/www.alquera.com\/en\/acido-borico\/termitas\/","og_site_name":"Alquera.com","article_publisher":"https:\/\/www.facebook.com\/alqueraciencia","article_modified_time":"2023-09-18T10:26:40+00:00","og_image":[{"url":"https:\/\/www.alquera.com\/wp-content\/uploads\/2020\/11\/termitas2-300x182-2.jpg","type":"","width":"","height":""}],"twitter_card":"summary_large_image","twitter_misc":{"Estimated reading time":"3 minutes"},"schema":{"@context":"https:\/\/schema.org","@graph":[{"@type":"WebPage","@id":"https:\/\/www.alquera.com\/acido-borico\/termitas\/","url":"https:\/\/www.alquera.com\/acido-borico\/termitas\/","name":"Boric Acid for Termites - Alquera.com","isPartOf":{"@id":"https:\/\/www.alquera.com\/en\/#website"},"primaryImageOfPage":{"@id":"https:\/\/www.alquera.com\/acido-borico\/termitas\/#primaryimage"},"image":{"@id":"https:\/\/www.alquera.com\/acido-borico\/termitas\/#primaryimage"},"thumbnailUrl":"https:\/\/www.alquera.com\/wp-content\/uploads\/2020\/11\/termitas2-300x182-2.jpg","datePublished":"2020-10-20T16:31:39+00:00","dateModified":"2023-09-18T10:26:40+00:00","description":"Boric acid is a chemical compound that works very well for the elimination of the dreaded termites in wood. See how it works.","breadcrumb":{"@id":"https:\/\/www.alquera.com\/acido-borico\/termitas\/#breadcrumb"},"inLanguage":"en-GB","potentialAction":[{"@type":"ReadAction","target":["https:\/\/www.alquera.com\/acido-borico\/termitas\/"]}]},{"@type":"ImageObject","inLanguage":"en-GB","@id":"https:\/\/www.alquera.com\/acido-borico\/termitas\/#primaryimage","url":"https:\/\/www.alquera.com\/wp-content\/uploads\/2020\/11\/termitas2-300x182-2.jpg","contentUrl":"https:\/\/www.alquera.com\/wp-content\/uploads\/2020\/11\/termitas2-300x182-2.jpg"},{"@type":"BreadcrumbList","@id":"https:\/\/www.alquera.com\/acido-borico\/termitas\/#breadcrumb","itemListElement":[{"@type":"ListItem","position":1,"name":"Inicio","item":"https:\/\/www.alquera.com\/"},{"@type":"ListItem","position":2,"name":"Acido Borico","item":"https:\/\/www.alquera.com\/acido-borico\/"},{"@type":"ListItem","position":3,"name":"\u00c1cido B\u00f3rico para Termitas"}]},{"@type":"WebSite","@id":"https:\/\/www.alquera.com\/en\/#website","url":"https:\/\/www.alquera.com\/en\/","name":"Alquera.com","description":"Online Shop Chemical Products and Laboratory Equipment","publisher":{"@id":"https:\/\/www.alquera.com\/en\/#organization"},"potentialAction":[{"@type":"SearchAction","target":{"@type":"EntryPoint","urlTemplate":"https:\/\/www.alquera.com\/en\/?s={search_term_string}"},"query-input":{"@type":"PropertyValueSpecification","valueRequired":true,"valueName":"search_term_string"}}],"inLanguage":"en-GB"},{"@type":"Organization","@id":"https:\/\/www.alquera.com\/en\/#organization","name":"ALQUERA CIENCIA SL","url":"https:\/\/www.alquera.com\/en\/","logo":{"@type":"ImageObject","inLanguage":"en-GB","@id":"https:\/\/www.alquera.com\/en\/#\/schema\/logo\/image\/","url":"https:\/\/www.alquera.com\/wp-content\/uploads\/2020\/11\/logo_300_ancho.png","contentUrl":"https:\/\/www.alquera.com\/wp-content\/uploads\/2020\/11\/logo_300_ancho.png","width":300,"height":86,"caption":"ALQUERA CIENCIA SL"},"image":{"@id":"https:\/\/www.alquera.com\/en\/#\/schema\/logo\/image\/"},"sameAs":["https:\/\/www.facebook.com\/alqueraciencia","https:\/\/www.instagram.com\/alquera_ciencia\/","https:\/\/www.youtube.com\/c\/alquera"]}]}},"_links":{"self":[{"href":"https:\/\/www.alquera.com\/en\/wp-json\/wp\/v2\/pages\/9422","targetHints":{"allow":["GET"]}}],"collection":[{"href":"https:\/\/www.alquera.com\/en\/wp-json\/wp\/v2\/pages"}],"about":[{"href":"https:\/\/www.alquera.com\/en\/wp-json\/wp\/v2\/types\/page"}],"author":[{"embeddable":true,"href":"https:\/\/www.alquera.com\/en\/wp-json\/wp\/v2\/users\/1"}],"replies":[{"embeddable":true,"href":"https:\/\/www.alquera.com\/en\/wp-json\/wp\/v2\/comments?post=9422"}],"version-history":[{"count":8,"href":"https:\/\/www.alquera.com\/en\/wp-json\/wp\/v2\/pages\/9422\/revisions"}],"predecessor-version":[{"id":44261,"href":"https:\/\/www.alquera.com\/en\/wp-json\/wp\/v2\/pages\/9422\/revisions\/44261"}],"up":[{"embeddable":true,"href":"https:\/\/www.alquera.com\/en\/wp-json\/wp\/v2\/pages\/32598"}],"wp:attachment":[{"href":"https:\/\/www.alquera.com\/en\/wp-json\/wp\/v2\/media?parent=9422"}],"curies":[{"name":"wp","href":"https:\/\/api.w.org\/{rel}","templated":true}]}}