{"id":9424,"date":"2020-10-20T16:45:35","date_gmt":"2020-10-20T16:45:35","guid":{"rendered":"http:\/\/localhost\/alquera\/?page_id=9424"},"modified":"2021-09-12T13:53:20","modified_gmt":"2021-09-12T13:53:20","slug":"usos-fluoresceina-sodica","status":"publish","type":"page","link":"https:\/\/www.alquera.com\/en\/fluoresceina-sodica\/usos-fluoresceina-sodica\/","title":{"rendered":"Uses of Fluorescein Sodium"},"content":{"rendered":"<p>The <a href=\"https:\/\/www.alquera.com\/en\/fluoresceina-sodica\/\">fluorescein sodium<\/a> or sodium fluorescein is an organic dye substance that produces a fluorescent light when irradiated with ultraviolet light.<\/p>\r\n\r\n\r\n\r\n<p>The\u00a0<a href=\"https:\/\/www.alquera.com\/en\/fluoresceina-sodica\/fluorescencia\/\">fluorescence<\/a>\u00a0is the phenomenon whereby certain substances absorb ultraviolet light and subsequently emit it immediately, i.e. as soon as the energy (in the form of light) is no longer radiated, they cease to emit.<\/p>\r\n\r\n\r\n\r\n<p>Fluorescein itself is an insoluble salt, made soluble in water by the sodium salt added to its composition. It is a reddish powder, which must be handled with great care, as a few specks of powder can turn a large surface (provided it is moistened) into fluorescent.<\/p>\r\n\r\n\r\n\r\n<figure class=\"wp-block-image size-medium is-resized\"><img loading=\"lazy\" decoding=\"async\" class=\"size-medium wp-image-32311 aligncenter\" src=\"https:\/\/www.alquera.com\/wp-content\/uploads\/2020\/12\/fluoresceina-sodica-2-300x273.jpg\" alt=\"\" width=\"300\" height=\"273\" srcset=\"https:\/\/www.alquera.com\/wp-content\/uploads\/2020\/12\/fluoresceina-sodica-2-300x273.jpg 300w, https:\/\/www.alquera.com\/wp-content\/uploads\/2020\/12\/fluoresceina-sodica-2-1024x931.jpg 1024w, https:\/\/www.alquera.com\/wp-content\/uploads\/2020\/12\/fluoresceina-sodica-2-768x698.jpg 768w, https:\/\/www.alquera.com\/wp-content\/uploads\/2020\/12\/fluoresceina-sodica-2-1536x1397.jpg 1536w, https:\/\/www.alquera.com\/wp-content\/uploads\/2020\/12\/fluoresceina-sodica-2-600x546.jpg 600w, https:\/\/www.alquera.com\/wp-content\/uploads\/2020\/12\/fluoresceina-sodica-2-scaled.jpg 800w\" sizes=\"auto, (max-width: 300px) 100vw, 300px\" \/><\/figure>\r\n\r\n\r\n\r\n<p>&nbsp;<\/p>\r\n\r\n\r\n\r\n\r\n\r\n<h2 class=\"wp-block-heading\">Uses Fluorescein Sodium<\/h2>\r\n\r\n\r\n\r\n<p>Sodium fluorescein has a multitude of uses. The uses are:<\/p>\r\n\r\n\r\n\r\n<p><strong>Ophthalmology:<\/strong>\u00a0In ophthalmology, sodium fluorescein is used to detect vascular abnormalities of the fundus and iris of the eye. It is administered by injection and the dye takes a few seconds to appear in the choroidal and retinal vessels. It can also be administered orally or topically.<\/p>\r\n\r\n\r\n\r\n<p><strong>Hydrology:<\/strong>\u00a0Due to its high detection capacity and low absorption, sodium fluorescein is used for hydrological studies. For example, tracing underground currents, checking hydraulic connections, measuring hydraulic flow rates, watertightness, etc... Fluorescein is increasingly in demand due to the growing demand for hydrological surveys that require the use of artificial tracers.<\/p>\r\n\r\n\r\n\r\n<p><strong>Leak Detection:\u00a0<\/strong>Due to its fluorescent emission, sodium fluorescein also has applications in leak detection. Mainly in the cases of:  Water reservoirs, Air and gas circuits, Domestic plumbing, Roofs and attics.<\/p>\r\n\r\n\r\n\r\n<p><strong>Fluorescence experiments:<\/strong>\u00a0You can perform fluorescence experiments with sodium fluorescein powder.  Make fluorescent liquid<\/p>\r\n\r\n\r\n\r\n<h2 class=\"wp-block-heading\">Fluorescence<\/h2>\r\n\r\n\r\n\r\n<p>Sodium fluorescein fluoresces when irradiated with ultraviolet light. It is soluble in water thanks to the sodium, and because it has phenolic groups and carboxylic acids in its structure, it dissolves better in slightly basic media. The highest light emission at pH around 8 emission wavelengths near 550 nm. Read more about fluorescence<\/p>\r\n\r\n\r\n\r\n\r\n\r\n<figure class=\"wp-block-image size-medium is-resized\"><img loading=\"lazy\" decoding=\"async\" class=\"size-medium wp-image-32314 aligncenter\" src=\"https:\/\/www.alquera.com\/wp-content\/uploads\/2020\/12\/fluorescencia5-1-300x168.png\" alt=\"liquido fluorescente\" width=\"300\" height=\"168\" srcset=\"https:\/\/www.alquera.com\/wp-content\/uploads\/2020\/12\/fluorescencia5-1-300x168.png 300w, https:\/\/www.alquera.com\/wp-content\/uploads\/2020\/12\/fluorescencia5-1.png 506w\" sizes=\"auto, (max-width: 300px) 100vw, 300px\" \/><\/figure>\r\n\r\n\r\n\r\n<h2 class=\"wp-block-heading\">Toxicity<\/h2>\r\n\r\n\r\n\r\n<p>Inhalation : Make sure you breathe fresh air. Rest.<\/p>\r\n\r\n\r\n\r\n<p>Skin contact : Remove affected clothing and wash all skin exposed to the product with mild soap and water, then rinse with warm water.<\/p>\r\n\r\n\r\n\r\n<p>Eye contact : Rinse immediately with plenty of water. Get medical attention if pain or irritation persists.<\/p>\r\n\r\n\r\n\r\n<p>Ingestion : Rinse mouth. DO NOT induce vomiting. Get emergency medical attention.<\/p>\r\n\r\n\r\n\r\n\r\n\r\n<h3 class=\"widget-title\">Buy <\/h3><div><div class=\"woocommerce\"><ul class=\"products columns-4\">\n<li class=\"desktop-align-left tablet-align-left mobile-align-left ast-product-gallery-layout-horizontal-slider ast-magnify-disabled ast-product-single-variable ast-product-tabs-layout-horizontal ast-qv-on-image product type-product post-495 status-publish first instock product_cat-productos-experimentos product_cat-productos has-post-thumbnail taxable shipping-taxable purchasable product-type-variable has-default-attributes\">\n\t<a href=\"https:\/\/www.alquera.com\/en\/permanganato-de-potasio\/\" class=\"woocommerce-LoopProduct-link woocommerce-loop-product__link\"><img loading=\"lazy\" decoding=\"async\" width=\"300\" height=\"300\" src=\"https:\/\/www.alquera.com\/wp-content\/uploads\/2016\/01\/permanganato-200g-foto-nueva-300x300.png\" class=\"attachment-woocommerce_thumbnail size-woocommerce_thumbnail\" alt=\"permanganato 200g\" srcset=\"https:\/\/www.alquera.com\/wp-content\/uploads\/2016\/01\/permanganato-200g-foto-nueva-300x300.png 300w, https:\/\/www.alquera.com\/wp-content\/uploads\/2016\/01\/permanganato-200g-foto-nueva-150x150.png 150w, https:\/\/www.alquera.com\/wp-content\/uploads\/2016\/01\/permanganato-200g-foto-nueva-12x12.png 12w, https:\/\/www.alquera.com\/wp-content\/uploads\/2016\/01\/permanganato-200g-foto-nueva-100x100.png 100w\" sizes=\"auto, (max-width: 300px) 100vw, 300px\" \/><h2 class=\"woocommerce-loop-product__title\">Potassium Permanganate<\/h2><div class=\"review-rating\"><div class=\"star-rating\"><span style=\"width:100%\" data-no-translation=\"\" data-trp-gettext=\"\">Rated <strong class=\"rating\">5.00<\/strong> out of 5<\/span><\/div><\/div>\n<\/a><a href=\"https:\/\/www.alquera.com\/en\/permanganato-de-potasio\/\" aria-describedby=\"woocommerce_loop_add_to_cart_link_describedby_495\" data-quantity=\"1\" class=\"button product_type_variable add_to_cart_button\" data-product_id=\"495\" data-product_sku=\"AL100111\" aria-label=\"Select options for \u201cPermanganato de Potasio\u201d\" rel=\"nofollow\" data-no-translation=\"\" data-trp-gettext=\"\" data-no-translation-aria-label=\"\">Select options<\/a>\t<span id=\"woocommerce_loop_add_to_cart_link_describedby_495\" class=\"screen-reader-text\">\n\t\tThis product has multiple variants. The options may be chosen on the product page\t<\/span>\n<\/li>\n<\/ul>\n<\/div><\/div>","protected":false},"excerpt":{"rendered":"<p>La fluoresceina sodica o fluoresce\u00edna de sodio es una sustancia colorante org\u00e1nica que produce una luz fluorescente cuando es irradiada con luz ultravioleta. La\u00a0fluorescencia\u00a0es el fen\u00f3meno por el que ciertas sustancias \u00a0absorben luz ultravioleta y la emiten posteriormente y de forma inmediata, es decir, en el momento que se deja de irradiar la energ\u00eda (en [&hellip;]<\/p>\n","protected":false},"author":1,"featured_media":0,"parent":32586,"menu_order":0,"comment_status":"open","ping_status":"closed","template":"","meta":{"_acf_changed":false,"site-sidebar-layout":"default","site-content-layout":"","ast-site-content-layout":"default","site-content-style":"default","site-sidebar-style":"default","ast-global-header-display":"","ast-banner-title-visibility":"","ast-main-header-display":"","ast-hfb-above-header-display":"","ast-hfb-below-header-display":"","ast-hfb-mobile-header-display":"","site-post-title":"","ast-breadcrumbs-content":"","ast-featured-img":"","footer-sml-layout":"","ast-disable-related-posts":"","theme-transparent-header-meta":"","adv-header-id-meta":"","stick-header-meta":"","header-above-stick-meta":"","header-main-stick-meta":"","header-below-stick-meta":"","astra-migrate-meta-layouts":"default","ast-page-background-enabled":"default","ast-page-background-meta":{"desktop":{"background-color":"var(--ast-global-color-4)","background-image":"","background-repeat":"repeat","background-position":"center center","background-size":"auto","background-attachment":"scroll","background-type":"","background-media":"","overlay-type":"","overlay-color":"","overlay-opacity":"","overlay-gradient":""},"tablet":{"background-color":"","background-image":"","background-repeat":"repeat","background-position":"center center","background-size":"auto","background-attachment":"scroll","background-type":"","background-media":"","overlay-type":"","overlay-color":"","overlay-opacity":"","overlay-gradient":""},"mobile":{"background-color":"","background-image":"","background-repeat":"repeat","background-position":"center center","background-size":"auto","background-attachment":"scroll","background-type":"","background-media":"","overlay-type":"","overlay-color":"","overlay-opacity":"","overlay-gradient":""}},"ast-content-background-meta":{"desktop":{"background-color":"var(--ast-global-color-5)","background-image":"","background-repeat":"repeat","background-position":"center center","background-size":"auto","background-attachment":"scroll","background-type":"","background-media":"","overlay-type":"","overlay-color":"","overlay-opacity":"","overlay-gradient":""},"tablet":{"background-color":"var(--ast-global-color-5)","background-image":"","background-repeat":"repeat","background-position":"center center","background-size":"auto","background-attachment":"scroll","background-type":"","background-media":"","overlay-type":"","overlay-color":"","overlay-opacity":"","overlay-gradient":""},"mobile":{"background-color":"var(--ast-global-color-5)","background-image":"","background-repeat":"repeat","background-position":"center center","background-size":"auto","background-attachment":"scroll","background-type":"","background-media":"","overlay-type":"","overlay-color":"","overlay-opacity":"","overlay-gradient":""}},"footnotes":""},"class_list":["post-9424","page","type-page","status-publish","hentry"],"acf":[],"yoast_head":"<!-- This site is optimized with the Yoast SEO Premium plugin v27.1 (Yoast SEO v27.1.1) - https:\/\/yoast.com\/product\/yoast-seo-premium-wordpress\/ -->\n<title>Usos de Fluoresce\u00edna S\u00f3dica - Alquera.com<\/title>\n<meta name=\"description\" content=\"La fluoresce\u00edna s\u00f3dica es un producto utilizado para dar fluorescencia en l\u00edquidos. Medidas de fluojo de agua, detecci\u00f3n de p\u00e9rdidas.\" \/>\n<meta name=\"robots\" content=\"index, follow, max-snippet:-1, max-image-preview:large, max-video-preview:-1\" \/>\n<link rel=\"canonical\" href=\"https:\/\/www.alquera.com\/en\/fluoresceina-sodica\/usos-fluoresceina-sodica\/\" \/>\n<meta property=\"og:locale\" content=\"en_GB\" \/>\n<meta property=\"og:type\" content=\"article\" \/>\n<meta property=\"og:title\" content=\"Usos de Fluoresce\u00edna S\u00f3dica\" \/>\n<meta property=\"og:description\" content=\"La fluoresce\u00edna s\u00f3dica es un producto utilizado para dar fluorescencia en l\u00edquidos. Medidas de fluojo de agua, detecci\u00f3n de p\u00e9rdidas.\" \/>\n<meta property=\"og:url\" content=\"https:\/\/www.alquera.com\/en\/fluoresceina-sodica\/usos-fluoresceina-sodica\/\" \/>\n<meta property=\"og:site_name\" content=\"Alquera.com\" \/>\n<meta property=\"article:publisher\" content=\"https:\/\/www.facebook.com\/alqueraciencia\" \/>\n<meta property=\"article:modified_time\" content=\"2021-09-12T13:53:20+00:00\" \/>\n<meta property=\"og:image\" content=\"https:\/\/www.alquera.com\/wp-content\/uploads\/2020\/12\/fluoresceina-sodica-2-300x273.jpg\" \/>\n<meta name=\"twitter:card\" content=\"summary_large_image\" \/>\n<meta name=\"twitter:label1\" content=\"Estimated reading time\" \/>\n\t<meta name=\"twitter:data1\" content=\"2 minutes\" \/>\n<script type=\"application\/ld+json\" class=\"yoast-schema-graph\">{\"@context\":\"https:\/\/schema.org\",\"@graph\":[{\"@type\":\"WebPage\",\"@id\":\"https:\/\/www.alquera.com\/de\/fluoresceina-sodica\/usos-fluoresceina-sodica\/\",\"url\":\"https:\/\/www.alquera.com\/de\/fluoresceina-sodica\/usos-fluoresceina-sodica\/\",\"name\":\"Usos de Fluoresce\u00edna S\u00f3dica - Alquera.com\",\"isPartOf\":{\"@id\":\"https:\/\/www.alquera.com\/en\/#website\"},\"primaryImageOfPage\":{\"@id\":\"https:\/\/www.alquera.com\/de\/fluoresceina-sodica\/usos-fluoresceina-sodica\/#primaryimage\"},\"image\":{\"@id\":\"https:\/\/www.alquera.com\/de\/fluoresceina-sodica\/usos-fluoresceina-sodica\/#primaryimage\"},\"thumbnailUrl\":\"https:\/\/www.alquera.com\/wp-content\/uploads\/2020\/12\/fluoresceina-sodica-2-300x273.jpg\",\"datePublished\":\"2020-10-20T16:45:35+00:00\",\"dateModified\":\"2021-09-12T13:53:20+00:00\",\"description\":\"La fluoresce\u00edna s\u00f3dica es un producto utilizado para dar fluorescencia en l\u00edquidos. Medidas de fluojo de agua, detecci\u00f3n de p\u00e9rdidas.\",\"breadcrumb\":{\"@id\":\"https:\/\/www.alquera.com\/de\/fluoresceina-sodica\/usos-fluoresceina-sodica\/#breadcrumb\"},\"inLanguage\":\"en-GB\",\"potentialAction\":[{\"@type\":\"ReadAction\",\"target\":[\"https:\/\/www.alquera.com\/de\/fluoresceina-sodica\/usos-fluoresceina-sodica\/\"]}]},{\"@type\":\"ImageObject\",\"inLanguage\":\"en-GB\",\"@id\":\"https:\/\/www.alquera.com\/de\/fluoresceina-sodica\/usos-fluoresceina-sodica\/#primaryimage\",\"url\":\"https:\/\/www.alquera.com\/wp-content\/uploads\/2020\/12\/fluoresceina-sodica-2-300x273.jpg\",\"contentUrl\":\"https:\/\/www.alquera.com\/wp-content\/uploads\/2020\/12\/fluoresceina-sodica-2-300x273.jpg\"},{\"@type\":\"BreadcrumbList\",\"@id\":\"https:\/\/www.alquera.com\/de\/fluoresceina-sodica\/usos-fluoresceina-sodica\/#breadcrumb\",\"itemListElement\":[{\"@type\":\"ListItem\",\"position\":1,\"name\":\"Inicio\",\"item\":\"https:\/\/www.alquera.com\/\"},{\"@type\":\"ListItem\",\"position\":2,\"name\":\"Fluoresceina S\u00f3dica\",\"item\":\"https:\/\/www.alquera.com\/fluoresceina-sodica\/\"},{\"@type\":\"ListItem\",\"position\":3,\"name\":\"Usos de Fluoresce\u00edna S\u00f3dica\"}]},{\"@type\":\"WebSite\",\"@id\":\"https:\/\/www.alquera.com\/en\/#website\",\"url\":\"https:\/\/www.alquera.com\/en\/\",\"name\":\"Alquera.com\",\"description\":\"Tienda Online Productos Qu\u00edmicos y Material de Laboratorio\",\"publisher\":{\"@id\":\"https:\/\/www.alquera.com\/en\/#organization\"},\"potentialAction\":[{\"@type\":\"SearchAction\",\"target\":{\"@type\":\"EntryPoint\",\"urlTemplate\":\"https:\/\/www.alquera.com\/en\/?s={search_term_string}\"},\"query-input\":{\"@type\":\"PropertyValueSpecification\",\"valueRequired\":true,\"valueName\":\"search_term_string\"}}],\"inLanguage\":\"en-GB\"},{\"@type\":\"Organization\",\"@id\":\"https:\/\/www.alquera.com\/en\/#organization\",\"name\":\"ALQUERA CIENCIA SL\",\"url\":\"https:\/\/www.alquera.com\/en\/\",\"logo\":{\"@type\":\"ImageObject\",\"inLanguage\":\"en-GB\",\"@id\":\"https:\/\/www.alquera.com\/en\/#\/schema\/logo\/image\/\",\"url\":\"https:\/\/www.alquera.com\/wp-content\/uploads\/2020\/11\/logo_300_ancho.png\",\"contentUrl\":\"https:\/\/www.alquera.com\/wp-content\/uploads\/2020\/11\/logo_300_ancho.png\",\"width\":300,\"height\":86,\"caption\":\"ALQUERA CIENCIA SL\"},\"image\":{\"@id\":\"https:\/\/www.alquera.com\/en\/#\/schema\/logo\/image\/\"},\"sameAs\":[\"https:\/\/www.facebook.com\/alqueraciencia\",\"https:\/\/www.instagram.com\/alquera_ciencia\/\",\"https:\/\/www.youtube.com\/c\/alquera\"]}]}<\/script>\n<!-- \/ Yoast SEO Premium plugin. -->","yoast_head_json":{"title":"Uses of Fluorescein Sodium - Alquera.com","description":"Sodium fluorescein is a product used to fluoresce liquids. Water flow measurements, leak detection.","robots":{"index":"index","follow":"follow","max-snippet":"max-snippet:-1","max-image-preview":"max-image-preview:large","max-video-preview":"max-video-preview:-1"},"canonical":"https:\/\/www.alquera.com\/en\/fluoresceina-sodica\/usos-fluoresceina-sodica\/","og_locale":"en_GB","og_type":"article","og_title":"Usos de Fluoresce\u00edna S\u00f3dica","og_description":"La fluoresce\u00edna s\u00f3dica es un producto utilizado para dar fluorescencia en l\u00edquidos. Medidas de fluojo de agua, detecci\u00f3n de p\u00e9rdidas.","og_url":"https:\/\/www.alquera.com\/en\/fluoresceina-sodica\/usos-fluoresceina-sodica\/","og_site_name":"Alquera.com","article_publisher":"https:\/\/www.facebook.com\/alqueraciencia","article_modified_time":"2021-09-12T13:53:20+00:00","og_image":[{"url":"https:\/\/www.alquera.com\/wp-content\/uploads\/2020\/12\/fluoresceina-sodica-2-300x273.jpg","type":"","width":"","height":""}],"twitter_card":"summary_large_image","twitter_misc":{"Estimated reading time":"2 minutes"},"schema":{"@context":"https:\/\/schema.org","@graph":[{"@type":"WebPage","@id":"https:\/\/www.alquera.com\/de\/fluoresceina-sodica\/usos-fluoresceina-sodica\/","url":"https:\/\/www.alquera.com\/de\/fluoresceina-sodica\/usos-fluoresceina-sodica\/","name":"Uses of Fluorescein Sodium - Alquera.com","isPartOf":{"@id":"https:\/\/www.alquera.com\/en\/#website"},"primaryImageOfPage":{"@id":"https:\/\/www.alquera.com\/de\/fluoresceina-sodica\/usos-fluoresceina-sodica\/#primaryimage"},"image":{"@id":"https:\/\/www.alquera.com\/de\/fluoresceina-sodica\/usos-fluoresceina-sodica\/#primaryimage"},"thumbnailUrl":"https:\/\/www.alquera.com\/wp-content\/uploads\/2020\/12\/fluoresceina-sodica-2-300x273.jpg","datePublished":"2020-10-20T16:45:35+00:00","dateModified":"2021-09-12T13:53:20+00:00","description":"Sodium fluorescein is a product used to fluoresce liquids. Water flow measurements, leak detection.","breadcrumb":{"@id":"https:\/\/www.alquera.com\/de\/fluoresceina-sodica\/usos-fluoresceina-sodica\/#breadcrumb"},"inLanguage":"en-GB","potentialAction":[{"@type":"ReadAction","target":["https:\/\/www.alquera.com\/de\/fluoresceina-sodica\/usos-fluoresceina-sodica\/"]}]},{"@type":"ImageObject","inLanguage":"en-GB","@id":"https:\/\/www.alquera.com\/de\/fluoresceina-sodica\/usos-fluoresceina-sodica\/#primaryimage","url":"https:\/\/www.alquera.com\/wp-content\/uploads\/2020\/12\/fluoresceina-sodica-2-300x273.jpg","contentUrl":"https:\/\/www.alquera.com\/wp-content\/uploads\/2020\/12\/fluoresceina-sodica-2-300x273.jpg"},{"@type":"BreadcrumbList","@id":"https:\/\/www.alquera.com\/de\/fluoresceina-sodica\/usos-fluoresceina-sodica\/#breadcrumb","itemListElement":[{"@type":"ListItem","position":1,"name":"Inicio","item":"https:\/\/www.alquera.com\/"},{"@type":"ListItem","position":2,"name":"Fluoresceina S\u00f3dica","item":"https:\/\/www.alquera.com\/fluoresceina-sodica\/"},{"@type":"ListItem","position":3,"name":"Usos de Fluoresce\u00edna S\u00f3dica"}]},{"@type":"WebSite","@id":"https:\/\/www.alquera.com\/en\/#website","url":"https:\/\/www.alquera.com\/en\/","name":"Alquera.com","description":"Online Shop Chemical Products and Laboratory Equipment","publisher":{"@id":"https:\/\/www.alquera.com\/en\/#organization"},"potentialAction":[{"@type":"SearchAction","target":{"@type":"EntryPoint","urlTemplate":"https:\/\/www.alquera.com\/en\/?s={search_term_string}"},"query-input":{"@type":"PropertyValueSpecification","valueRequired":true,"valueName":"search_term_string"}}],"inLanguage":"en-GB"},{"@type":"Organization","@id":"https:\/\/www.alquera.com\/en\/#organization","name":"ALQUERA CIENCIA SL","url":"https:\/\/www.alquera.com\/en\/","logo":{"@type":"ImageObject","inLanguage":"en-GB","@id":"https:\/\/www.alquera.com\/en\/#\/schema\/logo\/image\/","url":"https:\/\/www.alquera.com\/wp-content\/uploads\/2020\/11\/logo_300_ancho.png","contentUrl":"https:\/\/www.alquera.com\/wp-content\/uploads\/2020\/11\/logo_300_ancho.png","width":300,"height":86,"caption":"ALQUERA CIENCIA SL"},"image":{"@id":"https:\/\/www.alquera.com\/en\/#\/schema\/logo\/image\/"},"sameAs":["https:\/\/www.facebook.com\/alqueraciencia","https:\/\/www.instagram.com\/alquera_ciencia\/","https:\/\/www.youtube.com\/c\/alquera"]}]}},"_links":{"self":[{"href":"https:\/\/www.alquera.com\/en\/wp-json\/wp\/v2\/pages\/9424","targetHints":{"allow":["GET"]}}],"collection":[{"href":"https:\/\/www.alquera.com\/en\/wp-json\/wp\/v2\/pages"}],"about":[{"href":"https:\/\/www.alquera.com\/en\/wp-json\/wp\/v2\/types\/page"}],"author":[{"embeddable":true,"href":"https:\/\/www.alquera.com\/en\/wp-json\/wp\/v2\/users\/1"}],"replies":[{"embeddable":true,"href":"https:\/\/www.alquera.com\/en\/wp-json\/wp\/v2\/comments?post=9424"}],"version-history":[{"count":7,"href":"https:\/\/www.alquera.com\/en\/wp-json\/wp\/v2\/pages\/9424\/revisions"}],"predecessor-version":[{"id":33191,"href":"https:\/\/www.alquera.com\/en\/wp-json\/wp\/v2\/pages\/9424\/revisions\/33191"}],"up":[{"embeddable":true,"href":"https:\/\/www.alquera.com\/en\/wp-json\/wp\/v2\/pages\/32586"}],"wp:attachment":[{"href":"https:\/\/www.alquera.com\/en\/wp-json\/wp\/v2\/media?parent=9424"}],"curies":[{"name":"wp","href":"https:\/\/api.w.org\/{rel}","templated":true}]}}