{"id":9429,"date":"2020-10-20T16:54:15","date_gmt":"2020-10-20T16:54:15","guid":{"rendered":"http:\/\/localhost\/alquera\/?page_id=9429"},"modified":"2021-09-12T13:53:04","modified_gmt":"2021-09-12T13:53:04","slug":"hacer-liquido-fluorescente","status":"publish","type":"page","link":"https:\/\/www.alquera.com\/en\/fluoresceina-sodica\/hacer-liquido-fluorescente\/","title":{"rendered":"Making fluorescent liquid"},"content":{"rendered":"<p>Making fluorescent liquid, fluorescent paint or making a fluorescent object is the main application of sodium fluorescein. With a very small amount of\u00a0<a href=\"https:\/\/www.alquera.com\/en\/fluoresceina-sodica\/\">fluorescein<\/a>\u00a0fluorescence can be achieved in a liquid, hence it is also commonly used in hydrological techniques.<\/p>\r\n\r\n\r\n\r\n\r\n\r\n<p>As we have explained in this other section, the <a href=\"https:\/\/www.alquera.com\/en\/fluoresceina-sodica\/fluorescencia\/\">fluorescence<\/a>is the phenomenon whereby certain products or substances emit energy in the form of light when irradiated with ultraviolet light.<\/p>\r\n\r\n\r\n\r\n<p>Fluorescence is a naturally occurring phenomenon in nature, but you can also achieve fluorescence with reagents such as sodium fluorescein. It is important to note that fluorescent light is emitted when irradiated with ultraviolet light, so it will be necessary for the fluorescent liquid experiment to also have an ultraviolet lamp or torch.<\/p>\r\n\r\n\r\n\r\n<p>Emission in sodium fluorescein is maximal around pH 8 and with a wavelength close to 550nm. This is why, in the experiment to make fluorescent liquid with sodium fluorescein, we are looking for the water to raise the pH to 8.<\/p>\r\n\r\n\r\n\r\n<p><strong>Making fluorescent liquid step by step<\/strong><\/p>\r\n\r\n\r\n\r\n<p>This procedure is taken from this experiment page:\u00a0<a href=\"http:\/\/www.experimentoscientificos.es\/liquido-fluorescente\/\" target=\"_blank\" rel=\"noopener noreferrer\">Making fluorescent liquid<\/a>.<\/p>\r\n\r\n\r\n\r\n<ol class=\"wp-block-list\">\r\n<li>Put distilled water in a beaker<\/li>\r\n<li>Add a few drops of ammonia to raise the pH to 8.<\/li>\r\n<li>Introduce 1 gram of fluorescein sodium<\/li>\r\n<li>Shine a UV lamp into the glass, and you will see how you have obtained your fluorescent liquid.<\/li>\r\n<\/ol>\r\n\r\n\r\n\r\n<p><strong>This is the result in video <\/strong>https:\/\/www.youtube.com\/embed\/zsq1paqbVls?feature=oembed<\/p>\r\n\r\n\r\n\r\n<h2 class=\"wp-block-heading\">Fluorescent liquid applications<\/h2>\r\n\r\n\r\n\r\n<p>The high solubility of fluorescent materials means that a very small amount of fluorescein can dilute a large amount of liquid. For example, with 20 grams of fluorescein you can dilute more than 2000L of water. This is why fluorescent materials are used for measurements in flow streams, and for their high visibility in leak detection. Here are some fluorescent tracers:\u00a0<a href=\"https:\/\/www.alquera.com\/en\/trazadores-fluorescentes\/\">https:\/\/www.alquera.com\/trazadores-fluorescentes\/<\/a>\u00a0used for these purposes.<\/p>\r\n<h3 class=\"widget-title\">Buy <\/h3><div><div class=\"woocommerce\"><ul class=\"products columns-4\">\n<li class=\"desktop-align-left tablet-align-left mobile-align-left ast-product-gallery-layout-horizontal-slider ast-magnify-disabled ast-product-single-variable ast-product-tabs-layout-horizontal ast-qv-on-image product type-product post-495 status-publish first instock product_cat-productos-experimentos product_cat-productos has-post-thumbnail taxable shipping-taxable purchasable product-type-variable has-default-attributes\">\n\t<a href=\"https:\/\/www.alquera.com\/en\/permanganato-de-potasio\/\" class=\"woocommerce-LoopProduct-link woocommerce-loop-product__link\"><img loading=\"lazy\" decoding=\"async\" width=\"300\" height=\"300\" src=\"https:\/\/www.alquera.com\/wp-content\/uploads\/2016\/01\/permanganato-200g-foto-nueva-300x300.png\" class=\"attachment-woocommerce_thumbnail size-woocommerce_thumbnail\" alt=\"permanganato 200g\" srcset=\"https:\/\/www.alquera.com\/wp-content\/uploads\/2016\/01\/permanganato-200g-foto-nueva-300x300.png 300w, https:\/\/www.alquera.com\/wp-content\/uploads\/2016\/01\/permanganato-200g-foto-nueva-150x150.png 150w, https:\/\/www.alquera.com\/wp-content\/uploads\/2016\/01\/permanganato-200g-foto-nueva-12x12.png 12w, https:\/\/www.alquera.com\/wp-content\/uploads\/2016\/01\/permanganato-200g-foto-nueva-100x100.png 100w\" sizes=\"auto, (max-width: 300px) 100vw, 300px\" \/><h2 class=\"woocommerce-loop-product__title\">Potassium Permanganate<\/h2><div class=\"review-rating\"><div class=\"star-rating\"><span style=\"width:100%\" data-no-translation=\"\" data-trp-gettext=\"\">Rated <strong class=\"rating\">5.00<\/strong> out of 5<\/span><\/div><\/div>\n<\/a><a href=\"https:\/\/www.alquera.com\/en\/permanganato-de-potasio\/\" aria-describedby=\"woocommerce_loop_add_to_cart_link_describedby_495\" data-quantity=\"1\" class=\"button product_type_variable add_to_cart_button\" data-product_id=\"495\" data-product_sku=\"AL100111\" aria-label=\"Select options for \u201cPermanganato de Potasio\u201d\" rel=\"nofollow\" data-no-translation=\"\" data-trp-gettext=\"\" data-no-translation-aria-label=\"\">Select options<\/a>\t<span id=\"woocommerce_loop_add_to_cart_link_describedby_495\" class=\"screen-reader-text\">\n\t\tThis product has multiple variants. The options may be chosen on the product page\t<\/span>\n<\/li>\n<\/ul>\n<\/div><\/div>\r\n<p class=\"widget-title\">Read more<\/p><a href=\"https:\/\/www.alquera.com\/en\/fluoresceina-sodica\/\">Sodium Fluorescein<\/a>\n<!-- Page-list plugin v.5.9 wordpress.org\/plugins\/page-list\/ -->\n<ul class=\"page-list siblings-page-list\">\n<li class=\"page_item page-item-9431 menu-item\"><a href=\"https:\/\/www.alquera.com\/en\/fluoresceina-sodica\/fluorescencia\/\" class=\"menu-link\">Fluorescence - What it is and How it Works<\/a><\/li>\n<li class=\"page_item page-item-9429 menu-item\"><a href=\"https:\/\/www.alquera.com\/en\/fluoresceina-sodica\/hacer-liquido-fluorescente\/\" class=\"menu-link\">Making fluorescent liquid<\/a><\/li>\n<li class=\"page_item page-item-9424 menu-item\"><a href=\"https:\/\/www.alquera.com\/en\/fluoresceina-sodica\/usos-fluoresceina-sodica\/\" class=\"menu-link\">Uses of Fluorescein Sodium<\/a><\/li>\n\n<\/ul>","protected":false},"excerpt":{"rendered":"<p>Hacer l\u00edquido fluorescente, pintura fluorescente o hacer un objeto fluorescente es la aplicaci\u00f3n principal de la fluoresce\u00edna s\u00f3dica. Con muy poquita cantidad de\u00a0fluoresce\u00edna\u00a0se puede conseguir fluorescencia en un l\u00edquido, de ah\u00ed que sea tambi\u00e9n utilizada habitualmente en t\u00e9cnicas hidrol\u00f3gicas. Como te hemos explicamos en este otro apartado, la fluorescencia, es el fen\u00f3meno por el que [&hellip;]<\/p>\n","protected":false},"author":1,"featured_media":0,"parent":32586,"menu_order":0,"comment_status":"open","ping_status":"closed","template":"","meta":{"_acf_changed":false,"site-sidebar-layout":"default","site-content-layout":"","ast-site-content-layout":"default","site-content-style":"default","site-sidebar-style":"default","ast-global-header-display":"","ast-banner-title-visibility":"","ast-main-header-display":"","ast-hfb-above-header-display":"","ast-hfb-below-header-display":"","ast-hfb-mobile-header-display":"","site-post-title":"","ast-breadcrumbs-content":"","ast-featured-img":"","footer-sml-layout":"","ast-disable-related-posts":"","theme-transparent-header-meta":"","adv-header-id-meta":"","stick-header-meta":"","header-above-stick-meta":"","header-main-stick-meta":"","header-below-stick-meta":"","astra-migrate-meta-layouts":"default","ast-page-background-enabled":"default","ast-page-background-meta":{"desktop":{"background-color":"var(--ast-global-color-4)","background-image":"","background-repeat":"repeat","background-position":"center center","background-size":"auto","background-attachment":"scroll","background-type":"","background-media":"","overlay-type":"","overlay-color":"","overlay-opacity":"","overlay-gradient":""},"tablet":{"background-color":"","background-image":"","background-repeat":"repeat","background-position":"center center","background-size":"auto","background-attachment":"scroll","background-type":"","background-media":"","overlay-type":"","overlay-color":"","overlay-opacity":"","overlay-gradient":""},"mobile":{"background-color":"","background-image":"","background-repeat":"repeat","background-position":"center center","background-size":"auto","background-attachment":"scroll","background-type":"","background-media":"","overlay-type":"","overlay-color":"","overlay-opacity":"","overlay-gradient":""}},"ast-content-background-meta":{"desktop":{"background-color":"var(--ast-global-color-5)","background-image":"","background-repeat":"repeat","background-position":"center center","background-size":"auto","background-attachment":"scroll","background-type":"","background-media":"","overlay-type":"","overlay-color":"","overlay-opacity":"","overlay-gradient":""},"tablet":{"background-color":"var(--ast-global-color-5)","background-image":"","background-repeat":"repeat","background-position":"center center","background-size":"auto","background-attachment":"scroll","background-type":"","background-media":"","overlay-type":"","overlay-color":"","overlay-opacity":"","overlay-gradient":""},"mobile":{"background-color":"var(--ast-global-color-5)","background-image":"","background-repeat":"repeat","background-position":"center center","background-size":"auto","background-attachment":"scroll","background-type":"","background-media":"","overlay-type":"","overlay-color":"","overlay-opacity":"","overlay-gradient":""}},"footnotes":""},"class_list":["post-9429","page","type-page","status-publish","hentry"],"acf":[],"yoast_head":"<!-- This site is optimized with the Yoast SEO Premium plugin v27.1 (Yoast SEO v27.1.1) - https:\/\/yoast.com\/product\/yoast-seo-premium-wordpress\/ -->\n<title>Hacer l\u00edquido fluorescente - Alquera.com<\/title>\n<meta name=\"robots\" content=\"index, follow, max-snippet:-1, max-image-preview:large, max-video-preview:-1\" \/>\n<link rel=\"canonical\" href=\"https:\/\/www.alquera.com\/en\/fluoresceina-sodica\/hacer-liquido-fluorescente\/\" \/>\n<meta property=\"og:locale\" content=\"en_GB\" \/>\n<meta property=\"og:type\" content=\"article\" \/>\n<meta property=\"og:title\" content=\"Hacer l\u00edquido fluorescente\" \/>\n<meta property=\"og:description\" content=\"Hacer l\u00edquido fluorescente, pintura fluorescente o hacer un objeto fluorescente es la aplicaci\u00f3n principal de la fluoresce\u00edna s\u00f3dica. Con muy poquita cantidad de\u00a0fluoresce\u00edna\u00a0se puede conseguir fluorescencia en un l\u00edquido, de ah\u00ed que sea tambi\u00e9n utilizada habitualmente en t\u00e9cnicas hidrol\u00f3gicas. Como te hemos explicamos en este otro apartado, la fluorescencia, es el fen\u00f3meno por el que [&hellip;]\" \/>\n<meta property=\"og:url\" content=\"https:\/\/www.alquera.com\/en\/fluoresceina-sodica\/hacer-liquido-fluorescente\/\" \/>\n<meta property=\"og:site_name\" content=\"Alquera.com\" \/>\n<meta property=\"article:publisher\" content=\"https:\/\/www.facebook.com\/alqueraciencia\" \/>\n<meta property=\"article:modified_time\" content=\"2021-09-12T13:53:04+00:00\" \/>\n<meta name=\"twitter:card\" content=\"summary_large_image\" \/>\n<meta name=\"twitter:label1\" content=\"Estimated reading time\" \/>\n\t<meta name=\"twitter:data1\" content=\"2 minutes\" \/>\n<script type=\"application\/ld+json\" class=\"yoast-schema-graph\">{\"@context\":\"https:\/\/schema.org\",\"@graph\":[{\"@type\":\"WebPage\",\"@id\":\"https:\/\/www.alquera.com\/fluoresceina-sodica\/hacer-liquido-fluorescente\/\",\"url\":\"https:\/\/www.alquera.com\/fluoresceina-sodica\/hacer-liquido-fluorescente\/\",\"name\":\"Hacer l\u00edquido fluorescente - Alquera.com\",\"isPartOf\":{\"@id\":\"https:\/\/www.alquera.com\/en\/#website\"},\"datePublished\":\"2020-10-20T16:54:15+00:00\",\"dateModified\":\"2021-09-12T13:53:04+00:00\",\"breadcrumb\":{\"@id\":\"https:\/\/www.alquera.com\/fluoresceina-sodica\/hacer-liquido-fluorescente\/#breadcrumb\"},\"inLanguage\":\"en-GB\",\"potentialAction\":[{\"@type\":\"ReadAction\",\"target\":[\"https:\/\/www.alquera.com\/fluoresceina-sodica\/hacer-liquido-fluorescente\/\"]}]},{\"@type\":\"BreadcrumbList\",\"@id\":\"https:\/\/www.alquera.com\/fluoresceina-sodica\/hacer-liquido-fluorescente\/#breadcrumb\",\"itemListElement\":[{\"@type\":\"ListItem\",\"position\":1,\"name\":\"Inicio\",\"item\":\"https:\/\/www.alquera.com\/\"},{\"@type\":\"ListItem\",\"position\":2,\"name\":\"Fluoresceina S\u00f3dica\",\"item\":\"https:\/\/www.alquera.com\/fluoresceina-sodica\/\"},{\"@type\":\"ListItem\",\"position\":3,\"name\":\"Hacer l\u00edquido fluorescente\"}]},{\"@type\":\"WebSite\",\"@id\":\"https:\/\/www.alquera.com\/en\/#website\",\"url\":\"https:\/\/www.alquera.com\/en\/\",\"name\":\"Alquera.com\",\"description\":\"Tienda Online Productos Qu\u00edmicos y Material de Laboratorio\",\"publisher\":{\"@id\":\"https:\/\/www.alquera.com\/en\/#organization\"},\"potentialAction\":[{\"@type\":\"SearchAction\",\"target\":{\"@type\":\"EntryPoint\",\"urlTemplate\":\"https:\/\/www.alquera.com\/en\/?s={search_term_string}\"},\"query-input\":{\"@type\":\"PropertyValueSpecification\",\"valueRequired\":true,\"valueName\":\"search_term_string\"}}],\"inLanguage\":\"en-GB\"},{\"@type\":\"Organization\",\"@id\":\"https:\/\/www.alquera.com\/en\/#organization\",\"name\":\"ALQUERA CIENCIA SL\",\"url\":\"https:\/\/www.alquera.com\/en\/\",\"logo\":{\"@type\":\"ImageObject\",\"inLanguage\":\"en-GB\",\"@id\":\"https:\/\/www.alquera.com\/en\/#\/schema\/logo\/image\/\",\"url\":\"https:\/\/www.alquera.com\/wp-content\/uploads\/2020\/11\/logo_300_ancho.png\",\"contentUrl\":\"https:\/\/www.alquera.com\/wp-content\/uploads\/2020\/11\/logo_300_ancho.png\",\"width\":300,\"height\":86,\"caption\":\"ALQUERA CIENCIA SL\"},\"image\":{\"@id\":\"https:\/\/www.alquera.com\/en\/#\/schema\/logo\/image\/\"},\"sameAs\":[\"https:\/\/www.facebook.com\/alqueraciencia\",\"https:\/\/www.instagram.com\/alquera_ciencia\/\",\"https:\/\/www.youtube.com\/c\/alquera\"]}]}<\/script>\n<!-- \/ Yoast SEO Premium plugin. -->","yoast_head_json":{"title":"Making fluorescent liquid - Alquera.com","robots":{"index":"index","follow":"follow","max-snippet":"max-snippet:-1","max-image-preview":"max-image-preview:large","max-video-preview":"max-video-preview:-1"},"canonical":"https:\/\/www.alquera.com\/en\/fluoresceina-sodica\/hacer-liquido-fluorescente\/","og_locale":"en_GB","og_type":"article","og_title":"Hacer l\u00edquido fluorescente","og_description":"Hacer l\u00edquido fluorescente, pintura fluorescente o hacer un objeto fluorescente es la aplicaci\u00f3n principal de la fluoresce\u00edna s\u00f3dica. Con muy poquita cantidad de\u00a0fluoresce\u00edna\u00a0se puede conseguir fluorescencia en un l\u00edquido, de ah\u00ed que sea tambi\u00e9n utilizada habitualmente en t\u00e9cnicas hidrol\u00f3gicas. Como te hemos explicamos en este otro apartado, la fluorescencia, es el fen\u00f3meno por el que [&hellip;]","og_url":"https:\/\/www.alquera.com\/en\/fluoresceina-sodica\/hacer-liquido-fluorescente\/","og_site_name":"Alquera.com","article_publisher":"https:\/\/www.facebook.com\/alqueraciencia","article_modified_time":"2021-09-12T13:53:04+00:00","twitter_card":"summary_large_image","twitter_misc":{"Estimated reading time":"2 minutes"},"schema":{"@context":"https:\/\/schema.org","@graph":[{"@type":"WebPage","@id":"https:\/\/www.alquera.com\/fluoresceina-sodica\/hacer-liquido-fluorescente\/","url":"https:\/\/www.alquera.com\/fluoresceina-sodica\/hacer-liquido-fluorescente\/","name":"Making fluorescent liquid - Alquera.com","isPartOf":{"@id":"https:\/\/www.alquera.com\/en\/#website"},"datePublished":"2020-10-20T16:54:15+00:00","dateModified":"2021-09-12T13:53:04+00:00","breadcrumb":{"@id":"https:\/\/www.alquera.com\/fluoresceina-sodica\/hacer-liquido-fluorescente\/#breadcrumb"},"inLanguage":"en-GB","potentialAction":[{"@type":"ReadAction","target":["https:\/\/www.alquera.com\/fluoresceina-sodica\/hacer-liquido-fluorescente\/"]}]},{"@type":"BreadcrumbList","@id":"https:\/\/www.alquera.com\/fluoresceina-sodica\/hacer-liquido-fluorescente\/#breadcrumb","itemListElement":[{"@type":"ListItem","position":1,"name":"Inicio","item":"https:\/\/www.alquera.com\/"},{"@type":"ListItem","position":2,"name":"Fluoresceina S\u00f3dica","item":"https:\/\/www.alquera.com\/fluoresceina-sodica\/"},{"@type":"ListItem","position":3,"name":"Hacer l\u00edquido fluorescente"}]},{"@type":"WebSite","@id":"https:\/\/www.alquera.com\/en\/#website","url":"https:\/\/www.alquera.com\/en\/","name":"Alquera.com","description":"Online Shop Chemical Products and Laboratory Equipment","publisher":{"@id":"https:\/\/www.alquera.com\/en\/#organization"},"potentialAction":[{"@type":"SearchAction","target":{"@type":"EntryPoint","urlTemplate":"https:\/\/www.alquera.com\/en\/?s={search_term_string}"},"query-input":{"@type":"PropertyValueSpecification","valueRequired":true,"valueName":"search_term_string"}}],"inLanguage":"en-GB"},{"@type":"Organization","@id":"https:\/\/www.alquera.com\/en\/#organization","name":"ALQUERA CIENCIA SL","url":"https:\/\/www.alquera.com\/en\/","logo":{"@type":"ImageObject","inLanguage":"en-GB","@id":"https:\/\/www.alquera.com\/en\/#\/schema\/logo\/image\/","url":"https:\/\/www.alquera.com\/wp-content\/uploads\/2020\/11\/logo_300_ancho.png","contentUrl":"https:\/\/www.alquera.com\/wp-content\/uploads\/2020\/11\/logo_300_ancho.png","width":300,"height":86,"caption":"ALQUERA CIENCIA SL"},"image":{"@id":"https:\/\/www.alquera.com\/en\/#\/schema\/logo\/image\/"},"sameAs":["https:\/\/www.facebook.com\/alqueraciencia","https:\/\/www.instagram.com\/alquera_ciencia\/","https:\/\/www.youtube.com\/c\/alquera"]}]}},"_links":{"self":[{"href":"https:\/\/www.alquera.com\/en\/wp-json\/wp\/v2\/pages\/9429","targetHints":{"allow":["GET"]}}],"collection":[{"href":"https:\/\/www.alquera.com\/en\/wp-json\/wp\/v2\/pages"}],"about":[{"href":"https:\/\/www.alquera.com\/en\/wp-json\/wp\/v2\/types\/page"}],"author":[{"embeddable":true,"href":"https:\/\/www.alquera.com\/en\/wp-json\/wp\/v2\/users\/1"}],"replies":[{"embeddable":true,"href":"https:\/\/www.alquera.com\/en\/wp-json\/wp\/v2\/comments?post=9429"}],"version-history":[{"count":6,"href":"https:\/\/www.alquera.com\/en\/wp-json\/wp\/v2\/pages\/9429\/revisions"}],"predecessor-version":[{"id":33190,"href":"https:\/\/www.alquera.com\/en\/wp-json\/wp\/v2\/pages\/9429\/revisions\/33190"}],"up":[{"embeddable":true,"href":"https:\/\/www.alquera.com\/en\/wp-json\/wp\/v2\/pages\/32586"}],"wp:attachment":[{"href":"https:\/\/www.alquera.com\/en\/wp-json\/wp\/v2\/media?parent=9429"}],"curies":[{"name":"wp","href":"https:\/\/api.w.org\/{rel}","templated":true}]}}