{"id":9957,"date":"2020-11-06T14:53:13","date_gmt":"2020-11-06T14:53:13","guid":{"rendered":"http:\/\/www.alquerapruebas.es\/?page_id=9957"},"modified":"2026-02-23T13:52:36","modified_gmt":"2026-02-23T13:52:36","slug":"usos-alcohol-polivinilico","status":"publish","type":"page","link":"https:\/\/www.alquera.com\/en\/alcohol-polivinilico\/usos-alcohol-polivinilico\/","title":{"rendered":"Polyvinyl Alcohol - PVA - Uses and Properties"},"content":{"rendered":"<p>Polyvinyl alcohol, polyvinyl alcohol (PVOH, PVA, or PVal), is a water-soluble synthetic polymer, with the general chemical formula (C2H4O)n. Polyvinyl alcohol should not be confused with polyvinyl acetate, also available and known as an effective wood preservative. Polyvinyl alcohol has a white granular appearance and is odourless.<\/p>\r\n\r\n\r\n\r\n<h1 class=\"wp-block-heading\">USES POLYVINYL ALCOHOL<\/h1>\r\n\r\n\r\n\r\n<p>The\u00a0<a href=\"https:\/\/www.alquera.com\/en\/alcohol-polivinilico\/\">polyvinyl alcohol<\/a>\u00a0or PVA is a synthetic, water-soluble polymer with a multitude of uses listed below.\u00a0\u00a0<\/p>\r\n\r\n\r\n\r\n<h2 class=\"wp-block-heading\">RAW MATERIAL FOR THE MANUFACTURE OF OTHER POLYMERS<\/h2>\r\n\r\n\r\n\r\n<p>The main use of PVA in industry is as a raw material for the production of other polymers such as:\u00a0<\/p>\r\n\r\n\r\n\r\n<p>- Polyvinyl nitrate (PVN): Vinyl nitrate is used in some propellants and mouldable explosives.\u00a0<\/p>\r\n<p><br \/>- Polyvinyl acetals: Polyvinyl butyral (PVB) and polyvinyl formaldehyde (PVF) are examples of this family of polymers. The preparation of polyvinyl butyral is the largest use of polyvinyl alcohol in the US and Western Europe. By far the most important polymer among them is poly(vinyl butyral), which is used as a plastic interlayer for aircraft and automotive safety glass.<\/p>\r\n<p><br \/>- Manufacture of\u00a0<strong>vinylon or vinalon fibre<\/strong>Vinalon has become the most widely used fibre in Japan. It is used for various textiles, instead of nylon or cotton. Apart from making clothes, vinalon is used for shoes, ropes and others. Vinalon is resistant to heat and other chemical attacks, it is stable, but it is a stiff fabric, difficult to dye and costly to manufacture.<\/p>\r\n\r\n\r\n\r\n<h2 class=\"wp-block-heading\">PVA IN THE MANUFACTURE OF ADHESIVES<\/h2>\r\n\r\n\r\n\r\n<p>PVA is a key component in the manufacture of polyvinyl acetate adhesives.\u00a0<\/p>\r\n\r\n\r\n\r\n<h2 class=\"wp-block-heading\">POLYVINYL ALCOHOL WATER-SOLUBLE PACKAGING FILM<\/h2>\r\n\r\n\r\n\r\n<p>Different products are packaged in water-soluble capsules or doses, such as powder or liquid laundry detergent, cleaning products. Also in swimming pool products, pigments, inks, fragrances, water treatment products, additives, agricultural products, aggressive chemicals and others. This water soluble film is polyvinyl alcohol or PVA.\u00a0<\/p>\r\n\r\n\r\n\r\n<figure class=\"wp-block-image size-large is-resized\"><img loading=\"lazy\" decoding=\"async\" class=\"wp-image-10249\" src=\"https:\/\/www.alquera.com\/wp-content\/uploads\/2020\/11\/recubrimiento-hidrosoluble.png\" alt=\"\" width=\"525\" height=\"225\" srcset=\"https:\/\/www.alquera.com\/wp-content\/uploads\/2020\/11\/recubrimiento-hidrosoluble.png 700w, https:\/\/www.alquera.com\/wp-content\/uploads\/2020\/11\/recubrimiento-hidrosoluble-300x129.png 300w, https:\/\/www.alquera.com\/wp-content\/uploads\/2020\/11\/recubrimiento-hidrosoluble-600x257.png 600w, https:\/\/www.alquera.com\/wp-content\/uploads\/2020\/11\/recubrimiento-hidrosoluble-64x27.png 64w\" sizes=\"auto, (max-width: 525px) 100vw, 525px\" \/><\/figure>\r\n\r\n\r\n\r\n<h2 class=\"wp-block-heading\">COATING AND PROTECTION ON DIFFERENT ELEMENTS<\/h2>\r\n\r\n\r\n\r\n<p>PVA is also used as a carbon dioxide barrier in polyethylene terephthalate (PET) bottles. In paper coatings or as a protective element in chemical resistant gloves.\u00a0<\/p>\r\n\r\n\r\n\r\n<h2 class=\"wp-block-heading\">MAKING SLIME<\/h2>\r\n\r\n\r\n\r\n<p>PVA is the material on which the\u00a0<a href=\"https:\/\/www.alquera.com\/en\/borax\/\">borax<\/a>\u00a0turning it into a slime. The school glue adhesives used contain a high % of PVA and are therefore used for\u00a0<a href=\"http:\/\/experimentoscientificos.es\/hacer-un-slime\">making slime<\/a>but the use of pure PVA will give you a slime of greater flexibility and quality.<\/p>\r\n\r\n\r\n\r\n<figure class=\"wp-block-image size-large\"><img loading=\"lazy\" decoding=\"async\" width=\"700\" height=\"300\" class=\"wp-image-10250\" src=\"https:\/\/www.alquera.com\/wp-content\/uploads\/2020\/11\/hacer-slime.png\" alt=\"\" srcset=\"https:\/\/www.alquera.com\/wp-content\/uploads\/2020\/11\/hacer-slime.png 700w, https:\/\/www.alquera.com\/wp-content\/uploads\/2020\/11\/hacer-slime-300x129.png 300w, https:\/\/www.alquera.com\/wp-content\/uploads\/2020\/11\/hacer-slime-600x257.png 600w, https:\/\/www.alquera.com\/wp-content\/uploads\/2020\/11\/hacer-slime-64x27.png 64w\" sizes=\"auto, (max-width: 700px) 100vw, 700px\" \/><\/figure>\r\n\r\n\r\n\r\n<h2 class=\"wp-block-heading\">PVA ON 3D PRINTING MEDIA<\/h2>\r\n\r\n\r\n\r\n<p>In 3D printing, PVA's water solubility makes it an excellent filament for making supports for parts that have overhangs or delicate areas where ABS or PLA supports are not an option. The main advantage of using PVA instead of other support materials is its solubility in water: just soak the part in water for 2-3 hours (longer the larger the print). The polyvinyl alcohol dissolves completely, leaving unpainted lines in the overhanging areas of the object you have created. You can use hot water to speed up the process<\/p>\r\n\r\n\r\n\r\n<h2 class=\"wp-block-heading\">OTHER USES OF POLYVINYL ALCOHOL<\/h2>\r\n\r\n\r\n\r\n<p>PVA is also used in feminine hygiene and adult incontinence products as a biodegradable plastic film, as a mould release agent for certain polymers, for eye drops and as a lubricant solution for rigid contact lenses. It is used as a fixative for sample collection, especially stool samples and in the medical field as a coating for tablets, biofermentation and topicals for pharmaceuticals.<\/p>\r\n\r\n\r\n\r\n<h2 class=\"wp-block-heading\">PROPERTIES OF POLYVINYL ALCOHOL<\/h2>\r\n\r\n\r\n\r\n<p>You can see the properties of polyvinyl alcohol in this section:\u00a0<a href=\"https:\/\/www.alquera.com\/en\/alcohol-polivinilico\/propiedades\/\">Properties polyvinyl alcohol<\/a><\/p>\r\n\r\n\r\n\r\n<h3 class=\"widget-title\">Buy <\/h3><div><div class=\"woocommerce\"><ul class=\"products columns-4\">\n<li class=\"desktop-align-left tablet-align-left mobile-align-left ast-product-gallery-layout-horizontal-slider ast-magnify-disabled ast-product-single-variable ast-product-tabs-layout-horizontal ast-qv-on-image product type-product post-495 status-publish first instock product_cat-productos-experimentos product_cat-productos has-post-thumbnail taxable shipping-taxable purchasable product-type-variable has-default-attributes\">\n\t<a href=\"https:\/\/www.alquera.com\/en\/permanganato-de-potasio\/\" class=\"woocommerce-LoopProduct-link woocommerce-loop-product__link\"><img loading=\"lazy\" decoding=\"async\" width=\"300\" height=\"300\" src=\"https:\/\/www.alquera.com\/wp-content\/uploads\/2016\/01\/permanganato-200g-foto-nueva-300x300.png\" class=\"attachment-woocommerce_thumbnail size-woocommerce_thumbnail\" alt=\"permanganato 200g\" srcset=\"https:\/\/www.alquera.com\/wp-content\/uploads\/2016\/01\/permanganato-200g-foto-nueva-300x300.png 300w, https:\/\/www.alquera.com\/wp-content\/uploads\/2016\/01\/permanganato-200g-foto-nueva-150x150.png 150w, https:\/\/www.alquera.com\/wp-content\/uploads\/2016\/01\/permanganato-200g-foto-nueva-12x12.png 12w, https:\/\/www.alquera.com\/wp-content\/uploads\/2016\/01\/permanganato-200g-foto-nueva-100x100.png 100w\" sizes=\"auto, (max-width: 300px) 100vw, 300px\" \/><h2 class=\"woocommerce-loop-product__title\">Potassium Permanganate<\/h2><div class=\"review-rating\"><div class=\"star-rating\"><span style=\"width:100%\" data-no-translation=\"\" data-trp-gettext=\"\">Rated <strong class=\"rating\">5.00<\/strong> out of 5<\/span><\/div><\/div>\n<\/a><a href=\"https:\/\/www.alquera.com\/en\/permanganato-de-potasio\/\" aria-describedby=\"woocommerce_loop_add_to_cart_link_describedby_495\" data-quantity=\"1\" class=\"button product_type_variable add_to_cart_button\" data-product_id=\"495\" data-product_sku=\"AL100111\" aria-label=\"Select options for \u201cPermanganato de Potasio\u201d\" rel=\"nofollow\" data-no-translation=\"\" data-trp-gettext=\"\" data-no-translation-aria-label=\"\">Select options<\/a>\t<span id=\"woocommerce_loop_add_to_cart_link_describedby_495\" class=\"screen-reader-text\">\n\t\tThis product has multiple variants. The options may be chosen on the product page\t<\/span>\n<\/li>\n<\/ul>\n<\/div><\/div>","protected":false},"excerpt":{"rendered":"<p>El alcohol polivin\u00edlico, alcohol de polivinilo (PVOH, PVA, o PVal), es un pol\u00edmero sint\u00e9tico soluble en agua, de f\u00f3rmula qu\u00edmica general (C2H4O)n.\u00a0El alcohol polivinilico no debe confundirse con el acetato polivinilico, tambi\u00e9n disponible y conocido como un efectivo remedio para la madera. El alcohol polivinilico tiene aspecto granulado color blanco y es inodoro. USOS ALCOHOL [&hellip;]<\/p>\n","protected":false},"author":1,"featured_media":0,"parent":32593,"menu_order":0,"comment_status":"open","ping_status":"closed","template":"","meta":{"_acf_changed":false,"site-sidebar-layout":"left-sidebar","site-content-layout":"","ast-site-content-layout":"default","site-content-style":"default","site-sidebar-style":"default","ast-global-header-display":"","ast-banner-title-visibility":"","ast-main-header-display":"","ast-hfb-above-header-display":"","ast-hfb-below-header-display":"","ast-hfb-mobile-header-display":"","site-post-title":"","ast-breadcrumbs-content":"","ast-featured-img":"","footer-sml-layout":"","ast-disable-related-posts":"","theme-transparent-header-meta":"","adv-header-id-meta":"","stick-header-meta":"","header-above-stick-meta":"","header-main-stick-meta":"","header-below-stick-meta":"","astra-migrate-meta-layouts":"set","ast-page-background-enabled":"default","ast-page-background-meta":{"desktop":{"background-color":"var(--ast-global-color-4)","background-image":"","background-repeat":"repeat","background-position":"center center","background-size":"auto","background-attachment":"scroll","background-type":"","background-media":"","overlay-type":"","overlay-color":"","overlay-opacity":"","overlay-gradient":""},"tablet":{"background-color":"","background-image":"","background-repeat":"repeat","background-position":"center center","background-size":"auto","background-attachment":"scroll","background-type":"","background-media":"","overlay-type":"","overlay-color":"","overlay-opacity":"","overlay-gradient":""},"mobile":{"background-color":"","background-image":"","background-repeat":"repeat","background-position":"center center","background-size":"auto","background-attachment":"scroll","background-type":"","background-media":"","overlay-type":"","overlay-color":"","overlay-opacity":"","overlay-gradient":""}},"ast-content-background-meta":{"desktop":{"background-color":"var(--ast-global-color-5)","background-image":"","background-repeat":"repeat","background-position":"center center","background-size":"auto","background-attachment":"scroll","background-type":"","background-media":"","overlay-type":"","overlay-color":"","overlay-opacity":"","overlay-gradient":""},"tablet":{"background-color":"var(--ast-global-color-5)","background-image":"","background-repeat":"repeat","background-position":"center center","background-size":"auto","background-attachment":"scroll","background-type":"","background-media":"","overlay-type":"","overlay-color":"","overlay-opacity":"","overlay-gradient":""},"mobile":{"background-color":"var(--ast-global-color-5)","background-image":"","background-repeat":"repeat","background-position":"center center","background-size":"auto","background-attachment":"scroll","background-type":"","background-media":"","overlay-type":"","overlay-color":"","overlay-opacity":"","overlay-gradient":""}},"footnotes":""},"class_list":["post-9957","page","type-page","status-publish","hentry"],"acf":[],"yoast_head":"<!-- This site is optimized with the Yoast SEO Premium plugin v27.1 (Yoast SEO v27.1.1) - https:\/\/yoast.com\/product\/yoast-seo-premium-wordpress\/ -->\n<title>Alcohol Polivin\u00edlico - PVA - Usos y Propiedades - Alquera.com<\/title>\n<meta name=\"robots\" content=\"index, follow, max-snippet:-1, max-image-preview:large, max-video-preview:-1\" \/>\n<link rel=\"canonical\" href=\"https:\/\/www.alquera.com\/en\/alcohol-polivinilico\/usos-alcohol-polivinilico\/\" \/>\n<meta property=\"og:locale\" content=\"en_GB\" \/>\n<meta property=\"og:type\" content=\"article\" \/>\n<meta property=\"og:title\" content=\"Alcohol Polivin\u00edlico - PVA - Usos y Propiedades\" \/>\n<meta property=\"og:description\" content=\"El alcohol polivin\u00edlico, alcohol de polivinilo (PVOH, PVA, o PVal), es un pol\u00edmero sint\u00e9tico soluble en agua, de f\u00f3rmula qu\u00edmica general (C2H4O)n.\u00a0El alcohol polivinilico no debe confundirse con el acetato polivinilico, tambi\u00e9n disponible y conocido como un efectivo remedio para la madera. El alcohol polivinilico tiene aspecto granulado color blanco y es inodoro. USOS ALCOHOL [&hellip;]\" \/>\n<meta property=\"og:url\" content=\"https:\/\/www.alquera.com\/en\/alcohol-polivinilico\/usos-alcohol-polivinilico\/\" \/>\n<meta property=\"og:site_name\" content=\"Alquera.com\" \/>\n<meta property=\"article:publisher\" content=\"https:\/\/www.facebook.com\/alqueraciencia\" \/>\n<meta property=\"article:modified_time\" content=\"2026-02-23T13:52:36+00:00\" \/>\n<meta property=\"og:image\" content=\"https:\/\/www.alquera.com\/wp-content\/uploads\/2020\/11\/recubrimiento-hidrosoluble.png\" \/>\n\t<meta property=\"og:image:width\" content=\"700\" \/>\n\t<meta property=\"og:image:height\" content=\"300\" \/>\n\t<meta property=\"og:image:type\" content=\"image\/png\" \/>\n<meta name=\"twitter:card\" content=\"summary_large_image\" \/>\n<meta name=\"twitter:label1\" content=\"Estimated reading time\" \/>\n\t<meta name=\"twitter:data1\" content=\"4 minutes\" \/>\n<script type=\"application\/ld+json\" class=\"yoast-schema-graph\">{\"@context\":\"https:\/\/schema.org\",\"@graph\":[{\"@type\":\"WebPage\",\"@id\":\"https:\/\/www.alquera.com\/alcohol-polivinilico\/usos-alcohol-polivinilico\/\",\"url\":\"https:\/\/www.alquera.com\/alcohol-polivinilico\/usos-alcohol-polivinilico\/\",\"name\":\"Alcohol Polivin\u00edlico - PVA - Usos y Propiedades - Alquera.com\",\"isPartOf\":{\"@id\":\"https:\/\/www.alquera.com\/en\/#website\"},\"primaryImageOfPage\":{\"@id\":\"https:\/\/www.alquera.com\/alcohol-polivinilico\/usos-alcohol-polivinilico\/#primaryimage\"},\"image\":{\"@id\":\"https:\/\/www.alquera.com\/alcohol-polivinilico\/usos-alcohol-polivinilico\/#primaryimage\"},\"thumbnailUrl\":\"https:\/\/www.alquera.com\/wp-content\/uploads\/2020\/11\/recubrimiento-hidrosoluble.png\",\"datePublished\":\"2020-11-06T14:53:13+00:00\",\"dateModified\":\"2026-02-23T13:52:36+00:00\",\"breadcrumb\":{\"@id\":\"https:\/\/www.alquera.com\/alcohol-polivinilico\/usos-alcohol-polivinilico\/#breadcrumb\"},\"inLanguage\":\"en-GB\",\"potentialAction\":[{\"@type\":\"ReadAction\",\"target\":[\"https:\/\/www.alquera.com\/alcohol-polivinilico\/usos-alcohol-polivinilico\/\"]}]},{\"@type\":\"ImageObject\",\"inLanguage\":\"en-GB\",\"@id\":\"https:\/\/www.alquera.com\/alcohol-polivinilico\/usos-alcohol-polivinilico\/#primaryimage\",\"url\":\"https:\/\/www.alquera.com\/wp-content\/uploads\/2020\/11\/recubrimiento-hidrosoluble.png\",\"contentUrl\":\"https:\/\/www.alquera.com\/wp-content\/uploads\/2020\/11\/recubrimiento-hidrosoluble.png\"},{\"@type\":\"BreadcrumbList\",\"@id\":\"https:\/\/www.alquera.com\/alcohol-polivinilico\/usos-alcohol-polivinilico\/#breadcrumb\",\"itemListElement\":[{\"@type\":\"ListItem\",\"position\":1,\"name\":\"Inicio\",\"item\":\"https:\/\/www.alquera.com\/\"},{\"@type\":\"ListItem\",\"position\":2,\"name\":\"Alcohol Polivinilico\",\"item\":\"https:\/\/www.alquera.com\/alcohol-polivinilico\/\"},{\"@type\":\"ListItem\",\"position\":3,\"name\":\"Alcohol Polivin\u00edlico &#8211; PVA &#8211; Usos y Propiedades\"}]},{\"@type\":\"WebSite\",\"@id\":\"https:\/\/www.alquera.com\/en\/#website\",\"url\":\"https:\/\/www.alquera.com\/en\/\",\"name\":\"Alquera.com\",\"description\":\"Tienda Online Productos Qu\u00edmicos y Material de Laboratorio\",\"publisher\":{\"@id\":\"https:\/\/www.alquera.com\/en\/#organization\"},\"potentialAction\":[{\"@type\":\"SearchAction\",\"target\":{\"@type\":\"EntryPoint\",\"urlTemplate\":\"https:\/\/www.alquera.com\/en\/?s={search_term_string}\"},\"query-input\":{\"@type\":\"PropertyValueSpecification\",\"valueRequired\":true,\"valueName\":\"search_term_string\"}}],\"inLanguage\":\"en-GB\"},{\"@type\":\"Organization\",\"@id\":\"https:\/\/www.alquera.com\/en\/#organization\",\"name\":\"ALQUERA CIENCIA SL\",\"url\":\"https:\/\/www.alquera.com\/en\/\",\"logo\":{\"@type\":\"ImageObject\",\"inLanguage\":\"en-GB\",\"@id\":\"https:\/\/www.alquera.com\/en\/#\/schema\/logo\/image\/\",\"url\":\"https:\/\/www.alquera.com\/wp-content\/uploads\/2020\/11\/logo_300_ancho.png\",\"contentUrl\":\"https:\/\/www.alquera.com\/wp-content\/uploads\/2020\/11\/logo_300_ancho.png\",\"width\":300,\"height\":86,\"caption\":\"ALQUERA CIENCIA SL\"},\"image\":{\"@id\":\"https:\/\/www.alquera.com\/en\/#\/schema\/logo\/image\/\"},\"sameAs\":[\"https:\/\/www.facebook.com\/alqueraciencia\",\"https:\/\/www.instagram.com\/alquera_ciencia\/\",\"https:\/\/www.youtube.com\/c\/alquera\"]}]}<\/script>\n<!-- \/ Yoast SEO Premium plugin. -->","yoast_head_json":{"title":"Polyvinyl alcohol - PVA - Uses and Properties - Alquera.com","robots":{"index":"index","follow":"follow","max-snippet":"max-snippet:-1","max-image-preview":"max-image-preview:large","max-video-preview":"max-video-preview:-1"},"canonical":"https:\/\/www.alquera.com\/en\/alcohol-polivinilico\/usos-alcohol-polivinilico\/","og_locale":"en_GB","og_type":"article","og_title":"Alcohol Polivin\u00edlico - PVA - Usos y Propiedades","og_description":"El alcohol polivin\u00edlico, alcohol de polivinilo (PVOH, PVA, o PVal), es un pol\u00edmero sint\u00e9tico soluble en agua, de f\u00f3rmula qu\u00edmica general (C2H4O)n.\u00a0El alcohol polivinilico no debe confundirse con el acetato polivinilico, tambi\u00e9n disponible y conocido como un efectivo remedio para la madera. El alcohol polivinilico tiene aspecto granulado color blanco y es inodoro. USOS ALCOHOL [&hellip;]","og_url":"https:\/\/www.alquera.com\/en\/alcohol-polivinilico\/usos-alcohol-polivinilico\/","og_site_name":"Alquera.com","article_publisher":"https:\/\/www.facebook.com\/alqueraciencia","article_modified_time":"2026-02-23T13:52:36+00:00","og_image":[{"width":700,"height":300,"url":"https:\/\/www.alquera.com\/wp-content\/uploads\/2020\/11\/recubrimiento-hidrosoluble.png","type":"image\/png"}],"twitter_card":"summary_large_image","twitter_misc":{"Estimated reading time":"4 minutes"},"schema":{"@context":"https:\/\/schema.org","@graph":[{"@type":"WebPage","@id":"https:\/\/www.alquera.com\/alcohol-polivinilico\/usos-alcohol-polivinilico\/","url":"https:\/\/www.alquera.com\/alcohol-polivinilico\/usos-alcohol-polivinilico\/","name":"Polyvinyl alcohol - PVA - Uses and Properties - Alquera.com","isPartOf":{"@id":"https:\/\/www.alquera.com\/en\/#website"},"primaryImageOfPage":{"@id":"https:\/\/www.alquera.com\/alcohol-polivinilico\/usos-alcohol-polivinilico\/#primaryimage"},"image":{"@id":"https:\/\/www.alquera.com\/alcohol-polivinilico\/usos-alcohol-polivinilico\/#primaryimage"},"thumbnailUrl":"https:\/\/www.alquera.com\/wp-content\/uploads\/2020\/11\/recubrimiento-hidrosoluble.png","datePublished":"2020-11-06T14:53:13+00:00","dateModified":"2026-02-23T13:52:36+00:00","breadcrumb":{"@id":"https:\/\/www.alquera.com\/alcohol-polivinilico\/usos-alcohol-polivinilico\/#breadcrumb"},"inLanguage":"en-GB","potentialAction":[{"@type":"ReadAction","target":["https:\/\/www.alquera.com\/alcohol-polivinilico\/usos-alcohol-polivinilico\/"]}]},{"@type":"ImageObject","inLanguage":"en-GB","@id":"https:\/\/www.alquera.com\/alcohol-polivinilico\/usos-alcohol-polivinilico\/#primaryimage","url":"https:\/\/www.alquera.com\/wp-content\/uploads\/2020\/11\/recubrimiento-hidrosoluble.png","contentUrl":"https:\/\/www.alquera.com\/wp-content\/uploads\/2020\/11\/recubrimiento-hidrosoluble.png"},{"@type":"BreadcrumbList","@id":"https:\/\/www.alquera.com\/alcohol-polivinilico\/usos-alcohol-polivinilico\/#breadcrumb","itemListElement":[{"@type":"ListItem","position":1,"name":"Inicio","item":"https:\/\/www.alquera.com\/"},{"@type":"ListItem","position":2,"name":"Alcohol Polivinilico","item":"https:\/\/www.alquera.com\/alcohol-polivinilico\/"},{"@type":"ListItem","position":3,"name":"Alcohol Polivin\u00edlico &#8211; PVA &#8211; Usos y Propiedades"}]},{"@type":"WebSite","@id":"https:\/\/www.alquera.com\/en\/#website","url":"https:\/\/www.alquera.com\/en\/","name":"Alquera.com","description":"Online Shop Chemical Products and Laboratory Equipment","publisher":{"@id":"https:\/\/www.alquera.com\/en\/#organization"},"potentialAction":[{"@type":"SearchAction","target":{"@type":"EntryPoint","urlTemplate":"https:\/\/www.alquera.com\/en\/?s={search_term_string}"},"query-input":{"@type":"PropertyValueSpecification","valueRequired":true,"valueName":"search_term_string"}}],"inLanguage":"en-GB"},{"@type":"Organization","@id":"https:\/\/www.alquera.com\/en\/#organization","name":"ALQUERA CIENCIA SL","url":"https:\/\/www.alquera.com\/en\/","logo":{"@type":"ImageObject","inLanguage":"en-GB","@id":"https:\/\/www.alquera.com\/en\/#\/schema\/logo\/image\/","url":"https:\/\/www.alquera.com\/wp-content\/uploads\/2020\/11\/logo_300_ancho.png","contentUrl":"https:\/\/www.alquera.com\/wp-content\/uploads\/2020\/11\/logo_300_ancho.png","width":300,"height":86,"caption":"ALQUERA CIENCIA SL"},"image":{"@id":"https:\/\/www.alquera.com\/en\/#\/schema\/logo\/image\/"},"sameAs":["https:\/\/www.facebook.com\/alqueraciencia","https:\/\/www.instagram.com\/alquera_ciencia\/","https:\/\/www.youtube.com\/c\/alquera"]}]}},"_links":{"self":[{"href":"https:\/\/www.alquera.com\/en\/wp-json\/wp\/v2\/pages\/9957","targetHints":{"allow":["GET"]}}],"collection":[{"href":"https:\/\/www.alquera.com\/en\/wp-json\/wp\/v2\/pages"}],"about":[{"href":"https:\/\/www.alquera.com\/en\/wp-json\/wp\/v2\/types\/page"}],"author":[{"embeddable":true,"href":"https:\/\/www.alquera.com\/en\/wp-json\/wp\/v2\/users\/1"}],"replies":[{"embeddable":true,"href":"https:\/\/www.alquera.com\/en\/wp-json\/wp\/v2\/comments?post=9957"}],"version-history":[{"count":8,"href":"https:\/\/www.alquera.com\/en\/wp-json\/wp\/v2\/pages\/9957\/revisions"}],"predecessor-version":[{"id":56845,"href":"https:\/\/www.alquera.com\/en\/wp-json\/wp\/v2\/pages\/9957\/revisions\/56845"}],"up":[{"embeddable":true,"href":"https:\/\/www.alquera.com\/en\/wp-json\/wp\/v2\/pages\/32593"}],"wp:attachment":[{"href":"https:\/\/www.alquera.com\/en\/wp-json\/wp\/v2\/media?parent=9957"}],"curies":[{"name":"wp","href":"https:\/\/api.w.org\/{rel}","templated":true}]}}