{"id":9973,"date":"2020-11-06T15:44:22","date_gmt":"2020-11-06T15:44:22","guid":{"rendered":"http:\/\/www.alquerapruebas.es\/?page_id=9973"},"modified":"2026-02-23T13:56:37","modified_gmt":"2026-02-23T13:56:37","slug":"usos","status":"publish","type":"page","link":"https:\/\/www.alquera.com\/en\/poliacrilato-de-sodio\/usos\/","title":{"rendered":"Uses Sodium Polyacrylate"},"content":{"rendered":"<p>The\u00a0<a href=\"https:\/\/www.alquera.com\/en\/poliacrilato-de-sodio\/\">sodium polyacrylate<\/a>\u00a0is a superabsorbent polymer that comes in the form of a white powder and when it absorbs water it takes on the form and texture of a white water gel. This water-absorbing capacity is the main reason for the uses of sodium polyacrylate that we are going to see below.\u00a0<\/p>\r\n\r\n<figure class=\"wp-block-image size-large\"><img loading=\"lazy\" decoding=\"async\" width=\"700\" height=\"302\" class=\"wp-image-10241\" src=\"https:\/\/www.alquera.com\/wp-content\/uploads\/2020\/11\/poliacrilato-de-sodio-que-es.png\" alt=\"USOS POLIACRILATO DE SODIO\" srcset=\"https:\/\/www.alquera.com\/wp-content\/uploads\/2020\/11\/poliacrilato-de-sodio-que-es.png 700w, https:\/\/www.alquera.com\/wp-content\/uploads\/2020\/11\/poliacrilato-de-sodio-que-es-300x129.png 300w, https:\/\/www.alquera.com\/wp-content\/uploads\/2020\/11\/poliacrilato-de-sodio-que-es-600x259.png 600w, https:\/\/www.alquera.com\/wp-content\/uploads\/2020\/11\/poliacrilato-de-sodio-que-es-64x28.png 64w\" sizes=\"auto, (max-width: 700px) 100vw, 700px\" \/><\/figure>\r\n\r\n<p>&nbsp;<\/p>\r\n\r\n\r\n\r\n<h2 class=\"wp-block-heading\">SUPERABSORBENT IN BABY NAPPIES, SANITARY NAPKINS, SANITARY NAPKINS<\/h2>\r\n\r\n\r\n\r\n<p>Sodium polyacrylate has one of its main uses in its performance as a super water absorbent in baby nappies and sanitary napkins. Although manufacturing companies are not obliged to disclose each specific material in nappies and sanitary napkins, they all have a similar structure. They consist of 2 liners: 1 outer liner to insulate the nappy or pad from the skin and an inner liner to allow liquid to enter. In the centre there is an absorbent material, a powder consisting of sodium polyacrylate, which is responsible for the absorption of both nappies and sanitary towels.\u00a0<\/p>\r\n\r\n\r\n\r\n<h2 class=\"wp-block-heading\">COLD PACKS (PADS)<\/h2>\r\n\r\n\r\n\r\n<p>Cold compresses that behave like a gel when frozen have sodium polyacrylate in their interior, which allows the compress to have the solidity of a cold compress by retaining the water.\u00a0<\/p>\r\n\r\n\r\n\r\n<h2 class=\"wp-block-heading\">TRANSPORT FOOD\u00a0<\/h2>\r\n\r\n\r\n\r\n<p>To avoid spillage of liquids during transport of some food products, e.g. meat, cushioned sheets containing sodium polyacrylate are used to absorb liquids. In the case of meat, you can see in the individual trays, the film underneath to absorb any blood that might spill out.\u00a0<\/p>\r\n\r\n\r\n\r\n<h2 class=\"wp-block-heading\">CHELATING AGENT<\/h2>\r\n\r\n\r\n\r\n<p>Sodium polyacrylate in addition to trapping water in its ions is able to trap some metals present in water such as magnesium, iron or zinc. This helps certain detergents to work more effectively.<\/p>\r\n\r\n\r\n\r\n<p>Chelating agents neutralise the presence of heavy metals found in water, dirt and other substances that may be found in laundry, making the detergent purer and more effective at cleaning and neutralising laundry odours.<\/p>\r\n\r\n\r\n\r\n<h2 class=\"wp-block-heading\">THICKENING AGENT<\/h2>\r\n\r\n\r\n\r\n<p>Another use of sodium polyacrylate would be as a thickening agent both in industrial processes and in cosmetics. As a thickening agent, it improves the viscosity of water-based compounds and increases their stability.\u00a0<\/p>\r\n\r\n\r\n\r\n<h2 class=\"wp-block-heading\">COATING<\/h2>\r\n\r\n\r\n\r\n<p>In some electrical installations that have to be in contact with water, the wiring is coated with sodium polyacrylate. In this way, even if the wiring is well insulated, any small leakage will be absorbed by the sodium polyacrylate.<\/p>\r\n\r\n\r\n\r\n<h2 class=\"wp-block-heading\">AGRICULTURE<\/h2>\r\n\r\n\r\n\r\n<p>Superabsorbents are increasingly used for water retention to keep the soil moist for a longer period of time. For this purpose, however, it is recommended to use\u00a0<a href=\"https:\/\/www.alquera.com\/en\/poliacrilato-de-potasio\/\">potassium polyacrylate<\/a>\u00a0o\u00a0<a href=\"https:\/\/www.alquera.com\/en\/hidrogel\/\">hydrogel<\/a>\u00a0(same product), which are also super water absorbers, but where there is no risk of sodium poisoning the plants. The advantages of using a water absorber to save irrigation time and costs are clear.\u00a0<\/p>\r\n\r\n\r\n\r\n<h2 class=\"wp-block-heading\">SCIENCE EXPERIMENT<\/h2>\r\n\r\n\r\n\r\n<p>Sodium polyacrylate is one of the most commonly used products at science fairs and events. The observation of the water absorption of sodium polyacrylate is a polymer experiment. In addition to this experiment, the polyacrylate, having absorbed water and coming into contact with air, looks like artificial snow. This makes it a curious and fun science experiment. Sodium polyacrylate is often used as a base for powder products to make artificial snow. You can find more information here:\u00a0<a href=\"https:\/\/www.alquera.com\/en\/nieve-artificial\/\">sodium polyacrylate based artificial snow<\/a>.<\/p>\r\n\r\n\r\n\r\n<figure class=\"wp-block-image size-large is-resized\"><img loading=\"lazy\" decoding=\"async\" class=\"wp-image-10244\" src=\"https:\/\/www.alquera.com\/wp-content\/uploads\/2020\/11\/NIEVE-CON-POLIACRILATO-DE-SODIO.png\" alt=\"\" width=\"500\" height=\"400\" srcset=\"https:\/\/www.alquera.com\/wp-content\/uploads\/2020\/11\/NIEVE-CON-POLIACRILATO-DE-SODIO.png 800w, https:\/\/www.alquera.com\/wp-content\/uploads\/2020\/11\/NIEVE-CON-POLIACRILATO-DE-SODIO-300x240.png 300w, https:\/\/www.alquera.com\/wp-content\/uploads\/2020\/11\/NIEVE-CON-POLIACRILATO-DE-SODIO-768x614.png 768w, https:\/\/www.alquera.com\/wp-content\/uploads\/2020\/11\/NIEVE-CON-POLIACRILATO-DE-SODIO-600x480.png 600w, https:\/\/www.alquera.com\/wp-content\/uploads\/2020\/11\/NIEVE-CON-POLIACRILATO-DE-SODIO-64x51.png 64w\" sizes=\"auto, (max-width: 500px) 100vw, 500px\" \/><\/figure>\r\n\r\n\r\n\r\n<h2 class=\"wp-block-heading\">SODIUM POLYACRYLATE PROPERTIES<\/h2>\r\n\r\n\r\n\r\n<p>You can see the formula and properties of sodium polyacrylate in this section:\u00a0<a href=\"https:\/\/www.alquera.com\/en\/poliacrilato-de-sodio\/propiedades\/\">Properties of sodium polyacrylate<\/a><\/p>\r\n\r\n\r\n\r\n<h3 class=\"widget-title\">Buy <\/h3><div><div class=\"woocommerce\"><ul class=\"products columns-4\">\n<li class=\"desktop-align-left tablet-align-left mobile-align-left ast-product-gallery-layout-horizontal-slider ast-magnify-disabled ast-product-single-variable ast-product-tabs-layout-horizontal ast-qv-on-image product type-product post-495 status-publish first instock product_cat-productos-experimentos product_cat-productos has-post-thumbnail taxable shipping-taxable purchasable product-type-variable has-default-attributes\">\n\t<a href=\"https:\/\/www.alquera.com\/en\/permanganato-de-potasio\/\" class=\"woocommerce-LoopProduct-link woocommerce-loop-product__link\"><img loading=\"lazy\" decoding=\"async\" width=\"300\" height=\"300\" src=\"https:\/\/www.alquera.com\/wp-content\/uploads\/2016\/01\/permanganato-200g-foto-nueva-300x300.png\" class=\"attachment-woocommerce_thumbnail size-woocommerce_thumbnail\" alt=\"permanganato 200g\" srcset=\"https:\/\/www.alquera.com\/wp-content\/uploads\/2016\/01\/permanganato-200g-foto-nueva-300x300.png 300w, https:\/\/www.alquera.com\/wp-content\/uploads\/2016\/01\/permanganato-200g-foto-nueva-150x150.png 150w, https:\/\/www.alquera.com\/wp-content\/uploads\/2016\/01\/permanganato-200g-foto-nueva-12x12.png 12w, https:\/\/www.alquera.com\/wp-content\/uploads\/2016\/01\/permanganato-200g-foto-nueva-100x100.png 100w\" sizes=\"auto, (max-width: 300px) 100vw, 300px\" \/><h2 class=\"woocommerce-loop-product__title\">Potassium Permanganate<\/h2><div class=\"review-rating\"><div class=\"star-rating\"><span style=\"width:100%\" data-no-translation=\"\" data-trp-gettext=\"\">Rated <strong class=\"rating\">5.00<\/strong> out of 5<\/span><\/div><\/div>\n<\/a><a href=\"https:\/\/www.alquera.com\/en\/permanganato-de-potasio\/\" aria-describedby=\"woocommerce_loop_add_to_cart_link_describedby_495\" data-quantity=\"1\" class=\"button product_type_variable add_to_cart_button\" data-product_id=\"495\" data-product_sku=\"AL100111\" aria-label=\"Select options for \u201cPermanganato de Potasio\u201d\" rel=\"nofollow\" data-no-translation=\"\" data-trp-gettext=\"\" data-no-translation-aria-label=\"\">Select options<\/a>\t<span id=\"woocommerce_loop_add_to_cart_link_describedby_495\" class=\"screen-reader-text\">\n\t\tThis product has multiple variants. The options may be chosen on the product page\t<\/span>\n<\/li>\n<\/ul>\n<\/div><\/div>","protected":false},"excerpt":{"rendered":"<p>SUPERABSORBENTE EN PA\u00d1ALES BEB\u00c9S, COMPRESAS SANITARIAS El poliacrilato de sodio tiene uno de sus usos principales en su comportamiento como super absorbente de agua, en los pa\u00f1ales de los beb\u00e9s, compresas sanitarias. Aunque las compa\u00f1\u00edas fabricantes no est\u00e1n obligadas a desvelar cada material espec\u00edfico en los pa\u00f1ales y en las compresas sanitarias, todas tienen una [&hellip;]<\/p>\n","protected":false},"author":1,"featured_media":0,"parent":32595,"menu_order":0,"comment_status":"open","ping_status":"closed","template":"","meta":{"_acf_changed":false,"site-sidebar-layout":"left-sidebar","site-content-layout":"","ast-site-content-layout":"default","site-content-style":"default","site-sidebar-style":"default","ast-global-header-display":"","ast-banner-title-visibility":"","ast-main-header-display":"","ast-hfb-above-header-display":"","ast-hfb-below-header-display":"","ast-hfb-mobile-header-display":"","site-post-title":"","ast-breadcrumbs-content":"","ast-featured-img":"","footer-sml-layout":"","ast-disable-related-posts":"","theme-transparent-header-meta":"","adv-header-id-meta":"","stick-header-meta":"","header-above-stick-meta":"","header-main-stick-meta":"","header-below-stick-meta":"","astra-migrate-meta-layouts":"set","ast-page-background-enabled":"default","ast-page-background-meta":{"desktop":{"background-color":"var(--ast-global-color-4)","background-image":"","background-repeat":"repeat","background-position":"center center","background-size":"auto","background-attachment":"scroll","background-type":"","background-media":"","overlay-type":"","overlay-color":"","overlay-opacity":"","overlay-gradient":""},"tablet":{"background-color":"","background-image":"","background-repeat":"repeat","background-position":"center center","background-size":"auto","background-attachment":"scroll","background-type":"","background-media":"","overlay-type":"","overlay-color":"","overlay-opacity":"","overlay-gradient":""},"mobile":{"background-color":"","background-image":"","background-repeat":"repeat","background-position":"center center","background-size":"auto","background-attachment":"scroll","background-type":"","background-media":"","overlay-type":"","overlay-color":"","overlay-opacity":"","overlay-gradient":""}},"ast-content-background-meta":{"desktop":{"background-color":"var(--ast-global-color-5)","background-image":"","background-repeat":"repeat","background-position":"center center","background-size":"auto","background-attachment":"scroll","background-type":"","background-media":"","overlay-type":"","overlay-color":"","overlay-opacity":"","overlay-gradient":""},"tablet":{"background-color":"var(--ast-global-color-5)","background-image":"","background-repeat":"repeat","background-position":"center center","background-size":"auto","background-attachment":"scroll","background-type":"","background-media":"","overlay-type":"","overlay-color":"","overlay-opacity":"","overlay-gradient":""},"mobile":{"background-color":"var(--ast-global-color-5)","background-image":"","background-repeat":"repeat","background-position":"center center","background-size":"auto","background-attachment":"scroll","background-type":"","background-media":"","overlay-type":"","overlay-color":"","overlay-opacity":"","overlay-gradient":""}},"footnotes":""},"class_list":["post-9973","page","type-page","status-publish","hentry"],"acf":[],"yoast_head":"<!-- This site is optimized with the Yoast SEO Premium plugin v27.1 (Yoast SEO v27.1.1) - https:\/\/yoast.com\/product\/yoast-seo-premium-wordpress\/ -->\n<title>Usos Poliacrilato de Sodio - Alquera.com<\/title>\n<meta name=\"description\" content=\"El poliacrilato de sodio tiene multitud de usos gracias a su capacidad de absorci\u00f3n de agua; ver usos y caracter\u00edsticas.\" \/>\n<meta name=\"robots\" content=\"index, follow, max-snippet:-1, max-image-preview:large, max-video-preview:-1\" \/>\n<link rel=\"canonical\" href=\"https:\/\/www.alquera.com\/en\/poliacrilato-de-sodio\/usos\/\" \/>\n<meta property=\"og:locale\" content=\"en_GB\" \/>\n<meta property=\"og:type\" content=\"article\" \/>\n<meta property=\"og:title\" content=\"Usos Poliacrilato de Sodio\" \/>\n<meta property=\"og:description\" content=\"El poliacrilato de sodio tiene multitud de usos gracias a su capacidad de absorci\u00f3n de agua; ver usos y caracter\u00edsticas.\" \/>\n<meta property=\"og:url\" content=\"https:\/\/www.alquera.com\/en\/poliacrilato-de-sodio\/usos\/\" \/>\n<meta property=\"og:site_name\" content=\"Alquera.com\" \/>\n<meta property=\"article:publisher\" content=\"https:\/\/www.facebook.com\/alqueraciencia\" \/>\n<meta property=\"article:modified_time\" content=\"2026-02-23T13:56:37+00:00\" \/>\n<meta property=\"og:image\" content=\"https:\/\/www.alquera.com\/wp-content\/uploads\/2020\/11\/poliacrilato-de-sodio-que-es.png\" \/>\n\t<meta property=\"og:image:width\" content=\"700\" \/>\n\t<meta property=\"og:image:height\" content=\"302\" \/>\n\t<meta property=\"og:image:type\" content=\"image\/png\" \/>\n<meta name=\"twitter:card\" content=\"summary_large_image\" \/>\n<meta name=\"twitter:label1\" content=\"Estimated reading time\" \/>\n\t<meta name=\"twitter:data1\" content=\"4 minutes\" \/>\n<script type=\"application\/ld+json\" class=\"yoast-schema-graph\">{\"@context\":\"https:\/\/schema.org\",\"@graph\":[{\"@type\":\"WebPage\",\"@id\":\"https:\/\/www.alquera.com\/poliacrilato-de-sodio\/usos\/\",\"url\":\"https:\/\/www.alquera.com\/poliacrilato-de-sodio\/usos\/\",\"name\":\"Usos Poliacrilato de Sodio - Alquera.com\",\"isPartOf\":{\"@id\":\"https:\/\/www.alquera.com\/en\/#website\"},\"primaryImageOfPage\":{\"@id\":\"https:\/\/www.alquera.com\/poliacrilato-de-sodio\/usos\/#primaryimage\"},\"image\":{\"@id\":\"https:\/\/www.alquera.com\/poliacrilato-de-sodio\/usos\/#primaryimage\"},\"thumbnailUrl\":\"https:\/\/www.alquera.com\/wp-content\/uploads\/2020\/11\/poliacrilato-de-sodio-que-es.png\",\"datePublished\":\"2020-11-06T15:44:22+00:00\",\"dateModified\":\"2026-02-23T13:56:37+00:00\",\"description\":\"El poliacrilato de sodio tiene multitud de usos gracias a su capacidad de absorci\u00f3n de agua; ver usos y caracter\u00edsticas.\",\"breadcrumb\":{\"@id\":\"https:\/\/www.alquera.com\/poliacrilato-de-sodio\/usos\/#breadcrumb\"},\"inLanguage\":\"en-GB\",\"potentialAction\":[{\"@type\":\"ReadAction\",\"target\":[\"https:\/\/www.alquera.com\/poliacrilato-de-sodio\/usos\/\"]}]},{\"@type\":\"ImageObject\",\"inLanguage\":\"en-GB\",\"@id\":\"https:\/\/www.alquera.com\/poliacrilato-de-sodio\/usos\/#primaryimage\",\"url\":\"https:\/\/www.alquera.com\/wp-content\/uploads\/2020\/11\/poliacrilato-de-sodio-que-es.png\",\"contentUrl\":\"https:\/\/www.alquera.com\/wp-content\/uploads\/2020\/11\/poliacrilato-de-sodio-que-es.png\"},{\"@type\":\"BreadcrumbList\",\"@id\":\"https:\/\/www.alquera.com\/poliacrilato-de-sodio\/usos\/#breadcrumb\",\"itemListElement\":[{\"@type\":\"ListItem\",\"position\":1,\"name\":\"Inicio\",\"item\":\"https:\/\/www.alquera.com\/\"},{\"@type\":\"ListItem\",\"position\":2,\"name\":\"Poliacrilato de Sodio\",\"item\":\"https:\/\/www.alquera.com\/poliacrilato-de-sodio\/\"},{\"@type\":\"ListItem\",\"position\":3,\"name\":\"Usos Poliacrilato de Sodio\"}]},{\"@type\":\"WebSite\",\"@id\":\"https:\/\/www.alquera.com\/en\/#website\",\"url\":\"https:\/\/www.alquera.com\/en\/\",\"name\":\"Alquera.com\",\"description\":\"Tienda Online Productos Qu\u00edmicos y Material de Laboratorio\",\"publisher\":{\"@id\":\"https:\/\/www.alquera.com\/en\/#organization\"},\"potentialAction\":[{\"@type\":\"SearchAction\",\"target\":{\"@type\":\"EntryPoint\",\"urlTemplate\":\"https:\/\/www.alquera.com\/en\/?s={search_term_string}\"},\"query-input\":{\"@type\":\"PropertyValueSpecification\",\"valueRequired\":true,\"valueName\":\"search_term_string\"}}],\"inLanguage\":\"en-GB\"},{\"@type\":\"Organization\",\"@id\":\"https:\/\/www.alquera.com\/en\/#organization\",\"name\":\"ALQUERA CIENCIA SL\",\"url\":\"https:\/\/www.alquera.com\/en\/\",\"logo\":{\"@type\":\"ImageObject\",\"inLanguage\":\"en-GB\",\"@id\":\"https:\/\/www.alquera.com\/en\/#\/schema\/logo\/image\/\",\"url\":\"https:\/\/www.alquera.com\/wp-content\/uploads\/2020\/11\/logo_300_ancho.png\",\"contentUrl\":\"https:\/\/www.alquera.com\/wp-content\/uploads\/2020\/11\/logo_300_ancho.png\",\"width\":300,\"height\":86,\"caption\":\"ALQUERA CIENCIA SL\"},\"image\":{\"@id\":\"https:\/\/www.alquera.com\/en\/#\/schema\/logo\/image\/\"},\"sameAs\":[\"https:\/\/www.facebook.com\/alqueraciencia\",\"https:\/\/www.instagram.com\/alquera_ciencia\/\",\"https:\/\/www.youtube.com\/c\/alquera\"]}]}<\/script>\n<!-- \/ Yoast SEO Premium plugin. -->","yoast_head_json":{"title":"Uses Sodium Polyacrylate - Alquera.com","description":"Sodium polyacrylate has a multitude of uses thanks to its water absorption capacity; see uses and characteristics.","robots":{"index":"index","follow":"follow","max-snippet":"max-snippet:-1","max-image-preview":"max-image-preview:large","max-video-preview":"max-video-preview:-1"},"canonical":"https:\/\/www.alquera.com\/en\/poliacrilato-de-sodio\/usos\/","og_locale":"en_GB","og_type":"article","og_title":"Usos Poliacrilato de Sodio","og_description":"El poliacrilato de sodio tiene multitud de usos gracias a su capacidad de absorci\u00f3n de agua; ver usos y caracter\u00edsticas.","og_url":"https:\/\/www.alquera.com\/en\/poliacrilato-de-sodio\/usos\/","og_site_name":"Alquera.com","article_publisher":"https:\/\/www.facebook.com\/alqueraciencia","article_modified_time":"2026-02-23T13:56:37+00:00","og_image":[{"width":700,"height":302,"url":"https:\/\/www.alquera.com\/wp-content\/uploads\/2020\/11\/poliacrilato-de-sodio-que-es.png","type":"image\/png"}],"twitter_card":"summary_large_image","twitter_misc":{"Estimated reading time":"4 minutes"},"schema":{"@context":"https:\/\/schema.org","@graph":[{"@type":"WebPage","@id":"https:\/\/www.alquera.com\/poliacrilato-de-sodio\/usos\/","url":"https:\/\/www.alquera.com\/poliacrilato-de-sodio\/usos\/","name":"Uses Sodium Polyacrylate - Alquera.com","isPartOf":{"@id":"https:\/\/www.alquera.com\/en\/#website"},"primaryImageOfPage":{"@id":"https:\/\/www.alquera.com\/poliacrilato-de-sodio\/usos\/#primaryimage"},"image":{"@id":"https:\/\/www.alquera.com\/poliacrilato-de-sodio\/usos\/#primaryimage"},"thumbnailUrl":"https:\/\/www.alquera.com\/wp-content\/uploads\/2020\/11\/poliacrilato-de-sodio-que-es.png","datePublished":"2020-11-06T15:44:22+00:00","dateModified":"2026-02-23T13:56:37+00:00","description":"Sodium polyacrylate has a multitude of uses thanks to its water absorption capacity; see uses and characteristics.","breadcrumb":{"@id":"https:\/\/www.alquera.com\/poliacrilato-de-sodio\/usos\/#breadcrumb"},"inLanguage":"en-GB","potentialAction":[{"@type":"ReadAction","target":["https:\/\/www.alquera.com\/poliacrilato-de-sodio\/usos\/"]}]},{"@type":"ImageObject","inLanguage":"en-GB","@id":"https:\/\/www.alquera.com\/poliacrilato-de-sodio\/usos\/#primaryimage","url":"https:\/\/www.alquera.com\/wp-content\/uploads\/2020\/11\/poliacrilato-de-sodio-que-es.png","contentUrl":"https:\/\/www.alquera.com\/wp-content\/uploads\/2020\/11\/poliacrilato-de-sodio-que-es.png"},{"@type":"BreadcrumbList","@id":"https:\/\/www.alquera.com\/poliacrilato-de-sodio\/usos\/#breadcrumb","itemListElement":[{"@type":"ListItem","position":1,"name":"Inicio","item":"https:\/\/www.alquera.com\/"},{"@type":"ListItem","position":2,"name":"Poliacrilato de Sodio","item":"https:\/\/www.alquera.com\/poliacrilato-de-sodio\/"},{"@type":"ListItem","position":3,"name":"Usos Poliacrilato de Sodio"}]},{"@type":"WebSite","@id":"https:\/\/www.alquera.com\/en\/#website","url":"https:\/\/www.alquera.com\/en\/","name":"Alquera.com","description":"Online Shop Chemical Products and Laboratory Equipment","publisher":{"@id":"https:\/\/www.alquera.com\/en\/#organization"},"potentialAction":[{"@type":"SearchAction","target":{"@type":"EntryPoint","urlTemplate":"https:\/\/www.alquera.com\/en\/?s={search_term_string}"},"query-input":{"@type":"PropertyValueSpecification","valueRequired":true,"valueName":"search_term_string"}}],"inLanguage":"en-GB"},{"@type":"Organization","@id":"https:\/\/www.alquera.com\/en\/#organization","name":"ALQUERA CIENCIA SL","url":"https:\/\/www.alquera.com\/en\/","logo":{"@type":"ImageObject","inLanguage":"en-GB","@id":"https:\/\/www.alquera.com\/en\/#\/schema\/logo\/image\/","url":"https:\/\/www.alquera.com\/wp-content\/uploads\/2020\/11\/logo_300_ancho.png","contentUrl":"https:\/\/www.alquera.com\/wp-content\/uploads\/2020\/11\/logo_300_ancho.png","width":300,"height":86,"caption":"ALQUERA CIENCIA SL"},"image":{"@id":"https:\/\/www.alquera.com\/en\/#\/schema\/logo\/image\/"},"sameAs":["https:\/\/www.facebook.com\/alqueraciencia","https:\/\/www.instagram.com\/alquera_ciencia\/","https:\/\/www.youtube.com\/c\/alquera"]}]}},"_links":{"self":[{"href":"https:\/\/www.alquera.com\/en\/wp-json\/wp\/v2\/pages\/9973","targetHints":{"allow":["GET"]}}],"collection":[{"href":"https:\/\/www.alquera.com\/en\/wp-json\/wp\/v2\/pages"}],"about":[{"href":"https:\/\/www.alquera.com\/en\/wp-json\/wp\/v2\/types\/page"}],"author":[{"embeddable":true,"href":"https:\/\/www.alquera.com\/en\/wp-json\/wp\/v2\/users\/1"}],"replies":[{"embeddable":true,"href":"https:\/\/www.alquera.com\/en\/wp-json\/wp\/v2\/comments?post=9973"}],"version-history":[{"count":11,"href":"https:\/\/www.alquera.com\/en\/wp-json\/wp\/v2\/pages\/9973\/revisions"}],"predecessor-version":[{"id":56847,"href":"https:\/\/www.alquera.com\/en\/wp-json\/wp\/v2\/pages\/9973\/revisions\/56847"}],"up":[{"embeddable":true,"href":"https:\/\/www.alquera.com\/en\/wp-json\/wp\/v2\/pages\/32595"}],"wp:attachment":[{"href":"https:\/\/www.alquera.com\/en\/wp-json\/wp\/v2\/media?parent=9973"}],"curies":[{"name":"wp","href":"https:\/\/api.w.org\/{rel}","templated":true}]}}